{"id":31836,"date":"2021-03-01T09:20:13","date_gmt":"2021-03-01T08:20:21","guid":{"rendered":"https:\/\/www.albyco.com\/?post_type=product&#038;p=31836"},"modified":"2022-01-13T10:58:51","modified_gmt":"2022-01-13T09:58:51","slug":"neolt-neofold-pl920-2","status":"publish","type":"product","link":"https:\/\/www.albyco.com\/fr\/produit\/neolt-neofold-pl920-2\/","title":{"rendered":"Neolt Neofold PL920"},"content":{"rendered":"De <strong>Neolt Neofold PL920<\/strong>, la plieuse automatique de plans est la derni\u00e8re g\u00e9n\u00e9ration de solutions de pliage professionnelles. Con\u00e7u pour r\u00e9pondre \u00e0 tous les besoins des bureaux de dessin, des centres de reprographie et d&#8217;impression \u00e0 domicile, pour tout type de volume de production. cartographie. Le Neofold PL920 est contr\u00f4l\u00e9 avec un \u00e9cran tactile intuitif pour une utilisation facile et polyvalente. Le syst\u00e8me ne consomme que 50 W et est si silencieux qu&#8217;il peut \u00e9galement \u00eatre install\u00e9 dans des bureaux et des studios techniques.\r\n\r\n<strong>Caract\u00e9ristiques<\/strong>\r\n&#8211; Abri\r\n&#8211; Rallonge de table d&#8217;alimentation papier (en option)\r\n&#8211; Equip\u00e9 d&#8217;un \u00e9cran tactile de 7 pouces\r\n&#8211; L&#8217;acc\u00e8s arri\u00e8re permet un acc\u00e8s facile au syst\u00e8me pour le nettoyage et la maintenance internes.\r\n&#8211; Option de d\u00e9marrage \u00e0 double pliage\r\n&#8211; Capteur de d\u00e9tection automatique de papier.\r\n&#8211; P\u00e9dale.","protected":false},"excerpt":{"rendered":"<p class=\"introProduit\">De <strong>Neolt Neofold PL920<\/strong>, la plieuse automatique de plans est la derni\u00e8re g\u00e9n\u00e9ration de solutions de pliage professionnelles.<\/p>\n","protected":false},"featured_media":31825,"comment_status":"closed","ping_status":"closed","template":"","meta":[],"product_cat":[2300,2781],"product_tag":[],"yoast_head":"<!-- This site is optimized with the Yoast SEO plugin v18.6 - https:\/\/yoast.com\/wordpress\/plugins\/seo\/ -->\n<title>Neolt Neofold PL920 - Albyco<\/title>\n<meta name=\"description\" content=\"De Neolt Neofold PL920, la plieuse automatique de plans est la derni\u00e8re g\u00e9n\u00e9ration de solutions de pliage professionnelles.\" \/>\n<meta name=\"robots\" content=\"index, follow, max-snippet:-1, max-image-preview:large, max-video-preview:-1\" \/>\n<link rel=\"canonical\" href=\"https:\/\/www.albyco.com\/fr\/produit\/neolt-neofold-pl920-2\/\" \/>\n<meta property=\"og:locale\" content=\"fr_FR\" \/>\n<meta property=\"og:type\" content=\"article\" \/>\n<meta property=\"og:title\" content=\"Neolt Neofold PL920 - Albyco\" \/>\n<meta property=\"og:description\" content=\"De Neolt Neofold PL920, la plieuse automatique de plans est la derni\u00e8re g\u00e9n\u00e9ration de solutions de pliage professionnelles.\" \/>\n<meta property=\"og:url\" content=\"https:\/\/www.albyco.com\/fr\/produit\/neolt-neofold-pl920-2\/\" \/>\n<meta property=\"og:site_name\" content=\"Albyco\" \/>\n<meta property=\"article:modified_time\" content=\"2022-01-13T09:58:51+00:00\" \/>\n<meta property=\"og:image\" content=\"https:\/\/www.albyco.com\/wp-content\/uploads\/2021\/02\/NEOFOLD-PL.jpg\" \/>\n\t<meta property=\"og:image:width\" content=\"1600\" \/>\n\t<meta property=\"og:image:height\" content=\"1200\" \/>\n\t<meta property=\"og:image:type\" content=\"image\/jpeg\" \/>\n<meta name=\"twitter:card\" content=\"summary\" \/>\n<meta name=\"twitter:site\" content=\"@AlbycoNederland\" \/>\n<meta name=\"twitter:label1\" content=\"Dur\u00e9e de lecture estim\u00e9e\" \/>\n\t<meta name=\"twitter:data1\" content=\"1 minute\" \/>\n<script type=\"application\/ld+json\" class=\"yoast-schema-graph\">{\"@context\":\"https:\/\/schema.org\",\"@graph\":[{\"@type\":\"Organization\",\"@id\":\"https:\/\/www.albyco.com\/#organization\",\"name\":\"Albyco Nederland B.V.\",\"url\":\"https:\/\/www.albyco.com\/\",\"sameAs\":[\"https:\/\/www.linkedin.com\/company\/18015670\/\",\"https:\/\/www.youtube.com\/user\/AlbycoNederland\",\"https:\/\/nl.pinterest.com\/albyco\",\"https:\/\/twitter.com\/AlbycoNederland\"],\"logo\":{\"@type\":\"ImageObject\",\"@id\":\"https:\/\/www.albyco.com\/#logo\",\"inLanguage\":\"fr-FR\",\"url\":\"https:\/\/www.albyco.com\/wp-content\/uploads\/2017\/07\/albyco_logo_hd.png\",\"contentUrl\":\"https:\/\/www.albyco.com\/wp-content\/uploads\/2017\/07\/albyco_logo_hd.png\",\"width\":300,\"height\":300,\"caption\":\"Albyco Nederland B.V.\"},\"image\":{\"@id\":\"https:\/\/www.albyco.com\/#logo\"}},{\"@type\":\"WebSite\",\"@id\":\"https:\/\/www.albyco.com\/#website\",\"url\":\"https:\/\/www.albyco.com\/\",\"name\":\"Albyco\",\"description\":\"Leverancier voor nabewerking van geprinte media\",\"publisher\":{\"@id\":\"https:\/\/www.albyco.com\/#organization\"},\"potentialAction\":[{\"@type\":\"SearchAction\",\"target\":{\"@type\":\"EntryPoint\",\"urlTemplate\":\"https:\/\/www.albyco.com\/?s={search_term_string}\"},\"query-input\":\"required name=search_term_string\"}],\"inLanguage\":\"fr-FR\"},{\"@type\":\"ImageObject\",\"@id\":\"https:\/\/www.albyco.com\/fr\/produit\/neolt-neofold-pl920-2\/#primaryimage\",\"inLanguage\":\"fr-FR\",\"url\":\"https:\/\/www.albyco.com\/wp-content\/uploads\/2021\/02\/NEOFOLD-PL.jpg\",\"contentUrl\":\"https:\/\/www.albyco.com\/wp-content\/uploads\/2021\/02\/NEOFOLD-PL.jpg\",\"width\":1600,\"height\":1200,\"caption\":\"Neolt NEOFOLD-PL, plieuse de plans\"},{\"@type\":\"WebPage\",\"@id\":\"https:\/\/www.albyco.com\/fr\/produit\/neolt-neofold-pl920-2\/#webpage\",\"url\":\"https:\/\/www.albyco.com\/fr\/produit\/neolt-neofold-pl920-2\/\",\"name\":\"Neolt Neofold PL920 - Albyco\",\"isPartOf\":{\"@id\":\"https:\/\/www.albyco.com\/#website\"},\"primaryImageOfPage\":{\"@id\":\"https:\/\/www.albyco.com\/fr\/produit\/neolt-neofold-pl920-2\/#primaryimage\"},\"datePublished\":\"2021-03-01T08:20:21+00:00\",\"dateModified\":\"2022-01-13T09:58:51+00:00\",\"description\":\"De Neolt Neofold PL920, la plieuse automatique de plans est la derni\u00e8re g\u00e9n\u00e9ration de solutions de pliage professionnelles.\",\"breadcrumb\":{\"@id\":\"https:\/\/www.albyco.com\/fr\/produit\/neolt-neofold-pl920-2\/#breadcrumb\"},\"inLanguage\":\"fr-FR\",\"potentialAction\":[{\"@type\":\"ReadAction\",\"target\":[\"https:\/\/www.albyco.com\/fr\/produit\/neolt-neofold-pl920-2\/\"]}]},{\"@type\":\"BreadcrumbList\",\"@id\":\"https:\/\/www.albyco.com\/fr\/produit\/neolt-neofold-pl920-2\/#breadcrumb\",\"itemListElement\":[{\"@type\":\"ListItem\",\"position\":1,\"name\":\"Home\",\"item\":\"https:\/\/www.albyco.com\/fr\/\"},{\"@type\":\"ListItem\",\"position\":2,\"name\":\"Les produits\",\"item\":\"https:\/\/www.albyco.com\/fr\/producten\/\"},{\"@type\":\"ListItem\",\"position\":3,\"name\":\"Neolt Neofold PL920\"}]}]}<\/script>\n<!-- \/ Yoast SEO plugin. -->","yoast_head_json":{"title":"Neolt Neofold PL920 - Albyco","description":"De Neolt Neofold PL920, la plieuse automatique de plans est la derni\u00e8re g\u00e9n\u00e9ration de solutions de pliage professionnelles.","robots":{"index":"index","follow":"follow","max-snippet":"max-snippet:-1","max-image-preview":"max-image-preview:large","max-video-preview":"max-video-preview:-1"},"canonical":"https:\/\/www.albyco.com\/fr\/produit\/neolt-neofold-pl920-2\/","og_locale":"fr_FR","og_type":"article","og_title":"Neolt Neofold PL920 - Albyco","og_description":"De Neolt Neofold PL920, la plieuse automatique de plans est la derni\u00e8re g\u00e9n\u00e9ration de solutions de pliage professionnelles.","og_url":"https:\/\/www.albyco.com\/fr\/produit\/neolt-neofold-pl920-2\/","og_site_name":"Albyco","article_modified_time":"2022-01-13T09:58:51+00:00","og_image":[{"width":1600,"height":1200,"url":"https:\/\/www.albyco.com\/wp-content\/uploads\/2021\/02\/NEOFOLD-PL.jpg","type":"image\/jpeg"}],"twitter_card":"summary","twitter_site":"@AlbycoNederland","twitter_misc":{"Dur\u00e9e de lecture estim\u00e9e":"1 minute"},"schema":{"@context":"https:\/\/schema.org","@graph":[{"@type":"Organization","@id":"https:\/\/www.albyco.com\/#organization","name":"Albyco Nederland B.V.","url":"https:\/\/www.albyco.com\/","sameAs":["https:\/\/www.linkedin.com\/company\/18015670\/","https:\/\/www.youtube.com\/user\/AlbycoNederland","https:\/\/nl.pinterest.com\/albyco","https:\/\/twitter.com\/AlbycoNederland"],"logo":{"@type":"ImageObject","@id":"https:\/\/www.albyco.com\/#logo","inLanguage":"fr-FR","url":"https:\/\/www.albyco.com\/wp-content\/uploads\/2017\/07\/albyco_logo_hd.png","contentUrl":"https:\/\/www.albyco.com\/wp-content\/uploads\/2017\/07\/albyco_logo_hd.png","width":300,"height":300,"caption":"Albyco Nederland B.V."},"image":{"@id":"https:\/\/www.albyco.com\/#logo"}},{"@type":"WebSite","@id":"https:\/\/www.albyco.com\/#website","url":"https:\/\/www.albyco.com\/","name":"Albyco","description":"Leverancier voor nabewerking van geprinte media","publisher":{"@id":"https:\/\/www.albyco.com\/#organization"},"potentialAction":[{"@type":"SearchAction","target":{"@type":"EntryPoint","urlTemplate":"https:\/\/www.albyco.com\/?s={search_term_string}"},"query-input":"required name=search_term_string"}],"inLanguage":"fr-FR"},{"@type":"ImageObject","@id":"https:\/\/www.albyco.com\/fr\/produit\/neolt-neofold-pl920-2\/#primaryimage","inLanguage":"fr-FR","url":"https:\/\/www.albyco.com\/wp-content\/uploads\/2021\/02\/NEOFOLD-PL.jpg","contentUrl":"https:\/\/www.albyco.com\/wp-content\/uploads\/2021\/02\/NEOFOLD-PL.jpg","width":1600,"height":1200,"caption":"Neolt NEOFOLD-PL, plieuse de plans"},{"@type":"WebPage","@id":"https:\/\/www.albyco.com\/fr\/produit\/neolt-neofold-pl920-2\/#webpage","url":"https:\/\/www.albyco.com\/fr\/produit\/neolt-neofold-pl920-2\/","name":"Neolt Neofold PL920 - Albyco","isPartOf":{"@id":"https:\/\/www.albyco.com\/#website"},"primaryImageOfPage":{"@id":"https:\/\/www.albyco.com\/fr\/produit\/neolt-neofold-pl920-2\/#primaryimage"},"datePublished":"2021-03-01T08:20:21+00:00","dateModified":"2022-01-13T09:58:51+00:00","description":"De Neolt Neofold PL920, la plieuse automatique de plans est la derni\u00e8re g\u00e9n\u00e9ration de solutions de pliage professionnelles.","breadcrumb":{"@id":"https:\/\/www.albyco.com\/fr\/produit\/neolt-neofold-pl920-2\/#breadcrumb"},"inLanguage":"fr-FR","potentialAction":[{"@type":"ReadAction","target":["https:\/\/www.albyco.com\/fr\/produit\/neolt-neofold-pl920-2\/"]}]},{"@type":"BreadcrumbList","@id":"https:\/\/www.albyco.com\/fr\/produit\/neolt-neofold-pl920-2\/#breadcrumb","itemListElement":[{"@type":"ListItem","position":1,"name":"Home","item":"https:\/\/www.albyco.com\/fr\/"},{"@type":"ListItem","position":2,"name":"Les produits","item":"https:\/\/www.albyco.com\/fr\/producten\/"},{"@type":"ListItem","position":3,"name":"Neolt Neofold PL920"}]}]}},"_links":{"self":[{"href":"https:\/\/www.albyco.com\/fr\/wp-json\/wp\/v2\/product\/31836"}],"collection":[{"href":"https:\/\/www.albyco.com\/fr\/wp-json\/wp\/v2\/product"}],"about":[{"href":"https:\/\/www.albyco.com\/fr\/wp-json\/wp\/v2\/types\/product"}],"replies":[{"embeddable":true,"href":"https:\/\/www.albyco.com\/fr\/wp-json\/wp\/v2\/comments?post=31836"}],"wp:featuredmedia":[{"embeddable":true,"href":"https:\/\/www.albyco.com\/fr\/wp-json\/wp\/v2\/media\/31825"}],"wp:attachment":[{"href":"https:\/\/www.albyco.com\/fr\/wp-json\/wp\/v2\/media?parent=31836"}],"wp:term":[{"taxonomy":"product_cat","embeddable":true,"href":"https:\/\/www.albyco.com\/fr\/wp-json\/wp\/v2\/product_cat?post=31836"},{"taxonomy":"product_tag","embeddable":true,"href":"https:\/\/www.albyco.com\/fr\/wp-json\/wp\/v2\/product_tag?post=31836"}],"curies":[{"name":"wp","href":"https:\/\/api.w.org\/{rel}","templated":true}]}}