{"id":31822,"date":"2021-02-26T09:46:31","date_gmt":"2021-02-26T08:46:39","guid":{"rendered":"https:\/\/www.albyco.com\/?post_type=product&#038;p=31822"},"modified":"2021-07-12T11:13:47","modified_gmt":"2021-07-12T09:13:47","slug":"neolt-neofold-pl1100-plieuse-automatique-de-plans","status":"publish","type":"product","link":"https:\/\/www.albyco.com\/fr\/produit\/neolt-neofold-pl1100-plieuse-automatique-de-plans\/","title":{"rendered":"Neolt Neofold PL1100, plieuse automatique de plans"},"content":{"rendered":"<table style=\"width: 660px;\" border=\"0\">\r\n<tbody>\r\n<tr>\r\n<td style=\"width: 328px;\">La plieuse automatique de plans Neolt Neofold PL1100 est la derni\u00e8re g\u00e9n\u00e9ration de solutions de pliage professionnelles. Con\u00e7u pour r\u00e9pondre \u00e0 tous les besoins des bureaux de dessin, des centres de reprographie et d\u2019impression internes, pour tout type de volume de production. Le fonctionnement silencieux et la compacit\u00e9 extraordinaires, combin\u00e9s \u00e0 la construction solide, au beau design et \u00e0 la capacit\u00e9 de g\u00e9rer le papier le plus populaire tailles, font du NeoFold PL le compl\u00e9ment parfait \u00e0 toute imprimante \u00e0 toner et \u00e0 jet d\u2019encre pour la CAO et la cartographie. Le Neofold PL1100 est contr\u00f4l\u00e9 avec un \u00e9cran tactile intuitif pour une utilisation facile et polyvalente. Le syst\u00e8me ne consomme que 50 W et est si silencieux qu\u2019il peut \u00e9galement \u00eatre install\u00e9 dans des bureaux et des studios techniques.<\/td>\r\n<td style=\"width: 332px; background-color: #ffffff; text-align: center;\"><div class=\"epyt-video-wrapper\"><iframe  id=\"_ytid_45000\"  width=\"800\" height=\"450\"  data-origwidth=\"800\" data-origheight=\"450\"  data-relstop=\"1\" src=\"https:\/\/www.youtube.com\/embed\/dcA8-gCS8cA?enablejsapi=1&autoplay=0&cc_load_policy=0&iv_load_policy=1&loop=0&modestbranding=0&fs=1&playsinline=1&controls=1&color=red&cc_lang_pref=&rel=0&autohide=2&theme=dark&\" class=\"__youtube_prefs__  no-lazyload\" title=\"YouTube player\"  allow=\"accelerometer; autoplay; clipboard-write; encrypted-media; gyroscope; picture-in-picture\" allowfullscreen data-no-lazy=\"1\" data-skipgform_ajax_framebjll=\"\"><\/iframe><\/div><\/td>\r\n<\/tr>\r\n<tr>\r\n<td style=\"width: 328px;\"><\/td>\r\n<td style=\"width: 332px;\"><\/td>\r\n<\/tr>\r\n<\/tbody>\r\n<\/table>\r\n<table class=\"caracTable\" border=\"0\">\r\n<tbody>\r\n<tr class=\"bgGray\">\r\n<td class=\"boldTd\"><strong>Caract\u00e9ristiques<\/strong><\/td>\r\n<\/tr>\r\n<tr>\r\n<td class=\"boldTd\">\u2022 Bac de r\u00e9cup\u00e9ration<\/td>\r\n<\/tr>\r\n<tr class=\"bgGray\">\r\n<td class=\"boldTd\">\u2022 Alimentation papier Rallonge de table (en option)<\/td>\r\n<\/tr>\r\n<tr>\r\n<td class=\"boldTd\">\u2022 \u00c9quip\u00e9 d\u2019un \u00e9cran tactile de 7 pouces<\/td>\r\n<\/tr>\r\n<tr class=\"bgGray\">\r\n<td class=\"boldTd\">\u2022 L\u2019acc\u00e8s arri\u00e8re permet un acc\u00e8s facile au syst\u00e8me pour le nettoyage et la maintenance internes.<\/td>\r\n<\/tr>\r\n<tr>\r\n<td class=\"boldTd\">\u2022 Possibilit\u00e9 de d\u00e9but de pliage double<\/td>\r\n<\/tr>\r\n<tr class=\"bgGray\">\r\n<td class=\"boldTd\">\u2022 Capteur de d\u00e9tection automatique du papier<\/td>\r\n<\/tr>\r\n<tr>\r\n<td>\u2022 P\u00e9dale<\/td>\r\n<\/tr>\r\n<\/tbody>\r\n<\/table>\r\n<table border=\"0\">\r\n<tbody>\r\n<tr>\r\n<td><strong>Neolt NeoFold PL 1100<\/strong><\/td>\r\n<\/tr>\r\n<tr>\r\n<td>Largeur du papier<\/td>\r\n<td>1100 mm<\/td>\r\n<\/tr>\r\n<tr>\r\n<td>Pli crois\u00e9<\/td>\r\n<td>Max. A0<\/td>\r\n<\/tr>\r\n<tr>\r\n<td>Vitesse de traitement<\/td>\r\n<td>10 m\/min<\/td>\r\n<\/tr>\r\n<tr>\r\n<td>Max. longueur du papier<\/td>\r\n<td>2,5 m<\/td>\r\n<\/tr>\r\n<tr>\r\n<td>Grammages du papier<\/td>\r\n<td>60-110 gsm<\/td>\r\n<\/tr>\r\n<tr>\r\n<td>Vitesse de pliage<\/td>\r\n<td>20 m\/min.<\/td>\r\n<\/tr>\r\n<tr>\r\n<td>Connexion \u00e9lectrique<\/td>\r\n<td>230 V \u2013 50\/60 Hz\/50W<\/td>\r\n<\/tr>\r\n<tr>\r\n<td>Dimensions<\/td>\r\n<td class=\"td1\" valign=\"top\">\r\n<p class=\"p1\">b134 x d100 x h31<\/p>\r\n<\/td>\r\n<\/tr>\r\n<tr>\r\n<td>Poids de la machine<\/td>\r\n<td>58 kg<\/td>\r\n<\/tr>\r\n<\/tbody>\r\n<\/table>\n<br \/>","protected":false},"excerpt":{"rendered":"<p>La plieuse automatique de plans\u00a0<strong>Neolt Neofold PL1100<\/strong>\u00a0est la derni\u00e8re g\u00e9n\u00e9ration de solutions de pliage professionnelles.<\/p>\n","protected":false},"featured_media":31825,"comment_status":"closed","ping_status":"closed","template":"","meta":[],"product_cat":[2300,2781],"product_tag":[],"yoast_head":"<!-- This site is optimized with the Yoast SEO plugin v18.6 - https:\/\/yoast.com\/wordpress\/plugins\/seo\/ -->\n<title>Neolt Neofold PL1100, plieuse automatique de plans - Albyco<\/title>\n<meta name=\"description\" content=\"La plieuse automatique de plans\u00a0Neolt Neofold PL1100\u00a0est la derni\u00e8re g\u00e9n\u00e9ration de solutions de pliage professionnelles.\" \/>\n<meta name=\"robots\" content=\"index, follow, max-snippet:-1, max-image-preview:large, max-video-preview:-1\" \/>\n<link rel=\"canonical\" href=\"https:\/\/www.albyco.com\/fr\/produit\/neolt-neofold-pl1100-plieuse-automatique-de-plans\/\" \/>\n<meta property=\"og:locale\" content=\"fr_FR\" \/>\n<meta property=\"og:type\" content=\"article\" \/>\n<meta property=\"og:title\" content=\"Neolt Neofold PL1100, plieuse automatique de plans - Albyco\" \/>\n<meta property=\"og:description\" content=\"La plieuse automatique de plans\u00a0Neolt Neofold PL1100\u00a0est la derni\u00e8re g\u00e9n\u00e9ration de solutions de pliage professionnelles.\" \/>\n<meta property=\"og:url\" content=\"https:\/\/www.albyco.com\/fr\/produit\/neolt-neofold-pl1100-plieuse-automatique-de-plans\/\" \/>\n<meta property=\"og:site_name\" content=\"Albyco\" \/>\n<meta property=\"article:modified_time\" content=\"2021-07-12T09:13:47+00:00\" \/>\n<meta property=\"og:image\" content=\"https:\/\/www.albyco.com\/wp-content\/uploads\/2021\/02\/NEOFOLD-PL.jpg\" \/>\n\t<meta property=\"og:image:width\" content=\"1600\" \/>\n\t<meta property=\"og:image:height\" content=\"1200\" \/>\n\t<meta property=\"og:image:type\" content=\"image\/jpeg\" \/>\n<meta name=\"twitter:card\" content=\"summary\" \/>\n<meta name=\"twitter:site\" content=\"@AlbycoNederland\" \/>\n<meta name=\"twitter:label1\" content=\"Dur\u00e9e de lecture estim\u00e9e\" \/>\n\t<meta name=\"twitter:data1\" content=\"1 minute\" \/>\n<script type=\"application\/ld+json\" class=\"yoast-schema-graph\">{\"@context\":\"https:\/\/schema.org\",\"@graph\":[{\"@type\":\"Organization\",\"@id\":\"https:\/\/www.albyco.com\/#organization\",\"name\":\"Albyco Nederland B.V.\",\"url\":\"https:\/\/www.albyco.com\/\",\"sameAs\":[\"https:\/\/www.linkedin.com\/company\/18015670\/\",\"https:\/\/www.youtube.com\/user\/AlbycoNederland\",\"https:\/\/nl.pinterest.com\/albyco\",\"https:\/\/twitter.com\/AlbycoNederland\"],\"logo\":{\"@type\":\"ImageObject\",\"@id\":\"https:\/\/www.albyco.com\/#logo\",\"inLanguage\":\"fr-FR\",\"url\":\"https:\/\/www.albyco.com\/wp-content\/uploads\/2017\/07\/albyco_logo_hd.png\",\"contentUrl\":\"https:\/\/www.albyco.com\/wp-content\/uploads\/2017\/07\/albyco_logo_hd.png\",\"width\":300,\"height\":300,\"caption\":\"Albyco Nederland B.V.\"},\"image\":{\"@id\":\"https:\/\/www.albyco.com\/#logo\"}},{\"@type\":\"WebSite\",\"@id\":\"https:\/\/www.albyco.com\/#website\",\"url\":\"https:\/\/www.albyco.com\/\",\"name\":\"Albyco\",\"description\":\"Leverancier voor nabewerking van geprinte media\",\"publisher\":{\"@id\":\"https:\/\/www.albyco.com\/#organization\"},\"potentialAction\":[{\"@type\":\"SearchAction\",\"target\":{\"@type\":\"EntryPoint\",\"urlTemplate\":\"https:\/\/www.albyco.com\/?s={search_term_string}\"},\"query-input\":\"required name=search_term_string\"}],\"inLanguage\":\"fr-FR\"},{\"@type\":\"ImageObject\",\"@id\":\"https:\/\/www.albyco.com\/fr\/produit\/neolt-neofold-pl1100-plieuse-automatique-de-plans\/#primaryimage\",\"inLanguage\":\"fr-FR\",\"url\":\"https:\/\/www.albyco.com\/wp-content\/uploads\/2021\/02\/NEOFOLD-PL.jpg\",\"contentUrl\":\"https:\/\/www.albyco.com\/wp-content\/uploads\/2021\/02\/NEOFOLD-PL.jpg\",\"width\":1600,\"height\":1200,\"caption\":\"Neolt NEOFOLD-PL, plieuse de plans\"},{\"@type\":\"WebPage\",\"@id\":\"https:\/\/www.albyco.com\/fr\/produit\/neolt-neofold-pl1100-plieuse-automatique-de-plans\/#webpage\",\"url\":\"https:\/\/www.albyco.com\/fr\/produit\/neolt-neofold-pl1100-plieuse-automatique-de-plans\/\",\"name\":\"Neolt Neofold PL1100, plieuse automatique de plans - Albyco\",\"isPartOf\":{\"@id\":\"https:\/\/www.albyco.com\/#website\"},\"primaryImageOfPage\":{\"@id\":\"https:\/\/www.albyco.com\/fr\/produit\/neolt-neofold-pl1100-plieuse-automatique-de-plans\/#primaryimage\"},\"datePublished\":\"2021-02-26T08:46:39+00:00\",\"dateModified\":\"2021-07-12T09:13:47+00:00\",\"description\":\"La plieuse automatique de plans\u00a0Neolt Neofold PL1100\u00a0est la derni\u00e8re g\u00e9n\u00e9ration de solutions de pliage professionnelles.\",\"breadcrumb\":{\"@id\":\"https:\/\/www.albyco.com\/fr\/produit\/neolt-neofold-pl1100-plieuse-automatique-de-plans\/#breadcrumb\"},\"inLanguage\":\"fr-FR\",\"potentialAction\":[{\"@type\":\"ReadAction\",\"target\":[\"https:\/\/www.albyco.com\/fr\/produit\/neolt-neofold-pl1100-plieuse-automatique-de-plans\/\"]}]},{\"@type\":\"BreadcrumbList\",\"@id\":\"https:\/\/www.albyco.com\/fr\/produit\/neolt-neofold-pl1100-plieuse-automatique-de-plans\/#breadcrumb\",\"itemListElement\":[{\"@type\":\"ListItem\",\"position\":1,\"name\":\"Home\",\"item\":\"https:\/\/www.albyco.com\/fr\/\"},{\"@type\":\"ListItem\",\"position\":2,\"name\":\"Les produits\",\"item\":\"https:\/\/www.albyco.com\/fr\/producten\/\"},{\"@type\":\"ListItem\",\"position\":3,\"name\":\"Neolt Neofold PL1100, plieuse automatique de plans\"}]}]}<\/script>\n<!-- \/ Yoast SEO plugin. -->","yoast_head_json":{"title":"Neolt Neofold PL1100, plieuse automatique de plans - Albyco","description":"La plieuse automatique de plans\u00a0Neolt Neofold PL1100\u00a0est la derni\u00e8re g\u00e9n\u00e9ration de solutions de pliage professionnelles.","robots":{"index":"index","follow":"follow","max-snippet":"max-snippet:-1","max-image-preview":"max-image-preview:large","max-video-preview":"max-video-preview:-1"},"canonical":"https:\/\/www.albyco.com\/fr\/produit\/neolt-neofold-pl1100-plieuse-automatique-de-plans\/","og_locale":"fr_FR","og_type":"article","og_title":"Neolt Neofold PL1100, plieuse automatique de plans - Albyco","og_description":"La plieuse automatique de plans\u00a0Neolt Neofold PL1100\u00a0est la derni\u00e8re g\u00e9n\u00e9ration de solutions de pliage professionnelles.","og_url":"https:\/\/www.albyco.com\/fr\/produit\/neolt-neofold-pl1100-plieuse-automatique-de-plans\/","og_site_name":"Albyco","article_modified_time":"2021-07-12T09:13:47+00:00","og_image":[{"width":1600,"height":1200,"url":"https:\/\/www.albyco.com\/wp-content\/uploads\/2021\/02\/NEOFOLD-PL.jpg","type":"image\/jpeg"}],"twitter_card":"summary","twitter_site":"@AlbycoNederland","twitter_misc":{"Dur\u00e9e de lecture estim\u00e9e":"1 minute"},"schema":{"@context":"https:\/\/schema.org","@graph":[{"@type":"Organization","@id":"https:\/\/www.albyco.com\/#organization","name":"Albyco Nederland B.V.","url":"https:\/\/www.albyco.com\/","sameAs":["https:\/\/www.linkedin.com\/company\/18015670\/","https:\/\/www.youtube.com\/user\/AlbycoNederland","https:\/\/nl.pinterest.com\/albyco","https:\/\/twitter.com\/AlbycoNederland"],"logo":{"@type":"ImageObject","@id":"https:\/\/www.albyco.com\/#logo","inLanguage":"fr-FR","url":"https:\/\/www.albyco.com\/wp-content\/uploads\/2017\/07\/albyco_logo_hd.png","contentUrl":"https:\/\/www.albyco.com\/wp-content\/uploads\/2017\/07\/albyco_logo_hd.png","width":300,"height":300,"caption":"Albyco Nederland B.V."},"image":{"@id":"https:\/\/www.albyco.com\/#logo"}},{"@type":"WebSite","@id":"https:\/\/www.albyco.com\/#website","url":"https:\/\/www.albyco.com\/","name":"Albyco","description":"Leverancier voor nabewerking van geprinte media","publisher":{"@id":"https:\/\/www.albyco.com\/#organization"},"potentialAction":[{"@type":"SearchAction","target":{"@type":"EntryPoint","urlTemplate":"https:\/\/www.albyco.com\/?s={search_term_string}"},"query-input":"required name=search_term_string"}],"inLanguage":"fr-FR"},{"@type":"ImageObject","@id":"https:\/\/www.albyco.com\/fr\/produit\/neolt-neofold-pl1100-plieuse-automatique-de-plans\/#primaryimage","inLanguage":"fr-FR","url":"https:\/\/www.albyco.com\/wp-content\/uploads\/2021\/02\/NEOFOLD-PL.jpg","contentUrl":"https:\/\/www.albyco.com\/wp-content\/uploads\/2021\/02\/NEOFOLD-PL.jpg","width":1600,"height":1200,"caption":"Neolt NEOFOLD-PL, plieuse de plans"},{"@type":"WebPage","@id":"https:\/\/www.albyco.com\/fr\/produit\/neolt-neofold-pl1100-plieuse-automatique-de-plans\/#webpage","url":"https:\/\/www.albyco.com\/fr\/produit\/neolt-neofold-pl1100-plieuse-automatique-de-plans\/","name":"Neolt Neofold PL1100, plieuse automatique de plans - Albyco","isPartOf":{"@id":"https:\/\/www.albyco.com\/#website"},"primaryImageOfPage":{"@id":"https:\/\/www.albyco.com\/fr\/produit\/neolt-neofold-pl1100-plieuse-automatique-de-plans\/#primaryimage"},"datePublished":"2021-02-26T08:46:39+00:00","dateModified":"2021-07-12T09:13:47+00:00","description":"La plieuse automatique de plans\u00a0Neolt Neofold PL1100\u00a0est la derni\u00e8re g\u00e9n\u00e9ration de solutions de pliage professionnelles.","breadcrumb":{"@id":"https:\/\/www.albyco.com\/fr\/produit\/neolt-neofold-pl1100-plieuse-automatique-de-plans\/#breadcrumb"},"inLanguage":"fr-FR","potentialAction":[{"@type":"ReadAction","target":["https:\/\/www.albyco.com\/fr\/produit\/neolt-neofold-pl1100-plieuse-automatique-de-plans\/"]}]},{"@type":"BreadcrumbList","@id":"https:\/\/www.albyco.com\/fr\/produit\/neolt-neofold-pl1100-plieuse-automatique-de-plans\/#breadcrumb","itemListElement":[{"@type":"ListItem","position":1,"name":"Home","item":"https:\/\/www.albyco.com\/fr\/"},{"@type":"ListItem","position":2,"name":"Les produits","item":"https:\/\/www.albyco.com\/fr\/producten\/"},{"@type":"ListItem","position":3,"name":"Neolt Neofold PL1100, plieuse automatique de plans"}]}]}},"_links":{"self":[{"href":"https:\/\/www.albyco.com\/fr\/wp-json\/wp\/v2\/product\/31822"}],"collection":[{"href":"https:\/\/www.albyco.com\/fr\/wp-json\/wp\/v2\/product"}],"about":[{"href":"https:\/\/www.albyco.com\/fr\/wp-json\/wp\/v2\/types\/product"}],"replies":[{"embeddable":true,"href":"https:\/\/www.albyco.com\/fr\/wp-json\/wp\/v2\/comments?post=31822"}],"wp:featuredmedia":[{"embeddable":true,"href":"https:\/\/www.albyco.com\/fr\/wp-json\/wp\/v2\/media\/31825"}],"wp:attachment":[{"href":"https:\/\/www.albyco.com\/fr\/wp-json\/wp\/v2\/media?parent=31822"}],"wp:term":[{"taxonomy":"product_cat","embeddable":true,"href":"https:\/\/www.albyco.com\/fr\/wp-json\/wp\/v2\/product_cat?post=31822"},{"taxonomy":"product_tag","embeddable":true,"href":"https:\/\/www.albyco.com\/fr\/wp-json\/wp\/v2\/product_tag?post=31822"}],"curies":[{"name":"wp","href":"https:\/\/api.w.org\/{rel}","templated":true}]}}