{"id":31567,"date":"2021-02-10T11:34:44","date_gmt":"2021-02-10T10:34:51","guid":{"rendered":"https:\/\/www.albyco.com\/?post_type=product&#038;p=31567"},"modified":"2021-07-13T10:18:41","modified_gmt":"2021-07-13T08:18:41","slug":"cyklos-ccr40-machine-arrondisseurs-dangles-manuellement","status":"publish","type":"product","link":"https:\/\/www.albyco.com\/fr\/produit\/cyklos-ccr40-machine-arrondisseurs-dangles-manuellement\/","title":{"rendered":"Arrondisseur d&#8217;Angle CCR40"},"content":{"rendered":"<table style=\"width: 100%; border-collapse: collapse;\" border=\"0\">\r\n<tbody>\r\n<tr>\r\n<td style=\"width: 50%;\">\n\nL&#8217;arrondisseur d&#8217;angle <strong>CCR-40<\/strong> est un mod\u00e8le professionnel qui a \u00e9t\u00e9 sp\u00e9cialement \u00e9tudi\u00e9 pour faciliter le travail de l&#8217;op\u00e9rateur.\r\n\r\nLes guides sont tr\u00e8s facilement ajustables gr\u00e2ce \u00e0 des molettes \u00e0 r\u00e9glage progressif avec verrouillage.\r\n\r\nLa grande table de travail permet de positionner les feuilles de papier avec pr\u00e9cision.\r\n\r\nLe syst\u00e8me de coupe en ciseaux avec contre-lame en acier permet de r\u00e9aliser des d\u00e9coupes nettes et pr\u00e9cises.\r\n\r\nUn grand tiroir r\u00e9colte les rognures de coupe pour que le plan de travail reste propre.<\/td>\r\n<td style=\"width: 50%;\"><div class=\"epyt-video-wrapper\"><iframe  id=\"_ytid_87627\"  width=\"800\" height=\"450\"  data-origwidth=\"800\" data-origheight=\"450\"  data-relstop=\"1\" src=\"https:\/\/www.youtube.com\/embed\/wvaSv90F4r4?enablejsapi=1&autoplay=0&cc_load_policy=0&iv_load_policy=1&loop=0&modestbranding=0&fs=1&playsinline=1&controls=1&color=red&cc_lang_pref=&rel=0&autohide=2&theme=dark&\" class=\"__youtube_prefs__  no-lazyload\" title=\"YouTube player\"  allow=\"accelerometer; autoplay; clipboard-write; encrypted-media; gyroscope; picture-in-picture\" allowfullscreen data-no-lazy=\"1\" data-skipgform_ajax_framebjll=\"\"><\/iframe><\/div><\/td>\r\n<\/tr>\r\n<\/tbody>\r\n<\/table>\r\n<a href=\"https:\/\/www.albyco.com\/fr\/contactez-nous\/\"><img loading=\"lazy\" class=\"size-full wp-image-11223 alignleft\" src=\"https:\/\/www.albyco.com\/wp-content\/uploads\/2018\/02\/CTA-Albyco-fr-2.jpg\" alt=\"\" width=\"225\" height=\"141\" srcset=\"https:\/\/www.albyco.com\/wp-content\/uploads\/2018\/02\/CTA-Albyco-fr-2.jpg 225w, https:\/\/www.albyco.com\/wp-content\/uploads\/2018\/02\/CTA-Albyco-fr-2-100x63.jpg 100w, https:\/\/www.albyco.com\/wp-content\/uploads\/2018\/02\/CTA-Albyco-fr-2-24x15.jpg 24w, https:\/\/www.albyco.com\/wp-content\/uploads\/2018\/02\/CTA-Albyco-fr-2-36x23.jpg 36w, https:\/\/www.albyco.com\/wp-content\/uploads\/2018\/02\/CTA-Albyco-fr-2-48x30.jpg 48w\" sizes=\"(max-width: 225px) 100vw, 225px\" \/><\/a>","protected":false},"excerpt":{"rendered":"<p>Cyklos CCR40, machine arrondisseurs d`angles manuellement<\/p>\n","protected":false},"featured_media":31570,"comment_status":"open","ping_status":"closed","template":"","meta":[],"product_cat":[2300,2301,2785],"product_tag":[2786,2787,2788,3112,2745],"yoast_head":"<!-- This site is optimized with the Yoast SEO plugin v18.6 - https:\/\/yoast.com\/wordpress\/plugins\/seo\/ -->\n<title>Arrondisseur d&#039;Angle CCR40 - Albyco<\/title>\n<meta name=\"description\" content=\"Cyklos CCR40, machine arrondisseurs d`angles manuellement\" \/>\n<meta name=\"robots\" content=\"index, follow, max-snippet:-1, max-image-preview:large, max-video-preview:-1\" \/>\n<link rel=\"canonical\" href=\"https:\/\/www.albyco.com\/fr\/produit\/cyklos-ccr40-machine-arrondisseurs-dangles-manuellement\/\" \/>\n<meta property=\"og:locale\" content=\"fr_FR\" \/>\n<meta property=\"og:type\" content=\"article\" \/>\n<meta property=\"og:title\" content=\"Arrondisseur d&#039;Angle CCR40 - Albyco\" \/>\n<meta property=\"og:description\" content=\"Cyklos CCR40, machine arrondisseurs d`angles manuellement\" \/>\n<meta property=\"og:url\" content=\"https:\/\/www.albyco.com\/fr\/produit\/cyklos-ccr40-machine-arrondisseurs-dangles-manuellement\/\" \/>\n<meta property=\"og:site_name\" content=\"Albyco\" \/>\n<meta property=\"article:modified_time\" content=\"2021-07-13T08:18:41+00:00\" \/>\n<meta property=\"og:image\" content=\"https:\/\/www.albyco.com\/wp-content\/uploads\/2021\/02\/Cyklos-Corner-Rounder-CCR-40.jpg\" \/>\n\t<meta property=\"og:image:width\" content=\"436\" \/>\n\t<meta property=\"og:image:height\" content=\"650\" \/>\n\t<meta property=\"og:image:type\" content=\"image\/jpeg\" \/>\n<meta name=\"twitter:card\" content=\"summary\" \/>\n<meta name=\"twitter:site\" content=\"@AlbycoNederland\" \/>\n<meta name=\"twitter:label1\" content=\"Dur\u00e9e de lecture estim\u00e9e\" \/>\n\t<meta name=\"twitter:data1\" content=\"1 minute\" \/>\n<script type=\"application\/ld+json\" class=\"yoast-schema-graph\">{\"@context\":\"https:\/\/schema.org\",\"@graph\":[{\"@type\":\"Organization\",\"@id\":\"https:\/\/www.albyco.com\/#organization\",\"name\":\"Albyco Nederland B.V.\",\"url\":\"https:\/\/www.albyco.com\/\",\"sameAs\":[\"https:\/\/www.linkedin.com\/company\/18015670\/\",\"https:\/\/www.youtube.com\/user\/AlbycoNederland\",\"https:\/\/nl.pinterest.com\/albyco\",\"https:\/\/twitter.com\/AlbycoNederland\"],\"logo\":{\"@type\":\"ImageObject\",\"@id\":\"https:\/\/www.albyco.com\/#logo\",\"inLanguage\":\"fr-FR\",\"url\":\"https:\/\/www.albyco.com\/wp-content\/uploads\/2017\/07\/albyco_logo_hd.png\",\"contentUrl\":\"https:\/\/www.albyco.com\/wp-content\/uploads\/2017\/07\/albyco_logo_hd.png\",\"width\":300,\"height\":300,\"caption\":\"Albyco Nederland B.V.\"},\"image\":{\"@id\":\"https:\/\/www.albyco.com\/#logo\"}},{\"@type\":\"WebSite\",\"@id\":\"https:\/\/www.albyco.com\/#website\",\"url\":\"https:\/\/www.albyco.com\/\",\"name\":\"Albyco\",\"description\":\"Leverancier voor nabewerking van geprinte media\",\"publisher\":{\"@id\":\"https:\/\/www.albyco.com\/#organization\"},\"potentialAction\":[{\"@type\":\"SearchAction\",\"target\":{\"@type\":\"EntryPoint\",\"urlTemplate\":\"https:\/\/www.albyco.com\/?s={search_term_string}\"},\"query-input\":\"required name=search_term_string\"}],\"inLanguage\":\"fr-FR\"},{\"@type\":\"ImageObject\",\"@id\":\"https:\/\/www.albyco.com\/fr\/produit\/cyklos-ccr40-machine-arrondisseurs-dangles-manuellement\/#primaryimage\",\"inLanguage\":\"fr-FR\",\"url\":\"https:\/\/www.albyco.com\/wp-content\/uploads\/2021\/02\/Cyklos-Corner-Rounder-CCR-40.jpg\",\"contentUrl\":\"https:\/\/www.albyco.com\/wp-content\/uploads\/2021\/02\/Cyklos-Corner-Rounder-CCR-40.jpg\",\"width\":436,\"height\":650,\"caption\":\"Cyklos CCR40, machine arrondisseurs d`angles manuellement\"},{\"@type\":\"WebPage\",\"@id\":\"https:\/\/www.albyco.com\/fr\/produit\/cyklos-ccr40-machine-arrondisseurs-dangles-manuellement\/#webpage\",\"url\":\"https:\/\/www.albyco.com\/fr\/produit\/cyklos-ccr40-machine-arrondisseurs-dangles-manuellement\/\",\"name\":\"Arrondisseur d'Angle CCR40 - Albyco\",\"isPartOf\":{\"@id\":\"https:\/\/www.albyco.com\/#website\"},\"primaryImageOfPage\":{\"@id\":\"https:\/\/www.albyco.com\/fr\/produit\/cyklos-ccr40-machine-arrondisseurs-dangles-manuellement\/#primaryimage\"},\"datePublished\":\"2021-02-10T10:34:51+00:00\",\"dateModified\":\"2021-07-13T08:18:41+00:00\",\"description\":\"Cyklos CCR40, machine arrondisseurs d`angles manuellement\",\"breadcrumb\":{\"@id\":\"https:\/\/www.albyco.com\/fr\/produit\/cyklos-ccr40-machine-arrondisseurs-dangles-manuellement\/#breadcrumb\"},\"inLanguage\":\"fr-FR\",\"potentialAction\":[{\"@type\":\"ReadAction\",\"target\":[\"https:\/\/www.albyco.com\/fr\/produit\/cyklos-ccr40-machine-arrondisseurs-dangles-manuellement\/\"]}]},{\"@type\":\"BreadcrumbList\",\"@id\":\"https:\/\/www.albyco.com\/fr\/produit\/cyklos-ccr40-machine-arrondisseurs-dangles-manuellement\/#breadcrumb\",\"itemListElement\":[{\"@type\":\"ListItem\",\"position\":1,\"name\":\"Home\",\"item\":\"https:\/\/www.albyco.com\/fr\/\"},{\"@type\":\"ListItem\",\"position\":2,\"name\":\"Les produits\",\"item\":\"https:\/\/www.albyco.com\/fr\/producten\/\"},{\"@type\":\"ListItem\",\"position\":3,\"name\":\"Arrondisseur d&#8217;Angle CCR40\"}]}]}<\/script>\n<!-- \/ Yoast SEO plugin. -->","yoast_head_json":{"title":"Arrondisseur d'Angle CCR40 - Albyco","description":"Cyklos CCR40, machine arrondisseurs d`angles manuellement","robots":{"index":"index","follow":"follow","max-snippet":"max-snippet:-1","max-image-preview":"max-image-preview:large","max-video-preview":"max-video-preview:-1"},"canonical":"https:\/\/www.albyco.com\/fr\/produit\/cyklos-ccr40-machine-arrondisseurs-dangles-manuellement\/","og_locale":"fr_FR","og_type":"article","og_title":"Arrondisseur d'Angle CCR40 - Albyco","og_description":"Cyklos CCR40, machine arrondisseurs d`angles manuellement","og_url":"https:\/\/www.albyco.com\/fr\/produit\/cyklos-ccr40-machine-arrondisseurs-dangles-manuellement\/","og_site_name":"Albyco","article_modified_time":"2021-07-13T08:18:41+00:00","og_image":[{"width":436,"height":650,"url":"https:\/\/www.albyco.com\/wp-content\/uploads\/2021\/02\/Cyklos-Corner-Rounder-CCR-40.jpg","type":"image\/jpeg"}],"twitter_card":"summary","twitter_site":"@AlbycoNederland","twitter_misc":{"Dur\u00e9e de lecture estim\u00e9e":"1 minute"},"schema":{"@context":"https:\/\/schema.org","@graph":[{"@type":"Organization","@id":"https:\/\/www.albyco.com\/#organization","name":"Albyco Nederland B.V.","url":"https:\/\/www.albyco.com\/","sameAs":["https:\/\/www.linkedin.com\/company\/18015670\/","https:\/\/www.youtube.com\/user\/AlbycoNederland","https:\/\/nl.pinterest.com\/albyco","https:\/\/twitter.com\/AlbycoNederland"],"logo":{"@type":"ImageObject","@id":"https:\/\/www.albyco.com\/#logo","inLanguage":"fr-FR","url":"https:\/\/www.albyco.com\/wp-content\/uploads\/2017\/07\/albyco_logo_hd.png","contentUrl":"https:\/\/www.albyco.com\/wp-content\/uploads\/2017\/07\/albyco_logo_hd.png","width":300,"height":300,"caption":"Albyco Nederland B.V."},"image":{"@id":"https:\/\/www.albyco.com\/#logo"}},{"@type":"WebSite","@id":"https:\/\/www.albyco.com\/#website","url":"https:\/\/www.albyco.com\/","name":"Albyco","description":"Leverancier voor nabewerking van geprinte media","publisher":{"@id":"https:\/\/www.albyco.com\/#organization"},"potentialAction":[{"@type":"SearchAction","target":{"@type":"EntryPoint","urlTemplate":"https:\/\/www.albyco.com\/?s={search_term_string}"},"query-input":"required name=search_term_string"}],"inLanguage":"fr-FR"},{"@type":"ImageObject","@id":"https:\/\/www.albyco.com\/fr\/produit\/cyklos-ccr40-machine-arrondisseurs-dangles-manuellement\/#primaryimage","inLanguage":"fr-FR","url":"https:\/\/www.albyco.com\/wp-content\/uploads\/2021\/02\/Cyklos-Corner-Rounder-CCR-40.jpg","contentUrl":"https:\/\/www.albyco.com\/wp-content\/uploads\/2021\/02\/Cyklos-Corner-Rounder-CCR-40.jpg","width":436,"height":650,"caption":"Cyklos CCR40, machine arrondisseurs d`angles manuellement"},{"@type":"WebPage","@id":"https:\/\/www.albyco.com\/fr\/produit\/cyklos-ccr40-machine-arrondisseurs-dangles-manuellement\/#webpage","url":"https:\/\/www.albyco.com\/fr\/produit\/cyklos-ccr40-machine-arrondisseurs-dangles-manuellement\/","name":"Arrondisseur d'Angle CCR40 - Albyco","isPartOf":{"@id":"https:\/\/www.albyco.com\/#website"},"primaryImageOfPage":{"@id":"https:\/\/www.albyco.com\/fr\/produit\/cyklos-ccr40-machine-arrondisseurs-dangles-manuellement\/#primaryimage"},"datePublished":"2021-02-10T10:34:51+00:00","dateModified":"2021-07-13T08:18:41+00:00","description":"Cyklos CCR40, machine arrondisseurs d`angles manuellement","breadcrumb":{"@id":"https:\/\/www.albyco.com\/fr\/produit\/cyklos-ccr40-machine-arrondisseurs-dangles-manuellement\/#breadcrumb"},"inLanguage":"fr-FR","potentialAction":[{"@type":"ReadAction","target":["https:\/\/www.albyco.com\/fr\/produit\/cyklos-ccr40-machine-arrondisseurs-dangles-manuellement\/"]}]},{"@type":"BreadcrumbList","@id":"https:\/\/www.albyco.com\/fr\/produit\/cyklos-ccr40-machine-arrondisseurs-dangles-manuellement\/#breadcrumb","itemListElement":[{"@type":"ListItem","position":1,"name":"Home","item":"https:\/\/www.albyco.com\/fr\/"},{"@type":"ListItem","position":2,"name":"Les produits","item":"https:\/\/www.albyco.com\/fr\/producten\/"},{"@type":"ListItem","position":3,"name":"Arrondisseur d&#8217;Angle CCR40"}]}]}},"_links":{"self":[{"href":"https:\/\/www.albyco.com\/fr\/wp-json\/wp\/v2\/product\/31567"}],"collection":[{"href":"https:\/\/www.albyco.com\/fr\/wp-json\/wp\/v2\/product"}],"about":[{"href":"https:\/\/www.albyco.com\/fr\/wp-json\/wp\/v2\/types\/product"}],"replies":[{"embeddable":true,"href":"https:\/\/www.albyco.com\/fr\/wp-json\/wp\/v2\/comments?post=31567"}],"wp:featuredmedia":[{"embeddable":true,"href":"https:\/\/www.albyco.com\/fr\/wp-json\/wp\/v2\/media\/31570"}],"wp:attachment":[{"href":"https:\/\/www.albyco.com\/fr\/wp-json\/wp\/v2\/media?parent=31567"}],"wp:term":[{"taxonomy":"product_cat","embeddable":true,"href":"https:\/\/www.albyco.com\/fr\/wp-json\/wp\/v2\/product_cat?post=31567"},{"taxonomy":"product_tag","embeddable":true,"href":"https:\/\/www.albyco.com\/fr\/wp-json\/wp\/v2\/product_tag?post=31567"}],"curies":[{"name":"wp","href":"https:\/\/api.w.org\/{rel}","templated":true}]}}