{"id":31492,"date":"2021-02-03T15:23:19","date_gmt":"2021-02-03T14:23:30","guid":{"rendered":"https:\/\/www.albyco.com\/?post_type=product&#038;p=31492"},"modified":"2021-06-24T13:06:48","modified_gmt":"2021-06-24T11:06:48","slug":"cyklos-gpm-450-versa-systeme-de-rainage-avec-streamfeed","status":"publish","type":"product","link":"https:\/\/www.albyco.com\/fr\/produit\/cyklos-gpm-450-versa-systeme-de-rainage-avec-streamfeed\/","title":{"rendered":"Cyklos GPM 450 verSA, syst\u00e8me de rainage avec &#8216;streamfeed&#8217;"},"content":{"rendered":"<table style=\"width: 100%; border-collapse: collapse;\" border=\"0\">\r\n<tbody>\r\n<tr>\r\n<td style=\"width: 50%;\">\n\nL&#8217;apparence et le syst\u00e8me d&#8217;alimentation manuelle du GPM 450 versSA sont d\u00e9riv\u00e9s du GPM 450 SA, mais il copie son grand fr\u00e8re, le GPM 450 Speed, avec son interchangeabilit\u00e9 facile et la variabilit\u00e9 des outils ou de l&#8217;interface graphique.\r\n\r\nLe GPM 450 versSA est un produit unique gr\u00e2ce \u00e0 une combinaison des facteurs suivants : historique de la machine (li\u00e9 directement au tr\u00e8s r\u00e9ussi GPM 450 SA), largeur de travail (SRA3 dans les deux sens), choix de l&#8217;outil (m\u00eame offre que pour le GPM 450 Speed \u200b\u200bet AirSpeed \u200b\u200b\u200b\u200b450) accessible \u00e0 tous, y compris aux imprimeurs novices.\r\n\r\nLa machine sera appr\u00e9ci\u00e9e par tous ceux qui \u00ab manquent quelque chose \u00bb sur le GPM 450 SA, mais ne souhaitent pas investir de l&#8217;argent ou de l&#8217;espace dans de gros \u00e9quipements.<\/td>\r\n<td style=\"width: 50%;\"><div class=\"epyt-video-wrapper\"><iframe  id=\"_ytid_95433\"  width=\"800\" height=\"450\"  data-origwidth=\"800\" data-origheight=\"450\"  data-relstop=\"1\" src=\"https:\/\/www.youtube.com\/embed\/GOLWBSx3-_4?enablejsapi=1&autoplay=0&cc_load_policy=0&iv_load_policy=1&loop=0&modestbranding=0&fs=1&playsinline=1&controls=1&color=red&cc_lang_pref=&rel=0&autohide=2&theme=dark&\" class=\"__youtube_prefs__  no-lazyload\" title=\"YouTube player\"  allow=\"accelerometer; autoplay; clipboard-write; encrypted-media; gyroscope; picture-in-picture\" allowfullscreen data-no-lazy=\"1\" data-skipgform_ajax_framebjll=\"\"><\/iframe><\/div><\/td>\r\n<\/tr>\r\n<\/tbody>\r\n<\/table>\r\n\u2022 Grande table de travail, adapt\u00e9e au SRA3 dans les deux sens\r\n\u2022 \u00c9cran tactile pour un r\u00e9glage facile de la distance et du nombre de plis\r\n\u2022 Dispose de 15 emplacements m\u00e9moire\r\n\u2022 Deux largeurs de rainage\r\n\u2022 Perforation d&#8217;enclume de haute qualit\u00e9\r\n\u2022 Changement d&#8217;outil rapide\r\nOptions : poin\u00e7onnage fil, poin\u00e7on calendrier et poin\u00e7on euro\r\n\r\n<a href=\"https:\/\/www.albyco.com\/fr\/contactez-nous\/\"><img loading=\"lazy\" class=\"size-full wp-image-11223 alignleft\" src=\"https:\/\/www.albyco.com\/wp-content\/uploads\/2018\/02\/CTA-Albyco-fr-2.jpg\" alt=\"\" width=\"225\" height=\"141\" srcset=\"https:\/\/www.albyco.com\/wp-content\/uploads\/2018\/02\/CTA-Albyco-fr-2.jpg 225w, https:\/\/www.albyco.com\/wp-content\/uploads\/2018\/02\/CTA-Albyco-fr-2-100x63.jpg 100w, https:\/\/www.albyco.com\/wp-content\/uploads\/2018\/02\/CTA-Albyco-fr-2-24x15.jpg 24w, https:\/\/www.albyco.com\/wp-content\/uploads\/2018\/02\/CTA-Albyco-fr-2-36x23.jpg 36w, https:\/\/www.albyco.com\/wp-content\/uploads\/2018\/02\/CTA-Albyco-fr-2-48x30.jpg 48w\" sizes=\"(max-width: 225px) 100vw, 225px\" \/><\/a>","protected":false},"excerpt":{"rendered":"<p>Le syst\u00e8me de rainage et de perforation semi-automatique Cyklos GPM 450 verSA offre une interchangeabilit\u00e9 et une variabilit\u00e9 faciles des outils et de l&#8217;interface graphique.<\/p>\n","protected":false},"featured_media":31501,"comment_status":"open","ping_status":"closed","template":"","meta":[],"product_cat":[2300,2301,2333],"product_tag":[2334,2335,2336,2337,2338,2339,2830],"yoast_head":"<!-- This site is optimized with the Yoast SEO plugin v18.6 - https:\/\/yoast.com\/wordpress\/plugins\/seo\/ -->\n<title>Cyklos GPM 450 verSA, syst\u00e8me de rainage avec &#039;streamfeed&#039; - Albyco<\/title>\n<meta name=\"description\" content=\"Le syst\u00e8me de rainage et de perforation semi-automatique Cyklos GPM 450 verSA offre une interchangeabilit\u00e9 et une variabilit\u00e9 faciles des outils et de l&#039;interface graphique.\" \/>\n<meta name=\"robots\" content=\"index, follow, max-snippet:-1, max-image-preview:large, max-video-preview:-1\" \/>\n<link rel=\"canonical\" href=\"https:\/\/www.albyco.com\/fr\/produit\/cyklos-gpm-450-versa-systeme-de-rainage-avec-streamfeed\/\" \/>\n<meta property=\"og:locale\" content=\"fr_FR\" \/>\n<meta property=\"og:type\" content=\"article\" \/>\n<meta property=\"og:title\" content=\"Cyklos GPM 450 verSA, syst\u00e8me de rainage avec &#039;streamfeed&#039; - Albyco\" \/>\n<meta property=\"og:description\" content=\"Le syst\u00e8me de rainage et de perforation semi-automatique Cyklos GPM 450 verSA offre une interchangeabilit\u00e9 et une variabilit\u00e9 faciles des outils et de l&#039;interface graphique.\" \/>\n<meta property=\"og:url\" content=\"https:\/\/www.albyco.com\/fr\/produit\/cyklos-gpm-450-versa-systeme-de-rainage-avec-streamfeed\/\" \/>\n<meta property=\"og:site_name\" content=\"Albyco\" \/>\n<meta property=\"article:modified_time\" content=\"2021-06-24T11:06:48+00:00\" \/>\n<meta property=\"og:image\" content=\"https:\/\/www.albyco.com\/wp-content\/uploads\/2021\/02\/Cycklos-verSA-2.jpg\" \/>\n\t<meta property=\"og:image:width\" content=\"800\" \/>\n\t<meta property=\"og:image:height\" content=\"476\" \/>\n\t<meta property=\"og:image:type\" content=\"image\/jpeg\" \/>\n<meta name=\"twitter:card\" content=\"summary\" \/>\n<meta name=\"twitter:site\" content=\"@AlbycoNederland\" \/>\n<meta name=\"twitter:label1\" content=\"Dur\u00e9e de lecture estim\u00e9e\" \/>\n\t<meta name=\"twitter:data1\" content=\"1 minute\" \/>\n<script type=\"application\/ld+json\" class=\"yoast-schema-graph\">{\"@context\":\"https:\/\/schema.org\",\"@graph\":[{\"@type\":\"Organization\",\"@id\":\"https:\/\/www.albyco.com\/#organization\",\"name\":\"Albyco Nederland B.V.\",\"url\":\"https:\/\/www.albyco.com\/\",\"sameAs\":[\"https:\/\/www.linkedin.com\/company\/18015670\/\",\"https:\/\/www.youtube.com\/user\/AlbycoNederland\",\"https:\/\/nl.pinterest.com\/albyco\",\"https:\/\/twitter.com\/AlbycoNederland\"],\"logo\":{\"@type\":\"ImageObject\",\"@id\":\"https:\/\/www.albyco.com\/#logo\",\"inLanguage\":\"fr-FR\",\"url\":\"https:\/\/www.albyco.com\/wp-content\/uploads\/2017\/07\/albyco_logo_hd.png\",\"contentUrl\":\"https:\/\/www.albyco.com\/wp-content\/uploads\/2017\/07\/albyco_logo_hd.png\",\"width\":300,\"height\":300,\"caption\":\"Albyco Nederland B.V.\"},\"image\":{\"@id\":\"https:\/\/www.albyco.com\/#logo\"}},{\"@type\":\"WebSite\",\"@id\":\"https:\/\/www.albyco.com\/#website\",\"url\":\"https:\/\/www.albyco.com\/\",\"name\":\"Albyco\",\"description\":\"Leverancier voor nabewerking van geprinte media\",\"publisher\":{\"@id\":\"https:\/\/www.albyco.com\/#organization\"},\"potentialAction\":[{\"@type\":\"SearchAction\",\"target\":{\"@type\":\"EntryPoint\",\"urlTemplate\":\"https:\/\/www.albyco.com\/?s={search_term_string}\"},\"query-input\":\"required name=search_term_string\"}],\"inLanguage\":\"fr-FR\"},{\"@type\":\"ImageObject\",\"@id\":\"https:\/\/www.albyco.com\/fr\/produit\/cyklos-gpm-450-versa-systeme-de-rainage-avec-streamfeed\/#primaryimage\",\"inLanguage\":\"fr-FR\",\"url\":\"https:\/\/www.albyco.com\/wp-content\/uploads\/2021\/02\/Cycklos-verSA-2.jpg\",\"contentUrl\":\"https:\/\/www.albyco.com\/wp-content\/uploads\/2021\/02\/Cycklos-verSA-2.jpg\",\"width\":800,\"height\":476,\"caption\":\"Cycklos-GPM 450 verSA\"},{\"@type\":\"WebPage\",\"@id\":\"https:\/\/www.albyco.com\/fr\/produit\/cyklos-gpm-450-versa-systeme-de-rainage-avec-streamfeed\/#webpage\",\"url\":\"https:\/\/www.albyco.com\/fr\/produit\/cyklos-gpm-450-versa-systeme-de-rainage-avec-streamfeed\/\",\"name\":\"Cyklos GPM 450 verSA, syst\u00e8me de rainage avec 'streamfeed' - Albyco\",\"isPartOf\":{\"@id\":\"https:\/\/www.albyco.com\/#website\"},\"primaryImageOfPage\":{\"@id\":\"https:\/\/www.albyco.com\/fr\/produit\/cyklos-gpm-450-versa-systeme-de-rainage-avec-streamfeed\/#primaryimage\"},\"datePublished\":\"2021-02-03T14:23:30+00:00\",\"dateModified\":\"2021-06-24T11:06:48+00:00\",\"description\":\"Le syst\u00e8me de rainage et de perforation semi-automatique Cyklos GPM 450 verSA offre une interchangeabilit\u00e9 et une variabilit\u00e9 faciles des outils et de l'interface graphique.\",\"breadcrumb\":{\"@id\":\"https:\/\/www.albyco.com\/fr\/produit\/cyklos-gpm-450-versa-systeme-de-rainage-avec-streamfeed\/#breadcrumb\"},\"inLanguage\":\"fr-FR\",\"potentialAction\":[{\"@type\":\"ReadAction\",\"target\":[\"https:\/\/www.albyco.com\/fr\/produit\/cyklos-gpm-450-versa-systeme-de-rainage-avec-streamfeed\/\"]}]},{\"@type\":\"BreadcrumbList\",\"@id\":\"https:\/\/www.albyco.com\/fr\/produit\/cyklos-gpm-450-versa-systeme-de-rainage-avec-streamfeed\/#breadcrumb\",\"itemListElement\":[{\"@type\":\"ListItem\",\"position\":1,\"name\":\"Home\",\"item\":\"https:\/\/www.albyco.com\/fr\/\"},{\"@type\":\"ListItem\",\"position\":2,\"name\":\"Les produits\",\"item\":\"https:\/\/www.albyco.com\/fr\/producten\/\"},{\"@type\":\"ListItem\",\"position\":3,\"name\":\"Cyklos GPM 450 verSA, syst\u00e8me de rainage avec &#8216;streamfeed&#8217;\"}]}]}<\/script>\n<!-- \/ Yoast SEO plugin. -->","yoast_head_json":{"title":"Cyklos GPM 450 verSA, syst\u00e8me de rainage avec 'streamfeed' - Albyco","description":"Le syst\u00e8me de rainage et de perforation semi-automatique Cyklos GPM 450 verSA offre une interchangeabilit\u00e9 et une variabilit\u00e9 faciles des outils et de l'interface graphique.","robots":{"index":"index","follow":"follow","max-snippet":"max-snippet:-1","max-image-preview":"max-image-preview:large","max-video-preview":"max-video-preview:-1"},"canonical":"https:\/\/www.albyco.com\/fr\/produit\/cyklos-gpm-450-versa-systeme-de-rainage-avec-streamfeed\/","og_locale":"fr_FR","og_type":"article","og_title":"Cyklos GPM 450 verSA, syst\u00e8me de rainage avec 'streamfeed' - Albyco","og_description":"Le syst\u00e8me de rainage et de perforation semi-automatique Cyklos GPM 450 verSA offre une interchangeabilit\u00e9 et une variabilit\u00e9 faciles des outils et de l'interface graphique.","og_url":"https:\/\/www.albyco.com\/fr\/produit\/cyklos-gpm-450-versa-systeme-de-rainage-avec-streamfeed\/","og_site_name":"Albyco","article_modified_time":"2021-06-24T11:06:48+00:00","og_image":[{"width":800,"height":476,"url":"https:\/\/www.albyco.com\/wp-content\/uploads\/2021\/02\/Cycklos-verSA-2.jpg","type":"image\/jpeg"}],"twitter_card":"summary","twitter_site":"@AlbycoNederland","twitter_misc":{"Dur\u00e9e de lecture estim\u00e9e":"1 minute"},"schema":{"@context":"https:\/\/schema.org","@graph":[{"@type":"Organization","@id":"https:\/\/www.albyco.com\/#organization","name":"Albyco Nederland B.V.","url":"https:\/\/www.albyco.com\/","sameAs":["https:\/\/www.linkedin.com\/company\/18015670\/","https:\/\/www.youtube.com\/user\/AlbycoNederland","https:\/\/nl.pinterest.com\/albyco","https:\/\/twitter.com\/AlbycoNederland"],"logo":{"@type":"ImageObject","@id":"https:\/\/www.albyco.com\/#logo","inLanguage":"fr-FR","url":"https:\/\/www.albyco.com\/wp-content\/uploads\/2017\/07\/albyco_logo_hd.png","contentUrl":"https:\/\/www.albyco.com\/wp-content\/uploads\/2017\/07\/albyco_logo_hd.png","width":300,"height":300,"caption":"Albyco Nederland B.V."},"image":{"@id":"https:\/\/www.albyco.com\/#logo"}},{"@type":"WebSite","@id":"https:\/\/www.albyco.com\/#website","url":"https:\/\/www.albyco.com\/","name":"Albyco","description":"Leverancier voor nabewerking van geprinte media","publisher":{"@id":"https:\/\/www.albyco.com\/#organization"},"potentialAction":[{"@type":"SearchAction","target":{"@type":"EntryPoint","urlTemplate":"https:\/\/www.albyco.com\/?s={search_term_string}"},"query-input":"required name=search_term_string"}],"inLanguage":"fr-FR"},{"@type":"ImageObject","@id":"https:\/\/www.albyco.com\/fr\/produit\/cyklos-gpm-450-versa-systeme-de-rainage-avec-streamfeed\/#primaryimage","inLanguage":"fr-FR","url":"https:\/\/www.albyco.com\/wp-content\/uploads\/2021\/02\/Cycklos-verSA-2.jpg","contentUrl":"https:\/\/www.albyco.com\/wp-content\/uploads\/2021\/02\/Cycklos-verSA-2.jpg","width":800,"height":476,"caption":"Cycklos-GPM 450 verSA"},{"@type":"WebPage","@id":"https:\/\/www.albyco.com\/fr\/produit\/cyklos-gpm-450-versa-systeme-de-rainage-avec-streamfeed\/#webpage","url":"https:\/\/www.albyco.com\/fr\/produit\/cyklos-gpm-450-versa-systeme-de-rainage-avec-streamfeed\/","name":"Cyklos GPM 450 verSA, syst\u00e8me de rainage avec 'streamfeed' - Albyco","isPartOf":{"@id":"https:\/\/www.albyco.com\/#website"},"primaryImageOfPage":{"@id":"https:\/\/www.albyco.com\/fr\/produit\/cyklos-gpm-450-versa-systeme-de-rainage-avec-streamfeed\/#primaryimage"},"datePublished":"2021-02-03T14:23:30+00:00","dateModified":"2021-06-24T11:06:48+00:00","description":"Le syst\u00e8me de rainage et de perforation semi-automatique Cyklos GPM 450 verSA offre une interchangeabilit\u00e9 et une variabilit\u00e9 faciles des outils et de l'interface graphique.","breadcrumb":{"@id":"https:\/\/www.albyco.com\/fr\/produit\/cyklos-gpm-450-versa-systeme-de-rainage-avec-streamfeed\/#breadcrumb"},"inLanguage":"fr-FR","potentialAction":[{"@type":"ReadAction","target":["https:\/\/www.albyco.com\/fr\/produit\/cyklos-gpm-450-versa-systeme-de-rainage-avec-streamfeed\/"]}]},{"@type":"BreadcrumbList","@id":"https:\/\/www.albyco.com\/fr\/produit\/cyklos-gpm-450-versa-systeme-de-rainage-avec-streamfeed\/#breadcrumb","itemListElement":[{"@type":"ListItem","position":1,"name":"Home","item":"https:\/\/www.albyco.com\/fr\/"},{"@type":"ListItem","position":2,"name":"Les produits","item":"https:\/\/www.albyco.com\/fr\/producten\/"},{"@type":"ListItem","position":3,"name":"Cyklos GPM 450 verSA, syst\u00e8me de rainage avec &#8216;streamfeed&#8217;"}]}]}},"_links":{"self":[{"href":"https:\/\/www.albyco.com\/fr\/wp-json\/wp\/v2\/product\/31492"}],"collection":[{"href":"https:\/\/www.albyco.com\/fr\/wp-json\/wp\/v2\/product"}],"about":[{"href":"https:\/\/www.albyco.com\/fr\/wp-json\/wp\/v2\/types\/product"}],"replies":[{"embeddable":true,"href":"https:\/\/www.albyco.com\/fr\/wp-json\/wp\/v2\/comments?post=31492"}],"wp:featuredmedia":[{"embeddable":true,"href":"https:\/\/www.albyco.com\/fr\/wp-json\/wp\/v2\/media\/31501"}],"wp:attachment":[{"href":"https:\/\/www.albyco.com\/fr\/wp-json\/wp\/v2\/media?parent=31492"}],"wp:term":[{"taxonomy":"product_cat","embeddable":true,"href":"https:\/\/www.albyco.com\/fr\/wp-json\/wp\/v2\/product_cat?post=31492"},{"taxonomy":"product_tag","embeddable":true,"href":"https:\/\/www.albyco.com\/fr\/wp-json\/wp\/v2\/product_tag?post=31492"}],"curies":[{"name":"wp","href":"https:\/\/api.w.org\/{rel}","templated":true}]}}