{"id":28102,"date":"2020-01-14T12:59:37","date_gmt":"2020-01-14T11:59:37","guid":{"rendered":"https:\/\/www.albyco.com\/product\/gmp-sleeking-film\/"},"modified":"2024-04-22T12:00:54","modified_gmt":"2024-04-22T10:00:54","slug":"gmp-sleking-film","status":"publish","type":"product","link":"https:\/\/www.albyco.com\/fr\/produit\/gmp-sleking-film\/","title":{"rendered":"GMP Sleeking film\/Film m\u00e9tallique"},"content":{"rendered":"<strong>Film d\u2019\u00e9tanch\u00e9it\u00e9 GMP\/film m\u00e9tallique<\/strong> \u00e0 utiliser avec les syst\u00e8mes d\u2019\u00e9tanch\u00e9it\u00e9 Albyco et GMP.\n<p class=\"p1\">Film pour une finition exclusive avec des m\u00e9tallis\u00e9s s\u00e9lectifs et brillants.\nDisponible en Or, Argent, Bronze, Bleu, Vert, Rouge, Violet, Ros\u00e9<\/p>\nTaille du rouleau 320 mm x 300 m\n\nNous aimerions vous montrer le processus d\u2019\u00e9levage avec du sleking foil. <a href=\"https:\/\/www.albyco.com\/sleeken-met-albyco\/\">Vous pouvez le trouver ici<\/a>.\n\n<a href=\"https:\/\/www.albyco.com\/klantenservice\/\"><img loading=\"lazy\" class=\"alignnone wp-image-38451 size-full\" src=\"https:\/\/www.albyco.com\/wp-content\/uploads\/2023\/02\/CTA-2023.gif\" alt=\"Cliquez ici pour contacter le service client d\u2019Albyco !\" width=\"250\" height=\"157\"><\/a>","protected":false},"excerpt":{"rendered":"<p><strong>Film d\u2019\u00e9tanch\u00e9it\u00e9 GMP<\/strong> \u00e0 utiliser avec les syst\u00e8mes d\u2019\u00e9tanch\u00e9it\u00e9 Albyco et GMP. Film pour une finition exclusive avec des m\u00e9tallis\u00e9s s\u00e9lectifs et brillants.<br \/>\nDisponible en Or, Argent, Bronze, Bleu, Vert, Rouge, Violet, Ros\u00e9<\/p>\n","protected":false},"featured_media":39781,"comment_status":"closed","ping_status":"closed","template":"","meta":[],"product_cat":[2945,4517,3986],"product_tag":[3987],"yoast_head":"<!-- This site is optimized with the Yoast SEO plugin v18.6 - https:\/\/yoast.com\/wordpress\/plugins\/seo\/ -->\n<title>GMP Sleeking film\/Film m\u00e9tallique - Albyco<\/title>\n<meta name=\"description\" content=\"Film d\u2019\u00e9tanch\u00e9it\u00e9 GMP \u00e0 utiliser avec les syst\u00e8mes d\u2019\u00e9tanch\u00e9it\u00e9 Albyco et GMP. Film pour une finition exclusive avec des m\u00e9tallis\u00e9s s\u00e9lectifs et brillants. Disponible en Or, Argent, Bronze, Bleu, Vert, Rouge, Violet, Ros\u00e9\" \/>\n<meta name=\"robots\" content=\"index, follow, max-snippet:-1, max-image-preview:large, max-video-preview:-1\" \/>\n<link rel=\"canonical\" href=\"https:\/\/www.albyco.com\/fr\/produit\/gmp-sleking-film\/\" \/>\n<meta property=\"og:locale\" content=\"fr_FR\" \/>\n<meta property=\"og:type\" content=\"article\" \/>\n<meta property=\"og:title\" content=\"GMP Sleeking film\/Film m\u00e9tallique - Albyco\" \/>\n<meta property=\"og:description\" content=\"Film d\u2019\u00e9tanch\u00e9it\u00e9 GMP \u00e0 utiliser avec les syst\u00e8mes d\u2019\u00e9tanch\u00e9it\u00e9 Albyco et GMP. Film pour une finition exclusive avec des m\u00e9tallis\u00e9s s\u00e9lectifs et brillants. Disponible en Or, Argent, Bronze, Bleu, Vert, Rouge, Violet, Ros\u00e9\" \/>\n<meta property=\"og:url\" content=\"https:\/\/www.albyco.com\/fr\/produit\/gmp-sleking-film\/\" \/>\n<meta property=\"og:site_name\" content=\"Albyco\" \/>\n<meta property=\"article:modified_time\" content=\"2024-04-22T10:00:54+00:00\" \/>\n<meta property=\"og:image\" content=\"https:\/\/www.albyco.com\/wp-content\/uploads\/2020\/01\/Sleek-rol.jpg\" \/>\n\t<meta property=\"og:image:width\" content=\"740\" \/>\n\t<meta property=\"og:image:height\" content=\"697\" \/>\n\t<meta property=\"og:image:type\" content=\"image\/jpeg\" \/>\n<meta name=\"twitter:card\" content=\"summary\" \/>\n<meta name=\"twitter:site\" content=\"@AlbycoNederland\" \/>\n<script type=\"application\/ld+json\" class=\"yoast-schema-graph\">{\"@context\":\"https:\/\/schema.org\",\"@graph\":[{\"@type\":\"Organization\",\"@id\":\"https:\/\/www.albyco.com\/#organization\",\"name\":\"Albyco Nederland B.V.\",\"url\":\"https:\/\/www.albyco.com\/\",\"sameAs\":[\"https:\/\/www.linkedin.com\/company\/18015670\/\",\"https:\/\/www.youtube.com\/user\/AlbycoNederland\",\"https:\/\/nl.pinterest.com\/albyco\",\"https:\/\/twitter.com\/AlbycoNederland\"],\"logo\":{\"@type\":\"ImageObject\",\"@id\":\"https:\/\/www.albyco.com\/#logo\",\"inLanguage\":\"fr-FR\",\"url\":\"https:\/\/www.albyco.com\/wp-content\/uploads\/2017\/07\/albyco_logo_hd.png\",\"contentUrl\":\"https:\/\/www.albyco.com\/wp-content\/uploads\/2017\/07\/albyco_logo_hd.png\",\"width\":300,\"height\":300,\"caption\":\"Albyco Nederland B.V.\"},\"image\":{\"@id\":\"https:\/\/www.albyco.com\/#logo\"}},{\"@type\":\"WebSite\",\"@id\":\"https:\/\/www.albyco.com\/#website\",\"url\":\"https:\/\/www.albyco.com\/\",\"name\":\"Albyco\",\"description\":\"Leverancier voor nabewerking van geprinte media\",\"publisher\":{\"@id\":\"https:\/\/www.albyco.com\/#organization\"},\"potentialAction\":[{\"@type\":\"SearchAction\",\"target\":{\"@type\":\"EntryPoint\",\"urlTemplate\":\"https:\/\/www.albyco.com\/?s={search_term_string}\"},\"query-input\":\"required name=search_term_string\"}],\"inLanguage\":\"fr-FR\"},{\"@type\":\"ImageObject\",\"@id\":\"https:\/\/www.albyco.com\/fr\/produit\/gmp-sleking-film\/#primaryimage\",\"inLanguage\":\"fr-FR\",\"url\":\"https:\/\/www.albyco.com\/wp-content\/uploads\/2020\/01\/Sleek-rol.jpg\",\"contentUrl\":\"https:\/\/www.albyco.com\/wp-content\/uploads\/2020\/01\/Sleek-rol.jpg\",\"width\":740,\"height\":697,\"caption\":\"Feuille de Roll Sleeking\"},{\"@type\":\"WebPage\",\"@id\":\"https:\/\/www.albyco.com\/fr\/produit\/gmp-sleking-film\/#webpage\",\"url\":\"https:\/\/www.albyco.com\/fr\/produit\/gmp-sleking-film\/\",\"name\":\"GMP Sleeking film\/Film m\u00e9tallique - Albyco\",\"isPartOf\":{\"@id\":\"https:\/\/www.albyco.com\/#website\"},\"primaryImageOfPage\":{\"@id\":\"https:\/\/www.albyco.com\/fr\/produit\/gmp-sleking-film\/#primaryimage\"},\"datePublished\":\"2020-01-14T11:59:37+00:00\",\"dateModified\":\"2024-04-22T10:00:54+00:00\",\"description\":\"Film d\u2019\u00e9tanch\u00e9it\u00e9 GMP \u00e0 utiliser avec les syst\u00e8mes d\u2019\u00e9tanch\u00e9it\u00e9 Albyco et GMP. Film pour une finition exclusive avec des m\u00e9tallis\u00e9s s\u00e9lectifs et brillants. Disponible en Or, Argent, Bronze, Bleu, Vert, Rouge, Violet, Ros\u00e9\",\"breadcrumb\":{\"@id\":\"https:\/\/www.albyco.com\/fr\/produit\/gmp-sleking-film\/#breadcrumb\"},\"inLanguage\":\"fr-FR\",\"potentialAction\":[{\"@type\":\"ReadAction\",\"target\":[\"https:\/\/www.albyco.com\/fr\/produit\/gmp-sleking-film\/\"]}]},{\"@type\":\"BreadcrumbList\",\"@id\":\"https:\/\/www.albyco.com\/fr\/produit\/gmp-sleking-film\/#breadcrumb\",\"itemListElement\":[{\"@type\":\"ListItem\",\"position\":1,\"name\":\"Home\",\"item\":\"https:\/\/www.albyco.com\/fr\/\"},{\"@type\":\"ListItem\",\"position\":2,\"name\":\"Les produits\",\"item\":\"https:\/\/www.albyco.com\/fr\/producten\/\"},{\"@type\":\"ListItem\",\"position\":3,\"name\":\"GMP Sleeking film\/Film m\u00e9tallique\"}]}]}<\/script>\n<!-- \/ Yoast SEO plugin. -->","yoast_head_json":{"title":"GMP Sleeking film\/Film m\u00e9tallique - Albyco","description":"Film d\u2019\u00e9tanch\u00e9it\u00e9 GMP \u00e0 utiliser avec les syst\u00e8mes d\u2019\u00e9tanch\u00e9it\u00e9 Albyco et GMP. Film pour une finition exclusive avec des m\u00e9tallis\u00e9s s\u00e9lectifs et brillants. Disponible en Or, Argent, Bronze, Bleu, Vert, Rouge, Violet, Ros\u00e9","robots":{"index":"index","follow":"follow","max-snippet":"max-snippet:-1","max-image-preview":"max-image-preview:large","max-video-preview":"max-video-preview:-1"},"canonical":"https:\/\/www.albyco.com\/fr\/produit\/gmp-sleking-film\/","og_locale":"fr_FR","og_type":"article","og_title":"GMP Sleeking film\/Film m\u00e9tallique - Albyco","og_description":"Film d\u2019\u00e9tanch\u00e9it\u00e9 GMP \u00e0 utiliser avec les syst\u00e8mes d\u2019\u00e9tanch\u00e9it\u00e9 Albyco et GMP. Film pour une finition exclusive avec des m\u00e9tallis\u00e9s s\u00e9lectifs et brillants. Disponible en Or, Argent, Bronze, Bleu, Vert, Rouge, Violet, Ros\u00e9","og_url":"https:\/\/www.albyco.com\/fr\/produit\/gmp-sleking-film\/","og_site_name":"Albyco","article_modified_time":"2024-04-22T10:00:54+00:00","og_image":[{"width":740,"height":697,"url":"https:\/\/www.albyco.com\/wp-content\/uploads\/2020\/01\/Sleek-rol.jpg","type":"image\/jpeg"}],"twitter_card":"summary","twitter_site":"@AlbycoNederland","schema":{"@context":"https:\/\/schema.org","@graph":[{"@type":"Organization","@id":"https:\/\/www.albyco.com\/#organization","name":"Albyco Nederland B.V.","url":"https:\/\/www.albyco.com\/","sameAs":["https:\/\/www.linkedin.com\/company\/18015670\/","https:\/\/www.youtube.com\/user\/AlbycoNederland","https:\/\/nl.pinterest.com\/albyco","https:\/\/twitter.com\/AlbycoNederland"],"logo":{"@type":"ImageObject","@id":"https:\/\/www.albyco.com\/#logo","inLanguage":"fr-FR","url":"https:\/\/www.albyco.com\/wp-content\/uploads\/2017\/07\/albyco_logo_hd.png","contentUrl":"https:\/\/www.albyco.com\/wp-content\/uploads\/2017\/07\/albyco_logo_hd.png","width":300,"height":300,"caption":"Albyco Nederland B.V."},"image":{"@id":"https:\/\/www.albyco.com\/#logo"}},{"@type":"WebSite","@id":"https:\/\/www.albyco.com\/#website","url":"https:\/\/www.albyco.com\/","name":"Albyco","description":"Leverancier voor nabewerking van geprinte media","publisher":{"@id":"https:\/\/www.albyco.com\/#organization"},"potentialAction":[{"@type":"SearchAction","target":{"@type":"EntryPoint","urlTemplate":"https:\/\/www.albyco.com\/?s={search_term_string}"},"query-input":"required name=search_term_string"}],"inLanguage":"fr-FR"},{"@type":"ImageObject","@id":"https:\/\/www.albyco.com\/fr\/produit\/gmp-sleking-film\/#primaryimage","inLanguage":"fr-FR","url":"https:\/\/www.albyco.com\/wp-content\/uploads\/2020\/01\/Sleek-rol.jpg","contentUrl":"https:\/\/www.albyco.com\/wp-content\/uploads\/2020\/01\/Sleek-rol.jpg","width":740,"height":697,"caption":"Feuille de Roll Sleeking"},{"@type":"WebPage","@id":"https:\/\/www.albyco.com\/fr\/produit\/gmp-sleking-film\/#webpage","url":"https:\/\/www.albyco.com\/fr\/produit\/gmp-sleking-film\/","name":"GMP Sleeking film\/Film m\u00e9tallique - Albyco","isPartOf":{"@id":"https:\/\/www.albyco.com\/#website"},"primaryImageOfPage":{"@id":"https:\/\/www.albyco.com\/fr\/produit\/gmp-sleking-film\/#primaryimage"},"datePublished":"2020-01-14T11:59:37+00:00","dateModified":"2024-04-22T10:00:54+00:00","description":"Film d\u2019\u00e9tanch\u00e9it\u00e9 GMP \u00e0 utiliser avec les syst\u00e8mes d\u2019\u00e9tanch\u00e9it\u00e9 Albyco et GMP. Film pour une finition exclusive avec des m\u00e9tallis\u00e9s s\u00e9lectifs et brillants. Disponible en Or, Argent, Bronze, Bleu, Vert, Rouge, Violet, Ros\u00e9","breadcrumb":{"@id":"https:\/\/www.albyco.com\/fr\/produit\/gmp-sleking-film\/#breadcrumb"},"inLanguage":"fr-FR","potentialAction":[{"@type":"ReadAction","target":["https:\/\/www.albyco.com\/fr\/produit\/gmp-sleking-film\/"]}]},{"@type":"BreadcrumbList","@id":"https:\/\/www.albyco.com\/fr\/produit\/gmp-sleking-film\/#breadcrumb","itemListElement":[{"@type":"ListItem","position":1,"name":"Home","item":"https:\/\/www.albyco.com\/fr\/"},{"@type":"ListItem","position":2,"name":"Les produits","item":"https:\/\/www.albyco.com\/fr\/producten\/"},{"@type":"ListItem","position":3,"name":"GMP Sleeking film\/Film m\u00e9tallique"}]}]}},"_links":{"self":[{"href":"https:\/\/www.albyco.com\/fr\/wp-json\/wp\/v2\/product\/28102"}],"collection":[{"href":"https:\/\/www.albyco.com\/fr\/wp-json\/wp\/v2\/product"}],"about":[{"href":"https:\/\/www.albyco.com\/fr\/wp-json\/wp\/v2\/types\/product"}],"replies":[{"embeddable":true,"href":"https:\/\/www.albyco.com\/fr\/wp-json\/wp\/v2\/comments?post=28102"}],"wp:featuredmedia":[{"embeddable":true,"href":"https:\/\/www.albyco.com\/fr\/wp-json\/wp\/v2\/media\/39781"}],"wp:attachment":[{"href":"https:\/\/www.albyco.com\/fr\/wp-json\/wp\/v2\/media?parent=28102"}],"wp:term":[{"taxonomy":"product_cat","embeddable":true,"href":"https:\/\/www.albyco.com\/fr\/wp-json\/wp\/v2\/product_cat?post=28102"},{"taxonomy":"product_tag","embeddable":true,"href":"https:\/\/www.albyco.com\/fr\/wp-json\/wp\/v2\/product_tag?post=28102"}],"curies":[{"name":"wp","href":"https:\/\/api.w.org\/{rel}","templated":true}]}}