{"id":25949,"date":"2019-09-23T12:11:04","date_gmt":"2019-09-23T10:11:13","guid":{"rendered":"https:\/\/www.albyco.com\/?post_type=product&#038;p=25949"},"modified":"2019-09-23T13:12:15","modified_gmt":"2019-09-23T11:12:15","slug":"neolt-neofold-920-hs-1250hs","status":"publish","type":"product","link":"https:\/\/www.albyco.com\/fr\/produit\/neolt-neofold-920-hs-1250hs\/","title":{"rendered":"Neolt Neofold 920 HS\/1250HS"},"content":{"rendered":"<strong>Neolt NeoFold HS<\/strong> est une s\u00e9rie de plieuses automatiques hautement productives, con\u00e7ues pour r\u00e9pondre aux besoins de production des centres de services, des bureaux techniques et des grands volumes de bureaux. La compacit\u00e9 et la robustesse extraordinaires, combin\u00e9es \u00e0 la polyvalence et \u00e0 la disponibilit\u00e9 dans les formats de papier les plus courants, font du NeoFold HS le compl\u00e9ment id\u00e9al de toute imprimante \u00e0 toner ou \u00e0 jet d&#8217;encre pour la CAD et la cartographie.\r\n\r\nAvec le NeoFold HS, vous pouvez plier des dessins de formes libres avec des longueurs et des tailles standard DIN. La hauteur de pliage est \u00e9gale \u00e0 190 ou 210 mm avec des marges ajustables \u00e0 l&#8217;aide du clavier. Le pli en travers peut \u00eatre choisi entre 297 et 305 mm. La sortie papier peut \u00eatre s\u00e9lectionn\u00e9e entre l&#8217;avant et l&#8217;arri\u00e8re, tandis que l&#8217;affichage pratique \u00e0 deux chiffres aide l&#8217;op\u00e9rateur \u00e0 choisir le format \u00e0 s\u00e9lectionner. La vitesse de production est de 35 m\u00e8tres \/ min et le temps de production d&#8217;un format A0 est de 5 secondes. NeoFold HS prend en charge le papier normal, le papier traceur et les papiers sensibles entre 80 et 110 g \/ m\u00b2.","protected":false},"excerpt":{"rendered":"<p class=\"introProduit\"><strong>Neolt NeoFold HS<\/strong> est une s\u00e9rie de plieuses automatiques hautement productives, con\u00e7ues pour r\u00e9pondre aux besoins de production des centres de services, des bureaux techniques et des grands volumes de bureaux.<\/p>\n","protected":false},"featured_media":25916,"comment_status":"closed","ping_status":"closed","template":"","meta":[],"product_cat":[2300,2781],"product_tag":[],"yoast_head":"<!-- This site is optimized with the Yoast SEO plugin v18.6 - https:\/\/yoast.com\/wordpress\/plugins\/seo\/ -->\n<title>Neolt Neofold 920 HS\/1250HS - Albyco<\/title>\n<meta name=\"description\" content=\"Neolt NeoFold HS est une s\u00e9rie de plieuses automatiques hautement productives, con\u00e7ues pour r\u00e9pondre aux besoins de production des centres de services, des bureaux techniques et des grands volumes de bureaux.\" \/>\n<meta name=\"robots\" content=\"index, follow, max-snippet:-1, max-image-preview:large, max-video-preview:-1\" \/>\n<link rel=\"canonical\" href=\"https:\/\/www.albyco.com\/fr\/produit\/neolt-neofold-920-hs-1250hs\/\" \/>\n<meta property=\"og:locale\" content=\"fr_FR\" \/>\n<meta property=\"og:type\" content=\"article\" \/>\n<meta property=\"og:title\" content=\"Neolt Neofold 920 HS\/1250HS - Albyco\" \/>\n<meta property=\"og:description\" content=\"Neolt NeoFold HS est une s\u00e9rie de plieuses automatiques hautement productives, con\u00e7ues pour r\u00e9pondre aux besoins de production des centres de services, des bureaux techniques et des grands volumes de bureaux.\" \/>\n<meta property=\"og:url\" content=\"https:\/\/www.albyco.com\/fr\/produit\/neolt-neofold-920-hs-1250hs\/\" \/>\n<meta property=\"og:site_name\" content=\"Albyco\" \/>\n<meta property=\"article:modified_time\" content=\"2019-09-23T11:12:15+00:00\" \/>\n<meta property=\"og:image\" content=\"https:\/\/www.albyco.com\/wp-content\/uploads\/2019\/09\/NEOFOLD-920-EB.jpg\" \/>\n\t<meta property=\"og:image:width\" content=\"1000\" \/>\n\t<meta property=\"og:image:height\" content=\"1000\" \/>\n\t<meta property=\"og:image:type\" content=\"image\/jpeg\" \/>\n<meta name=\"twitter:card\" content=\"summary\" \/>\n<meta name=\"twitter:site\" content=\"@AlbycoNederland\" \/>\n<meta name=\"twitter:label1\" content=\"Dur\u00e9e de lecture estim\u00e9e\" \/>\n\t<meta name=\"twitter:data1\" content=\"1 minute\" \/>\n<script type=\"application\/ld+json\" class=\"yoast-schema-graph\">{\"@context\":\"https:\/\/schema.org\",\"@graph\":[{\"@type\":\"Organization\",\"@id\":\"https:\/\/www.albyco.com\/#organization\",\"name\":\"Albyco Nederland B.V.\",\"url\":\"https:\/\/www.albyco.com\/\",\"sameAs\":[\"https:\/\/www.linkedin.com\/company\/18015670\/\",\"https:\/\/www.youtube.com\/user\/AlbycoNederland\",\"https:\/\/nl.pinterest.com\/albyco\",\"https:\/\/twitter.com\/AlbycoNederland\"],\"logo\":{\"@type\":\"ImageObject\",\"@id\":\"https:\/\/www.albyco.com\/#logo\",\"inLanguage\":\"fr-FR\",\"url\":\"https:\/\/www.albyco.com\/wp-content\/uploads\/2017\/07\/albyco_logo_hd.png\",\"contentUrl\":\"https:\/\/www.albyco.com\/wp-content\/uploads\/2017\/07\/albyco_logo_hd.png\",\"width\":300,\"height\":300,\"caption\":\"Albyco Nederland B.V.\"},\"image\":{\"@id\":\"https:\/\/www.albyco.com\/#logo\"}},{\"@type\":\"WebSite\",\"@id\":\"https:\/\/www.albyco.com\/#website\",\"url\":\"https:\/\/www.albyco.com\/\",\"name\":\"Albyco\",\"description\":\"Leverancier voor nabewerking van geprinte media\",\"publisher\":{\"@id\":\"https:\/\/www.albyco.com\/#organization\"},\"potentialAction\":[{\"@type\":\"SearchAction\",\"target\":{\"@type\":\"EntryPoint\",\"urlTemplate\":\"https:\/\/www.albyco.com\/?s={search_term_string}\"},\"query-input\":\"required name=search_term_string\"}],\"inLanguage\":\"fr-FR\"},{\"@type\":\"ImageObject\",\"@id\":\"https:\/\/www.albyco.com\/fr\/produit\/neolt-neofold-920-hs-1250hs\/#primaryimage\",\"inLanguage\":\"fr-FR\",\"url\":\"https:\/\/www.albyco.com\/wp-content\/uploads\/2019\/09\/NEOFOLD-920-EB.jpg\",\"contentUrl\":\"https:\/\/www.albyco.com\/wp-content\/uploads\/2019\/09\/NEOFOLD-920-EB.jpg\",\"width\":1000,\"height\":1000,\"caption\":\"NEOFOLD-920-HS\"},{\"@type\":\"WebPage\",\"@id\":\"https:\/\/www.albyco.com\/fr\/produit\/neolt-neofold-920-hs-1250hs\/#webpage\",\"url\":\"https:\/\/www.albyco.com\/fr\/produit\/neolt-neofold-920-hs-1250hs\/\",\"name\":\"Neolt Neofold 920 HS\/1250HS - Albyco\",\"isPartOf\":{\"@id\":\"https:\/\/www.albyco.com\/#website\"},\"primaryImageOfPage\":{\"@id\":\"https:\/\/www.albyco.com\/fr\/produit\/neolt-neofold-920-hs-1250hs\/#primaryimage\"},\"datePublished\":\"2019-09-23T10:11:13+00:00\",\"dateModified\":\"2019-09-23T11:12:15+00:00\",\"description\":\"Neolt NeoFold HS est une s\u00e9rie de plieuses automatiques hautement productives, con\u00e7ues pour r\u00e9pondre aux besoins de production des centres de services, des bureaux techniques et des grands volumes de bureaux.\",\"breadcrumb\":{\"@id\":\"https:\/\/www.albyco.com\/fr\/produit\/neolt-neofold-920-hs-1250hs\/#breadcrumb\"},\"inLanguage\":\"fr-FR\",\"potentialAction\":[{\"@type\":\"ReadAction\",\"target\":[\"https:\/\/www.albyco.com\/fr\/produit\/neolt-neofold-920-hs-1250hs\/\"]}]},{\"@type\":\"BreadcrumbList\",\"@id\":\"https:\/\/www.albyco.com\/fr\/produit\/neolt-neofold-920-hs-1250hs\/#breadcrumb\",\"itemListElement\":[{\"@type\":\"ListItem\",\"position\":1,\"name\":\"Home\",\"item\":\"https:\/\/www.albyco.com\/fr\/\"},{\"@type\":\"ListItem\",\"position\":2,\"name\":\"Les produits\",\"item\":\"https:\/\/www.albyco.com\/fr\/producten\/\"},{\"@type\":\"ListItem\",\"position\":3,\"name\":\"Neolt Neofold 920 HS\/1250HS\"}]}]}<\/script>\n<!-- \/ Yoast SEO plugin. -->","yoast_head_json":{"title":"Neolt Neofold 920 HS\/1250HS - Albyco","description":"Neolt NeoFold HS est une s\u00e9rie de plieuses automatiques hautement productives, con\u00e7ues pour r\u00e9pondre aux besoins de production des centres de services, des bureaux techniques et des grands volumes de bureaux.","robots":{"index":"index","follow":"follow","max-snippet":"max-snippet:-1","max-image-preview":"max-image-preview:large","max-video-preview":"max-video-preview:-1"},"canonical":"https:\/\/www.albyco.com\/fr\/produit\/neolt-neofold-920-hs-1250hs\/","og_locale":"fr_FR","og_type":"article","og_title":"Neolt Neofold 920 HS\/1250HS - Albyco","og_description":"Neolt NeoFold HS est une s\u00e9rie de plieuses automatiques hautement productives, con\u00e7ues pour r\u00e9pondre aux besoins de production des centres de services, des bureaux techniques et des grands volumes de bureaux.","og_url":"https:\/\/www.albyco.com\/fr\/produit\/neolt-neofold-920-hs-1250hs\/","og_site_name":"Albyco","article_modified_time":"2019-09-23T11:12:15+00:00","og_image":[{"width":1000,"height":1000,"url":"https:\/\/www.albyco.com\/wp-content\/uploads\/2019\/09\/NEOFOLD-920-EB.jpg","type":"image\/jpeg"}],"twitter_card":"summary","twitter_site":"@AlbycoNederland","twitter_misc":{"Dur\u00e9e de lecture estim\u00e9e":"1 minute"},"schema":{"@context":"https:\/\/schema.org","@graph":[{"@type":"Organization","@id":"https:\/\/www.albyco.com\/#organization","name":"Albyco Nederland B.V.","url":"https:\/\/www.albyco.com\/","sameAs":["https:\/\/www.linkedin.com\/company\/18015670\/","https:\/\/www.youtube.com\/user\/AlbycoNederland","https:\/\/nl.pinterest.com\/albyco","https:\/\/twitter.com\/AlbycoNederland"],"logo":{"@type":"ImageObject","@id":"https:\/\/www.albyco.com\/#logo","inLanguage":"fr-FR","url":"https:\/\/www.albyco.com\/wp-content\/uploads\/2017\/07\/albyco_logo_hd.png","contentUrl":"https:\/\/www.albyco.com\/wp-content\/uploads\/2017\/07\/albyco_logo_hd.png","width":300,"height":300,"caption":"Albyco Nederland B.V."},"image":{"@id":"https:\/\/www.albyco.com\/#logo"}},{"@type":"WebSite","@id":"https:\/\/www.albyco.com\/#website","url":"https:\/\/www.albyco.com\/","name":"Albyco","description":"Leverancier voor nabewerking van geprinte media","publisher":{"@id":"https:\/\/www.albyco.com\/#organization"},"potentialAction":[{"@type":"SearchAction","target":{"@type":"EntryPoint","urlTemplate":"https:\/\/www.albyco.com\/?s={search_term_string}"},"query-input":"required name=search_term_string"}],"inLanguage":"fr-FR"},{"@type":"ImageObject","@id":"https:\/\/www.albyco.com\/fr\/produit\/neolt-neofold-920-hs-1250hs\/#primaryimage","inLanguage":"fr-FR","url":"https:\/\/www.albyco.com\/wp-content\/uploads\/2019\/09\/NEOFOLD-920-EB.jpg","contentUrl":"https:\/\/www.albyco.com\/wp-content\/uploads\/2019\/09\/NEOFOLD-920-EB.jpg","width":1000,"height":1000,"caption":"NEOFOLD-920-HS"},{"@type":"WebPage","@id":"https:\/\/www.albyco.com\/fr\/produit\/neolt-neofold-920-hs-1250hs\/#webpage","url":"https:\/\/www.albyco.com\/fr\/produit\/neolt-neofold-920-hs-1250hs\/","name":"Neolt Neofold 920 HS\/1250HS - Albyco","isPartOf":{"@id":"https:\/\/www.albyco.com\/#website"},"primaryImageOfPage":{"@id":"https:\/\/www.albyco.com\/fr\/produit\/neolt-neofold-920-hs-1250hs\/#primaryimage"},"datePublished":"2019-09-23T10:11:13+00:00","dateModified":"2019-09-23T11:12:15+00:00","description":"Neolt NeoFold HS est une s\u00e9rie de plieuses automatiques hautement productives, con\u00e7ues pour r\u00e9pondre aux besoins de production des centres de services, des bureaux techniques et des grands volumes de bureaux.","breadcrumb":{"@id":"https:\/\/www.albyco.com\/fr\/produit\/neolt-neofold-920-hs-1250hs\/#breadcrumb"},"inLanguage":"fr-FR","potentialAction":[{"@type":"ReadAction","target":["https:\/\/www.albyco.com\/fr\/produit\/neolt-neofold-920-hs-1250hs\/"]}]},{"@type":"BreadcrumbList","@id":"https:\/\/www.albyco.com\/fr\/produit\/neolt-neofold-920-hs-1250hs\/#breadcrumb","itemListElement":[{"@type":"ListItem","position":1,"name":"Home","item":"https:\/\/www.albyco.com\/fr\/"},{"@type":"ListItem","position":2,"name":"Les produits","item":"https:\/\/www.albyco.com\/fr\/producten\/"},{"@type":"ListItem","position":3,"name":"Neolt Neofold 920 HS\/1250HS"}]}]}},"_links":{"self":[{"href":"https:\/\/www.albyco.com\/fr\/wp-json\/wp\/v2\/product\/25949"}],"collection":[{"href":"https:\/\/www.albyco.com\/fr\/wp-json\/wp\/v2\/product"}],"about":[{"href":"https:\/\/www.albyco.com\/fr\/wp-json\/wp\/v2\/types\/product"}],"replies":[{"embeddable":true,"href":"https:\/\/www.albyco.com\/fr\/wp-json\/wp\/v2\/comments?post=25949"}],"wp:featuredmedia":[{"embeddable":true,"href":"https:\/\/www.albyco.com\/fr\/wp-json\/wp\/v2\/media\/25916"}],"wp:attachment":[{"href":"https:\/\/www.albyco.com\/fr\/wp-json\/wp\/v2\/media?parent=25949"}],"wp:term":[{"taxonomy":"product_cat","embeddable":true,"href":"https:\/\/www.albyco.com\/fr\/wp-json\/wp\/v2\/product_cat?post=25949"},{"taxonomy":"product_tag","embeddable":true,"href":"https:\/\/www.albyco.com\/fr\/wp-json\/wp\/v2\/product_tag?post=25949"}],"curies":[{"name":"wp","href":"https:\/\/api.w.org\/{rel}","templated":true}]}}