{"id":25936,"date":"2019-09-23T09:34:58","date_gmt":"2019-09-23T07:35:25","guid":{"rendered":"https:\/\/www.albyco.com\/?post_type=product&#038;p=25936"},"modified":"2022-01-13T11:58:38","modified_gmt":"2022-01-13T10:58:38","slug":"neolt-neofold-920-s","status":"publish","type":"product","link":"https:\/\/www.albyco.com\/fr\/produit\/neolt-neofold-920-s\/","title":{"rendered":"Neolt Neofold 920 S"},"content":{"rendered":"<table style=\"width: 100%; border-collapse: collapse;\" border=\"0\">\r\n<tbody>\r\n<tr>\r\n<td style=\"width: 50%;\">Plieuse automatique : OFF-LINE \u00e9lectrique 2 plis (longitudinall et transversal) rapide, pr\u00e9cise, compacte et silencieuse pour traiter des documents d une largeur maximum de 95cm et de longueur illimit\u00e9e.\r\nProgrammation :\r\nPar touches de commande regroup\u00e9es sur un clavier avec affichage digital.\r\n12 programmes de pliage longitudinal.\r\n2 programmes de pliage transversal automatique 297 ou 305mm (A0 maxi).\r\nEl\u00e9ments de s\u00e9curit\u00e9 :\r\nAffichage digital des messages de diagnostic transmi par micro-switches, dispos\u00e9s sur les bobines et les carters.\r\nBouton d&#8217;arr\u00eat d&#8217;urgence.\r\nTouche d&#8217;\u00e9jection papier.<\/td>\r\n<td style=\"width: 50%; text-align: center;\"><div class=\"epyt-video-wrapper\"><iframe  id=\"_ytid_10516\"  width=\"800\" height=\"450\"  data-origwidth=\"800\" data-origheight=\"450\"  data-relstop=\"1\" src=\"https:\/\/www.youtube.com\/embed\/gzxOEMRw5Sg?enablejsapi=1&autoplay=0&cc_load_policy=0&iv_load_policy=1&loop=0&modestbranding=0&fs=1&playsinline=1&controls=1&color=red&cc_lang_pref=&rel=0&autohide=2&theme=dark&\" class=\"__youtube_prefs__  no-lazyload\" title=\"YouTube player\"  allow=\"accelerometer; autoplay; clipboard-write; encrypted-media; gyroscope; picture-in-picture\" allowfullscreen data-no-lazy=\"1\" data-skipgform_ajax_framebjll=\"\"><\/iframe><\/div><\/td>\r\n<\/tr>\r\n<\/tbody>\r\n<\/table>\r\n<table class=\"caracTable\">\r\n<tbody>\r\n<tr class=\"bgGray\">\r\n<td class=\"boldTd\">Largeur maximum d\u2019introduction<\/td>\r\n<td>950 mm.<\/td>\r\n<\/tr>\r\n<tr>\r\n<td class=\"boldTd\">Type de papiers<\/td>\r\n<td>Papiers ordinaires PPC, diazo, traceurs (jet d\u2019encre, laser, \u00e9lectrom\u00e9caniques, \u00e9lectrostatiques) de 80g \u00e0 110g.<\/td>\r\n<\/tr>\r\n<tr class=\"bgGray\">\r\n<td class=\"boldTd\">Vitesse de pliage<\/td>\r\n<td>10m\/mn1A0 en 10<\/td>\r\n<\/tr>\r\n<tr>\r\n<td class=\"boldTd\">Alimentation \u00e9lectrique<\/td>\r\n<td>230 V\/50 Hz.<\/td>\r\n<\/tr>\r\n<tr class=\"bgGray\">\r\n<td class=\"boldTd\">Dimensions<\/td>\r\n<td>1280*600*940 mm.<\/td>\r\n<\/tr>\r\n<tr>\r\n<td class=\"boldTd\">Dimensions emball\u00e9<\/td>\r\n<td>1680*640*540 mm.<\/td>\r\n<\/tr>\r\n<tr class=\"bgGray\">\r\n<td class=\"boldTd\">Poids<\/td>\r\n<td>88 kg.<\/td>\r\n<\/tr>\r\n<\/tbody>\r\n<\/table>\r\n&nbsp;","protected":false},"excerpt":{"rendered":"<p class=\"introProduit\">Plieuse de plan 920S. Plieuse de plan \u00e9lectrique. Largeur de travail : 950mm.<\/p>\n","protected":false},"featured_media":25941,"comment_status":"closed","ping_status":"closed","template":"","meta":[],"product_cat":[2300,2781],"product_tag":[],"yoast_head":"<!-- This site is optimized with the Yoast SEO plugin v18.6 - https:\/\/yoast.com\/wordpress\/plugins\/seo\/ -->\n<title>Neolt Neofold 920 S - Albyco<\/title>\n<meta name=\"description\" content=\"Plieuse de plan 920S. Plieuse de plan \u00e9lectrique. Largeur de travail : 950mm.\" \/>\n<meta name=\"robots\" content=\"index, follow, max-snippet:-1, max-image-preview:large, max-video-preview:-1\" \/>\n<link rel=\"canonical\" href=\"https:\/\/www.albyco.com\/fr\/produit\/neolt-neofold-920-s\/\" \/>\n<meta property=\"og:locale\" content=\"fr_FR\" \/>\n<meta property=\"og:type\" content=\"article\" \/>\n<meta property=\"og:title\" content=\"Neolt Neofold 920 S - Albyco\" \/>\n<meta property=\"og:description\" content=\"Plieuse de plan 920S. Plieuse de plan \u00e9lectrique. Largeur de travail : 950mm.\" \/>\n<meta property=\"og:url\" content=\"https:\/\/www.albyco.com\/fr\/produit\/neolt-neofold-920-s\/\" \/>\n<meta property=\"og:site_name\" content=\"Albyco\" \/>\n<meta property=\"article:modified_time\" content=\"2022-01-13T10:58:38+00:00\" \/>\n<meta property=\"og:image\" content=\"https:\/\/www.albyco.com\/wp-content\/uploads\/2019\/09\/Neolt-Neofold-920-S.jpg\" \/>\n\t<meta property=\"og:image:width\" content=\"500\" \/>\n\t<meta property=\"og:image:height\" content=\"544\" \/>\n\t<meta property=\"og:image:type\" content=\"image\/jpeg\" \/>\n<meta name=\"twitter:card\" content=\"summary\" \/>\n<meta name=\"twitter:site\" content=\"@AlbycoNederland\" \/>\n<meta name=\"twitter:label1\" content=\"Dur\u00e9e de lecture estim\u00e9e\" \/>\n\t<meta name=\"twitter:data1\" content=\"1 minute\" \/>\n<script type=\"application\/ld+json\" class=\"yoast-schema-graph\">{\"@context\":\"https:\/\/schema.org\",\"@graph\":[{\"@type\":\"Organization\",\"@id\":\"https:\/\/www.albyco.com\/#organization\",\"name\":\"Albyco Nederland B.V.\",\"url\":\"https:\/\/www.albyco.com\/\",\"sameAs\":[\"https:\/\/www.linkedin.com\/company\/18015670\/\",\"https:\/\/www.youtube.com\/user\/AlbycoNederland\",\"https:\/\/nl.pinterest.com\/albyco\",\"https:\/\/twitter.com\/AlbycoNederland\"],\"logo\":{\"@type\":\"ImageObject\",\"@id\":\"https:\/\/www.albyco.com\/#logo\",\"inLanguage\":\"fr-FR\",\"url\":\"https:\/\/www.albyco.com\/wp-content\/uploads\/2017\/07\/albyco_logo_hd.png\",\"contentUrl\":\"https:\/\/www.albyco.com\/wp-content\/uploads\/2017\/07\/albyco_logo_hd.png\",\"width\":300,\"height\":300,\"caption\":\"Albyco Nederland B.V.\"},\"image\":{\"@id\":\"https:\/\/www.albyco.com\/#logo\"}},{\"@type\":\"WebSite\",\"@id\":\"https:\/\/www.albyco.com\/#website\",\"url\":\"https:\/\/www.albyco.com\/\",\"name\":\"Albyco\",\"description\":\"Leverancier voor nabewerking van geprinte media\",\"publisher\":{\"@id\":\"https:\/\/www.albyco.com\/#organization\"},\"potentialAction\":[{\"@type\":\"SearchAction\",\"target\":{\"@type\":\"EntryPoint\",\"urlTemplate\":\"https:\/\/www.albyco.com\/?s={search_term_string}\"},\"query-input\":\"required name=search_term_string\"}],\"inLanguage\":\"fr-FR\"},{\"@type\":\"ImageObject\",\"@id\":\"https:\/\/www.albyco.com\/fr\/produit\/neolt-neofold-920-s\/#primaryimage\",\"inLanguage\":\"fr-FR\",\"url\":\"https:\/\/www.albyco.com\/wp-content\/uploads\/2019\/09\/Neolt-Neofold-920-S.jpg\",\"contentUrl\":\"https:\/\/www.albyco.com\/wp-content\/uploads\/2019\/09\/Neolt-Neofold-920-S.jpg\",\"width\":500,\"height\":544,\"caption\":\"Neolt-Neofold-920-S\"},{\"@type\":\"WebPage\",\"@id\":\"https:\/\/www.albyco.com\/fr\/produit\/neolt-neofold-920-s\/#webpage\",\"url\":\"https:\/\/www.albyco.com\/fr\/produit\/neolt-neofold-920-s\/\",\"name\":\"Neolt Neofold 920 S - Albyco\",\"isPartOf\":{\"@id\":\"https:\/\/www.albyco.com\/#website\"},\"primaryImageOfPage\":{\"@id\":\"https:\/\/www.albyco.com\/fr\/produit\/neolt-neofold-920-s\/#primaryimage\"},\"datePublished\":\"2019-09-23T07:35:25+00:00\",\"dateModified\":\"2022-01-13T10:58:38+00:00\",\"description\":\"Plieuse de plan 920S. Plieuse de plan \u00e9lectrique. Largeur de travail : 950mm.\",\"breadcrumb\":{\"@id\":\"https:\/\/www.albyco.com\/fr\/produit\/neolt-neofold-920-s\/#breadcrumb\"},\"inLanguage\":\"fr-FR\",\"potentialAction\":[{\"@type\":\"ReadAction\",\"target\":[\"https:\/\/www.albyco.com\/fr\/produit\/neolt-neofold-920-s\/\"]}]},{\"@type\":\"BreadcrumbList\",\"@id\":\"https:\/\/www.albyco.com\/fr\/produit\/neolt-neofold-920-s\/#breadcrumb\",\"itemListElement\":[{\"@type\":\"ListItem\",\"position\":1,\"name\":\"Home\",\"item\":\"https:\/\/www.albyco.com\/fr\/\"},{\"@type\":\"ListItem\",\"position\":2,\"name\":\"Les produits\",\"item\":\"https:\/\/www.albyco.com\/fr\/producten\/\"},{\"@type\":\"ListItem\",\"position\":3,\"name\":\"Neolt Neofold 920 S\"}]}]}<\/script>\n<!-- \/ Yoast SEO plugin. -->","yoast_head_json":{"title":"Neolt Neofold 920 S - Albyco","description":"Plieuse de plan 920S. Plieuse de plan \u00e9lectrique. Largeur de travail : 950mm.","robots":{"index":"index","follow":"follow","max-snippet":"max-snippet:-1","max-image-preview":"max-image-preview:large","max-video-preview":"max-video-preview:-1"},"canonical":"https:\/\/www.albyco.com\/fr\/produit\/neolt-neofold-920-s\/","og_locale":"fr_FR","og_type":"article","og_title":"Neolt Neofold 920 S - Albyco","og_description":"Plieuse de plan 920S. Plieuse de plan \u00e9lectrique. Largeur de travail : 950mm.","og_url":"https:\/\/www.albyco.com\/fr\/produit\/neolt-neofold-920-s\/","og_site_name":"Albyco","article_modified_time":"2022-01-13T10:58:38+00:00","og_image":[{"width":500,"height":544,"url":"https:\/\/www.albyco.com\/wp-content\/uploads\/2019\/09\/Neolt-Neofold-920-S.jpg","type":"image\/jpeg"}],"twitter_card":"summary","twitter_site":"@AlbycoNederland","twitter_misc":{"Dur\u00e9e de lecture estim\u00e9e":"1 minute"},"schema":{"@context":"https:\/\/schema.org","@graph":[{"@type":"Organization","@id":"https:\/\/www.albyco.com\/#organization","name":"Albyco Nederland B.V.","url":"https:\/\/www.albyco.com\/","sameAs":["https:\/\/www.linkedin.com\/company\/18015670\/","https:\/\/www.youtube.com\/user\/AlbycoNederland","https:\/\/nl.pinterest.com\/albyco","https:\/\/twitter.com\/AlbycoNederland"],"logo":{"@type":"ImageObject","@id":"https:\/\/www.albyco.com\/#logo","inLanguage":"fr-FR","url":"https:\/\/www.albyco.com\/wp-content\/uploads\/2017\/07\/albyco_logo_hd.png","contentUrl":"https:\/\/www.albyco.com\/wp-content\/uploads\/2017\/07\/albyco_logo_hd.png","width":300,"height":300,"caption":"Albyco Nederland B.V."},"image":{"@id":"https:\/\/www.albyco.com\/#logo"}},{"@type":"WebSite","@id":"https:\/\/www.albyco.com\/#website","url":"https:\/\/www.albyco.com\/","name":"Albyco","description":"Leverancier voor nabewerking van geprinte media","publisher":{"@id":"https:\/\/www.albyco.com\/#organization"},"potentialAction":[{"@type":"SearchAction","target":{"@type":"EntryPoint","urlTemplate":"https:\/\/www.albyco.com\/?s={search_term_string}"},"query-input":"required name=search_term_string"}],"inLanguage":"fr-FR"},{"@type":"ImageObject","@id":"https:\/\/www.albyco.com\/fr\/produit\/neolt-neofold-920-s\/#primaryimage","inLanguage":"fr-FR","url":"https:\/\/www.albyco.com\/wp-content\/uploads\/2019\/09\/Neolt-Neofold-920-S.jpg","contentUrl":"https:\/\/www.albyco.com\/wp-content\/uploads\/2019\/09\/Neolt-Neofold-920-S.jpg","width":500,"height":544,"caption":"Neolt-Neofold-920-S"},{"@type":"WebPage","@id":"https:\/\/www.albyco.com\/fr\/produit\/neolt-neofold-920-s\/#webpage","url":"https:\/\/www.albyco.com\/fr\/produit\/neolt-neofold-920-s\/","name":"Neolt Neofold 920 S - Albyco","isPartOf":{"@id":"https:\/\/www.albyco.com\/#website"},"primaryImageOfPage":{"@id":"https:\/\/www.albyco.com\/fr\/produit\/neolt-neofold-920-s\/#primaryimage"},"datePublished":"2019-09-23T07:35:25+00:00","dateModified":"2022-01-13T10:58:38+00:00","description":"Plieuse de plan 920S. Plieuse de plan \u00e9lectrique. Largeur de travail : 950mm.","breadcrumb":{"@id":"https:\/\/www.albyco.com\/fr\/produit\/neolt-neofold-920-s\/#breadcrumb"},"inLanguage":"fr-FR","potentialAction":[{"@type":"ReadAction","target":["https:\/\/www.albyco.com\/fr\/produit\/neolt-neofold-920-s\/"]}]},{"@type":"BreadcrumbList","@id":"https:\/\/www.albyco.com\/fr\/produit\/neolt-neofold-920-s\/#breadcrumb","itemListElement":[{"@type":"ListItem","position":1,"name":"Home","item":"https:\/\/www.albyco.com\/fr\/"},{"@type":"ListItem","position":2,"name":"Les produits","item":"https:\/\/www.albyco.com\/fr\/producten\/"},{"@type":"ListItem","position":3,"name":"Neolt Neofold 920 S"}]}]}},"_links":{"self":[{"href":"https:\/\/www.albyco.com\/fr\/wp-json\/wp\/v2\/product\/25936"}],"collection":[{"href":"https:\/\/www.albyco.com\/fr\/wp-json\/wp\/v2\/product"}],"about":[{"href":"https:\/\/www.albyco.com\/fr\/wp-json\/wp\/v2\/types\/product"}],"replies":[{"embeddable":true,"href":"https:\/\/www.albyco.com\/fr\/wp-json\/wp\/v2\/comments?post=25936"}],"wp:featuredmedia":[{"embeddable":true,"href":"https:\/\/www.albyco.com\/fr\/wp-json\/wp\/v2\/media\/25941"}],"wp:attachment":[{"href":"https:\/\/www.albyco.com\/fr\/wp-json\/wp\/v2\/media?parent=25936"}],"wp:term":[{"taxonomy":"product_cat","embeddable":true,"href":"https:\/\/www.albyco.com\/fr\/wp-json\/wp\/v2\/product_cat?post=25936"},{"taxonomy":"product_tag","embeddable":true,"href":"https:\/\/www.albyco.com\/fr\/wp-json\/wp\/v2\/product_tag?post=25936"}],"curies":[{"name":"wp","href":"https:\/\/api.w.org\/{rel}","templated":true}]}}