{"id":25860,"date":"2019-09-19T15:24:57","date_gmt":"2019-09-19T13:24:57","guid":{"rendered":"https:\/\/www.albyco.com\/product\/neolt-easy-cut-serie\/"},"modified":"2021-06-29T12:29:26","modified_gmt":"2021-06-29T10:29:26","slug":"neolt-easy-cut-serie","status":"publish","type":"product","link":"https:\/\/www.albyco.com\/fr\/produit\/neolt-easy-cut-serie\/","title":{"rendered":"Neolt Easy Cut-serie"},"content":{"rendered":"<table style=\"width: 100%; border-collapse: collapse;\" border=\"0\">\r\n<tbody>\r\n<tr>\r\n<td style=\"width: 50%;\">La s\u00e9rie <strong>Neolt Easy Cut<\/strong> comprend trois syst\u00e8mes de d\u00e9coupe flexibles manuels pour les impressions grand format et les mat\u00e9riaux en feuille tels que la mousse, le Forex et le vinyle. Les machines de d\u00e9coupe Neolt Easy Cut sont disponibles dans les longueurs de coupe de 110, 165 et 210 cm et ont une \u00e9paisseur de coupe de 15 mm maximum.<\/td>\r\n<td style=\"width: 50%;\"><div class=\"epyt-video-wrapper\"><iframe  id=\"_ytid_76450\"  width=\"800\" height=\"450\"  data-origwidth=\"800\" data-origheight=\"450\"  data-relstop=\"1\" src=\"https:\/\/www.youtube.com\/embed\/UqUZ8x4wD9M?enablejsapi=1&autoplay=0&cc_load_policy=0&iv_load_policy=1&loop=0&modestbranding=0&fs=1&playsinline=1&controls=1&color=red&cc_lang_pref=&rel=0&autohide=2&theme=dark&\" class=\"__youtube_prefs__  no-lazyload\" title=\"YouTube player\"  allow=\"accelerometer; autoplay; clipboard-write; encrypted-media; gyroscope; picture-in-picture\" allowfullscreen data-no-lazy=\"1\" data-skipgform_ajax_framebjll=\"\"><\/iframe><\/div><\/td>\r\n<\/tr>\r\n<\/tbody>\r\n<\/table>\r\n\u2022 Peut \u00eatre plac\u00e9 horizontalement sur un panneau de mousse ou des impressions pour la d\u00e9coupe\r\n\r\n\u2022 \u00e9clairage de coupe convivial\r\n\r\n\u2022 Double porte-couteau ergonomique avec option de r\u00e9glage de la profondeur du couteau\r\n\r\n\u2022 Profondeur de coupe maximale de 15 mm avec une tr\u00e8s grande pr\u00e9cision, tol\u00e9rance 0,2 mm \/ m\r\n\r\n\u2022 Caoutchouc antid\u00e9rapant sur la face inf\u00e9rieure le long de la longueur de coupe\r\n\r\n\u2022 M\u00e9dias \u00e0 traiter: jusqu\u2019\u00e0 15 mm sur carton mousse, carton, forex, vinyle\r\n\r\n\u2022 Convivial avec des ventouses pour une fixation ferme \u00e0 une surface de travail\r\n\r\n\u2022 Double t\u00eate de coupe \u00e0 lames interchangeables\r\n\r\n\u2022 Deux lames diff\u00e9rentes; le premier est un double couteau standard pour les mat\u00e9riaux rigides tels que la mousse et le Forex, le second est un couteau \u00e0 crochet \u00e0 double tranchant, id\u00e9al pour couper les banni\u00e8res et le vinyle","protected":false},"excerpt":{"rendered":"<p>La s\u00e9rie <strong>Neolt Easy Cut<\/strong> comprend trois syst\u00e8mes de d\u00e9coupe flexibles manuels pour les impressions grand format et les mat\u00e9riaux en feuille tels que la mousse, le Forex et le vinyle.<\/p>\n","protected":false},"featured_media":25851,"comment_status":"closed","ping_status":"closed","template":"","meta":[],"product_cat":[2300,3476,2793,3665,2791],"product_tag":[],"yoast_head":"<!-- This site is optimized with the Yoast SEO plugin v18.6 - https:\/\/yoast.com\/wordpress\/plugins\/seo\/ -->\n<title>Neolt Easy Cut-serie - Albyco<\/title>\n<meta name=\"description\" content=\"La s\u00e9rie Neolt Easy Cut comprend trois syst\u00e8mes de d\u00e9coupe flexibles manuels pour les impressions grand format et les mat\u00e9riaux en feuille tels que la mousse, le Forex et le vinyle.\" \/>\n<meta name=\"robots\" content=\"index, follow, max-snippet:-1, max-image-preview:large, max-video-preview:-1\" \/>\n<link rel=\"canonical\" href=\"https:\/\/www.albyco.com\/fr\/produit\/neolt-easy-cut-serie\/\" \/>\n<meta property=\"og:locale\" content=\"fr_FR\" \/>\n<meta property=\"og:type\" content=\"article\" \/>\n<meta property=\"og:title\" content=\"Neolt Easy Cut-serie - Albyco\" \/>\n<meta property=\"og:description\" content=\"La s\u00e9rie Neolt Easy Cut comprend trois syst\u00e8mes de d\u00e9coupe flexibles manuels pour les impressions grand format et les mat\u00e9riaux en feuille tels que la mousse, le Forex et le vinyle.\" \/>\n<meta property=\"og:url\" content=\"https:\/\/www.albyco.com\/fr\/produit\/neolt-easy-cut-serie\/\" \/>\n<meta property=\"og:site_name\" content=\"Albyco\" \/>\n<meta property=\"article:modified_time\" content=\"2021-06-29T10:29:26+00:00\" \/>\n<meta property=\"og:image\" content=\"https:\/\/www.albyco.com\/wp-content\/uploads\/2019\/09\/NEOLT-EasyCut.jpg\" \/>\n\t<meta property=\"og:image:width\" content=\"1200\" \/>\n\t<meta property=\"og:image:height\" content=\"1600\" \/>\n\t<meta property=\"og:image:type\" content=\"image\/jpeg\" \/>\n<meta name=\"twitter:card\" content=\"summary\" \/>\n<meta name=\"twitter:site\" content=\"@AlbycoNederland\" \/>\n<meta name=\"twitter:label1\" content=\"Dur\u00e9e de lecture estim\u00e9e\" \/>\n\t<meta name=\"twitter:data1\" content=\"1 minute\" \/>\n<script type=\"application\/ld+json\" class=\"yoast-schema-graph\">{\"@context\":\"https:\/\/schema.org\",\"@graph\":[{\"@type\":\"Organization\",\"@id\":\"https:\/\/www.albyco.com\/#organization\",\"name\":\"Albyco Nederland B.V.\",\"url\":\"https:\/\/www.albyco.com\/\",\"sameAs\":[\"https:\/\/www.linkedin.com\/company\/18015670\/\",\"https:\/\/www.youtube.com\/user\/AlbycoNederland\",\"https:\/\/nl.pinterest.com\/albyco\",\"https:\/\/twitter.com\/AlbycoNederland\"],\"logo\":{\"@type\":\"ImageObject\",\"@id\":\"https:\/\/www.albyco.com\/#logo\",\"inLanguage\":\"fr-FR\",\"url\":\"https:\/\/www.albyco.com\/wp-content\/uploads\/2017\/07\/albyco_logo_hd.png\",\"contentUrl\":\"https:\/\/www.albyco.com\/wp-content\/uploads\/2017\/07\/albyco_logo_hd.png\",\"width\":300,\"height\":300,\"caption\":\"Albyco Nederland B.V.\"},\"image\":{\"@id\":\"https:\/\/www.albyco.com\/#logo\"}},{\"@type\":\"WebSite\",\"@id\":\"https:\/\/www.albyco.com\/#website\",\"url\":\"https:\/\/www.albyco.com\/\",\"name\":\"Albyco\",\"description\":\"Leverancier voor nabewerking van geprinte media\",\"publisher\":{\"@id\":\"https:\/\/www.albyco.com\/#organization\"},\"potentialAction\":[{\"@type\":\"SearchAction\",\"target\":{\"@type\":\"EntryPoint\",\"urlTemplate\":\"https:\/\/www.albyco.com\/?s={search_term_string}\"},\"query-input\":\"required name=search_term_string\"}],\"inLanguage\":\"fr-FR\"},{\"@type\":\"ImageObject\",\"@id\":\"https:\/\/www.albyco.com\/fr\/produit\/neolt-easy-cut-serie\/#primaryimage\",\"inLanguage\":\"fr-FR\",\"url\":\"https:\/\/www.albyco.com\/wp-content\/uploads\/2019\/09\/NEOLT-EasyCut.jpg\",\"contentUrl\":\"https:\/\/www.albyco.com\/wp-content\/uploads\/2019\/09\/NEOLT-EasyCut.jpg\",\"width\":1200,\"height\":1600,\"caption\":\"NEOLT-EasyCut\"},{\"@type\":\"WebPage\",\"@id\":\"https:\/\/www.albyco.com\/fr\/produit\/neolt-easy-cut-serie\/#webpage\",\"url\":\"https:\/\/www.albyco.com\/fr\/produit\/neolt-easy-cut-serie\/\",\"name\":\"Neolt Easy Cut-serie - Albyco\",\"isPartOf\":{\"@id\":\"https:\/\/www.albyco.com\/#website\"},\"primaryImageOfPage\":{\"@id\":\"https:\/\/www.albyco.com\/fr\/produit\/neolt-easy-cut-serie\/#primaryimage\"},\"datePublished\":\"2019-09-19T13:24:57+00:00\",\"dateModified\":\"2021-06-29T10:29:26+00:00\",\"description\":\"La s\u00e9rie Neolt Easy Cut comprend trois syst\u00e8mes de d\u00e9coupe flexibles manuels pour les impressions grand format et les mat\u00e9riaux en feuille tels que la mousse, le Forex et le vinyle.\",\"breadcrumb\":{\"@id\":\"https:\/\/www.albyco.com\/fr\/produit\/neolt-easy-cut-serie\/#breadcrumb\"},\"inLanguage\":\"fr-FR\",\"potentialAction\":[{\"@type\":\"ReadAction\",\"target\":[\"https:\/\/www.albyco.com\/fr\/produit\/neolt-easy-cut-serie\/\"]}]},{\"@type\":\"BreadcrumbList\",\"@id\":\"https:\/\/www.albyco.com\/fr\/produit\/neolt-easy-cut-serie\/#breadcrumb\",\"itemListElement\":[{\"@type\":\"ListItem\",\"position\":1,\"name\":\"Home\",\"item\":\"https:\/\/www.albyco.com\/fr\/\"},{\"@type\":\"ListItem\",\"position\":2,\"name\":\"Les produits\",\"item\":\"https:\/\/www.albyco.com\/fr\/producten\/\"},{\"@type\":\"ListItem\",\"position\":3,\"name\":\"Neolt Easy Cut-serie\"}]}]}<\/script>\n<!-- \/ Yoast SEO plugin. -->","yoast_head_json":{"title":"Neolt Easy Cut-serie - Albyco","description":"La s\u00e9rie Neolt Easy Cut comprend trois syst\u00e8mes de d\u00e9coupe flexibles manuels pour les impressions grand format et les mat\u00e9riaux en feuille tels que la mousse, le Forex et le vinyle.","robots":{"index":"index","follow":"follow","max-snippet":"max-snippet:-1","max-image-preview":"max-image-preview:large","max-video-preview":"max-video-preview:-1"},"canonical":"https:\/\/www.albyco.com\/fr\/produit\/neolt-easy-cut-serie\/","og_locale":"fr_FR","og_type":"article","og_title":"Neolt Easy Cut-serie - Albyco","og_description":"La s\u00e9rie Neolt Easy Cut comprend trois syst\u00e8mes de d\u00e9coupe flexibles manuels pour les impressions grand format et les mat\u00e9riaux en feuille tels que la mousse, le Forex et le vinyle.","og_url":"https:\/\/www.albyco.com\/fr\/produit\/neolt-easy-cut-serie\/","og_site_name":"Albyco","article_modified_time":"2021-06-29T10:29:26+00:00","og_image":[{"width":1200,"height":1600,"url":"https:\/\/www.albyco.com\/wp-content\/uploads\/2019\/09\/NEOLT-EasyCut.jpg","type":"image\/jpeg"}],"twitter_card":"summary","twitter_site":"@AlbycoNederland","twitter_misc":{"Dur\u00e9e de lecture estim\u00e9e":"1 minute"},"schema":{"@context":"https:\/\/schema.org","@graph":[{"@type":"Organization","@id":"https:\/\/www.albyco.com\/#organization","name":"Albyco Nederland B.V.","url":"https:\/\/www.albyco.com\/","sameAs":["https:\/\/www.linkedin.com\/company\/18015670\/","https:\/\/www.youtube.com\/user\/AlbycoNederland","https:\/\/nl.pinterest.com\/albyco","https:\/\/twitter.com\/AlbycoNederland"],"logo":{"@type":"ImageObject","@id":"https:\/\/www.albyco.com\/#logo","inLanguage":"fr-FR","url":"https:\/\/www.albyco.com\/wp-content\/uploads\/2017\/07\/albyco_logo_hd.png","contentUrl":"https:\/\/www.albyco.com\/wp-content\/uploads\/2017\/07\/albyco_logo_hd.png","width":300,"height":300,"caption":"Albyco Nederland B.V."},"image":{"@id":"https:\/\/www.albyco.com\/#logo"}},{"@type":"WebSite","@id":"https:\/\/www.albyco.com\/#website","url":"https:\/\/www.albyco.com\/","name":"Albyco","description":"Leverancier voor nabewerking van geprinte media","publisher":{"@id":"https:\/\/www.albyco.com\/#organization"},"potentialAction":[{"@type":"SearchAction","target":{"@type":"EntryPoint","urlTemplate":"https:\/\/www.albyco.com\/?s={search_term_string}"},"query-input":"required name=search_term_string"}],"inLanguage":"fr-FR"},{"@type":"ImageObject","@id":"https:\/\/www.albyco.com\/fr\/produit\/neolt-easy-cut-serie\/#primaryimage","inLanguage":"fr-FR","url":"https:\/\/www.albyco.com\/wp-content\/uploads\/2019\/09\/NEOLT-EasyCut.jpg","contentUrl":"https:\/\/www.albyco.com\/wp-content\/uploads\/2019\/09\/NEOLT-EasyCut.jpg","width":1200,"height":1600,"caption":"NEOLT-EasyCut"},{"@type":"WebPage","@id":"https:\/\/www.albyco.com\/fr\/produit\/neolt-easy-cut-serie\/#webpage","url":"https:\/\/www.albyco.com\/fr\/produit\/neolt-easy-cut-serie\/","name":"Neolt Easy Cut-serie - Albyco","isPartOf":{"@id":"https:\/\/www.albyco.com\/#website"},"primaryImageOfPage":{"@id":"https:\/\/www.albyco.com\/fr\/produit\/neolt-easy-cut-serie\/#primaryimage"},"datePublished":"2019-09-19T13:24:57+00:00","dateModified":"2021-06-29T10:29:26+00:00","description":"La s\u00e9rie Neolt Easy Cut comprend trois syst\u00e8mes de d\u00e9coupe flexibles manuels pour les impressions grand format et les mat\u00e9riaux en feuille tels que la mousse, le Forex et le vinyle.","breadcrumb":{"@id":"https:\/\/www.albyco.com\/fr\/produit\/neolt-easy-cut-serie\/#breadcrumb"},"inLanguage":"fr-FR","potentialAction":[{"@type":"ReadAction","target":["https:\/\/www.albyco.com\/fr\/produit\/neolt-easy-cut-serie\/"]}]},{"@type":"BreadcrumbList","@id":"https:\/\/www.albyco.com\/fr\/produit\/neolt-easy-cut-serie\/#breadcrumb","itemListElement":[{"@type":"ListItem","position":1,"name":"Home","item":"https:\/\/www.albyco.com\/fr\/"},{"@type":"ListItem","position":2,"name":"Les produits","item":"https:\/\/www.albyco.com\/fr\/producten\/"},{"@type":"ListItem","position":3,"name":"Neolt Easy Cut-serie"}]}]}},"_links":{"self":[{"href":"https:\/\/www.albyco.com\/fr\/wp-json\/wp\/v2\/product\/25860"}],"collection":[{"href":"https:\/\/www.albyco.com\/fr\/wp-json\/wp\/v2\/product"}],"about":[{"href":"https:\/\/www.albyco.com\/fr\/wp-json\/wp\/v2\/types\/product"}],"replies":[{"embeddable":true,"href":"https:\/\/www.albyco.com\/fr\/wp-json\/wp\/v2\/comments?post=25860"}],"wp:featuredmedia":[{"embeddable":true,"href":"https:\/\/www.albyco.com\/fr\/wp-json\/wp\/v2\/media\/25851"}],"wp:attachment":[{"href":"https:\/\/www.albyco.com\/fr\/wp-json\/wp\/v2\/media?parent=25860"}],"wp:term":[{"taxonomy":"product_cat","embeddable":true,"href":"https:\/\/www.albyco.com\/fr\/wp-json\/wp\/v2\/product_cat?post=25860"},{"taxonomy":"product_tag","embeddable":true,"href":"https:\/\/www.albyco.com\/fr\/wp-json\/wp\/v2\/product_tag?post=25860"}],"curies":[{"name":"wp","href":"https:\/\/api.w.org\/{rel}","templated":true}]}}