{"id":25751,"date":"2019-09-17T13:49:56","date_gmt":"2019-09-17T11:50:28","guid":{"rendered":"https:\/\/www.albyco.com\/?post_type=product&#038;p=25751"},"modified":"2021-06-29T13:57:20","modified_gmt":"2021-06-29T11:57:20","slug":"neolt-strong-trim-coupeuse","status":"publish","type":"product","link":"https:\/\/www.albyco.com\/fr\/produit\/neolt-strong-trim-coupeuse\/","title":{"rendered":"Neolt Electro Strong Trim"},"content":{"rendered":"<table style=\"width: 100%; border-collapse: collapse;\" border=\"0\">\r\n<tbody>\r\n<tr>\r\n<td style=\"width: 50%;\">D\u00e9coupez facilement vos documents papier, vos supports sur carton, plastique, foam et autres mat\u00e9riaux gr\u00e2ce \u00e0 cette coupeuse professionnelle d&#8217;une capacit\u00e9 de coupe de 4,5mm d&#8217;\u00e9paisseur.<\/td>\r\n<td style=\"width: 50%;\"><div class=\"epyt-video-wrapper\"><iframe  id=\"_ytid_77636\"  width=\"800\" height=\"450\"  data-origwidth=\"800\" data-origheight=\"450\"  data-relstop=\"1\" src=\"https:\/\/www.youtube.com\/embed\/JddpK086nuI?enablejsapi=1&autoplay=0&cc_load_policy=0&iv_load_policy=1&loop=0&modestbranding=0&fs=1&playsinline=1&controls=1&color=red&cc_lang_pref=&rel=0&autohide=2&theme=dark&\" class=\"__youtube_prefs__  no-lazyload\" title=\"YouTube player\"  allow=\"accelerometer; autoplay; clipboard-write; encrypted-media; gyroscope; picture-in-picture\" allowfullscreen data-no-lazy=\"1\" data-skipgform_ajax_framebjll=\"\"><\/iframe><\/div><\/td>\r\n<\/tr>\r\n<\/tbody>\r\n<\/table>\r\nRobuste, pr\u00e9cise et simple d&#8217;utilisation, c&#8217;est le compl\u00e9ment id\u00e9al \u00e0 vos syst\u00e8mes d&#8217;impression num\u00e9rique grand format. Sa t\u00eate de coupe \u00e0 double lame en acier tremp\u00e9, sa lame fixe en acier inoxydable, la stabilit\u00e9 de sa barre coulissante garantissent une qualit\u00e9 de coupe optimale. La table de coupe a \u00e9t\u00e9 peinte avec une peinture \u00e9poxy r\u00e9sistante aux coupures et aux rayures, pour un mod\u00e8le con\u00e7u pour durer.\r\n\r\nLivr\u00e9e avec un stand, des \u00e9querres r\u00e9glables (but\u00e9es) ainsi qu&#8217;un bac de r\u00e9ception des d\u00e9chets de coupe.\r\n\r\n&nbsp;\r\n\r\n<a href=\"https:\/\/www.albyco.com\/fr\/contactez-nous\/\"><img loading=\"lazy\" class=\"size-full wp-image-11223 alignleft\" src=\"https:\/\/www.albyco.com\/wp-content\/uploads\/2018\/02\/CTA-Albyco-fr-2.jpg\" alt=\"\" width=\"225\" height=\"141\" srcset=\"https:\/\/www.albyco.com\/wp-content\/uploads\/2018\/02\/CTA-Albyco-fr-2.jpg 225w, https:\/\/www.albyco.com\/wp-content\/uploads\/2018\/02\/CTA-Albyco-fr-2-100x63.jpg 100w, https:\/\/www.albyco.com\/wp-content\/uploads\/2018\/02\/CTA-Albyco-fr-2-24x15.jpg 24w, https:\/\/www.albyco.com\/wp-content\/uploads\/2018\/02\/CTA-Albyco-fr-2-36x23.jpg 36w, https:\/\/www.albyco.com\/wp-content\/uploads\/2018\/02\/CTA-Albyco-fr-2-48x30.jpg 48w\" sizes=\"(max-width: 225px) 100vw, 225px\" \/><\/a>","protected":false},"excerpt":{"rendered":"<p>Neolt Electro Strong Trim, avec \u00e9clairage LED et ligne de coupe fluorescente \u00e0 travers la zone de coupe et pince \u00e0 feuille Max. \u00e9paisseur de coupe 4,5 mm, disponible en quatre longueurs de coupe, 165, 120, 210 et 320 cm.<\/p>\n","protected":false},"featured_media":25775,"comment_status":"open","ping_status":"closed","template":"","meta":[],"product_cat":[2300,2301,2789,3497,3498,2790,3496],"product_tag":[3499,2305,2744,2308],"yoast_head":"<!-- This site is optimized with the Yoast SEO plugin v18.6 - https:\/\/yoast.com\/wordpress\/plugins\/seo\/ -->\n<title>Neolt Electro Strong Trim - Albyco<\/title>\n<meta name=\"description\" content=\"Neolt Electro Strong Trim, avec \u00e9clairage LED et ligne de coupe fluorescente \u00e0 travers la zone de coupe et pince \u00e0 feuille Max. \u00e9paisseur de coupe 4,5 mm, disponible en quatre longueurs de coupe, 165, 120, 210 et 320 cm.\" \/>\n<meta name=\"robots\" content=\"index, follow, max-snippet:-1, max-image-preview:large, max-video-preview:-1\" \/>\n<link rel=\"canonical\" href=\"https:\/\/www.albyco.com\/fr\/produit\/neolt-strong-trim-coupeuse\/\" \/>\n<meta property=\"og:locale\" content=\"fr_FR\" \/>\n<meta property=\"og:type\" content=\"article\" \/>\n<meta property=\"og:title\" content=\"Neolt Electro Strong Trim - Albyco\" \/>\n<meta property=\"og:description\" content=\"Neolt Electro Strong Trim, avec \u00e9clairage LED et ligne de coupe fluorescente \u00e0 travers la zone de coupe et pince \u00e0 feuille Max. \u00e9paisseur de coupe 4,5 mm, disponible en quatre longueurs de coupe, 165, 120, 210 et 320 cm.\" \/>\n<meta property=\"og:url\" content=\"https:\/\/www.albyco.com\/fr\/produit\/neolt-strong-trim-coupeuse\/\" \/>\n<meta property=\"og:site_name\" content=\"Albyco\" \/>\n<meta property=\"article:modified_time\" content=\"2021-06-29T11:57:20+00:00\" \/>\n<meta property=\"og:image\" content=\"https:\/\/www.albyco.com\/wp-content\/uploads\/2017\/07\/NEOLT-ELECTRO-POWER-TRIM-.jpg\" \/>\n\t<meta property=\"og:image:width\" content=\"1636\" \/>\n\t<meta property=\"og:image:height\" content=\"1091\" \/>\n\t<meta property=\"og:image:type\" content=\"image\/jpeg\" \/>\n<meta name=\"twitter:card\" content=\"summary\" \/>\n<meta name=\"twitter:site\" content=\"@AlbycoNederland\" \/>\n<meta name=\"twitter:label1\" content=\"Dur\u00e9e de lecture estim\u00e9e\" \/>\n\t<meta name=\"twitter:data1\" content=\"1 minute\" \/>\n<script type=\"application\/ld+json\" class=\"yoast-schema-graph\">{\"@context\":\"https:\/\/schema.org\",\"@graph\":[{\"@type\":\"Organization\",\"@id\":\"https:\/\/www.albyco.com\/#organization\",\"name\":\"Albyco Nederland B.V.\",\"url\":\"https:\/\/www.albyco.com\/\",\"sameAs\":[\"https:\/\/www.linkedin.com\/company\/18015670\/\",\"https:\/\/www.youtube.com\/user\/AlbycoNederland\",\"https:\/\/nl.pinterest.com\/albyco\",\"https:\/\/twitter.com\/AlbycoNederland\"],\"logo\":{\"@type\":\"ImageObject\",\"@id\":\"https:\/\/www.albyco.com\/#logo\",\"inLanguage\":\"fr-FR\",\"url\":\"https:\/\/www.albyco.com\/wp-content\/uploads\/2017\/07\/albyco_logo_hd.png\",\"contentUrl\":\"https:\/\/www.albyco.com\/wp-content\/uploads\/2017\/07\/albyco_logo_hd.png\",\"width\":300,\"height\":300,\"caption\":\"Albyco Nederland B.V.\"},\"image\":{\"@id\":\"https:\/\/www.albyco.com\/#logo\"}},{\"@type\":\"WebSite\",\"@id\":\"https:\/\/www.albyco.com\/#website\",\"url\":\"https:\/\/www.albyco.com\/\",\"name\":\"Albyco\",\"description\":\"Leverancier voor nabewerking van geprinte media\",\"publisher\":{\"@id\":\"https:\/\/www.albyco.com\/#organization\"},\"potentialAction\":[{\"@type\":\"SearchAction\",\"target\":{\"@type\":\"EntryPoint\",\"urlTemplate\":\"https:\/\/www.albyco.com\/?s={search_term_string}\"},\"query-input\":\"required name=search_term_string\"}],\"inLanguage\":\"fr-FR\"},{\"@type\":\"ImageObject\",\"@id\":\"https:\/\/www.albyco.com\/fr\/produit\/neolt-strong-trim-coupeuse\/#primaryimage\",\"inLanguage\":\"fr-FR\",\"url\":\"https:\/\/www.albyco.com\/wp-content\/uploads\/2019\/09\/NEOLT-ELECTRO-STRONG-TRIM2019.jpg\",\"contentUrl\":\"https:\/\/www.albyco.com\/wp-content\/uploads\/2019\/09\/NEOLT-ELECTRO-STRONG-TRIM2019.jpg\",\"width\":2500,\"height\":1667,\"caption\":\"NEOLT-ELECTRO-STRONG-TRIM2019\"},{\"@type\":\"WebPage\",\"@id\":\"https:\/\/www.albyco.com\/fr\/produit\/neolt-strong-trim-coupeuse\/#webpage\",\"url\":\"https:\/\/www.albyco.com\/fr\/produit\/neolt-strong-trim-coupeuse\/\",\"name\":\"Neolt Electro Strong Trim - Albyco\",\"isPartOf\":{\"@id\":\"https:\/\/www.albyco.com\/#website\"},\"primaryImageOfPage\":{\"@id\":\"https:\/\/www.albyco.com\/fr\/produit\/neolt-strong-trim-coupeuse\/#primaryimage\"},\"datePublished\":\"2019-09-17T11:50:28+00:00\",\"dateModified\":\"2021-06-29T11:57:20+00:00\",\"description\":\"Neolt Electro Strong Trim, avec \u00e9clairage LED et ligne de coupe fluorescente \u00e0 travers la zone de coupe et pince \u00e0 feuille Max. \u00e9paisseur de coupe 4,5 mm, disponible en quatre longueurs de coupe, 165, 120, 210 et 320 cm.\",\"breadcrumb\":{\"@id\":\"https:\/\/www.albyco.com\/fr\/produit\/neolt-strong-trim-coupeuse\/#breadcrumb\"},\"inLanguage\":\"fr-FR\",\"potentialAction\":[{\"@type\":\"ReadAction\",\"target\":[\"https:\/\/www.albyco.com\/fr\/produit\/neolt-strong-trim-coupeuse\/\"]}]},{\"@type\":\"BreadcrumbList\",\"@id\":\"https:\/\/www.albyco.com\/fr\/produit\/neolt-strong-trim-coupeuse\/#breadcrumb\",\"itemListElement\":[{\"@type\":\"ListItem\",\"position\":1,\"name\":\"Home\",\"item\":\"https:\/\/www.albyco.com\/fr\/\"},{\"@type\":\"ListItem\",\"position\":2,\"name\":\"Les produits\",\"item\":\"https:\/\/www.albyco.com\/fr\/producten\/\"},{\"@type\":\"ListItem\",\"position\":3,\"name\":\"Neolt Electro Strong Trim\"}]}]}<\/script>\n<!-- \/ Yoast SEO plugin. -->","yoast_head_json":{"title":"Neolt Electro Strong Trim - Albyco","description":"Neolt Electro Strong Trim, avec \u00e9clairage LED et ligne de coupe fluorescente \u00e0 travers la zone de coupe et pince \u00e0 feuille Max. \u00e9paisseur de coupe 4,5 mm, disponible en quatre longueurs de coupe, 165, 120, 210 et 320 cm.","robots":{"index":"index","follow":"follow","max-snippet":"max-snippet:-1","max-image-preview":"max-image-preview:large","max-video-preview":"max-video-preview:-1"},"canonical":"https:\/\/www.albyco.com\/fr\/produit\/neolt-strong-trim-coupeuse\/","og_locale":"fr_FR","og_type":"article","og_title":"Neolt Electro Strong Trim - Albyco","og_description":"Neolt Electro Strong Trim, avec \u00e9clairage LED et ligne de coupe fluorescente \u00e0 travers la zone de coupe et pince \u00e0 feuille Max. \u00e9paisseur de coupe 4,5 mm, disponible en quatre longueurs de coupe, 165, 120, 210 et 320 cm.","og_url":"https:\/\/www.albyco.com\/fr\/produit\/neolt-strong-trim-coupeuse\/","og_site_name":"Albyco","article_modified_time":"2021-06-29T11:57:20+00:00","og_image":[{"width":1636,"height":1091,"url":"https:\/\/www.albyco.com\/wp-content\/uploads\/2017\/07\/NEOLT-ELECTRO-POWER-TRIM-.jpg","type":"image\/jpeg"}],"twitter_card":"summary","twitter_site":"@AlbycoNederland","twitter_misc":{"Dur\u00e9e de lecture estim\u00e9e":"1 minute"},"schema":{"@context":"https:\/\/schema.org","@graph":[{"@type":"Organization","@id":"https:\/\/www.albyco.com\/#organization","name":"Albyco Nederland B.V.","url":"https:\/\/www.albyco.com\/","sameAs":["https:\/\/www.linkedin.com\/company\/18015670\/","https:\/\/www.youtube.com\/user\/AlbycoNederland","https:\/\/nl.pinterest.com\/albyco","https:\/\/twitter.com\/AlbycoNederland"],"logo":{"@type":"ImageObject","@id":"https:\/\/www.albyco.com\/#logo","inLanguage":"fr-FR","url":"https:\/\/www.albyco.com\/wp-content\/uploads\/2017\/07\/albyco_logo_hd.png","contentUrl":"https:\/\/www.albyco.com\/wp-content\/uploads\/2017\/07\/albyco_logo_hd.png","width":300,"height":300,"caption":"Albyco Nederland B.V."},"image":{"@id":"https:\/\/www.albyco.com\/#logo"}},{"@type":"WebSite","@id":"https:\/\/www.albyco.com\/#website","url":"https:\/\/www.albyco.com\/","name":"Albyco","description":"Leverancier voor nabewerking van geprinte media","publisher":{"@id":"https:\/\/www.albyco.com\/#organization"},"potentialAction":[{"@type":"SearchAction","target":{"@type":"EntryPoint","urlTemplate":"https:\/\/www.albyco.com\/?s={search_term_string}"},"query-input":"required name=search_term_string"}],"inLanguage":"fr-FR"},{"@type":"ImageObject","@id":"https:\/\/www.albyco.com\/fr\/produit\/neolt-strong-trim-coupeuse\/#primaryimage","inLanguage":"fr-FR","url":"https:\/\/www.albyco.com\/wp-content\/uploads\/2019\/09\/NEOLT-ELECTRO-STRONG-TRIM2019.jpg","contentUrl":"https:\/\/www.albyco.com\/wp-content\/uploads\/2019\/09\/NEOLT-ELECTRO-STRONG-TRIM2019.jpg","width":2500,"height":1667,"caption":"NEOLT-ELECTRO-STRONG-TRIM2019"},{"@type":"WebPage","@id":"https:\/\/www.albyco.com\/fr\/produit\/neolt-strong-trim-coupeuse\/#webpage","url":"https:\/\/www.albyco.com\/fr\/produit\/neolt-strong-trim-coupeuse\/","name":"Neolt Electro Strong Trim - Albyco","isPartOf":{"@id":"https:\/\/www.albyco.com\/#website"},"primaryImageOfPage":{"@id":"https:\/\/www.albyco.com\/fr\/produit\/neolt-strong-trim-coupeuse\/#primaryimage"},"datePublished":"2019-09-17T11:50:28+00:00","dateModified":"2021-06-29T11:57:20+00:00","description":"Neolt Electro Strong Trim, avec \u00e9clairage LED et ligne de coupe fluorescente \u00e0 travers la zone de coupe et pince \u00e0 feuille Max. \u00e9paisseur de coupe 4,5 mm, disponible en quatre longueurs de coupe, 165, 120, 210 et 320 cm.","breadcrumb":{"@id":"https:\/\/www.albyco.com\/fr\/produit\/neolt-strong-trim-coupeuse\/#breadcrumb"},"inLanguage":"fr-FR","potentialAction":[{"@type":"ReadAction","target":["https:\/\/www.albyco.com\/fr\/produit\/neolt-strong-trim-coupeuse\/"]}]},{"@type":"BreadcrumbList","@id":"https:\/\/www.albyco.com\/fr\/produit\/neolt-strong-trim-coupeuse\/#breadcrumb","itemListElement":[{"@type":"ListItem","position":1,"name":"Home","item":"https:\/\/www.albyco.com\/fr\/"},{"@type":"ListItem","position":2,"name":"Les produits","item":"https:\/\/www.albyco.com\/fr\/producten\/"},{"@type":"ListItem","position":3,"name":"Neolt Electro Strong Trim"}]}]}},"_links":{"self":[{"href":"https:\/\/www.albyco.com\/fr\/wp-json\/wp\/v2\/product\/25751"}],"collection":[{"href":"https:\/\/www.albyco.com\/fr\/wp-json\/wp\/v2\/product"}],"about":[{"href":"https:\/\/www.albyco.com\/fr\/wp-json\/wp\/v2\/types\/product"}],"replies":[{"embeddable":true,"href":"https:\/\/www.albyco.com\/fr\/wp-json\/wp\/v2\/comments?post=25751"}],"wp:featuredmedia":[{"embeddable":true,"href":"https:\/\/www.albyco.com\/fr\/wp-json\/wp\/v2\/media\/25775"}],"wp:attachment":[{"href":"https:\/\/www.albyco.com\/fr\/wp-json\/wp\/v2\/media?parent=25751"}],"wp:term":[{"taxonomy":"product_cat","embeddable":true,"href":"https:\/\/www.albyco.com\/fr\/wp-json\/wp\/v2\/product_cat?post=25751"},{"taxonomy":"product_tag","embeddable":true,"href":"https:\/\/www.albyco.com\/fr\/wp-json\/wp\/v2\/product_tag?post=25751"}],"curies":[{"name":"wp","href":"https:\/\/api.w.org\/{rel}","templated":true}]}}