{"id":25561,"date":"2019-08-09T13:59:21","date_gmt":"2019-08-09T11:59:43","guid":{"rendered":"https:\/\/www.albyco.com\/?post_type=product&#038;p=25561"},"modified":"2020-09-04T13:35:45","modified_gmt":"2020-09-04T11:35:45","slug":"neolt-manual-trim-coupe-rouleaux-manuels","status":"publish","type":"product","link":"https:\/\/www.albyco.com\/fr\/produit\/neolt-manual-trim-coupe-rouleaux-manuels\/","title":{"rendered":"Neolt Manual Trim Plus, coupe-rouleaux manuels"},"content":{"rendered":"<p class=\"p1\">Neolt Manual Trim Plus est un cutter manuel pour tous les besoins, robuste, complet, dot\u00e9 de caract\u00e9ristiques techniques uniques et disponible dans une large gamme de longueurs de coupe.<\/p>\r\nGr\u00e2ce \u00e0 la disponibilit\u00e9 des formats de 2 \u00e0 2,5 m\u00e8tres, Neolt Trim Plus r\u00e9pond aux besoins professionnels des magasins d\u2019impression et de copie num\u00e9riques de petite et moyenne taille, en combinaison avec le grand format\u00a0imprimantes \u00e0 jet d&#8217;encre ou autonomes.\r\n\r\n\u2022 Plan de travail en acier\r\n\u2022 Rail guid\u00e9 carr\u00e9 pour plus de stabilit\u00e9\r\n\u2022 Porte-couteau sur palier lisse.\r\n\u2022 Couteau rotatif en acier tremp\u00e9.\r\n\u2022 Parties m\u00e9talliques peintes avec de la poudre d&#8217;\u00e9poxy.\r\n<table style=\"width: 100%; border-collapse: collapse;\" border=\"0\">\r\n<tbody>\r\n<tr>\r\n<td style=\"width: 16.6667%;\"><strong>Neolt Manual Trim Plus<\/strong><\/td>\r\n<td style=\"width: 16.6667%; text-align: center;\"><strong>100<\/strong><\/td>\r\n<td style=\"width: 16.6667%; text-align: center;\"><strong>130<\/strong><\/td>\r\n<td style=\"width: 16.6667%; text-align: center;\"><strong>150<\/strong><\/td>\r\n<td style=\"width: 16.6667%; text-align: center;\"><strong>200<\/strong><\/td>\r\n<td style=\"width: 16.6667%; text-align: center;\"><strong>250<\/strong><\/td>\r\n<\/tr>\r\n<tr>\r\n<td style=\"width: 16.6667%;\">Max \u00e9paisseur de coupe<\/td>\r\n<td style=\"width: 16.6667%; text-align: center;\">1,6 mm<\/td>\r\n<td style=\"width: 16.6667%; text-align: center;\">1,6 mm<\/td>\r\n<td style=\"width: 16.6667%; text-align: center;\">1,6 mm<\/td>\r\n<td style=\"width: 16.6667%; text-align: center;\">1,6 mm<\/td>\r\n<td style=\"width: 16.6667%; text-align: center;\">1,6 mm<\/td>\r\n<\/tr>\r\n<tr>\r\n<td style=\"width: 16.6667%;\">La longueur de coupe<\/td>\r\n<td style=\"width: 16.6667%; text-align: center;\">100 cm<\/td>\r\n<td style=\"width: 16.6667%; text-align: center;\">130 cm<\/td>\r\n<td style=\"width: 16.6667%; text-align: center;\">150 cm<\/td>\r\n<td style=\"width: 16.6667%; text-align: center;\">200 cm<\/td>\r\n<td style=\"width: 16.6667%; text-align: center;\">250 cm<\/td>\r\n<\/tr>\r\n<\/tbody>\r\n<\/table>\r\n<a href=\"https:\/\/www.albyco.com\/fr\/contactez-nous\/\"><img loading=\"lazy\" class=\"size-full wp-image-11223 alignleft\" src=\"https:\/\/www.albyco.com\/wp-content\/uploads\/2018\/02\/CTA-Albyco-fr-2.jpg\" alt=\"\" width=\"225\" height=\"141\" srcset=\"https:\/\/www.albyco.com\/wp-content\/uploads\/2018\/02\/CTA-Albyco-fr-2.jpg 225w, https:\/\/www.albyco.com\/wp-content\/uploads\/2018\/02\/CTA-Albyco-fr-2-100x63.jpg 100w, https:\/\/www.albyco.com\/wp-content\/uploads\/2018\/02\/CTA-Albyco-fr-2-24x15.jpg 24w, https:\/\/www.albyco.com\/wp-content\/uploads\/2018\/02\/CTA-Albyco-fr-2-36x23.jpg 36w, https:\/\/www.albyco.com\/wp-content\/uploads\/2018\/02\/CTA-Albyco-fr-2-48x30.jpg 48w\" sizes=\"(max-width: 225px) 100vw, 225px\" \/><\/a>","protected":false},"excerpt":{"rendered":"<p>Les machines de la s\u00e9rie Neolt Manual Trim sont des coupe-rouleaux manuels avec une capacit\u00e9 de coupe de 0,6 \u00e0 0,8 mm et sont disponibles en cinq longueurs de coupe.<\/p>\n","protected":false},"featured_media":25467,"comment_status":"open","ping_status":"closed","template":"","meta":[],"product_cat":[2300,2793,2791],"product_tag":[3499,2744,2308,2745],"yoast_head":"<!-- This site is optimized with the Yoast SEO plugin v18.6 - https:\/\/yoast.com\/wordpress\/plugins\/seo\/ -->\n<title>Neolt Manual Trim<\/title>\n<meta name=\"description\" content=\"De Neolt Manual Trim Plus is een handmatige rolsnijder voor elke behoefte, robuust, compleet,\u00a0met unieke technische kenmerken en beschikbaar in een breed bereik van snijlengten.\" \/>\n<meta name=\"robots\" content=\"index, follow, max-snippet:-1, max-image-preview:large, max-video-preview:-1\" \/>\n<link rel=\"canonical\" href=\"https:\/\/www.albyco.com\/fr\/produit\/neolt-manual-trim-coupe-rouleaux-manuels\/\" \/>\n<meta property=\"og:locale\" content=\"fr_FR\" \/>\n<meta property=\"og:type\" content=\"article\" \/>\n<meta property=\"og:title\" content=\"Neolt Manual Trim\" \/>\n<meta property=\"og:description\" content=\"De Neolt Manual Trim Plus is een handmatige rolsnijder voor elke behoefte, robuust, compleet,\u00a0met unieke technische kenmerken en beschikbaar in een breed bereik van snijlengten.\" \/>\n<meta property=\"og:url\" content=\"https:\/\/www.albyco.com\/fr\/produit\/neolt-manual-trim-coupe-rouleaux-manuels\/\" \/>\n<meta property=\"og:site_name\" content=\"Albyco\" \/>\n<meta property=\"article:modified_time\" content=\"2020-09-04T11:35:45+00:00\" \/>\n<meta property=\"og:image\" content=\"https:\/\/www.albyco.com\/wp-content\/uploads\/2017\/07\/MANUAL-TRIM.png\" \/>\n\t<meta property=\"og:image:width\" content=\"1416\" \/>\n\t<meta property=\"og:image:height\" content=\"945\" \/>\n\t<meta property=\"og:image:type\" content=\"image\/png\" \/>\n<meta name=\"twitter:card\" content=\"summary\" \/>\n<meta name=\"twitter:site\" content=\"@AlbycoNederland\" \/>\n<meta name=\"twitter:label1\" content=\"Dur\u00e9e de lecture estim\u00e9e\" \/>\n\t<meta name=\"twitter:data1\" content=\"1 minute\" \/>\n<script type=\"application\/ld+json\" class=\"yoast-schema-graph\">{\"@context\":\"https:\/\/schema.org\",\"@graph\":[{\"@type\":\"Organization\",\"@id\":\"https:\/\/www.albyco.com\/#organization\",\"name\":\"Albyco Nederland B.V.\",\"url\":\"https:\/\/www.albyco.com\/\",\"sameAs\":[\"https:\/\/www.linkedin.com\/company\/18015670\/\",\"https:\/\/www.youtube.com\/user\/AlbycoNederland\",\"https:\/\/nl.pinterest.com\/albyco\",\"https:\/\/twitter.com\/AlbycoNederland\"],\"logo\":{\"@type\":\"ImageObject\",\"@id\":\"https:\/\/www.albyco.com\/#logo\",\"inLanguage\":\"fr-FR\",\"url\":\"https:\/\/www.albyco.com\/wp-content\/uploads\/2017\/07\/albyco_logo_hd.png\",\"contentUrl\":\"https:\/\/www.albyco.com\/wp-content\/uploads\/2017\/07\/albyco_logo_hd.png\",\"width\":300,\"height\":300,\"caption\":\"Albyco Nederland B.V.\"},\"image\":{\"@id\":\"https:\/\/www.albyco.com\/#logo\"}},{\"@type\":\"WebSite\",\"@id\":\"https:\/\/www.albyco.com\/#website\",\"url\":\"https:\/\/www.albyco.com\/\",\"name\":\"Albyco\",\"description\":\"Leverancier voor nabewerking van geprinte media\",\"publisher\":{\"@id\":\"https:\/\/www.albyco.com\/#organization\"},\"potentialAction\":[{\"@type\":\"SearchAction\",\"target\":{\"@type\":\"EntryPoint\",\"urlTemplate\":\"https:\/\/www.albyco.com\/?s={search_term_string}\"},\"query-input\":\"required name=search_term_string\"}],\"inLanguage\":\"fr-FR\"},{\"@type\":\"ImageObject\",\"@id\":\"https:\/\/www.albyco.com\/fr\/produit\/neolt-manual-trim-coupe-rouleaux-manuels\/#primaryimage\",\"inLanguage\":\"fr-FR\",\"url\":\"https:\/\/www.albyco.com\/wp-content\/uploads\/2017\/07\/MANUAL-TRIM.png\",\"contentUrl\":\"https:\/\/www.albyco.com\/wp-content\/uploads\/2017\/07\/MANUAL-TRIM.png\",\"width\":1416,\"height\":945,\"caption\":\"Neolt Manual Trim\"},{\"@type\":\"WebPage\",\"@id\":\"https:\/\/www.albyco.com\/fr\/produit\/neolt-manual-trim-coupe-rouleaux-manuels\/#webpage\",\"url\":\"https:\/\/www.albyco.com\/fr\/produit\/neolt-manual-trim-coupe-rouleaux-manuels\/\",\"name\":\"Neolt Manual Trim\",\"isPartOf\":{\"@id\":\"https:\/\/www.albyco.com\/#website\"},\"primaryImageOfPage\":{\"@id\":\"https:\/\/www.albyco.com\/fr\/produit\/neolt-manual-trim-coupe-rouleaux-manuels\/#primaryimage\"},\"datePublished\":\"2019-08-09T11:59:43+00:00\",\"dateModified\":\"2020-09-04T11:35:45+00:00\",\"description\":\"De Neolt Manual Trim Plus is een handmatige rolsnijder voor elke behoefte, robuust, compleet,\u00a0met unieke technische kenmerken en beschikbaar in een breed bereik van snijlengten.\",\"breadcrumb\":{\"@id\":\"https:\/\/www.albyco.com\/fr\/produit\/neolt-manual-trim-coupe-rouleaux-manuels\/#breadcrumb\"},\"inLanguage\":\"fr-FR\",\"potentialAction\":[{\"@type\":\"ReadAction\",\"target\":[\"https:\/\/www.albyco.com\/fr\/produit\/neolt-manual-trim-coupe-rouleaux-manuels\/\"]}]},{\"@type\":\"BreadcrumbList\",\"@id\":\"https:\/\/www.albyco.com\/fr\/produit\/neolt-manual-trim-coupe-rouleaux-manuels\/#breadcrumb\",\"itemListElement\":[{\"@type\":\"ListItem\",\"position\":1,\"name\":\"Home\",\"item\":\"https:\/\/www.albyco.com\/fr\/\"},{\"@type\":\"ListItem\",\"position\":2,\"name\":\"Les produits\",\"item\":\"https:\/\/www.albyco.com\/fr\/producten\/\"},{\"@type\":\"ListItem\",\"position\":3,\"name\":\"Neolt Manual Trim Plus, coupe-rouleaux manuels\"}]}]}<\/script>\n<!-- \/ Yoast SEO plugin. -->","yoast_head_json":{"title":"Neolt Manual Trim","description":"De Neolt Manual Trim Plus is een handmatige rolsnijder voor elke behoefte, robuust, compleet,\u00a0met unieke technische kenmerken en beschikbaar in een breed bereik van snijlengten.","robots":{"index":"index","follow":"follow","max-snippet":"max-snippet:-1","max-image-preview":"max-image-preview:large","max-video-preview":"max-video-preview:-1"},"canonical":"https:\/\/www.albyco.com\/fr\/produit\/neolt-manual-trim-coupe-rouleaux-manuels\/","og_locale":"fr_FR","og_type":"article","og_title":"Neolt Manual Trim","og_description":"De Neolt Manual Trim Plus is een handmatige rolsnijder voor elke behoefte, robuust, compleet,\u00a0met unieke technische kenmerken en beschikbaar in een breed bereik van snijlengten.","og_url":"https:\/\/www.albyco.com\/fr\/produit\/neolt-manual-trim-coupe-rouleaux-manuels\/","og_site_name":"Albyco","article_modified_time":"2020-09-04T11:35:45+00:00","og_image":[{"width":1416,"height":945,"url":"https:\/\/www.albyco.com\/wp-content\/uploads\/2017\/07\/MANUAL-TRIM.png","type":"image\/png"}],"twitter_card":"summary","twitter_site":"@AlbycoNederland","twitter_misc":{"Dur\u00e9e de lecture estim\u00e9e":"1 minute"},"schema":{"@context":"https:\/\/schema.org","@graph":[{"@type":"Organization","@id":"https:\/\/www.albyco.com\/#organization","name":"Albyco Nederland B.V.","url":"https:\/\/www.albyco.com\/","sameAs":["https:\/\/www.linkedin.com\/company\/18015670\/","https:\/\/www.youtube.com\/user\/AlbycoNederland","https:\/\/nl.pinterest.com\/albyco","https:\/\/twitter.com\/AlbycoNederland"],"logo":{"@type":"ImageObject","@id":"https:\/\/www.albyco.com\/#logo","inLanguage":"fr-FR","url":"https:\/\/www.albyco.com\/wp-content\/uploads\/2017\/07\/albyco_logo_hd.png","contentUrl":"https:\/\/www.albyco.com\/wp-content\/uploads\/2017\/07\/albyco_logo_hd.png","width":300,"height":300,"caption":"Albyco Nederland B.V."},"image":{"@id":"https:\/\/www.albyco.com\/#logo"}},{"@type":"WebSite","@id":"https:\/\/www.albyco.com\/#website","url":"https:\/\/www.albyco.com\/","name":"Albyco","description":"Leverancier voor nabewerking van geprinte media","publisher":{"@id":"https:\/\/www.albyco.com\/#organization"},"potentialAction":[{"@type":"SearchAction","target":{"@type":"EntryPoint","urlTemplate":"https:\/\/www.albyco.com\/?s={search_term_string}"},"query-input":"required name=search_term_string"}],"inLanguage":"fr-FR"},{"@type":"ImageObject","@id":"https:\/\/www.albyco.com\/fr\/produit\/neolt-manual-trim-coupe-rouleaux-manuels\/#primaryimage","inLanguage":"fr-FR","url":"https:\/\/www.albyco.com\/wp-content\/uploads\/2017\/07\/MANUAL-TRIM.png","contentUrl":"https:\/\/www.albyco.com\/wp-content\/uploads\/2017\/07\/MANUAL-TRIM.png","width":1416,"height":945,"caption":"Neolt Manual Trim"},{"@type":"WebPage","@id":"https:\/\/www.albyco.com\/fr\/produit\/neolt-manual-trim-coupe-rouleaux-manuels\/#webpage","url":"https:\/\/www.albyco.com\/fr\/produit\/neolt-manual-trim-coupe-rouleaux-manuels\/","name":"Neolt Manual Trim","isPartOf":{"@id":"https:\/\/www.albyco.com\/#website"},"primaryImageOfPage":{"@id":"https:\/\/www.albyco.com\/fr\/produit\/neolt-manual-trim-coupe-rouleaux-manuels\/#primaryimage"},"datePublished":"2019-08-09T11:59:43+00:00","dateModified":"2020-09-04T11:35:45+00:00","description":"De Neolt Manual Trim Plus is een handmatige rolsnijder voor elke behoefte, robuust, compleet,\u00a0met unieke technische kenmerken en beschikbaar in een breed bereik van snijlengten.","breadcrumb":{"@id":"https:\/\/www.albyco.com\/fr\/produit\/neolt-manual-trim-coupe-rouleaux-manuels\/#breadcrumb"},"inLanguage":"fr-FR","potentialAction":[{"@type":"ReadAction","target":["https:\/\/www.albyco.com\/fr\/produit\/neolt-manual-trim-coupe-rouleaux-manuels\/"]}]},{"@type":"BreadcrumbList","@id":"https:\/\/www.albyco.com\/fr\/produit\/neolt-manual-trim-coupe-rouleaux-manuels\/#breadcrumb","itemListElement":[{"@type":"ListItem","position":1,"name":"Home","item":"https:\/\/www.albyco.com\/fr\/"},{"@type":"ListItem","position":2,"name":"Les produits","item":"https:\/\/www.albyco.com\/fr\/producten\/"},{"@type":"ListItem","position":3,"name":"Neolt Manual Trim Plus, coupe-rouleaux manuels"}]}]}},"_links":{"self":[{"href":"https:\/\/www.albyco.com\/fr\/wp-json\/wp\/v2\/product\/25561"}],"collection":[{"href":"https:\/\/www.albyco.com\/fr\/wp-json\/wp\/v2\/product"}],"about":[{"href":"https:\/\/www.albyco.com\/fr\/wp-json\/wp\/v2\/types\/product"}],"replies":[{"embeddable":true,"href":"https:\/\/www.albyco.com\/fr\/wp-json\/wp\/v2\/comments?post=25561"}],"wp:featuredmedia":[{"embeddable":true,"href":"https:\/\/www.albyco.com\/fr\/wp-json\/wp\/v2\/media\/25467"}],"wp:attachment":[{"href":"https:\/\/www.albyco.com\/fr\/wp-json\/wp\/v2\/media?parent=25561"}],"wp:term":[{"taxonomy":"product_cat","embeddable":true,"href":"https:\/\/www.albyco.com\/fr\/wp-json\/wp\/v2\/product_cat?post=25561"},{"taxonomy":"product_tag","embeddable":true,"href":"https:\/\/www.albyco.com\/fr\/wp-json\/wp\/v2\/product_tag?post=25561"}],"curies":[{"name":"wp","href":"https:\/\/api.w.org\/{rel}","templated":true}]}}