{"id":25403,"date":"2019-07-24T10:39:13","date_gmt":"2019-07-24T08:39:38","guid":{"rendered":"https:\/\/www.albyco.com\/?post_type=product&#038;p=25403"},"modified":"2020-09-03T14:54:19","modified_gmt":"2020-09-03T12:54:19","slug":"neolt-desk-trim","status":"publish","type":"product","link":"https:\/\/www.albyco.com\/fr\/produit\/neolt-desk-trim\/","title":{"rendered":"Neolt Desk Trim"},"content":{"rendered":"Le Neolt Desk Trim est une d\u00e9coupeuse manuelle robuste et compacte, id\u00e9ale comme solution d\u2019entr\u00e9e de gamme ou comme solution de secours. Pour ceux qui recherchent une solution de coupe l\u00e9g\u00e8re, polyvalente et puissante.\r\n\r\nAvec une \u00e9paisseur de coupe allant jusqu&#8217;\u00e0 0,6 mm, vous pouvez facilement d\u00e9couper des \u00e9paisseurs de carton, des plastiques l\u00e9gers, des banderoles en PVC et de nombreux autres mat\u00e9riaux imprim\u00e9s.","protected":false},"excerpt":{"rendered":"<p>Avec une \u00e9paisseur de coupe allant jusqu&#8217;\u00e0 0,6 mm, vous pouvez facilement d\u00e9couper des \u00e9paisseurs de carton, des plastiques l\u00e9gers, des banderoles en PVC et de nombreux autres mat\u00e9riaux imprim\u00e9s.<\/p>\n","protected":false},"featured_media":25411,"comment_status":"open","ping_status":"closed","template":"","meta":[],"product_cat":[2300,2301,2789,3497,2793,2790,2791],"product_tag":[3499,2744,2308,2745],"yoast_head":"<!-- This site is optimized with the Yoast SEO plugin v18.6 - https:\/\/yoast.com\/wordpress\/plugins\/seo\/ -->\n<title>Neolt Desk Trim - Albyco<\/title>\n<meta name=\"description\" content=\"Avec une \u00e9paisseur de coupe allant jusqu&#039;\u00e0 0,6 mm, vous pouvez facilement d\u00e9couper des \u00e9paisseurs de carton, des plastiques l\u00e9gers, des banderoles en PVC et de nombreux autres mat\u00e9riaux imprim\u00e9s.\" \/>\n<meta name=\"robots\" content=\"index, follow, max-snippet:-1, max-image-preview:large, max-video-preview:-1\" \/>\n<link rel=\"canonical\" href=\"https:\/\/www.albyco.com\/fr\/produit\/neolt-desk-trim\/\" \/>\n<meta property=\"og:locale\" content=\"fr_FR\" \/>\n<meta property=\"og:type\" content=\"article\" \/>\n<meta property=\"og:title\" content=\"Neolt Desk Trim - Albyco\" \/>\n<meta property=\"og:description\" content=\"Avec une \u00e9paisseur de coupe allant jusqu&#039;\u00e0 0,6 mm, vous pouvez facilement d\u00e9couper des \u00e9paisseurs de carton, des plastiques l\u00e9gers, des banderoles en PVC et de nombreux autres mat\u00e9riaux imprim\u00e9s.\" \/>\n<meta property=\"og:url\" content=\"https:\/\/www.albyco.com\/fr\/produit\/neolt-desk-trim\/\" \/>\n<meta property=\"og:site_name\" content=\"Albyco\" \/>\n<meta property=\"article:modified_time\" content=\"2020-09-03T12:54:19+00:00\" \/>\n<meta property=\"og:image\" content=\"https:\/\/www.albyco.com\/wp-content\/uploads\/2019\/07\/Neolt-Desk-Trim.jpg\" \/>\n\t<meta property=\"og:image:width\" content=\"2000\" \/>\n\t<meta property=\"og:image:height\" content=\"1333\" \/>\n\t<meta property=\"og:image:type\" content=\"image\/jpeg\" \/>\n<meta name=\"twitter:card\" content=\"summary\" \/>\n<meta name=\"twitter:site\" content=\"@AlbycoNederland\" \/>\n<script type=\"application\/ld+json\" class=\"yoast-schema-graph\">{\"@context\":\"https:\/\/schema.org\",\"@graph\":[{\"@type\":\"Organization\",\"@id\":\"https:\/\/www.albyco.com\/#organization\",\"name\":\"Albyco Nederland B.V.\",\"url\":\"https:\/\/www.albyco.com\/\",\"sameAs\":[\"https:\/\/www.linkedin.com\/company\/18015670\/\",\"https:\/\/www.youtube.com\/user\/AlbycoNederland\",\"https:\/\/nl.pinterest.com\/albyco\",\"https:\/\/twitter.com\/AlbycoNederland\"],\"logo\":{\"@type\":\"ImageObject\",\"@id\":\"https:\/\/www.albyco.com\/#logo\",\"inLanguage\":\"fr-FR\",\"url\":\"https:\/\/www.albyco.com\/wp-content\/uploads\/2017\/07\/albyco_logo_hd.png\",\"contentUrl\":\"https:\/\/www.albyco.com\/wp-content\/uploads\/2017\/07\/albyco_logo_hd.png\",\"width\":300,\"height\":300,\"caption\":\"Albyco Nederland B.V.\"},\"image\":{\"@id\":\"https:\/\/www.albyco.com\/#logo\"}},{\"@type\":\"WebSite\",\"@id\":\"https:\/\/www.albyco.com\/#website\",\"url\":\"https:\/\/www.albyco.com\/\",\"name\":\"Albyco\",\"description\":\"Leverancier voor nabewerking van geprinte media\",\"publisher\":{\"@id\":\"https:\/\/www.albyco.com\/#organization\"},\"potentialAction\":[{\"@type\":\"SearchAction\",\"target\":{\"@type\":\"EntryPoint\",\"urlTemplate\":\"https:\/\/www.albyco.com\/?s={search_term_string}\"},\"query-input\":\"required name=search_term_string\"}],\"inLanguage\":\"fr-FR\"},{\"@type\":\"ImageObject\",\"@id\":\"https:\/\/www.albyco.com\/fr\/produit\/neolt-desk-trim\/#primaryimage\",\"inLanguage\":\"fr-FR\",\"url\":\"https:\/\/www.albyco.com\/wp-content\/uploads\/2019\/07\/Neolt-Desk-Trim.jpg\",\"contentUrl\":\"https:\/\/www.albyco.com\/wp-content\/uploads\/2019\/07\/Neolt-Desk-Trim.jpg\",\"width\":2000,\"height\":1333,\"caption\":\"Neolt-Desk-Trim\"},{\"@type\":\"WebPage\",\"@id\":\"https:\/\/www.albyco.com\/fr\/produit\/neolt-desk-trim\/#webpage\",\"url\":\"https:\/\/www.albyco.com\/fr\/produit\/neolt-desk-trim\/\",\"name\":\"Neolt Desk Trim - Albyco\",\"isPartOf\":{\"@id\":\"https:\/\/www.albyco.com\/#website\"},\"primaryImageOfPage\":{\"@id\":\"https:\/\/www.albyco.com\/fr\/produit\/neolt-desk-trim\/#primaryimage\"},\"datePublished\":\"2019-07-24T08:39:38+00:00\",\"dateModified\":\"2020-09-03T12:54:19+00:00\",\"description\":\"Avec une \u00e9paisseur de coupe allant jusqu'\u00e0 0,6 mm, vous pouvez facilement d\u00e9couper des \u00e9paisseurs de carton, des plastiques l\u00e9gers, des banderoles en PVC et de nombreux autres mat\u00e9riaux imprim\u00e9s.\",\"breadcrumb\":{\"@id\":\"https:\/\/www.albyco.com\/fr\/produit\/neolt-desk-trim\/#breadcrumb\"},\"inLanguage\":\"fr-FR\",\"potentialAction\":[{\"@type\":\"ReadAction\",\"target\":[\"https:\/\/www.albyco.com\/fr\/produit\/neolt-desk-trim\/\"]}]},{\"@type\":\"BreadcrumbList\",\"@id\":\"https:\/\/www.albyco.com\/fr\/produit\/neolt-desk-trim\/#breadcrumb\",\"itemListElement\":[{\"@type\":\"ListItem\",\"position\":1,\"name\":\"Home\",\"item\":\"https:\/\/www.albyco.com\/fr\/\"},{\"@type\":\"ListItem\",\"position\":2,\"name\":\"Les produits\",\"item\":\"https:\/\/www.albyco.com\/fr\/producten\/\"},{\"@type\":\"ListItem\",\"position\":3,\"name\":\"Neolt Desk Trim\"}]}]}<\/script>\n<!-- \/ Yoast SEO plugin. -->","yoast_head_json":{"title":"Neolt Desk Trim - Albyco","description":"Avec une \u00e9paisseur de coupe allant jusqu'\u00e0 0,6 mm, vous pouvez facilement d\u00e9couper des \u00e9paisseurs de carton, des plastiques l\u00e9gers, des banderoles en PVC et de nombreux autres mat\u00e9riaux imprim\u00e9s.","robots":{"index":"index","follow":"follow","max-snippet":"max-snippet:-1","max-image-preview":"max-image-preview:large","max-video-preview":"max-video-preview:-1"},"canonical":"https:\/\/www.albyco.com\/fr\/produit\/neolt-desk-trim\/","og_locale":"fr_FR","og_type":"article","og_title":"Neolt Desk Trim - Albyco","og_description":"Avec une \u00e9paisseur de coupe allant jusqu'\u00e0 0,6 mm, vous pouvez facilement d\u00e9couper des \u00e9paisseurs de carton, des plastiques l\u00e9gers, des banderoles en PVC et de nombreux autres mat\u00e9riaux imprim\u00e9s.","og_url":"https:\/\/www.albyco.com\/fr\/produit\/neolt-desk-trim\/","og_site_name":"Albyco","article_modified_time":"2020-09-03T12:54:19+00:00","og_image":[{"width":2000,"height":1333,"url":"https:\/\/www.albyco.com\/wp-content\/uploads\/2019\/07\/Neolt-Desk-Trim.jpg","type":"image\/jpeg"}],"twitter_card":"summary","twitter_site":"@AlbycoNederland","schema":{"@context":"https:\/\/schema.org","@graph":[{"@type":"Organization","@id":"https:\/\/www.albyco.com\/#organization","name":"Albyco Nederland B.V.","url":"https:\/\/www.albyco.com\/","sameAs":["https:\/\/www.linkedin.com\/company\/18015670\/","https:\/\/www.youtube.com\/user\/AlbycoNederland","https:\/\/nl.pinterest.com\/albyco","https:\/\/twitter.com\/AlbycoNederland"],"logo":{"@type":"ImageObject","@id":"https:\/\/www.albyco.com\/#logo","inLanguage":"fr-FR","url":"https:\/\/www.albyco.com\/wp-content\/uploads\/2017\/07\/albyco_logo_hd.png","contentUrl":"https:\/\/www.albyco.com\/wp-content\/uploads\/2017\/07\/albyco_logo_hd.png","width":300,"height":300,"caption":"Albyco Nederland B.V."},"image":{"@id":"https:\/\/www.albyco.com\/#logo"}},{"@type":"WebSite","@id":"https:\/\/www.albyco.com\/#website","url":"https:\/\/www.albyco.com\/","name":"Albyco","description":"Leverancier voor nabewerking van geprinte media","publisher":{"@id":"https:\/\/www.albyco.com\/#organization"},"potentialAction":[{"@type":"SearchAction","target":{"@type":"EntryPoint","urlTemplate":"https:\/\/www.albyco.com\/?s={search_term_string}"},"query-input":"required name=search_term_string"}],"inLanguage":"fr-FR"},{"@type":"ImageObject","@id":"https:\/\/www.albyco.com\/fr\/produit\/neolt-desk-trim\/#primaryimage","inLanguage":"fr-FR","url":"https:\/\/www.albyco.com\/wp-content\/uploads\/2019\/07\/Neolt-Desk-Trim.jpg","contentUrl":"https:\/\/www.albyco.com\/wp-content\/uploads\/2019\/07\/Neolt-Desk-Trim.jpg","width":2000,"height":1333,"caption":"Neolt-Desk-Trim"},{"@type":"WebPage","@id":"https:\/\/www.albyco.com\/fr\/produit\/neolt-desk-trim\/#webpage","url":"https:\/\/www.albyco.com\/fr\/produit\/neolt-desk-trim\/","name":"Neolt Desk Trim - Albyco","isPartOf":{"@id":"https:\/\/www.albyco.com\/#website"},"primaryImageOfPage":{"@id":"https:\/\/www.albyco.com\/fr\/produit\/neolt-desk-trim\/#primaryimage"},"datePublished":"2019-07-24T08:39:38+00:00","dateModified":"2020-09-03T12:54:19+00:00","description":"Avec une \u00e9paisseur de coupe allant jusqu'\u00e0 0,6 mm, vous pouvez facilement d\u00e9couper des \u00e9paisseurs de carton, des plastiques l\u00e9gers, des banderoles en PVC et de nombreux autres mat\u00e9riaux imprim\u00e9s.","breadcrumb":{"@id":"https:\/\/www.albyco.com\/fr\/produit\/neolt-desk-trim\/#breadcrumb"},"inLanguage":"fr-FR","potentialAction":[{"@type":"ReadAction","target":["https:\/\/www.albyco.com\/fr\/produit\/neolt-desk-trim\/"]}]},{"@type":"BreadcrumbList","@id":"https:\/\/www.albyco.com\/fr\/produit\/neolt-desk-trim\/#breadcrumb","itemListElement":[{"@type":"ListItem","position":1,"name":"Home","item":"https:\/\/www.albyco.com\/fr\/"},{"@type":"ListItem","position":2,"name":"Les produits","item":"https:\/\/www.albyco.com\/fr\/producten\/"},{"@type":"ListItem","position":3,"name":"Neolt Desk Trim"}]}]}},"_links":{"self":[{"href":"https:\/\/www.albyco.com\/fr\/wp-json\/wp\/v2\/product\/25403"}],"collection":[{"href":"https:\/\/www.albyco.com\/fr\/wp-json\/wp\/v2\/product"}],"about":[{"href":"https:\/\/www.albyco.com\/fr\/wp-json\/wp\/v2\/types\/product"}],"replies":[{"embeddable":true,"href":"https:\/\/www.albyco.com\/fr\/wp-json\/wp\/v2\/comments?post=25403"}],"wp:featuredmedia":[{"embeddable":true,"href":"https:\/\/www.albyco.com\/fr\/wp-json\/wp\/v2\/media\/25411"}],"wp:attachment":[{"href":"https:\/\/www.albyco.com\/fr\/wp-json\/wp\/v2\/media?parent=25403"}],"wp:term":[{"taxonomy":"product_cat","embeddable":true,"href":"https:\/\/www.albyco.com\/fr\/wp-json\/wp\/v2\/product_cat?post=25403"},{"taxonomy":"product_tag","embeddable":true,"href":"https:\/\/www.albyco.com\/fr\/wp-json\/wp\/v2\/product_tag?post=25403"}],"curies":[{"name":"wp","href":"https:\/\/api.w.org\/{rel}","templated":true}]}}