{"id":25386,"date":"2019-07-24T10:38:51","date_gmt":"2019-07-24T08:39:16","guid":{"rendered":"https:\/\/www.albyco.com\/?post_type=product&#038;p=25386"},"modified":"2022-03-29T06:25:16","modified_gmt":"2022-03-29T04:25:16","slug":"neolt-manual-trim-plus-coupe-rouleaux-manuels","status":"publish","type":"product","link":"https:\/\/www.albyco.com\/fr\/produit\/neolt-manual-trim-plus-coupe-rouleaux-manuels\/","title":{"rendered":"Neolt Manual Trim Plus, coupe-rouleaux manuels"},"content":{"rendered":"Le <strong>Neolt Desk Trim Plus<\/strong> est un cutter manuel compact et robuste, adapt\u00e9 comme solution d&#8217;entr\u00e9e de gamme ou comme solution de secours. Pour ceux qui recherchent une solution de coupe l\u00e9g\u00e8re, polyvalente et puissante.\r\n\r\n&nbsp;\r\n\r\nLe Desk Trim Plus est \u00e9quip\u00e9 d&#8217;un couteau \u00e0 rouleau rotatif. La surface de travail est faite de t\u00f4le d&#8217;acier \u00e9poxy \u00e9poxy et r\u00e9siste aux coupures et aux \u00e9gratignures, tandis qu&#8217;une \u00e9chelle millim\u00e9trique est imprim\u00e9e sur la surface de travail. Cela simplifie le positionnement et la d\u00e9coupe de diff\u00e9rentes tailles: avec une \u00e9paisseur de d\u00e9coupe allant jusqu&#8217;\u00e0 0,6 mm, vous pouvez facilement d\u00e9couper des \u00e9paisseurs de carton, de plastique l\u00e9ger, de banderoles en PVC et de nombreux autres supports imprim\u00e9s. Neolt Desk Trim Plus est disponible en trois longueurs de coupe: 100 cm, 130 cm et 150 cm. Les mod\u00e8les 130 et 150 cm peuvent \u00e9ventuellement \u00eatre fournis avec une base.","protected":false},"excerpt":{"rendered":"<p>Avec Neolt Desk Trim Plus, avec une \u00e9paisseur de coupe jusqu&#8217;\u00e0 0,6 mm, Avec rail de guidage carr\u00e9 pour des longueurs de coupe plus longues.<\/p>\n","protected":false},"featured_media":25436,"comment_status":"open","ping_status":"closed","template":"","meta":[],"product_cat":[2300,2301,2789,3497,2793,2790,2791],"product_tag":[3499,2744,2308,2745],"yoast_head":"<!-- This site is optimized with the Yoast SEO plugin v18.6 - https:\/\/yoast.com\/wordpress\/plugins\/seo\/ -->\n<title>Neolt Manual Trim Plus, coupe-rouleaux manuels - Albyco<\/title>\n<meta name=\"description\" content=\"Avec Neolt Desk Trim Plus, avec une \u00e9paisseur de coupe jusqu&#039;\u00e0 0,6 mm, Avec rail de guidage carr\u00e9 pour des longueurs de coupe plus longues.\" \/>\n<meta name=\"robots\" content=\"index, follow, max-snippet:-1, max-image-preview:large, max-video-preview:-1\" \/>\n<link rel=\"canonical\" href=\"https:\/\/www.albyco.com\/fr\/produit\/neolt-manual-trim-plus-coupe-rouleaux-manuels\/\" \/>\n<meta property=\"og:locale\" content=\"fr_FR\" \/>\n<meta property=\"og:type\" content=\"article\" \/>\n<meta property=\"og:title\" content=\"Neolt Manual Trim Plus, coupe-rouleaux manuels - Albyco\" \/>\n<meta property=\"og:description\" content=\"Avec Neolt Desk Trim Plus, avec une \u00e9paisseur de coupe jusqu&#039;\u00e0 0,6 mm, Avec rail de guidage carr\u00e9 pour des longueurs de coupe plus longues.\" \/>\n<meta property=\"og:url\" content=\"https:\/\/www.albyco.com\/fr\/produit\/neolt-manual-trim-plus-coupe-rouleaux-manuels\/\" \/>\n<meta property=\"og:site_name\" content=\"Albyco\" \/>\n<meta property=\"article:modified_time\" content=\"2022-03-29T04:25:16+00:00\" \/>\n<meta property=\"og:image\" content=\"https:\/\/www.albyco.com\/wp-content\/uploads\/2019\/07\/Neolt-Desk-Trim-Plus.jpg\" \/>\n\t<meta property=\"og:image:width\" content=\"1569\" \/>\n\t<meta property=\"og:image:height\" content=\"1194\" \/>\n\t<meta property=\"og:image:type\" content=\"image\/jpeg\" \/>\n<meta name=\"twitter:card\" content=\"summary\" \/>\n<meta name=\"twitter:site\" content=\"@AlbycoNederland\" \/>\n<meta name=\"twitter:label1\" content=\"Dur\u00e9e de lecture estim\u00e9e\" \/>\n\t<meta name=\"twitter:data1\" content=\"1 minute\" \/>\n<script type=\"application\/ld+json\" class=\"yoast-schema-graph\">{\"@context\":\"https:\/\/schema.org\",\"@graph\":[{\"@type\":\"Organization\",\"@id\":\"https:\/\/www.albyco.com\/#organization\",\"name\":\"Albyco Nederland B.V.\",\"url\":\"https:\/\/www.albyco.com\/\",\"sameAs\":[\"https:\/\/www.linkedin.com\/company\/18015670\/\",\"https:\/\/www.youtube.com\/user\/AlbycoNederland\",\"https:\/\/nl.pinterest.com\/albyco\",\"https:\/\/twitter.com\/AlbycoNederland\"],\"logo\":{\"@type\":\"ImageObject\",\"@id\":\"https:\/\/www.albyco.com\/#logo\",\"inLanguage\":\"fr-FR\",\"url\":\"https:\/\/www.albyco.com\/wp-content\/uploads\/2017\/07\/albyco_logo_hd.png\",\"contentUrl\":\"https:\/\/www.albyco.com\/wp-content\/uploads\/2017\/07\/albyco_logo_hd.png\",\"width\":300,\"height\":300,\"caption\":\"Albyco Nederland B.V.\"},\"image\":{\"@id\":\"https:\/\/www.albyco.com\/#logo\"}},{\"@type\":\"WebSite\",\"@id\":\"https:\/\/www.albyco.com\/#website\",\"url\":\"https:\/\/www.albyco.com\/\",\"name\":\"Albyco\",\"description\":\"Leverancier voor nabewerking van geprinte media\",\"publisher\":{\"@id\":\"https:\/\/www.albyco.com\/#organization\"},\"potentialAction\":[{\"@type\":\"SearchAction\",\"target\":{\"@type\":\"EntryPoint\",\"urlTemplate\":\"https:\/\/www.albyco.com\/?s={search_term_string}\"},\"query-input\":\"required name=search_term_string\"}],\"inLanguage\":\"fr-FR\"},{\"@type\":\"ImageObject\",\"@id\":\"https:\/\/www.albyco.com\/fr\/produit\/neolt-manual-trim-plus-coupe-rouleaux-manuels\/#primaryimage\",\"inLanguage\":\"fr-FR\",\"url\":\"https:\/\/www.albyco.com\/wp-content\/uploads\/2019\/07\/Neolt-Desk-Trim-Plus.jpg\",\"contentUrl\":\"https:\/\/www.albyco.com\/wp-content\/uploads\/2019\/07\/Neolt-Desk-Trim-Plus.jpg\",\"width\":1569,\"height\":1194,\"caption\":\"Neolt-Desk-Trim-Plus\"},{\"@type\":\"WebPage\",\"@id\":\"https:\/\/www.albyco.com\/fr\/produit\/neolt-manual-trim-plus-coupe-rouleaux-manuels\/#webpage\",\"url\":\"https:\/\/www.albyco.com\/fr\/produit\/neolt-manual-trim-plus-coupe-rouleaux-manuels\/\",\"name\":\"Neolt Manual Trim Plus, coupe-rouleaux manuels - Albyco\",\"isPartOf\":{\"@id\":\"https:\/\/www.albyco.com\/#website\"},\"primaryImageOfPage\":{\"@id\":\"https:\/\/www.albyco.com\/fr\/produit\/neolt-manual-trim-plus-coupe-rouleaux-manuels\/#primaryimage\"},\"datePublished\":\"2019-07-24T08:39:16+00:00\",\"dateModified\":\"2022-03-29T04:25:16+00:00\",\"description\":\"Avec Neolt Desk Trim Plus, avec une \u00e9paisseur de coupe jusqu'\u00e0 0,6 mm, Avec rail de guidage carr\u00e9 pour des longueurs de coupe plus longues.\",\"breadcrumb\":{\"@id\":\"https:\/\/www.albyco.com\/fr\/produit\/neolt-manual-trim-plus-coupe-rouleaux-manuels\/#breadcrumb\"},\"inLanguage\":\"fr-FR\",\"potentialAction\":[{\"@type\":\"ReadAction\",\"target\":[\"https:\/\/www.albyco.com\/fr\/produit\/neolt-manual-trim-plus-coupe-rouleaux-manuels\/\"]}]},{\"@type\":\"BreadcrumbList\",\"@id\":\"https:\/\/www.albyco.com\/fr\/produit\/neolt-manual-trim-plus-coupe-rouleaux-manuels\/#breadcrumb\",\"itemListElement\":[{\"@type\":\"ListItem\",\"position\":1,\"name\":\"Home\",\"item\":\"https:\/\/www.albyco.com\/fr\/\"},{\"@type\":\"ListItem\",\"position\":2,\"name\":\"Les produits\",\"item\":\"https:\/\/www.albyco.com\/fr\/producten\/\"},{\"@type\":\"ListItem\",\"position\":3,\"name\":\"Neolt Manual Trim Plus, coupe-rouleaux manuels\"}]}]}<\/script>\n<!-- \/ Yoast SEO plugin. -->","yoast_head_json":{"title":"Neolt Manual Trim Plus, coupe-rouleaux manuels - Albyco","description":"Avec Neolt Desk Trim Plus, avec une \u00e9paisseur de coupe jusqu'\u00e0 0,6 mm, Avec rail de guidage carr\u00e9 pour des longueurs de coupe plus longues.","robots":{"index":"index","follow":"follow","max-snippet":"max-snippet:-1","max-image-preview":"max-image-preview:large","max-video-preview":"max-video-preview:-1"},"canonical":"https:\/\/www.albyco.com\/fr\/produit\/neolt-manual-trim-plus-coupe-rouleaux-manuels\/","og_locale":"fr_FR","og_type":"article","og_title":"Neolt Manual Trim Plus, coupe-rouleaux manuels - Albyco","og_description":"Avec Neolt Desk Trim Plus, avec une \u00e9paisseur de coupe jusqu'\u00e0 0,6 mm, Avec rail de guidage carr\u00e9 pour des longueurs de coupe plus longues.","og_url":"https:\/\/www.albyco.com\/fr\/produit\/neolt-manual-trim-plus-coupe-rouleaux-manuels\/","og_site_name":"Albyco","article_modified_time":"2022-03-29T04:25:16+00:00","og_image":[{"width":1569,"height":1194,"url":"https:\/\/www.albyco.com\/wp-content\/uploads\/2019\/07\/Neolt-Desk-Trim-Plus.jpg","type":"image\/jpeg"}],"twitter_card":"summary","twitter_site":"@AlbycoNederland","twitter_misc":{"Dur\u00e9e de lecture estim\u00e9e":"1 minute"},"schema":{"@context":"https:\/\/schema.org","@graph":[{"@type":"Organization","@id":"https:\/\/www.albyco.com\/#organization","name":"Albyco Nederland B.V.","url":"https:\/\/www.albyco.com\/","sameAs":["https:\/\/www.linkedin.com\/company\/18015670\/","https:\/\/www.youtube.com\/user\/AlbycoNederland","https:\/\/nl.pinterest.com\/albyco","https:\/\/twitter.com\/AlbycoNederland"],"logo":{"@type":"ImageObject","@id":"https:\/\/www.albyco.com\/#logo","inLanguage":"fr-FR","url":"https:\/\/www.albyco.com\/wp-content\/uploads\/2017\/07\/albyco_logo_hd.png","contentUrl":"https:\/\/www.albyco.com\/wp-content\/uploads\/2017\/07\/albyco_logo_hd.png","width":300,"height":300,"caption":"Albyco Nederland B.V."},"image":{"@id":"https:\/\/www.albyco.com\/#logo"}},{"@type":"WebSite","@id":"https:\/\/www.albyco.com\/#website","url":"https:\/\/www.albyco.com\/","name":"Albyco","description":"Leverancier voor nabewerking van geprinte media","publisher":{"@id":"https:\/\/www.albyco.com\/#organization"},"potentialAction":[{"@type":"SearchAction","target":{"@type":"EntryPoint","urlTemplate":"https:\/\/www.albyco.com\/?s={search_term_string}"},"query-input":"required name=search_term_string"}],"inLanguage":"fr-FR"},{"@type":"ImageObject","@id":"https:\/\/www.albyco.com\/fr\/produit\/neolt-manual-trim-plus-coupe-rouleaux-manuels\/#primaryimage","inLanguage":"fr-FR","url":"https:\/\/www.albyco.com\/wp-content\/uploads\/2019\/07\/Neolt-Desk-Trim-Plus.jpg","contentUrl":"https:\/\/www.albyco.com\/wp-content\/uploads\/2019\/07\/Neolt-Desk-Trim-Plus.jpg","width":1569,"height":1194,"caption":"Neolt-Desk-Trim-Plus"},{"@type":"WebPage","@id":"https:\/\/www.albyco.com\/fr\/produit\/neolt-manual-trim-plus-coupe-rouleaux-manuels\/#webpage","url":"https:\/\/www.albyco.com\/fr\/produit\/neolt-manual-trim-plus-coupe-rouleaux-manuels\/","name":"Neolt Manual Trim Plus, coupe-rouleaux manuels - Albyco","isPartOf":{"@id":"https:\/\/www.albyco.com\/#website"},"primaryImageOfPage":{"@id":"https:\/\/www.albyco.com\/fr\/produit\/neolt-manual-trim-plus-coupe-rouleaux-manuels\/#primaryimage"},"datePublished":"2019-07-24T08:39:16+00:00","dateModified":"2022-03-29T04:25:16+00:00","description":"Avec Neolt Desk Trim Plus, avec une \u00e9paisseur de coupe jusqu'\u00e0 0,6 mm, Avec rail de guidage carr\u00e9 pour des longueurs de coupe plus longues.","breadcrumb":{"@id":"https:\/\/www.albyco.com\/fr\/produit\/neolt-manual-trim-plus-coupe-rouleaux-manuels\/#breadcrumb"},"inLanguage":"fr-FR","potentialAction":[{"@type":"ReadAction","target":["https:\/\/www.albyco.com\/fr\/produit\/neolt-manual-trim-plus-coupe-rouleaux-manuels\/"]}]},{"@type":"BreadcrumbList","@id":"https:\/\/www.albyco.com\/fr\/produit\/neolt-manual-trim-plus-coupe-rouleaux-manuels\/#breadcrumb","itemListElement":[{"@type":"ListItem","position":1,"name":"Home","item":"https:\/\/www.albyco.com\/fr\/"},{"@type":"ListItem","position":2,"name":"Les produits","item":"https:\/\/www.albyco.com\/fr\/producten\/"},{"@type":"ListItem","position":3,"name":"Neolt Manual Trim Plus, coupe-rouleaux manuels"}]}]}},"_links":{"self":[{"href":"https:\/\/www.albyco.com\/fr\/wp-json\/wp\/v2\/product\/25386"}],"collection":[{"href":"https:\/\/www.albyco.com\/fr\/wp-json\/wp\/v2\/product"}],"about":[{"href":"https:\/\/www.albyco.com\/fr\/wp-json\/wp\/v2\/types\/product"}],"replies":[{"embeddable":true,"href":"https:\/\/www.albyco.com\/fr\/wp-json\/wp\/v2\/comments?post=25386"}],"wp:featuredmedia":[{"embeddable":true,"href":"https:\/\/www.albyco.com\/fr\/wp-json\/wp\/v2\/media\/25436"}],"wp:attachment":[{"href":"https:\/\/www.albyco.com\/fr\/wp-json\/wp\/v2\/media?parent=25386"}],"wp:term":[{"taxonomy":"product_cat","embeddable":true,"href":"https:\/\/www.albyco.com\/fr\/wp-json\/wp\/v2\/product_cat?post=25386"},{"taxonomy":"product_tag","embeddable":true,"href":"https:\/\/www.albyco.com\/fr\/wp-json\/wp\/v2\/product_tag?post=25386"}],"curies":[{"name":"wp","href":"https:\/\/api.w.org\/{rel}","templated":true}]}}