{"id":25317,"date":"2019-07-16T16:12:43","date_gmt":"2019-07-16T14:12:43","guid":{"rendered":"https:\/\/www.albyco.com\/product\/neolt-neoweld-1300-soudeuse-de-baches-a-impulsion-thermique\/"},"modified":"2022-01-14T10:17:47","modified_gmt":"2022-01-14T09:17:47","slug":"neolt-neoweld-1300-soudeuse-de-baches-a-impulsion-thermique","status":"publish","type":"product","link":"https:\/\/www.albyco.com\/fr\/produit\/neolt-neoweld-1300-soudeuse-de-baches-a-impulsion-thermique\/","title":{"rendered":"Neolt NEOWELD 1300 Soudeuse de b\u00e2ches \u00e0 impulsion thermique"},"content":{"rendered":"<table style=\"width: 644px;\" width=\"394\">\r\n<tbody>\r\n<tr>\r\n<td style=\"width: 644px;\" width=\"394\">\n\n\r\n\r\nNeolt NEOWELD 1300 Soudeuse de b\u00e2ches \u00e0 impulsion thermique\r\n\r\nLa soudure par impulsion est une nouvelle alternative \u00e0 la haute fr\u00e9quence, \u00e0 l&#8217;air chaud ou \u00e0 la soudure par ultrasons. Sans aucune irradiations dangereuses.\r\n\r\nPoints forts :\r\n\u2022 Alternative avec m\u00eames r\u00e9sultats que par ultrasons ou haute fr\u00e9quence.\r\n\u2022 Pas d\u2019irradiations dangereuses ni perturbations \u00e9lectromagn\u00e9tiques.\r\n\u2022 Pressions sur la b\u00e2che par 3 v\u00e9rins.\r\n\u2022 Pression interm\u00e9diaire pour repositionnement.\r\n\u2022 Fa\u00e7onnage des fourreaux.\r\n\u2022 R\u00e9glage \u00e9lectronique pr\u00e9cis du temps de soudure et de refroidissement\r\n\u2022 Temps de soudure 25 secondes.\r\n\u2022 Dispositif de s\u00e9curit\u00e9 pour le protection des mains.\r\n\u2022 Finition nette sur b\u00e2ches imprim\u00e9es.\r\n\u2022 Goulotte de maintien des b\u00e2ches.\r\n\u2022 P\u00e9dale de d\u00e9clenchement.\r\n\u2022 Largeur de soudure : 25mm.\r\n\u2022 Temps de soudure : de 0 \u00e0 30 secondes.\r\n\u2022 Poids : 433kg.\r\n\u2022 Electricit\u00e9 : 380 Volts.<\/td>\r\n<\/tr>\r\n<\/tbody>\r\n<\/table>\r\n&nbsp;","protected":false},"excerpt":{"rendered":"<table style=\"width: 644px;\" width=\"394\">\n<tbody>\n<tr>\n<td style=\"width: 644px;\" width=\"394\">Neolt NEOWELD 1300 Soudeuse de b\u00e2ches \u00e0 impulsion thermique<\/td>\n<\/tr>\n<\/tbody>\n<\/table>\n","protected":false},"featured_media":25314,"comment_status":"closed","ping_status":"closed","template":"","meta":[],"product_cat":[2300,3773],"product_tag":[],"yoast_head":"<!-- This site is optimized with the Yoast SEO plugin v18.6 - https:\/\/yoast.com\/wordpress\/plugins\/seo\/ -->\n<title>Neolt NEOWELD 1300 Soudeuse de b\u00e2ches \u00e0 impulsion thermique - Albyco<\/title>\n<meta name=\"description\" content=\"Neolt NEOWELD 1300 Soudeuse de b\u00e2ches \u00e0 impulsion thermique\" \/>\n<meta name=\"robots\" content=\"index, follow, max-snippet:-1, max-image-preview:large, max-video-preview:-1\" \/>\n<link rel=\"canonical\" href=\"https:\/\/www.albyco.com\/fr\/produit\/neolt-neoweld-1300-soudeuse-de-baches-a-impulsion-thermique\/\" \/>\n<meta property=\"og:locale\" content=\"fr_FR\" \/>\n<meta property=\"og:type\" content=\"article\" \/>\n<meta property=\"og:title\" content=\"Neolt NEOWELD 1300 Soudeuse de b\u00e2ches \u00e0 impulsion thermique - Albyco\" \/>\n<meta property=\"og:description\" content=\"Neolt NEOWELD 1300 Soudeuse de b\u00e2ches \u00e0 impulsion thermique\" \/>\n<meta property=\"og:url\" content=\"https:\/\/www.albyco.com\/fr\/produit\/neolt-neoweld-1300-soudeuse-de-baches-a-impulsion-thermique\/\" \/>\n<meta property=\"og:site_name\" content=\"Albyco\" \/>\n<meta property=\"article:modified_time\" content=\"2022-01-14T09:17:47+00:00\" \/>\n<meta property=\"og:image\" content=\"https:\/\/www.albyco.com\/wp-content\/uploads\/2019\/07\/Neoweld-130-1.jpg\" \/>\n\t<meta property=\"og:image:width\" content=\"1200\" \/>\n\t<meta property=\"og:image:height\" content=\"800\" \/>\n\t<meta property=\"og:image:type\" content=\"image\/jpeg\" \/>\n<meta name=\"twitter:card\" content=\"summary\" \/>\n<meta name=\"twitter:site\" content=\"@AlbycoNederland\" \/>\n<meta name=\"twitter:label1\" content=\"Dur\u00e9e de lecture estim\u00e9e\" \/>\n\t<meta name=\"twitter:data1\" content=\"1 minute\" \/>\n<script type=\"application\/ld+json\" class=\"yoast-schema-graph\">{\"@context\":\"https:\/\/schema.org\",\"@graph\":[{\"@type\":\"Organization\",\"@id\":\"https:\/\/www.albyco.com\/#organization\",\"name\":\"Albyco Nederland B.V.\",\"url\":\"https:\/\/www.albyco.com\/\",\"sameAs\":[\"https:\/\/www.linkedin.com\/company\/18015670\/\",\"https:\/\/www.youtube.com\/user\/AlbycoNederland\",\"https:\/\/nl.pinterest.com\/albyco\",\"https:\/\/twitter.com\/AlbycoNederland\"],\"logo\":{\"@type\":\"ImageObject\",\"@id\":\"https:\/\/www.albyco.com\/#logo\",\"inLanguage\":\"fr-FR\",\"url\":\"https:\/\/www.albyco.com\/wp-content\/uploads\/2017\/07\/albyco_logo_hd.png\",\"contentUrl\":\"https:\/\/www.albyco.com\/wp-content\/uploads\/2017\/07\/albyco_logo_hd.png\",\"width\":300,\"height\":300,\"caption\":\"Albyco Nederland B.V.\"},\"image\":{\"@id\":\"https:\/\/www.albyco.com\/#logo\"}},{\"@type\":\"WebSite\",\"@id\":\"https:\/\/www.albyco.com\/#website\",\"url\":\"https:\/\/www.albyco.com\/\",\"name\":\"Albyco\",\"description\":\"Leverancier voor nabewerking van geprinte media\",\"publisher\":{\"@id\":\"https:\/\/www.albyco.com\/#organization\"},\"potentialAction\":[{\"@type\":\"SearchAction\",\"target\":{\"@type\":\"EntryPoint\",\"urlTemplate\":\"https:\/\/www.albyco.com\/?s={search_term_string}\"},\"query-input\":\"required name=search_term_string\"}],\"inLanguage\":\"fr-FR\"},{\"@type\":\"ImageObject\",\"@id\":\"https:\/\/www.albyco.com\/fr\/produit\/neolt-neoweld-1300-soudeuse-de-baches-a-impulsion-thermique\/#primaryimage\",\"inLanguage\":\"fr-FR\",\"url\":\"https:\/\/www.albyco.com\/wp-content\/uploads\/2019\/07\/Neoweld-130-1.jpg\",\"contentUrl\":\"https:\/\/www.albyco.com\/wp-content\/uploads\/2019\/07\/Neoweld-130-1.jpg\",\"width\":1200,\"height\":800,\"caption\":\"Neoweld-130\"},{\"@type\":\"WebPage\",\"@id\":\"https:\/\/www.albyco.com\/fr\/produit\/neolt-neoweld-1300-soudeuse-de-baches-a-impulsion-thermique\/#webpage\",\"url\":\"https:\/\/www.albyco.com\/fr\/produit\/neolt-neoweld-1300-soudeuse-de-baches-a-impulsion-thermique\/\",\"name\":\"Neolt NEOWELD 1300 Soudeuse de b\u00e2ches \u00e0 impulsion thermique - Albyco\",\"isPartOf\":{\"@id\":\"https:\/\/www.albyco.com\/#website\"},\"primaryImageOfPage\":{\"@id\":\"https:\/\/www.albyco.com\/fr\/produit\/neolt-neoweld-1300-soudeuse-de-baches-a-impulsion-thermique\/#primaryimage\"},\"datePublished\":\"2019-07-16T14:12:43+00:00\",\"dateModified\":\"2022-01-14T09:17:47+00:00\",\"description\":\"Neolt NEOWELD 1300 Soudeuse de b\u00e2ches \u00e0 impulsion thermique\",\"breadcrumb\":{\"@id\":\"https:\/\/www.albyco.com\/fr\/produit\/neolt-neoweld-1300-soudeuse-de-baches-a-impulsion-thermique\/#breadcrumb\"},\"inLanguage\":\"fr-FR\",\"potentialAction\":[{\"@type\":\"ReadAction\",\"target\":[\"https:\/\/www.albyco.com\/fr\/produit\/neolt-neoweld-1300-soudeuse-de-baches-a-impulsion-thermique\/\"]}]},{\"@type\":\"BreadcrumbList\",\"@id\":\"https:\/\/www.albyco.com\/fr\/produit\/neolt-neoweld-1300-soudeuse-de-baches-a-impulsion-thermique\/#breadcrumb\",\"itemListElement\":[{\"@type\":\"ListItem\",\"position\":1,\"name\":\"Home\",\"item\":\"https:\/\/www.albyco.com\/fr\/\"},{\"@type\":\"ListItem\",\"position\":2,\"name\":\"Les produits\",\"item\":\"https:\/\/www.albyco.com\/fr\/producten\/\"},{\"@type\":\"ListItem\",\"position\":3,\"name\":\"Neolt NEOWELD 1300 Soudeuse de b\u00e2ches \u00e0 impulsion thermique\"}]}]}<\/script>\n<!-- \/ Yoast SEO plugin. -->","yoast_head_json":{"title":"Neolt NEOWELD 1300 Soudeuse de b\u00e2ches \u00e0 impulsion thermique - Albyco","description":"Neolt NEOWELD 1300 Soudeuse de b\u00e2ches \u00e0 impulsion thermique","robots":{"index":"index","follow":"follow","max-snippet":"max-snippet:-1","max-image-preview":"max-image-preview:large","max-video-preview":"max-video-preview:-1"},"canonical":"https:\/\/www.albyco.com\/fr\/produit\/neolt-neoweld-1300-soudeuse-de-baches-a-impulsion-thermique\/","og_locale":"fr_FR","og_type":"article","og_title":"Neolt NEOWELD 1300 Soudeuse de b\u00e2ches \u00e0 impulsion thermique - Albyco","og_description":"Neolt NEOWELD 1300 Soudeuse de b\u00e2ches \u00e0 impulsion thermique","og_url":"https:\/\/www.albyco.com\/fr\/produit\/neolt-neoweld-1300-soudeuse-de-baches-a-impulsion-thermique\/","og_site_name":"Albyco","article_modified_time":"2022-01-14T09:17:47+00:00","og_image":[{"width":1200,"height":800,"url":"https:\/\/www.albyco.com\/wp-content\/uploads\/2019\/07\/Neoweld-130-1.jpg","type":"image\/jpeg"}],"twitter_card":"summary","twitter_site":"@AlbycoNederland","twitter_misc":{"Dur\u00e9e de lecture estim\u00e9e":"1 minute"},"schema":{"@context":"https:\/\/schema.org","@graph":[{"@type":"Organization","@id":"https:\/\/www.albyco.com\/#organization","name":"Albyco Nederland B.V.","url":"https:\/\/www.albyco.com\/","sameAs":["https:\/\/www.linkedin.com\/company\/18015670\/","https:\/\/www.youtube.com\/user\/AlbycoNederland","https:\/\/nl.pinterest.com\/albyco","https:\/\/twitter.com\/AlbycoNederland"],"logo":{"@type":"ImageObject","@id":"https:\/\/www.albyco.com\/#logo","inLanguage":"fr-FR","url":"https:\/\/www.albyco.com\/wp-content\/uploads\/2017\/07\/albyco_logo_hd.png","contentUrl":"https:\/\/www.albyco.com\/wp-content\/uploads\/2017\/07\/albyco_logo_hd.png","width":300,"height":300,"caption":"Albyco Nederland B.V."},"image":{"@id":"https:\/\/www.albyco.com\/#logo"}},{"@type":"WebSite","@id":"https:\/\/www.albyco.com\/#website","url":"https:\/\/www.albyco.com\/","name":"Albyco","description":"Leverancier voor nabewerking van geprinte media","publisher":{"@id":"https:\/\/www.albyco.com\/#organization"},"potentialAction":[{"@type":"SearchAction","target":{"@type":"EntryPoint","urlTemplate":"https:\/\/www.albyco.com\/?s={search_term_string}"},"query-input":"required name=search_term_string"}],"inLanguage":"fr-FR"},{"@type":"ImageObject","@id":"https:\/\/www.albyco.com\/fr\/produit\/neolt-neoweld-1300-soudeuse-de-baches-a-impulsion-thermique\/#primaryimage","inLanguage":"fr-FR","url":"https:\/\/www.albyco.com\/wp-content\/uploads\/2019\/07\/Neoweld-130-1.jpg","contentUrl":"https:\/\/www.albyco.com\/wp-content\/uploads\/2019\/07\/Neoweld-130-1.jpg","width":1200,"height":800,"caption":"Neoweld-130"},{"@type":"WebPage","@id":"https:\/\/www.albyco.com\/fr\/produit\/neolt-neoweld-1300-soudeuse-de-baches-a-impulsion-thermique\/#webpage","url":"https:\/\/www.albyco.com\/fr\/produit\/neolt-neoweld-1300-soudeuse-de-baches-a-impulsion-thermique\/","name":"Neolt NEOWELD 1300 Soudeuse de b\u00e2ches \u00e0 impulsion thermique - Albyco","isPartOf":{"@id":"https:\/\/www.albyco.com\/#website"},"primaryImageOfPage":{"@id":"https:\/\/www.albyco.com\/fr\/produit\/neolt-neoweld-1300-soudeuse-de-baches-a-impulsion-thermique\/#primaryimage"},"datePublished":"2019-07-16T14:12:43+00:00","dateModified":"2022-01-14T09:17:47+00:00","description":"Neolt NEOWELD 1300 Soudeuse de b\u00e2ches \u00e0 impulsion thermique","breadcrumb":{"@id":"https:\/\/www.albyco.com\/fr\/produit\/neolt-neoweld-1300-soudeuse-de-baches-a-impulsion-thermique\/#breadcrumb"},"inLanguage":"fr-FR","potentialAction":[{"@type":"ReadAction","target":["https:\/\/www.albyco.com\/fr\/produit\/neolt-neoweld-1300-soudeuse-de-baches-a-impulsion-thermique\/"]}]},{"@type":"BreadcrumbList","@id":"https:\/\/www.albyco.com\/fr\/produit\/neolt-neoweld-1300-soudeuse-de-baches-a-impulsion-thermique\/#breadcrumb","itemListElement":[{"@type":"ListItem","position":1,"name":"Home","item":"https:\/\/www.albyco.com\/fr\/"},{"@type":"ListItem","position":2,"name":"Les produits","item":"https:\/\/www.albyco.com\/fr\/producten\/"},{"@type":"ListItem","position":3,"name":"Neolt NEOWELD 1300 Soudeuse de b\u00e2ches \u00e0 impulsion thermique"}]}]}},"_links":{"self":[{"href":"https:\/\/www.albyco.com\/fr\/wp-json\/wp\/v2\/product\/25317"}],"collection":[{"href":"https:\/\/www.albyco.com\/fr\/wp-json\/wp\/v2\/product"}],"about":[{"href":"https:\/\/www.albyco.com\/fr\/wp-json\/wp\/v2\/types\/product"}],"replies":[{"embeddable":true,"href":"https:\/\/www.albyco.com\/fr\/wp-json\/wp\/v2\/comments?post=25317"}],"wp:featuredmedia":[{"embeddable":true,"href":"https:\/\/www.albyco.com\/fr\/wp-json\/wp\/v2\/media\/25314"}],"wp:attachment":[{"href":"https:\/\/www.albyco.com\/fr\/wp-json\/wp\/v2\/media?parent=25317"}],"wp:term":[{"taxonomy":"product_cat","embeddable":true,"href":"https:\/\/www.albyco.com\/fr\/wp-json\/wp\/v2\/product_cat?post=25317"},{"taxonomy":"product_tag","embeddable":true,"href":"https:\/\/www.albyco.com\/fr\/wp-json\/wp\/v2\/product_tag?post=25317"}],"curies":[{"name":"wp","href":"https:\/\/api.w.org\/{rel}","templated":true}]}}