{"id":25301,"date":"2019-07-16T13:48:48","date_gmt":"2019-07-16T11:48:54","guid":{"rendered":"https:\/\/www.albyco.com\/?post_type=product&#038;p=25301"},"modified":"2021-08-13T12:41:44","modified_gmt":"2021-08-13T10:41:44","slug":"neolt-neolam-plus-2050-c-systeme-de-laminage-a-froid","status":"publish","type":"product","link":"https:\/\/www.albyco.com\/fr\/produit\/neolt-neolam-plus-2050-c-systeme-de-laminage-a-froid\/","title":{"rendered":"Neolt Neolam Plus 2050\/C syst\u00e8me de laminage \u00e0 froid"},"content":{"rendered":"<table style=\"width: 100%; border-collapse: collapse;\" border=\"0\">\r\n<tbody>\r\n<tr>\r\n<td style=\"width: 50%;\">Le <strong>Neolt Neolam Plus 1650 \/ C<\/strong> est une solution de plastification professionnelle \u00e9quip\u00e9e d\u2019un syst\u00e8me de pression pneumatique qui s\u2019ajuste automatiquement aux diff\u00e9rences de surface du substrat. La pression du rouleau peut \u00eatre ajust\u00e9e en temps r\u00e9el pendant le fonctionnement de la machine. Le Neolam Plus lamin\u00e9 jusqu&#8217;\u00e0 une \u00e9paisseur de 50 mm !<\/td>\r\n<td style=\"width: 50%;\"><div class=\"epyt-video-wrapper\"><iframe  id=\"_ytid_69360\"  width=\"800\" height=\"450\"  data-origwidth=\"800\" data-origheight=\"450\"  data-relstop=\"1\" src=\"https:\/\/www.youtube.com\/embed\/6W2fXTnBFnM?enablejsapi=1&autoplay=0&cc_load_policy=0&iv_load_policy=1&loop=0&modestbranding=0&fs=1&playsinline=1&controls=1&color=red&cc_lang_pref=&rel=0&autohide=2&theme=dark&\" class=\"__youtube_prefs__  no-lazyload\" title=\"YouTube player\"  allow=\"accelerometer; autoplay; clipboard-write; encrypted-media; gyroscope; picture-in-picture\" allowfullscreen data-no-lazy=\"1\" data-skipgform_ajax_framebjll=\"\"><\/iframe><\/div><\/td>\r\n<\/tr>\r\n<\/tbody>\r\n<\/table>\r\nEquip\u00e9 d&#8217;un \u00e9cran tactile LCD et d&#8217;un logiciel intuitif et facile \u00e0 utiliser.\r\nLa fonction Autospeed maintient la temp\u00e9rature des rouleaux constante et ajuste la vitesse des rouleaux en cons\u00e9quence. La temp\u00e9rature est r\u00e9glable de 0 \u00e0 120 \u00b0 C.","protected":false},"excerpt":{"rendered":"<p>Le <strong>Neolt Neolam Plus 1650 \/ C<\/strong> est une solution de plastification professionnelle \u00e9quip\u00e9e d\u2019un syst\u00e8me de pression pneumatique qui s\u2019ajuste automatiquement aux diff\u00e9rences de surface du substrat.<\/p>\n","protected":false},"featured_media":24888,"comment_status":"closed","ping_status":"closed","template":"","meta":[],"product_cat":[2300,2855,2856,3770],"product_tag":[],"yoast_head":"<!-- This site is optimized with the Yoast SEO plugin v18.6 - https:\/\/yoast.com\/wordpress\/plugins\/seo\/ -->\n<title>Neolt Neolam Plus 2050\/C syst\u00e8me de laminage \u00e0 froid - Albyco<\/title>\n<meta name=\"description\" content=\"Le Neolt Neolam Plus 1650 \/ C est une solution de plastification professionnelle \u00e9quip\u00e9e d\u2019un syst\u00e8me de pression pneumatique qui s\u2019ajuste automatiquement aux diff\u00e9rences de surface du substrat.\" \/>\n<meta name=\"robots\" content=\"index, follow, max-snippet:-1, max-image-preview:large, max-video-preview:-1\" \/>\n<link rel=\"canonical\" href=\"https:\/\/www.albyco.com\/fr\/produit\/neolt-neolam-plus-2050-c-systeme-de-laminage-a-froid\/\" \/>\n<meta property=\"og:locale\" content=\"fr_FR\" \/>\n<meta property=\"og:type\" content=\"article\" \/>\n<meta property=\"og:title\" content=\"Neolt Neolam Plus 2050\/C syst\u00e8me de laminage \u00e0 froid - Albyco\" \/>\n<meta property=\"og:description\" content=\"Le Neolt Neolam Plus 1650 \/ C est une solution de plastification professionnelle \u00e9quip\u00e9e d\u2019un syst\u00e8me de pression pneumatique qui s\u2019ajuste automatiquement aux diff\u00e9rences de surface du substrat.\" \/>\n<meta property=\"og:url\" content=\"https:\/\/www.albyco.com\/fr\/produit\/neolt-neolam-plus-2050-c-systeme-de-laminage-a-froid\/\" \/>\n<meta property=\"og:site_name\" content=\"Albyco\" \/>\n<meta property=\"article:modified_time\" content=\"2021-08-13T10:41:44+00:00\" \/>\n<meta property=\"og:image\" content=\"https:\/\/www.albyco.com\/wp-content\/uploads\/2019\/06\/Neolt-Shield-plus-S.jpg\" \/>\n\t<meta property=\"og:image:width\" content=\"5323\" \/>\n\t<meta property=\"og:image:height\" content=\"3549\" \/>\n\t<meta property=\"og:image:type\" content=\"image\/jpeg\" \/>\n<meta name=\"twitter:card\" content=\"summary\" \/>\n<meta name=\"twitter:site\" content=\"@AlbycoNederland\" \/>\n<meta name=\"twitter:label1\" content=\"Dur\u00e9e de lecture estim\u00e9e\" \/>\n\t<meta name=\"twitter:data1\" content=\"1 minute\" \/>\n<script type=\"application\/ld+json\" class=\"yoast-schema-graph\">{\"@context\":\"https:\/\/schema.org\",\"@graph\":[{\"@type\":\"Organization\",\"@id\":\"https:\/\/www.albyco.com\/#organization\",\"name\":\"Albyco Nederland B.V.\",\"url\":\"https:\/\/www.albyco.com\/\",\"sameAs\":[\"https:\/\/www.linkedin.com\/company\/18015670\/\",\"https:\/\/www.youtube.com\/user\/AlbycoNederland\",\"https:\/\/nl.pinterest.com\/albyco\",\"https:\/\/twitter.com\/AlbycoNederland\"],\"logo\":{\"@type\":\"ImageObject\",\"@id\":\"https:\/\/www.albyco.com\/#logo\",\"inLanguage\":\"fr-FR\",\"url\":\"https:\/\/www.albyco.com\/wp-content\/uploads\/2017\/07\/albyco_logo_hd.png\",\"contentUrl\":\"https:\/\/www.albyco.com\/wp-content\/uploads\/2017\/07\/albyco_logo_hd.png\",\"width\":300,\"height\":300,\"caption\":\"Albyco Nederland B.V.\"},\"image\":{\"@id\":\"https:\/\/www.albyco.com\/#logo\"}},{\"@type\":\"WebSite\",\"@id\":\"https:\/\/www.albyco.com\/#website\",\"url\":\"https:\/\/www.albyco.com\/\",\"name\":\"Albyco\",\"description\":\"Leverancier voor nabewerking van geprinte media\",\"publisher\":{\"@id\":\"https:\/\/www.albyco.com\/#organization\"},\"potentialAction\":[{\"@type\":\"SearchAction\",\"target\":{\"@type\":\"EntryPoint\",\"urlTemplate\":\"https:\/\/www.albyco.com\/?s={search_term_string}\"},\"query-input\":\"required name=search_term_string\"}],\"inLanguage\":\"fr-FR\"},{\"@type\":\"ImageObject\",\"@id\":\"https:\/\/www.albyco.com\/fr\/produit\/neolt-neolam-plus-2050-c-systeme-de-laminage-a-froid\/#primaryimage\",\"inLanguage\":\"fr-FR\",\"url\":\"https:\/\/www.albyco.com\/wp-content\/uploads\/2019\/06\/Neolt-Shield-plus-S.jpg\",\"contentUrl\":\"https:\/\/www.albyco.com\/wp-content\/uploads\/2019\/06\/Neolt-Shield-plus-S.jpg\",\"width\":5323,\"height\":3549,\"caption\":\"Neolt-Neolam Plus\"},{\"@type\":\"WebPage\",\"@id\":\"https:\/\/www.albyco.com\/fr\/produit\/neolt-neolam-plus-2050-c-systeme-de-laminage-a-froid\/#webpage\",\"url\":\"https:\/\/www.albyco.com\/fr\/produit\/neolt-neolam-plus-2050-c-systeme-de-laminage-a-froid\/\",\"name\":\"Neolt Neolam Plus 2050\/C syst\u00e8me de laminage \u00e0 froid - Albyco\",\"isPartOf\":{\"@id\":\"https:\/\/www.albyco.com\/#website\"},\"primaryImageOfPage\":{\"@id\":\"https:\/\/www.albyco.com\/fr\/produit\/neolt-neolam-plus-2050-c-systeme-de-laminage-a-froid\/#primaryimage\"},\"datePublished\":\"2019-07-16T11:48:54+00:00\",\"dateModified\":\"2021-08-13T10:41:44+00:00\",\"description\":\"Le Neolt Neolam Plus 1650 \/ C est une solution de plastification professionnelle \u00e9quip\u00e9e d\u2019un syst\u00e8me de pression pneumatique qui s\u2019ajuste automatiquement aux diff\u00e9rences de surface du substrat.\",\"breadcrumb\":{\"@id\":\"https:\/\/www.albyco.com\/fr\/produit\/neolt-neolam-plus-2050-c-systeme-de-laminage-a-froid\/#breadcrumb\"},\"inLanguage\":\"fr-FR\",\"potentialAction\":[{\"@type\":\"ReadAction\",\"target\":[\"https:\/\/www.albyco.com\/fr\/produit\/neolt-neolam-plus-2050-c-systeme-de-laminage-a-froid\/\"]}]},{\"@type\":\"BreadcrumbList\",\"@id\":\"https:\/\/www.albyco.com\/fr\/produit\/neolt-neolam-plus-2050-c-systeme-de-laminage-a-froid\/#breadcrumb\",\"itemListElement\":[{\"@type\":\"ListItem\",\"position\":1,\"name\":\"Home\",\"item\":\"https:\/\/www.albyco.com\/fr\/\"},{\"@type\":\"ListItem\",\"position\":2,\"name\":\"Les produits\",\"item\":\"https:\/\/www.albyco.com\/fr\/producten\/\"},{\"@type\":\"ListItem\",\"position\":3,\"name\":\"Neolt Neolam Plus 2050\/C syst\u00e8me de laminage \u00e0 froid\"}]}]}<\/script>\n<!-- \/ Yoast SEO plugin. -->","yoast_head_json":{"title":"Neolt Neolam Plus 2050\/C syst\u00e8me de laminage \u00e0 froid - Albyco","description":"Le Neolt Neolam Plus 1650 \/ C est une solution de plastification professionnelle \u00e9quip\u00e9e d\u2019un syst\u00e8me de pression pneumatique qui s\u2019ajuste automatiquement aux diff\u00e9rences de surface du substrat.","robots":{"index":"index","follow":"follow","max-snippet":"max-snippet:-1","max-image-preview":"max-image-preview:large","max-video-preview":"max-video-preview:-1"},"canonical":"https:\/\/www.albyco.com\/fr\/produit\/neolt-neolam-plus-2050-c-systeme-de-laminage-a-froid\/","og_locale":"fr_FR","og_type":"article","og_title":"Neolt Neolam Plus 2050\/C syst\u00e8me de laminage \u00e0 froid - Albyco","og_description":"Le Neolt Neolam Plus 1650 \/ C est une solution de plastification professionnelle \u00e9quip\u00e9e d\u2019un syst\u00e8me de pression pneumatique qui s\u2019ajuste automatiquement aux diff\u00e9rences de surface du substrat.","og_url":"https:\/\/www.albyco.com\/fr\/produit\/neolt-neolam-plus-2050-c-systeme-de-laminage-a-froid\/","og_site_name":"Albyco","article_modified_time":"2021-08-13T10:41:44+00:00","og_image":[{"width":5323,"height":3549,"url":"https:\/\/www.albyco.com\/wp-content\/uploads\/2019\/06\/Neolt-Shield-plus-S.jpg","type":"image\/jpeg"}],"twitter_card":"summary","twitter_site":"@AlbycoNederland","twitter_misc":{"Dur\u00e9e de lecture estim\u00e9e":"1 minute"},"schema":{"@context":"https:\/\/schema.org","@graph":[{"@type":"Organization","@id":"https:\/\/www.albyco.com\/#organization","name":"Albyco Nederland B.V.","url":"https:\/\/www.albyco.com\/","sameAs":["https:\/\/www.linkedin.com\/company\/18015670\/","https:\/\/www.youtube.com\/user\/AlbycoNederland","https:\/\/nl.pinterest.com\/albyco","https:\/\/twitter.com\/AlbycoNederland"],"logo":{"@type":"ImageObject","@id":"https:\/\/www.albyco.com\/#logo","inLanguage":"fr-FR","url":"https:\/\/www.albyco.com\/wp-content\/uploads\/2017\/07\/albyco_logo_hd.png","contentUrl":"https:\/\/www.albyco.com\/wp-content\/uploads\/2017\/07\/albyco_logo_hd.png","width":300,"height":300,"caption":"Albyco Nederland B.V."},"image":{"@id":"https:\/\/www.albyco.com\/#logo"}},{"@type":"WebSite","@id":"https:\/\/www.albyco.com\/#website","url":"https:\/\/www.albyco.com\/","name":"Albyco","description":"Leverancier voor nabewerking van geprinte media","publisher":{"@id":"https:\/\/www.albyco.com\/#organization"},"potentialAction":[{"@type":"SearchAction","target":{"@type":"EntryPoint","urlTemplate":"https:\/\/www.albyco.com\/?s={search_term_string}"},"query-input":"required name=search_term_string"}],"inLanguage":"fr-FR"},{"@type":"ImageObject","@id":"https:\/\/www.albyco.com\/fr\/produit\/neolt-neolam-plus-2050-c-systeme-de-laminage-a-froid\/#primaryimage","inLanguage":"fr-FR","url":"https:\/\/www.albyco.com\/wp-content\/uploads\/2019\/06\/Neolt-Shield-plus-S.jpg","contentUrl":"https:\/\/www.albyco.com\/wp-content\/uploads\/2019\/06\/Neolt-Shield-plus-S.jpg","width":5323,"height":3549,"caption":"Neolt-Neolam Plus"},{"@type":"WebPage","@id":"https:\/\/www.albyco.com\/fr\/produit\/neolt-neolam-plus-2050-c-systeme-de-laminage-a-froid\/#webpage","url":"https:\/\/www.albyco.com\/fr\/produit\/neolt-neolam-plus-2050-c-systeme-de-laminage-a-froid\/","name":"Neolt Neolam Plus 2050\/C syst\u00e8me de laminage \u00e0 froid - Albyco","isPartOf":{"@id":"https:\/\/www.albyco.com\/#website"},"primaryImageOfPage":{"@id":"https:\/\/www.albyco.com\/fr\/produit\/neolt-neolam-plus-2050-c-systeme-de-laminage-a-froid\/#primaryimage"},"datePublished":"2019-07-16T11:48:54+00:00","dateModified":"2021-08-13T10:41:44+00:00","description":"Le Neolt Neolam Plus 1650 \/ C est une solution de plastification professionnelle \u00e9quip\u00e9e d\u2019un syst\u00e8me de pression pneumatique qui s\u2019ajuste automatiquement aux diff\u00e9rences de surface du substrat.","breadcrumb":{"@id":"https:\/\/www.albyco.com\/fr\/produit\/neolt-neolam-plus-2050-c-systeme-de-laminage-a-froid\/#breadcrumb"},"inLanguage":"fr-FR","potentialAction":[{"@type":"ReadAction","target":["https:\/\/www.albyco.com\/fr\/produit\/neolt-neolam-plus-2050-c-systeme-de-laminage-a-froid\/"]}]},{"@type":"BreadcrumbList","@id":"https:\/\/www.albyco.com\/fr\/produit\/neolt-neolam-plus-2050-c-systeme-de-laminage-a-froid\/#breadcrumb","itemListElement":[{"@type":"ListItem","position":1,"name":"Home","item":"https:\/\/www.albyco.com\/fr\/"},{"@type":"ListItem","position":2,"name":"Les produits","item":"https:\/\/www.albyco.com\/fr\/producten\/"},{"@type":"ListItem","position":3,"name":"Neolt Neolam Plus 2050\/C syst\u00e8me de laminage \u00e0 froid"}]}]}},"_links":{"self":[{"href":"https:\/\/www.albyco.com\/fr\/wp-json\/wp\/v2\/product\/25301"}],"collection":[{"href":"https:\/\/www.albyco.com\/fr\/wp-json\/wp\/v2\/product"}],"about":[{"href":"https:\/\/www.albyco.com\/fr\/wp-json\/wp\/v2\/types\/product"}],"replies":[{"embeddable":true,"href":"https:\/\/www.albyco.com\/fr\/wp-json\/wp\/v2\/comments?post=25301"}],"wp:featuredmedia":[{"embeddable":true,"href":"https:\/\/www.albyco.com\/fr\/wp-json\/wp\/v2\/media\/24888"}],"wp:attachment":[{"href":"https:\/\/www.albyco.com\/fr\/wp-json\/wp\/v2\/media?parent=25301"}],"wp:term":[{"taxonomy":"product_cat","embeddable":true,"href":"https:\/\/www.albyco.com\/fr\/wp-json\/wp\/v2\/product_cat?post=25301"},{"taxonomy":"product_tag","embeddable":true,"href":"https:\/\/www.albyco.com\/fr\/wp-json\/wp\/v2\/product_tag?post=25301"}],"curies":[{"name":"wp","href":"https:\/\/api.w.org\/{rel}","templated":true}]}}