{"id":24846,"date":"2019-06-26T11:52:04","date_gmt":"2019-06-26T09:52:08","guid":{"rendered":"https:\/\/www.albyco.com\/?post_type=product&#038;p=24846"},"modified":"2021-08-13T08:59:33","modified_gmt":"2021-08-13T06:59:33","slug":"neolt-shield-1650","status":"publish","type":"product","link":"https:\/\/www.albyco.com\/fr\/produit\/neolt-shield-1650\/","title":{"rendered":"Neolt Shield 1650 syst\u00e8me de laminage \u00e0 froid"},"content":{"rendered":"<table style=\"width: 100%; border-collapse: collapse;\" border=\"0\">\r\n<tbody>\r\n<tr>\r\n<td style=\"width: 50%;\">Le <strong>Neolt Shield 1650<\/strong> est un syst\u00e8me pneumatique de plastification \u00e0 froid qui allie innovation, performance, faible investissement et \u00e9volutivit\u00e9 totale. La s\u00e9rie Shield est con\u00e7ue et construite pour une large gamme d&#8217;applications, allant du banderolage automobile au carton ondul\u00e9, en passant par une large gamme d&#8217;applications d&#8217;affichage et de signalisation.<\/td>\r\n<td style=\"width: 50%;\"><div class=\"epyt-video-wrapper\"><iframe  id=\"_ytid_26035\"  width=\"800\" height=\"450\"  data-origwidth=\"800\" data-origheight=\"450\"  data-relstop=\"1\" src=\"https:\/\/www.youtube.com\/embed\/ZMH1RMgRYow?enablejsapi=1&autoplay=0&cc_load_policy=0&iv_load_policy=1&loop=0&modestbranding=0&fs=1&playsinline=1&controls=1&color=red&cc_lang_pref=&rel=0&autohide=2&theme=dark&\" class=\"__youtube_prefs__  no-lazyload\" title=\"YouTube player\"  allow=\"accelerometer; autoplay; clipboard-write; encrypted-media; gyroscope; picture-in-picture\" allowfullscreen data-no-lazy=\"1\" data-skipgform_ajax_framebjll=\"\"><\/iframe><\/div><\/td>\r\n<\/tr>\r\n<\/tbody>\r\n<\/table>\r\nEn appliquant la technologie pneumatique, la s\u00e9rie Neolt Shield r\u00e9duit le temps d&#8217;installation de la machine et la n\u00e9cessit\u00e9 d&#8217;engager du personnel sp\u00e9cialis\u00e9. Contrairement aux lamineuses \u00e0 technologie d&#8217;impression \u00e9lectrique, le risque d&#8217;erreur dans le calcul de l&#8217;\u00e9paisseur est r\u00e9duit \u00e0 z\u00e9ro. La disponibilit\u00e9 d&#8217;une version \u00e0 rouleaux chauff\u00e9s \u00e9tend les domaines d&#8217;application.\r\n\r\n<strong>Caract\u00e9ristiques les plus importantes:<\/strong>\r\n\r\n<strong>Plug &amp; Play<\/strong> La s\u00e9rie de lamineuses \u00e0 froid Neolt Shield est \u00e9quip\u00e9e d&#8217;un compresseur d&#8217;air int\u00e9gr\u00e9. D\u00e8s que la fiche est ins\u00e9r\u00e9e dans la prise, la machine peut \u00eatre mise \u00e0 temp\u00e9rature et la stratification peut commencer.\r\n\r\nSyst\u00e8me de pression pneumatique <strong>durable<\/strong> consommant beaucoup moins d&#8217;\u00e9nergie que les moteurs \u00e9lectriques.\r\n\r\nR\u00e9glage automatique du syst\u00e8me de pression d&#8217;air avec pistons ind\u00e9pendants pour diff\u00e9rentes \u00e9paisseurs et g\u00e8re les diff\u00e9rences de surface du substrat. Les rouleaux sont ajust\u00e9s \u00e0 la surface en temps r\u00e9el.\r\n\r\nFlexible Il est possible de d\u00e9finir la pression appliqu\u00e9e sur chaque substrat. Une fois que le mat\u00e9riau a \u00e9t\u00e9 plac\u00e9, il est possible de r\u00e9gler en continu la pression. Il est possible de d\u00e9finir la pression appliqu\u00e9e sur chaque substrat. Une fois que le mat\u00e9riau a \u00e9t\u00e9 plac\u00e9, il est possible de r\u00e9gler en continu la pression.\r\n\r\n<strong>Options et accessoires<\/strong>\r\n\r\nParmi les options disponibles figurent les rouleaux de laminage qui peuvent chauffer jusqu&#8217;\u00e0 50 \u00b0 C, l&#8217;unit\u00e9 de coupe horizontale manuelle et un nombre variable d&#8217;unit\u00e9s de coupe verticales en sortie.\r\n\r\n<strong>Wrapping Edition<\/strong>\r\n\r\nEst \u00e9quip\u00e9 de surfaces de travail \u00e9clair\u00e9es, de doubles rouleaux motoris\u00e9s, d&#8217;un syst\u00e8me de coupe rotatif automatis\u00e9 et peut \u00eatre compl\u00e9t\u00e9 par des surfaces de travail \u00e9clair\u00e9es r\u00e9sistantes aux rayures, des tiroirs pour outils et un conteneur \u00e0 d\u00e9chets. Les tables d&#8217;entr\u00e9e et de sortie ont un format standard, mais vous pouvez toujours commander des tables de pliage suppl\u00e9mentaires pour augmenter de mani\u00e8re dynamique l&#8217;espace de travail. Les rouleaux de stratification sont \u00e9galement recouverts d&#8217;un type sp\u00e9cial de silicone, ce qui facilite l&#8217;adh\u00e9rence du film de stratification au mat\u00e9riau.\r\n\r\n<strong>Flatbed Edition\r\n<\/strong>Est \u00e9quip\u00e9 de rouleaux d&#8217;entr\u00e9e et de sortie \/ d\u00e9chargement et d&#8217;un syst\u00e8me de pression optimis\u00e9 pour r\u00e9guler automatiquement l&#8217;\u00e9paisseur des mat\u00e9riaux en feuille. Cela vous permet de positionner la plastifieuse Shield \u00e0 mi-chemin entre une imprimante \u00e0 plat num\u00e9rique (UV ou \u00e0 base d\u2019eau) et un syst\u00e8me de d\u00e9coupe num\u00e9rique.","protected":false},"excerpt":{"rendered":"<p>Le Neolt Shield 1650 est un syst\u00e8me pneumatique de plastification \u00e0 froid qui allie innovation, performance, faible investissement et \u00e9volutivit\u00e9 totale.<\/p>\n","protected":false},"featured_media":24834,"comment_status":"closed","ping_status":"closed","template":"","meta":[],"product_cat":[2300,2856,3770],"product_tag":[],"yoast_head":"<!-- This site is optimized with the Yoast SEO plugin v18.6 - https:\/\/yoast.com\/wordpress\/plugins\/seo\/ -->\n<title>Neolt Shield 1650 syst\u00e8me de laminage \u00e0 froid - Albyco<\/title>\n<meta name=\"description\" content=\"Le Neolt Shield 1650 est un syst\u00e8me pneumatique de plastification \u00e0 froid qui allie innovation, performance, faible investissement et \u00e9volutivit\u00e9 totale.\" \/>\n<meta name=\"robots\" content=\"index, follow, max-snippet:-1, max-image-preview:large, max-video-preview:-1\" \/>\n<link rel=\"canonical\" href=\"https:\/\/www.albyco.com\/fr\/produit\/neolt-shield-1650\/\" \/>\n<meta property=\"og:locale\" content=\"fr_FR\" \/>\n<meta property=\"og:type\" content=\"article\" \/>\n<meta property=\"og:title\" content=\"Neolt Shield 1650 syst\u00e8me de laminage \u00e0 froid - Albyco\" \/>\n<meta property=\"og:description\" content=\"Le Neolt Shield 1650 est un syst\u00e8me pneumatique de plastification \u00e0 froid qui allie innovation, performance, faible investissement et \u00e9volutivit\u00e9 totale.\" \/>\n<meta property=\"og:url\" content=\"https:\/\/www.albyco.com\/fr\/produit\/neolt-shield-1650\/\" \/>\n<meta property=\"og:site_name\" content=\"Albyco\" \/>\n<meta property=\"article:modified_time\" content=\"2021-08-13T06:59:33+00:00\" \/>\n<meta property=\"og:image\" content=\"https:\/\/www.albyco.com\/wp-content\/uploads\/2019\/06\/Neolt-Shield.jpg\" \/>\n\t<meta property=\"og:image:width\" content=\"730\" \/>\n\t<meta property=\"og:image:height\" content=\"614\" \/>\n\t<meta property=\"og:image:type\" content=\"image\/jpeg\" \/>\n<meta name=\"twitter:card\" content=\"summary\" \/>\n<meta name=\"twitter:site\" content=\"@AlbycoNederland\" \/>\n<meta name=\"twitter:label1\" content=\"Dur\u00e9e de lecture estim\u00e9e\" \/>\n\t<meta name=\"twitter:data1\" content=\"2 minutes\" \/>\n<script type=\"application\/ld+json\" class=\"yoast-schema-graph\">{\"@context\":\"https:\/\/schema.org\",\"@graph\":[{\"@type\":\"Organization\",\"@id\":\"https:\/\/www.albyco.com\/#organization\",\"name\":\"Albyco Nederland B.V.\",\"url\":\"https:\/\/www.albyco.com\/\",\"sameAs\":[\"https:\/\/www.linkedin.com\/company\/18015670\/\",\"https:\/\/www.youtube.com\/user\/AlbycoNederland\",\"https:\/\/nl.pinterest.com\/albyco\",\"https:\/\/twitter.com\/AlbycoNederland\"],\"logo\":{\"@type\":\"ImageObject\",\"@id\":\"https:\/\/www.albyco.com\/#logo\",\"inLanguage\":\"fr-FR\",\"url\":\"https:\/\/www.albyco.com\/wp-content\/uploads\/2017\/07\/albyco_logo_hd.png\",\"contentUrl\":\"https:\/\/www.albyco.com\/wp-content\/uploads\/2017\/07\/albyco_logo_hd.png\",\"width\":300,\"height\":300,\"caption\":\"Albyco Nederland B.V.\"},\"image\":{\"@id\":\"https:\/\/www.albyco.com\/#logo\"}},{\"@type\":\"WebSite\",\"@id\":\"https:\/\/www.albyco.com\/#website\",\"url\":\"https:\/\/www.albyco.com\/\",\"name\":\"Albyco\",\"description\":\"Leverancier voor nabewerking van geprinte media\",\"publisher\":{\"@id\":\"https:\/\/www.albyco.com\/#organization\"},\"potentialAction\":[{\"@type\":\"SearchAction\",\"target\":{\"@type\":\"EntryPoint\",\"urlTemplate\":\"https:\/\/www.albyco.com\/?s={search_term_string}\"},\"query-input\":\"required name=search_term_string\"}],\"inLanguage\":\"fr-FR\"},{\"@type\":\"ImageObject\",\"@id\":\"https:\/\/www.albyco.com\/fr\/produit\/neolt-shield-1650\/#primaryimage\",\"inLanguage\":\"fr-FR\",\"url\":\"https:\/\/www.albyco.com\/wp-content\/uploads\/2019\/06\/Neolt-Shield.jpg\",\"contentUrl\":\"https:\/\/www.albyco.com\/wp-content\/uploads\/2019\/06\/Neolt-Shield.jpg\",\"width\":730,\"height\":614,\"caption\":\"Bouclier Neolt\"},{\"@type\":\"WebPage\",\"@id\":\"https:\/\/www.albyco.com\/fr\/produit\/neolt-shield-1650\/#webpage\",\"url\":\"https:\/\/www.albyco.com\/fr\/produit\/neolt-shield-1650\/\",\"name\":\"Neolt Shield 1650 syst\u00e8me de laminage \u00e0 froid - Albyco\",\"isPartOf\":{\"@id\":\"https:\/\/www.albyco.com\/#website\"},\"primaryImageOfPage\":{\"@id\":\"https:\/\/www.albyco.com\/fr\/produit\/neolt-shield-1650\/#primaryimage\"},\"datePublished\":\"2019-06-26T09:52:08+00:00\",\"dateModified\":\"2021-08-13T06:59:33+00:00\",\"description\":\"Le Neolt Shield 1650 est un syst\u00e8me pneumatique de plastification \u00e0 froid qui allie innovation, performance, faible investissement et \u00e9volutivit\u00e9 totale.\",\"breadcrumb\":{\"@id\":\"https:\/\/www.albyco.com\/fr\/produit\/neolt-shield-1650\/#breadcrumb\"},\"inLanguage\":\"fr-FR\",\"potentialAction\":[{\"@type\":\"ReadAction\",\"target\":[\"https:\/\/www.albyco.com\/fr\/produit\/neolt-shield-1650\/\"]}]},{\"@type\":\"BreadcrumbList\",\"@id\":\"https:\/\/www.albyco.com\/fr\/produit\/neolt-shield-1650\/#breadcrumb\",\"itemListElement\":[{\"@type\":\"ListItem\",\"position\":1,\"name\":\"Home\",\"item\":\"https:\/\/www.albyco.com\/fr\/\"},{\"@type\":\"ListItem\",\"position\":2,\"name\":\"Les produits\",\"item\":\"https:\/\/www.albyco.com\/fr\/producten\/\"},{\"@type\":\"ListItem\",\"position\":3,\"name\":\"Neolt Shield 1650 syst\u00e8me de laminage \u00e0 froid\"}]}]}<\/script>\n<!-- \/ Yoast SEO plugin. -->","yoast_head_json":{"title":"Neolt Shield 1650 syst\u00e8me de laminage \u00e0 froid - Albyco","description":"Le Neolt Shield 1650 est un syst\u00e8me pneumatique de plastification \u00e0 froid qui allie innovation, performance, faible investissement et \u00e9volutivit\u00e9 totale.","robots":{"index":"index","follow":"follow","max-snippet":"max-snippet:-1","max-image-preview":"max-image-preview:large","max-video-preview":"max-video-preview:-1"},"canonical":"https:\/\/www.albyco.com\/fr\/produit\/neolt-shield-1650\/","og_locale":"fr_FR","og_type":"article","og_title":"Neolt Shield 1650 syst\u00e8me de laminage \u00e0 froid - Albyco","og_description":"Le Neolt Shield 1650 est un syst\u00e8me pneumatique de plastification \u00e0 froid qui allie innovation, performance, faible investissement et \u00e9volutivit\u00e9 totale.","og_url":"https:\/\/www.albyco.com\/fr\/produit\/neolt-shield-1650\/","og_site_name":"Albyco","article_modified_time":"2021-08-13T06:59:33+00:00","og_image":[{"width":730,"height":614,"url":"https:\/\/www.albyco.com\/wp-content\/uploads\/2019\/06\/Neolt-Shield.jpg","type":"image\/jpeg"}],"twitter_card":"summary","twitter_site":"@AlbycoNederland","twitter_misc":{"Dur\u00e9e de lecture estim\u00e9e":"2 minutes"},"schema":{"@context":"https:\/\/schema.org","@graph":[{"@type":"Organization","@id":"https:\/\/www.albyco.com\/#organization","name":"Albyco Nederland B.V.","url":"https:\/\/www.albyco.com\/","sameAs":["https:\/\/www.linkedin.com\/company\/18015670\/","https:\/\/www.youtube.com\/user\/AlbycoNederland","https:\/\/nl.pinterest.com\/albyco","https:\/\/twitter.com\/AlbycoNederland"],"logo":{"@type":"ImageObject","@id":"https:\/\/www.albyco.com\/#logo","inLanguage":"fr-FR","url":"https:\/\/www.albyco.com\/wp-content\/uploads\/2017\/07\/albyco_logo_hd.png","contentUrl":"https:\/\/www.albyco.com\/wp-content\/uploads\/2017\/07\/albyco_logo_hd.png","width":300,"height":300,"caption":"Albyco Nederland B.V."},"image":{"@id":"https:\/\/www.albyco.com\/#logo"}},{"@type":"WebSite","@id":"https:\/\/www.albyco.com\/#website","url":"https:\/\/www.albyco.com\/","name":"Albyco","description":"Leverancier voor nabewerking van geprinte media","publisher":{"@id":"https:\/\/www.albyco.com\/#organization"},"potentialAction":[{"@type":"SearchAction","target":{"@type":"EntryPoint","urlTemplate":"https:\/\/www.albyco.com\/?s={search_term_string}"},"query-input":"required name=search_term_string"}],"inLanguage":"fr-FR"},{"@type":"ImageObject","@id":"https:\/\/www.albyco.com\/fr\/produit\/neolt-shield-1650\/#primaryimage","inLanguage":"fr-FR","url":"https:\/\/www.albyco.com\/wp-content\/uploads\/2019\/06\/Neolt-Shield.jpg","contentUrl":"https:\/\/www.albyco.com\/wp-content\/uploads\/2019\/06\/Neolt-Shield.jpg","width":730,"height":614,"caption":"Bouclier Neolt"},{"@type":"WebPage","@id":"https:\/\/www.albyco.com\/fr\/produit\/neolt-shield-1650\/#webpage","url":"https:\/\/www.albyco.com\/fr\/produit\/neolt-shield-1650\/","name":"Neolt Shield 1650 syst\u00e8me de laminage \u00e0 froid - Albyco","isPartOf":{"@id":"https:\/\/www.albyco.com\/#website"},"primaryImageOfPage":{"@id":"https:\/\/www.albyco.com\/fr\/produit\/neolt-shield-1650\/#primaryimage"},"datePublished":"2019-06-26T09:52:08+00:00","dateModified":"2021-08-13T06:59:33+00:00","description":"Le Neolt Shield 1650 est un syst\u00e8me pneumatique de plastification \u00e0 froid qui allie innovation, performance, faible investissement et \u00e9volutivit\u00e9 totale.","breadcrumb":{"@id":"https:\/\/www.albyco.com\/fr\/produit\/neolt-shield-1650\/#breadcrumb"},"inLanguage":"fr-FR","potentialAction":[{"@type":"ReadAction","target":["https:\/\/www.albyco.com\/fr\/produit\/neolt-shield-1650\/"]}]},{"@type":"BreadcrumbList","@id":"https:\/\/www.albyco.com\/fr\/produit\/neolt-shield-1650\/#breadcrumb","itemListElement":[{"@type":"ListItem","position":1,"name":"Home","item":"https:\/\/www.albyco.com\/fr\/"},{"@type":"ListItem","position":2,"name":"Les produits","item":"https:\/\/www.albyco.com\/fr\/producten\/"},{"@type":"ListItem","position":3,"name":"Neolt Shield 1650 syst\u00e8me de laminage \u00e0 froid"}]}]}},"_links":{"self":[{"href":"https:\/\/www.albyco.com\/fr\/wp-json\/wp\/v2\/product\/24846"}],"collection":[{"href":"https:\/\/www.albyco.com\/fr\/wp-json\/wp\/v2\/product"}],"about":[{"href":"https:\/\/www.albyco.com\/fr\/wp-json\/wp\/v2\/types\/product"}],"replies":[{"embeddable":true,"href":"https:\/\/www.albyco.com\/fr\/wp-json\/wp\/v2\/comments?post=24846"}],"wp:featuredmedia":[{"embeddable":true,"href":"https:\/\/www.albyco.com\/fr\/wp-json\/wp\/v2\/media\/24834"}],"wp:attachment":[{"href":"https:\/\/www.albyco.com\/fr\/wp-json\/wp\/v2\/media?parent=24846"}],"wp:term":[{"taxonomy":"product_cat","embeddable":true,"href":"https:\/\/www.albyco.com\/fr\/wp-json\/wp\/v2\/product_cat?post=24846"},{"taxonomy":"product_tag","embeddable":true,"href":"https:\/\/www.albyco.com\/fr\/wp-json\/wp\/v2\/product_tag?post=24846"}],"curies":[{"name":"wp","href":"https:\/\/api.w.org\/{rel}","templated":true}]}}