{"id":24824,"date":"2019-06-25T11:13:04","date_gmt":"2019-06-25T09:13:08","guid":{"rendered":"https:\/\/www.albyco.com\/?post_type=product&#038;p=24824"},"modified":"2022-04-19T20:27:29","modified_gmt":"2022-04-19T18:27:29","slug":"neolt-sword-systeme-de-coupe-de-mousses-2","status":"publish","type":"product","link":"https:\/\/www.albyco.com\/fr\/produit\/neolt-sword-systeme-de-coupe-de-mousses-2\/","title":{"rendered":"Neolt Sword, syst\u00e8me de coupe de mousses"},"content":{"rendered":"<table style=\"width: 100%; border-collapse: collapse;\" border=\"0\">\r\n<tbody>\r\n<tr>\r\n<td style=\"width: 50%;\">\r\n<p class=\"p1\"><strong>Neolt SWORD Coupeuses<\/strong> manuelles verticales<\/p>\r\n<p class=\"p1\">Gr\u00e2ce \u00e0 son ing\u00e9nieuse conception, la gamme de coupeuses Sword permet la d\u00e9coupe manuelle facile de mat\u00e9riaux tels que les FOAM, le plastique, le cuir, le Forex et bien d&#8217;autres mat\u00e9riaux en vous permettant de choisir entre les capacit\u00e9s d&#8217;une de ses deux lames fixes, ou bien celles d&#8217;une troisi\u00e8me lame en option pour d&#8217;autres mat\u00e9riaux (Dibond, verre, aluminium, polyur\u00e9thane expans\u00e9, plexiglas&#8230;)<\/p>\r\n<\/td>\r\n<td style=\"width: 50%; text-align: center;\"><div class=\"epyt-video-wrapper\"><iframe  id=\"_ytid_84363\"  width=\"800\" height=\"450\"  data-origwidth=\"800\" data-origheight=\"450\"  data-relstop=\"1\" src=\"https:\/\/www.youtube.com\/embed\/4tK0Bl1wW44?enablejsapi=1&autoplay=0&cc_load_policy=0&iv_load_policy=1&loop=0&modestbranding=0&fs=1&playsinline=1&controls=1&color=red&cc_lang_pref=&rel=0&autohide=2&theme=dark&\" class=\"__youtube_prefs__  no-lazyload\" title=\"YouTube player\"  allow=\"accelerometer; autoplay; clipboard-write; encrypted-media; gyroscope; picture-in-picture\" allowfullscreen data-no-lazy=\"1\" data-skipgform_ajax_framebjll=\"\"><\/iframe><\/div><\/td>\r\n<\/tr>\r\n<\/tbody>\r\n<\/table>\r\n<p class=\"p1\">Sa structure robuste et l\u00e9g\u00e8re permet de la d\u00e9placer facilement selon vos besoins tout en pouvant supporter le poids de supports lourds sans risque de d\u00e9gradation.<\/p>\r\n<p class=\"p1\">Elle est id\u00e9ale pour la fabrication \u00e0 la demande de signal\u00e9tique, stands, PLV \u00e0 l&#8217;usage des artisans, imprimeurs, reprographes, agences&#8230;<\/p>\r\n<p class=\"p1\">Lame fixe n\u00b01 :<\/p>\r\n<p class=\"p1\">Pour la coupe de 1 \u00e0 30mm de carton, FOAM, mat\u00e9riaux spongieux, polyur\u00e9thane expans\u00e9, plastique \u00e0 partir de 0,5mm, films, panneaux alv\u00e9olaires plastiques, Re-board.<\/p>\r\n<p class=\"p1\">Lame fixe n\u00b02 :<\/p>\r\n<p class=\"p1\">Pour la coupe de 1 \u00e0 10mm de cuir, Forex, plastique \u00e0 partir de 0,5mm en deux \u00e9tapes (de haut en bas ou de bas en haut).<\/p>\r\n<p class=\"p1\">En option lame n\u00b03 pour la coupe du Dibond jusqu&#8217;\u00e0 3mm.<\/p>\r\n<p class=\"p1\">Toujours en option, il est possible de placer une lame pour la coupe du verre et un autre outil pour la coupe de Plexiglass (\u00e9paisseur max. 5mm).<\/p>\r\n<p class=\"p1\">Autre outil disponible en option : Vcut permettant la coupe d&#8217;angle 45\u00b0 &amp; 60\u00b0.<\/p>\r\n<p class=\"p1\">Le mod\u00e8le Sword est disponible en plusieurs hauteurs de coupe de 165cm, 210cm, 250cm &amp; 310cm.<\/p>\r\n<p class=\"p1\">Garantie 2 ans.<\/p>\r\n<p class=\"p1\">Conforme aux normes de s\u00e9curit\u00e9 CE.<\/p>\r\n<a href=\"https:\/\/www.albyco.com\/fr\/contactez-nous\/\"><img loading=\"lazy\" class=\"size-full wp-image-11223 alignleft\" src=\"https:\/\/www.albyco.com\/wp-content\/uploads\/2018\/02\/CTA-Albyco-fr-2.jpg\" alt=\"\" width=\"225\" height=\"141\" srcset=\"https:\/\/www.albyco.com\/wp-content\/uploads\/2018\/02\/CTA-Albyco-fr-2.jpg 225w, https:\/\/www.albyco.com\/wp-content\/uploads\/2018\/02\/CTA-Albyco-fr-2-100x63.jpg 100w, https:\/\/www.albyco.com\/wp-content\/uploads\/2018\/02\/CTA-Albyco-fr-2-24x15.jpg 24w, https:\/\/www.albyco.com\/wp-content\/uploads\/2018\/02\/CTA-Albyco-fr-2-36x23.jpg 36w, https:\/\/www.albyco.com\/wp-content\/uploads\/2018\/02\/CTA-Albyco-fr-2-48x30.jpg 48w\" sizes=\"(max-width: 225px) 100vw, 225px\" \/><\/a>","protected":false},"excerpt":{"rendered":"<p><strong>Le Neolt Sword<\/strong> est un syst\u00e8me de coupe de panneau de mousse verticales<\/p>\n","protected":false},"featured_media":24801,"comment_status":"open","ping_status":"closed","template":"","meta":[],"product_cat":[2300,3476,3665],"product_tag":[3477,3478,3479,3480,3481,2737],"yoast_head":"<!-- This site is optimized with the Yoast SEO plugin v18.6 - https:\/\/yoast.com\/wordpress\/plugins\/seo\/ -->\n<title>Neolt Sword, syst\u00e8me de coupe de mousses - Albyco<\/title>\n<meta name=\"description\" content=\"Le Neolt Sword est un syst\u00e8me de coupe de panneau de mousse verticales\" \/>\n<meta name=\"robots\" content=\"index, follow, max-snippet:-1, max-image-preview:large, max-video-preview:-1\" \/>\n<link rel=\"canonical\" href=\"https:\/\/www.albyco.com\/fr\/produit\/neolt-sword-systeme-de-coupe-de-mousses-2\/\" \/>\n<meta property=\"og:locale\" content=\"fr_FR\" \/>\n<meta property=\"og:type\" content=\"article\" \/>\n<meta property=\"og:title\" content=\"Neolt Sword, syst\u00e8me de coupe de mousses - Albyco\" \/>\n<meta property=\"og:description\" content=\"Le Neolt Sword est un syst\u00e8me de coupe de panneau de mousse verticales\" \/>\n<meta property=\"og:url\" content=\"https:\/\/www.albyco.com\/fr\/produit\/neolt-sword-systeme-de-coupe-de-mousses-2\/\" \/>\n<meta property=\"og:site_name\" content=\"Albyco\" \/>\n<meta property=\"article:modified_time\" content=\"2022-04-19T18:27:29+00:00\" \/>\n<meta property=\"og:image\" content=\"https:\/\/www.albyco.com\/wp-content\/uploads\/2019\/06\/Neolt-Sword.jpg\" \/>\n\t<meta property=\"og:image:width\" content=\"496\" \/>\n\t<meta property=\"og:image:height\" content=\"807\" \/>\n\t<meta property=\"og:image:type\" content=\"image\/jpeg\" \/>\n<meta name=\"twitter:card\" content=\"summary\" \/>\n<meta name=\"twitter:site\" content=\"@AlbycoNederland\" \/>\n<meta name=\"twitter:label1\" content=\"Dur\u00e9e de lecture estim\u00e9e\" \/>\n\t<meta name=\"twitter:data1\" content=\"1 minute\" \/>\n<script type=\"application\/ld+json\" class=\"yoast-schema-graph\">{\"@context\":\"https:\/\/schema.org\",\"@graph\":[{\"@type\":\"Organization\",\"@id\":\"https:\/\/www.albyco.com\/#organization\",\"name\":\"Albyco Nederland B.V.\",\"url\":\"https:\/\/www.albyco.com\/\",\"sameAs\":[\"https:\/\/www.linkedin.com\/company\/18015670\/\",\"https:\/\/www.youtube.com\/user\/AlbycoNederland\",\"https:\/\/nl.pinterest.com\/albyco\",\"https:\/\/twitter.com\/AlbycoNederland\"],\"logo\":{\"@type\":\"ImageObject\",\"@id\":\"https:\/\/www.albyco.com\/#logo\",\"inLanguage\":\"fr-FR\",\"url\":\"https:\/\/www.albyco.com\/wp-content\/uploads\/2017\/07\/albyco_logo_hd.png\",\"contentUrl\":\"https:\/\/www.albyco.com\/wp-content\/uploads\/2017\/07\/albyco_logo_hd.png\",\"width\":300,\"height\":300,\"caption\":\"Albyco Nederland B.V.\"},\"image\":{\"@id\":\"https:\/\/www.albyco.com\/#logo\"}},{\"@type\":\"WebSite\",\"@id\":\"https:\/\/www.albyco.com\/#website\",\"url\":\"https:\/\/www.albyco.com\/\",\"name\":\"Albyco\",\"description\":\"Leverancier voor nabewerking van geprinte media\",\"publisher\":{\"@id\":\"https:\/\/www.albyco.com\/#organization\"},\"potentialAction\":[{\"@type\":\"SearchAction\",\"target\":{\"@type\":\"EntryPoint\",\"urlTemplate\":\"https:\/\/www.albyco.com\/?s={search_term_string}\"},\"query-input\":\"required name=search_term_string\"}],\"inLanguage\":\"fr-FR\"},{\"@type\":\"ImageObject\",\"@id\":\"https:\/\/www.albyco.com\/fr\/produit\/neolt-sword-systeme-de-coupe-de-mousses-2\/#primaryimage\",\"inLanguage\":\"fr-FR\",\"url\":\"https:\/\/www.albyco.com\/wp-content\/uploads\/2019\/06\/Neolt-Sword.jpg\",\"contentUrl\":\"https:\/\/www.albyco.com\/wp-content\/uploads\/2019\/06\/Neolt-Sword.jpg\",\"width\":496,\"height\":807,\"caption\":\"Neolt-Sword\"},{\"@type\":\"WebPage\",\"@id\":\"https:\/\/www.albyco.com\/fr\/produit\/neolt-sword-systeme-de-coupe-de-mousses-2\/#webpage\",\"url\":\"https:\/\/www.albyco.com\/fr\/produit\/neolt-sword-systeme-de-coupe-de-mousses-2\/\",\"name\":\"Neolt Sword, syst\u00e8me de coupe de mousses - Albyco\",\"isPartOf\":{\"@id\":\"https:\/\/www.albyco.com\/#website\"},\"primaryImageOfPage\":{\"@id\":\"https:\/\/www.albyco.com\/fr\/produit\/neolt-sword-systeme-de-coupe-de-mousses-2\/#primaryimage\"},\"datePublished\":\"2019-06-25T09:13:08+00:00\",\"dateModified\":\"2022-04-19T18:27:29+00:00\",\"description\":\"Le Neolt Sword est un syst\u00e8me de coupe de panneau de mousse verticales\",\"breadcrumb\":{\"@id\":\"https:\/\/www.albyco.com\/fr\/produit\/neolt-sword-systeme-de-coupe-de-mousses-2\/#breadcrumb\"},\"inLanguage\":\"fr-FR\",\"potentialAction\":[{\"@type\":\"ReadAction\",\"target\":[\"https:\/\/www.albyco.com\/fr\/produit\/neolt-sword-systeme-de-coupe-de-mousses-2\/\"]}]},{\"@type\":\"BreadcrumbList\",\"@id\":\"https:\/\/www.albyco.com\/fr\/produit\/neolt-sword-systeme-de-coupe-de-mousses-2\/#breadcrumb\",\"itemListElement\":[{\"@type\":\"ListItem\",\"position\":1,\"name\":\"Home\",\"item\":\"https:\/\/www.albyco.com\/fr\/\"},{\"@type\":\"ListItem\",\"position\":2,\"name\":\"Les produits\",\"item\":\"https:\/\/www.albyco.com\/fr\/producten\/\"},{\"@type\":\"ListItem\",\"position\":3,\"name\":\"Neolt Sword, syst\u00e8me de coupe de mousses\"}]}]}<\/script>\n<!-- \/ Yoast SEO plugin. -->","yoast_head_json":{"title":"Neolt Sword, syst\u00e8me de coupe de mousses - Albyco","description":"Le Neolt Sword est un syst\u00e8me de coupe de panneau de mousse verticales","robots":{"index":"index","follow":"follow","max-snippet":"max-snippet:-1","max-image-preview":"max-image-preview:large","max-video-preview":"max-video-preview:-1"},"canonical":"https:\/\/www.albyco.com\/fr\/produit\/neolt-sword-systeme-de-coupe-de-mousses-2\/","og_locale":"fr_FR","og_type":"article","og_title":"Neolt Sword, syst\u00e8me de coupe de mousses - Albyco","og_description":"Le Neolt Sword est un syst\u00e8me de coupe de panneau de mousse verticales","og_url":"https:\/\/www.albyco.com\/fr\/produit\/neolt-sword-systeme-de-coupe-de-mousses-2\/","og_site_name":"Albyco","article_modified_time":"2022-04-19T18:27:29+00:00","og_image":[{"width":496,"height":807,"url":"https:\/\/www.albyco.com\/wp-content\/uploads\/2019\/06\/Neolt-Sword.jpg","type":"image\/jpeg"}],"twitter_card":"summary","twitter_site":"@AlbycoNederland","twitter_misc":{"Dur\u00e9e de lecture estim\u00e9e":"1 minute"},"schema":{"@context":"https:\/\/schema.org","@graph":[{"@type":"Organization","@id":"https:\/\/www.albyco.com\/#organization","name":"Albyco Nederland B.V.","url":"https:\/\/www.albyco.com\/","sameAs":["https:\/\/www.linkedin.com\/company\/18015670\/","https:\/\/www.youtube.com\/user\/AlbycoNederland","https:\/\/nl.pinterest.com\/albyco","https:\/\/twitter.com\/AlbycoNederland"],"logo":{"@type":"ImageObject","@id":"https:\/\/www.albyco.com\/#logo","inLanguage":"fr-FR","url":"https:\/\/www.albyco.com\/wp-content\/uploads\/2017\/07\/albyco_logo_hd.png","contentUrl":"https:\/\/www.albyco.com\/wp-content\/uploads\/2017\/07\/albyco_logo_hd.png","width":300,"height":300,"caption":"Albyco Nederland B.V."},"image":{"@id":"https:\/\/www.albyco.com\/#logo"}},{"@type":"WebSite","@id":"https:\/\/www.albyco.com\/#website","url":"https:\/\/www.albyco.com\/","name":"Albyco","description":"Leverancier voor nabewerking van geprinte media","publisher":{"@id":"https:\/\/www.albyco.com\/#organization"},"potentialAction":[{"@type":"SearchAction","target":{"@type":"EntryPoint","urlTemplate":"https:\/\/www.albyco.com\/?s={search_term_string}"},"query-input":"required name=search_term_string"}],"inLanguage":"fr-FR"},{"@type":"ImageObject","@id":"https:\/\/www.albyco.com\/fr\/produit\/neolt-sword-systeme-de-coupe-de-mousses-2\/#primaryimage","inLanguage":"fr-FR","url":"https:\/\/www.albyco.com\/wp-content\/uploads\/2019\/06\/Neolt-Sword.jpg","contentUrl":"https:\/\/www.albyco.com\/wp-content\/uploads\/2019\/06\/Neolt-Sword.jpg","width":496,"height":807,"caption":"Neolt-Sword"},{"@type":"WebPage","@id":"https:\/\/www.albyco.com\/fr\/produit\/neolt-sword-systeme-de-coupe-de-mousses-2\/#webpage","url":"https:\/\/www.albyco.com\/fr\/produit\/neolt-sword-systeme-de-coupe-de-mousses-2\/","name":"Neolt Sword, syst\u00e8me de coupe de mousses - Albyco","isPartOf":{"@id":"https:\/\/www.albyco.com\/#website"},"primaryImageOfPage":{"@id":"https:\/\/www.albyco.com\/fr\/produit\/neolt-sword-systeme-de-coupe-de-mousses-2\/#primaryimage"},"datePublished":"2019-06-25T09:13:08+00:00","dateModified":"2022-04-19T18:27:29+00:00","description":"Le Neolt Sword est un syst\u00e8me de coupe de panneau de mousse verticales","breadcrumb":{"@id":"https:\/\/www.albyco.com\/fr\/produit\/neolt-sword-systeme-de-coupe-de-mousses-2\/#breadcrumb"},"inLanguage":"fr-FR","potentialAction":[{"@type":"ReadAction","target":["https:\/\/www.albyco.com\/fr\/produit\/neolt-sword-systeme-de-coupe-de-mousses-2\/"]}]},{"@type":"BreadcrumbList","@id":"https:\/\/www.albyco.com\/fr\/produit\/neolt-sword-systeme-de-coupe-de-mousses-2\/#breadcrumb","itemListElement":[{"@type":"ListItem","position":1,"name":"Home","item":"https:\/\/www.albyco.com\/fr\/"},{"@type":"ListItem","position":2,"name":"Les produits","item":"https:\/\/www.albyco.com\/fr\/producten\/"},{"@type":"ListItem","position":3,"name":"Neolt Sword, syst\u00e8me de coupe de mousses"}]}]}},"_links":{"self":[{"href":"https:\/\/www.albyco.com\/fr\/wp-json\/wp\/v2\/product\/24824"}],"collection":[{"href":"https:\/\/www.albyco.com\/fr\/wp-json\/wp\/v2\/product"}],"about":[{"href":"https:\/\/www.albyco.com\/fr\/wp-json\/wp\/v2\/types\/product"}],"replies":[{"embeddable":true,"href":"https:\/\/www.albyco.com\/fr\/wp-json\/wp\/v2\/comments?post=24824"}],"wp:featuredmedia":[{"embeddable":true,"href":"https:\/\/www.albyco.com\/fr\/wp-json\/wp\/v2\/media\/24801"}],"wp:attachment":[{"href":"https:\/\/www.albyco.com\/fr\/wp-json\/wp\/v2\/media?parent=24824"}],"wp:term":[{"taxonomy":"product_cat","embeddable":true,"href":"https:\/\/www.albyco.com\/fr\/wp-json\/wp\/v2\/product_cat?post=24824"},{"taxonomy":"product_tag","embeddable":true,"href":"https:\/\/www.albyco.com\/fr\/wp-json\/wp\/v2\/product_tag?post=24824"}],"curies":[{"name":"wp","href":"https:\/\/api.w.org\/{rel}","templated":true}]}}