{"id":21477,"date":"2019-02-27T13:05:49","date_gmt":"2019-02-27T12:08:07","guid":{"rendered":"https:\/\/www.albyco.com\/?post_type=product&#038;p=21477"},"modified":"2025-01-06T16:07:41","modified_gmt":"2025-01-06T15:07:41","slug":"pochettes-a-plastifier-brillantes-format-a4-216-x-303-mm","status":"publish","type":"product","link":"https:\/\/www.albyco.com\/fr\/produit\/pochettes-a-plastifier-brillantes-format-a4-216-x-303-mm\/","title":{"rendered":"Pochettes \u00e0 plastifier brillantes format A4 (216 x 303 mm)"},"content":{"rendered":"<p class=\"p1\"><strong>Les pochettes \u00e0 plastifier brillantes Albyco<\/strong> sont \u00e9quip\u00e9e s avec des coins arrondis.<\/p>\r\n<p class=\"p1\">Albyco fournit un certain nombre de mod\u00e8les professionnels garantissant<span class=\"Apple-converted-space\">\u00a0 <\/span>un proc\u00e9d\u00e9 de plastification professionnel. Les feuilles de papier sont enti\u00e8rement ferm\u00e9es,<span class=\"Apple-converted-space\">\u00a0 <\/span>ainsi encapsul\u00e9es. Ainsi, les feuilles lamin\u00e9es restent compl\u00e8tement \u00e9tanches.<\/p>\r\n<p class=\"p1\">La couche de mati\u00e8re plastique des<span class=\"Apple-converted-space\">\u00a0 <\/span>pochettes Albyco est fabriqu\u00e9e en PET. Cette couche<span class=\"Apple-converted-space\">\u00a0 <\/span>plastique a un effet cristallin. En combinaison avec la haute<span class=\"Apple-converted-space\">\u00a0<\/span>qualit\u00e9<span class=\"Apple-converted-space\">\u00a0<\/span>colle EVA avec un point de fusion solide et une viscosit\u00e9 constante, la feuille<span class=\"Apple-converted-space\">\u00a0 <\/span>est press\u00e9e pendant la plastification sans d\u00e9bordement de colle<span class=\"Apple-converted-space\">\u00a0<\/span>sur les rouleaux.<\/p>\r\n<p class=\"p1\">Un bienfait pour votre plastifieuse. Cela vous permet de positionner rapidement et avec pr\u00e9cision vos impressions et d&#8217;imprimer les couvertures.<span class=\"Apple-converted-space\">\u00a0 <\/span>beaucoup moins d&#8217;entretien des rouleaux.<\/p>\r\n<p class=\"p1\">Les pochettes Albyco disposent d&#8217;une finition anti-statique unique. Cela vous permet de positionner rapidement et avec pr\u00e9cision vos impressions et d&#8217;imprimer les couvertures. Albyco offre des pochettes en plusieurs tailles, allant de 59 x 83 mm jusqu&#8217;\u00e0 et y compris le format A2, de 2 x 60 microns \u00e0 2 x 250 microns brillant ou mat. De plus Albyco offre des types sp\u00e9ciaux, tels que des<span class=\"Apple-converted-space\">\u00a0<\/span>pochettes de plastification avec multiperforations et<span class=\"Apple-converted-space\">\u00a0<\/span>des housses adh\u00e9sives<span class=\"Apple-converted-space\">\u00a0<\/span>avec des formats DIN A brut.<\/p>\r\n<a href=\"https:\/\/www.albyco.com\/fr\/contactez-nous\/\"><img loading=\"lazy\" class=\"size-full wp-image-11223 alignleft\" src=\"https:\/\/www.albyco.com\/wp-content\/uploads\/2018\/02\/CTA-Albyco-fr-2.jpg\" alt=\"\" width=\"225\" height=\"141\" srcset=\"https:\/\/www.albyco.com\/wp-content\/uploads\/2018\/02\/CTA-Albyco-fr-2.jpg 225w, https:\/\/www.albyco.com\/wp-content\/uploads\/2018\/02\/CTA-Albyco-fr-2-100x63.jpg 100w, https:\/\/www.albyco.com\/wp-content\/uploads\/2018\/02\/CTA-Albyco-fr-2-24x15.jpg 24w, https:\/\/www.albyco.com\/wp-content\/uploads\/2018\/02\/CTA-Albyco-fr-2-36x23.jpg 36w, https:\/\/www.albyco.com\/wp-content\/uploads\/2018\/02\/CTA-Albyco-fr-2-48x30.jpg 48w\" sizes=\"(max-width: 225px) 100vw, 225px\" \/><\/a>","protected":false},"excerpt":{"rendered":"<p>Les pochettes Albyco disposent d&#8217;une finition anti-statique unique. Cela vous permet de positionner rapidement et avec pr\u00e9cision vos impressions et d&#8217;imprimer les couvertures. Albyco offre des pochettes en plusieurs tailles, allant de 59 x 83 mm jusqu&#8217;\u00e0 et y compris le format A2.<\/p>\n","protected":false},"featured_media":7640,"comment_status":"open","ping_status":"closed","template":"","meta":[],"product_cat":[2808,3072],"product_tag":[2734,3074,3075,3076,3077,2739,2775,3078,3079,3080,2779,3025],"yoast_head":"<!-- This site is optimized with the Yoast SEO plugin v18.6 - https:\/\/yoast.com\/wordpress\/plugins\/seo\/ -->\n<title>Pochettes \u00e0 plastifier brillantes format A4 (216 x 303 mm) - Albyco<\/title>\n<meta name=\"description\" content=\"Les pochettes \u00e0 plastifier brillantes Albyco\" \/>\n<meta name=\"robots\" content=\"index, follow, max-snippet:-1, max-image-preview:large, max-video-preview:-1\" \/>\n<link rel=\"canonical\" href=\"https:\/\/www.albyco.com\/fr\/produit\/pochettes-a-plastifier-brillantes-format-a4-216-x-303-mm\/\" \/>\n<meta property=\"og:locale\" content=\"fr_FR\" \/>\n<meta property=\"og:type\" content=\"article\" \/>\n<meta property=\"og:title\" content=\"Pochettes \u00e0 plastifier brillantes format A4 (216 x 303 mm) - Albyco\" \/>\n<meta property=\"og:description\" content=\"Les pochettes \u00e0 plastifier brillantes Albyco\" \/>\n<meta property=\"og:url\" content=\"https:\/\/www.albyco.com\/fr\/produit\/pochettes-a-plastifier-brillantes-format-a4-216-x-303-mm\/\" \/>\n<meta property=\"og:site_name\" content=\"Albyco\" \/>\n<meta property=\"article:modified_time\" content=\"2025-01-06T15:07:41+00:00\" \/>\n<meta property=\"og:image\" content=\"https:\/\/www.albyco.com\/wp-content\/uploads\/2017\/06\/albyco-a4-lamineerhoezen-plastificeerhoezen-glans_LSA4125100.jpg\" \/>\n\t<meta property=\"og:image:width\" content=\"400\" \/>\n\t<meta property=\"og:image:height\" content=\"400\" \/>\n\t<meta property=\"og:image:type\" content=\"image\/jpeg\" \/>\n<meta name=\"twitter:card\" content=\"summary\" \/>\n<meta name=\"twitter:site\" content=\"@AlbycoNederland\" \/>\n<meta name=\"twitter:label1\" content=\"Dur\u00e9e de lecture estim\u00e9e\" \/>\n\t<meta name=\"twitter:data1\" content=\"1 minute\" \/>\n<script type=\"application\/ld+json\" class=\"yoast-schema-graph\">{\"@context\":\"https:\/\/schema.org\",\"@graph\":[{\"@type\":\"Organization\",\"@id\":\"https:\/\/www.albyco.com\/#organization\",\"name\":\"Albyco Nederland B.V.\",\"url\":\"https:\/\/www.albyco.com\/\",\"sameAs\":[\"https:\/\/www.linkedin.com\/company\/18015670\/\",\"https:\/\/www.youtube.com\/user\/AlbycoNederland\",\"https:\/\/nl.pinterest.com\/albyco\",\"https:\/\/twitter.com\/AlbycoNederland\"],\"logo\":{\"@type\":\"ImageObject\",\"@id\":\"https:\/\/www.albyco.com\/#logo\",\"inLanguage\":\"fr-FR\",\"url\":\"https:\/\/www.albyco.com\/wp-content\/uploads\/2017\/07\/albyco_logo_hd.png\",\"contentUrl\":\"https:\/\/www.albyco.com\/wp-content\/uploads\/2017\/07\/albyco_logo_hd.png\",\"width\":300,\"height\":300,\"caption\":\"Albyco Nederland B.V.\"},\"image\":{\"@id\":\"https:\/\/www.albyco.com\/#logo\"}},{\"@type\":\"WebSite\",\"@id\":\"https:\/\/www.albyco.com\/#website\",\"url\":\"https:\/\/www.albyco.com\/\",\"name\":\"Albyco\",\"description\":\"Leverancier voor nabewerking van geprinte media\",\"publisher\":{\"@id\":\"https:\/\/www.albyco.com\/#organization\"},\"potentialAction\":[{\"@type\":\"SearchAction\",\"target\":{\"@type\":\"EntryPoint\",\"urlTemplate\":\"https:\/\/www.albyco.com\/?s={search_term_string}\"},\"query-input\":\"required name=search_term_string\"}],\"inLanguage\":\"fr-FR\"},{\"@type\":\"ImageObject\",\"@id\":\"https:\/\/www.albyco.com\/fr\/produit\/pochettes-a-plastifier-brillantes-format-a4-216-x-303-mm\/#primaryimage\",\"inLanguage\":\"fr-FR\",\"url\":\"https:\/\/www.albyco.com\/wp-content\/uploads\/2017\/06\/albyco-a4-lamineerhoezen-plastificeerhoezen-glans_LSA4125100.jpg\",\"contentUrl\":\"https:\/\/www.albyco.com\/wp-content\/uploads\/2017\/06\/albyco-a4-lamineerhoezen-plastificeerhoezen-glans_LSA4125100.jpg\",\"width\":400,\"height\":400,\"caption\":\"Pochettes de plastification \/ pochettes de plastification (Gloss)\"},{\"@type\":\"WebPage\",\"@id\":\"https:\/\/www.albyco.com\/fr\/produit\/pochettes-a-plastifier-brillantes-format-a4-216-x-303-mm\/#webpage\",\"url\":\"https:\/\/www.albyco.com\/fr\/produit\/pochettes-a-plastifier-brillantes-format-a4-216-x-303-mm\/\",\"name\":\"Pochettes \u00e0 plastifier brillantes format A4 (216 x 303 mm) - Albyco\",\"isPartOf\":{\"@id\":\"https:\/\/www.albyco.com\/#website\"},\"primaryImageOfPage\":{\"@id\":\"https:\/\/www.albyco.com\/fr\/produit\/pochettes-a-plastifier-brillantes-format-a4-216-x-303-mm\/#primaryimage\"},\"datePublished\":\"2019-02-27T12:08:07+00:00\",\"dateModified\":\"2025-01-06T15:07:41+00:00\",\"description\":\"Les pochettes \u00e0 plastifier brillantes Albyco\",\"breadcrumb\":{\"@id\":\"https:\/\/www.albyco.com\/fr\/produit\/pochettes-a-plastifier-brillantes-format-a4-216-x-303-mm\/#breadcrumb\"},\"inLanguage\":\"fr-FR\",\"potentialAction\":[{\"@type\":\"ReadAction\",\"target\":[\"https:\/\/www.albyco.com\/fr\/produit\/pochettes-a-plastifier-brillantes-format-a4-216-x-303-mm\/\"]}]},{\"@type\":\"BreadcrumbList\",\"@id\":\"https:\/\/www.albyco.com\/fr\/produit\/pochettes-a-plastifier-brillantes-format-a4-216-x-303-mm\/#breadcrumb\",\"itemListElement\":[{\"@type\":\"ListItem\",\"position\":1,\"name\":\"Home\",\"item\":\"https:\/\/www.albyco.com\/fr\/\"},{\"@type\":\"ListItem\",\"position\":2,\"name\":\"Les produits\",\"item\":\"https:\/\/www.albyco.com\/fr\/producten\/\"},{\"@type\":\"ListItem\",\"position\":3,\"name\":\"Pochettes \u00e0 plastifier brillantes format A4 (216 x 303 mm)\"}]}]}<\/script>\n<!-- \/ Yoast SEO plugin. -->","yoast_head_json":{"title":"Pochettes \u00e0 plastifier brillantes format A4 (216 x 303 mm) - Albyco","description":"Les pochettes \u00e0 plastifier brillantes Albyco","robots":{"index":"index","follow":"follow","max-snippet":"max-snippet:-1","max-image-preview":"max-image-preview:large","max-video-preview":"max-video-preview:-1"},"canonical":"https:\/\/www.albyco.com\/fr\/produit\/pochettes-a-plastifier-brillantes-format-a4-216-x-303-mm\/","og_locale":"fr_FR","og_type":"article","og_title":"Pochettes \u00e0 plastifier brillantes format A4 (216 x 303 mm) - Albyco","og_description":"Les pochettes \u00e0 plastifier brillantes Albyco","og_url":"https:\/\/www.albyco.com\/fr\/produit\/pochettes-a-plastifier-brillantes-format-a4-216-x-303-mm\/","og_site_name":"Albyco","article_modified_time":"2025-01-06T15:07:41+00:00","og_image":[{"width":400,"height":400,"url":"https:\/\/www.albyco.com\/wp-content\/uploads\/2017\/06\/albyco-a4-lamineerhoezen-plastificeerhoezen-glans_LSA4125100.jpg","type":"image\/jpeg"}],"twitter_card":"summary","twitter_site":"@AlbycoNederland","twitter_misc":{"Dur\u00e9e de lecture estim\u00e9e":"1 minute"},"schema":{"@context":"https:\/\/schema.org","@graph":[{"@type":"Organization","@id":"https:\/\/www.albyco.com\/#organization","name":"Albyco Nederland B.V.","url":"https:\/\/www.albyco.com\/","sameAs":["https:\/\/www.linkedin.com\/company\/18015670\/","https:\/\/www.youtube.com\/user\/AlbycoNederland","https:\/\/nl.pinterest.com\/albyco","https:\/\/twitter.com\/AlbycoNederland"],"logo":{"@type":"ImageObject","@id":"https:\/\/www.albyco.com\/#logo","inLanguage":"fr-FR","url":"https:\/\/www.albyco.com\/wp-content\/uploads\/2017\/07\/albyco_logo_hd.png","contentUrl":"https:\/\/www.albyco.com\/wp-content\/uploads\/2017\/07\/albyco_logo_hd.png","width":300,"height":300,"caption":"Albyco Nederland B.V."},"image":{"@id":"https:\/\/www.albyco.com\/#logo"}},{"@type":"WebSite","@id":"https:\/\/www.albyco.com\/#website","url":"https:\/\/www.albyco.com\/","name":"Albyco","description":"Leverancier voor nabewerking van geprinte media","publisher":{"@id":"https:\/\/www.albyco.com\/#organization"},"potentialAction":[{"@type":"SearchAction","target":{"@type":"EntryPoint","urlTemplate":"https:\/\/www.albyco.com\/?s={search_term_string}"},"query-input":"required name=search_term_string"}],"inLanguage":"fr-FR"},{"@type":"ImageObject","@id":"https:\/\/www.albyco.com\/fr\/produit\/pochettes-a-plastifier-brillantes-format-a4-216-x-303-mm\/#primaryimage","inLanguage":"fr-FR","url":"https:\/\/www.albyco.com\/wp-content\/uploads\/2017\/06\/albyco-a4-lamineerhoezen-plastificeerhoezen-glans_LSA4125100.jpg","contentUrl":"https:\/\/www.albyco.com\/wp-content\/uploads\/2017\/06\/albyco-a4-lamineerhoezen-plastificeerhoezen-glans_LSA4125100.jpg","width":400,"height":400,"caption":"Pochettes de plastification \/ pochettes de plastification (Gloss)"},{"@type":"WebPage","@id":"https:\/\/www.albyco.com\/fr\/produit\/pochettes-a-plastifier-brillantes-format-a4-216-x-303-mm\/#webpage","url":"https:\/\/www.albyco.com\/fr\/produit\/pochettes-a-plastifier-brillantes-format-a4-216-x-303-mm\/","name":"Pochettes \u00e0 plastifier brillantes format A4 (216 x 303 mm) - Albyco","isPartOf":{"@id":"https:\/\/www.albyco.com\/#website"},"primaryImageOfPage":{"@id":"https:\/\/www.albyco.com\/fr\/produit\/pochettes-a-plastifier-brillantes-format-a4-216-x-303-mm\/#primaryimage"},"datePublished":"2019-02-27T12:08:07+00:00","dateModified":"2025-01-06T15:07:41+00:00","description":"Les pochettes \u00e0 plastifier brillantes Albyco","breadcrumb":{"@id":"https:\/\/www.albyco.com\/fr\/produit\/pochettes-a-plastifier-brillantes-format-a4-216-x-303-mm\/#breadcrumb"},"inLanguage":"fr-FR","potentialAction":[{"@type":"ReadAction","target":["https:\/\/www.albyco.com\/fr\/produit\/pochettes-a-plastifier-brillantes-format-a4-216-x-303-mm\/"]}]},{"@type":"BreadcrumbList","@id":"https:\/\/www.albyco.com\/fr\/produit\/pochettes-a-plastifier-brillantes-format-a4-216-x-303-mm\/#breadcrumb","itemListElement":[{"@type":"ListItem","position":1,"name":"Home","item":"https:\/\/www.albyco.com\/fr\/"},{"@type":"ListItem","position":2,"name":"Les produits","item":"https:\/\/www.albyco.com\/fr\/producten\/"},{"@type":"ListItem","position":3,"name":"Pochettes \u00e0 plastifier brillantes format A4 (216 x 303 mm)"}]}]}},"_links":{"self":[{"href":"https:\/\/www.albyco.com\/fr\/wp-json\/wp\/v2\/product\/21477"}],"collection":[{"href":"https:\/\/www.albyco.com\/fr\/wp-json\/wp\/v2\/product"}],"about":[{"href":"https:\/\/www.albyco.com\/fr\/wp-json\/wp\/v2\/types\/product"}],"replies":[{"embeddable":true,"href":"https:\/\/www.albyco.com\/fr\/wp-json\/wp\/v2\/comments?post=21477"}],"wp:featuredmedia":[{"embeddable":true,"href":"https:\/\/www.albyco.com\/fr\/wp-json\/wp\/v2\/media\/7640"}],"wp:attachment":[{"href":"https:\/\/www.albyco.com\/fr\/wp-json\/wp\/v2\/media?parent=21477"}],"wp:term":[{"taxonomy":"product_cat","embeddable":true,"href":"https:\/\/www.albyco.com\/fr\/wp-json\/wp\/v2\/product_cat?post=21477"},{"taxonomy":"product_tag","embeddable":true,"href":"https:\/\/www.albyco.com\/fr\/wp-json\/wp\/v2\/product_tag?post=21477"}],"curies":[{"name":"wp","href":"https:\/\/api.w.org\/{rel}","templated":true}]}}