{"id":11049,"date":"2017-07-07T13:00:44","date_gmt":"2017-07-07T11:00:44","guid":{"rendered":"https:\/\/www.albyco.com\/product\/neolt-sword-els-coupe-de-mousse\/"},"modified":"2021-08-13T14:25:31","modified_gmt":"2021-08-13T12:25:31","slug":"neolt-sword-els-coupe-de-mousse","status":"publish","type":"product","link":"https:\/\/www.albyco.com\/fr\/produit\/neolt-sword-els-coupe-de-mousse\/","title":{"rendered":"Neolt Sword ELs coupe de mousse"},"content":{"rendered":"<table style=\"width: 100%; border-collapse: collapse;\" border=\"0\">\r\n<tbody>\r\n<tr>\r\n<td style=\"width: 50%;\">Le <strong>Neolt Sword ELs<\/strong> se caract\u00e9rise par une construction l\u00e9g\u00e8re et \u00e9l\u00e9gante mais en m\u00eame temps robuste et fiable.<\/td>\r\n<td style=\"width: 50%;\"><div class=\"epyt-video-wrapper\"><iframe  id=\"_ytid_32651\"  width=\"800\" height=\"450\"  data-origwidth=\"800\" data-origheight=\"450\"  data-relstop=\"1\" src=\"https:\/\/www.youtube.com\/embed\/4_bbddMGvIk?enablejsapi=1&autoplay=0&cc_load_policy=0&iv_load_policy=1&loop=0&modestbranding=0&fs=1&playsinline=1&controls=1&color=red&cc_lang_pref=&rel=0&autohide=2&theme=dark&\" class=\"__youtube_prefs__  no-lazyload\" title=\"YouTube player\"  allow=\"accelerometer; autoplay; clipboard-write; encrypted-media; gyroscope; picture-in-picture\" allowfullscreen data-no-lazy=\"1\" data-skipgform_ajax_framebjll=\"\"><\/iframe><\/div><\/td>\r\n<\/tr>\r\n<\/tbody>\r\n<\/table>\r\n<p class=\"p1\">La conception unique de ce coupe-mousse, \u00e9quip\u00e9 d&#8217;une \u00e9chelle millim\u00e9trique, assure un changement d&#8217;outil s\u00fbr et rapide, avec la possibilit\u00e9 d&#8217;avoir deux lames fixes toujours en position pour couper le carton et le Forex, en plus d&#8217;un troisi\u00e8me couteau motoris\u00e9 30 000 tr \/ min. , pour couper le m\u00e9thacrylate et Dibond \u00e0 une \u00e9paisseur de 5 mm, avec fonction de rill. Disponible en 210, 250 et 310 cm de hauteur. Le NEOLT Sword ELs traite jusqu&#8217;\u00e0 24 m\u00e8tres par minute et dispose d&#8217;une base solide et extra large pour un positionnement facile des grands formats.<\/p>\r\n\u00c9chelle millim\u00e9trique pour une position exacte du couteau\r\nConstruction l\u00e9g\u00e8re, mais solide et fiable.\r\nChangement d&#8217;outil rapide: remplacement des outils: avec deux couteaux fixes toujours install\u00e9s pour le carton et le Forex et un 3\u00e8me couteau rotatif avec 30 mille tours pour le plexiglas et le Dibond jusqu&#8217;\u00e0 5 mm\r\nPossibilit\u00e9 d&#8217;incision pour un pli pliant en Dibond en ajustant l&#8217;outil\r\nVitesse max 24 m \/ min.\r\nBase extra large et solide pour alimenter des panneaux de mousse de grande taille\r\nDisponible en trois longueurs de coupe: 210, 250 ou 310 cm\r\n\r\n<a href=\"https:\/\/www.albyco.com\/fr\/contactez-nous\/\"><img loading=\"lazy\" class=\"size-full wp-image-11223 alignleft\" src=\"https:\/\/www.albyco.com\/wp-content\/uploads\/2018\/02\/CTA-Albyco-fr-2.jpg\" alt=\"\" width=\"225\" height=\"141\" srcset=\"https:\/\/www.albyco.com\/wp-content\/uploads\/2018\/02\/CTA-Albyco-fr-2.jpg 225w, https:\/\/www.albyco.com\/wp-content\/uploads\/2018\/02\/CTA-Albyco-fr-2-100x63.jpg 100w, https:\/\/www.albyco.com\/wp-content\/uploads\/2018\/02\/CTA-Albyco-fr-2-24x15.jpg 24w, https:\/\/www.albyco.com\/wp-content\/uploads\/2018\/02\/CTA-Albyco-fr-2-36x23.jpg 36w, https:\/\/www.albyco.com\/wp-content\/uploads\/2018\/02\/CTA-Albyco-fr-2-48x30.jpg 48w\" sizes=\"(max-width: 225px) 100vw, 225px\" \/><\/a>","protected":false},"excerpt":{"rendered":"<p>Le Neolt Sword ELs se caract\u00e9rise par une construction l\u00e9g\u00e8re et \u00e9l\u00e9gante mais en m\u00eame temps robuste et fiable.<\/p>\n","protected":false},"featured_media":7580,"comment_status":"closed","ping_status":"closed","template":"","meta":[],"product_cat":[2300,2301,3476,2789,3665],"product_tag":[3477,3478,3479,3666,3667,3499,2308],"yoast_head":"<!-- This site is optimized with the Yoast SEO plugin v18.6 - https:\/\/yoast.com\/wordpress\/plugins\/seo\/ -->\n<title>Neolt Sword ELs coupe de mousse - Albyco<\/title>\n<meta name=\"description\" content=\"Le Neolt Sword ELs se caract\u00e9rise par une construction l\u00e9g\u00e8re et \u00e9l\u00e9gante mais en m\u00eame temps robuste et fiable.\" \/>\n<meta name=\"robots\" content=\"index, follow, max-snippet:-1, max-image-preview:large, max-video-preview:-1\" \/>\n<link rel=\"canonical\" href=\"https:\/\/www.albyco.com\/fr\/produit\/neolt-sword-els-coupe-de-mousse\/\" \/>\n<meta property=\"og:locale\" content=\"fr_FR\" \/>\n<meta property=\"og:type\" content=\"article\" \/>\n<meta property=\"og:title\" content=\"Neolt Sword ELs coupe de mousse - Albyco\" \/>\n<meta property=\"og:description\" content=\"Le Neolt Sword ELs se caract\u00e9rise par une construction l\u00e9g\u00e8re et \u00e9l\u00e9gante mais en m\u00eame temps robuste et fiable.\" \/>\n<meta property=\"og:url\" content=\"https:\/\/www.albyco.com\/fr\/produit\/neolt-sword-els-coupe-de-mousse\/\" \/>\n<meta property=\"og:site_name\" content=\"Albyco\" \/>\n<meta property=\"article:modified_time\" content=\"2021-08-13T12:25:31+00:00\" \/>\n<meta property=\"og:image\" content=\"https:\/\/www.albyco.com\/wp-content\/uploads\/2017\/06\/neolt-neolt-sword-els-foamsnijder_Neolt%20Sword%20ELs%20foamsnijder.jpg\" \/>\n\t<meta property=\"og:image:width\" content=\"623\" \/>\n\t<meta property=\"og:image:height\" content=\"1024\" \/>\n\t<meta property=\"og:image:type\" content=\"image\/jpeg\" \/>\n<meta name=\"twitter:card\" content=\"summary\" \/>\n<meta name=\"twitter:site\" content=\"@AlbycoNederland\" \/>\n<meta name=\"twitter:label1\" content=\"Dur\u00e9e de lecture estim\u00e9e\" \/>\n\t<meta name=\"twitter:data1\" content=\"1 minute\" \/>\n<script type=\"application\/ld+json\" class=\"yoast-schema-graph\">{\"@context\":\"https:\/\/schema.org\",\"@graph\":[{\"@type\":\"Organization\",\"@id\":\"https:\/\/www.albyco.com\/#organization\",\"name\":\"Albyco Nederland B.V.\",\"url\":\"https:\/\/www.albyco.com\/\",\"sameAs\":[\"https:\/\/www.linkedin.com\/company\/18015670\/\",\"https:\/\/www.youtube.com\/user\/AlbycoNederland\",\"https:\/\/nl.pinterest.com\/albyco\",\"https:\/\/twitter.com\/AlbycoNederland\"],\"logo\":{\"@type\":\"ImageObject\",\"@id\":\"https:\/\/www.albyco.com\/#logo\",\"inLanguage\":\"fr-FR\",\"url\":\"https:\/\/www.albyco.com\/wp-content\/uploads\/2017\/07\/albyco_logo_hd.png\",\"contentUrl\":\"https:\/\/www.albyco.com\/wp-content\/uploads\/2017\/07\/albyco_logo_hd.png\",\"width\":300,\"height\":300,\"caption\":\"Albyco Nederland B.V.\"},\"image\":{\"@id\":\"https:\/\/www.albyco.com\/#logo\"}},{\"@type\":\"WebSite\",\"@id\":\"https:\/\/www.albyco.com\/#website\",\"url\":\"https:\/\/www.albyco.com\/\",\"name\":\"Albyco\",\"description\":\"Leverancier voor nabewerking van geprinte media\",\"publisher\":{\"@id\":\"https:\/\/www.albyco.com\/#organization\"},\"potentialAction\":[{\"@type\":\"SearchAction\",\"target\":{\"@type\":\"EntryPoint\",\"urlTemplate\":\"https:\/\/www.albyco.com\/?s={search_term_string}\"},\"query-input\":\"required name=search_term_string\"}],\"inLanguage\":\"fr-FR\"},{\"@type\":\"ImageObject\",\"@id\":\"https:\/\/www.albyco.com\/fr\/produit\/neolt-sword-els-coupe-de-mousse\/#primaryimage\",\"inLanguage\":\"fr-FR\",\"url\":\"https:\/\/www.albyco.com\/wp-content\/uploads\/2017\/06\/neolt-neolt-sword-els-foamsnijder_Neolt Sword ELs foamsnijder.jpg\",\"contentUrl\":\"https:\/\/www.albyco.com\/wp-content\/uploads\/2017\/06\/neolt-neolt-sword-els-foamsnijder_Neolt Sword ELs foamsnijder.jpg\",\"width\":623,\"height\":1024,\"caption\":\"Neolt Sword ELs coupe de mousse\"},{\"@type\":\"WebPage\",\"@id\":\"https:\/\/www.albyco.com\/fr\/produit\/neolt-sword-els-coupe-de-mousse\/#webpage\",\"url\":\"https:\/\/www.albyco.com\/fr\/produit\/neolt-sword-els-coupe-de-mousse\/\",\"name\":\"Neolt Sword ELs coupe de mousse - Albyco\",\"isPartOf\":{\"@id\":\"https:\/\/www.albyco.com\/#website\"},\"primaryImageOfPage\":{\"@id\":\"https:\/\/www.albyco.com\/fr\/produit\/neolt-sword-els-coupe-de-mousse\/#primaryimage\"},\"datePublished\":\"2017-07-07T11:00:44+00:00\",\"dateModified\":\"2021-08-13T12:25:31+00:00\",\"description\":\"Le Neolt Sword ELs se caract\u00e9rise par une construction l\u00e9g\u00e8re et \u00e9l\u00e9gante mais en m\u00eame temps robuste et fiable.\",\"breadcrumb\":{\"@id\":\"https:\/\/www.albyco.com\/fr\/produit\/neolt-sword-els-coupe-de-mousse\/#breadcrumb\"},\"inLanguage\":\"fr-FR\",\"potentialAction\":[{\"@type\":\"ReadAction\",\"target\":[\"https:\/\/www.albyco.com\/fr\/produit\/neolt-sword-els-coupe-de-mousse\/\"]}]},{\"@type\":\"BreadcrumbList\",\"@id\":\"https:\/\/www.albyco.com\/fr\/produit\/neolt-sword-els-coupe-de-mousse\/#breadcrumb\",\"itemListElement\":[{\"@type\":\"ListItem\",\"position\":1,\"name\":\"Home\",\"item\":\"https:\/\/www.albyco.com\/fr\/\"},{\"@type\":\"ListItem\",\"position\":2,\"name\":\"Les produits\",\"item\":\"https:\/\/www.albyco.com\/fr\/producten\/\"},{\"@type\":\"ListItem\",\"position\":3,\"name\":\"Neolt Sword ELs coupe de mousse\"}]}]}<\/script>\n<!-- \/ Yoast SEO plugin. -->","yoast_head_json":{"title":"Neolt Sword ELs coupe de mousse - Albyco","description":"Le Neolt Sword ELs se caract\u00e9rise par une construction l\u00e9g\u00e8re et \u00e9l\u00e9gante mais en m\u00eame temps robuste et fiable.","robots":{"index":"index","follow":"follow","max-snippet":"max-snippet:-1","max-image-preview":"max-image-preview:large","max-video-preview":"max-video-preview:-1"},"canonical":"https:\/\/www.albyco.com\/fr\/produit\/neolt-sword-els-coupe-de-mousse\/","og_locale":"fr_FR","og_type":"article","og_title":"Neolt Sword ELs coupe de mousse - Albyco","og_description":"Le Neolt Sword ELs se caract\u00e9rise par une construction l\u00e9g\u00e8re et \u00e9l\u00e9gante mais en m\u00eame temps robuste et fiable.","og_url":"https:\/\/www.albyco.com\/fr\/produit\/neolt-sword-els-coupe-de-mousse\/","og_site_name":"Albyco","article_modified_time":"2021-08-13T12:25:31+00:00","og_image":[{"width":623,"height":1024,"url":"https:\/\/www.albyco.com\/wp-content\/uploads\/2017\/06\/neolt-neolt-sword-els-foamsnijder_Neolt Sword ELs foamsnijder.jpg","type":"image\/jpeg"}],"twitter_card":"summary","twitter_site":"@AlbycoNederland","twitter_misc":{"Dur\u00e9e de lecture estim\u00e9e":"1 minute"},"schema":{"@context":"https:\/\/schema.org","@graph":[{"@type":"Organization","@id":"https:\/\/www.albyco.com\/#organization","name":"Albyco Nederland B.V.","url":"https:\/\/www.albyco.com\/","sameAs":["https:\/\/www.linkedin.com\/company\/18015670\/","https:\/\/www.youtube.com\/user\/AlbycoNederland","https:\/\/nl.pinterest.com\/albyco","https:\/\/twitter.com\/AlbycoNederland"],"logo":{"@type":"ImageObject","@id":"https:\/\/www.albyco.com\/#logo","inLanguage":"fr-FR","url":"https:\/\/www.albyco.com\/wp-content\/uploads\/2017\/07\/albyco_logo_hd.png","contentUrl":"https:\/\/www.albyco.com\/wp-content\/uploads\/2017\/07\/albyco_logo_hd.png","width":300,"height":300,"caption":"Albyco Nederland B.V."},"image":{"@id":"https:\/\/www.albyco.com\/#logo"}},{"@type":"WebSite","@id":"https:\/\/www.albyco.com\/#website","url":"https:\/\/www.albyco.com\/","name":"Albyco","description":"Leverancier voor nabewerking van geprinte media","publisher":{"@id":"https:\/\/www.albyco.com\/#organization"},"potentialAction":[{"@type":"SearchAction","target":{"@type":"EntryPoint","urlTemplate":"https:\/\/www.albyco.com\/?s={search_term_string}"},"query-input":"required name=search_term_string"}],"inLanguage":"fr-FR"},{"@type":"ImageObject","@id":"https:\/\/www.albyco.com\/fr\/produit\/neolt-sword-els-coupe-de-mousse\/#primaryimage","inLanguage":"fr-FR","url":"https:\/\/www.albyco.com\/wp-content\/uploads\/2017\/06\/neolt-neolt-sword-els-foamsnijder_Neolt Sword ELs foamsnijder.jpg","contentUrl":"https:\/\/www.albyco.com\/wp-content\/uploads\/2017\/06\/neolt-neolt-sword-els-foamsnijder_Neolt Sword ELs foamsnijder.jpg","width":623,"height":1024,"caption":"Neolt Sword ELs coupe de mousse"},{"@type":"WebPage","@id":"https:\/\/www.albyco.com\/fr\/produit\/neolt-sword-els-coupe-de-mousse\/#webpage","url":"https:\/\/www.albyco.com\/fr\/produit\/neolt-sword-els-coupe-de-mousse\/","name":"Neolt Sword ELs coupe de mousse - Albyco","isPartOf":{"@id":"https:\/\/www.albyco.com\/#website"},"primaryImageOfPage":{"@id":"https:\/\/www.albyco.com\/fr\/produit\/neolt-sword-els-coupe-de-mousse\/#primaryimage"},"datePublished":"2017-07-07T11:00:44+00:00","dateModified":"2021-08-13T12:25:31+00:00","description":"Le Neolt Sword ELs se caract\u00e9rise par une construction l\u00e9g\u00e8re et \u00e9l\u00e9gante mais en m\u00eame temps robuste et fiable.","breadcrumb":{"@id":"https:\/\/www.albyco.com\/fr\/produit\/neolt-sword-els-coupe-de-mousse\/#breadcrumb"},"inLanguage":"fr-FR","potentialAction":[{"@type":"ReadAction","target":["https:\/\/www.albyco.com\/fr\/produit\/neolt-sword-els-coupe-de-mousse\/"]}]},{"@type":"BreadcrumbList","@id":"https:\/\/www.albyco.com\/fr\/produit\/neolt-sword-els-coupe-de-mousse\/#breadcrumb","itemListElement":[{"@type":"ListItem","position":1,"name":"Home","item":"https:\/\/www.albyco.com\/fr\/"},{"@type":"ListItem","position":2,"name":"Les produits","item":"https:\/\/www.albyco.com\/fr\/producten\/"},{"@type":"ListItem","position":3,"name":"Neolt Sword ELs coupe de mousse"}]}]}},"_links":{"self":[{"href":"https:\/\/www.albyco.com\/fr\/wp-json\/wp\/v2\/product\/11049"}],"collection":[{"href":"https:\/\/www.albyco.com\/fr\/wp-json\/wp\/v2\/product"}],"about":[{"href":"https:\/\/www.albyco.com\/fr\/wp-json\/wp\/v2\/types\/product"}],"replies":[{"embeddable":true,"href":"https:\/\/www.albyco.com\/fr\/wp-json\/wp\/v2\/comments?post=11049"}],"wp:featuredmedia":[{"embeddable":true,"href":"https:\/\/www.albyco.com\/fr\/wp-json\/wp\/v2\/media\/7580"}],"wp:attachment":[{"href":"https:\/\/www.albyco.com\/fr\/wp-json\/wp\/v2\/media?parent=11049"}],"wp:term":[{"taxonomy":"product_cat","embeddable":true,"href":"https:\/\/www.albyco.com\/fr\/wp-json\/wp\/v2\/product_cat?post=11049"},{"taxonomy":"product_tag","embeddable":true,"href":"https:\/\/www.albyco.com\/fr\/wp-json\/wp\/v2\/product_tag?post=11049"}],"curies":[{"name":"wp","href":"https:\/\/api.w.org\/{rel}","templated":true}]}}