{"id":11030,"date":"2017-07-10T13:17:57","date_gmt":"2017-07-10T11:17:57","guid":{"rendered":"https:\/\/www.albyco.com\/product\/albyco-a4he-a4-plastifieuse-professionnelle\/"},"modified":"2018-02-23T15:53:03","modified_gmt":"2018-02-23T14:53:03","slug":"albyco-a4he-a4-plastifieuse-professionnelle","status":"publish","type":"product","link":"https:\/\/www.albyco.com\/fr\/produit\/albyco-a4he-a4-plastifieuse-professionnelle\/","title":{"rendered":"Albyco A4HE, A4 plastifieuse professionnelle"},"content":{"rendered":"<p class=\"p1\">L`<strong>Albyco A4HE<\/strong>, professionnelle<span class=\"Apple-converted-space\">\u00a0<\/span>A4 plastifieuse \u00e9quip\u00e9e de quatre rouleaux, deux chauff\u00e9s. Rouleaux chauffants offrent les meilleurs r\u00e9sultats lorsque les photos sont plastifi\u00e9es<span class=\"Apple-converted-space\">\u00a0 <\/span>. M\u00eame impression stratification ou imprimante couleur fournit hotrol de laminage laminer les meilleurs r\u00e9sultats, sans distorsion ni ampoules dans la feuille de stratification, l&#8217;\u00e9paisseur maximale de la feuille de plastification est de 2 250 microns, la largeur de passage est de 240 mm maximum.<\/p>\r\n<p class=\"p1\">Comme toute machine \u00e0 plastifier professionnelle, la machine \u00e0 laminer A4 A4, Professional A4 d&#8217;Albyco est \u00e9galement \u00e9quip\u00e9e de la technologie de laminage \u00e0 chaud. Une machine de laminage \u00e0 chaud est \u00e9quip\u00e9e de rouleaux de transport chauff\u00e9s. Pendant le processus de transit, au moment o\u00f9 le manchon de stratification touche et appuie sur les rouleaux, le couvercle est chauff\u00e9 en m\u00eame temps. Cette technique produit des r\u00e9sultats de laminage remarquablement meilleurs qu&#8217;avec les syst\u00e8mes de plaque chauffante (plaque chauffante entre les rouleaux de transport), ceci est particuli\u00e8rement \u00e9vident sur les photographies et les surfaces solides.<\/p>\r\n<p class=\"p1\">Pour une qualit\u00e9 de plastification<span class=\"Apple-converted-space\">\u00a0 <\/span>professionnelle constante et l&#8217;entretien de la machine, la maintenance est n\u00e9cessaire. L&#8217;entretien le plus important de chaque syst\u00e8me de stratification est l&#8217;utilisation de bons mat\u00e9riaux de stratification qui ne contaminent pas les rouleaux de la machine avec des r\u00e9sidus de colle. Les rev\u00eatements de plastificationd&#8217;Albyco ont le bon \u00e9quilibre entre la colle et le plastique, ce qui signifie que la colle est largement \u00e9vit\u00e9e. Dans le cas o\u00f9 des r\u00e9sidus de colle sont d\u00e9pos\u00e9s sur les rouleaux de transport sensibles, Albyco fournit un produit de soin sp\u00e9cial, Lamiclean. Lamiclean peut \u00eatre utilis\u00e9 de deux fa\u00e7ons. La m\u00e9thode standard consiste \u00e0 ins\u00e9rer le chiffon avec le liquide de nettoyage partiellement ins\u00e9r\u00e9 dans la machine avec un morceau de carton, puis \u00e0 le maintenir avec force pour que les rouleaux glissent sur le tissu et tirent le liquide dans le r\u00e9sidu de colle. Si le liquide a \u00e9t\u00e9 aspir\u00e9 dans les r\u00e9sidus de colle, la colle se dissout et se fixe dans le tissu. Le meilleur r\u00e9sultat est obtenu avec une machine chaude.<\/p>\r\n<p class=\"p1\">Albyco A4HE, Machine de plastification professionnelle A4<\/p>\r\n<p class=\"p1\">Vitesse de laminage 350 mm \/ min.<\/p>\r\n<p class=\"p1\">Temps de pr\u00e9chauffage 4-6 min.<\/p>\r\n<p class=\"p1\">Indication pr\u00eate Oui<\/p>\r\n<p class=\"p1\">Largeur de d\u00e9bit maximum 240mm<\/p>\r\n<p class=\"p1\">Pour les manchons de plastification jusqu&#8217;\u00e0 2&#215;250 microns.<\/p>\r\n<p class=\"p1\">Temp\u00e9rature variable Oui<\/p>\r\n<p class=\"p1\">Stratification \u00e0 froid Oui<\/p>\r\n<p class=\"p1\">Nombre de rouleaux d&#8217;alimentation 4<\/p>\r\n<p class=\"p1\">Capacit\u00e9 de lib\u00e9ration Oui<\/p>\r\n<p class=\"p1\"><\/p>\r\n<a href=\"https:\/\/www.albyco.com\/fr\/contactez-nous\/\"><img loading=\"lazy\" class=\"size-full wp-image-11223 alignleft\" src=\"https:\/\/www.albyco.com\/wp-content\/uploads\/2018\/02\/CTA-Albyco-fr-2.jpg\" alt=\"\" width=\"225\" height=\"141\" srcset=\"https:\/\/www.albyco.com\/wp-content\/uploads\/2018\/02\/CTA-Albyco-fr-2.jpg 225w, https:\/\/www.albyco.com\/wp-content\/uploads\/2018\/02\/CTA-Albyco-fr-2-100x63.jpg 100w, https:\/\/www.albyco.com\/wp-content\/uploads\/2018\/02\/CTA-Albyco-fr-2-24x15.jpg 24w, https:\/\/www.albyco.com\/wp-content\/uploads\/2018\/02\/CTA-Albyco-fr-2-36x23.jpg 36w, https:\/\/www.albyco.com\/wp-content\/uploads\/2018\/02\/CTA-Albyco-fr-2-48x30.jpg 48w\" sizes=\"(max-width: 225px) 100vw, 225px\" \/><\/a>","protected":false},"excerpt":{"rendered":"<p>Albyco A4HE, A4 plastifieuse professionnelle<\/p>\n","protected":false},"featured_media":7703,"comment_status":"open","ping_status":"closed","template":"","meta":[],"product_cat":[2300,2728,2772,2748],"product_tag":[3648,2318,2773,2774,2775,2776,2777,2780],"yoast_head":"<!-- This site is optimized with the Yoast SEO plugin v18.6 - https:\/\/yoast.com\/wordpress\/plugins\/seo\/ -->\n<title>Albyco A4HE, A4 plastifieuse professionnelle - Albyco<\/title>\n<meta name=\"description\" content=\"Albyco A4HE, A4 plastifieuse professionnelle\" \/>\n<meta name=\"robots\" content=\"index, follow, max-snippet:-1, max-image-preview:large, max-video-preview:-1\" \/>\n<link rel=\"canonical\" href=\"https:\/\/www.albyco.com\/fr\/produit\/albyco-a4he-a4-plastifieuse-professionnelle\/\" \/>\n<meta property=\"og:locale\" content=\"fr_FR\" \/>\n<meta property=\"og:type\" content=\"article\" \/>\n<meta property=\"og:title\" content=\"Albyco A4HE, A4 plastifieuse professionnelle - Albyco\" \/>\n<meta property=\"og:description\" content=\"Albyco A4HE, A4 plastifieuse professionnelle\" \/>\n<meta property=\"og:url\" content=\"https:\/\/www.albyco.com\/fr\/produit\/albyco-a4he-a4-plastifieuse-professionnelle\/\" \/>\n<meta property=\"og:site_name\" content=\"Albyco\" \/>\n<meta property=\"article:modified_time\" content=\"2018-02-23T14:53:03+00:00\" \/>\n<meta property=\"og:image\" content=\"https:\/\/www.albyco.com\/wp-content\/uploads\/2017\/06\/albyco-albyco-a4he-professionele-a4-lamineermachine_ALBHEA4.jpg\" \/>\n\t<meta property=\"og:image:width\" content=\"400\" \/>\n\t<meta property=\"og:image:height\" content=\"400\" \/>\n\t<meta property=\"og:image:type\" content=\"image\/jpeg\" \/>\n<meta name=\"twitter:card\" content=\"summary\" \/>\n<meta name=\"twitter:site\" content=\"@AlbycoNederland\" \/>\n<meta name=\"twitter:label1\" content=\"Dur\u00e9e de lecture estim\u00e9e\" \/>\n\t<meta name=\"twitter:data1\" content=\"2 minutes\" \/>\n<script type=\"application\/ld+json\" class=\"yoast-schema-graph\">{\"@context\":\"https:\/\/schema.org\",\"@graph\":[{\"@type\":\"Organization\",\"@id\":\"https:\/\/www.albyco.com\/#organization\",\"name\":\"Albyco Nederland B.V.\",\"url\":\"https:\/\/www.albyco.com\/\",\"sameAs\":[\"https:\/\/www.linkedin.com\/company\/18015670\/\",\"https:\/\/www.youtube.com\/user\/AlbycoNederland\",\"https:\/\/nl.pinterest.com\/albyco\",\"https:\/\/twitter.com\/AlbycoNederland\"],\"logo\":{\"@type\":\"ImageObject\",\"@id\":\"https:\/\/www.albyco.com\/#logo\",\"inLanguage\":\"fr-FR\",\"url\":\"https:\/\/www.albyco.com\/wp-content\/uploads\/2017\/07\/albyco_logo_hd.png\",\"contentUrl\":\"https:\/\/www.albyco.com\/wp-content\/uploads\/2017\/07\/albyco_logo_hd.png\",\"width\":300,\"height\":300,\"caption\":\"Albyco Nederland B.V.\"},\"image\":{\"@id\":\"https:\/\/www.albyco.com\/#logo\"}},{\"@type\":\"WebSite\",\"@id\":\"https:\/\/www.albyco.com\/#website\",\"url\":\"https:\/\/www.albyco.com\/\",\"name\":\"Albyco\",\"description\":\"Leverancier voor nabewerking van geprinte media\",\"publisher\":{\"@id\":\"https:\/\/www.albyco.com\/#organization\"},\"potentialAction\":[{\"@type\":\"SearchAction\",\"target\":{\"@type\":\"EntryPoint\",\"urlTemplate\":\"https:\/\/www.albyco.com\/?s={search_term_string}\"},\"query-input\":\"required name=search_term_string\"}],\"inLanguage\":\"fr-FR\"},{\"@type\":\"ImageObject\",\"@id\":\"https:\/\/www.albyco.com\/fr\/produit\/albyco-a4he-a4-plastifieuse-professionnelle\/#primaryimage\",\"inLanguage\":\"fr-FR\",\"url\":\"https:\/\/www.albyco.com\/wp-content\/uploads\/2017\/06\/albyco-albyco-a4he-professionele-a4-lamineermachine_ALBHEA4.jpg\",\"contentUrl\":\"https:\/\/www.albyco.com\/wp-content\/uploads\/2017\/06\/albyco-albyco-a4he-professionele-a4-lamineermachine_ALBHEA4.jpg\",\"width\":400,\"height\":400,\"caption\":\"Albyco A4HE, Professionele A4 lamineermachine\"},{\"@type\":\"WebPage\",\"@id\":\"https:\/\/www.albyco.com\/fr\/produit\/albyco-a4he-a4-plastifieuse-professionnelle\/#webpage\",\"url\":\"https:\/\/www.albyco.com\/fr\/produit\/albyco-a4he-a4-plastifieuse-professionnelle\/\",\"name\":\"Albyco A4HE, A4 plastifieuse professionnelle - Albyco\",\"isPartOf\":{\"@id\":\"https:\/\/www.albyco.com\/#website\"},\"primaryImageOfPage\":{\"@id\":\"https:\/\/www.albyco.com\/fr\/produit\/albyco-a4he-a4-plastifieuse-professionnelle\/#primaryimage\"},\"datePublished\":\"2017-07-10T11:17:57+00:00\",\"dateModified\":\"2018-02-23T14:53:03+00:00\",\"description\":\"Albyco A4HE, A4 plastifieuse professionnelle\",\"breadcrumb\":{\"@id\":\"https:\/\/www.albyco.com\/fr\/produit\/albyco-a4he-a4-plastifieuse-professionnelle\/#breadcrumb\"},\"inLanguage\":\"fr-FR\",\"potentialAction\":[{\"@type\":\"ReadAction\",\"target\":[\"https:\/\/www.albyco.com\/fr\/produit\/albyco-a4he-a4-plastifieuse-professionnelle\/\"]}]},{\"@type\":\"BreadcrumbList\",\"@id\":\"https:\/\/www.albyco.com\/fr\/produit\/albyco-a4he-a4-plastifieuse-professionnelle\/#breadcrumb\",\"itemListElement\":[{\"@type\":\"ListItem\",\"position\":1,\"name\":\"Home\",\"item\":\"https:\/\/www.albyco.com\/fr\/\"},{\"@type\":\"ListItem\",\"position\":2,\"name\":\"Les produits\",\"item\":\"https:\/\/www.albyco.com\/fr\/producten\/\"},{\"@type\":\"ListItem\",\"position\":3,\"name\":\"Albyco A4HE, A4 plastifieuse professionnelle\"}]}]}<\/script>\n<!-- \/ Yoast SEO plugin. -->","yoast_head_json":{"title":"Albyco A4HE, A4 plastifieuse professionnelle - Albyco","description":"Albyco A4HE, A4 plastifieuse professionnelle","robots":{"index":"index","follow":"follow","max-snippet":"max-snippet:-1","max-image-preview":"max-image-preview:large","max-video-preview":"max-video-preview:-1"},"canonical":"https:\/\/www.albyco.com\/fr\/produit\/albyco-a4he-a4-plastifieuse-professionnelle\/","og_locale":"fr_FR","og_type":"article","og_title":"Albyco A4HE, A4 plastifieuse professionnelle - Albyco","og_description":"Albyco A4HE, A4 plastifieuse professionnelle","og_url":"https:\/\/www.albyco.com\/fr\/produit\/albyco-a4he-a4-plastifieuse-professionnelle\/","og_site_name":"Albyco","article_modified_time":"2018-02-23T14:53:03+00:00","og_image":[{"width":400,"height":400,"url":"https:\/\/www.albyco.com\/wp-content\/uploads\/2017\/06\/albyco-albyco-a4he-professionele-a4-lamineermachine_ALBHEA4.jpg","type":"image\/jpeg"}],"twitter_card":"summary","twitter_site":"@AlbycoNederland","twitter_misc":{"Dur\u00e9e de lecture estim\u00e9e":"2 minutes"},"schema":{"@context":"https:\/\/schema.org","@graph":[{"@type":"Organization","@id":"https:\/\/www.albyco.com\/#organization","name":"Albyco Nederland B.V.","url":"https:\/\/www.albyco.com\/","sameAs":["https:\/\/www.linkedin.com\/company\/18015670\/","https:\/\/www.youtube.com\/user\/AlbycoNederland","https:\/\/nl.pinterest.com\/albyco","https:\/\/twitter.com\/AlbycoNederland"],"logo":{"@type":"ImageObject","@id":"https:\/\/www.albyco.com\/#logo","inLanguage":"fr-FR","url":"https:\/\/www.albyco.com\/wp-content\/uploads\/2017\/07\/albyco_logo_hd.png","contentUrl":"https:\/\/www.albyco.com\/wp-content\/uploads\/2017\/07\/albyco_logo_hd.png","width":300,"height":300,"caption":"Albyco Nederland B.V."},"image":{"@id":"https:\/\/www.albyco.com\/#logo"}},{"@type":"WebSite","@id":"https:\/\/www.albyco.com\/#website","url":"https:\/\/www.albyco.com\/","name":"Albyco","description":"Leverancier voor nabewerking van geprinte media","publisher":{"@id":"https:\/\/www.albyco.com\/#organization"},"potentialAction":[{"@type":"SearchAction","target":{"@type":"EntryPoint","urlTemplate":"https:\/\/www.albyco.com\/?s={search_term_string}"},"query-input":"required name=search_term_string"}],"inLanguage":"fr-FR"},{"@type":"ImageObject","@id":"https:\/\/www.albyco.com\/fr\/produit\/albyco-a4he-a4-plastifieuse-professionnelle\/#primaryimage","inLanguage":"fr-FR","url":"https:\/\/www.albyco.com\/wp-content\/uploads\/2017\/06\/albyco-albyco-a4he-professionele-a4-lamineermachine_ALBHEA4.jpg","contentUrl":"https:\/\/www.albyco.com\/wp-content\/uploads\/2017\/06\/albyco-albyco-a4he-professionele-a4-lamineermachine_ALBHEA4.jpg","width":400,"height":400,"caption":"Albyco A4HE, Professionele A4 lamineermachine"},{"@type":"WebPage","@id":"https:\/\/www.albyco.com\/fr\/produit\/albyco-a4he-a4-plastifieuse-professionnelle\/#webpage","url":"https:\/\/www.albyco.com\/fr\/produit\/albyco-a4he-a4-plastifieuse-professionnelle\/","name":"Albyco A4HE, A4 plastifieuse professionnelle - Albyco","isPartOf":{"@id":"https:\/\/www.albyco.com\/#website"},"primaryImageOfPage":{"@id":"https:\/\/www.albyco.com\/fr\/produit\/albyco-a4he-a4-plastifieuse-professionnelle\/#primaryimage"},"datePublished":"2017-07-10T11:17:57+00:00","dateModified":"2018-02-23T14:53:03+00:00","description":"Albyco A4HE, A4 plastifieuse professionnelle","breadcrumb":{"@id":"https:\/\/www.albyco.com\/fr\/produit\/albyco-a4he-a4-plastifieuse-professionnelle\/#breadcrumb"},"inLanguage":"fr-FR","potentialAction":[{"@type":"ReadAction","target":["https:\/\/www.albyco.com\/fr\/produit\/albyco-a4he-a4-plastifieuse-professionnelle\/"]}]},{"@type":"BreadcrumbList","@id":"https:\/\/www.albyco.com\/fr\/produit\/albyco-a4he-a4-plastifieuse-professionnelle\/#breadcrumb","itemListElement":[{"@type":"ListItem","position":1,"name":"Home","item":"https:\/\/www.albyco.com\/fr\/"},{"@type":"ListItem","position":2,"name":"Les produits","item":"https:\/\/www.albyco.com\/fr\/producten\/"},{"@type":"ListItem","position":3,"name":"Albyco A4HE, A4 plastifieuse professionnelle"}]}]}},"_links":{"self":[{"href":"https:\/\/www.albyco.com\/fr\/wp-json\/wp\/v2\/product\/11030"}],"collection":[{"href":"https:\/\/www.albyco.com\/fr\/wp-json\/wp\/v2\/product"}],"about":[{"href":"https:\/\/www.albyco.com\/fr\/wp-json\/wp\/v2\/types\/product"}],"replies":[{"embeddable":true,"href":"https:\/\/www.albyco.com\/fr\/wp-json\/wp\/v2\/comments?post=11030"}],"wp:featuredmedia":[{"embeddable":true,"href":"https:\/\/www.albyco.com\/fr\/wp-json\/wp\/v2\/media\/7703"}],"wp:attachment":[{"href":"https:\/\/www.albyco.com\/fr\/wp-json\/wp\/v2\/media?parent=11030"}],"wp:term":[{"taxonomy":"product_cat","embeddable":true,"href":"https:\/\/www.albyco.com\/fr\/wp-json\/wp\/v2\/product_cat?post=11030"},{"taxonomy":"product_tag","embeddable":true,"href":"https:\/\/www.albyco.com\/fr\/wp-json\/wp\/v2\/product_tag?post=11030"}],"curies":[{"name":"wp","href":"https:\/\/api.w.org\/{rel}","templated":true}]}}