{"id":10973,"date":"2017-07-07T16:18:13","date_gmt":"2017-07-07T14:18:13","guid":{"rendered":"https:\/\/www.albyco.com\/product\/ideal-1046-cisaille\/"},"modified":"2022-04-12T10:53:12","modified_gmt":"2022-04-12T08:53:12","slug":"ideal-1046-cisaille","status":"publish","type":"product","link":"https:\/\/www.albyco.com\/fr\/produit\/ideal-1046-cisaille\/","title":{"rendered":"Ideal 1046 cisaille"},"content":{"rendered":"<table style=\"width: 100%; border-collapse: collapse;\" border=\"0\">\r\n<tbody>\r\n<tr>\r\n<td style=\"width: 50%;\">\r\n<p class=\"p1\"><strong>Cisaille Ideal<span class=\"Apple-converted-space\">\u00a0 <\/span>1046<\/strong><\/p>\r\n<p class=\"p1\">Longueur de coupe: 460 mm\r\nCapacit\u00e9 de coupe (papier 80g \/ m\u00b2): 26 feuilles\r\nTaille de la table, L x P: 356 x 510 mm\r\n7,5 kg<\/p>\r\n<\/td>\r\n<td style=\"width: 50%;\"><div class=\"epyt-video-wrapper\"><iframe  id=\"_ytid_82833\"  width=\"800\" height=\"450\"  data-origwidth=\"800\" data-origheight=\"450\"  data-relstop=\"1\" src=\"https:\/\/www.youtube.com\/embed\/7PWU5UxD5lc?enablejsapi=1&autoplay=0&cc_load_policy=0&iv_load_policy=1&loop=0&modestbranding=0&fs=1&playsinline=1&controls=1&color=red&cc_lang_pref=&rel=0&autohide=2&theme=dark&\" class=\"__youtube_prefs__  no-lazyload\" title=\"YouTube player\"  allow=\"accelerometer; autoplay; clipboard-write; encrypted-media; gyroscope; picture-in-picture\" allowfullscreen data-no-lazy=\"1\" data-skipgform_ajax_framebjll=\"\"><\/iframe><\/div><\/td>\r\n<\/tr>\r\n<\/tbody>\r\n<\/table>\r\n<p class=\"p1\">La poign\u00e9e ergonomique s&#8217;adapte parfaitement \u00e0 la main et garantit ainsi une coupe s\u00fbre et sans effort. La ligne de coupe est clairement visible sur toute la longueur de coupe gr\u00e2ce \u00e0 un outil de coupe rouge int\u00e9gr\u00e9 \u00e0 la protection de la lame.<\/p>\r\n<p class=\"p1\">Le bras de d\u00e9clenchement innovant pour augmenter la pression et retirer simplement le mat\u00e9riau de coupe de la table de coupe. Toutes les pi\u00e8ces de ces machines de coupe, des sections de lames recyclables de &#8221; Solinger Messerstahl &#8221; au rev\u00eatement en poudre \u00e9cologique de la construction m\u00e9tallique traversante , favorisent l&#8217;environnement gr\u00e2ce \u00e0 des mati\u00e8res premi\u00e8res de haute qualit\u00e9 et responsables.<\/p>\r\n<p class=\"p1\">L&#8217;indication conventionnelle DIN-taille assure la coupe pr\u00e9cise et facile.<\/p>\r\n<a href=\"https:\/\/www.albyco.com\/fr\/contactez-nous\/\"><img loading=\"lazy\" class=\"size-full wp-image-11223 alignleft\" src=\"https:\/\/www.albyco.com\/wp-content\/uploads\/2018\/02\/CTA-Albyco-fr-2.jpg\" alt=\"\" width=\"225\" height=\"141\" srcset=\"https:\/\/www.albyco.com\/wp-content\/uploads\/2018\/02\/CTA-Albyco-fr-2.jpg 225w, https:\/\/www.albyco.com\/wp-content\/uploads\/2018\/02\/CTA-Albyco-fr-2-100x63.jpg 100w, https:\/\/www.albyco.com\/wp-content\/uploads\/2018\/02\/CTA-Albyco-fr-2-24x15.jpg 24w, https:\/\/www.albyco.com\/wp-content\/uploads\/2018\/02\/CTA-Albyco-fr-2-36x23.jpg 36w, https:\/\/www.albyco.com\/wp-content\/uploads\/2018\/02\/CTA-Albyco-fr-2-48x30.jpg 48w\" sizes=\"(max-width: 225px) 100vw, 225px\" \/><\/a>","protected":false},"excerpt":{"rendered":"<p class=\"p1\"><strong>Cisaille Ideal<span class=\"Apple-converted-space\">\u00a0 <\/span>1046<\/strong><\/p>\n<p class=\"p1\">Longueur de coupe: 460 mm<\/p>\n","protected":false},"featured_media":7778,"comment_status":"open","ping_status":"closed","template":"","meta":[],"product_cat":[2300,2301,2742],"product_tag":[2743,2744,2308,2745,2746,2747],"yoast_head":"<!-- This site is optimized with the Yoast SEO plugin v18.6 - https:\/\/yoast.com\/wordpress\/plugins\/seo\/ -->\n<title>Ideal 1046 cisaille - Albyco<\/title>\n<meta name=\"description\" content=\"Cisaille Ideal\u00a0 1046 Longueur de coupe: 460 mm\" \/>\n<meta name=\"robots\" content=\"index, follow, max-snippet:-1, max-image-preview:large, max-video-preview:-1\" \/>\n<link rel=\"canonical\" href=\"https:\/\/www.albyco.com\/fr\/produit\/ideal-1046-cisaille\/\" \/>\n<meta property=\"og:locale\" content=\"fr_FR\" \/>\n<meta property=\"og:type\" content=\"article\" \/>\n<meta property=\"og:title\" content=\"Ideal 1046 cisaille - Albyco\" \/>\n<meta property=\"og:description\" content=\"Cisaille Ideal\u00a0 1046 Longueur de coupe: 460 mm\" \/>\n<meta property=\"og:url\" content=\"https:\/\/www.albyco.com\/fr\/produit\/ideal-1046-cisaille\/\" \/>\n<meta property=\"og:site_name\" content=\"Albyco\" \/>\n<meta property=\"article:modified_time\" content=\"2022-04-12T08:53:12+00:00\" \/>\n<meta property=\"og:image\" content=\"https:\/\/www.albyco.com\/wp-content\/uploads\/2017\/06\/ebaideal-ideal-1046-bordschaar_IDEAL1046.jpg\" \/>\n\t<meta property=\"og:image:width\" content=\"526\" \/>\n\t<meta property=\"og:image:height\" content=\"427\" \/>\n\t<meta property=\"og:image:type\" content=\"image\/jpeg\" \/>\n<meta name=\"twitter:card\" content=\"summary\" \/>\n<meta name=\"twitter:site\" content=\"@AlbycoNederland\" \/>\n<meta name=\"twitter:label1\" content=\"Dur\u00e9e de lecture estim\u00e9e\" \/>\n\t<meta name=\"twitter:data1\" content=\"1 minute\" \/>\n<script type=\"application\/ld+json\" class=\"yoast-schema-graph\">{\"@context\":\"https:\/\/schema.org\",\"@graph\":[{\"@type\":\"Organization\",\"@id\":\"https:\/\/www.albyco.com\/#organization\",\"name\":\"Albyco Nederland B.V.\",\"url\":\"https:\/\/www.albyco.com\/\",\"sameAs\":[\"https:\/\/www.linkedin.com\/company\/18015670\/\",\"https:\/\/www.youtube.com\/user\/AlbycoNederland\",\"https:\/\/nl.pinterest.com\/albyco\",\"https:\/\/twitter.com\/AlbycoNederland\"],\"logo\":{\"@type\":\"ImageObject\",\"@id\":\"https:\/\/www.albyco.com\/#logo\",\"inLanguage\":\"fr-FR\",\"url\":\"https:\/\/www.albyco.com\/wp-content\/uploads\/2017\/07\/albyco_logo_hd.png\",\"contentUrl\":\"https:\/\/www.albyco.com\/wp-content\/uploads\/2017\/07\/albyco_logo_hd.png\",\"width\":300,\"height\":300,\"caption\":\"Albyco Nederland B.V.\"},\"image\":{\"@id\":\"https:\/\/www.albyco.com\/#logo\"}},{\"@type\":\"WebSite\",\"@id\":\"https:\/\/www.albyco.com\/#website\",\"url\":\"https:\/\/www.albyco.com\/\",\"name\":\"Albyco\",\"description\":\"Leverancier voor nabewerking van geprinte media\",\"publisher\":{\"@id\":\"https:\/\/www.albyco.com\/#organization\"},\"potentialAction\":[{\"@type\":\"SearchAction\",\"target\":{\"@type\":\"EntryPoint\",\"urlTemplate\":\"https:\/\/www.albyco.com\/?s={search_term_string}\"},\"query-input\":\"required name=search_term_string\"}],\"inLanguage\":\"fr-FR\"},{\"@type\":\"ImageObject\",\"@id\":\"https:\/\/www.albyco.com\/fr\/produit\/ideal-1046-cisaille\/#primaryimage\",\"inLanguage\":\"fr-FR\",\"url\":\"https:\/\/www.albyco.com\/wp-content\/uploads\/2017\/06\/ebaideal-ideal-1046-bordschaar_IDEAL1046.jpg\",\"contentUrl\":\"https:\/\/www.albyco.com\/wp-content\/uploads\/2017\/06\/ebaideal-ideal-1046-bordschaar_IDEAL1046.jpg\",\"width\":526,\"height\":427,\"caption\":\"Ideal 1046 cisaille\"},{\"@type\":\"WebPage\",\"@id\":\"https:\/\/www.albyco.com\/fr\/produit\/ideal-1046-cisaille\/#webpage\",\"url\":\"https:\/\/www.albyco.com\/fr\/produit\/ideal-1046-cisaille\/\",\"name\":\"Ideal 1046 cisaille - Albyco\",\"isPartOf\":{\"@id\":\"https:\/\/www.albyco.com\/#website\"},\"primaryImageOfPage\":{\"@id\":\"https:\/\/www.albyco.com\/fr\/produit\/ideal-1046-cisaille\/#primaryimage\"},\"datePublished\":\"2017-07-07T14:18:13+00:00\",\"dateModified\":\"2022-04-12T08:53:12+00:00\",\"description\":\"Cisaille Ideal\u00a0 1046 Longueur de coupe: 460 mm\",\"breadcrumb\":{\"@id\":\"https:\/\/www.albyco.com\/fr\/produit\/ideal-1046-cisaille\/#breadcrumb\"},\"inLanguage\":\"fr-FR\",\"potentialAction\":[{\"@type\":\"ReadAction\",\"target\":[\"https:\/\/www.albyco.com\/fr\/produit\/ideal-1046-cisaille\/\"]}]},{\"@type\":\"BreadcrumbList\",\"@id\":\"https:\/\/www.albyco.com\/fr\/produit\/ideal-1046-cisaille\/#breadcrumb\",\"itemListElement\":[{\"@type\":\"ListItem\",\"position\":1,\"name\":\"Home\",\"item\":\"https:\/\/www.albyco.com\/fr\/\"},{\"@type\":\"ListItem\",\"position\":2,\"name\":\"Les produits\",\"item\":\"https:\/\/www.albyco.com\/fr\/producten\/\"},{\"@type\":\"ListItem\",\"position\":3,\"name\":\"Ideal 1046 cisaille\"}]}]}<\/script>\n<!-- \/ Yoast SEO plugin. -->","yoast_head_json":{"title":"Ideal 1046 cisaille - Albyco","description":"Cisaille Ideal\u00a0 1046 Longueur de coupe: 460 mm","robots":{"index":"index","follow":"follow","max-snippet":"max-snippet:-1","max-image-preview":"max-image-preview:large","max-video-preview":"max-video-preview:-1"},"canonical":"https:\/\/www.albyco.com\/fr\/produit\/ideal-1046-cisaille\/","og_locale":"fr_FR","og_type":"article","og_title":"Ideal 1046 cisaille - Albyco","og_description":"Cisaille Ideal\u00a0 1046 Longueur de coupe: 460 mm","og_url":"https:\/\/www.albyco.com\/fr\/produit\/ideal-1046-cisaille\/","og_site_name":"Albyco","article_modified_time":"2022-04-12T08:53:12+00:00","og_image":[{"width":526,"height":427,"url":"https:\/\/www.albyco.com\/wp-content\/uploads\/2017\/06\/ebaideal-ideal-1046-bordschaar_IDEAL1046.jpg","type":"image\/jpeg"}],"twitter_card":"summary","twitter_site":"@AlbycoNederland","twitter_misc":{"Dur\u00e9e de lecture estim\u00e9e":"1 minute"},"schema":{"@context":"https:\/\/schema.org","@graph":[{"@type":"Organization","@id":"https:\/\/www.albyco.com\/#organization","name":"Albyco Nederland B.V.","url":"https:\/\/www.albyco.com\/","sameAs":["https:\/\/www.linkedin.com\/company\/18015670\/","https:\/\/www.youtube.com\/user\/AlbycoNederland","https:\/\/nl.pinterest.com\/albyco","https:\/\/twitter.com\/AlbycoNederland"],"logo":{"@type":"ImageObject","@id":"https:\/\/www.albyco.com\/#logo","inLanguage":"fr-FR","url":"https:\/\/www.albyco.com\/wp-content\/uploads\/2017\/07\/albyco_logo_hd.png","contentUrl":"https:\/\/www.albyco.com\/wp-content\/uploads\/2017\/07\/albyco_logo_hd.png","width":300,"height":300,"caption":"Albyco Nederland B.V."},"image":{"@id":"https:\/\/www.albyco.com\/#logo"}},{"@type":"WebSite","@id":"https:\/\/www.albyco.com\/#website","url":"https:\/\/www.albyco.com\/","name":"Albyco","description":"Leverancier voor nabewerking van geprinte media","publisher":{"@id":"https:\/\/www.albyco.com\/#organization"},"potentialAction":[{"@type":"SearchAction","target":{"@type":"EntryPoint","urlTemplate":"https:\/\/www.albyco.com\/?s={search_term_string}"},"query-input":"required name=search_term_string"}],"inLanguage":"fr-FR"},{"@type":"ImageObject","@id":"https:\/\/www.albyco.com\/fr\/produit\/ideal-1046-cisaille\/#primaryimage","inLanguage":"fr-FR","url":"https:\/\/www.albyco.com\/wp-content\/uploads\/2017\/06\/ebaideal-ideal-1046-bordschaar_IDEAL1046.jpg","contentUrl":"https:\/\/www.albyco.com\/wp-content\/uploads\/2017\/06\/ebaideal-ideal-1046-bordschaar_IDEAL1046.jpg","width":526,"height":427,"caption":"Ideal 1046 cisaille"},{"@type":"WebPage","@id":"https:\/\/www.albyco.com\/fr\/produit\/ideal-1046-cisaille\/#webpage","url":"https:\/\/www.albyco.com\/fr\/produit\/ideal-1046-cisaille\/","name":"Ideal 1046 cisaille - Albyco","isPartOf":{"@id":"https:\/\/www.albyco.com\/#website"},"primaryImageOfPage":{"@id":"https:\/\/www.albyco.com\/fr\/produit\/ideal-1046-cisaille\/#primaryimage"},"datePublished":"2017-07-07T14:18:13+00:00","dateModified":"2022-04-12T08:53:12+00:00","description":"Cisaille Ideal\u00a0 1046 Longueur de coupe: 460 mm","breadcrumb":{"@id":"https:\/\/www.albyco.com\/fr\/produit\/ideal-1046-cisaille\/#breadcrumb"},"inLanguage":"fr-FR","potentialAction":[{"@type":"ReadAction","target":["https:\/\/www.albyco.com\/fr\/produit\/ideal-1046-cisaille\/"]}]},{"@type":"BreadcrumbList","@id":"https:\/\/www.albyco.com\/fr\/produit\/ideal-1046-cisaille\/#breadcrumb","itemListElement":[{"@type":"ListItem","position":1,"name":"Home","item":"https:\/\/www.albyco.com\/fr\/"},{"@type":"ListItem","position":2,"name":"Les produits","item":"https:\/\/www.albyco.com\/fr\/producten\/"},{"@type":"ListItem","position":3,"name":"Ideal 1046 cisaille"}]}]}},"_links":{"self":[{"href":"https:\/\/www.albyco.com\/fr\/wp-json\/wp\/v2\/product\/10973"}],"collection":[{"href":"https:\/\/www.albyco.com\/fr\/wp-json\/wp\/v2\/product"}],"about":[{"href":"https:\/\/www.albyco.com\/fr\/wp-json\/wp\/v2\/types\/product"}],"replies":[{"embeddable":true,"href":"https:\/\/www.albyco.com\/fr\/wp-json\/wp\/v2\/comments?post=10973"}],"wp:featuredmedia":[{"embeddable":true,"href":"https:\/\/www.albyco.com\/fr\/wp-json\/wp\/v2\/media\/7778"}],"wp:attachment":[{"href":"https:\/\/www.albyco.com\/fr\/wp-json\/wp\/v2\/media?parent=10973"}],"wp:term":[{"taxonomy":"product_cat","embeddable":true,"href":"https:\/\/www.albyco.com\/fr\/wp-json\/wp\/v2\/product_cat?post=10973"},{"taxonomy":"product_tag","embeddable":true,"href":"https:\/\/www.albyco.com\/fr\/wp-json\/wp\/v2\/product_tag?post=10973"}],"curies":[{"name":"wp","href":"https:\/\/api.w.org\/{rel}","templated":true}]}}