{"id":10961,"date":"2017-07-10T12:26:55","date_gmt":"2017-07-10T10:26:55","guid":{"rendered":"https:\/\/www.albyco.com\/product\/kapafix-kapaline-plaque-sandwich-avec-un-noyau-de-mousse-de-polyurethane\/"},"modified":"2019-01-10T16:34:50","modified_gmt":"2019-01-10T15:34:50","slug":"kapafix-kapaline-plaque-sandwich-avec-un-noyau-de-mousse-de-polyurethane","status":"publish","type":"product","link":"https:\/\/www.albyco.com\/fr\/produit\/kapafix-kapaline-plaque-sandwich-avec-un-noyau-de-mousse-de-polyurethane\/","title":{"rendered":"Kapafix Kapaline, avec un noyau de polyur\u00e9thane"},"content":{"rendered":"<p class=\"p1\">Kapaline, plaque sandwich avec un noyau de mousse de polyur\u00e9thane, munie des deux c\u00f4t\u00e9s d&#8217;un carton blanc.<\/p>\r\n<p class=\"p1\">Extr\u00eamement l\u00e9ger, haute rigidit\u00e9, r\u00e9sistant aux solvants, tr\u00e8s bonne stabilit\u00e9, m\u00eame surface, facile \u00e0 couper. Diminuer par bo\u00eete.<\/p>\r\n<p class=\"p1\"><\/p>\r\n<a href=\"https:\/\/www.albyco.com\/fr\/contactez-nous\/\"><img loading=\"lazy\" class=\"size-full wp-image-11223 alignleft\" src=\"https:\/\/www.albyco.com\/wp-content\/uploads\/2018\/02\/CTA-Albyco-fr-2.jpg\" alt=\"\" width=\"225\" height=\"141\" srcset=\"https:\/\/www.albyco.com\/wp-content\/uploads\/2018\/02\/CTA-Albyco-fr-2.jpg 225w, https:\/\/www.albyco.com\/wp-content\/uploads\/2018\/02\/CTA-Albyco-fr-2-100x63.jpg 100w, https:\/\/www.albyco.com\/wp-content\/uploads\/2018\/02\/CTA-Albyco-fr-2-24x15.jpg 24w, https:\/\/www.albyco.com\/wp-content\/uploads\/2018\/02\/CTA-Albyco-fr-2-36x23.jpg 36w, https:\/\/www.albyco.com\/wp-content\/uploads\/2018\/02\/CTA-Albyco-fr-2-48x30.jpg 48w\" sizes=\"(max-width: 225px) 100vw, 225px\" \/><\/a>","protected":false},"excerpt":{"rendered":"<p>Kapaline, plaque sandwich avec un noyau de mousse de polyur\u00e9thane, munie des deux c\u00f4t\u00e9s d&#8217;un carton blanc.<\/p>\n","protected":false},"featured_media":7713,"comment_status":"open","ping_status":"closed","template":"","meta":[],"product_cat":[2808,2958,3527],"product_tag":[3528,3529,3530,3531,3532],"yoast_head":"<!-- This site is optimized with the Yoast SEO plugin v18.6 - https:\/\/yoast.com\/wordpress\/plugins\/seo\/ -->\n<title>Kapafix Kapaline, avec un noyau de polyur\u00e9thane - Albyco<\/title>\n<meta name=\"description\" content=\"Kapaline, plaque sandwich avec un noyau de mousse de polyur\u00e9thane, munie des deux c\u00f4t\u00e9s d&#039;un carton blanc.\" \/>\n<meta name=\"robots\" content=\"index, follow, max-snippet:-1, max-image-preview:large, max-video-preview:-1\" \/>\n<link rel=\"canonical\" href=\"https:\/\/www.albyco.com\/fr\/produit\/kapafix-kapaline-plaque-sandwich-avec-un-noyau-de-mousse-de-polyurethane\/\" \/>\n<meta property=\"og:locale\" content=\"fr_FR\" \/>\n<meta property=\"og:type\" content=\"article\" \/>\n<meta property=\"og:title\" content=\"Kapafix Kapaline, avec un noyau de polyur\u00e9thane - Albyco\" \/>\n<meta property=\"og:description\" content=\"Kapaline, plaque sandwich avec un noyau de mousse de polyur\u00e9thane, munie des deux c\u00f4t\u00e9s d&#039;un carton blanc.\" \/>\n<meta property=\"og:url\" content=\"https:\/\/www.albyco.com\/fr\/produit\/kapafix-kapaline-plaque-sandwich-avec-un-noyau-de-mousse-de-polyurethane\/\" \/>\n<meta property=\"og:site_name\" content=\"Albyco\" \/>\n<meta property=\"article:modified_time\" content=\"2019-01-10T15:34:50+00:00\" \/>\n<meta property=\"og:image\" content=\"https:\/\/www.albyco.com\/wp-content\/uploads\/2017\/06\/kapafix-kapaline-foamplaat_PMKL0505007024.jpg\" \/>\n\t<meta property=\"og:image:width\" content=\"720\" \/>\n\t<meta property=\"og:image:height\" content=\"592\" \/>\n\t<meta property=\"og:image:type\" content=\"image\/jpeg\" \/>\n<meta name=\"twitter:card\" content=\"summary\" \/>\n<meta name=\"twitter:site\" content=\"@AlbycoNederland\" \/>\n<script type=\"application\/ld+json\" class=\"yoast-schema-graph\">{\"@context\":\"https:\/\/schema.org\",\"@graph\":[{\"@type\":\"Organization\",\"@id\":\"https:\/\/www.albyco.com\/#organization\",\"name\":\"Albyco Nederland B.V.\",\"url\":\"https:\/\/www.albyco.com\/\",\"sameAs\":[\"https:\/\/www.linkedin.com\/company\/18015670\/\",\"https:\/\/www.youtube.com\/user\/AlbycoNederland\",\"https:\/\/nl.pinterest.com\/albyco\",\"https:\/\/twitter.com\/AlbycoNederland\"],\"logo\":{\"@type\":\"ImageObject\",\"@id\":\"https:\/\/www.albyco.com\/#logo\",\"inLanguage\":\"fr-FR\",\"url\":\"https:\/\/www.albyco.com\/wp-content\/uploads\/2017\/07\/albyco_logo_hd.png\",\"contentUrl\":\"https:\/\/www.albyco.com\/wp-content\/uploads\/2017\/07\/albyco_logo_hd.png\",\"width\":300,\"height\":300,\"caption\":\"Albyco Nederland B.V.\"},\"image\":{\"@id\":\"https:\/\/www.albyco.com\/#logo\"}},{\"@type\":\"WebSite\",\"@id\":\"https:\/\/www.albyco.com\/#website\",\"url\":\"https:\/\/www.albyco.com\/\",\"name\":\"Albyco\",\"description\":\"Leverancier voor nabewerking van geprinte media\",\"publisher\":{\"@id\":\"https:\/\/www.albyco.com\/#organization\"},\"potentialAction\":[{\"@type\":\"SearchAction\",\"target\":{\"@type\":\"EntryPoint\",\"urlTemplate\":\"https:\/\/www.albyco.com\/?s={search_term_string}\"},\"query-input\":\"required name=search_term_string\"}],\"inLanguage\":\"fr-FR\"},{\"@type\":\"ImageObject\",\"@id\":\"https:\/\/www.albyco.com\/fr\/produit\/kapafix-kapaline-plaque-sandwich-avec-un-noyau-de-mousse-de-polyurethane\/#primaryimage\",\"inLanguage\":\"fr-FR\",\"url\":\"https:\/\/www.albyco.com\/wp-content\/uploads\/2017\/06\/kapafix-kapaline-foamplaat_PMKL0505007024.jpg\",\"contentUrl\":\"https:\/\/www.albyco.com\/wp-content\/uploads\/2017\/06\/kapafix-kapaline-foamplaat_PMKL0505007024.jpg\",\"width\":720,\"height\":592,\"caption\":\"Kapaline, plaque sandwich avec un noyau de mousse de polyur\u00e9thane, munie des deux c\u00f4t\u00e9s d'un carton blanc.\"},{\"@type\":\"WebPage\",\"@id\":\"https:\/\/www.albyco.com\/fr\/produit\/kapafix-kapaline-plaque-sandwich-avec-un-noyau-de-mousse-de-polyurethane\/#webpage\",\"url\":\"https:\/\/www.albyco.com\/fr\/produit\/kapafix-kapaline-plaque-sandwich-avec-un-noyau-de-mousse-de-polyurethane\/\",\"name\":\"Kapafix Kapaline, avec un noyau de polyur\u00e9thane - Albyco\",\"isPartOf\":{\"@id\":\"https:\/\/www.albyco.com\/#website\"},\"primaryImageOfPage\":{\"@id\":\"https:\/\/www.albyco.com\/fr\/produit\/kapafix-kapaline-plaque-sandwich-avec-un-noyau-de-mousse-de-polyurethane\/#primaryimage\"},\"datePublished\":\"2017-07-10T10:26:55+00:00\",\"dateModified\":\"2019-01-10T15:34:50+00:00\",\"description\":\"Kapaline, plaque sandwich avec un noyau de mousse de polyur\u00e9thane, munie des deux c\u00f4t\u00e9s d'un carton blanc.\",\"breadcrumb\":{\"@id\":\"https:\/\/www.albyco.com\/fr\/produit\/kapafix-kapaline-plaque-sandwich-avec-un-noyau-de-mousse-de-polyurethane\/#breadcrumb\"},\"inLanguage\":\"fr-FR\",\"potentialAction\":[{\"@type\":\"ReadAction\",\"target\":[\"https:\/\/www.albyco.com\/fr\/produit\/kapafix-kapaline-plaque-sandwich-avec-un-noyau-de-mousse-de-polyurethane\/\"]}]},{\"@type\":\"BreadcrumbList\",\"@id\":\"https:\/\/www.albyco.com\/fr\/produit\/kapafix-kapaline-plaque-sandwich-avec-un-noyau-de-mousse-de-polyurethane\/#breadcrumb\",\"itemListElement\":[{\"@type\":\"ListItem\",\"position\":1,\"name\":\"Home\",\"item\":\"https:\/\/www.albyco.com\/fr\/\"},{\"@type\":\"ListItem\",\"position\":2,\"name\":\"Les produits\",\"item\":\"https:\/\/www.albyco.com\/fr\/producten\/\"},{\"@type\":\"ListItem\",\"position\":3,\"name\":\"Kapafix Kapaline, avec un noyau de polyur\u00e9thane\"}]}]}<\/script>\n<!-- \/ Yoast SEO plugin. -->","yoast_head_json":{"title":"Kapafix Kapaline, avec un noyau de polyur\u00e9thane - Albyco","description":"Kapaline, plaque sandwich avec un noyau de mousse de polyur\u00e9thane, munie des deux c\u00f4t\u00e9s d'un carton blanc.","robots":{"index":"index","follow":"follow","max-snippet":"max-snippet:-1","max-image-preview":"max-image-preview:large","max-video-preview":"max-video-preview:-1"},"canonical":"https:\/\/www.albyco.com\/fr\/produit\/kapafix-kapaline-plaque-sandwich-avec-un-noyau-de-mousse-de-polyurethane\/","og_locale":"fr_FR","og_type":"article","og_title":"Kapafix Kapaline, avec un noyau de polyur\u00e9thane - Albyco","og_description":"Kapaline, plaque sandwich avec un noyau de mousse de polyur\u00e9thane, munie des deux c\u00f4t\u00e9s d'un carton blanc.","og_url":"https:\/\/www.albyco.com\/fr\/produit\/kapafix-kapaline-plaque-sandwich-avec-un-noyau-de-mousse-de-polyurethane\/","og_site_name":"Albyco","article_modified_time":"2019-01-10T15:34:50+00:00","og_image":[{"width":720,"height":592,"url":"https:\/\/www.albyco.com\/wp-content\/uploads\/2017\/06\/kapafix-kapaline-foamplaat_PMKL0505007024.jpg","type":"image\/jpeg"}],"twitter_card":"summary","twitter_site":"@AlbycoNederland","schema":{"@context":"https:\/\/schema.org","@graph":[{"@type":"Organization","@id":"https:\/\/www.albyco.com\/#organization","name":"Albyco Nederland B.V.","url":"https:\/\/www.albyco.com\/","sameAs":["https:\/\/www.linkedin.com\/company\/18015670\/","https:\/\/www.youtube.com\/user\/AlbycoNederland","https:\/\/nl.pinterest.com\/albyco","https:\/\/twitter.com\/AlbycoNederland"],"logo":{"@type":"ImageObject","@id":"https:\/\/www.albyco.com\/#logo","inLanguage":"fr-FR","url":"https:\/\/www.albyco.com\/wp-content\/uploads\/2017\/07\/albyco_logo_hd.png","contentUrl":"https:\/\/www.albyco.com\/wp-content\/uploads\/2017\/07\/albyco_logo_hd.png","width":300,"height":300,"caption":"Albyco Nederland B.V."},"image":{"@id":"https:\/\/www.albyco.com\/#logo"}},{"@type":"WebSite","@id":"https:\/\/www.albyco.com\/#website","url":"https:\/\/www.albyco.com\/","name":"Albyco","description":"Leverancier voor nabewerking van geprinte media","publisher":{"@id":"https:\/\/www.albyco.com\/#organization"},"potentialAction":[{"@type":"SearchAction","target":{"@type":"EntryPoint","urlTemplate":"https:\/\/www.albyco.com\/?s={search_term_string}"},"query-input":"required name=search_term_string"}],"inLanguage":"fr-FR"},{"@type":"ImageObject","@id":"https:\/\/www.albyco.com\/fr\/produit\/kapafix-kapaline-plaque-sandwich-avec-un-noyau-de-mousse-de-polyurethane\/#primaryimage","inLanguage":"fr-FR","url":"https:\/\/www.albyco.com\/wp-content\/uploads\/2017\/06\/kapafix-kapaline-foamplaat_PMKL0505007024.jpg","contentUrl":"https:\/\/www.albyco.com\/wp-content\/uploads\/2017\/06\/kapafix-kapaline-foamplaat_PMKL0505007024.jpg","width":720,"height":592,"caption":"Kapaline, plaque sandwich avec un noyau de mousse de polyur\u00e9thane, munie des deux c\u00f4t\u00e9s d'un carton blanc."},{"@type":"WebPage","@id":"https:\/\/www.albyco.com\/fr\/produit\/kapafix-kapaline-plaque-sandwich-avec-un-noyau-de-mousse-de-polyurethane\/#webpage","url":"https:\/\/www.albyco.com\/fr\/produit\/kapafix-kapaline-plaque-sandwich-avec-un-noyau-de-mousse-de-polyurethane\/","name":"Kapafix Kapaline, avec un noyau de polyur\u00e9thane - Albyco","isPartOf":{"@id":"https:\/\/www.albyco.com\/#website"},"primaryImageOfPage":{"@id":"https:\/\/www.albyco.com\/fr\/produit\/kapafix-kapaline-plaque-sandwich-avec-un-noyau-de-mousse-de-polyurethane\/#primaryimage"},"datePublished":"2017-07-10T10:26:55+00:00","dateModified":"2019-01-10T15:34:50+00:00","description":"Kapaline, plaque sandwich avec un noyau de mousse de polyur\u00e9thane, munie des deux c\u00f4t\u00e9s d'un carton blanc.","breadcrumb":{"@id":"https:\/\/www.albyco.com\/fr\/produit\/kapafix-kapaline-plaque-sandwich-avec-un-noyau-de-mousse-de-polyurethane\/#breadcrumb"},"inLanguage":"fr-FR","potentialAction":[{"@type":"ReadAction","target":["https:\/\/www.albyco.com\/fr\/produit\/kapafix-kapaline-plaque-sandwich-avec-un-noyau-de-mousse-de-polyurethane\/"]}]},{"@type":"BreadcrumbList","@id":"https:\/\/www.albyco.com\/fr\/produit\/kapafix-kapaline-plaque-sandwich-avec-un-noyau-de-mousse-de-polyurethane\/#breadcrumb","itemListElement":[{"@type":"ListItem","position":1,"name":"Home","item":"https:\/\/www.albyco.com\/fr\/"},{"@type":"ListItem","position":2,"name":"Les produits","item":"https:\/\/www.albyco.com\/fr\/producten\/"},{"@type":"ListItem","position":3,"name":"Kapafix Kapaline, avec un noyau de polyur\u00e9thane"}]}]}},"_links":{"self":[{"href":"https:\/\/www.albyco.com\/fr\/wp-json\/wp\/v2\/product\/10961"}],"collection":[{"href":"https:\/\/www.albyco.com\/fr\/wp-json\/wp\/v2\/product"}],"about":[{"href":"https:\/\/www.albyco.com\/fr\/wp-json\/wp\/v2\/types\/product"}],"replies":[{"embeddable":true,"href":"https:\/\/www.albyco.com\/fr\/wp-json\/wp\/v2\/comments?post=10961"}],"wp:featuredmedia":[{"embeddable":true,"href":"https:\/\/www.albyco.com\/fr\/wp-json\/wp\/v2\/media\/7713"}],"wp:attachment":[{"href":"https:\/\/www.albyco.com\/fr\/wp-json\/wp\/v2\/media?parent=10961"}],"wp:term":[{"taxonomy":"product_cat","embeddable":true,"href":"https:\/\/www.albyco.com\/fr\/wp-json\/wp\/v2\/product_cat?post=10961"},{"taxonomy":"product_tag","embeddable":true,"href":"https:\/\/www.albyco.com\/fr\/wp-json\/wp\/v2\/product_tag?post=10961"}],"curies":[{"name":"wp","href":"https:\/\/api.w.org\/{rel}","templated":true}]}}