{"id":10949,"date":"2017-07-07T13:31:19","date_gmt":"2017-07-07T11:31:19","guid":{"rendered":"https:\/\/www.albyco.com\/product\/renz-combi-s\/"},"modified":"2022-04-30T16:39:44","modified_gmt":"2022-04-30T14:39:44","slug":"renz-combi-s","status":"publish","type":"product","link":"https:\/\/www.albyco.com\/fr\/produit\/renz-combi-s\/","title":{"rendered":"Renz Combi S, syst\u00e8me combin\u00e9 de perforation \/ reliure manuelle"},"content":{"rendered":"<table style=\"width: 100%; border-collapse: collapse;\" border=\"0\">\r\n<tbody>\r\n<tr>\r\n<td style=\"width: 50%;\">Renz Combi S, syst\u00e8me combin\u00e9 de perforation \/ reliure manuelle pour anneaux de reliure en plastique \u00e0 21 anneaux, couteaux \u00e0 d\u00e9couper individuellement d\u00e9brayables, capacit\u00e9 de poin\u00e7onnage jusqu&#8217;\u00e0 16 feuilles.<\/td>\r\n<td style=\"width: 50%;\"><div class=\"epyt-video-wrapper\"><iframe  id=\"_ytid_41599\"  width=\"800\" height=\"450\"  data-origwidth=\"800\" data-origheight=\"450\"  data-relstop=\"1\" src=\"https:\/\/www.youtube.com\/embed\/YMuZRCWAA-0?enablejsapi=1&autoplay=0&cc_load_policy=0&iv_load_policy=1&loop=0&modestbranding=0&fs=1&playsinline=1&controls=1&color=red&cc_lang_pref=&rel=0&autohide=2&theme=dark&\" class=\"__youtube_prefs__  no-lazyload\" title=\"YouTube player\"  allow=\"accelerometer; autoplay; clipboard-write; encrypted-media; gyroscope; picture-in-picture\" allowfullscreen data-no-lazy=\"1\" data-skipgform_ajax_framebjll=\"\"><\/iframe><\/div><\/td>\r\n<\/tr>\r\n<\/tbody>\r\n<\/table>\r\n<p class=\"p1\">\u2022 Relie<span class=\"Apple-converted-space\">\u00a0<\/span>jusqu&#8217;\u00e0 480 feuilles\r\n\u2022 Lames de perforation sp\u00e9cialement tremp\u00e9s pour une longue dur\u00e9e de vie\r\n\u2022 QSA (Quick Size Adjustment) pour les changements de format rapides, A5 et A4\r\n\u2022 Construction lat\u00e9rale r\u00e9glable pour un enregistrement parfait\r\n\u2022 Bac de r\u00e9cup\u00e9ration de papier facile \u00e0 vider\r\n\u2022 Indication de taille pour la taille de la bague de liaison \u00e0 d\u00e9terminer\r\n\u2022 Construction solide et design compact\r\n\u2022 Capacit\u00e9 de perforation par heure\r\n\u2022 Min. perforation<span class=\"Apple-converted-space\">\u00a0 <\/span>largeur 10 mm\r\n\u2022 Max. perforation<span class=\"Apple-converted-space\">\u00a0 <\/span>largeur 340 mm\r\n\u2022 Min. longueur non perfor\u00e9e 50 mm\r\n\u2022 Max. longueur non poin\u00e7onn\u00e9e 500 mm\r\n\u2022 Max. poin\u00e7on \u00e9paisseur 2,5 mm\r\n\u2022 Syst\u00e8me de poin\u00e7onnage\r\n\u2022 Manuel lames disponibles 8 x 3 mm\r\n\u2022 Couteaux de poin\u00e7onnage commutables (QSA) ?\r\n\u2022 Profondeur de perforation r\u00e9glable\r\n\u2022 \u00c9paisseur de reliure<span class=\"Apple-converted-space\">\u00a0 <\/span>1 &#8211; 48 mm\r\n\u2022 Bague de serrage tailles 6 &#8211; 52 mm\r\n\u2022 Nombre de livres par heure 200\r\n\u2022 Dimensions L x l x H 360 x 490 x 90 mm\r\n\u2022 Poids de la machine 10 kg<\/p>\r\n&nbsp;\r\n\r\n<a href=\"https:\/\/www.albyco.com\/fr\/contactez-nous\/\"><img loading=\"lazy\" class=\"size-full wp-image-11223 alignleft\" src=\"https:\/\/www.albyco.com\/wp-content\/uploads\/2018\/02\/CTA-Albyco-fr-2.jpg\" alt=\"\" width=\"225\" height=\"141\" srcset=\"https:\/\/www.albyco.com\/wp-content\/uploads\/2018\/02\/CTA-Albyco-fr-2.jpg 225w, https:\/\/www.albyco.com\/wp-content\/uploads\/2018\/02\/CTA-Albyco-fr-2-100x63.jpg 100w, https:\/\/www.albyco.com\/wp-content\/uploads\/2018\/02\/CTA-Albyco-fr-2-24x15.jpg 24w, https:\/\/www.albyco.com\/wp-content\/uploads\/2018\/02\/CTA-Albyco-fr-2-36x23.jpg 36w, https:\/\/www.albyco.com\/wp-content\/uploads\/2018\/02\/CTA-Albyco-fr-2-48x30.jpg 48w\" sizes=\"(max-width: 225px) 100vw, 225px\" \/><\/a>","protected":false},"excerpt":{"rendered":"<p>Renz Combi S, syst\u00e8me combin\u00e9 de perforation \/ reliure manuelle pour anneaux de reliure en plastique \u00e0 21 anneaux, couteaux \u00e0 d\u00e9couper individuellement d\u00e9brayables, capacit\u00e9 de poin\u00e7onnage jusqu&#8217;\u00e0 16 feuilles.<\/p>\n","protected":false},"featured_media":7804,"comment_status":"open","ping_status":"closed","template":"","meta":[],"product_cat":[2300,2316,2749],"product_tag":[2324,3435,2750],"yoast_head":"<!-- This site is optimized with the Yoast SEO plugin v18.6 - https:\/\/yoast.com\/wordpress\/plugins\/seo\/ -->\n<title>Renz Combi S, syst\u00e8me combin\u00e9 de perforation \/ reliure manuelle - Albyco<\/title>\n<meta name=\"description\" content=\"Renz Combi S, syst\u00e8me combin\u00e9 de perforation \/ reliure manuelle pour anneaux de reliure en plastique \u00e0 21 anneaux, couteaux \u00e0 d\u00e9couper individuellement d\u00e9brayables, capacit\u00e9 de poin\u00e7onnage jusqu&#039;\u00e0 16 feuilles.\" \/>\n<meta name=\"robots\" content=\"index, follow, max-snippet:-1, max-image-preview:large, max-video-preview:-1\" \/>\n<link rel=\"canonical\" href=\"https:\/\/www.albyco.com\/fr\/produit\/renz-combi-s\/\" \/>\n<meta property=\"og:locale\" content=\"fr_FR\" \/>\n<meta property=\"og:type\" content=\"article\" \/>\n<meta property=\"og:title\" content=\"Renz Combi S, syst\u00e8me combin\u00e9 de perforation \/ reliure manuelle - Albyco\" \/>\n<meta property=\"og:description\" content=\"Renz Combi S, syst\u00e8me combin\u00e9 de perforation \/ reliure manuelle pour anneaux de reliure en plastique \u00e0 21 anneaux, couteaux \u00e0 d\u00e9couper individuellement d\u00e9brayables, capacit\u00e9 de poin\u00e7onnage jusqu&#039;\u00e0 16 feuilles.\" \/>\n<meta property=\"og:url\" content=\"https:\/\/www.albyco.com\/fr\/produit\/renz-combi-s\/\" \/>\n<meta property=\"og:site_name\" content=\"Albyco\" \/>\n<meta property=\"article:modified_time\" content=\"2022-04-30T14:39:44+00:00\" \/>\n<meta property=\"og:image\" content=\"https:\/\/www.albyco.com\/wp-content\/uploads\/2017\/06\/renz-renz-combi-s_RENZCOMBIS.jpg\" \/>\n\t<meta property=\"og:image:width\" content=\"1011\" \/>\n\t<meta property=\"og:image:height\" content=\"803\" \/>\n\t<meta property=\"og:image:type\" content=\"image\/jpeg\" \/>\n<meta name=\"twitter:card\" content=\"summary\" \/>\n<meta name=\"twitter:site\" content=\"@AlbycoNederland\" \/>\n<meta name=\"twitter:label1\" content=\"Dur\u00e9e de lecture estim\u00e9e\" \/>\n\t<meta name=\"twitter:data1\" content=\"1 minute\" \/>\n<script type=\"application\/ld+json\" class=\"yoast-schema-graph\">{\"@context\":\"https:\/\/schema.org\",\"@graph\":[{\"@type\":\"Organization\",\"@id\":\"https:\/\/www.albyco.com\/#organization\",\"name\":\"Albyco Nederland B.V.\",\"url\":\"https:\/\/www.albyco.com\/\",\"sameAs\":[\"https:\/\/www.linkedin.com\/company\/18015670\/\",\"https:\/\/www.youtube.com\/user\/AlbycoNederland\",\"https:\/\/nl.pinterest.com\/albyco\",\"https:\/\/twitter.com\/AlbycoNederland\"],\"logo\":{\"@type\":\"ImageObject\",\"@id\":\"https:\/\/www.albyco.com\/#logo\",\"inLanguage\":\"fr-FR\",\"url\":\"https:\/\/www.albyco.com\/wp-content\/uploads\/2017\/07\/albyco_logo_hd.png\",\"contentUrl\":\"https:\/\/www.albyco.com\/wp-content\/uploads\/2017\/07\/albyco_logo_hd.png\",\"width\":300,\"height\":300,\"caption\":\"Albyco Nederland B.V.\"},\"image\":{\"@id\":\"https:\/\/www.albyco.com\/#logo\"}},{\"@type\":\"WebSite\",\"@id\":\"https:\/\/www.albyco.com\/#website\",\"url\":\"https:\/\/www.albyco.com\/\",\"name\":\"Albyco\",\"description\":\"Leverancier voor nabewerking van geprinte media\",\"publisher\":{\"@id\":\"https:\/\/www.albyco.com\/#organization\"},\"potentialAction\":[{\"@type\":\"SearchAction\",\"target\":{\"@type\":\"EntryPoint\",\"urlTemplate\":\"https:\/\/www.albyco.com\/?s={search_term_string}\"},\"query-input\":\"required name=search_term_string\"}],\"inLanguage\":\"fr-FR\"},{\"@type\":\"ImageObject\",\"@id\":\"https:\/\/www.albyco.com\/fr\/produit\/renz-combi-s\/#primaryimage\",\"inLanguage\":\"fr-FR\",\"url\":\"https:\/\/www.albyco.com\/wp-content\/uploads\/2017\/06\/renz-renz-combi-s_RENZCOMBIS.jpg\",\"contentUrl\":\"https:\/\/www.albyco.com\/wp-content\/uploads\/2017\/06\/renz-renz-combi-s_RENZCOMBIS.jpg\",\"width\":1011,\"height\":803,\"caption\":\"Renz Combi S\"},{\"@type\":\"WebPage\",\"@id\":\"https:\/\/www.albyco.com\/fr\/produit\/renz-combi-s\/#webpage\",\"url\":\"https:\/\/www.albyco.com\/fr\/produit\/renz-combi-s\/\",\"name\":\"Renz Combi S, syst\u00e8me combin\u00e9 de perforation \/ reliure manuelle - Albyco\",\"isPartOf\":{\"@id\":\"https:\/\/www.albyco.com\/#website\"},\"primaryImageOfPage\":{\"@id\":\"https:\/\/www.albyco.com\/fr\/produit\/renz-combi-s\/#primaryimage\"},\"datePublished\":\"2017-07-07T11:31:19+00:00\",\"dateModified\":\"2022-04-30T14:39:44+00:00\",\"description\":\"Renz Combi S, syst\u00e8me combin\u00e9 de perforation \/ reliure manuelle pour anneaux de reliure en plastique \u00e0 21 anneaux, couteaux \u00e0 d\u00e9couper individuellement d\u00e9brayables, capacit\u00e9 de poin\u00e7onnage jusqu'\u00e0 16 feuilles.\",\"breadcrumb\":{\"@id\":\"https:\/\/www.albyco.com\/fr\/produit\/renz-combi-s\/#breadcrumb\"},\"inLanguage\":\"fr-FR\",\"potentialAction\":[{\"@type\":\"ReadAction\",\"target\":[\"https:\/\/www.albyco.com\/fr\/produit\/renz-combi-s\/\"]}]},{\"@type\":\"BreadcrumbList\",\"@id\":\"https:\/\/www.albyco.com\/fr\/produit\/renz-combi-s\/#breadcrumb\",\"itemListElement\":[{\"@type\":\"ListItem\",\"position\":1,\"name\":\"Home\",\"item\":\"https:\/\/www.albyco.com\/fr\/\"},{\"@type\":\"ListItem\",\"position\":2,\"name\":\"Les produits\",\"item\":\"https:\/\/www.albyco.com\/fr\/producten\/\"},{\"@type\":\"ListItem\",\"position\":3,\"name\":\"Renz Combi S, syst\u00e8me combin\u00e9 de perforation \/ reliure manuelle\"}]}]}<\/script>\n<!-- \/ Yoast SEO plugin. -->","yoast_head_json":{"title":"Renz Combi S, syst\u00e8me combin\u00e9 de perforation \/ reliure manuelle - Albyco","description":"Renz Combi S, syst\u00e8me combin\u00e9 de perforation \/ reliure manuelle pour anneaux de reliure en plastique \u00e0 21 anneaux, couteaux \u00e0 d\u00e9couper individuellement d\u00e9brayables, capacit\u00e9 de poin\u00e7onnage jusqu'\u00e0 16 feuilles.","robots":{"index":"index","follow":"follow","max-snippet":"max-snippet:-1","max-image-preview":"max-image-preview:large","max-video-preview":"max-video-preview:-1"},"canonical":"https:\/\/www.albyco.com\/fr\/produit\/renz-combi-s\/","og_locale":"fr_FR","og_type":"article","og_title":"Renz Combi S, syst\u00e8me combin\u00e9 de perforation \/ reliure manuelle - Albyco","og_description":"Renz Combi S, syst\u00e8me combin\u00e9 de perforation \/ reliure manuelle pour anneaux de reliure en plastique \u00e0 21 anneaux, couteaux \u00e0 d\u00e9couper individuellement d\u00e9brayables, capacit\u00e9 de poin\u00e7onnage jusqu'\u00e0 16 feuilles.","og_url":"https:\/\/www.albyco.com\/fr\/produit\/renz-combi-s\/","og_site_name":"Albyco","article_modified_time":"2022-04-30T14:39:44+00:00","og_image":[{"width":1011,"height":803,"url":"https:\/\/www.albyco.com\/wp-content\/uploads\/2017\/06\/renz-renz-combi-s_RENZCOMBIS.jpg","type":"image\/jpeg"}],"twitter_card":"summary","twitter_site":"@AlbycoNederland","twitter_misc":{"Dur\u00e9e de lecture estim\u00e9e":"1 minute"},"schema":{"@context":"https:\/\/schema.org","@graph":[{"@type":"Organization","@id":"https:\/\/www.albyco.com\/#organization","name":"Albyco Nederland B.V.","url":"https:\/\/www.albyco.com\/","sameAs":["https:\/\/www.linkedin.com\/company\/18015670\/","https:\/\/www.youtube.com\/user\/AlbycoNederland","https:\/\/nl.pinterest.com\/albyco","https:\/\/twitter.com\/AlbycoNederland"],"logo":{"@type":"ImageObject","@id":"https:\/\/www.albyco.com\/#logo","inLanguage":"fr-FR","url":"https:\/\/www.albyco.com\/wp-content\/uploads\/2017\/07\/albyco_logo_hd.png","contentUrl":"https:\/\/www.albyco.com\/wp-content\/uploads\/2017\/07\/albyco_logo_hd.png","width":300,"height":300,"caption":"Albyco Nederland B.V."},"image":{"@id":"https:\/\/www.albyco.com\/#logo"}},{"@type":"WebSite","@id":"https:\/\/www.albyco.com\/#website","url":"https:\/\/www.albyco.com\/","name":"Albyco","description":"Leverancier voor nabewerking van geprinte media","publisher":{"@id":"https:\/\/www.albyco.com\/#organization"},"potentialAction":[{"@type":"SearchAction","target":{"@type":"EntryPoint","urlTemplate":"https:\/\/www.albyco.com\/?s={search_term_string}"},"query-input":"required name=search_term_string"}],"inLanguage":"fr-FR"},{"@type":"ImageObject","@id":"https:\/\/www.albyco.com\/fr\/produit\/renz-combi-s\/#primaryimage","inLanguage":"fr-FR","url":"https:\/\/www.albyco.com\/wp-content\/uploads\/2017\/06\/renz-renz-combi-s_RENZCOMBIS.jpg","contentUrl":"https:\/\/www.albyco.com\/wp-content\/uploads\/2017\/06\/renz-renz-combi-s_RENZCOMBIS.jpg","width":1011,"height":803,"caption":"Renz Combi S"},{"@type":"WebPage","@id":"https:\/\/www.albyco.com\/fr\/produit\/renz-combi-s\/#webpage","url":"https:\/\/www.albyco.com\/fr\/produit\/renz-combi-s\/","name":"Renz Combi S, syst\u00e8me combin\u00e9 de perforation \/ reliure manuelle - Albyco","isPartOf":{"@id":"https:\/\/www.albyco.com\/#website"},"primaryImageOfPage":{"@id":"https:\/\/www.albyco.com\/fr\/produit\/renz-combi-s\/#primaryimage"},"datePublished":"2017-07-07T11:31:19+00:00","dateModified":"2022-04-30T14:39:44+00:00","description":"Renz Combi S, syst\u00e8me combin\u00e9 de perforation \/ reliure manuelle pour anneaux de reliure en plastique \u00e0 21 anneaux, couteaux \u00e0 d\u00e9couper individuellement d\u00e9brayables, capacit\u00e9 de poin\u00e7onnage jusqu'\u00e0 16 feuilles.","breadcrumb":{"@id":"https:\/\/www.albyco.com\/fr\/produit\/renz-combi-s\/#breadcrumb"},"inLanguage":"fr-FR","potentialAction":[{"@type":"ReadAction","target":["https:\/\/www.albyco.com\/fr\/produit\/renz-combi-s\/"]}]},{"@type":"BreadcrumbList","@id":"https:\/\/www.albyco.com\/fr\/produit\/renz-combi-s\/#breadcrumb","itemListElement":[{"@type":"ListItem","position":1,"name":"Home","item":"https:\/\/www.albyco.com\/fr\/"},{"@type":"ListItem","position":2,"name":"Les produits","item":"https:\/\/www.albyco.com\/fr\/producten\/"},{"@type":"ListItem","position":3,"name":"Renz Combi S, syst\u00e8me combin\u00e9 de perforation \/ reliure manuelle"}]}]}},"_links":{"self":[{"href":"https:\/\/www.albyco.com\/fr\/wp-json\/wp\/v2\/product\/10949"}],"collection":[{"href":"https:\/\/www.albyco.com\/fr\/wp-json\/wp\/v2\/product"}],"about":[{"href":"https:\/\/www.albyco.com\/fr\/wp-json\/wp\/v2\/types\/product"}],"replies":[{"embeddable":true,"href":"https:\/\/www.albyco.com\/fr\/wp-json\/wp\/v2\/comments?post=10949"}],"wp:featuredmedia":[{"embeddable":true,"href":"https:\/\/www.albyco.com\/fr\/wp-json\/wp\/v2\/media\/7804"}],"wp:attachment":[{"href":"https:\/\/www.albyco.com\/fr\/wp-json\/wp\/v2\/media?parent=10949"}],"wp:term":[{"taxonomy":"product_cat","embeddable":true,"href":"https:\/\/www.albyco.com\/fr\/wp-json\/wp\/v2\/product_cat?post=10949"},{"taxonomy":"product_tag","embeddable":true,"href":"https:\/\/www.albyco.com\/fr\/wp-json\/wp\/v2\/product_tag?post=10949"}],"curies":[{"name":"wp","href":"https:\/\/api.w.org\/{rel}","templated":true}]}}