{"id":10941,"date":"2017-07-06T20:34:33","date_gmt":"2017-07-06T18:34:33","guid":{"rendered":"https:\/\/www.albyco.com\/product\/renz-srw-360-division-3-1\/"},"modified":"2021-05-20T14:42:39","modified_gmt":"2021-05-20T12:42:39","slug":"renz-srw-360-division-3-1","status":"publish","type":"product","link":"https:\/\/www.albyco.com\/fr\/produit\/renz-srw-360-division-3-1\/","title":{"rendered":"Renz SRW 360 division 3: 1"},"content":{"rendered":"<table style=\"width: 100%; border-collapse: collapse;\" border=\"0\">\r\n<tbody>\r\n<tr>\r\n<td style=\"width: 50%;\">Renz SRW-360, syst\u00e8me de reliure manuelle pour anneaux m\u00e9talliques Combin\u00e9, perforation manuelle<span class=\"Apple-converted-space\">\u00a0 <\/span>\/ machine de vrouillage pour les documents jusqu&#8217;au format A4 Leviers s\u00e9par\u00e9s pour perforer et fermer les anneaux m\u00e9talliques.<\/td>\r\n<td style=\"width: 50%;\"><div class=\"epyt-video-wrapper\"><iframe  id=\"_ytid_78791\"  width=\"800\" height=\"450\"  data-origwidth=\"800\" data-origheight=\"450\"  data-relstop=\"1\" src=\"https:\/\/www.youtube.com\/embed\/NOrxqjzkI-E?enablejsapi=1&autoplay=0&cc_load_policy=0&iv_load_policy=1&loop=0&modestbranding=0&fs=1&playsinline=1&controls=1&color=red&cc_lang_pref=&rel=0&autohide=2&theme=dark&\" class=\"__youtube_prefs__  no-lazyload\" title=\"YouTube player\"  allow=\"accelerometer; autoplay; clipboard-write; encrypted-media; gyroscope; picture-in-picture\" allowfullscreen data-no-lazy=\"1\" data-skipgform_ajax_framebjll=\"\"><\/iframe><\/div><\/td>\r\n<\/tr>\r\n<\/tbody>\r\n<\/table>\r\n<p class=\"p1\">Capacit\u00e9 de perforation: 22 feuilles maximum\r\nCapacit\u00e9 de reliure: 120 feuilles maximum\r\nPerforations carr\u00e9es, toutes<span class=\"Apple-converted-space\">\u00a0 <\/span>les lames<span class=\"Apple-converted-space\">\u00a0 <\/span>peuvent \u00eatre d\u00e9activ\u00e9es\r\nLe m\u00e9canisme de verrouillage est adapt\u00e9 aux anneaux m\u00e9talliques<span class=\"Apple-converted-space\">\u00a0 <\/span>jusqu&#8217;\u00e0 250 feuilles.<\/p>\r\n&nbsp;\r\n\r\n<a href=\"https:\/\/www.albyco.com\/fr\/contactez-nous\/\"><img loading=\"lazy\" class=\"size-full wp-image-11223 alignleft\" src=\"https:\/\/www.albyco.com\/wp-content\/uploads\/2018\/02\/CTA-Albyco-fr-2.jpg\" alt=\"\" width=\"225\" height=\"141\" srcset=\"https:\/\/www.albyco.com\/wp-content\/uploads\/2018\/02\/CTA-Albyco-fr-2.jpg 225w, https:\/\/www.albyco.com\/wp-content\/uploads\/2018\/02\/CTA-Albyco-fr-2-100x63.jpg 100w, https:\/\/www.albyco.com\/wp-content\/uploads\/2018\/02\/CTA-Albyco-fr-2-24x15.jpg 24w, https:\/\/www.albyco.com\/wp-content\/uploads\/2018\/02\/CTA-Albyco-fr-2-36x23.jpg 36w, https:\/\/www.albyco.com\/wp-content\/uploads\/2018\/02\/CTA-Albyco-fr-2-48x30.jpg 48w\" sizes=\"(max-width: 225px) 100vw, 225px\" \/><\/a>","protected":false},"excerpt":{"rendered":"<p>Renz SRW-360, syst\u00e8me de reliure manuelle pour anneaux m\u00e9talliques Combin\u00e9, perforation manuelle<span class=\"Apple-converted-space\">\u00a0 <\/span>\/ machine de vrouillage pour les documents jusqu&#8217;au format A4 Leviers s\u00e9par\u00e9s pour perforer et fermer les anneaux m\u00e9talliques.<\/p>\n","protected":false},"featured_media":7818,"comment_status":"open","ping_status":"closed","template":"","meta":[],"product_cat":[2300,2316,2751],"product_tag":[2752,2753,2760,2324,3435],"yoast_head":"<!-- This site is optimized with the Yoast SEO plugin v18.6 - https:\/\/yoast.com\/wordpress\/plugins\/seo\/ -->\n<title>Renz SRW 360 division 3: 1 - Albyco<\/title>\n<meta name=\"description\" content=\"Renz SRW-360, syst\u00e8me de reliure manuelle pour anneaux m\u00e9talliques Combin\u00e9, perforation manuelle\u00a0 \/ machine de vrouillage pour les documents jusqu&#039;au format A4 Leviers s\u00e9par\u00e9s pour perforer et fermer les anneaux m\u00e9talliques.\" \/>\n<meta name=\"robots\" content=\"index, follow, max-snippet:-1, max-image-preview:large, max-video-preview:-1\" \/>\n<link rel=\"canonical\" href=\"https:\/\/www.albyco.com\/fr\/produit\/renz-srw-360-division-3-1\/\" \/>\n<meta property=\"og:locale\" content=\"fr_FR\" \/>\n<meta property=\"og:type\" content=\"article\" \/>\n<meta property=\"og:title\" content=\"Renz SRW 360 division 3: 1 - Albyco\" \/>\n<meta property=\"og:description\" content=\"Renz SRW-360, syst\u00e8me de reliure manuelle pour anneaux m\u00e9talliques Combin\u00e9, perforation manuelle\u00a0 \/ machine de vrouillage pour les documents jusqu&#039;au format A4 Leviers s\u00e9par\u00e9s pour perforer et fermer les anneaux m\u00e9talliques.\" \/>\n<meta property=\"og:url\" content=\"https:\/\/www.albyco.com\/fr\/produit\/renz-srw-360-division-3-1\/\" \/>\n<meta property=\"og:site_name\" content=\"Albyco\" \/>\n<meta property=\"article:modified_time\" content=\"2021-05-20T12:42:39+00:00\" \/>\n<meta property=\"og:image\" content=\"https:\/\/www.albyco.com\/wp-content\/uploads\/2017\/06\/renz-renz-srw-360-31-deling_RENZSRW360.jpg\" \/>\n\t<meta property=\"og:image:width\" content=\"1000\" \/>\n\t<meta property=\"og:image:height\" content=\"700\" \/>\n\t<meta property=\"og:image:type\" content=\"image\/jpeg\" \/>\n<meta name=\"twitter:card\" content=\"summary\" \/>\n<meta name=\"twitter:site\" content=\"@AlbycoNederland\" \/>\n<script type=\"application\/ld+json\" class=\"yoast-schema-graph\">{\"@context\":\"https:\/\/schema.org\",\"@graph\":[{\"@type\":\"Organization\",\"@id\":\"https:\/\/www.albyco.com\/#organization\",\"name\":\"Albyco Nederland B.V.\",\"url\":\"https:\/\/www.albyco.com\/\",\"sameAs\":[\"https:\/\/www.linkedin.com\/company\/18015670\/\",\"https:\/\/www.youtube.com\/user\/AlbycoNederland\",\"https:\/\/nl.pinterest.com\/albyco\",\"https:\/\/twitter.com\/AlbycoNederland\"],\"logo\":{\"@type\":\"ImageObject\",\"@id\":\"https:\/\/www.albyco.com\/#logo\",\"inLanguage\":\"fr-FR\",\"url\":\"https:\/\/www.albyco.com\/wp-content\/uploads\/2017\/07\/albyco_logo_hd.png\",\"contentUrl\":\"https:\/\/www.albyco.com\/wp-content\/uploads\/2017\/07\/albyco_logo_hd.png\",\"width\":300,\"height\":300,\"caption\":\"Albyco Nederland B.V.\"},\"image\":{\"@id\":\"https:\/\/www.albyco.com\/#logo\"}},{\"@type\":\"WebSite\",\"@id\":\"https:\/\/www.albyco.com\/#website\",\"url\":\"https:\/\/www.albyco.com\/\",\"name\":\"Albyco\",\"description\":\"Leverancier voor nabewerking van geprinte media\",\"publisher\":{\"@id\":\"https:\/\/www.albyco.com\/#organization\"},\"potentialAction\":[{\"@type\":\"SearchAction\",\"target\":{\"@type\":\"EntryPoint\",\"urlTemplate\":\"https:\/\/www.albyco.com\/?s={search_term_string}\"},\"query-input\":\"required name=search_term_string\"}],\"inLanguage\":\"fr-FR\"},{\"@type\":\"ImageObject\",\"@id\":\"https:\/\/www.albyco.com\/fr\/produit\/renz-srw-360-division-3-1\/#primaryimage\",\"inLanguage\":\"fr-FR\",\"url\":\"https:\/\/www.albyco.com\/wp-content\/uploads\/2017\/06\/renz-renz-srw-360-31-deling_RENZSRW360.jpg\",\"contentUrl\":\"https:\/\/www.albyco.com\/wp-content\/uploads\/2017\/06\/renz-renz-srw-360-31-deling_RENZSRW360.jpg\",\"width\":1000,\"height\":700,\"caption\":\"Renz SRW 360 division 3: 1\"},{\"@type\":\"WebPage\",\"@id\":\"https:\/\/www.albyco.com\/fr\/produit\/renz-srw-360-division-3-1\/#webpage\",\"url\":\"https:\/\/www.albyco.com\/fr\/produit\/renz-srw-360-division-3-1\/\",\"name\":\"Renz SRW 360 division 3: 1 - Albyco\",\"isPartOf\":{\"@id\":\"https:\/\/www.albyco.com\/#website\"},\"primaryImageOfPage\":{\"@id\":\"https:\/\/www.albyco.com\/fr\/produit\/renz-srw-360-division-3-1\/#primaryimage\"},\"datePublished\":\"2017-07-06T18:34:33+00:00\",\"dateModified\":\"2021-05-20T12:42:39+00:00\",\"description\":\"Renz SRW-360, syst\u00e8me de reliure manuelle pour anneaux m\u00e9talliques Combin\u00e9, perforation manuelle\u00a0 \/ machine de vrouillage pour les documents jusqu'au format A4 Leviers s\u00e9par\u00e9s pour perforer et fermer les anneaux m\u00e9talliques.\",\"breadcrumb\":{\"@id\":\"https:\/\/www.albyco.com\/fr\/produit\/renz-srw-360-division-3-1\/#breadcrumb\"},\"inLanguage\":\"fr-FR\",\"potentialAction\":[{\"@type\":\"ReadAction\",\"target\":[\"https:\/\/www.albyco.com\/fr\/produit\/renz-srw-360-division-3-1\/\"]}]},{\"@type\":\"BreadcrumbList\",\"@id\":\"https:\/\/www.albyco.com\/fr\/produit\/renz-srw-360-division-3-1\/#breadcrumb\",\"itemListElement\":[{\"@type\":\"ListItem\",\"position\":1,\"name\":\"Home\",\"item\":\"https:\/\/www.albyco.com\/fr\/\"},{\"@type\":\"ListItem\",\"position\":2,\"name\":\"Les produits\",\"item\":\"https:\/\/www.albyco.com\/fr\/producten\/\"},{\"@type\":\"ListItem\",\"position\":3,\"name\":\"Renz SRW 360 division 3: 1\"}]}]}<\/script>\n<!-- \/ Yoast SEO plugin. -->","yoast_head_json":{"title":"Renz SRW 360 division 3: 1 - Albyco","description":"Renz SRW-360, syst\u00e8me de reliure manuelle pour anneaux m\u00e9talliques Combin\u00e9, perforation manuelle\u00a0 \/ machine de vrouillage pour les documents jusqu'au format A4 Leviers s\u00e9par\u00e9s pour perforer et fermer les anneaux m\u00e9talliques.","robots":{"index":"index","follow":"follow","max-snippet":"max-snippet:-1","max-image-preview":"max-image-preview:large","max-video-preview":"max-video-preview:-1"},"canonical":"https:\/\/www.albyco.com\/fr\/produit\/renz-srw-360-division-3-1\/","og_locale":"fr_FR","og_type":"article","og_title":"Renz SRW 360 division 3: 1 - Albyco","og_description":"Renz SRW-360, syst\u00e8me de reliure manuelle pour anneaux m\u00e9talliques Combin\u00e9, perforation manuelle\u00a0 \/ machine de vrouillage pour les documents jusqu'au format A4 Leviers s\u00e9par\u00e9s pour perforer et fermer les anneaux m\u00e9talliques.","og_url":"https:\/\/www.albyco.com\/fr\/produit\/renz-srw-360-division-3-1\/","og_site_name":"Albyco","article_modified_time":"2021-05-20T12:42:39+00:00","og_image":[{"width":1000,"height":700,"url":"https:\/\/www.albyco.com\/wp-content\/uploads\/2017\/06\/renz-renz-srw-360-31-deling_RENZSRW360.jpg","type":"image\/jpeg"}],"twitter_card":"summary","twitter_site":"@AlbycoNederland","schema":{"@context":"https:\/\/schema.org","@graph":[{"@type":"Organization","@id":"https:\/\/www.albyco.com\/#organization","name":"Albyco Nederland B.V.","url":"https:\/\/www.albyco.com\/","sameAs":["https:\/\/www.linkedin.com\/company\/18015670\/","https:\/\/www.youtube.com\/user\/AlbycoNederland","https:\/\/nl.pinterest.com\/albyco","https:\/\/twitter.com\/AlbycoNederland"],"logo":{"@type":"ImageObject","@id":"https:\/\/www.albyco.com\/#logo","inLanguage":"fr-FR","url":"https:\/\/www.albyco.com\/wp-content\/uploads\/2017\/07\/albyco_logo_hd.png","contentUrl":"https:\/\/www.albyco.com\/wp-content\/uploads\/2017\/07\/albyco_logo_hd.png","width":300,"height":300,"caption":"Albyco Nederland B.V."},"image":{"@id":"https:\/\/www.albyco.com\/#logo"}},{"@type":"WebSite","@id":"https:\/\/www.albyco.com\/#website","url":"https:\/\/www.albyco.com\/","name":"Albyco","description":"Leverancier voor nabewerking van geprinte media","publisher":{"@id":"https:\/\/www.albyco.com\/#organization"},"potentialAction":[{"@type":"SearchAction","target":{"@type":"EntryPoint","urlTemplate":"https:\/\/www.albyco.com\/?s={search_term_string}"},"query-input":"required name=search_term_string"}],"inLanguage":"fr-FR"},{"@type":"ImageObject","@id":"https:\/\/www.albyco.com\/fr\/produit\/renz-srw-360-division-3-1\/#primaryimage","inLanguage":"fr-FR","url":"https:\/\/www.albyco.com\/wp-content\/uploads\/2017\/06\/renz-renz-srw-360-31-deling_RENZSRW360.jpg","contentUrl":"https:\/\/www.albyco.com\/wp-content\/uploads\/2017\/06\/renz-renz-srw-360-31-deling_RENZSRW360.jpg","width":1000,"height":700,"caption":"Renz SRW 360 division 3: 1"},{"@type":"WebPage","@id":"https:\/\/www.albyco.com\/fr\/produit\/renz-srw-360-division-3-1\/#webpage","url":"https:\/\/www.albyco.com\/fr\/produit\/renz-srw-360-division-3-1\/","name":"Renz SRW 360 division 3: 1 - Albyco","isPartOf":{"@id":"https:\/\/www.albyco.com\/#website"},"primaryImageOfPage":{"@id":"https:\/\/www.albyco.com\/fr\/produit\/renz-srw-360-division-3-1\/#primaryimage"},"datePublished":"2017-07-06T18:34:33+00:00","dateModified":"2021-05-20T12:42:39+00:00","description":"Renz SRW-360, syst\u00e8me de reliure manuelle pour anneaux m\u00e9talliques Combin\u00e9, perforation manuelle\u00a0 \/ machine de vrouillage pour les documents jusqu'au format A4 Leviers s\u00e9par\u00e9s pour perforer et fermer les anneaux m\u00e9talliques.","breadcrumb":{"@id":"https:\/\/www.albyco.com\/fr\/produit\/renz-srw-360-division-3-1\/#breadcrumb"},"inLanguage":"fr-FR","potentialAction":[{"@type":"ReadAction","target":["https:\/\/www.albyco.com\/fr\/produit\/renz-srw-360-division-3-1\/"]}]},{"@type":"BreadcrumbList","@id":"https:\/\/www.albyco.com\/fr\/produit\/renz-srw-360-division-3-1\/#breadcrumb","itemListElement":[{"@type":"ListItem","position":1,"name":"Home","item":"https:\/\/www.albyco.com\/fr\/"},{"@type":"ListItem","position":2,"name":"Les produits","item":"https:\/\/www.albyco.com\/fr\/producten\/"},{"@type":"ListItem","position":3,"name":"Renz SRW 360 division 3: 1"}]}]}},"_links":{"self":[{"href":"https:\/\/www.albyco.com\/fr\/wp-json\/wp\/v2\/product\/10941"}],"collection":[{"href":"https:\/\/www.albyco.com\/fr\/wp-json\/wp\/v2\/product"}],"about":[{"href":"https:\/\/www.albyco.com\/fr\/wp-json\/wp\/v2\/types\/product"}],"replies":[{"embeddable":true,"href":"https:\/\/www.albyco.com\/fr\/wp-json\/wp\/v2\/comments?post=10941"}],"wp:featuredmedia":[{"embeddable":true,"href":"https:\/\/www.albyco.com\/fr\/wp-json\/wp\/v2\/media\/7818"}],"wp:attachment":[{"href":"https:\/\/www.albyco.com\/fr\/wp-json\/wp\/v2\/media?parent=10941"}],"wp:term":[{"taxonomy":"product_cat","embeddable":true,"href":"https:\/\/www.albyco.com\/fr\/wp-json\/wp\/v2\/product_cat?post=10941"},{"taxonomy":"product_tag","embeddable":true,"href":"https:\/\/www.albyco.com\/fr\/wp-json\/wp\/v2\/product_tag?post=10941"}],"curies":[{"name":"wp","href":"https:\/\/api.w.org\/{rel}","templated":true}]}}