{"id":10844,"date":"2017-07-06T16:15:26","date_gmt":"2017-07-06T14:15:26","guid":{"rendered":"https:\/\/www.albyco.com\/product\/renz-combi-comfortplus\/"},"modified":"2021-06-03T12:22:01","modified_gmt":"2021-06-03T10:22:01","slug":"renz-combi-comfortplus","status":"publish","type":"product","link":"https:\/\/www.albyco.com\/fr\/produit\/renz-combi-comfortplus\/","title":{"rendered":"Renz Combi ComfortPlus, syst\u00e8me combin\u00e9 de perforation"},"content":{"rendered":"<table style=\"width: 100%; border-collapse: collapse;\" border=\"0\">\r\n<tbody>\r\n<tr>\r\n<td style=\"width: 50%;\">\r\n<p class=\"p1\">Renz Combi ComfortPlus, syst\u00e8me combin\u00e9 de perforation \/ reliure \u00e9lectrique pour anneaux de reliure en plastique \u00e0 21 anneaux. La poin\u00e7onnage vertical \u00e9vite les perforations crois\u00e9es Support papier r\u00e9glable, couteaux de perforation individuellement d\u00e9brayables pour diff\u00e9rentes tailles de papier.<\/p>\r\n<p class=\"p1\">Capacit\u00e9 de perforation jusqu&#8217;\u00e0 25 feuilles, poin\u00e7onnage rapide, construction lourde en m\u00e9tal, grand bac de r\u00e9cup\u00e9ration.<\/p>\r\n<p class=\"p1\">Li\u00e9 jusqu&#8217;\u00e0 480 feuilles.<\/p>\r\n<\/td>\r\n<td style=\"width: 50%;\"><div class=\"epyt-video-wrapper\"><iframe  id=\"_ytid_94234\"  width=\"800\" height=\"450\"  data-origwidth=\"800\" data-origheight=\"450\"  data-relstop=\"1\" src=\"https:\/\/www.youtube.com\/embed\/AFRbfXXDUqY?enablejsapi=1&autoplay=0&cc_load_policy=0&iv_load_policy=1&loop=0&modestbranding=0&fs=1&playsinline=1&controls=1&color=red&cc_lang_pref=&rel=0&autohide=2&theme=dark&\" class=\"__youtube_prefs__  no-lazyload\" title=\"YouTube player\"  allow=\"accelerometer; autoplay; clipboard-write; encrypted-media; gyroscope; picture-in-picture\" allowfullscreen data-no-lazy=\"1\" data-skipgform_ajax_framebjll=\"\"><\/iframe><\/div><\/td>\r\n<\/tr>\r\n<\/tbody>\r\n<\/table>\r\n<a href=\"https:\/\/www.albyco.com\/fr\/contactez-nous\/\"><img loading=\"lazy\" class=\"size-full wp-image-11223 alignleft\" src=\"https:\/\/www.albyco.com\/wp-content\/uploads\/2018\/02\/CTA-Albyco-fr-2.jpg\" alt=\"\" width=\"225\" height=\"141\" srcset=\"https:\/\/www.albyco.com\/wp-content\/uploads\/2018\/02\/CTA-Albyco-fr-2.jpg 225w, https:\/\/www.albyco.com\/wp-content\/uploads\/2018\/02\/CTA-Albyco-fr-2-100x63.jpg 100w, https:\/\/www.albyco.com\/wp-content\/uploads\/2018\/02\/CTA-Albyco-fr-2-24x15.jpg 24w, https:\/\/www.albyco.com\/wp-content\/uploads\/2018\/02\/CTA-Albyco-fr-2-36x23.jpg 36w, https:\/\/www.albyco.com\/wp-content\/uploads\/2018\/02\/CTA-Albyco-fr-2-48x30.jpg 48w\" sizes=\"(max-width: 225px) 100vw, 225px\" \/><\/a>","protected":false},"excerpt":{"rendered":"<p>Renz Combi ComfortPlus, syst\u00e8me combin\u00e9 de perforation \/ reliure \u00e9lectrique pour anneaux de reliure en plastique \u00e0 21 anneaux<\/p>\n","protected":false},"featured_media":7867,"comment_status":"open","ping_status":"closed","template":"","meta":[],"product_cat":[2300,2316,2749],"product_tag":[2324,3435,2750],"yoast_head":"<!-- This site is optimized with the Yoast SEO plugin v18.6 - https:\/\/yoast.com\/wordpress\/plugins\/seo\/ -->\n<title>Renz Combi ComfortPlus, syst\u00e8me combin\u00e9 de perforation - Albyco<\/title>\n<meta name=\"description\" content=\"Renz Combi ComfortPlus, syst\u00e8me combin\u00e9 de perforation \/ reliure \u00e9lectrique pour anneaux de reliure en plastique \u00e0 21 anneaux\" \/>\n<meta name=\"robots\" content=\"index, follow, max-snippet:-1, max-image-preview:large, max-video-preview:-1\" \/>\n<link rel=\"canonical\" href=\"https:\/\/www.albyco.com\/fr\/produit\/renz-combi-comfortplus\/\" \/>\n<meta property=\"og:locale\" content=\"fr_FR\" \/>\n<meta property=\"og:type\" content=\"article\" \/>\n<meta property=\"og:title\" content=\"Renz Combi ComfortPlus, syst\u00e8me combin\u00e9 de perforation - Albyco\" \/>\n<meta property=\"og:description\" content=\"Renz Combi ComfortPlus, syst\u00e8me combin\u00e9 de perforation \/ reliure \u00e9lectrique pour anneaux de reliure en plastique \u00e0 21 anneaux\" \/>\n<meta property=\"og:url\" content=\"https:\/\/www.albyco.com\/fr\/produit\/renz-combi-comfortplus\/\" \/>\n<meta property=\"og:site_name\" content=\"Albyco\" \/>\n<meta property=\"article:modified_time\" content=\"2021-06-03T10:22:01+00:00\" \/>\n<meta property=\"og:image\" content=\"https:\/\/www.albyco.com\/wp-content\/uploads\/2017\/06\/renz-renz-combi-comfortplus_RenzCombiComfortplus.jpg\" \/>\n\t<meta property=\"og:image:width\" content=\"989\" \/>\n\t<meta property=\"og:image:height\" content=\"584\" \/>\n\t<meta property=\"og:image:type\" content=\"image\/jpeg\" \/>\n<meta name=\"twitter:card\" content=\"summary\" \/>\n<meta name=\"twitter:site\" content=\"@AlbycoNederland\" \/>\n<script type=\"application\/ld+json\" class=\"yoast-schema-graph\">{\"@context\":\"https:\/\/schema.org\",\"@graph\":[{\"@type\":\"Organization\",\"@id\":\"https:\/\/www.albyco.com\/#organization\",\"name\":\"Albyco Nederland B.V.\",\"url\":\"https:\/\/www.albyco.com\/\",\"sameAs\":[\"https:\/\/www.linkedin.com\/company\/18015670\/\",\"https:\/\/www.youtube.com\/user\/AlbycoNederland\",\"https:\/\/nl.pinterest.com\/albyco\",\"https:\/\/twitter.com\/AlbycoNederland\"],\"logo\":{\"@type\":\"ImageObject\",\"@id\":\"https:\/\/www.albyco.com\/#logo\",\"inLanguage\":\"fr-FR\",\"url\":\"https:\/\/www.albyco.com\/wp-content\/uploads\/2017\/07\/albyco_logo_hd.png\",\"contentUrl\":\"https:\/\/www.albyco.com\/wp-content\/uploads\/2017\/07\/albyco_logo_hd.png\",\"width\":300,\"height\":300,\"caption\":\"Albyco Nederland B.V.\"},\"image\":{\"@id\":\"https:\/\/www.albyco.com\/#logo\"}},{\"@type\":\"WebSite\",\"@id\":\"https:\/\/www.albyco.com\/#website\",\"url\":\"https:\/\/www.albyco.com\/\",\"name\":\"Albyco\",\"description\":\"Leverancier voor nabewerking van geprinte media\",\"publisher\":{\"@id\":\"https:\/\/www.albyco.com\/#organization\"},\"potentialAction\":[{\"@type\":\"SearchAction\",\"target\":{\"@type\":\"EntryPoint\",\"urlTemplate\":\"https:\/\/www.albyco.com\/?s={search_term_string}\"},\"query-input\":\"required name=search_term_string\"}],\"inLanguage\":\"fr-FR\"},{\"@type\":\"ImageObject\",\"@id\":\"https:\/\/www.albyco.com\/fr\/produit\/renz-combi-comfortplus\/#primaryimage\",\"inLanguage\":\"fr-FR\",\"url\":\"https:\/\/www.albyco.com\/wp-content\/uploads\/2017\/06\/renz-renz-combi-comfortplus_RenzCombiComfortplus.jpg\",\"contentUrl\":\"https:\/\/www.albyco.com\/wp-content\/uploads\/2017\/06\/renz-renz-combi-comfortplus_RenzCombiComfortplus.jpg\",\"width\":989,\"height\":584,\"caption\":\"Renz Combi ComfortPlus\"},{\"@type\":\"WebPage\",\"@id\":\"https:\/\/www.albyco.com\/fr\/produit\/renz-combi-comfortplus\/#webpage\",\"url\":\"https:\/\/www.albyco.com\/fr\/produit\/renz-combi-comfortplus\/\",\"name\":\"Renz Combi ComfortPlus, syst\u00e8me combin\u00e9 de perforation - Albyco\",\"isPartOf\":{\"@id\":\"https:\/\/www.albyco.com\/#website\"},\"primaryImageOfPage\":{\"@id\":\"https:\/\/www.albyco.com\/fr\/produit\/renz-combi-comfortplus\/#primaryimage\"},\"datePublished\":\"2017-07-06T14:15:26+00:00\",\"dateModified\":\"2021-06-03T10:22:01+00:00\",\"description\":\"Renz Combi ComfortPlus, syst\u00e8me combin\u00e9 de perforation \/ reliure \u00e9lectrique pour anneaux de reliure en plastique \u00e0 21 anneaux\",\"breadcrumb\":{\"@id\":\"https:\/\/www.albyco.com\/fr\/produit\/renz-combi-comfortplus\/#breadcrumb\"},\"inLanguage\":\"fr-FR\",\"potentialAction\":[{\"@type\":\"ReadAction\",\"target\":[\"https:\/\/www.albyco.com\/fr\/produit\/renz-combi-comfortplus\/\"]}]},{\"@type\":\"BreadcrumbList\",\"@id\":\"https:\/\/www.albyco.com\/fr\/produit\/renz-combi-comfortplus\/#breadcrumb\",\"itemListElement\":[{\"@type\":\"ListItem\",\"position\":1,\"name\":\"Home\",\"item\":\"https:\/\/www.albyco.com\/fr\/\"},{\"@type\":\"ListItem\",\"position\":2,\"name\":\"Les produits\",\"item\":\"https:\/\/www.albyco.com\/fr\/producten\/\"},{\"@type\":\"ListItem\",\"position\":3,\"name\":\"Renz Combi ComfortPlus, syst\u00e8me combin\u00e9 de perforation\"}]}]}<\/script>\n<!-- \/ Yoast SEO plugin. -->","yoast_head_json":{"title":"Renz Combi ComfortPlus, syst\u00e8me combin\u00e9 de perforation - Albyco","description":"Renz Combi ComfortPlus, syst\u00e8me combin\u00e9 de perforation \/ reliure \u00e9lectrique pour anneaux de reliure en plastique \u00e0 21 anneaux","robots":{"index":"index","follow":"follow","max-snippet":"max-snippet:-1","max-image-preview":"max-image-preview:large","max-video-preview":"max-video-preview:-1"},"canonical":"https:\/\/www.albyco.com\/fr\/produit\/renz-combi-comfortplus\/","og_locale":"fr_FR","og_type":"article","og_title":"Renz Combi ComfortPlus, syst\u00e8me combin\u00e9 de perforation - Albyco","og_description":"Renz Combi ComfortPlus, syst\u00e8me combin\u00e9 de perforation \/ reliure \u00e9lectrique pour anneaux de reliure en plastique \u00e0 21 anneaux","og_url":"https:\/\/www.albyco.com\/fr\/produit\/renz-combi-comfortplus\/","og_site_name":"Albyco","article_modified_time":"2021-06-03T10:22:01+00:00","og_image":[{"width":989,"height":584,"url":"https:\/\/www.albyco.com\/wp-content\/uploads\/2017\/06\/renz-renz-combi-comfortplus_RenzCombiComfortplus.jpg","type":"image\/jpeg"}],"twitter_card":"summary","twitter_site":"@AlbycoNederland","schema":{"@context":"https:\/\/schema.org","@graph":[{"@type":"Organization","@id":"https:\/\/www.albyco.com\/#organization","name":"Albyco Nederland B.V.","url":"https:\/\/www.albyco.com\/","sameAs":["https:\/\/www.linkedin.com\/company\/18015670\/","https:\/\/www.youtube.com\/user\/AlbycoNederland","https:\/\/nl.pinterest.com\/albyco","https:\/\/twitter.com\/AlbycoNederland"],"logo":{"@type":"ImageObject","@id":"https:\/\/www.albyco.com\/#logo","inLanguage":"fr-FR","url":"https:\/\/www.albyco.com\/wp-content\/uploads\/2017\/07\/albyco_logo_hd.png","contentUrl":"https:\/\/www.albyco.com\/wp-content\/uploads\/2017\/07\/albyco_logo_hd.png","width":300,"height":300,"caption":"Albyco Nederland B.V."},"image":{"@id":"https:\/\/www.albyco.com\/#logo"}},{"@type":"WebSite","@id":"https:\/\/www.albyco.com\/#website","url":"https:\/\/www.albyco.com\/","name":"Albyco","description":"Leverancier voor nabewerking van geprinte media","publisher":{"@id":"https:\/\/www.albyco.com\/#organization"},"potentialAction":[{"@type":"SearchAction","target":{"@type":"EntryPoint","urlTemplate":"https:\/\/www.albyco.com\/?s={search_term_string}"},"query-input":"required name=search_term_string"}],"inLanguage":"fr-FR"},{"@type":"ImageObject","@id":"https:\/\/www.albyco.com\/fr\/produit\/renz-combi-comfortplus\/#primaryimage","inLanguage":"fr-FR","url":"https:\/\/www.albyco.com\/wp-content\/uploads\/2017\/06\/renz-renz-combi-comfortplus_RenzCombiComfortplus.jpg","contentUrl":"https:\/\/www.albyco.com\/wp-content\/uploads\/2017\/06\/renz-renz-combi-comfortplus_RenzCombiComfortplus.jpg","width":989,"height":584,"caption":"Renz Combi ComfortPlus"},{"@type":"WebPage","@id":"https:\/\/www.albyco.com\/fr\/produit\/renz-combi-comfortplus\/#webpage","url":"https:\/\/www.albyco.com\/fr\/produit\/renz-combi-comfortplus\/","name":"Renz Combi ComfortPlus, syst\u00e8me combin\u00e9 de perforation - Albyco","isPartOf":{"@id":"https:\/\/www.albyco.com\/#website"},"primaryImageOfPage":{"@id":"https:\/\/www.albyco.com\/fr\/produit\/renz-combi-comfortplus\/#primaryimage"},"datePublished":"2017-07-06T14:15:26+00:00","dateModified":"2021-06-03T10:22:01+00:00","description":"Renz Combi ComfortPlus, syst\u00e8me combin\u00e9 de perforation \/ reliure \u00e9lectrique pour anneaux de reliure en plastique \u00e0 21 anneaux","breadcrumb":{"@id":"https:\/\/www.albyco.com\/fr\/produit\/renz-combi-comfortplus\/#breadcrumb"},"inLanguage":"fr-FR","potentialAction":[{"@type":"ReadAction","target":["https:\/\/www.albyco.com\/fr\/produit\/renz-combi-comfortplus\/"]}]},{"@type":"BreadcrumbList","@id":"https:\/\/www.albyco.com\/fr\/produit\/renz-combi-comfortplus\/#breadcrumb","itemListElement":[{"@type":"ListItem","position":1,"name":"Home","item":"https:\/\/www.albyco.com\/fr\/"},{"@type":"ListItem","position":2,"name":"Les produits","item":"https:\/\/www.albyco.com\/fr\/producten\/"},{"@type":"ListItem","position":3,"name":"Renz Combi ComfortPlus, syst\u00e8me combin\u00e9 de perforation"}]}]}},"_links":{"self":[{"href":"https:\/\/www.albyco.com\/fr\/wp-json\/wp\/v2\/product\/10844"}],"collection":[{"href":"https:\/\/www.albyco.com\/fr\/wp-json\/wp\/v2\/product"}],"about":[{"href":"https:\/\/www.albyco.com\/fr\/wp-json\/wp\/v2\/types\/product"}],"replies":[{"embeddable":true,"href":"https:\/\/www.albyco.com\/fr\/wp-json\/wp\/v2\/comments?post=10844"}],"wp:featuredmedia":[{"embeddable":true,"href":"https:\/\/www.albyco.com\/fr\/wp-json\/wp\/v2\/media\/7867"}],"wp:attachment":[{"href":"https:\/\/www.albyco.com\/fr\/wp-json\/wp\/v2\/media?parent=10844"}],"wp:term":[{"taxonomy":"product_cat","embeddable":true,"href":"https:\/\/www.albyco.com\/fr\/wp-json\/wp\/v2\/product_cat?post=10844"},{"taxonomy":"product_tag","embeddable":true,"href":"https:\/\/www.albyco.com\/fr\/wp-json\/wp\/v2\/product_tag?post=10844"}],"curies":[{"name":"wp","href":"https:\/\/api.w.org\/{rel}","templated":true}]}}