{"id":10840,"date":"2017-07-06T16:57:11","date_gmt":"2017-07-06T14:57:11","guid":{"rendered":"https:\/\/www.albyco.com\/product\/neolt-strong-trim-pro-coupe-rouleau\/"},"modified":"2020-09-04T12:14:03","modified_gmt":"2020-09-04T10:14:03","slug":"neolt-strong-trim-pro-coupe-rouleau","status":"publish","type":"product","link":"https:\/\/www.albyco.com\/fr\/produit\/neolt-strong-trim-pro-coupe-rouleau\/","title":{"rendered":"Neolt Strong Trim Pro coupe-rouleau"},"content":{"rendered":"<p class=\"p1\"><strong>Neolt Strong Trim Pro<\/strong>, coupe-rouleau grand format, syst\u00e8me de coupe manuel \u00e0 2 lames pour couper dans les deux sens, id\u00e9al pour couper des mat\u00e9riaux plus \u00e9pais, papier gauche et droit, sac de collecte, ch\u00e2ssis, porte-rouleau et \u00e9clairage en option.<\/p>\r\n<p class=\"p1\">Strong Trim Pro\u00a0 \u00a0 \u00a0 \u00a0 \u00a0 \u00a0 \u00a0 \u00a0 \u00a0 \u00a0 \u00a0 \u00a0 \u00a0 \u00a0 \u00a0 \u00a0 \u00a0 \u00a0 \u00a0 130\u00a0 \u00a0 \u00a0 \u00a0 \u00a0 \u00a0 \u00a0 \u00a0 180\u00a0 \u00a0 \u00a0 \u00a0 \u00a0 \u00a0 \u00a0 \u00a0 230<\/p>\r\n<p class=\"p1\">Max. \u00e9paisseur de coupe en mm\u00a0 \u00a0 \u00a0 \u00a0 \u00a0 4.5\u00a0 \u00a0 \u00a0 \u00a0 \u00a0 \u00a0 \u00a0 \u00a0 \u00a0 4.5\u00a0 \u00a0 \u00a0 \u00a0 \u00a0 \u00a0 \u00a0 \u00a0 4.5<\/p>\r\n<p class=\"p1\">Longueur de coupe en cm\u00a0 \u00a0 \u00a0 \u00a0 \u00a0 \u00a0 \u00a0 \u00a0 \u00a0 \u00a0 \u00a0 130\u00a0 \u00a0 \u00a0 \u00a0 \u00a0 \u00a0 \u00a0 \u00a0 \u00a0180\u00a0 \u00a0 \u00a0 \u00a0 \u00a0 \u00a0 \u00a0 \u00a0 230<\/p>\r\n<p class=\"p1\">Dimensions L x H x P\u00a0 \u00a0 \u00a0 \u00a0 \u00a0 \u00a0 \u00a0 \u00a0 \u00a0 \u00a0 174x105x50\u00a0 \u00a0 \u00a0 \u00a0244x105x50\u00a0 \u00a0 \u00a0 274x105x50<\/p>\r\n\r\n<ul>\r\n \t<li><a href=\"https:\/\/www.albyco.com\/fr\/contactez-nous\/\"><img loading=\"lazy\" class=\"size-full wp-image-11223 alignleft\" src=\"https:\/\/www.albyco.com\/wp-content\/uploads\/2018\/02\/CTA-Albyco-fr-2.jpg\" alt=\"\" width=\"225\" height=\"141\" srcset=\"https:\/\/www.albyco.com\/wp-content\/uploads\/2018\/02\/CTA-Albyco-fr-2.jpg 225w, https:\/\/www.albyco.com\/wp-content\/uploads\/2018\/02\/CTA-Albyco-fr-2-100x63.jpg 100w, https:\/\/www.albyco.com\/wp-content\/uploads\/2018\/02\/CTA-Albyco-fr-2-24x15.jpg 24w, https:\/\/www.albyco.com\/wp-content\/uploads\/2018\/02\/CTA-Albyco-fr-2-36x23.jpg 36w, https:\/\/www.albyco.com\/wp-content\/uploads\/2018\/02\/CTA-Albyco-fr-2-48x30.jpg 48w\" sizes=\"(max-width: 225px) 100vw, 225px\" \/><\/a><\/li>\r\n<\/ul>","protected":false},"excerpt":{"rendered":"<p>Neolt Strong Trim Pro, coupe-rouleau grand format, syst\u00e8me de coupe manuel \u00e0 2 lames pour couper dans les deux sens, id\u00e9al pour couper des mat\u00e9riaux plus \u00e9pais, papier gauche et droit, sac de collecte, ch\u00e2ssis, porte-rouleau et \u00e9clairage en option.<\/p>\n","protected":false},"featured_media":29551,"comment_status":"open","ping_status":"closed","template":"","meta":[],"product_cat":[2300,2301,2789,3497,2793,2790,2791],"product_tag":[3499,2744,2308,2745],"yoast_head":"<!-- This site is optimized with the Yoast SEO plugin v18.6 - https:\/\/yoast.com\/wordpress\/plugins\/seo\/ -->\n<title>Neolt Strong Trim Pro coupe-rouleau - Albyco<\/title>\n<meta name=\"description\" content=\"Neolt Strong Trim Pro, coupe-rouleau grand format, syst\u00e8me de coupe manuel \u00e0 2 lames pour couper dans les deux sens, id\u00e9al pour couper des mat\u00e9riaux plus \u00e9pais, papier gauche et droit, sac de collecte, ch\u00e2ssis, porte-rouleau et \u00e9clairage en option.\" \/>\n<meta name=\"robots\" content=\"index, follow, max-snippet:-1, max-image-preview:large, max-video-preview:-1\" \/>\n<link rel=\"canonical\" href=\"https:\/\/www.albyco.com\/fr\/produit\/neolt-strong-trim-pro-coupe-rouleau\/\" \/>\n<meta property=\"og:locale\" content=\"fr_FR\" \/>\n<meta property=\"og:type\" content=\"article\" \/>\n<meta property=\"og:title\" content=\"Neolt Strong Trim Pro coupe-rouleau - Albyco\" \/>\n<meta property=\"og:description\" content=\"Neolt Strong Trim Pro, coupe-rouleau grand format, syst\u00e8me de coupe manuel \u00e0 2 lames pour couper dans les deux sens, id\u00e9al pour couper des mat\u00e9riaux plus \u00e9pais, papier gauche et droit, sac de collecte, ch\u00e2ssis, porte-rouleau et \u00e9clairage en option.\" \/>\n<meta property=\"og:url\" content=\"https:\/\/www.albyco.com\/fr\/produit\/neolt-strong-trim-pro-coupe-rouleau\/\" \/>\n<meta property=\"og:site_name\" content=\"Albyco\" \/>\n<meta property=\"article:modified_time\" content=\"2020-09-04T10:14:03+00:00\" \/>\n<meta property=\"og:image\" content=\"https:\/\/www.albyco.com\/wp-content\/uploads\/2017\/07\/STRONG-TRIM-PRO.png\" \/>\n\t<meta property=\"og:image:width\" content=\"1644\" \/>\n\t<meta property=\"og:image:height\" content=\"1096\" \/>\n\t<meta property=\"og:image:type\" content=\"image\/png\" \/>\n<meta name=\"twitter:card\" content=\"summary\" \/>\n<meta name=\"twitter:site\" content=\"@AlbycoNederland\" \/>\n<script type=\"application\/ld+json\" class=\"yoast-schema-graph\">{\"@context\":\"https:\/\/schema.org\",\"@graph\":[{\"@type\":\"Organization\",\"@id\":\"https:\/\/www.albyco.com\/#organization\",\"name\":\"Albyco Nederland B.V.\",\"url\":\"https:\/\/www.albyco.com\/\",\"sameAs\":[\"https:\/\/www.linkedin.com\/company\/18015670\/\",\"https:\/\/www.youtube.com\/user\/AlbycoNederland\",\"https:\/\/nl.pinterest.com\/albyco\",\"https:\/\/twitter.com\/AlbycoNederland\"],\"logo\":{\"@type\":\"ImageObject\",\"@id\":\"https:\/\/www.albyco.com\/#logo\",\"inLanguage\":\"fr-FR\",\"url\":\"https:\/\/www.albyco.com\/wp-content\/uploads\/2017\/07\/albyco_logo_hd.png\",\"contentUrl\":\"https:\/\/www.albyco.com\/wp-content\/uploads\/2017\/07\/albyco_logo_hd.png\",\"width\":300,\"height\":300,\"caption\":\"Albyco Nederland B.V.\"},\"image\":{\"@id\":\"https:\/\/www.albyco.com\/#logo\"}},{\"@type\":\"WebSite\",\"@id\":\"https:\/\/www.albyco.com\/#website\",\"url\":\"https:\/\/www.albyco.com\/\",\"name\":\"Albyco\",\"description\":\"Leverancier voor nabewerking van geprinte media\",\"publisher\":{\"@id\":\"https:\/\/www.albyco.com\/#organization\"},\"potentialAction\":[{\"@type\":\"SearchAction\",\"target\":{\"@type\":\"EntryPoint\",\"urlTemplate\":\"https:\/\/www.albyco.com\/?s={search_term_string}\"},\"query-input\":\"required name=search_term_string\"}],\"inLanguage\":\"fr-FR\"},{\"@type\":\"ImageObject\",\"@id\":\"https:\/\/www.albyco.com\/fr\/produit\/neolt-strong-trim-pro-coupe-rouleau\/#primaryimage\",\"inLanguage\":\"fr-FR\",\"url\":\"https:\/\/www.albyco.com\/wp-content\/uploads\/2017\/07\/STRONG-TRIM-PRO.png\",\"contentUrl\":\"https:\/\/www.albyco.com\/wp-content\/uploads\/2017\/07\/STRONG-TRIM-PRO.png\",\"width\":1644,\"height\":1096,\"caption\":\"Neolt Strong Trim Rolsnijder\"},{\"@type\":\"WebPage\",\"@id\":\"https:\/\/www.albyco.com\/fr\/produit\/neolt-strong-trim-pro-coupe-rouleau\/#webpage\",\"url\":\"https:\/\/www.albyco.com\/fr\/produit\/neolt-strong-trim-pro-coupe-rouleau\/\",\"name\":\"Neolt Strong Trim Pro coupe-rouleau - Albyco\",\"isPartOf\":{\"@id\":\"https:\/\/www.albyco.com\/#website\"},\"primaryImageOfPage\":{\"@id\":\"https:\/\/www.albyco.com\/fr\/produit\/neolt-strong-trim-pro-coupe-rouleau\/#primaryimage\"},\"datePublished\":\"2017-07-06T14:57:11+00:00\",\"dateModified\":\"2020-09-04T10:14:03+00:00\",\"description\":\"Neolt Strong Trim Pro, coupe-rouleau grand format, syst\u00e8me de coupe manuel \u00e0 2 lames pour couper dans les deux sens, id\u00e9al pour couper des mat\u00e9riaux plus \u00e9pais, papier gauche et droit, sac de collecte, ch\u00e2ssis, porte-rouleau et \u00e9clairage en option.\",\"breadcrumb\":{\"@id\":\"https:\/\/www.albyco.com\/fr\/produit\/neolt-strong-trim-pro-coupe-rouleau\/#breadcrumb\"},\"inLanguage\":\"fr-FR\",\"potentialAction\":[{\"@type\":\"ReadAction\",\"target\":[\"https:\/\/www.albyco.com\/fr\/produit\/neolt-strong-trim-pro-coupe-rouleau\/\"]}]},{\"@type\":\"BreadcrumbList\",\"@id\":\"https:\/\/www.albyco.com\/fr\/produit\/neolt-strong-trim-pro-coupe-rouleau\/#breadcrumb\",\"itemListElement\":[{\"@type\":\"ListItem\",\"position\":1,\"name\":\"Home\",\"item\":\"https:\/\/www.albyco.com\/fr\/\"},{\"@type\":\"ListItem\",\"position\":2,\"name\":\"Les produits\",\"item\":\"https:\/\/www.albyco.com\/fr\/producten\/\"},{\"@type\":\"ListItem\",\"position\":3,\"name\":\"Neolt Strong Trim Pro coupe-rouleau\"}]}]}<\/script>\n<!-- \/ Yoast SEO plugin. -->","yoast_head_json":{"title":"Neolt Strong Trim Pro coupe-rouleau - Albyco","description":"Neolt Strong Trim Pro, coupe-rouleau grand format, syst\u00e8me de coupe manuel \u00e0 2 lames pour couper dans les deux sens, id\u00e9al pour couper des mat\u00e9riaux plus \u00e9pais, papier gauche et droit, sac de collecte, ch\u00e2ssis, porte-rouleau et \u00e9clairage en option.","robots":{"index":"index","follow":"follow","max-snippet":"max-snippet:-1","max-image-preview":"max-image-preview:large","max-video-preview":"max-video-preview:-1"},"canonical":"https:\/\/www.albyco.com\/fr\/produit\/neolt-strong-trim-pro-coupe-rouleau\/","og_locale":"fr_FR","og_type":"article","og_title":"Neolt Strong Trim Pro coupe-rouleau - Albyco","og_description":"Neolt Strong Trim Pro, coupe-rouleau grand format, syst\u00e8me de coupe manuel \u00e0 2 lames pour couper dans les deux sens, id\u00e9al pour couper des mat\u00e9riaux plus \u00e9pais, papier gauche et droit, sac de collecte, ch\u00e2ssis, porte-rouleau et \u00e9clairage en option.","og_url":"https:\/\/www.albyco.com\/fr\/produit\/neolt-strong-trim-pro-coupe-rouleau\/","og_site_name":"Albyco","article_modified_time":"2020-09-04T10:14:03+00:00","og_image":[{"width":1644,"height":1096,"url":"https:\/\/www.albyco.com\/wp-content\/uploads\/2017\/07\/STRONG-TRIM-PRO.png","type":"image\/png"}],"twitter_card":"summary","twitter_site":"@AlbycoNederland","schema":{"@context":"https:\/\/schema.org","@graph":[{"@type":"Organization","@id":"https:\/\/www.albyco.com\/#organization","name":"Albyco Nederland B.V.","url":"https:\/\/www.albyco.com\/","sameAs":["https:\/\/www.linkedin.com\/company\/18015670\/","https:\/\/www.youtube.com\/user\/AlbycoNederland","https:\/\/nl.pinterest.com\/albyco","https:\/\/twitter.com\/AlbycoNederland"],"logo":{"@type":"ImageObject","@id":"https:\/\/www.albyco.com\/#logo","inLanguage":"fr-FR","url":"https:\/\/www.albyco.com\/wp-content\/uploads\/2017\/07\/albyco_logo_hd.png","contentUrl":"https:\/\/www.albyco.com\/wp-content\/uploads\/2017\/07\/albyco_logo_hd.png","width":300,"height":300,"caption":"Albyco Nederland B.V."},"image":{"@id":"https:\/\/www.albyco.com\/#logo"}},{"@type":"WebSite","@id":"https:\/\/www.albyco.com\/#website","url":"https:\/\/www.albyco.com\/","name":"Albyco","description":"Leverancier voor nabewerking van geprinte media","publisher":{"@id":"https:\/\/www.albyco.com\/#organization"},"potentialAction":[{"@type":"SearchAction","target":{"@type":"EntryPoint","urlTemplate":"https:\/\/www.albyco.com\/?s={search_term_string}"},"query-input":"required name=search_term_string"}],"inLanguage":"fr-FR"},{"@type":"ImageObject","@id":"https:\/\/www.albyco.com\/fr\/produit\/neolt-strong-trim-pro-coupe-rouleau\/#primaryimage","inLanguage":"fr-FR","url":"https:\/\/www.albyco.com\/wp-content\/uploads\/2017\/07\/STRONG-TRIM-PRO.png","contentUrl":"https:\/\/www.albyco.com\/wp-content\/uploads\/2017\/07\/STRONG-TRIM-PRO.png","width":1644,"height":1096,"caption":"Neolt Strong Trim Rolsnijder"},{"@type":"WebPage","@id":"https:\/\/www.albyco.com\/fr\/produit\/neolt-strong-trim-pro-coupe-rouleau\/#webpage","url":"https:\/\/www.albyco.com\/fr\/produit\/neolt-strong-trim-pro-coupe-rouleau\/","name":"Neolt Strong Trim Pro coupe-rouleau - Albyco","isPartOf":{"@id":"https:\/\/www.albyco.com\/#website"},"primaryImageOfPage":{"@id":"https:\/\/www.albyco.com\/fr\/produit\/neolt-strong-trim-pro-coupe-rouleau\/#primaryimage"},"datePublished":"2017-07-06T14:57:11+00:00","dateModified":"2020-09-04T10:14:03+00:00","description":"Neolt Strong Trim Pro, coupe-rouleau grand format, syst\u00e8me de coupe manuel \u00e0 2 lames pour couper dans les deux sens, id\u00e9al pour couper des mat\u00e9riaux plus \u00e9pais, papier gauche et droit, sac de collecte, ch\u00e2ssis, porte-rouleau et \u00e9clairage en option.","breadcrumb":{"@id":"https:\/\/www.albyco.com\/fr\/produit\/neolt-strong-trim-pro-coupe-rouleau\/#breadcrumb"},"inLanguage":"fr-FR","potentialAction":[{"@type":"ReadAction","target":["https:\/\/www.albyco.com\/fr\/produit\/neolt-strong-trim-pro-coupe-rouleau\/"]}]},{"@type":"BreadcrumbList","@id":"https:\/\/www.albyco.com\/fr\/produit\/neolt-strong-trim-pro-coupe-rouleau\/#breadcrumb","itemListElement":[{"@type":"ListItem","position":1,"name":"Home","item":"https:\/\/www.albyco.com\/fr\/"},{"@type":"ListItem","position":2,"name":"Les produits","item":"https:\/\/www.albyco.com\/fr\/producten\/"},{"@type":"ListItem","position":3,"name":"Neolt Strong Trim Pro coupe-rouleau"}]}]}},"_links":{"self":[{"href":"https:\/\/www.albyco.com\/fr\/wp-json\/wp\/v2\/product\/10840"}],"collection":[{"href":"https:\/\/www.albyco.com\/fr\/wp-json\/wp\/v2\/product"}],"about":[{"href":"https:\/\/www.albyco.com\/fr\/wp-json\/wp\/v2\/types\/product"}],"replies":[{"embeddable":true,"href":"https:\/\/www.albyco.com\/fr\/wp-json\/wp\/v2\/comments?post=10840"}],"wp:featuredmedia":[{"embeddable":true,"href":"https:\/\/www.albyco.com\/fr\/wp-json\/wp\/v2\/media\/29551"}],"wp:attachment":[{"href":"https:\/\/www.albyco.com\/fr\/wp-json\/wp\/v2\/media?parent=10840"}],"wp:term":[{"taxonomy":"product_cat","embeddable":true,"href":"https:\/\/www.albyco.com\/fr\/wp-json\/wp\/v2\/product_cat?post=10840"},{"taxonomy":"product_tag","embeddable":true,"href":"https:\/\/www.albyco.com\/fr\/wp-json\/wp\/v2\/product_tag?post=10840"}],"curies":[{"name":"wp","href":"https:\/\/api.w.org\/{rel}","templated":true}]}}