{"id":10831,"date":"2017-07-06T16:36:13","date_gmt":"2017-07-06T14:36:13","guid":{"rendered":"https:\/\/www.albyco.com\/product\/stago-hm6bs-machine-dagrafage-automatique\/"},"modified":"2018-02-22T13:00:47","modified_gmt":"2018-02-22T12:00:47","slug":"stago-hm6bs-machine-dagrafage-automatique","status":"publish","type":"product","link":"https:\/\/www.albyco.com\/fr\/produit\/stago-hm6bs-machine-dagrafage-automatique\/","title":{"rendered":"Stago HM6BS, machine d`agrafage automatique"},"content":{"rendered":"<p class=\"p1\">Le Stago HM6BS est une machine d`agrafage automatique avec une t\u00eate d&#8217;agrafage avec une capacit\u00e9 d&#8217;adh\u00e9rence jusqu&#8217;\u00e0 60 feuilles de 80 g\/m\u00b2. La machine convient pour l`agrafage de blocs et de brochures. Cette machine compacte \u00e0 suture automatique \u00e0 usage professionnel. Le HM 6 se distingue par sa facilit\u00e9 d&#8217;utilisation. la conversion du bloc attacher \u00e0 la selle couture se fait en quelques \u00e9tapes, rapide et facile. la distance de la liaison (\u00e0 la liaison du bloc) est librement position r\u00e9glable pour coutures pr\u00e9cises. la force du conducteur de liaison est r\u00e9glable. conducteurs amovibles pour les agrafes \u00e0 oeillets. Convient pour une utilisation continue. Standard adapt\u00e9 pour l&#8217;agrafage 24\/6 et 24\/8.<\/p>\r\n<p class=\"p1\">Op\u00e9ration par p\u00e9dale.<\/p>\r\n<p class=\"p1\">Capacit\u00e9 d`agrafage jusqu&#8217;\u00e0 60 feuilles, 80 g \/ m2<\/p>\r\n<p class=\"p1\">Nombre de t\u00eates agrafes 1<\/p>\r\n<p class=\"p1\">Format plan de travail A3<\/p>\r\n<p class=\"p1\">Agrafe<span class=\"Apple-converted-space\">\u00a0 <\/span>la selle (brochure) Oui<\/p>\r\n<p class=\"p1\">Agrafage applicable<\/p>\r\n<p class=\"p1\">4 \/ 10.6, 26 \/ 6-8, R 24 \/ 6-8, R26 \/ 6<\/p>\r\n<p class=\"p1\">Capacit\u00e9 d&#8217;entrep\u00f4t 400-420 pi\u00e8ces<\/p>\r\n<p class=\"p1\">Options: Support de sol<\/p>\r\n<p class=\"p1\">Pilotes pour agrafes \u00e0 anneaux R 44\/6 et R 24\/8<\/p>\r\n<p class=\"p1\">Les conducteurs et la plaque avant 26\/6, 26\/8 et 26\/6 R.<\/p>\r\n<p class=\"p1\">Dimensions (L xlx H) 450 x 620 x 400 mm<\/p>\r\n<p class=\"p1\">Poids<\/p>\r\n<p class=\"p1\">21 kg, 39 kg avec socle en option<\/p>\r\n&nbsp;\r\n\r\n<a href=\"https:\/\/www.albyco.com\/fr\/contactez-nous\/\"><img loading=\"lazy\" class=\"size-full wp-image-11223 alignleft\" src=\"https:\/\/www.albyco.com\/wp-content\/uploads\/2018\/02\/CTA-Albyco-fr-2.jpg\" alt=\"\" width=\"225\" height=\"141\" srcset=\"https:\/\/www.albyco.com\/wp-content\/uploads\/2018\/02\/CTA-Albyco-fr-2.jpg 225w, https:\/\/www.albyco.com\/wp-content\/uploads\/2018\/02\/CTA-Albyco-fr-2-100x63.jpg 100w, https:\/\/www.albyco.com\/wp-content\/uploads\/2018\/02\/CTA-Albyco-fr-2-24x15.jpg 24w, https:\/\/www.albyco.com\/wp-content\/uploads\/2018\/02\/CTA-Albyco-fr-2-36x23.jpg 36w, https:\/\/www.albyco.com\/wp-content\/uploads\/2018\/02\/CTA-Albyco-fr-2-48x30.jpg 48w\" sizes=\"(max-width: 225px) 100vw, 225px\" \/><\/a>","protected":false},"excerpt":{"rendered":"<p>Le Stago HM6BS est une machine d`agrafage automatique avec une t\u00eate d&#8217;agrafage avec une capacit\u00e9 d&#8217;adh\u00e9rence jusqu&#8217;\u00e0 60 feuilles de 80 g\/m\u00b2.<\/p>\n","protected":false},"featured_media":7892,"comment_status":"open","ping_status":"closed","template":"","meta":[],"product_cat":[2300,2301,3309],"product_tag":[3314,3315,3316,3112,3317,3113,3318,3319,3320,3321,2721,2726],"yoast_head":"<!-- This site is optimized with the Yoast SEO plugin v18.6 - https:\/\/yoast.com\/wordpress\/plugins\/seo\/ -->\n<title>Stago HM6BS, machine d`agrafage automatique - Albyco<\/title>\n<meta name=\"description\" content=\"Le Stago HM6BS est une machine d`agrafage automatique avec une t\u00eate d&#039;agrafage avec une capacit\u00e9 d&#039;adh\u00e9rence jusqu&#039;\u00e0 60 feuilles de 80 g\/m\u00b2.\" \/>\n<meta name=\"robots\" content=\"index, follow, max-snippet:-1, max-image-preview:large, max-video-preview:-1\" \/>\n<link rel=\"canonical\" href=\"https:\/\/www.albyco.com\/fr\/produit\/stago-hm6bs-machine-dagrafage-automatique\/\" \/>\n<meta property=\"og:locale\" content=\"fr_FR\" \/>\n<meta property=\"og:type\" content=\"article\" \/>\n<meta property=\"og:title\" content=\"Stago HM6BS, machine d`agrafage automatique - Albyco\" \/>\n<meta property=\"og:description\" content=\"Le Stago HM6BS est une machine d`agrafage automatique avec une t\u00eate d&#039;agrafage avec une capacit\u00e9 d&#039;adh\u00e9rence jusqu&#039;\u00e0 60 feuilles de 80 g\/m\u00b2.\" \/>\n<meta property=\"og:url\" content=\"https:\/\/www.albyco.com\/fr\/produit\/stago-hm6bs-machine-dagrafage-automatique\/\" \/>\n<meta property=\"og:site_name\" content=\"Albyco\" \/>\n<meta property=\"article:modified_time\" content=\"2018-02-22T12:00:47+00:00\" \/>\n<meta property=\"og:image\" content=\"https:\/\/www.albyco.com\/wp-content\/uploads\/2017\/06\/stago-stago-hm6bs-blok-en-brochurehechter_STAGOHM6BS.jpg\" \/>\n\t<meta property=\"og:image:width\" content=\"800\" \/>\n\t<meta property=\"og:image:height\" content=\"800\" \/>\n\t<meta property=\"og:image:type\" content=\"image\/jpeg\" \/>\n<meta name=\"twitter:card\" content=\"summary\" \/>\n<meta name=\"twitter:site\" content=\"@AlbycoNederland\" \/>\n<meta name=\"twitter:label1\" content=\"Dur\u00e9e de lecture estim\u00e9e\" \/>\n\t<meta name=\"twitter:data1\" content=\"1 minute\" \/>\n<script type=\"application\/ld+json\" class=\"yoast-schema-graph\">{\"@context\":\"https:\/\/schema.org\",\"@graph\":[{\"@type\":\"Organization\",\"@id\":\"https:\/\/www.albyco.com\/#organization\",\"name\":\"Albyco Nederland B.V.\",\"url\":\"https:\/\/www.albyco.com\/\",\"sameAs\":[\"https:\/\/www.linkedin.com\/company\/18015670\/\",\"https:\/\/www.youtube.com\/user\/AlbycoNederland\",\"https:\/\/nl.pinterest.com\/albyco\",\"https:\/\/twitter.com\/AlbycoNederland\"],\"logo\":{\"@type\":\"ImageObject\",\"@id\":\"https:\/\/www.albyco.com\/#logo\",\"inLanguage\":\"fr-FR\",\"url\":\"https:\/\/www.albyco.com\/wp-content\/uploads\/2017\/07\/albyco_logo_hd.png\",\"contentUrl\":\"https:\/\/www.albyco.com\/wp-content\/uploads\/2017\/07\/albyco_logo_hd.png\",\"width\":300,\"height\":300,\"caption\":\"Albyco Nederland B.V.\"},\"image\":{\"@id\":\"https:\/\/www.albyco.com\/#logo\"}},{\"@type\":\"WebSite\",\"@id\":\"https:\/\/www.albyco.com\/#website\",\"url\":\"https:\/\/www.albyco.com\/\",\"name\":\"Albyco\",\"description\":\"Leverancier voor nabewerking van geprinte media\",\"publisher\":{\"@id\":\"https:\/\/www.albyco.com\/#organization\"},\"potentialAction\":[{\"@type\":\"SearchAction\",\"target\":{\"@type\":\"EntryPoint\",\"urlTemplate\":\"https:\/\/www.albyco.com\/?s={search_term_string}\"},\"query-input\":\"required name=search_term_string\"}],\"inLanguage\":\"fr-FR\"},{\"@type\":\"ImageObject\",\"@id\":\"https:\/\/www.albyco.com\/fr\/produit\/stago-hm6bs-machine-dagrafage-automatique\/#primaryimage\",\"inLanguage\":\"fr-FR\",\"url\":\"https:\/\/www.albyco.com\/wp-content\/uploads\/2017\/06\/stago-stago-hm6bs-blok-en-brochurehechter_STAGOHM6BS.jpg\",\"contentUrl\":\"https:\/\/www.albyco.com\/wp-content\/uploads\/2017\/06\/stago-stago-hm6bs-blok-en-brochurehechter_STAGOHM6BS.jpg\",\"width\":800,\"height\":800,\"caption\":\"Stago HM6BS, machine d`agrafage automatique\"},{\"@type\":\"WebPage\",\"@id\":\"https:\/\/www.albyco.com\/fr\/produit\/stago-hm6bs-machine-dagrafage-automatique\/#webpage\",\"url\":\"https:\/\/www.albyco.com\/fr\/produit\/stago-hm6bs-machine-dagrafage-automatique\/\",\"name\":\"Stago HM6BS, machine d`agrafage automatique - Albyco\",\"isPartOf\":{\"@id\":\"https:\/\/www.albyco.com\/#website\"},\"primaryImageOfPage\":{\"@id\":\"https:\/\/www.albyco.com\/fr\/produit\/stago-hm6bs-machine-dagrafage-automatique\/#primaryimage\"},\"datePublished\":\"2017-07-06T14:36:13+00:00\",\"dateModified\":\"2018-02-22T12:00:47+00:00\",\"description\":\"Le Stago HM6BS est une machine d`agrafage automatique avec une t\u00eate d'agrafage avec une capacit\u00e9 d'adh\u00e9rence jusqu'\u00e0 60 feuilles de 80 g\/m\u00b2.\",\"breadcrumb\":{\"@id\":\"https:\/\/www.albyco.com\/fr\/produit\/stago-hm6bs-machine-dagrafage-automatique\/#breadcrumb\"},\"inLanguage\":\"fr-FR\",\"potentialAction\":[{\"@type\":\"ReadAction\",\"target\":[\"https:\/\/www.albyco.com\/fr\/produit\/stago-hm6bs-machine-dagrafage-automatique\/\"]}]},{\"@type\":\"BreadcrumbList\",\"@id\":\"https:\/\/www.albyco.com\/fr\/produit\/stago-hm6bs-machine-dagrafage-automatique\/#breadcrumb\",\"itemListElement\":[{\"@type\":\"ListItem\",\"position\":1,\"name\":\"Home\",\"item\":\"https:\/\/www.albyco.com\/fr\/\"},{\"@type\":\"ListItem\",\"position\":2,\"name\":\"Les produits\",\"item\":\"https:\/\/www.albyco.com\/fr\/producten\/\"},{\"@type\":\"ListItem\",\"position\":3,\"name\":\"Stago HM6BS, machine d`agrafage automatique\"}]}]}<\/script>\n<!-- \/ Yoast SEO plugin. -->","yoast_head_json":{"title":"Stago HM6BS, machine d`agrafage automatique - Albyco","description":"Le Stago HM6BS est une machine d`agrafage automatique avec une t\u00eate d'agrafage avec une capacit\u00e9 d'adh\u00e9rence jusqu'\u00e0 60 feuilles de 80 g\/m\u00b2.","robots":{"index":"index","follow":"follow","max-snippet":"max-snippet:-1","max-image-preview":"max-image-preview:large","max-video-preview":"max-video-preview:-1"},"canonical":"https:\/\/www.albyco.com\/fr\/produit\/stago-hm6bs-machine-dagrafage-automatique\/","og_locale":"fr_FR","og_type":"article","og_title":"Stago HM6BS, machine d`agrafage automatique - Albyco","og_description":"Le Stago HM6BS est une machine d`agrafage automatique avec une t\u00eate d'agrafage avec une capacit\u00e9 d'adh\u00e9rence jusqu'\u00e0 60 feuilles de 80 g\/m\u00b2.","og_url":"https:\/\/www.albyco.com\/fr\/produit\/stago-hm6bs-machine-dagrafage-automatique\/","og_site_name":"Albyco","article_modified_time":"2018-02-22T12:00:47+00:00","og_image":[{"width":800,"height":800,"url":"https:\/\/www.albyco.com\/wp-content\/uploads\/2017\/06\/stago-stago-hm6bs-blok-en-brochurehechter_STAGOHM6BS.jpg","type":"image\/jpeg"}],"twitter_card":"summary","twitter_site":"@AlbycoNederland","twitter_misc":{"Dur\u00e9e de lecture estim\u00e9e":"1 minute"},"schema":{"@context":"https:\/\/schema.org","@graph":[{"@type":"Organization","@id":"https:\/\/www.albyco.com\/#organization","name":"Albyco Nederland B.V.","url":"https:\/\/www.albyco.com\/","sameAs":["https:\/\/www.linkedin.com\/company\/18015670\/","https:\/\/www.youtube.com\/user\/AlbycoNederland","https:\/\/nl.pinterest.com\/albyco","https:\/\/twitter.com\/AlbycoNederland"],"logo":{"@type":"ImageObject","@id":"https:\/\/www.albyco.com\/#logo","inLanguage":"fr-FR","url":"https:\/\/www.albyco.com\/wp-content\/uploads\/2017\/07\/albyco_logo_hd.png","contentUrl":"https:\/\/www.albyco.com\/wp-content\/uploads\/2017\/07\/albyco_logo_hd.png","width":300,"height":300,"caption":"Albyco Nederland B.V."},"image":{"@id":"https:\/\/www.albyco.com\/#logo"}},{"@type":"WebSite","@id":"https:\/\/www.albyco.com\/#website","url":"https:\/\/www.albyco.com\/","name":"Albyco","description":"Leverancier voor nabewerking van geprinte media","publisher":{"@id":"https:\/\/www.albyco.com\/#organization"},"potentialAction":[{"@type":"SearchAction","target":{"@type":"EntryPoint","urlTemplate":"https:\/\/www.albyco.com\/?s={search_term_string}"},"query-input":"required name=search_term_string"}],"inLanguage":"fr-FR"},{"@type":"ImageObject","@id":"https:\/\/www.albyco.com\/fr\/produit\/stago-hm6bs-machine-dagrafage-automatique\/#primaryimage","inLanguage":"fr-FR","url":"https:\/\/www.albyco.com\/wp-content\/uploads\/2017\/06\/stago-stago-hm6bs-blok-en-brochurehechter_STAGOHM6BS.jpg","contentUrl":"https:\/\/www.albyco.com\/wp-content\/uploads\/2017\/06\/stago-stago-hm6bs-blok-en-brochurehechter_STAGOHM6BS.jpg","width":800,"height":800,"caption":"Stago HM6BS, machine d`agrafage automatique"},{"@type":"WebPage","@id":"https:\/\/www.albyco.com\/fr\/produit\/stago-hm6bs-machine-dagrafage-automatique\/#webpage","url":"https:\/\/www.albyco.com\/fr\/produit\/stago-hm6bs-machine-dagrafage-automatique\/","name":"Stago HM6BS, machine d`agrafage automatique - Albyco","isPartOf":{"@id":"https:\/\/www.albyco.com\/#website"},"primaryImageOfPage":{"@id":"https:\/\/www.albyco.com\/fr\/produit\/stago-hm6bs-machine-dagrafage-automatique\/#primaryimage"},"datePublished":"2017-07-06T14:36:13+00:00","dateModified":"2018-02-22T12:00:47+00:00","description":"Le Stago HM6BS est une machine d`agrafage automatique avec une t\u00eate d'agrafage avec une capacit\u00e9 d'adh\u00e9rence jusqu'\u00e0 60 feuilles de 80 g\/m\u00b2.","breadcrumb":{"@id":"https:\/\/www.albyco.com\/fr\/produit\/stago-hm6bs-machine-dagrafage-automatique\/#breadcrumb"},"inLanguage":"fr-FR","potentialAction":[{"@type":"ReadAction","target":["https:\/\/www.albyco.com\/fr\/produit\/stago-hm6bs-machine-dagrafage-automatique\/"]}]},{"@type":"BreadcrumbList","@id":"https:\/\/www.albyco.com\/fr\/produit\/stago-hm6bs-machine-dagrafage-automatique\/#breadcrumb","itemListElement":[{"@type":"ListItem","position":1,"name":"Home","item":"https:\/\/www.albyco.com\/fr\/"},{"@type":"ListItem","position":2,"name":"Les produits","item":"https:\/\/www.albyco.com\/fr\/producten\/"},{"@type":"ListItem","position":3,"name":"Stago HM6BS, machine d`agrafage automatique"}]}]}},"_links":{"self":[{"href":"https:\/\/www.albyco.com\/fr\/wp-json\/wp\/v2\/product\/10831"}],"collection":[{"href":"https:\/\/www.albyco.com\/fr\/wp-json\/wp\/v2\/product"}],"about":[{"href":"https:\/\/www.albyco.com\/fr\/wp-json\/wp\/v2\/types\/product"}],"replies":[{"embeddable":true,"href":"https:\/\/www.albyco.com\/fr\/wp-json\/wp\/v2\/comments?post=10831"}],"wp:featuredmedia":[{"embeddable":true,"href":"https:\/\/www.albyco.com\/fr\/wp-json\/wp\/v2\/media\/7892"}],"wp:attachment":[{"href":"https:\/\/www.albyco.com\/fr\/wp-json\/wp\/v2\/media?parent=10831"}],"wp:term":[{"taxonomy":"product_cat","embeddable":true,"href":"https:\/\/www.albyco.com\/fr\/wp-json\/wp\/v2\/product_cat?post=10831"},{"taxonomy":"product_tag","embeddable":true,"href":"https:\/\/www.albyco.com\/fr\/wp-json\/wp\/v2\/product_tag?post=10831"}],"curies":[{"name":"wp","href":"https:\/\/api.w.org\/{rel}","templated":true}]}}