{"id":10805,"date":"2017-07-06T15:55:32","date_gmt":"2017-07-06T13:55:32","guid":{"rendered":"https:\/\/www.albyco.com\/product\/neolt-electro-power-trim-plus-series\/"},"modified":"2021-06-29T13:49:12","modified_gmt":"2021-06-29T11:49:12","slug":"neolt-electro-power-trim-series","status":"publish","type":"product","link":"https:\/\/www.albyco.com\/fr\/produit\/neolt-electro-power-trim-series\/","title":{"rendered":"Neolt Electro Power Trim Rogneuses"},"content":{"rendered":"<table style=\"width: 100%; border-collapse: collapse;\" border=\"0\">\r\n<tbody>\r\n<tr>\r\n<td style=\"width: 50%;\"><strong>La Electro Power Trim de Neolt<\/strong> est une d\u00e9coupeuse de roue \u00e9lectrique haute performance, con\u00e7ue avec les caract\u00e9ristiques technologiques les plus avanc\u00e9es et disponible dans une large gamme de longueurs de coupe. La disponibilit\u00e9 des versions 3.0-3.6 m\u00e8tres en fait le compl\u00e9ment id\u00e9al pour la finition de l&#8217;impression grand format.<\/td>\r\n<td style=\"width: 50%; text-align: center;\"><div class=\"epyt-video-wrapper\"><iframe  id=\"_ytid_79929\"  width=\"800\" height=\"450\"  data-origwidth=\"800\" data-origheight=\"450\"  data-relstop=\"1\" src=\"https:\/\/www.youtube.com\/embed\/JddpK086nuI?enablejsapi=1&autoplay=0&cc_load_policy=0&iv_load_policy=1&loop=0&modestbranding=0&fs=1&playsinline=1&controls=1&color=red&cc_lang_pref=&rel=0&autohide=2&theme=dark&\" class=\"__youtube_prefs__  no-lazyload\" title=\"YouTube player\"  allow=\"accelerometer; autoplay; clipboard-write; encrypted-media; gyroscope; picture-in-picture\" allowfullscreen data-no-lazy=\"1\" data-skipgform_ajax_framebjll=\"\"><\/iframe><\/div><\/td>\r\n<\/tr>\r\n<\/tbody>\r\n<\/table>\r\nLe Neolt Electro Power Trim poss\u00e8de une t\u00eate de coupe rotative robuste en acier tremp\u00e9, mont\u00e9e sur une poutre coulissante carr\u00e9e et un porte-couteau en acier inoxydable laqu\u00e9, mont\u00e9 sur une table de coupe renforc\u00e9e. Les parties m\u00e9talliques sont finies avec une laque \u00e9poxy offrant une r\u00e9sistance maximale \u00e0 la coupe et aux rayures. La version standard est munie d&#8217;un ch\u00e2ssis pour un bon positionnement \u00e0 travers les pieds r\u00e9glables, munie d&#8217;un sac de collecte de papier, de guides r\u00e9glables, d&#8217;une ligne de coupe fluorescente et d&#8217;un \u00e9clairage pour l&#8217;\u00e9clairage de la zone de coupe.\r\n\r\n<a href=\"https:\/\/www.albyco.com\/fr\/contactez-nous\/\"><img loading=\"lazy\" class=\"size-full wp-image-11223 alignleft\" src=\"https:\/\/www.albyco.com\/wp-content\/uploads\/2018\/02\/CTA-Albyco-fr-2.jpg\" alt=\"\" width=\"225\" height=\"141\" srcset=\"https:\/\/www.albyco.com\/wp-content\/uploads\/2018\/02\/CTA-Albyco-fr-2.jpg 225w, https:\/\/www.albyco.com\/wp-content\/uploads\/2018\/02\/CTA-Albyco-fr-2-100x63.jpg 100w, https:\/\/www.albyco.com\/wp-content\/uploads\/2018\/02\/CTA-Albyco-fr-2-24x15.jpg 24w, https:\/\/www.albyco.com\/wp-content\/uploads\/2018\/02\/CTA-Albyco-fr-2-36x23.jpg 36w, https:\/\/www.albyco.com\/wp-content\/uploads\/2018\/02\/CTA-Albyco-fr-2-48x30.jpg 48w\" sizes=\"(max-width: 225px) 100vw, 225px\" \/><\/a>","protected":false},"excerpt":{"rendered":"<p>La Electro Power Trim de Neolt est une d\u00e9coupeuse de roue \u00e9lectrique haute performance, con\u00e7ue avec les caract\u00e9ristiques technologiques les plus avanc\u00e9es et disponible dans une large gamme de longueurs de coupe.<\/p>\n","protected":false},"featured_media":29595,"comment_status":"open","ping_status":"closed","template":"","meta":[],"product_cat":[2300,2301,2789,3497,3498,2790,3496],"product_tag":[3499,2305,2744,2308],"yoast_head":"<!-- This site is optimized with the Yoast SEO plugin v18.6 - https:\/\/yoast.com\/wordpress\/plugins\/seo\/ -->\n<title>Neolt Electro Power Trim Rogneuses - Albyco<\/title>\n<meta name=\"description\" content=\"La Electro Power Trim de Neolt est une d\u00e9coupeuse de roue \u00e9lectrique haute performance, con\u00e7ue avec les caract\u00e9ristiques technologiques les plus avanc\u00e9es et disponible dans une large gamme de longueurs de coupe.\" \/>\n<meta name=\"robots\" content=\"index, follow, max-snippet:-1, max-image-preview:large, max-video-preview:-1\" \/>\n<link rel=\"canonical\" href=\"https:\/\/www.albyco.com\/fr\/produit\/neolt-electro-power-trim-series\/\" \/>\n<meta property=\"og:locale\" content=\"fr_FR\" \/>\n<meta property=\"og:type\" content=\"article\" \/>\n<meta property=\"og:title\" content=\"Neolt Electro Power Trim Rogneuses - Albyco\" \/>\n<meta property=\"og:description\" content=\"La Electro Power Trim de Neolt est une d\u00e9coupeuse de roue \u00e9lectrique haute performance, con\u00e7ue avec les caract\u00e9ristiques technologiques les plus avanc\u00e9es et disponible dans une large gamme de longueurs de coupe.\" \/>\n<meta property=\"og:url\" content=\"https:\/\/www.albyco.com\/fr\/produit\/neolt-electro-power-trim-series\/\" \/>\n<meta property=\"og:site_name\" content=\"Albyco\" \/>\n<meta property=\"article:modified_time\" content=\"2021-06-29T11:49:12+00:00\" \/>\n<meta property=\"og:image\" content=\"https:\/\/www.albyco.com\/wp-content\/uploads\/2017\/07\/Neolt-Electro-Power-Trim-1.jpg\" \/>\n\t<meta property=\"og:image:width\" content=\"1200\" \/>\n\t<meta property=\"og:image:height\" content=\"801\" \/>\n\t<meta property=\"og:image:type\" content=\"image\/jpeg\" \/>\n<meta name=\"twitter:card\" content=\"summary\" \/>\n<meta name=\"twitter:site\" content=\"@AlbycoNederland\" \/>\n<meta name=\"twitter:label1\" content=\"Dur\u00e9e de lecture estim\u00e9e\" \/>\n\t<meta name=\"twitter:data1\" content=\"1 minute\" \/>\n<script type=\"application\/ld+json\" class=\"yoast-schema-graph\">{\"@context\":\"https:\/\/schema.org\",\"@graph\":[{\"@type\":\"Organization\",\"@id\":\"https:\/\/www.albyco.com\/#organization\",\"name\":\"Albyco Nederland B.V.\",\"url\":\"https:\/\/www.albyco.com\/\",\"sameAs\":[\"https:\/\/www.linkedin.com\/company\/18015670\/\",\"https:\/\/www.youtube.com\/user\/AlbycoNederland\",\"https:\/\/nl.pinterest.com\/albyco\",\"https:\/\/twitter.com\/AlbycoNederland\"],\"logo\":{\"@type\":\"ImageObject\",\"@id\":\"https:\/\/www.albyco.com\/#logo\",\"inLanguage\":\"fr-FR\",\"url\":\"https:\/\/www.albyco.com\/wp-content\/uploads\/2017\/07\/albyco_logo_hd.png\",\"contentUrl\":\"https:\/\/www.albyco.com\/wp-content\/uploads\/2017\/07\/albyco_logo_hd.png\",\"width\":300,\"height\":300,\"caption\":\"Albyco Nederland B.V.\"},\"image\":{\"@id\":\"https:\/\/www.albyco.com\/#logo\"}},{\"@type\":\"WebSite\",\"@id\":\"https:\/\/www.albyco.com\/#website\",\"url\":\"https:\/\/www.albyco.com\/\",\"name\":\"Albyco\",\"description\":\"Leverancier voor nabewerking van geprinte media\",\"publisher\":{\"@id\":\"https:\/\/www.albyco.com\/#organization\"},\"potentialAction\":[{\"@type\":\"SearchAction\",\"target\":{\"@type\":\"EntryPoint\",\"urlTemplate\":\"https:\/\/www.albyco.com\/?s={search_term_string}\"},\"query-input\":\"required name=search_term_string\"}],\"inLanguage\":\"fr-FR\"},{\"@type\":\"ImageObject\",\"@id\":\"https:\/\/www.albyco.com\/fr\/produit\/neolt-electro-power-trim-series\/#primaryimage\",\"inLanguage\":\"fr-FR\",\"url\":\"https:\/\/www.albyco.com\/wp-content\/uploads\/2017\/07\/Neolt-Electro-Power-Trim-1.jpg\",\"contentUrl\":\"https:\/\/www.albyco.com\/wp-content\/uploads\/2017\/07\/Neolt-Electro-Power-Trim-1.jpg\",\"width\":1200,\"height\":801,\"caption\":\"Neolt Electro Power Trim Rogneuses\"},{\"@type\":\"WebPage\",\"@id\":\"https:\/\/www.albyco.com\/fr\/produit\/neolt-electro-power-trim-series\/#webpage\",\"url\":\"https:\/\/www.albyco.com\/fr\/produit\/neolt-electro-power-trim-series\/\",\"name\":\"Neolt Electro Power Trim Rogneuses - Albyco\",\"isPartOf\":{\"@id\":\"https:\/\/www.albyco.com\/#website\"},\"primaryImageOfPage\":{\"@id\":\"https:\/\/www.albyco.com\/fr\/produit\/neolt-electro-power-trim-series\/#primaryimage\"},\"datePublished\":\"2017-07-06T13:55:32+00:00\",\"dateModified\":\"2021-06-29T11:49:12+00:00\",\"description\":\"La Electro Power Trim de Neolt est une d\u00e9coupeuse de roue \u00e9lectrique haute performance, con\u00e7ue avec les caract\u00e9ristiques technologiques les plus avanc\u00e9es et disponible dans une large gamme de longueurs de coupe.\",\"breadcrumb\":{\"@id\":\"https:\/\/www.albyco.com\/fr\/produit\/neolt-electro-power-trim-series\/#breadcrumb\"},\"inLanguage\":\"fr-FR\",\"potentialAction\":[{\"@type\":\"ReadAction\",\"target\":[\"https:\/\/www.albyco.com\/fr\/produit\/neolt-electro-power-trim-series\/\"]}]},{\"@type\":\"BreadcrumbList\",\"@id\":\"https:\/\/www.albyco.com\/fr\/produit\/neolt-electro-power-trim-series\/#breadcrumb\",\"itemListElement\":[{\"@type\":\"ListItem\",\"position\":1,\"name\":\"Home\",\"item\":\"https:\/\/www.albyco.com\/fr\/\"},{\"@type\":\"ListItem\",\"position\":2,\"name\":\"Les produits\",\"item\":\"https:\/\/www.albyco.com\/fr\/producten\/\"},{\"@type\":\"ListItem\",\"position\":3,\"name\":\"Neolt Electro Power Trim Rogneuses\"}]}]}<\/script>\n<!-- \/ Yoast SEO plugin. -->","yoast_head_json":{"title":"Neolt Electro Power Trim Rogneuses - Albyco","description":"La Electro Power Trim de Neolt est une d\u00e9coupeuse de roue \u00e9lectrique haute performance, con\u00e7ue avec les caract\u00e9ristiques technologiques les plus avanc\u00e9es et disponible dans une large gamme de longueurs de coupe.","robots":{"index":"index","follow":"follow","max-snippet":"max-snippet:-1","max-image-preview":"max-image-preview:large","max-video-preview":"max-video-preview:-1"},"canonical":"https:\/\/www.albyco.com\/fr\/produit\/neolt-electro-power-trim-series\/","og_locale":"fr_FR","og_type":"article","og_title":"Neolt Electro Power Trim Rogneuses - Albyco","og_description":"La Electro Power Trim de Neolt est une d\u00e9coupeuse de roue \u00e9lectrique haute performance, con\u00e7ue avec les caract\u00e9ristiques technologiques les plus avanc\u00e9es et disponible dans une large gamme de longueurs de coupe.","og_url":"https:\/\/www.albyco.com\/fr\/produit\/neolt-electro-power-trim-series\/","og_site_name":"Albyco","article_modified_time":"2021-06-29T11:49:12+00:00","og_image":[{"width":1200,"height":801,"url":"https:\/\/www.albyco.com\/wp-content\/uploads\/2017\/07\/Neolt-Electro-Power-Trim-1.jpg","type":"image\/jpeg"}],"twitter_card":"summary","twitter_site":"@AlbycoNederland","twitter_misc":{"Dur\u00e9e de lecture estim\u00e9e":"1 minute"},"schema":{"@context":"https:\/\/schema.org","@graph":[{"@type":"Organization","@id":"https:\/\/www.albyco.com\/#organization","name":"Albyco Nederland B.V.","url":"https:\/\/www.albyco.com\/","sameAs":["https:\/\/www.linkedin.com\/company\/18015670\/","https:\/\/www.youtube.com\/user\/AlbycoNederland","https:\/\/nl.pinterest.com\/albyco","https:\/\/twitter.com\/AlbycoNederland"],"logo":{"@type":"ImageObject","@id":"https:\/\/www.albyco.com\/#logo","inLanguage":"fr-FR","url":"https:\/\/www.albyco.com\/wp-content\/uploads\/2017\/07\/albyco_logo_hd.png","contentUrl":"https:\/\/www.albyco.com\/wp-content\/uploads\/2017\/07\/albyco_logo_hd.png","width":300,"height":300,"caption":"Albyco Nederland B.V."},"image":{"@id":"https:\/\/www.albyco.com\/#logo"}},{"@type":"WebSite","@id":"https:\/\/www.albyco.com\/#website","url":"https:\/\/www.albyco.com\/","name":"Albyco","description":"Leverancier voor nabewerking van geprinte media","publisher":{"@id":"https:\/\/www.albyco.com\/#organization"},"potentialAction":[{"@type":"SearchAction","target":{"@type":"EntryPoint","urlTemplate":"https:\/\/www.albyco.com\/?s={search_term_string}"},"query-input":"required name=search_term_string"}],"inLanguage":"fr-FR"},{"@type":"ImageObject","@id":"https:\/\/www.albyco.com\/fr\/produit\/neolt-electro-power-trim-series\/#primaryimage","inLanguage":"fr-FR","url":"https:\/\/www.albyco.com\/wp-content\/uploads\/2017\/07\/Neolt-Electro-Power-Trim-1.jpg","contentUrl":"https:\/\/www.albyco.com\/wp-content\/uploads\/2017\/07\/Neolt-Electro-Power-Trim-1.jpg","width":1200,"height":801,"caption":"Neolt Electro Power Trim Rogneuses"},{"@type":"WebPage","@id":"https:\/\/www.albyco.com\/fr\/produit\/neolt-electro-power-trim-series\/#webpage","url":"https:\/\/www.albyco.com\/fr\/produit\/neolt-electro-power-trim-series\/","name":"Neolt Electro Power Trim Rogneuses - Albyco","isPartOf":{"@id":"https:\/\/www.albyco.com\/#website"},"primaryImageOfPage":{"@id":"https:\/\/www.albyco.com\/fr\/produit\/neolt-electro-power-trim-series\/#primaryimage"},"datePublished":"2017-07-06T13:55:32+00:00","dateModified":"2021-06-29T11:49:12+00:00","description":"La Electro Power Trim de Neolt est une d\u00e9coupeuse de roue \u00e9lectrique haute performance, con\u00e7ue avec les caract\u00e9ristiques technologiques les plus avanc\u00e9es et disponible dans une large gamme de longueurs de coupe.","breadcrumb":{"@id":"https:\/\/www.albyco.com\/fr\/produit\/neolt-electro-power-trim-series\/#breadcrumb"},"inLanguage":"fr-FR","potentialAction":[{"@type":"ReadAction","target":["https:\/\/www.albyco.com\/fr\/produit\/neolt-electro-power-trim-series\/"]}]},{"@type":"BreadcrumbList","@id":"https:\/\/www.albyco.com\/fr\/produit\/neolt-electro-power-trim-series\/#breadcrumb","itemListElement":[{"@type":"ListItem","position":1,"name":"Home","item":"https:\/\/www.albyco.com\/fr\/"},{"@type":"ListItem","position":2,"name":"Les produits","item":"https:\/\/www.albyco.com\/fr\/producten\/"},{"@type":"ListItem","position":3,"name":"Neolt Electro Power Trim Rogneuses"}]}]}},"_links":{"self":[{"href":"https:\/\/www.albyco.com\/fr\/wp-json\/wp\/v2\/product\/10805"}],"collection":[{"href":"https:\/\/www.albyco.com\/fr\/wp-json\/wp\/v2\/product"}],"about":[{"href":"https:\/\/www.albyco.com\/fr\/wp-json\/wp\/v2\/types\/product"}],"replies":[{"embeddable":true,"href":"https:\/\/www.albyco.com\/fr\/wp-json\/wp\/v2\/comments?post=10805"}],"wp:featuredmedia":[{"embeddable":true,"href":"https:\/\/www.albyco.com\/fr\/wp-json\/wp\/v2\/media\/29595"}],"wp:attachment":[{"href":"https:\/\/www.albyco.com\/fr\/wp-json\/wp\/v2\/media?parent=10805"}],"wp:term":[{"taxonomy":"product_cat","embeddable":true,"href":"https:\/\/www.albyco.com\/fr\/wp-json\/wp\/v2\/product_cat?post=10805"},{"taxonomy":"product_tag","embeddable":true,"href":"https:\/\/www.albyco.com\/fr\/wp-json\/wp\/v2\/product_tag?post=10805"}],"curies":[{"name":"wp","href":"https:\/\/api.w.org\/{rel}","templated":true}]}}