{"id":10793,"date":"2017-07-06T14:26:45","date_gmt":"2017-07-06T12:26:45","guid":{"rendered":"https:\/\/www.albyco.com\/product\/neolt-sword-systeme-de-coupe-de-mousses\/"},"modified":"2018-02-20T16:23:33","modified_gmt":"2018-02-20T15:23:33","slug":"neolt-sword-systeme-de-coupe-de-mousses","status":"publish","type":"product","link":"https:\/\/www.albyco.com\/fr\/produit\/neolt-sword-systeme-de-coupe-de-mousses\/","title":{"rendered":"Neolt Sword, syst\u00e8me de coupe de mousses"},"content":{"rendered":"<p class=\"p1\">Le Neolt Sword est un syst\u00e8me de coupe de panneau de mousse verticales con\u00e7u pour couper la mousse standard telle que KapaFix et Forex, avec une lame en option \u00e9galement pour couper le DiBond et le verre, disponible en trois hauteurs de coupe, 165, 210 et 310 cm.<\/p>\r\n<p class=\"p1\">S\u00e9rie Neolt Sword:<\/p>\r\n<p class=\"p1\">Indication millim\u00e9trique pour un positionnement pr\u00e9cis<\/p>\r\n<p class=\"p1\">Construction robuste, fiable et l\u00e9g\u00e8re<\/p>\r\n<p class=\"p1\">Changement de lames<span class=\"Apple-converted-space\">\u00a0 <\/span>rapide, toujours deux lames install\u00e9es, troisi\u00e8me option (DiBond et aluminium)<\/p>\r\n<p class=\"p1\">En option: outil V-Cut pour coupe d&#8217;angle 45 \u00b0 et 60 \u00b0, disque de coupe en diamant pour verre, \u00e9tag\u00e8re inf\u00e9rieure d&#8217;extension pour mat\u00e9riaux plus grands.<\/p>\r\n&nbsp;\r\n\r\n<a href=\"https:\/\/www.albyco.com\/fr\/contactez-nous\/\"><img loading=\"lazy\" class=\"size-full wp-image-11223 alignleft\" src=\"https:\/\/www.albyco.com\/wp-content\/uploads\/2018\/02\/CTA-Albyco-fr-2.jpg\" alt=\"\" width=\"225\" height=\"141\" srcset=\"https:\/\/www.albyco.com\/wp-content\/uploads\/2018\/02\/CTA-Albyco-fr-2.jpg 225w, https:\/\/www.albyco.com\/wp-content\/uploads\/2018\/02\/CTA-Albyco-fr-2-100x63.jpg 100w, https:\/\/www.albyco.com\/wp-content\/uploads\/2018\/02\/CTA-Albyco-fr-2-24x15.jpg 24w, https:\/\/www.albyco.com\/wp-content\/uploads\/2018\/02\/CTA-Albyco-fr-2-36x23.jpg 36w, https:\/\/www.albyco.com\/wp-content\/uploads\/2018\/02\/CTA-Albyco-fr-2-48x30.jpg 48w\" sizes=\"(max-width: 225px) 100vw, 225px\" \/><\/a>","protected":false},"excerpt":{"rendered":"<p>Le Neolt Sword est un syst\u00e8me de coupe de panneau de mousse verticales<\/p>\n","protected":false},"featured_media":7926,"comment_status":"open","ping_status":"closed","template":"","meta":[],"product_cat":[2300,2301,3476],"product_tag":[3477,3478,3479,3480,3481,2737],"yoast_head":"<!-- This site is optimized with the Yoast SEO plugin v18.6 - https:\/\/yoast.com\/wordpress\/plugins\/seo\/ -->\n<title>Neolt Sword, syst\u00e8me de coupe de mousses - Albyco<\/title>\n<meta name=\"description\" content=\"Le Neolt Sword est un syst\u00e8me de coupe de panneau de mousse verticales\" \/>\n<meta name=\"robots\" content=\"index, follow, max-snippet:-1, max-image-preview:large, max-video-preview:-1\" \/>\n<link rel=\"canonical\" href=\"https:\/\/www.albyco.com\/fr\/produit\/neolt-sword-systeme-de-coupe-de-mousses\/\" \/>\n<meta property=\"og:locale\" content=\"fr_FR\" \/>\n<meta property=\"og:type\" content=\"article\" \/>\n<meta property=\"og:title\" content=\"Neolt Sword, syst\u00e8me de coupe de mousses - Albyco\" \/>\n<meta property=\"og:description\" content=\"Le Neolt Sword est un syst\u00e8me de coupe de panneau de mousse verticales\" \/>\n<meta property=\"og:url\" content=\"https:\/\/www.albyco.com\/fr\/produit\/neolt-sword-systeme-de-coupe-de-mousses\/\" \/>\n<meta property=\"og:site_name\" content=\"Albyco\" \/>\n<meta property=\"article:modified_time\" content=\"2018-02-20T15:23:33+00:00\" \/>\n<meta property=\"og:image\" content=\"https:\/\/www.albyco.com\/wp-content\/uploads\/2017\/06\/neolt-neolt-sword-foamsnijder_NEOLTSWORD165.jpg\" \/>\n\t<meta property=\"og:image:width\" content=\"682\" \/>\n\t<meta property=\"og:image:height\" content=\"1024\" \/>\n\t<meta property=\"og:image:type\" content=\"image\/jpeg\" \/>\n<meta name=\"twitter:card\" content=\"summary\" \/>\n<meta name=\"twitter:site\" content=\"@AlbycoNederland\" \/>\n<meta name=\"twitter:label1\" content=\"Dur\u00e9e de lecture estim\u00e9e\" \/>\n\t<meta name=\"twitter:data1\" content=\"1 minute\" \/>\n<script type=\"application\/ld+json\" class=\"yoast-schema-graph\">{\"@context\":\"https:\/\/schema.org\",\"@graph\":[{\"@type\":\"Organization\",\"@id\":\"https:\/\/www.albyco.com\/#organization\",\"name\":\"Albyco Nederland B.V.\",\"url\":\"https:\/\/www.albyco.com\/\",\"sameAs\":[\"https:\/\/www.linkedin.com\/company\/18015670\/\",\"https:\/\/www.youtube.com\/user\/AlbycoNederland\",\"https:\/\/nl.pinterest.com\/albyco\",\"https:\/\/twitter.com\/AlbycoNederland\"],\"logo\":{\"@type\":\"ImageObject\",\"@id\":\"https:\/\/www.albyco.com\/#logo\",\"inLanguage\":\"fr-FR\",\"url\":\"https:\/\/www.albyco.com\/wp-content\/uploads\/2017\/07\/albyco_logo_hd.png\",\"contentUrl\":\"https:\/\/www.albyco.com\/wp-content\/uploads\/2017\/07\/albyco_logo_hd.png\",\"width\":300,\"height\":300,\"caption\":\"Albyco Nederland B.V.\"},\"image\":{\"@id\":\"https:\/\/www.albyco.com\/#logo\"}},{\"@type\":\"WebSite\",\"@id\":\"https:\/\/www.albyco.com\/#website\",\"url\":\"https:\/\/www.albyco.com\/\",\"name\":\"Albyco\",\"description\":\"Leverancier voor nabewerking van geprinte media\",\"publisher\":{\"@id\":\"https:\/\/www.albyco.com\/#organization\"},\"potentialAction\":[{\"@type\":\"SearchAction\",\"target\":{\"@type\":\"EntryPoint\",\"urlTemplate\":\"https:\/\/www.albyco.com\/?s={search_term_string}\"},\"query-input\":\"required name=search_term_string\"}],\"inLanguage\":\"fr-FR\"},{\"@type\":\"ImageObject\",\"@id\":\"https:\/\/www.albyco.com\/fr\/produit\/neolt-sword-systeme-de-coupe-de-mousses\/#primaryimage\",\"inLanguage\":\"fr-FR\",\"url\":\"https:\/\/www.albyco.com\/wp-content\/uploads\/2017\/06\/neolt-neolt-sword-foamsnijder_NEOLTSWORD165.jpg\",\"contentUrl\":\"https:\/\/www.albyco.com\/wp-content\/uploads\/2017\/06\/neolt-neolt-sword-foamsnijder_NEOLTSWORD165.jpg\",\"width\":682,\"height\":1024,\"caption\":\"Neolt Sword, syst\u00e8me de coupe de mousses\"},{\"@type\":\"WebPage\",\"@id\":\"https:\/\/www.albyco.com\/fr\/produit\/neolt-sword-systeme-de-coupe-de-mousses\/#webpage\",\"url\":\"https:\/\/www.albyco.com\/fr\/produit\/neolt-sword-systeme-de-coupe-de-mousses\/\",\"name\":\"Neolt Sword, syst\u00e8me de coupe de mousses - Albyco\",\"isPartOf\":{\"@id\":\"https:\/\/www.albyco.com\/#website\"},\"primaryImageOfPage\":{\"@id\":\"https:\/\/www.albyco.com\/fr\/produit\/neolt-sword-systeme-de-coupe-de-mousses\/#primaryimage\"},\"datePublished\":\"2017-07-06T12:26:45+00:00\",\"dateModified\":\"2018-02-20T15:23:33+00:00\",\"description\":\"Le Neolt Sword est un syst\u00e8me de coupe de panneau de mousse verticales\",\"breadcrumb\":{\"@id\":\"https:\/\/www.albyco.com\/fr\/produit\/neolt-sword-systeme-de-coupe-de-mousses\/#breadcrumb\"},\"inLanguage\":\"fr-FR\",\"potentialAction\":[{\"@type\":\"ReadAction\",\"target\":[\"https:\/\/www.albyco.com\/fr\/produit\/neolt-sword-systeme-de-coupe-de-mousses\/\"]}]},{\"@type\":\"BreadcrumbList\",\"@id\":\"https:\/\/www.albyco.com\/fr\/produit\/neolt-sword-systeme-de-coupe-de-mousses\/#breadcrumb\",\"itemListElement\":[{\"@type\":\"ListItem\",\"position\":1,\"name\":\"Home\",\"item\":\"https:\/\/www.albyco.com\/fr\/\"},{\"@type\":\"ListItem\",\"position\":2,\"name\":\"Les produits\",\"item\":\"https:\/\/www.albyco.com\/fr\/producten\/\"},{\"@type\":\"ListItem\",\"position\":3,\"name\":\"Neolt Sword, syst\u00e8me de coupe de mousses\"}]}]}<\/script>\n<!-- \/ Yoast SEO plugin. -->","yoast_head_json":{"title":"Neolt Sword, syst\u00e8me de coupe de mousses - Albyco","description":"Le Neolt Sword est un syst\u00e8me de coupe de panneau de mousse verticales","robots":{"index":"index","follow":"follow","max-snippet":"max-snippet:-1","max-image-preview":"max-image-preview:large","max-video-preview":"max-video-preview:-1"},"canonical":"https:\/\/www.albyco.com\/fr\/produit\/neolt-sword-systeme-de-coupe-de-mousses\/","og_locale":"fr_FR","og_type":"article","og_title":"Neolt Sword, syst\u00e8me de coupe de mousses - Albyco","og_description":"Le Neolt Sword est un syst\u00e8me de coupe de panneau de mousse verticales","og_url":"https:\/\/www.albyco.com\/fr\/produit\/neolt-sword-systeme-de-coupe-de-mousses\/","og_site_name":"Albyco","article_modified_time":"2018-02-20T15:23:33+00:00","og_image":[{"width":682,"height":1024,"url":"https:\/\/www.albyco.com\/wp-content\/uploads\/2017\/06\/neolt-neolt-sword-foamsnijder_NEOLTSWORD165.jpg","type":"image\/jpeg"}],"twitter_card":"summary","twitter_site":"@AlbycoNederland","twitter_misc":{"Dur\u00e9e de lecture estim\u00e9e":"1 minute"},"schema":{"@context":"https:\/\/schema.org","@graph":[{"@type":"Organization","@id":"https:\/\/www.albyco.com\/#organization","name":"Albyco Nederland B.V.","url":"https:\/\/www.albyco.com\/","sameAs":["https:\/\/www.linkedin.com\/company\/18015670\/","https:\/\/www.youtube.com\/user\/AlbycoNederland","https:\/\/nl.pinterest.com\/albyco","https:\/\/twitter.com\/AlbycoNederland"],"logo":{"@type":"ImageObject","@id":"https:\/\/www.albyco.com\/#logo","inLanguage":"fr-FR","url":"https:\/\/www.albyco.com\/wp-content\/uploads\/2017\/07\/albyco_logo_hd.png","contentUrl":"https:\/\/www.albyco.com\/wp-content\/uploads\/2017\/07\/albyco_logo_hd.png","width":300,"height":300,"caption":"Albyco Nederland B.V."},"image":{"@id":"https:\/\/www.albyco.com\/#logo"}},{"@type":"WebSite","@id":"https:\/\/www.albyco.com\/#website","url":"https:\/\/www.albyco.com\/","name":"Albyco","description":"Leverancier voor nabewerking van geprinte media","publisher":{"@id":"https:\/\/www.albyco.com\/#organization"},"potentialAction":[{"@type":"SearchAction","target":{"@type":"EntryPoint","urlTemplate":"https:\/\/www.albyco.com\/?s={search_term_string}"},"query-input":"required name=search_term_string"}],"inLanguage":"fr-FR"},{"@type":"ImageObject","@id":"https:\/\/www.albyco.com\/fr\/produit\/neolt-sword-systeme-de-coupe-de-mousses\/#primaryimage","inLanguage":"fr-FR","url":"https:\/\/www.albyco.com\/wp-content\/uploads\/2017\/06\/neolt-neolt-sword-foamsnijder_NEOLTSWORD165.jpg","contentUrl":"https:\/\/www.albyco.com\/wp-content\/uploads\/2017\/06\/neolt-neolt-sword-foamsnijder_NEOLTSWORD165.jpg","width":682,"height":1024,"caption":"Neolt Sword, syst\u00e8me de coupe de mousses"},{"@type":"WebPage","@id":"https:\/\/www.albyco.com\/fr\/produit\/neolt-sword-systeme-de-coupe-de-mousses\/#webpage","url":"https:\/\/www.albyco.com\/fr\/produit\/neolt-sword-systeme-de-coupe-de-mousses\/","name":"Neolt Sword, syst\u00e8me de coupe de mousses - Albyco","isPartOf":{"@id":"https:\/\/www.albyco.com\/#website"},"primaryImageOfPage":{"@id":"https:\/\/www.albyco.com\/fr\/produit\/neolt-sword-systeme-de-coupe-de-mousses\/#primaryimage"},"datePublished":"2017-07-06T12:26:45+00:00","dateModified":"2018-02-20T15:23:33+00:00","description":"Le Neolt Sword est un syst\u00e8me de coupe de panneau de mousse verticales","breadcrumb":{"@id":"https:\/\/www.albyco.com\/fr\/produit\/neolt-sword-systeme-de-coupe-de-mousses\/#breadcrumb"},"inLanguage":"fr-FR","potentialAction":[{"@type":"ReadAction","target":["https:\/\/www.albyco.com\/fr\/produit\/neolt-sword-systeme-de-coupe-de-mousses\/"]}]},{"@type":"BreadcrumbList","@id":"https:\/\/www.albyco.com\/fr\/produit\/neolt-sword-systeme-de-coupe-de-mousses\/#breadcrumb","itemListElement":[{"@type":"ListItem","position":1,"name":"Home","item":"https:\/\/www.albyco.com\/fr\/"},{"@type":"ListItem","position":2,"name":"Les produits","item":"https:\/\/www.albyco.com\/fr\/producten\/"},{"@type":"ListItem","position":3,"name":"Neolt Sword, syst\u00e8me de coupe de mousses"}]}]}},"_links":{"self":[{"href":"https:\/\/www.albyco.com\/fr\/wp-json\/wp\/v2\/product\/10793"}],"collection":[{"href":"https:\/\/www.albyco.com\/fr\/wp-json\/wp\/v2\/product"}],"about":[{"href":"https:\/\/www.albyco.com\/fr\/wp-json\/wp\/v2\/types\/product"}],"replies":[{"embeddable":true,"href":"https:\/\/www.albyco.com\/fr\/wp-json\/wp\/v2\/comments?post=10793"}],"wp:featuredmedia":[{"embeddable":true,"href":"https:\/\/www.albyco.com\/fr\/wp-json\/wp\/v2\/media\/7926"}],"wp:attachment":[{"href":"https:\/\/www.albyco.com\/fr\/wp-json\/wp\/v2\/media?parent=10793"}],"wp:term":[{"taxonomy":"product_cat","embeddable":true,"href":"https:\/\/www.albyco.com\/fr\/wp-json\/wp\/v2\/product_cat?post=10793"},{"taxonomy":"product_tag","embeddable":true,"href":"https:\/\/www.albyco.com\/fr\/wp-json\/wp\/v2\/product_tag?post=10793"}],"curies":[{"name":"wp","href":"https:\/\/api.w.org\/{rel}","templated":true}]}}