{"id":10791,"date":"2018-01-24T14:21:43","date_gmt":"2018-01-24T13:21:43","guid":{"rendered":"https:\/\/www.albyco.com\/product\/renz-dtp-340-a-rapide-fiable-robuste-semi-automatique-poinconneuse-de-bureau\/"},"modified":"2021-05-26T17:06:13","modified_gmt":"2021-05-26T15:06:13","slug":"renz-dtp-340-a-rapide-fiable-robuste-semi-automatique-poinconneuse-de-bureau","status":"publish","type":"product","link":"https:\/\/www.albyco.com\/fr\/produit\/renz-dtp-340-a-rapide-fiable-robuste-semi-automatique-poinconneuse-de-bureau\/","title":{"rendered":"Renz DTP 340 A"},"content":{"rendered":"<table style=\"width: 100%; border-collapse: collapse;\" border=\"0\">\r\n<tbody>\r\n<tr>\r\n<td style=\"width: 50%;\">\r\n<p class=\"p1\"><strong>Renz DTP 340 A<\/strong>, rapide, fiable, robuste, semi-automatique, poin\u00e7onneuse de bureau, machine tr\u00e8s polyvalente pour tous les types de travaux de poin\u00e7onnage.<\/p>\r\n<p class=\"p1\">Perforations perforations pour fil (2: 1 et 3: 1) et anneaux de reliure en plastique. Transporte automatiquement le papier de la machine dans le bac de r\u00e9ception apr\u00e8s la frappe. La machine la plus rapide de sa cat\u00e9gorie avec le transport automatique du papier. Jusqu&#8217;\u00e0 3 fois plus rapide qu&#8217;une machine de bureau standard. QSA (Quick Size Adjustment) pour une grande flexibilit\u00e9 des diff\u00e9rentes tailles de papier. Alimentation papier verticale pour un poin\u00e7onnage pr\u00e9cis.<\/p>\r\n<\/td>\r\n<td style=\"width: 50%;\"><div class=\"epyt-video-wrapper\"><iframe  id=\"_ytid_47305\"  width=\"800\" height=\"450\"  data-origwidth=\"800\" data-origheight=\"450\"  data-relstop=\"1\" src=\"https:\/\/www.youtube.com\/embed\/uw4vNqbRkHQ?enablejsapi=1&autoplay=0&cc_load_policy=0&iv_load_policy=1&loop=0&modestbranding=0&fs=1&playsinline=1&controls=1&color=red&cc_lang_pref=&rel=0&autohide=2&theme=dark&\" class=\"__youtube_prefs__  no-lazyload\" title=\"YouTube player\"  allow=\"accelerometer; autoplay; clipboard-write; encrypted-media; gyroscope; picture-in-picture\" allowfullscreen data-no-lazy=\"1\" data-skipgform_ajax_framebjll=\"\"><\/iframe><\/div><\/td>\r\n<\/tr>\r\n<\/tbody>\r\n<\/table>\r\n<p class=\"p1\">Max. nombre de coups par heure 1200<\/p>\r\n<p class=\"p1\">Min. largeur de perforation 10 mm<\/p>\r\n<p class=\"p1\">Max. largeur de perforation340 mm<\/p>\r\n<p class=\"p1\">Min. longueur non perfor\u00e9e 110 mm<\/p>\r\n<p class=\"p1\">Max. longueur non perfor\u00e9e 800 mm<\/p>\r\n<p class=\"p1\">Max. \u00e9paisseur de perforation 3,5 mm<\/p>\r\n<p class=\"p1\">Contr\u00f4le de la perforation Capteur ou p\u00e9dale<\/p>\r\n<p class=\"p1\">Blocs de perforation disponibles 3: 1, 2: 1 fil, calendrier, bobine, bagues de reliure en plastique<\/p>\r\n<p class=\"p1\">Type de bloc de perforation Standard<\/p>\r\n<p class=\"p1\">Lames de perforaration<span class=\"Apple-converted-space\">\u00a0 <\/span>commutables (QSA) Oui<\/p>\r\n<p class=\"p1\">Blocs de perforation personnalis\u00e9s<\/p>\r\n<p class=\"p1\">Profondeur de perforation r\u00e9glable Oui<\/p>\r\n<p class=\"p1\">Temps de changement du bloc de perforation 2 min<\/p>\r\n<p class=\"p1\">Dimensions de la machine L xlxh 880 x 640 x 380 mm<\/p>\r\n<p class=\"p1\">Poids de la machine 53 kg<\/p>\r\n<p class=\"p1\">Consommation \u00e9lectrique 300 W<\/p>\r\n<a href=\"https:\/\/www.albyco.com\/fr\/contactez-nous\/\"><img loading=\"lazy\" class=\"size-full wp-image-11223 alignleft\" src=\"https:\/\/www.albyco.com\/wp-content\/uploads\/2018\/02\/CTA-Albyco-fr-2.jpg\" alt=\"\" width=\"225\" height=\"141\" srcset=\"https:\/\/www.albyco.com\/wp-content\/uploads\/2018\/02\/CTA-Albyco-fr-2.jpg 225w, https:\/\/www.albyco.com\/wp-content\/uploads\/2018\/02\/CTA-Albyco-fr-2-100x63.jpg 100w, https:\/\/www.albyco.com\/wp-content\/uploads\/2018\/02\/CTA-Albyco-fr-2-24x15.jpg 24w, https:\/\/www.albyco.com\/wp-content\/uploads\/2018\/02\/CTA-Albyco-fr-2-36x23.jpg 36w, https:\/\/www.albyco.com\/wp-content\/uploads\/2018\/02\/CTA-Albyco-fr-2-48x30.jpg 48w\" sizes=\"(max-width: 225px) 100vw, 225px\" \/><\/a>","protected":false},"excerpt":{"rendered":"<p>Renz DTP 340 A, rapide, fiable, robuste, semi-automatique, poin\u00e7onneuse de bureau, machine tr\u00e8s polyvalente pour tous les types de travaux de poin\u00e7onnage.<\/p>\n","protected":false},"featured_media":7935,"comment_status":"open","ping_status":"closed","template":"","meta":[],"product_cat":[2300,2316,2749,2751],"product_tag":[2752,2753,2770,2771,2324,3435,2750],"yoast_head":"<!-- This site is optimized with the Yoast SEO plugin v18.6 - https:\/\/yoast.com\/wordpress\/plugins\/seo\/ -->\n<title>Renz DTP 340 A - Albyco<\/title>\n<meta name=\"description\" content=\"Renz DTP 340 A, rapide, fiable, robuste, semi-automatique, poin\u00e7onneuse de bureau, machine tr\u00e8s polyvalente pour tous les types de travaux de poin\u00e7onnage.\" \/>\n<meta name=\"robots\" content=\"index, follow, max-snippet:-1, max-image-preview:large, max-video-preview:-1\" \/>\n<link rel=\"canonical\" href=\"https:\/\/www.albyco.com\/fr\/produit\/renz-dtp-340-a-rapide-fiable-robuste-semi-automatique-poinconneuse-de-bureau\/\" \/>\n<meta property=\"og:locale\" content=\"fr_FR\" \/>\n<meta property=\"og:type\" content=\"article\" \/>\n<meta property=\"og:title\" content=\"Renz DTP 340 A - Albyco\" \/>\n<meta property=\"og:description\" content=\"Renz DTP 340 A, rapide, fiable, robuste, semi-automatique, poin\u00e7onneuse de bureau, machine tr\u00e8s polyvalente pour tous les types de travaux de poin\u00e7onnage.\" \/>\n<meta property=\"og:url\" content=\"https:\/\/www.albyco.com\/fr\/produit\/renz-dtp-340-a-rapide-fiable-robuste-semi-automatique-poinconneuse-de-bureau\/\" \/>\n<meta property=\"og:site_name\" content=\"Albyco\" \/>\n<meta property=\"article:modified_time\" content=\"2021-05-26T15:06:13+00:00\" \/>\n<meta property=\"og:image\" content=\"https:\/\/www.albyco.com\/wp-content\/uploads\/2017\/06\/renz-renz-dtp340a_RENZDTP340A.jpg\" \/>\n\t<meta property=\"og:image:width\" content=\"1024\" \/>\n\t<meta property=\"og:image:height\" content=\"716\" \/>\n\t<meta property=\"og:image:type\" content=\"image\/jpeg\" \/>\n<meta name=\"twitter:card\" content=\"summary\" \/>\n<meta name=\"twitter:site\" content=\"@AlbycoNederland\" \/>\n<meta name=\"twitter:label1\" content=\"Dur\u00e9e de lecture estim\u00e9e\" \/>\n\t<meta name=\"twitter:data1\" content=\"1 minute\" \/>\n<script type=\"application\/ld+json\" class=\"yoast-schema-graph\">{\"@context\":\"https:\/\/schema.org\",\"@graph\":[{\"@type\":\"Organization\",\"@id\":\"https:\/\/www.albyco.com\/#organization\",\"name\":\"Albyco Nederland B.V.\",\"url\":\"https:\/\/www.albyco.com\/\",\"sameAs\":[\"https:\/\/www.linkedin.com\/company\/18015670\/\",\"https:\/\/www.youtube.com\/user\/AlbycoNederland\",\"https:\/\/nl.pinterest.com\/albyco\",\"https:\/\/twitter.com\/AlbycoNederland\"],\"logo\":{\"@type\":\"ImageObject\",\"@id\":\"https:\/\/www.albyco.com\/#logo\",\"inLanguage\":\"fr-FR\",\"url\":\"https:\/\/www.albyco.com\/wp-content\/uploads\/2017\/07\/albyco_logo_hd.png\",\"contentUrl\":\"https:\/\/www.albyco.com\/wp-content\/uploads\/2017\/07\/albyco_logo_hd.png\",\"width\":300,\"height\":300,\"caption\":\"Albyco Nederland B.V.\"},\"image\":{\"@id\":\"https:\/\/www.albyco.com\/#logo\"}},{\"@type\":\"WebSite\",\"@id\":\"https:\/\/www.albyco.com\/#website\",\"url\":\"https:\/\/www.albyco.com\/\",\"name\":\"Albyco\",\"description\":\"Leverancier voor nabewerking van geprinte media\",\"publisher\":{\"@id\":\"https:\/\/www.albyco.com\/#organization\"},\"potentialAction\":[{\"@type\":\"SearchAction\",\"target\":{\"@type\":\"EntryPoint\",\"urlTemplate\":\"https:\/\/www.albyco.com\/?s={search_term_string}\"},\"query-input\":\"required name=search_term_string\"}],\"inLanguage\":\"fr-FR\"},{\"@type\":\"ImageObject\",\"@id\":\"https:\/\/www.albyco.com\/fr\/produit\/renz-dtp-340-a-rapide-fiable-robuste-semi-automatique-poinconneuse-de-bureau\/#primaryimage\",\"inLanguage\":\"fr-FR\",\"url\":\"https:\/\/www.albyco.com\/wp-content\/uploads\/2017\/06\/renz-renz-dtp340a_RENZDTP340A.jpg\",\"contentUrl\":\"https:\/\/www.albyco.com\/wp-content\/uploads\/2017\/06\/renz-renz-dtp340a_RENZDTP340A.jpg\",\"width\":1024,\"height\":716,\"caption\":\"Renz DTP 340 A\"},{\"@type\":\"WebPage\",\"@id\":\"https:\/\/www.albyco.com\/fr\/produit\/renz-dtp-340-a-rapide-fiable-robuste-semi-automatique-poinconneuse-de-bureau\/#webpage\",\"url\":\"https:\/\/www.albyco.com\/fr\/produit\/renz-dtp-340-a-rapide-fiable-robuste-semi-automatique-poinconneuse-de-bureau\/\",\"name\":\"Renz DTP 340 A - Albyco\",\"isPartOf\":{\"@id\":\"https:\/\/www.albyco.com\/#website\"},\"primaryImageOfPage\":{\"@id\":\"https:\/\/www.albyco.com\/fr\/produit\/renz-dtp-340-a-rapide-fiable-robuste-semi-automatique-poinconneuse-de-bureau\/#primaryimage\"},\"datePublished\":\"2018-01-24T13:21:43+00:00\",\"dateModified\":\"2021-05-26T15:06:13+00:00\",\"description\":\"Renz DTP 340 A, rapide, fiable, robuste, semi-automatique, poin\u00e7onneuse de bureau, machine tr\u00e8s polyvalente pour tous les types de travaux de poin\u00e7onnage.\",\"breadcrumb\":{\"@id\":\"https:\/\/www.albyco.com\/fr\/produit\/renz-dtp-340-a-rapide-fiable-robuste-semi-automatique-poinconneuse-de-bureau\/#breadcrumb\"},\"inLanguage\":\"fr-FR\",\"potentialAction\":[{\"@type\":\"ReadAction\",\"target\":[\"https:\/\/www.albyco.com\/fr\/produit\/renz-dtp-340-a-rapide-fiable-robuste-semi-automatique-poinconneuse-de-bureau\/\"]}]},{\"@type\":\"BreadcrumbList\",\"@id\":\"https:\/\/www.albyco.com\/fr\/produit\/renz-dtp-340-a-rapide-fiable-robuste-semi-automatique-poinconneuse-de-bureau\/#breadcrumb\",\"itemListElement\":[{\"@type\":\"ListItem\",\"position\":1,\"name\":\"Home\",\"item\":\"https:\/\/www.albyco.com\/fr\/\"},{\"@type\":\"ListItem\",\"position\":2,\"name\":\"Les produits\",\"item\":\"https:\/\/www.albyco.com\/fr\/producten\/\"},{\"@type\":\"ListItem\",\"position\":3,\"name\":\"Renz DTP 340 A\"}]}]}<\/script>\n<!-- \/ Yoast SEO plugin. -->","yoast_head_json":{"title":"Renz DTP 340 A - Albyco","description":"Renz DTP 340 A, rapide, fiable, robuste, semi-automatique, poin\u00e7onneuse de bureau, machine tr\u00e8s polyvalente pour tous les types de travaux de poin\u00e7onnage.","robots":{"index":"index","follow":"follow","max-snippet":"max-snippet:-1","max-image-preview":"max-image-preview:large","max-video-preview":"max-video-preview:-1"},"canonical":"https:\/\/www.albyco.com\/fr\/produit\/renz-dtp-340-a-rapide-fiable-robuste-semi-automatique-poinconneuse-de-bureau\/","og_locale":"fr_FR","og_type":"article","og_title":"Renz DTP 340 A - Albyco","og_description":"Renz DTP 340 A, rapide, fiable, robuste, semi-automatique, poin\u00e7onneuse de bureau, machine tr\u00e8s polyvalente pour tous les types de travaux de poin\u00e7onnage.","og_url":"https:\/\/www.albyco.com\/fr\/produit\/renz-dtp-340-a-rapide-fiable-robuste-semi-automatique-poinconneuse-de-bureau\/","og_site_name":"Albyco","article_modified_time":"2021-05-26T15:06:13+00:00","og_image":[{"width":1024,"height":716,"url":"https:\/\/www.albyco.com\/wp-content\/uploads\/2017\/06\/renz-renz-dtp340a_RENZDTP340A.jpg","type":"image\/jpeg"}],"twitter_card":"summary","twitter_site":"@AlbycoNederland","twitter_misc":{"Dur\u00e9e de lecture estim\u00e9e":"1 minute"},"schema":{"@context":"https:\/\/schema.org","@graph":[{"@type":"Organization","@id":"https:\/\/www.albyco.com\/#organization","name":"Albyco Nederland B.V.","url":"https:\/\/www.albyco.com\/","sameAs":["https:\/\/www.linkedin.com\/company\/18015670\/","https:\/\/www.youtube.com\/user\/AlbycoNederland","https:\/\/nl.pinterest.com\/albyco","https:\/\/twitter.com\/AlbycoNederland"],"logo":{"@type":"ImageObject","@id":"https:\/\/www.albyco.com\/#logo","inLanguage":"fr-FR","url":"https:\/\/www.albyco.com\/wp-content\/uploads\/2017\/07\/albyco_logo_hd.png","contentUrl":"https:\/\/www.albyco.com\/wp-content\/uploads\/2017\/07\/albyco_logo_hd.png","width":300,"height":300,"caption":"Albyco Nederland B.V."},"image":{"@id":"https:\/\/www.albyco.com\/#logo"}},{"@type":"WebSite","@id":"https:\/\/www.albyco.com\/#website","url":"https:\/\/www.albyco.com\/","name":"Albyco","description":"Leverancier voor nabewerking van geprinte media","publisher":{"@id":"https:\/\/www.albyco.com\/#organization"},"potentialAction":[{"@type":"SearchAction","target":{"@type":"EntryPoint","urlTemplate":"https:\/\/www.albyco.com\/?s={search_term_string}"},"query-input":"required name=search_term_string"}],"inLanguage":"fr-FR"},{"@type":"ImageObject","@id":"https:\/\/www.albyco.com\/fr\/produit\/renz-dtp-340-a-rapide-fiable-robuste-semi-automatique-poinconneuse-de-bureau\/#primaryimage","inLanguage":"fr-FR","url":"https:\/\/www.albyco.com\/wp-content\/uploads\/2017\/06\/renz-renz-dtp340a_RENZDTP340A.jpg","contentUrl":"https:\/\/www.albyco.com\/wp-content\/uploads\/2017\/06\/renz-renz-dtp340a_RENZDTP340A.jpg","width":1024,"height":716,"caption":"Renz DTP 340 A"},{"@type":"WebPage","@id":"https:\/\/www.albyco.com\/fr\/produit\/renz-dtp-340-a-rapide-fiable-robuste-semi-automatique-poinconneuse-de-bureau\/#webpage","url":"https:\/\/www.albyco.com\/fr\/produit\/renz-dtp-340-a-rapide-fiable-robuste-semi-automatique-poinconneuse-de-bureau\/","name":"Renz DTP 340 A - Albyco","isPartOf":{"@id":"https:\/\/www.albyco.com\/#website"},"primaryImageOfPage":{"@id":"https:\/\/www.albyco.com\/fr\/produit\/renz-dtp-340-a-rapide-fiable-robuste-semi-automatique-poinconneuse-de-bureau\/#primaryimage"},"datePublished":"2018-01-24T13:21:43+00:00","dateModified":"2021-05-26T15:06:13+00:00","description":"Renz DTP 340 A, rapide, fiable, robuste, semi-automatique, poin\u00e7onneuse de bureau, machine tr\u00e8s polyvalente pour tous les types de travaux de poin\u00e7onnage.","breadcrumb":{"@id":"https:\/\/www.albyco.com\/fr\/produit\/renz-dtp-340-a-rapide-fiable-robuste-semi-automatique-poinconneuse-de-bureau\/#breadcrumb"},"inLanguage":"fr-FR","potentialAction":[{"@type":"ReadAction","target":["https:\/\/www.albyco.com\/fr\/produit\/renz-dtp-340-a-rapide-fiable-robuste-semi-automatique-poinconneuse-de-bureau\/"]}]},{"@type":"BreadcrumbList","@id":"https:\/\/www.albyco.com\/fr\/produit\/renz-dtp-340-a-rapide-fiable-robuste-semi-automatique-poinconneuse-de-bureau\/#breadcrumb","itemListElement":[{"@type":"ListItem","position":1,"name":"Home","item":"https:\/\/www.albyco.com\/fr\/"},{"@type":"ListItem","position":2,"name":"Les produits","item":"https:\/\/www.albyco.com\/fr\/producten\/"},{"@type":"ListItem","position":3,"name":"Renz DTP 340 A"}]}]}},"_links":{"self":[{"href":"https:\/\/www.albyco.com\/fr\/wp-json\/wp\/v2\/product\/10791"}],"collection":[{"href":"https:\/\/www.albyco.com\/fr\/wp-json\/wp\/v2\/product"}],"about":[{"href":"https:\/\/www.albyco.com\/fr\/wp-json\/wp\/v2\/types\/product"}],"replies":[{"embeddable":true,"href":"https:\/\/www.albyco.com\/fr\/wp-json\/wp\/v2\/comments?post=10791"}],"wp:featuredmedia":[{"embeddable":true,"href":"https:\/\/www.albyco.com\/fr\/wp-json\/wp\/v2\/media\/7935"}],"wp:attachment":[{"href":"https:\/\/www.albyco.com\/fr\/wp-json\/wp\/v2\/media?parent=10791"}],"wp:term":[{"taxonomy":"product_cat","embeddable":true,"href":"https:\/\/www.albyco.com\/fr\/wp-json\/wp\/v2\/product_cat?post=10791"},{"taxonomy":"product_tag","embeddable":true,"href":"https:\/\/www.albyco.com\/fr\/wp-json\/wp\/v2\/product_tag?post=10791"}],"curies":[{"name":"wp","href":"https:\/\/api.w.org\/{rel}","templated":true}]}}