{"id":10225,"date":"2017-07-10T14:09:52","date_gmt":"2017-07-10T12:09:52","guid":{"rendered":"https:\/\/www.albyco.com\/product\/coins-de-triangle-adhesifs-albyco\/"},"modified":"2018-02-23T15:53:33","modified_gmt":"2018-02-23T14:53:33","slug":"coins-de-triangle-adhesifs-albyco","status":"publish","type":"product","link":"https:\/\/www.albyco.com\/fr\/produit\/coins-de-triangle-adhesifs-albyco\/","title":{"rendered":"Coins de triangle adh\u00e9sifs Albyco"},"content":{"rendered":"<p class=\"p1\">Pochettes porte-documents autocollantes<span class=\"Apple-converted-space\">\u00a0<\/span>de diff\u00e9rentes tailles. Pour coller dans un classeur, dans un cours, ou un livre de musique, etc., afin que des informations suppl\u00e9mentaires puissent \u00eatre ajout\u00e9es. Disponible en deux tailles diff\u00e9rentes: 100 mm x 100 mm et 170 mm x 170 mm. Les deux tailles sont emball\u00e9es par 300 pi\u00e8ces.<\/p>\r\n<p class=\"p1\"><\/p>\r\n<a href=\"https:\/\/www.albyco.com\/fr\/contactez-nous\/\"><img loading=\"lazy\" class=\"size-full wp-image-11223 alignleft\" src=\"https:\/\/www.albyco.com\/wp-content\/uploads\/2018\/02\/CTA-Albyco-fr-2.jpg\" alt=\"\" width=\"225\" height=\"141\" srcset=\"https:\/\/www.albyco.com\/wp-content\/uploads\/2018\/02\/CTA-Albyco-fr-2.jpg 225w, https:\/\/www.albyco.com\/wp-content\/uploads\/2018\/02\/CTA-Albyco-fr-2-100x63.jpg 100w, https:\/\/www.albyco.com\/wp-content\/uploads\/2018\/02\/CTA-Albyco-fr-2-24x15.jpg 24w, https:\/\/www.albyco.com\/wp-content\/uploads\/2018\/02\/CTA-Albyco-fr-2-36x23.jpg 36w, https:\/\/www.albyco.com\/wp-content\/uploads\/2018\/02\/CTA-Albyco-fr-2-48x30.jpg 48w\" sizes=\"(max-width: 225px) 100vw, 225px\" \/><\/a>","protected":false},"excerpt":{"rendered":"<p>Coins de triangle adh\u00e9sifs Albyco<\/p>\n","protected":false},"featured_media":7701,"comment_status":"open","ping_status":"closed","template":"","meta":[],"product_cat":[2808,2822,3395],"product_tag":[3398,3399,2318,2995,3084,2839],"yoast_head":"<!-- This site is optimized with the Yoast SEO plugin v18.6 - https:\/\/yoast.com\/wordpress\/plugins\/seo\/ -->\n<title>Coins de triangle adh\u00e9sifs Albyco - Albyco<\/title>\n<meta name=\"description\" content=\"Coins de triangle adh\u00e9sifs Albyco\" \/>\n<meta name=\"robots\" content=\"index, follow, max-snippet:-1, max-image-preview:large, max-video-preview:-1\" \/>\n<link rel=\"canonical\" href=\"https:\/\/www.albyco.com\/fr\/produit\/coins-de-triangle-adhesifs-albyco\/\" \/>\n<meta property=\"og:locale\" content=\"fr_FR\" \/>\n<meta property=\"og:type\" content=\"article\" \/>\n<meta property=\"og:title\" content=\"Coins de triangle adh\u00e9sifs Albyco - Albyco\" \/>\n<meta property=\"og:description\" content=\"Coins de triangle adh\u00e9sifs Albyco\" \/>\n<meta property=\"og:url\" content=\"https:\/\/www.albyco.com\/fr\/produit\/coins-de-triangle-adhesifs-albyco\/\" \/>\n<meta property=\"og:site_name\" content=\"Albyco\" \/>\n<meta property=\"article:modified_time\" content=\"2018-02-23T14:53:33+00:00\" \/>\n<meta property=\"og:image\" content=\"https:\/\/www.albyco.com\/wp-content\/uploads\/2017\/06\/albyco-zelfklevende-driehoektassen_ZKDHT1001003.jpg\" \/>\n\t<meta property=\"og:image:width\" content=\"707\" \/>\n\t<meta property=\"og:image:height\" content=\"800\" \/>\n\t<meta property=\"og:image:type\" content=\"image\/jpeg\" \/>\n<meta name=\"twitter:card\" content=\"summary\" \/>\n<meta name=\"twitter:site\" content=\"@AlbycoNederland\" \/>\n<script type=\"application\/ld+json\" class=\"yoast-schema-graph\">{\"@context\":\"https:\/\/schema.org\",\"@graph\":[{\"@type\":\"Organization\",\"@id\":\"https:\/\/www.albyco.com\/#organization\",\"name\":\"Albyco Nederland B.V.\",\"url\":\"https:\/\/www.albyco.com\/\",\"sameAs\":[\"https:\/\/www.linkedin.com\/company\/18015670\/\",\"https:\/\/www.youtube.com\/user\/AlbycoNederland\",\"https:\/\/nl.pinterest.com\/albyco\",\"https:\/\/twitter.com\/AlbycoNederland\"],\"logo\":{\"@type\":\"ImageObject\",\"@id\":\"https:\/\/www.albyco.com\/#logo\",\"inLanguage\":\"fr-FR\",\"url\":\"https:\/\/www.albyco.com\/wp-content\/uploads\/2017\/07\/albyco_logo_hd.png\",\"contentUrl\":\"https:\/\/www.albyco.com\/wp-content\/uploads\/2017\/07\/albyco_logo_hd.png\",\"width\":300,\"height\":300,\"caption\":\"Albyco Nederland B.V.\"},\"image\":{\"@id\":\"https:\/\/www.albyco.com\/#logo\"}},{\"@type\":\"WebSite\",\"@id\":\"https:\/\/www.albyco.com\/#website\",\"url\":\"https:\/\/www.albyco.com\/\",\"name\":\"Albyco\",\"description\":\"Leverancier voor nabewerking van geprinte media\",\"publisher\":{\"@id\":\"https:\/\/www.albyco.com\/#organization\"},\"potentialAction\":[{\"@type\":\"SearchAction\",\"target\":{\"@type\":\"EntryPoint\",\"urlTemplate\":\"https:\/\/www.albyco.com\/?s={search_term_string}\"},\"query-input\":\"required name=search_term_string\"}],\"inLanguage\":\"fr-FR\"},{\"@type\":\"ImageObject\",\"@id\":\"https:\/\/www.albyco.com\/fr\/produit\/coins-de-triangle-adhesifs-albyco\/#primaryimage\",\"inLanguage\":\"fr-FR\",\"url\":\"https:\/\/www.albyco.com\/wp-content\/uploads\/2017\/06\/albyco-zelfklevende-driehoektassen_ZKDHT1001003.jpg\",\"contentUrl\":\"https:\/\/www.albyco.com\/wp-content\/uploads\/2017\/06\/albyco-zelfklevende-driehoektassen_ZKDHT1001003.jpg\",\"width\":707,\"height\":800,\"caption\":\"Coins de triangle adh\u00e9sifs Albyco\"},{\"@type\":\"WebPage\",\"@id\":\"https:\/\/www.albyco.com\/fr\/produit\/coins-de-triangle-adhesifs-albyco\/#webpage\",\"url\":\"https:\/\/www.albyco.com\/fr\/produit\/coins-de-triangle-adhesifs-albyco\/\",\"name\":\"Coins de triangle adh\u00e9sifs Albyco - Albyco\",\"isPartOf\":{\"@id\":\"https:\/\/www.albyco.com\/#website\"},\"primaryImageOfPage\":{\"@id\":\"https:\/\/www.albyco.com\/fr\/produit\/coins-de-triangle-adhesifs-albyco\/#primaryimage\"},\"datePublished\":\"2017-07-10T12:09:52+00:00\",\"dateModified\":\"2018-02-23T14:53:33+00:00\",\"description\":\"Coins de triangle adh\u00e9sifs Albyco\",\"breadcrumb\":{\"@id\":\"https:\/\/www.albyco.com\/fr\/produit\/coins-de-triangle-adhesifs-albyco\/#breadcrumb\"},\"inLanguage\":\"fr-FR\",\"potentialAction\":[{\"@type\":\"ReadAction\",\"target\":[\"https:\/\/www.albyco.com\/fr\/produit\/coins-de-triangle-adhesifs-albyco\/\"]}]},{\"@type\":\"BreadcrumbList\",\"@id\":\"https:\/\/www.albyco.com\/fr\/produit\/coins-de-triangle-adhesifs-albyco\/#breadcrumb\",\"itemListElement\":[{\"@type\":\"ListItem\",\"position\":1,\"name\":\"Home\",\"item\":\"https:\/\/www.albyco.com\/fr\/\"},{\"@type\":\"ListItem\",\"position\":2,\"name\":\"Les produits\",\"item\":\"https:\/\/www.albyco.com\/fr\/producten\/\"},{\"@type\":\"ListItem\",\"position\":3,\"name\":\"Coins de triangle adh\u00e9sifs Albyco\"}]}]}<\/script>\n<!-- \/ Yoast SEO plugin. -->","yoast_head_json":{"title":"Coins de triangle adh\u00e9sifs Albyco - Albyco","description":"Coins de triangle adh\u00e9sifs Albyco","robots":{"index":"index","follow":"follow","max-snippet":"max-snippet:-1","max-image-preview":"max-image-preview:large","max-video-preview":"max-video-preview:-1"},"canonical":"https:\/\/www.albyco.com\/fr\/produit\/coins-de-triangle-adhesifs-albyco\/","og_locale":"fr_FR","og_type":"article","og_title":"Coins de triangle adh\u00e9sifs Albyco - Albyco","og_description":"Coins de triangle adh\u00e9sifs Albyco","og_url":"https:\/\/www.albyco.com\/fr\/produit\/coins-de-triangle-adhesifs-albyco\/","og_site_name":"Albyco","article_modified_time":"2018-02-23T14:53:33+00:00","og_image":[{"width":707,"height":800,"url":"https:\/\/www.albyco.com\/wp-content\/uploads\/2017\/06\/albyco-zelfklevende-driehoektassen_ZKDHT1001003.jpg","type":"image\/jpeg"}],"twitter_card":"summary","twitter_site":"@AlbycoNederland","schema":{"@context":"https:\/\/schema.org","@graph":[{"@type":"Organization","@id":"https:\/\/www.albyco.com\/#organization","name":"Albyco Nederland B.V.","url":"https:\/\/www.albyco.com\/","sameAs":["https:\/\/www.linkedin.com\/company\/18015670\/","https:\/\/www.youtube.com\/user\/AlbycoNederland","https:\/\/nl.pinterest.com\/albyco","https:\/\/twitter.com\/AlbycoNederland"],"logo":{"@type":"ImageObject","@id":"https:\/\/www.albyco.com\/#logo","inLanguage":"fr-FR","url":"https:\/\/www.albyco.com\/wp-content\/uploads\/2017\/07\/albyco_logo_hd.png","contentUrl":"https:\/\/www.albyco.com\/wp-content\/uploads\/2017\/07\/albyco_logo_hd.png","width":300,"height":300,"caption":"Albyco Nederland B.V."},"image":{"@id":"https:\/\/www.albyco.com\/#logo"}},{"@type":"WebSite","@id":"https:\/\/www.albyco.com\/#website","url":"https:\/\/www.albyco.com\/","name":"Albyco","description":"Leverancier voor nabewerking van geprinte media","publisher":{"@id":"https:\/\/www.albyco.com\/#organization"},"potentialAction":[{"@type":"SearchAction","target":{"@type":"EntryPoint","urlTemplate":"https:\/\/www.albyco.com\/?s={search_term_string}"},"query-input":"required name=search_term_string"}],"inLanguage":"fr-FR"},{"@type":"ImageObject","@id":"https:\/\/www.albyco.com\/fr\/produit\/coins-de-triangle-adhesifs-albyco\/#primaryimage","inLanguage":"fr-FR","url":"https:\/\/www.albyco.com\/wp-content\/uploads\/2017\/06\/albyco-zelfklevende-driehoektassen_ZKDHT1001003.jpg","contentUrl":"https:\/\/www.albyco.com\/wp-content\/uploads\/2017\/06\/albyco-zelfklevende-driehoektassen_ZKDHT1001003.jpg","width":707,"height":800,"caption":"Coins de triangle adh\u00e9sifs Albyco"},{"@type":"WebPage","@id":"https:\/\/www.albyco.com\/fr\/produit\/coins-de-triangle-adhesifs-albyco\/#webpage","url":"https:\/\/www.albyco.com\/fr\/produit\/coins-de-triangle-adhesifs-albyco\/","name":"Coins de triangle adh\u00e9sifs Albyco - Albyco","isPartOf":{"@id":"https:\/\/www.albyco.com\/#website"},"primaryImageOfPage":{"@id":"https:\/\/www.albyco.com\/fr\/produit\/coins-de-triangle-adhesifs-albyco\/#primaryimage"},"datePublished":"2017-07-10T12:09:52+00:00","dateModified":"2018-02-23T14:53:33+00:00","description":"Coins de triangle adh\u00e9sifs Albyco","breadcrumb":{"@id":"https:\/\/www.albyco.com\/fr\/produit\/coins-de-triangle-adhesifs-albyco\/#breadcrumb"},"inLanguage":"fr-FR","potentialAction":[{"@type":"ReadAction","target":["https:\/\/www.albyco.com\/fr\/produit\/coins-de-triangle-adhesifs-albyco\/"]}]},{"@type":"BreadcrumbList","@id":"https:\/\/www.albyco.com\/fr\/produit\/coins-de-triangle-adhesifs-albyco\/#breadcrumb","itemListElement":[{"@type":"ListItem","position":1,"name":"Home","item":"https:\/\/www.albyco.com\/fr\/"},{"@type":"ListItem","position":2,"name":"Les produits","item":"https:\/\/www.albyco.com\/fr\/producten\/"},{"@type":"ListItem","position":3,"name":"Coins de triangle adh\u00e9sifs Albyco"}]}]}},"_links":{"self":[{"href":"https:\/\/www.albyco.com\/fr\/wp-json\/wp\/v2\/product\/10225"}],"collection":[{"href":"https:\/\/www.albyco.com\/fr\/wp-json\/wp\/v2\/product"}],"about":[{"href":"https:\/\/www.albyco.com\/fr\/wp-json\/wp\/v2\/types\/product"}],"replies":[{"embeddable":true,"href":"https:\/\/www.albyco.com\/fr\/wp-json\/wp\/v2\/comments?post=10225"}],"wp:featuredmedia":[{"embeddable":true,"href":"https:\/\/www.albyco.com\/fr\/wp-json\/wp\/v2\/media\/7701"}],"wp:attachment":[{"href":"https:\/\/www.albyco.com\/fr\/wp-json\/wp\/v2\/media?parent=10225"}],"wp:term":[{"taxonomy":"product_cat","embeddable":true,"href":"https:\/\/www.albyco.com\/fr\/wp-json\/wp\/v2\/product_cat?post=10225"},{"taxonomy":"product_tag","embeddable":true,"href":"https:\/\/www.albyco.com\/fr\/wp-json\/wp\/v2\/product_tag?post=10225"}],"curies":[{"name":"wp","href":"https:\/\/api.w.org\/{rel}","templated":true}]}}