{"id":10196,"date":"2017-07-10T15:02:26","date_gmt":"2017-07-10T13:02:26","guid":{"rendered":"https:\/\/www.albyco.com\/product\/anneaux-metalliques-23-boucles-21\/"},"modified":"2018-08-08T13:29:21","modified_gmt":"2018-08-08T11:29:21","slug":"anneaux-metalliques-23-boucles-21","status":"publish","type":"product","link":"https:\/\/www.albyco.com\/fr\/produit\/anneaux-metalliques-23-boucles-21\/","title":{"rendered":"Anneaux m\u00e9talliques 23 boucles, 2:1"},"content":{"rendered":"<p class=\"p1\">Les <strong>Anneaux m\u00e9talliques 23 boucles, 2:1<\/strong> sont utilis\u00e9s<span class=\"Apple-converted-space\">\u00a0 <\/span>pour les documents de 120 \u00e0 280 feuilles. Pour l&#8217;utilisation d`anneaux m\u00e9taliques 2:1, bien s\u00fbr, il y a<span class=\"Apple-converted-space\">\u00a0<\/span>\u00e9galement une perforation<span class=\"Apple-converted-space\">\u00a0<\/span>de 2:1, 2 trous de perforation sur une longueur de 1 pouce. \u00c0 une longueur de 29,7 cm, cela signifie 23 trous de perforation pour l`anneau m\u00e9talique \u00e0 23 boucles. Ces grands formats de wire sont donc destin\u00e9s \u00e0 des documents de plus de 120 feuilles. En raison de l&#8217;\u00e9paisseur de ces documents, des trous de perforation plus importants sont n\u00e9cessaires<span class=\"Apple-converted-space\">\u00a0<\/span>pour l&#8217;ouverture des feuilles. La reliure avec anneaux m\u00e9taliques donnent \u00e0 vos documents un aspect plus professionnel. Les pages peuvent \u00eatre facilement tourn\u00e9es \u00e0 360 degr\u00e9s et restent compl\u00e8tement plates sur la table. La reliure \u00e0<span class=\"Apple-converted-space\">\u00a0 <\/span>anneaux m\u00e9taliques est<span class=\"Apple-converted-space\">\u00a0<\/span>tr\u00e8s solide<span class=\"Apple-converted-space\">\u00a0<\/span>apr\u00e8s des ann\u00e9es d&#8217;utilisation intensive. On peut utiliser ce syst\u00e8me de reliure pour des formats de<span class=\"Apple-converted-space\">\u00a0 <\/span>papier non<span class=\"Apple-converted-space\">\u00a0<\/span>standard.<\/p>\r\n<p class=\"p1\">Les anneaux m\u00e9talliques wire-o sont r\u00e9alis\u00e9s en solides fils des usines Bekaert. Anneaux m\u00e9talliques s\u00e9rie de 3:1 et de<span class=\"Apple-converted-space\">\u00a0 <\/span>2:1( 3 ou 2 trous perfor\u00e9s par inch). Les 3:1 conditionn\u00e9s par 100 pi\u00e8ces (15,9 mm par 50), les 2:1 par 50 pi\u00e8ces. La reliure s`effectue l`aide d`un perforelieur combin\u00e9 \u00e0 des anneaux de reliure m\u00e9talliques.<\/p>\r\n<p class=\"p1\"><\/p>\r\n<a href=\"https:\/\/www.albyco.com\/fr\/contactez-nous\/\"><img loading=\"lazy\" class=\"size-full wp-image-11223 alignleft\" src=\"https:\/\/www.albyco.com\/wp-content\/uploads\/2018\/02\/CTA-Albyco-fr-2.jpg\" alt=\"\" width=\"225\" height=\"141\" srcset=\"https:\/\/www.albyco.com\/wp-content\/uploads\/2018\/02\/CTA-Albyco-fr-2.jpg 225w, https:\/\/www.albyco.com\/wp-content\/uploads\/2018\/02\/CTA-Albyco-fr-2-100x63.jpg 100w, https:\/\/www.albyco.com\/wp-content\/uploads\/2018\/02\/CTA-Albyco-fr-2-24x15.jpg 24w, https:\/\/www.albyco.com\/wp-content\/uploads\/2018\/02\/CTA-Albyco-fr-2-36x23.jpg 36w, https:\/\/www.albyco.com\/wp-content\/uploads\/2018\/02\/CTA-Albyco-fr-2-48x30.jpg 48w\" sizes=\"(max-width: 225px) 100vw, 225px\" \/><\/a>","protected":false},"excerpt":{"rendered":"<p>Les <strong>Anneaux m\u00e9talliques 23 boucles, 2:1<\/strong> sont utilis\u00e9s<span class=\"Apple-converted-space\">\u00a0 <\/span>pour les documents de 120 \u00e0 280 feuilles. Pour l&#8217;utilisation d`anneaux m\u00e9taliques 2:1, bien s\u00fbr, il y a \u00e9galement une perforation de 2:1, 2 trous de perforation sur une longueur de 1 pouce.<\/p>\n","protected":false},"featured_media":7659,"comment_status":"open","ping_status":"closed","template":"","meta":[],"product_cat":[2808,2831,3364],"product_tag":[2752,2753,2814,2324,3386],"yoast_head":"<!-- This site is optimized with the Yoast SEO plugin v18.6 - https:\/\/yoast.com\/wordpress\/plugins\/seo\/ -->\n<title>Anneaux m\u00e9talliques 23 boucles, 2:1 - Albyco<\/title>\n<meta name=\"description\" content=\"Les Anneaux m\u00e9talliques 23 boucles, 2:1 sont utilis\u00e9s\u00a0 pour les documents de 120 \u00e0 280 feuilles. Pour l&#039;utilisation d`anneaux m\u00e9taliques 2:1, bien s\u00fbr, il y a \u00e9galement une perforation de 2:1, 2 trous de perforation sur une longueur de 1 pouce.\" \/>\n<meta name=\"robots\" content=\"index, follow, max-snippet:-1, max-image-preview:large, max-video-preview:-1\" \/>\n<link rel=\"canonical\" href=\"https:\/\/www.albyco.com\/fr\/produit\/anneaux-metalliques-23-boucles-21\/\" \/>\n<meta property=\"og:locale\" content=\"fr_FR\" \/>\n<meta property=\"og:type\" content=\"article\" \/>\n<meta property=\"og:title\" content=\"Anneaux m\u00e9talliques 23 boucles, 2:1 - Albyco\" \/>\n<meta property=\"og:description\" content=\"Les Anneaux m\u00e9talliques 23 boucles, 2:1 sont utilis\u00e9s\u00a0 pour les documents de 120 \u00e0 280 feuilles. Pour l&#039;utilisation d`anneaux m\u00e9taliques 2:1, bien s\u00fbr, il y a \u00e9galement une perforation de 2:1, 2 trous de perforation sur une longueur de 1 pouce.\" \/>\n<meta property=\"og:url\" content=\"https:\/\/www.albyco.com\/fr\/produit\/anneaux-metalliques-23-boucles-21\/\" \/>\n<meta property=\"og:site_name\" content=\"Albyco\" \/>\n<meta property=\"article:modified_time\" content=\"2018-08-08T11:29:21+00:00\" \/>\n<meta property=\"og:image\" content=\"https:\/\/www.albyco.com\/wp-content\/uploads\/2017\/06\/albyco-albyco-wire-draadbindruggen-21-318-mm-tot-280-vel_WB318ZW50.jpg\" \/>\n\t<meta property=\"og:image:width\" content=\"1000\" \/>\n\t<meta property=\"og:image:height\" content=\"563\" \/>\n\t<meta property=\"og:image:type\" content=\"image\/jpeg\" \/>\n<meta name=\"twitter:card\" content=\"summary\" \/>\n<meta name=\"twitter:site\" content=\"@AlbycoNederland\" \/>\n<meta name=\"twitter:label1\" content=\"Dur\u00e9e de lecture estim\u00e9e\" \/>\n\t<meta name=\"twitter:data1\" content=\"1 minute\" \/>\n<script type=\"application\/ld+json\" class=\"yoast-schema-graph\">{\"@context\":\"https:\/\/schema.org\",\"@graph\":[{\"@type\":\"Organization\",\"@id\":\"https:\/\/www.albyco.com\/#organization\",\"name\":\"Albyco Nederland B.V.\",\"url\":\"https:\/\/www.albyco.com\/\",\"sameAs\":[\"https:\/\/www.linkedin.com\/company\/18015670\/\",\"https:\/\/www.youtube.com\/user\/AlbycoNederland\",\"https:\/\/nl.pinterest.com\/albyco\",\"https:\/\/twitter.com\/AlbycoNederland\"],\"logo\":{\"@type\":\"ImageObject\",\"@id\":\"https:\/\/www.albyco.com\/#logo\",\"inLanguage\":\"fr-FR\",\"url\":\"https:\/\/www.albyco.com\/wp-content\/uploads\/2017\/07\/albyco_logo_hd.png\",\"contentUrl\":\"https:\/\/www.albyco.com\/wp-content\/uploads\/2017\/07\/albyco_logo_hd.png\",\"width\":300,\"height\":300,\"caption\":\"Albyco Nederland B.V.\"},\"image\":{\"@id\":\"https:\/\/www.albyco.com\/#logo\"}},{\"@type\":\"WebSite\",\"@id\":\"https:\/\/www.albyco.com\/#website\",\"url\":\"https:\/\/www.albyco.com\/\",\"name\":\"Albyco\",\"description\":\"Leverancier voor nabewerking van geprinte media\",\"publisher\":{\"@id\":\"https:\/\/www.albyco.com\/#organization\"},\"potentialAction\":[{\"@type\":\"SearchAction\",\"target\":{\"@type\":\"EntryPoint\",\"urlTemplate\":\"https:\/\/www.albyco.com\/?s={search_term_string}\"},\"query-input\":\"required name=search_term_string\"}],\"inLanguage\":\"fr-FR\"},{\"@type\":\"ImageObject\",\"@id\":\"https:\/\/www.albyco.com\/fr\/produit\/anneaux-metalliques-23-boucles-21\/#primaryimage\",\"inLanguage\":\"fr-FR\",\"url\":\"https:\/\/www.albyco.com\/wp-content\/uploads\/2017\/06\/albyco-albyco-wire-draadbindruggen-21-318-mm-tot-280-vel_WB318ZW50.jpg\",\"contentUrl\":\"https:\/\/www.albyco.com\/wp-content\/uploads\/2017\/06\/albyco-albyco-wire-draadbindruggen-21-318-mm-tot-280-vel_WB318ZW50.jpg\",\"width\":1000,\"height\":563,\"caption\":\"Anneaux m\u00e9talliques 23 boucles, 2:1\"},{\"@type\":\"WebPage\",\"@id\":\"https:\/\/www.albyco.com\/fr\/produit\/anneaux-metalliques-23-boucles-21\/#webpage\",\"url\":\"https:\/\/www.albyco.com\/fr\/produit\/anneaux-metalliques-23-boucles-21\/\",\"name\":\"Anneaux m\u00e9talliques 23 boucles, 2:1 - Albyco\",\"isPartOf\":{\"@id\":\"https:\/\/www.albyco.com\/#website\"},\"primaryImageOfPage\":{\"@id\":\"https:\/\/www.albyco.com\/fr\/produit\/anneaux-metalliques-23-boucles-21\/#primaryimage\"},\"datePublished\":\"2017-07-10T13:02:26+00:00\",\"dateModified\":\"2018-08-08T11:29:21+00:00\",\"description\":\"Les Anneaux m\u00e9talliques 23 boucles, 2:1 sont utilis\u00e9s\u00a0 pour les documents de 120 \u00e0 280 feuilles. Pour l'utilisation d`anneaux m\u00e9taliques 2:1, bien s\u00fbr, il y a \u00e9galement une perforation de 2:1, 2 trous de perforation sur une longueur de 1 pouce.\",\"breadcrumb\":{\"@id\":\"https:\/\/www.albyco.com\/fr\/produit\/anneaux-metalliques-23-boucles-21\/#breadcrumb\"},\"inLanguage\":\"fr-FR\",\"potentialAction\":[{\"@type\":\"ReadAction\",\"target\":[\"https:\/\/www.albyco.com\/fr\/produit\/anneaux-metalliques-23-boucles-21\/\"]}]},{\"@type\":\"BreadcrumbList\",\"@id\":\"https:\/\/www.albyco.com\/fr\/produit\/anneaux-metalliques-23-boucles-21\/#breadcrumb\",\"itemListElement\":[{\"@type\":\"ListItem\",\"position\":1,\"name\":\"Home\",\"item\":\"https:\/\/www.albyco.com\/fr\/\"},{\"@type\":\"ListItem\",\"position\":2,\"name\":\"Les produits\",\"item\":\"https:\/\/www.albyco.com\/fr\/producten\/\"},{\"@type\":\"ListItem\",\"position\":3,\"name\":\"Anneaux m\u00e9talliques 23 boucles, 2:1\"}]}]}<\/script>\n<!-- \/ Yoast SEO plugin. -->","yoast_head_json":{"title":"Anneaux m\u00e9talliques 23 boucles, 2:1 - Albyco","description":"Les Anneaux m\u00e9talliques 23 boucles, 2:1 sont utilis\u00e9s\u00a0 pour les documents de 120 \u00e0 280 feuilles. Pour l'utilisation d`anneaux m\u00e9taliques 2:1, bien s\u00fbr, il y a \u00e9galement une perforation de 2:1, 2 trous de perforation sur une longueur de 1 pouce.","robots":{"index":"index","follow":"follow","max-snippet":"max-snippet:-1","max-image-preview":"max-image-preview:large","max-video-preview":"max-video-preview:-1"},"canonical":"https:\/\/www.albyco.com\/fr\/produit\/anneaux-metalliques-23-boucles-21\/","og_locale":"fr_FR","og_type":"article","og_title":"Anneaux m\u00e9talliques 23 boucles, 2:1 - Albyco","og_description":"Les Anneaux m\u00e9talliques 23 boucles, 2:1 sont utilis\u00e9s\u00a0 pour les documents de 120 \u00e0 280 feuilles. Pour l'utilisation d`anneaux m\u00e9taliques 2:1, bien s\u00fbr, il y a \u00e9galement une perforation de 2:1, 2 trous de perforation sur une longueur de 1 pouce.","og_url":"https:\/\/www.albyco.com\/fr\/produit\/anneaux-metalliques-23-boucles-21\/","og_site_name":"Albyco","article_modified_time":"2018-08-08T11:29:21+00:00","og_image":[{"width":1000,"height":563,"url":"https:\/\/www.albyco.com\/wp-content\/uploads\/2017\/06\/albyco-albyco-wire-draadbindruggen-21-318-mm-tot-280-vel_WB318ZW50.jpg","type":"image\/jpeg"}],"twitter_card":"summary","twitter_site":"@AlbycoNederland","twitter_misc":{"Dur\u00e9e de lecture estim\u00e9e":"1 minute"},"schema":{"@context":"https:\/\/schema.org","@graph":[{"@type":"Organization","@id":"https:\/\/www.albyco.com\/#organization","name":"Albyco Nederland B.V.","url":"https:\/\/www.albyco.com\/","sameAs":["https:\/\/www.linkedin.com\/company\/18015670\/","https:\/\/www.youtube.com\/user\/AlbycoNederland","https:\/\/nl.pinterest.com\/albyco","https:\/\/twitter.com\/AlbycoNederland"],"logo":{"@type":"ImageObject","@id":"https:\/\/www.albyco.com\/#logo","inLanguage":"fr-FR","url":"https:\/\/www.albyco.com\/wp-content\/uploads\/2017\/07\/albyco_logo_hd.png","contentUrl":"https:\/\/www.albyco.com\/wp-content\/uploads\/2017\/07\/albyco_logo_hd.png","width":300,"height":300,"caption":"Albyco Nederland B.V."},"image":{"@id":"https:\/\/www.albyco.com\/#logo"}},{"@type":"WebSite","@id":"https:\/\/www.albyco.com\/#website","url":"https:\/\/www.albyco.com\/","name":"Albyco","description":"Leverancier voor nabewerking van geprinte media","publisher":{"@id":"https:\/\/www.albyco.com\/#organization"},"potentialAction":[{"@type":"SearchAction","target":{"@type":"EntryPoint","urlTemplate":"https:\/\/www.albyco.com\/?s={search_term_string}"},"query-input":"required name=search_term_string"}],"inLanguage":"fr-FR"},{"@type":"ImageObject","@id":"https:\/\/www.albyco.com\/fr\/produit\/anneaux-metalliques-23-boucles-21\/#primaryimage","inLanguage":"fr-FR","url":"https:\/\/www.albyco.com\/wp-content\/uploads\/2017\/06\/albyco-albyco-wire-draadbindruggen-21-318-mm-tot-280-vel_WB318ZW50.jpg","contentUrl":"https:\/\/www.albyco.com\/wp-content\/uploads\/2017\/06\/albyco-albyco-wire-draadbindruggen-21-318-mm-tot-280-vel_WB318ZW50.jpg","width":1000,"height":563,"caption":"Anneaux m\u00e9talliques 23 boucles, 2:1"},{"@type":"WebPage","@id":"https:\/\/www.albyco.com\/fr\/produit\/anneaux-metalliques-23-boucles-21\/#webpage","url":"https:\/\/www.albyco.com\/fr\/produit\/anneaux-metalliques-23-boucles-21\/","name":"Anneaux m\u00e9talliques 23 boucles, 2:1 - Albyco","isPartOf":{"@id":"https:\/\/www.albyco.com\/#website"},"primaryImageOfPage":{"@id":"https:\/\/www.albyco.com\/fr\/produit\/anneaux-metalliques-23-boucles-21\/#primaryimage"},"datePublished":"2017-07-10T13:02:26+00:00","dateModified":"2018-08-08T11:29:21+00:00","description":"Les Anneaux m\u00e9talliques 23 boucles, 2:1 sont utilis\u00e9s\u00a0 pour les documents de 120 \u00e0 280 feuilles. Pour l'utilisation d`anneaux m\u00e9taliques 2:1, bien s\u00fbr, il y a \u00e9galement une perforation de 2:1, 2 trous de perforation sur une longueur de 1 pouce.","breadcrumb":{"@id":"https:\/\/www.albyco.com\/fr\/produit\/anneaux-metalliques-23-boucles-21\/#breadcrumb"},"inLanguage":"fr-FR","potentialAction":[{"@type":"ReadAction","target":["https:\/\/www.albyco.com\/fr\/produit\/anneaux-metalliques-23-boucles-21\/"]}]},{"@type":"BreadcrumbList","@id":"https:\/\/www.albyco.com\/fr\/produit\/anneaux-metalliques-23-boucles-21\/#breadcrumb","itemListElement":[{"@type":"ListItem","position":1,"name":"Home","item":"https:\/\/www.albyco.com\/fr\/"},{"@type":"ListItem","position":2,"name":"Les produits","item":"https:\/\/www.albyco.com\/fr\/producten\/"},{"@type":"ListItem","position":3,"name":"Anneaux m\u00e9talliques 23 boucles, 2:1"}]}]}},"_links":{"self":[{"href":"https:\/\/www.albyco.com\/fr\/wp-json\/wp\/v2\/product\/10196"}],"collection":[{"href":"https:\/\/www.albyco.com\/fr\/wp-json\/wp\/v2\/product"}],"about":[{"href":"https:\/\/www.albyco.com\/fr\/wp-json\/wp\/v2\/types\/product"}],"replies":[{"embeddable":true,"href":"https:\/\/www.albyco.com\/fr\/wp-json\/wp\/v2\/comments?post=10196"}],"wp:featuredmedia":[{"embeddable":true,"href":"https:\/\/www.albyco.com\/fr\/wp-json\/wp\/v2\/media\/7659"}],"wp:attachment":[{"href":"https:\/\/www.albyco.com\/fr\/wp-json\/wp\/v2\/media?parent=10196"}],"wp:term":[{"taxonomy":"product_cat","embeddable":true,"href":"https:\/\/www.albyco.com\/fr\/wp-json\/wp\/v2\/product_cat?post=10196"},{"taxonomy":"product_tag","embeddable":true,"href":"https:\/\/www.albyco.com\/fr\/wp-json\/wp\/v2\/product_tag?post=10196"}],"curies":[{"name":"wp","href":"https:\/\/api.w.org\/{rel}","templated":true}]}}