{"id":10123,"date":"2017-07-10T12:58:47","date_gmt":"2017-07-10T10:58:47","guid":{"rendered":"https:\/\/www.albyco.com\/product\/onglets-en-carton-blanc-ou-polypropylene\/"},"modified":"2024-07-31T19:13:07","modified_gmt":"2024-07-31T17:13:07","slug":"onglets-en-carton-blanc-ou-polypropylene","status":"publish","type":"product","link":"https:\/\/www.albyco.com\/fr\/produit\/onglets-en-carton-blanc-ou-polypropylene\/","title":{"rendered":"Onglets en carton blanc ou polypropyl\u00e8ne"},"content":{"rendered":"<p class=\"p1\"><strong>Onglets dans la version en carton blanc<\/strong>, 4 trous, munis de pattes stratifi\u00e9es. Disponible en diff\u00e9rents formats. Les languettes sont fournies par bo\u00eete, en fonction de la version il y a plusieurs jeux dans une bo\u00eete.<\/p>\r\n<p class=\"p1\"><strong>Onglets en polypropyl\u00e8ne Albyco (PP), gris<\/strong>, num\u00e9rot\u00e9s Onglets gris 120 microns, 4 trous. Disponible dans diff\u00e9rents formats. Selon le mod\u00e8le, il existe plusieurs jeux dans une bo\u00eete.<\/p>\r\n<p class=\"p1\"><\/p>\r\n<a href=\"https:\/\/www.albyco.com\/fr\/contactez-nous\/\"><img loading=\"lazy\" class=\"size-full wp-image-11223 alignleft\" src=\"https:\/\/www.albyco.com\/wp-content\/uploads\/2018\/02\/CTA-Albyco-fr-2.jpg\" alt=\"\" width=\"225\" height=\"141\" srcset=\"https:\/\/www.albyco.com\/wp-content\/uploads\/2018\/02\/CTA-Albyco-fr-2.jpg 225w, https:\/\/www.albyco.com\/wp-content\/uploads\/2018\/02\/CTA-Albyco-fr-2-100x63.jpg 100w, https:\/\/www.albyco.com\/wp-content\/uploads\/2018\/02\/CTA-Albyco-fr-2-24x15.jpg 24w, https:\/\/www.albyco.com\/wp-content\/uploads\/2018\/02\/CTA-Albyco-fr-2-36x23.jpg 36w, https:\/\/www.albyco.com\/wp-content\/uploads\/2018\/02\/CTA-Albyco-fr-2-48x30.jpg 48w\" sizes=\"(max-width: 225px) 100vw, 225px\" \/><\/a>","protected":false},"excerpt":{"rendered":"<p>Les onglets sont disponibles en diff\u00e9rents formats, en gris ou blanc, en plastique ou en carton. Les onglets sont livr\u00e9s par bo\u00eete, selon la version, il y a plusieurs jeux dans une bo\u00eete.<\/p>\n","protected":false},"featured_media":8035,"comment_status":"open","ping_status":"closed","template":"","meta":[],"product_cat":[2808,2831,2838],"product_tag":[2814,3356,3357,2839],"yoast_head":"<!-- This site is optimized with the Yoast SEO plugin v18.6 - https:\/\/yoast.com\/wordpress\/plugins\/seo\/ -->\n<title>Onglets en carton blanc ou polypropyl\u00e8ne - Albyco<\/title>\n<meta name=\"description\" content=\"Les onglets sont disponibles en diff\u00e9rents formats, en gris ou blanc, en plastique ou en carton. Les onglets sont livr\u00e9s par bo\u00eete, selon la version, il y a plusieurs jeux dans une bo\u00eete.\" \/>\n<meta name=\"robots\" content=\"index, follow, max-snippet:-1, max-image-preview:large, max-video-preview:-1\" \/>\n<link rel=\"canonical\" href=\"https:\/\/www.albyco.com\/fr\/produit\/onglets-en-carton-blanc-ou-polypropylene\/\" \/>\n<meta property=\"og:locale\" content=\"fr_FR\" \/>\n<meta property=\"og:type\" content=\"article\" \/>\n<meta property=\"og:title\" content=\"Onglets en carton blanc ou polypropyl\u00e8ne - Albyco\" \/>\n<meta property=\"og:description\" content=\"Les onglets sont disponibles en diff\u00e9rents formats, en gris ou blanc, en plastique ou en carton. Les onglets sont livr\u00e9s par bo\u00eete, selon la version, il y a plusieurs jeux dans une bo\u00eete.\" \/>\n<meta property=\"og:url\" content=\"https:\/\/www.albyco.com\/fr\/produit\/onglets-en-carton-blanc-ou-polypropylene\/\" \/>\n<meta property=\"og:site_name\" content=\"Albyco\" \/>\n<meta property=\"article:modified_time\" content=\"2024-07-31T17:13:07+00:00\" \/>\n<meta property=\"og:image\" content=\"https:\/\/www.albyco.com\/wp-content\/uploads\/2017\/07\/tabbladen.jpg\" \/>\n\t<meta property=\"og:image:width\" content=\"400\" \/>\n\t<meta property=\"og:image:height\" content=\"400\" \/>\n\t<meta property=\"og:image:type\" content=\"image\/jpeg\" \/>\n<meta name=\"twitter:card\" content=\"summary\" \/>\n<meta name=\"twitter:site\" content=\"@AlbycoNederland\" \/>\n<script type=\"application\/ld+json\" class=\"yoast-schema-graph\">{\"@context\":\"https:\/\/schema.org\",\"@graph\":[{\"@type\":\"Organization\",\"@id\":\"https:\/\/www.albyco.com\/#organization\",\"name\":\"Albyco Nederland B.V.\",\"url\":\"https:\/\/www.albyco.com\/\",\"sameAs\":[\"https:\/\/www.linkedin.com\/company\/18015670\/\",\"https:\/\/www.youtube.com\/user\/AlbycoNederland\",\"https:\/\/nl.pinterest.com\/albyco\",\"https:\/\/twitter.com\/AlbycoNederland\"],\"logo\":{\"@type\":\"ImageObject\",\"@id\":\"https:\/\/www.albyco.com\/#logo\",\"inLanguage\":\"fr-FR\",\"url\":\"https:\/\/www.albyco.com\/wp-content\/uploads\/2017\/07\/albyco_logo_hd.png\",\"contentUrl\":\"https:\/\/www.albyco.com\/wp-content\/uploads\/2017\/07\/albyco_logo_hd.png\",\"width\":300,\"height\":300,\"caption\":\"Albyco Nederland B.V.\"},\"image\":{\"@id\":\"https:\/\/www.albyco.com\/#logo\"}},{\"@type\":\"WebSite\",\"@id\":\"https:\/\/www.albyco.com\/#website\",\"url\":\"https:\/\/www.albyco.com\/\",\"name\":\"Albyco\",\"description\":\"Leverancier voor nabewerking van geprinte media\",\"publisher\":{\"@id\":\"https:\/\/www.albyco.com\/#organization\"},\"potentialAction\":[{\"@type\":\"SearchAction\",\"target\":{\"@type\":\"EntryPoint\",\"urlTemplate\":\"https:\/\/www.albyco.com\/?s={search_term_string}\"},\"query-input\":\"required name=search_term_string\"}],\"inLanguage\":\"fr-FR\"},{\"@type\":\"ImageObject\",\"@id\":\"https:\/\/www.albyco.com\/fr\/produit\/onglets-en-carton-blanc-ou-polypropylene\/#primaryimage\",\"inLanguage\":\"fr-FR\",\"url\":\"https:\/\/www.albyco.com\/wp-content\/uploads\/2017\/07\/tabbladen.jpg\",\"contentUrl\":\"https:\/\/www.albyco.com\/wp-content\/uploads\/2017\/07\/tabbladen.jpg\",\"width\":400,\"height\":400,\"caption\":\"tabbladen\"},{\"@type\":\"WebPage\",\"@id\":\"https:\/\/www.albyco.com\/fr\/produit\/onglets-en-carton-blanc-ou-polypropylene\/#webpage\",\"url\":\"https:\/\/www.albyco.com\/fr\/produit\/onglets-en-carton-blanc-ou-polypropylene\/\",\"name\":\"Onglets en carton blanc ou polypropyl\u00e8ne - Albyco\",\"isPartOf\":{\"@id\":\"https:\/\/www.albyco.com\/#website\"},\"primaryImageOfPage\":{\"@id\":\"https:\/\/www.albyco.com\/fr\/produit\/onglets-en-carton-blanc-ou-polypropylene\/#primaryimage\"},\"datePublished\":\"2017-07-10T10:58:47+00:00\",\"dateModified\":\"2024-07-31T17:13:07+00:00\",\"description\":\"Les onglets sont disponibles en diff\u00e9rents formats, en gris ou blanc, en plastique ou en carton. Les onglets sont livr\u00e9s par bo\u00eete, selon la version, il y a plusieurs jeux dans une bo\u00eete.\",\"breadcrumb\":{\"@id\":\"https:\/\/www.albyco.com\/fr\/produit\/onglets-en-carton-blanc-ou-polypropylene\/#breadcrumb\"},\"inLanguage\":\"fr-FR\",\"potentialAction\":[{\"@type\":\"ReadAction\",\"target\":[\"https:\/\/www.albyco.com\/fr\/produit\/onglets-en-carton-blanc-ou-polypropylene\/\"]}]},{\"@type\":\"BreadcrumbList\",\"@id\":\"https:\/\/www.albyco.com\/fr\/produit\/onglets-en-carton-blanc-ou-polypropylene\/#breadcrumb\",\"itemListElement\":[{\"@type\":\"ListItem\",\"position\":1,\"name\":\"Home\",\"item\":\"https:\/\/www.albyco.com\/fr\/\"},{\"@type\":\"ListItem\",\"position\":2,\"name\":\"Les produits\",\"item\":\"https:\/\/www.albyco.com\/fr\/producten\/\"},{\"@type\":\"ListItem\",\"position\":3,\"name\":\"Onglets en carton blanc ou polypropyl\u00e8ne\"}]}]}<\/script>\n<!-- \/ Yoast SEO plugin. -->","yoast_head_json":{"title":"Onglets en carton blanc ou polypropyl\u00e8ne - Albyco","description":"Les onglets sont disponibles en diff\u00e9rents formats, en gris ou blanc, en plastique ou en carton. Les onglets sont livr\u00e9s par bo\u00eete, selon la version, il y a plusieurs jeux dans une bo\u00eete.","robots":{"index":"index","follow":"follow","max-snippet":"max-snippet:-1","max-image-preview":"max-image-preview:large","max-video-preview":"max-video-preview:-1"},"canonical":"https:\/\/www.albyco.com\/fr\/produit\/onglets-en-carton-blanc-ou-polypropylene\/","og_locale":"fr_FR","og_type":"article","og_title":"Onglets en carton blanc ou polypropyl\u00e8ne - Albyco","og_description":"Les onglets sont disponibles en diff\u00e9rents formats, en gris ou blanc, en plastique ou en carton. Les onglets sont livr\u00e9s par bo\u00eete, selon la version, il y a plusieurs jeux dans une bo\u00eete.","og_url":"https:\/\/www.albyco.com\/fr\/produit\/onglets-en-carton-blanc-ou-polypropylene\/","og_site_name":"Albyco","article_modified_time":"2024-07-31T17:13:07+00:00","og_image":[{"width":400,"height":400,"url":"https:\/\/www.albyco.com\/wp-content\/uploads\/2017\/07\/tabbladen.jpg","type":"image\/jpeg"}],"twitter_card":"summary","twitter_site":"@AlbycoNederland","schema":{"@context":"https:\/\/schema.org","@graph":[{"@type":"Organization","@id":"https:\/\/www.albyco.com\/#organization","name":"Albyco Nederland B.V.","url":"https:\/\/www.albyco.com\/","sameAs":["https:\/\/www.linkedin.com\/company\/18015670\/","https:\/\/www.youtube.com\/user\/AlbycoNederland","https:\/\/nl.pinterest.com\/albyco","https:\/\/twitter.com\/AlbycoNederland"],"logo":{"@type":"ImageObject","@id":"https:\/\/www.albyco.com\/#logo","inLanguage":"fr-FR","url":"https:\/\/www.albyco.com\/wp-content\/uploads\/2017\/07\/albyco_logo_hd.png","contentUrl":"https:\/\/www.albyco.com\/wp-content\/uploads\/2017\/07\/albyco_logo_hd.png","width":300,"height":300,"caption":"Albyco Nederland B.V."},"image":{"@id":"https:\/\/www.albyco.com\/#logo"}},{"@type":"WebSite","@id":"https:\/\/www.albyco.com\/#website","url":"https:\/\/www.albyco.com\/","name":"Albyco","description":"Leverancier voor nabewerking van geprinte media","publisher":{"@id":"https:\/\/www.albyco.com\/#organization"},"potentialAction":[{"@type":"SearchAction","target":{"@type":"EntryPoint","urlTemplate":"https:\/\/www.albyco.com\/?s={search_term_string}"},"query-input":"required name=search_term_string"}],"inLanguage":"fr-FR"},{"@type":"ImageObject","@id":"https:\/\/www.albyco.com\/fr\/produit\/onglets-en-carton-blanc-ou-polypropylene\/#primaryimage","inLanguage":"fr-FR","url":"https:\/\/www.albyco.com\/wp-content\/uploads\/2017\/07\/tabbladen.jpg","contentUrl":"https:\/\/www.albyco.com\/wp-content\/uploads\/2017\/07\/tabbladen.jpg","width":400,"height":400,"caption":"tabbladen"},{"@type":"WebPage","@id":"https:\/\/www.albyco.com\/fr\/produit\/onglets-en-carton-blanc-ou-polypropylene\/#webpage","url":"https:\/\/www.albyco.com\/fr\/produit\/onglets-en-carton-blanc-ou-polypropylene\/","name":"Onglets en carton blanc ou polypropyl\u00e8ne - Albyco","isPartOf":{"@id":"https:\/\/www.albyco.com\/#website"},"primaryImageOfPage":{"@id":"https:\/\/www.albyco.com\/fr\/produit\/onglets-en-carton-blanc-ou-polypropylene\/#primaryimage"},"datePublished":"2017-07-10T10:58:47+00:00","dateModified":"2024-07-31T17:13:07+00:00","description":"Les onglets sont disponibles en diff\u00e9rents formats, en gris ou blanc, en plastique ou en carton. Les onglets sont livr\u00e9s par bo\u00eete, selon la version, il y a plusieurs jeux dans une bo\u00eete.","breadcrumb":{"@id":"https:\/\/www.albyco.com\/fr\/produit\/onglets-en-carton-blanc-ou-polypropylene\/#breadcrumb"},"inLanguage":"fr-FR","potentialAction":[{"@type":"ReadAction","target":["https:\/\/www.albyco.com\/fr\/produit\/onglets-en-carton-blanc-ou-polypropylene\/"]}]},{"@type":"BreadcrumbList","@id":"https:\/\/www.albyco.com\/fr\/produit\/onglets-en-carton-blanc-ou-polypropylene\/#breadcrumb","itemListElement":[{"@type":"ListItem","position":1,"name":"Home","item":"https:\/\/www.albyco.com\/fr\/"},{"@type":"ListItem","position":2,"name":"Les produits","item":"https:\/\/www.albyco.com\/fr\/producten\/"},{"@type":"ListItem","position":3,"name":"Onglets en carton blanc ou polypropyl\u00e8ne"}]}]}},"_links":{"self":[{"href":"https:\/\/www.albyco.com\/fr\/wp-json\/wp\/v2\/product\/10123"}],"collection":[{"href":"https:\/\/www.albyco.com\/fr\/wp-json\/wp\/v2\/product"}],"about":[{"href":"https:\/\/www.albyco.com\/fr\/wp-json\/wp\/v2\/types\/product"}],"replies":[{"embeddable":true,"href":"https:\/\/www.albyco.com\/fr\/wp-json\/wp\/v2\/comments?post=10123"}],"wp:featuredmedia":[{"embeddable":true,"href":"https:\/\/www.albyco.com\/fr\/wp-json\/wp\/v2\/media\/8035"}],"wp:attachment":[{"href":"https:\/\/www.albyco.com\/fr\/wp-json\/wp\/v2\/media?parent=10123"}],"wp:term":[{"taxonomy":"product_cat","embeddable":true,"href":"https:\/\/www.albyco.com\/fr\/wp-json\/wp\/v2\/product_cat?post=10123"},{"taxonomy":"product_tag","embeddable":true,"href":"https:\/\/www.albyco.com\/fr\/wp-json\/wp\/v2\/product_tag?post=10123"}],"curies":[{"name":"wp","href":"https:\/\/api.w.org\/{rel}","templated":true}]}}