{"id":10119,"date":"2017-07-06T16:49:14","date_gmt":"2017-07-06T14:49:14","guid":{"rendered":"https:\/\/www.albyco.com\/product\/stago-pr43-serie-taqueuses-jusqua-400-x-510-mm-ou-650-x-450-mm\/"},"modified":"2021-07-09T11:30:30","modified_gmt":"2021-07-09T09:30:30","slug":"stago-pr43-serie-taqueuses-jusqua-400-x-510-mm-ou-650-x-450-mm","status":"publish","type":"product","link":"https:\/\/www.albyco.com\/fr\/produit\/stago-pr43-serie-taqueuses-jusqua-400-x-510-mm-ou-650-x-450-mm\/","title":{"rendered":"Stago PR43-s\u00e9rie, taqueuses jusqu&#8217;\u00e0 400 x 510 mm ou 650 x 450 mm. \u00a0"},"content":{"rendered":"<table style=\"width: 100%; border-collapse: collapse;\" border=\"0\">\r\n<tbody>\r\n<tr>\r\n<td style=\"width: 50%;\"><strong>Stago PR43-s\u00e9rie<\/strong>, taqueuses pour un homog\u00e8ne taquage des piles de papier jusqu&#8217;\u00e0 400 x 510 mm ou 650 x 450 mm.<\/td>\r\n<td style=\"width: 50%;\"><div class=\"epyt-video-wrapper\"><iframe  id=\"_ytid_78110\"  width=\"800\" height=\"450\"  data-origwidth=\"800\" data-origheight=\"450\"  data-relstop=\"1\" src=\"https:\/\/www.youtube.com\/embed\/T7ZbYKx8bbE?enablejsapi=1&autoplay=0&cc_load_policy=0&iv_load_policy=1&loop=0&modestbranding=0&fs=1&playsinline=1&controls=1&color=red&cc_lang_pref=&rel=0&autohide=2&theme=dark&\" class=\"__youtube_prefs__  no-lazyload\" title=\"YouTube player\"  allow=\"accelerometer; autoplay; clipboard-write; encrypted-media; gyroscope; picture-in-picture\" allowfullscreen data-no-lazy=\"1\" data-skipgform_ajax_framebjll=\"\"><\/iframe><\/div><\/td>\r\n<\/tr>\r\n<\/tbody>\r\n<\/table>\r\n<p class=\"p1\"><span class=\"Apple-converted-space\">\r\n<\/span><strong>Taqueuse Stago\u00a0 \u00a0 \u00a0 \u00a0 \u00a0 \u00a0 \u00a0 \u00a0 \u00a0 \u00a0 \u00a0 \u00a0 \u00a0 \u00a0 \u00a0 PR-43S\u00a0 \u00a0 \u00a0 \u00a0 \u00a0 \u00a0 \u00a0 \u00a0 \u00a0 \u00a0PR-432S<\/strong><\/p>\r\n<p class=\"p1\">Format de la table<span class=\"Apple-converted-space\">\u00a0 \u00a0 \u00a0 \u00a0 \u00a0 \u00a0 \u00a0 \u00a0 \u00a0 \u00a0 \u00a0 \u00a0 \u00a0 \u00a0 \u00a0 \u00a0<\/span>400 x 510 mm\u00a0 \u00a0 \u00a0 \u00a0 \u00a0 \u00a0450 x 650 mm<\/p>\r\n<p class=\"p1\">Format du papier\u00a0 \u00a0 \u00a0 \u00a0 \u00a0 \u00a0 \u00a0 \u00a0 \u00a0 \u00a0 \u00a0 \u00a0 \u00a0 \u00a0 jusqu\u2019au format A3<span class=\"Apple-converted-space\">\u00a0 \u00a0 \u00a0 <\/span>jusqu\u2019au format A2<\/p>\r\n<p class=\"p1\">Capacit\u00e9\u00a0 \u00a0 \u00a0 \u00a0 \u00a0 \u00a0 \u00a0 \u00a0 \u00a0 \u00a0 \u00a0 \u00a0 \u00a0 \u00a0 \u00a0 \u00a0 \u00a0 \u00a0 \u00a0 \u00a0 \u00a0 \u00a0 \u00a0 \u00a0 \u00a0 \u00a0 \u00a0 \u00a0jusqu\u2019\u00e0 800 feuilles 80gr.<\/p>\r\n<p class=\"p1\">Table \u00e0 angle\u00a0 \u00a0 \u00a0 \u00a0 \u00a0 \u00a0 \u00a0 \u00a0 \u00a0 \u00a0 \u00a0 \u00a0 \u00a0 \u00a0 \u00a0 \u00a0 \u00a0 \u00a0 \u00a0 \u00a0 \u00a0Variable\u00a0 \u00a0 \u00a0 \u00a0 \u00a0 \u00a0 \u00a0 \u00a0 \u00a0 \u00a0 \u00a0Variable<\/p>\r\n<p class=\"p1\">Adjustement Variable de la force de vibration.<\/p>\r\n<p class=\"p1\">Stand r\u00e9glable en hauteur de\u00a0 \u00a0 \u00a0 \u00a0 \u00a0 \u00a0 \u00a0 \u00a0 \u00a0 \u00a0 \u00a0 \u00a0 480mm \u00e0 800mm.<\/p>\r\n<p class=\"p1\">Machine dimensions\u00a0 \u00a0 \u00a0 \u00a0 \u00a0 \u00a0 \u00a0 \u00a0 \u00a0 \u00a0 \u00a0 \u00a0 \u00a0 \u00a0 \u00a0 \u00a0 \u00a0 \u00a0 \u00a0 \u00a0 \u00a0 \u00a0 \u00a0 540x410x950 mm<\/p>\r\n<p class=\"p1\">Equip\u00e9e d\u2019une s\u00e9paration ajustable pour plus petits formats.<\/p>\r\n&nbsp;\r\n\r\n<a href=\"https:\/\/www.albyco.com\/fr\/contactez-nous\/\"><img loading=\"lazy\" class=\"size-full wp-image-11223 alignleft\" src=\"https:\/\/www.albyco.com\/wp-content\/uploads\/2018\/02\/CTA-Albyco-fr-2.jpg\" alt=\"\" width=\"225\" height=\"141\" srcset=\"https:\/\/www.albyco.com\/wp-content\/uploads\/2018\/02\/CTA-Albyco-fr-2.jpg 225w, https:\/\/www.albyco.com\/wp-content\/uploads\/2018\/02\/CTA-Albyco-fr-2-100x63.jpg 100w, https:\/\/www.albyco.com\/wp-content\/uploads\/2018\/02\/CTA-Albyco-fr-2-24x15.jpg 24w, https:\/\/www.albyco.com\/wp-content\/uploads\/2018\/02\/CTA-Albyco-fr-2-36x23.jpg 36w, https:\/\/www.albyco.com\/wp-content\/uploads\/2018\/02\/CTA-Albyco-fr-2-48x30.jpg 48w\" sizes=\"(max-width: 225px) 100vw, 225px\" \/><\/a>","protected":false},"excerpt":{"rendered":"<p><strong>Stago PR43-s\u00e9rie<\/strong>, taqueuses pour un homog\u00e8ne taquage des piles de papier jusqu&#8217;\u00e0 400 x 510 mm ou 650 x 450 mm. <span class=\"Apple-converted-space\">\u00a0 \u00a0 \u00a0 \u00a0 \u00a0 \u00a0 <\/span><\/p>\n","protected":false},"featured_media":7876,"comment_status":"open","ping_status":"closed","template":"","meta":[],"product_cat":[2300,2301,3334],"product_tag":[3336,2734,3112,2739,2779,3335],"yoast_head":"<!-- This site is optimized with the Yoast SEO plugin v18.6 - https:\/\/yoast.com\/wordpress\/plugins\/seo\/ -->\n<title>Stago PR43-s\u00e9rie, taqueuses jusqu&#039;\u00e0 400 x 510 mm ou 650 x 450 mm. \u00a0 - Albyco<\/title>\n<meta name=\"description\" content=\"Stago PR43-s\u00e9rie, taqueuses pour un homog\u00e8ne taquage des piles de papier jusqu&#039;\u00e0 400 x 510 mm ou 650 x 450 mm. \u00a0 \u00a0 \u00a0 \u00a0 \u00a0 \u00a0\" \/>\n<meta name=\"robots\" content=\"index, follow, max-snippet:-1, max-image-preview:large, max-video-preview:-1\" \/>\n<link rel=\"canonical\" href=\"https:\/\/www.albyco.com\/fr\/produit\/stago-pr43-serie-taqueuses-jusqua-400-x-510-mm-ou-650-x-450-mm\/\" \/>\n<meta property=\"og:locale\" content=\"fr_FR\" \/>\n<meta property=\"og:type\" content=\"article\" \/>\n<meta property=\"og:title\" content=\"Stago PR43-s\u00e9rie, taqueuses jusqu&#039;\u00e0 400 x 510 mm ou 650 x 450 mm. \u00a0 - Albyco\" \/>\n<meta property=\"og:description\" content=\"Stago PR43-s\u00e9rie, taqueuses pour un homog\u00e8ne taquage des piles de papier jusqu&#039;\u00e0 400 x 510 mm ou 650 x 450 mm. \u00a0 \u00a0 \u00a0 \u00a0 \u00a0 \u00a0\" \/>\n<meta property=\"og:url\" content=\"https:\/\/www.albyco.com\/fr\/produit\/stago-pr43-serie-taqueuses-jusqua-400-x-510-mm-ou-650-x-450-mm\/\" \/>\n<meta property=\"og:site_name\" content=\"Albyco\" \/>\n<meta property=\"article:modified_time\" content=\"2021-07-09T09:30:30+00:00\" \/>\n<meta property=\"og:image\" content=\"https:\/\/www.albyco.com\/wp-content\/uploads\/2017\/06\/stago-stago-pr43s-triltafel-tot-formaat-a2_STAGOPR43S.jpg\" \/>\n\t<meta property=\"og:image:width\" content=\"1023\" \/>\n\t<meta property=\"og:image:height\" content=\"1024\" \/>\n\t<meta property=\"og:image:type\" content=\"image\/jpeg\" \/>\n<meta name=\"twitter:card\" content=\"summary\" \/>\n<meta name=\"twitter:site\" content=\"@AlbycoNederland\" \/>\n<script type=\"application\/ld+json\" class=\"yoast-schema-graph\">{\"@context\":\"https:\/\/schema.org\",\"@graph\":[{\"@type\":\"Organization\",\"@id\":\"https:\/\/www.albyco.com\/#organization\",\"name\":\"Albyco Nederland B.V.\",\"url\":\"https:\/\/www.albyco.com\/\",\"sameAs\":[\"https:\/\/www.linkedin.com\/company\/18015670\/\",\"https:\/\/www.youtube.com\/user\/AlbycoNederland\",\"https:\/\/nl.pinterest.com\/albyco\",\"https:\/\/twitter.com\/AlbycoNederland\"],\"logo\":{\"@type\":\"ImageObject\",\"@id\":\"https:\/\/www.albyco.com\/#logo\",\"inLanguage\":\"fr-FR\",\"url\":\"https:\/\/www.albyco.com\/wp-content\/uploads\/2017\/07\/albyco_logo_hd.png\",\"contentUrl\":\"https:\/\/www.albyco.com\/wp-content\/uploads\/2017\/07\/albyco_logo_hd.png\",\"width\":300,\"height\":300,\"caption\":\"Albyco Nederland B.V.\"},\"image\":{\"@id\":\"https:\/\/www.albyco.com\/#logo\"}},{\"@type\":\"WebSite\",\"@id\":\"https:\/\/www.albyco.com\/#website\",\"url\":\"https:\/\/www.albyco.com\/\",\"name\":\"Albyco\",\"description\":\"Leverancier voor nabewerking van geprinte media\",\"publisher\":{\"@id\":\"https:\/\/www.albyco.com\/#organization\"},\"potentialAction\":[{\"@type\":\"SearchAction\",\"target\":{\"@type\":\"EntryPoint\",\"urlTemplate\":\"https:\/\/www.albyco.com\/?s={search_term_string}\"},\"query-input\":\"required name=search_term_string\"}],\"inLanguage\":\"fr-FR\"},{\"@type\":\"ImageObject\",\"@id\":\"https:\/\/www.albyco.com\/fr\/produit\/stago-pr43-serie-taqueuses-jusqua-400-x-510-mm-ou-650-x-450-mm\/#primaryimage\",\"inLanguage\":\"fr-FR\",\"url\":\"https:\/\/www.albyco.com\/wp-content\/uploads\/2017\/06\/stago-stago-pr43s-triltafel-tot-formaat-a2_STAGOPR43S.jpg\",\"contentUrl\":\"https:\/\/www.albyco.com\/wp-content\/uploads\/2017\/06\/stago-stago-pr43s-triltafel-tot-formaat-a2_STAGOPR43S.jpg\",\"width\":1023,\"height\":1024,\"caption\":\"Stago PR43-s\u00e9rie\"},{\"@type\":\"WebPage\",\"@id\":\"https:\/\/www.albyco.com\/fr\/produit\/stago-pr43-serie-taqueuses-jusqua-400-x-510-mm-ou-650-x-450-mm\/#webpage\",\"url\":\"https:\/\/www.albyco.com\/fr\/produit\/stago-pr43-serie-taqueuses-jusqua-400-x-510-mm-ou-650-x-450-mm\/\",\"name\":\"Stago PR43-s\u00e9rie, taqueuses jusqu'\u00e0 400 x 510 mm ou 650 x 450 mm. \u00a0 - Albyco\",\"isPartOf\":{\"@id\":\"https:\/\/www.albyco.com\/#website\"},\"primaryImageOfPage\":{\"@id\":\"https:\/\/www.albyco.com\/fr\/produit\/stago-pr43-serie-taqueuses-jusqua-400-x-510-mm-ou-650-x-450-mm\/#primaryimage\"},\"datePublished\":\"2017-07-06T14:49:14+00:00\",\"dateModified\":\"2021-07-09T09:30:30+00:00\",\"description\":\"Stago PR43-s\u00e9rie, taqueuses pour un homog\u00e8ne taquage des piles de papier jusqu'\u00e0 400 x 510 mm ou 650 x 450 mm. \u00a0 \u00a0 \u00a0 \u00a0 \u00a0 \u00a0\",\"breadcrumb\":{\"@id\":\"https:\/\/www.albyco.com\/fr\/produit\/stago-pr43-serie-taqueuses-jusqua-400-x-510-mm-ou-650-x-450-mm\/#breadcrumb\"},\"inLanguage\":\"fr-FR\",\"potentialAction\":[{\"@type\":\"ReadAction\",\"target\":[\"https:\/\/www.albyco.com\/fr\/produit\/stago-pr43-serie-taqueuses-jusqua-400-x-510-mm-ou-650-x-450-mm\/\"]}]},{\"@type\":\"BreadcrumbList\",\"@id\":\"https:\/\/www.albyco.com\/fr\/produit\/stago-pr43-serie-taqueuses-jusqua-400-x-510-mm-ou-650-x-450-mm\/#breadcrumb\",\"itemListElement\":[{\"@type\":\"ListItem\",\"position\":1,\"name\":\"Home\",\"item\":\"https:\/\/www.albyco.com\/fr\/\"},{\"@type\":\"ListItem\",\"position\":2,\"name\":\"Les produits\",\"item\":\"https:\/\/www.albyco.com\/fr\/producten\/\"},{\"@type\":\"ListItem\",\"position\":3,\"name\":\"Stago PR43-s\u00e9rie, taqueuses jusqu&#8217;\u00e0 400 x 510 mm ou 650 x 450 mm. \u00a0\"}]}]}<\/script>\n<!-- \/ Yoast SEO plugin. -->","yoast_head_json":{"title":"Stago PR43-s\u00e9rie, taqueuses jusqu'\u00e0 400 x 510 mm ou 650 x 450 mm. \u00a0 - Albyco","description":"Stago PR43-s\u00e9rie, taqueuses pour un homog\u00e8ne taquage des piles de papier jusqu'\u00e0 400 x 510 mm ou 650 x 450 mm. \u00a0 \u00a0 \u00a0 \u00a0 \u00a0 \u00a0","robots":{"index":"index","follow":"follow","max-snippet":"max-snippet:-1","max-image-preview":"max-image-preview:large","max-video-preview":"max-video-preview:-1"},"canonical":"https:\/\/www.albyco.com\/fr\/produit\/stago-pr43-serie-taqueuses-jusqua-400-x-510-mm-ou-650-x-450-mm\/","og_locale":"fr_FR","og_type":"article","og_title":"Stago PR43-s\u00e9rie, taqueuses jusqu'\u00e0 400 x 510 mm ou 650 x 450 mm. \u00a0 - Albyco","og_description":"Stago PR43-s\u00e9rie, taqueuses pour un homog\u00e8ne taquage des piles de papier jusqu'\u00e0 400 x 510 mm ou 650 x 450 mm. \u00a0 \u00a0 \u00a0 \u00a0 \u00a0 \u00a0","og_url":"https:\/\/www.albyco.com\/fr\/produit\/stago-pr43-serie-taqueuses-jusqua-400-x-510-mm-ou-650-x-450-mm\/","og_site_name":"Albyco","article_modified_time":"2021-07-09T09:30:30+00:00","og_image":[{"width":1023,"height":1024,"url":"https:\/\/www.albyco.com\/wp-content\/uploads\/2017\/06\/stago-stago-pr43s-triltafel-tot-formaat-a2_STAGOPR43S.jpg","type":"image\/jpeg"}],"twitter_card":"summary","twitter_site":"@AlbycoNederland","schema":{"@context":"https:\/\/schema.org","@graph":[{"@type":"Organization","@id":"https:\/\/www.albyco.com\/#organization","name":"Albyco Nederland B.V.","url":"https:\/\/www.albyco.com\/","sameAs":["https:\/\/www.linkedin.com\/company\/18015670\/","https:\/\/www.youtube.com\/user\/AlbycoNederland","https:\/\/nl.pinterest.com\/albyco","https:\/\/twitter.com\/AlbycoNederland"],"logo":{"@type":"ImageObject","@id":"https:\/\/www.albyco.com\/#logo","inLanguage":"fr-FR","url":"https:\/\/www.albyco.com\/wp-content\/uploads\/2017\/07\/albyco_logo_hd.png","contentUrl":"https:\/\/www.albyco.com\/wp-content\/uploads\/2017\/07\/albyco_logo_hd.png","width":300,"height":300,"caption":"Albyco Nederland B.V."},"image":{"@id":"https:\/\/www.albyco.com\/#logo"}},{"@type":"WebSite","@id":"https:\/\/www.albyco.com\/#website","url":"https:\/\/www.albyco.com\/","name":"Albyco","description":"Leverancier voor nabewerking van geprinte media","publisher":{"@id":"https:\/\/www.albyco.com\/#organization"},"potentialAction":[{"@type":"SearchAction","target":{"@type":"EntryPoint","urlTemplate":"https:\/\/www.albyco.com\/?s={search_term_string}"},"query-input":"required name=search_term_string"}],"inLanguage":"fr-FR"},{"@type":"ImageObject","@id":"https:\/\/www.albyco.com\/fr\/produit\/stago-pr43-serie-taqueuses-jusqua-400-x-510-mm-ou-650-x-450-mm\/#primaryimage","inLanguage":"fr-FR","url":"https:\/\/www.albyco.com\/wp-content\/uploads\/2017\/06\/stago-stago-pr43s-triltafel-tot-formaat-a2_STAGOPR43S.jpg","contentUrl":"https:\/\/www.albyco.com\/wp-content\/uploads\/2017\/06\/stago-stago-pr43s-triltafel-tot-formaat-a2_STAGOPR43S.jpg","width":1023,"height":1024,"caption":"Stago PR43-s\u00e9rie"},{"@type":"WebPage","@id":"https:\/\/www.albyco.com\/fr\/produit\/stago-pr43-serie-taqueuses-jusqua-400-x-510-mm-ou-650-x-450-mm\/#webpage","url":"https:\/\/www.albyco.com\/fr\/produit\/stago-pr43-serie-taqueuses-jusqua-400-x-510-mm-ou-650-x-450-mm\/","name":"Stago PR43-s\u00e9rie, taqueuses jusqu'\u00e0 400 x 510 mm ou 650 x 450 mm. \u00a0 - Albyco","isPartOf":{"@id":"https:\/\/www.albyco.com\/#website"},"primaryImageOfPage":{"@id":"https:\/\/www.albyco.com\/fr\/produit\/stago-pr43-serie-taqueuses-jusqua-400-x-510-mm-ou-650-x-450-mm\/#primaryimage"},"datePublished":"2017-07-06T14:49:14+00:00","dateModified":"2021-07-09T09:30:30+00:00","description":"Stago PR43-s\u00e9rie, taqueuses pour un homog\u00e8ne taquage des piles de papier jusqu'\u00e0 400 x 510 mm ou 650 x 450 mm. \u00a0 \u00a0 \u00a0 \u00a0 \u00a0 \u00a0","breadcrumb":{"@id":"https:\/\/www.albyco.com\/fr\/produit\/stago-pr43-serie-taqueuses-jusqua-400-x-510-mm-ou-650-x-450-mm\/#breadcrumb"},"inLanguage":"fr-FR","potentialAction":[{"@type":"ReadAction","target":["https:\/\/www.albyco.com\/fr\/produit\/stago-pr43-serie-taqueuses-jusqua-400-x-510-mm-ou-650-x-450-mm\/"]}]},{"@type":"BreadcrumbList","@id":"https:\/\/www.albyco.com\/fr\/produit\/stago-pr43-serie-taqueuses-jusqua-400-x-510-mm-ou-650-x-450-mm\/#breadcrumb","itemListElement":[{"@type":"ListItem","position":1,"name":"Home","item":"https:\/\/www.albyco.com\/fr\/"},{"@type":"ListItem","position":2,"name":"Les produits","item":"https:\/\/www.albyco.com\/fr\/producten\/"},{"@type":"ListItem","position":3,"name":"Stago PR43-s\u00e9rie, taqueuses jusqu&#8217;\u00e0 400 x 510 mm ou 650 x 450 mm. \u00a0"}]}]}},"_links":{"self":[{"href":"https:\/\/www.albyco.com\/fr\/wp-json\/wp\/v2\/product\/10119"}],"collection":[{"href":"https:\/\/www.albyco.com\/fr\/wp-json\/wp\/v2\/product"}],"about":[{"href":"https:\/\/www.albyco.com\/fr\/wp-json\/wp\/v2\/types\/product"}],"replies":[{"embeddable":true,"href":"https:\/\/www.albyco.com\/fr\/wp-json\/wp\/v2\/comments?post=10119"}],"wp:featuredmedia":[{"embeddable":true,"href":"https:\/\/www.albyco.com\/fr\/wp-json\/wp\/v2\/media\/7876"}],"wp:attachment":[{"href":"https:\/\/www.albyco.com\/fr\/wp-json\/wp\/v2\/media?parent=10119"}],"wp:term":[{"taxonomy":"product_cat","embeddable":true,"href":"https:\/\/www.albyco.com\/fr\/wp-json\/wp\/v2\/product_cat?post=10119"},{"taxonomy":"product_tag","embeddable":true,"href":"https:\/\/www.albyco.com\/fr\/wp-json\/wp\/v2\/product_tag?post=10119"}],"curies":[{"name":"wp","href":"https:\/\/api.w.org\/{rel}","templated":true}]}}