{"id":10110,"date":"2017-07-06T16:59:31","date_gmt":"2017-07-06T14:59:31","guid":{"rendered":"https:\/\/www.albyco.com\/product\/stago-hs50-perforateur-dencoches-perforateur-calendrier-manuel\/"},"modified":"2018-02-22T14:34:24","modified_gmt":"2018-02-22T13:34:24","slug":"stago-hs50-perforateur-dencoches-perforateur-calendrier-manuel","status":"publish","type":"product","link":"https:\/\/www.albyco.com\/fr\/produit\/stago-hs50-perforateur-dencoches-perforateur-calendrier-manuel\/","title":{"rendered":"Stago HS50, perforateur d`encoches\/ perforateur calendrier manuel\u00a0 \u00a0 \u00a0 \u00a0"},"content":{"rendered":"<p class=\"p1\"><strong>Stago HS50, perforateur d`encoches\/ perforateur calendrier manuel<\/strong><span class=\"Apple-converted-space\"><strong>\u00a0 \u00a0 \u00a0 \u00a0 \u00a0 \u00a0 \u00a0 \u00a0 \u00a0<\/strong> \u00a0 \u00a0 \u00a0 \u00a0 \u00a0 \u00a0 \u00a0 \u00a0 \u00a0 \u00a0 \u00a0 \u00a0 \u00a0 \u00a0 \u00a0 \u00a0 \u00a0 \u00a0 \u00a0 \u00a0 \u00a0 \u00a0 \u00a0 \u00a0 \u00a0 \u00a0 \u00a0 \u00a0 \u00a0 \u00a0 \u00a0 \u00a0 \u00a0 \u00a0 \u00a0 \u00a0 \u00a0 \u00a0 \u00a0 \u00a0 \u00a0 \u00a0 \u00a0 \u00a0 \u00a0 \u00a0 \u00a0 \u00a0 \u00a0 \u00a0 \u00a0 \u00a0 \u00a0 \u00a0 \u00a0 \u00a0 \u00a0 \u00a0 \u00a0 \u00a0 \u00a0 \u00a0 \u00a0 \u00a0 \u00a0 \u00a0 \u00a0 \u00a0 \u00a0 \u00a0 \u00a0 \u00a0 \u00a0 \u00a0 \u00a0 \u00a0 \u00a0 \u00a0 \u00a0 \u00a0 \u00a0 \u00a0 \u00a0 \u00a0 \u00a0 \u00a0 \u00a0 \u00a0 \u00a0 <\/span>Construction robuste pour une large s\u00e9lection de coupures rondes, droites, semi-arrondies pour calendrier. Par l`utilisation des contre-lames pr\u00e9cises en m\u00e9tal de qualit\u00e9 on obtient un tr\u00e8s bon r\u00e9sultat de perforation. La machine est \u00e8quip\u00e9e d`un support papier tr\u00e8s pr\u00e9cis. La machine perfore \u00e8galement le carton, le plastique, le textile, du m\u00e9tal l\u00e9ger et bien plus encore.<\/p>\r\n<p class=\"p1\">Capacit\u00e9 de perforation jusqu`\u00e0 250 feuilles, 25 mm, 80 gr\/m\u00b2<\/p>\r\n<p class=\"p1\">Lames de perforation<\/p>\r\n<p class=\"p1\">R3,5\/R7\/R10\/R12\/R15\/R20\/, droit,<\/p>\r\n<p class=\"p1\">coupure en demi-lune pour calendrier<\/p>\r\n<p class=\"p1\">Distance de perforation 20-80 mm<\/p>\r\n<p class=\"p1\">Format de table jusqu`\u00e0 A3<\/p>\r\n<p class=\"p1\">Dimensions 830 x 650x 450 mm<\/p>\r\n<p class=\"p1\">Poids 19 kg<\/p>\r\n&nbsp;\r\n\r\n<a href=\"https:\/\/www.albyco.com\/fr\/contactez-nous\/\"><img loading=\"lazy\" class=\"size-full wp-image-11223 alignleft\" src=\"https:\/\/www.albyco.com\/wp-content\/uploads\/2018\/02\/CTA-Albyco-fr-2.jpg\" alt=\"\" width=\"225\" height=\"141\" srcset=\"https:\/\/www.albyco.com\/wp-content\/uploads\/2018\/02\/CTA-Albyco-fr-2.jpg 225w, https:\/\/www.albyco.com\/wp-content\/uploads\/2018\/02\/CTA-Albyco-fr-2-100x63.jpg 100w, https:\/\/www.albyco.com\/wp-content\/uploads\/2018\/02\/CTA-Albyco-fr-2-24x15.jpg 24w, https:\/\/www.albyco.com\/wp-content\/uploads\/2018\/02\/CTA-Albyco-fr-2-36x23.jpg 36w, https:\/\/www.albyco.com\/wp-content\/uploads\/2018\/02\/CTA-Albyco-fr-2-48x30.jpg 48w\" sizes=\"(max-width: 225px) 100vw, 225px\" \/><\/a>","protected":false},"excerpt":{"rendered":"<p><strong>Stago HS50, perforateur d`encoches\/ perforateur calendrier manuel<br \/>\n<\/strong>Construction robuste pour une large s\u00e9lection de coupures rondes, droites, semi-arrondies pour calendrier.<\/p>\n","protected":false},"featured_media":7866,"comment_status":"open","ping_status":"closed","template":"","meta":[],"product_cat":[2300,2301,2785],"product_tag":[2786,2787,2788,3112,2745],"yoast_head":"<!-- This site is optimized with the Yoast SEO plugin v18.6 - https:\/\/yoast.com\/wordpress\/plugins\/seo\/ -->\n<title>Stago HS50, perforateur d`encoches\/ perforateur calendrier manuel\u00a0 \u00a0 \u00a0 \u00a0 - Albyco<\/title>\n<meta name=\"description\" content=\"Stago HS50, perforateur d`encoches\/ perforateur calendrier manuel Construction robuste pour une large s\u00e9lection de coupures rondes, droites, semi-arrondies pour calendrier.\" \/>\n<meta name=\"robots\" content=\"index, follow, max-snippet:-1, max-image-preview:large, max-video-preview:-1\" \/>\n<link rel=\"canonical\" href=\"https:\/\/www.albyco.com\/fr\/produit\/stago-hs50-perforateur-dencoches-perforateur-calendrier-manuel\/\" \/>\n<meta property=\"og:locale\" content=\"fr_FR\" \/>\n<meta property=\"og:type\" content=\"article\" \/>\n<meta property=\"og:title\" content=\"Stago HS50, perforateur d`encoches\/ perforateur calendrier manuel\u00a0 \u00a0 \u00a0 \u00a0 - Albyco\" \/>\n<meta property=\"og:description\" content=\"Stago HS50, perforateur d`encoches\/ perforateur calendrier manuel Construction robuste pour une large s\u00e9lection de coupures rondes, droites, semi-arrondies pour calendrier.\" \/>\n<meta property=\"og:url\" content=\"https:\/\/www.albyco.com\/fr\/produit\/stago-hs50-perforateur-dencoches-perforateur-calendrier-manuel\/\" \/>\n<meta property=\"og:site_name\" content=\"Albyco\" \/>\n<meta property=\"article:modified_time\" content=\"2018-02-22T13:34:24+00:00\" \/>\n<meta property=\"og:image\" content=\"https:\/\/www.albyco.com\/wp-content\/uploads\/2017\/06\/stago-stago-hs50-handmatige-rondhoekerkalenderponser_STAGOHS50.jpg\" \/>\n\t<meta property=\"og:image:width\" content=\"1024\" \/>\n\t<meta property=\"og:image:height\" content=\"855\" \/>\n\t<meta property=\"og:image:type\" content=\"image\/jpeg\" \/>\n<meta name=\"twitter:card\" content=\"summary\" \/>\n<meta name=\"twitter:site\" content=\"@AlbycoNederland\" \/>\n<meta name=\"twitter:label1\" content=\"Dur\u00e9e de lecture estim\u00e9e\" \/>\n\t<meta name=\"twitter:data1\" content=\"1 minute\" \/>\n<script type=\"application\/ld+json\" class=\"yoast-schema-graph\">{\"@context\":\"https:\/\/schema.org\",\"@graph\":[{\"@type\":\"Organization\",\"@id\":\"https:\/\/www.albyco.com\/#organization\",\"name\":\"Albyco Nederland B.V.\",\"url\":\"https:\/\/www.albyco.com\/\",\"sameAs\":[\"https:\/\/www.linkedin.com\/company\/18015670\/\",\"https:\/\/www.youtube.com\/user\/AlbycoNederland\",\"https:\/\/nl.pinterest.com\/albyco\",\"https:\/\/twitter.com\/AlbycoNederland\"],\"logo\":{\"@type\":\"ImageObject\",\"@id\":\"https:\/\/www.albyco.com\/#logo\",\"inLanguage\":\"fr-FR\",\"url\":\"https:\/\/www.albyco.com\/wp-content\/uploads\/2017\/07\/albyco_logo_hd.png\",\"contentUrl\":\"https:\/\/www.albyco.com\/wp-content\/uploads\/2017\/07\/albyco_logo_hd.png\",\"width\":300,\"height\":300,\"caption\":\"Albyco Nederland B.V.\"},\"image\":{\"@id\":\"https:\/\/www.albyco.com\/#logo\"}},{\"@type\":\"WebSite\",\"@id\":\"https:\/\/www.albyco.com\/#website\",\"url\":\"https:\/\/www.albyco.com\/\",\"name\":\"Albyco\",\"description\":\"Leverancier voor nabewerking van geprinte media\",\"publisher\":{\"@id\":\"https:\/\/www.albyco.com\/#organization\"},\"potentialAction\":[{\"@type\":\"SearchAction\",\"target\":{\"@type\":\"EntryPoint\",\"urlTemplate\":\"https:\/\/www.albyco.com\/?s={search_term_string}\"},\"query-input\":\"required name=search_term_string\"}],\"inLanguage\":\"fr-FR\"},{\"@type\":\"ImageObject\",\"@id\":\"https:\/\/www.albyco.com\/fr\/produit\/stago-hs50-perforateur-dencoches-perforateur-calendrier-manuel\/#primaryimage\",\"inLanguage\":\"fr-FR\",\"url\":\"https:\/\/www.albyco.com\/wp-content\/uploads\/2017\/06\/stago-stago-hs50-handmatige-rondhoekerkalenderponser_STAGOHS50.jpg\",\"contentUrl\":\"https:\/\/www.albyco.com\/wp-content\/uploads\/2017\/06\/stago-stago-hs50-handmatige-rondhoekerkalenderponser_STAGOHS50.jpg\",\"width\":1024,\"height\":855,\"caption\":\"Stago HS50, perforateur d`encoches\/ perforateur calendrier manuel\u00a0 \u00a0 \u00a0\"},{\"@type\":\"WebPage\",\"@id\":\"https:\/\/www.albyco.com\/fr\/produit\/stago-hs50-perforateur-dencoches-perforateur-calendrier-manuel\/#webpage\",\"url\":\"https:\/\/www.albyco.com\/fr\/produit\/stago-hs50-perforateur-dencoches-perforateur-calendrier-manuel\/\",\"name\":\"Stago HS50, perforateur d`encoches\/ perforateur calendrier manuel\u00a0 \u00a0 \u00a0 \u00a0 - Albyco\",\"isPartOf\":{\"@id\":\"https:\/\/www.albyco.com\/#website\"},\"primaryImageOfPage\":{\"@id\":\"https:\/\/www.albyco.com\/fr\/produit\/stago-hs50-perforateur-dencoches-perforateur-calendrier-manuel\/#primaryimage\"},\"datePublished\":\"2017-07-06T14:59:31+00:00\",\"dateModified\":\"2018-02-22T13:34:24+00:00\",\"description\":\"Stago HS50, perforateur d`encoches\/ perforateur calendrier manuel Construction robuste pour une large s\u00e9lection de coupures rondes, droites, semi-arrondies pour calendrier.\",\"breadcrumb\":{\"@id\":\"https:\/\/www.albyco.com\/fr\/produit\/stago-hs50-perforateur-dencoches-perforateur-calendrier-manuel\/#breadcrumb\"},\"inLanguage\":\"fr-FR\",\"potentialAction\":[{\"@type\":\"ReadAction\",\"target\":[\"https:\/\/www.albyco.com\/fr\/produit\/stago-hs50-perforateur-dencoches-perforateur-calendrier-manuel\/\"]}]},{\"@type\":\"BreadcrumbList\",\"@id\":\"https:\/\/www.albyco.com\/fr\/produit\/stago-hs50-perforateur-dencoches-perforateur-calendrier-manuel\/#breadcrumb\",\"itemListElement\":[{\"@type\":\"ListItem\",\"position\":1,\"name\":\"Home\",\"item\":\"https:\/\/www.albyco.com\/fr\/\"},{\"@type\":\"ListItem\",\"position\":2,\"name\":\"Les produits\",\"item\":\"https:\/\/www.albyco.com\/fr\/producten\/\"},{\"@type\":\"ListItem\",\"position\":3,\"name\":\"Stago HS50, perforateur d`encoches\/ perforateur calendrier manuel\u00a0 \u00a0 \u00a0 \u00a0\"}]}]}<\/script>\n<!-- \/ Yoast SEO plugin. -->","yoast_head_json":{"title":"Stago HS50, perforateur d`encoches\/ perforateur calendrier manuel\u00a0 \u00a0 \u00a0 \u00a0 - Albyco","description":"Stago HS50, perforateur d`encoches\/ perforateur calendrier manuel Construction robuste pour une large s\u00e9lection de coupures rondes, droites, semi-arrondies pour calendrier.","robots":{"index":"index","follow":"follow","max-snippet":"max-snippet:-1","max-image-preview":"max-image-preview:large","max-video-preview":"max-video-preview:-1"},"canonical":"https:\/\/www.albyco.com\/fr\/produit\/stago-hs50-perforateur-dencoches-perforateur-calendrier-manuel\/","og_locale":"fr_FR","og_type":"article","og_title":"Stago HS50, perforateur d`encoches\/ perforateur calendrier manuel\u00a0 \u00a0 \u00a0 \u00a0 - Albyco","og_description":"Stago HS50, perforateur d`encoches\/ perforateur calendrier manuel Construction robuste pour une large s\u00e9lection de coupures rondes, droites, semi-arrondies pour calendrier.","og_url":"https:\/\/www.albyco.com\/fr\/produit\/stago-hs50-perforateur-dencoches-perforateur-calendrier-manuel\/","og_site_name":"Albyco","article_modified_time":"2018-02-22T13:34:24+00:00","og_image":[{"width":1024,"height":855,"url":"https:\/\/www.albyco.com\/wp-content\/uploads\/2017\/06\/stago-stago-hs50-handmatige-rondhoekerkalenderponser_STAGOHS50.jpg","type":"image\/jpeg"}],"twitter_card":"summary","twitter_site":"@AlbycoNederland","twitter_misc":{"Dur\u00e9e de lecture estim\u00e9e":"1 minute"},"schema":{"@context":"https:\/\/schema.org","@graph":[{"@type":"Organization","@id":"https:\/\/www.albyco.com\/#organization","name":"Albyco Nederland B.V.","url":"https:\/\/www.albyco.com\/","sameAs":["https:\/\/www.linkedin.com\/company\/18015670\/","https:\/\/www.youtube.com\/user\/AlbycoNederland","https:\/\/nl.pinterest.com\/albyco","https:\/\/twitter.com\/AlbycoNederland"],"logo":{"@type":"ImageObject","@id":"https:\/\/www.albyco.com\/#logo","inLanguage":"fr-FR","url":"https:\/\/www.albyco.com\/wp-content\/uploads\/2017\/07\/albyco_logo_hd.png","contentUrl":"https:\/\/www.albyco.com\/wp-content\/uploads\/2017\/07\/albyco_logo_hd.png","width":300,"height":300,"caption":"Albyco Nederland B.V."},"image":{"@id":"https:\/\/www.albyco.com\/#logo"}},{"@type":"WebSite","@id":"https:\/\/www.albyco.com\/#website","url":"https:\/\/www.albyco.com\/","name":"Albyco","description":"Leverancier voor nabewerking van geprinte media","publisher":{"@id":"https:\/\/www.albyco.com\/#organization"},"potentialAction":[{"@type":"SearchAction","target":{"@type":"EntryPoint","urlTemplate":"https:\/\/www.albyco.com\/?s={search_term_string}"},"query-input":"required name=search_term_string"}],"inLanguage":"fr-FR"},{"@type":"ImageObject","@id":"https:\/\/www.albyco.com\/fr\/produit\/stago-hs50-perforateur-dencoches-perforateur-calendrier-manuel\/#primaryimage","inLanguage":"fr-FR","url":"https:\/\/www.albyco.com\/wp-content\/uploads\/2017\/06\/stago-stago-hs50-handmatige-rondhoekerkalenderponser_STAGOHS50.jpg","contentUrl":"https:\/\/www.albyco.com\/wp-content\/uploads\/2017\/06\/stago-stago-hs50-handmatige-rondhoekerkalenderponser_STAGOHS50.jpg","width":1024,"height":855,"caption":"Stago HS50, perforateur d`encoches\/ perforateur calendrier manuel\u00a0 \u00a0 \u00a0"},{"@type":"WebPage","@id":"https:\/\/www.albyco.com\/fr\/produit\/stago-hs50-perforateur-dencoches-perforateur-calendrier-manuel\/#webpage","url":"https:\/\/www.albyco.com\/fr\/produit\/stago-hs50-perforateur-dencoches-perforateur-calendrier-manuel\/","name":"Stago HS50, perforateur d`encoches\/ perforateur calendrier manuel\u00a0 \u00a0 \u00a0 \u00a0 - Albyco","isPartOf":{"@id":"https:\/\/www.albyco.com\/#website"},"primaryImageOfPage":{"@id":"https:\/\/www.albyco.com\/fr\/produit\/stago-hs50-perforateur-dencoches-perforateur-calendrier-manuel\/#primaryimage"},"datePublished":"2017-07-06T14:59:31+00:00","dateModified":"2018-02-22T13:34:24+00:00","description":"Stago HS50, perforateur d`encoches\/ perforateur calendrier manuel Construction robuste pour une large s\u00e9lection de coupures rondes, droites, semi-arrondies pour calendrier.","breadcrumb":{"@id":"https:\/\/www.albyco.com\/fr\/produit\/stago-hs50-perforateur-dencoches-perforateur-calendrier-manuel\/#breadcrumb"},"inLanguage":"fr-FR","potentialAction":[{"@type":"ReadAction","target":["https:\/\/www.albyco.com\/fr\/produit\/stago-hs50-perforateur-dencoches-perforateur-calendrier-manuel\/"]}]},{"@type":"BreadcrumbList","@id":"https:\/\/www.albyco.com\/fr\/produit\/stago-hs50-perforateur-dencoches-perforateur-calendrier-manuel\/#breadcrumb","itemListElement":[{"@type":"ListItem","position":1,"name":"Home","item":"https:\/\/www.albyco.com\/fr\/"},{"@type":"ListItem","position":2,"name":"Les produits","item":"https:\/\/www.albyco.com\/fr\/producten\/"},{"@type":"ListItem","position":3,"name":"Stago HS50, perforateur d`encoches\/ perforateur calendrier manuel\u00a0 \u00a0 \u00a0 \u00a0"}]}]}},"_links":{"self":[{"href":"https:\/\/www.albyco.com\/fr\/wp-json\/wp\/v2\/product\/10110"}],"collection":[{"href":"https:\/\/www.albyco.com\/fr\/wp-json\/wp\/v2\/product"}],"about":[{"href":"https:\/\/www.albyco.com\/fr\/wp-json\/wp\/v2\/types\/product"}],"replies":[{"embeddable":true,"href":"https:\/\/www.albyco.com\/fr\/wp-json\/wp\/v2\/comments?post=10110"}],"wp:featuredmedia":[{"embeddable":true,"href":"https:\/\/www.albyco.com\/fr\/wp-json\/wp\/v2\/media\/7866"}],"wp:attachment":[{"href":"https:\/\/www.albyco.com\/fr\/wp-json\/wp\/v2\/media?parent=10110"}],"wp:term":[{"taxonomy":"product_cat","embeddable":true,"href":"https:\/\/www.albyco.com\/fr\/wp-json\/wp\/v2\/product_cat?post=10110"},{"taxonomy":"product_tag","embeddable":true,"href":"https:\/\/www.albyco.com\/fr\/wp-json\/wp\/v2\/product_tag?post=10110"}],"curies":[{"name":"wp","href":"https:\/\/api.w.org\/{rel}","templated":true}]}}