{"id":10109,"date":"2017-07-06T15:44:39","date_gmt":"2017-07-06T13:44:39","guid":{"rendered":"https:\/\/www.albyco.com\/product\/stago-hm6-2bs-agrafeuse-professionnelle-a-deux-tetes\/"},"modified":"2022-01-05T06:44:37","modified_gmt":"2022-01-05T05:44:37","slug":"stago-hm6-2bs-agrafeuse-professionnelle-a-deux-tetes","status":"publish","type":"product","link":"https:\/\/www.albyco.com\/fr\/produit\/stago-hm6-2bs-agrafeuse-professionnelle-a-deux-tetes\/","title":{"rendered":"Stago HM6\/2BS, agrafeuse professionnelle \u00e0 deux t\u00eates"},"content":{"rendered":"<p class=\"p1\"><strong>Stago HM6\/2BS, agrafeuse professionnelle \u00e0 deux t\u00eates<\/strong><\/p>\r\n&nbsp;\r\n<p class=\"p1\">\u2022 Equip\u00e9e de 2 t\u00eates fixes espac\u00e9es de\u00a080 mm\r\n\u2022 Capacit\u00e9 d\u2019agrafage\u00a060 feuilles 80 g\/m<sup>2<\/sup>\r\n\u2022 Capacit\u00e9 du chargeur<span class=\"Apple-tab-span\">\u00a0<\/span>400 agrafes\r\n\u2022 Agrafage \u00e0 plat et \u00e0 cheval avec possibilit\u00e9 d\u2019utiliser des agrafes \u00e0 oeillets.\r\n\u2022 Guides lat\u00e9raux et guide de profondeur. Force d\u2019agrafage ajustable s\u00e9par\u00e9ment sur les 2 t\u00eates.\r\n\u2022 Possibilit\u00e9 de d\u00e9sactiver 1 t\u00eate.\r\n\u2022 Commande par p\u00e9dale.\r\n\u2022 Disponible en mod\u00e8le de table (HM6\/2-BS) ou sur stand \u00e0 hauteur ajustable (HM6\/2-BSS).<\/p>\r\n&nbsp;\r\n\r\n<a href=\"https:\/\/www.albyco.com\/fr\/contactez-nous\/\"><img loading=\"lazy\" class=\"size-full wp-image-11223 alignleft\" src=\"https:\/\/www.albyco.com\/wp-content\/uploads\/2018\/02\/CTA-Albyco-fr-2.jpg\" alt=\"\" width=\"225\" height=\"141\" srcset=\"https:\/\/www.albyco.com\/wp-content\/uploads\/2018\/02\/CTA-Albyco-fr-2.jpg 225w, https:\/\/www.albyco.com\/wp-content\/uploads\/2018\/02\/CTA-Albyco-fr-2-100x63.jpg 100w, https:\/\/www.albyco.com\/wp-content\/uploads\/2018\/02\/CTA-Albyco-fr-2-24x15.jpg 24w, https:\/\/www.albyco.com\/wp-content\/uploads\/2018\/02\/CTA-Albyco-fr-2-36x23.jpg 36w, https:\/\/www.albyco.com\/wp-content\/uploads\/2018\/02\/CTA-Albyco-fr-2-48x30.jpg 48w\" sizes=\"(max-width: 225px) 100vw, 225px\" \/><\/a>","protected":false},"excerpt":{"rendered":"<p><strong>Stago HM6\/2BS, agrafeuse professionnelle \u00e0 deux t\u00eates<br \/>\n<\/strong><\/p>\n","protected":false},"featured_media":8030,"comment_status":"open","ping_status":"closed","template":"","meta":[],"product_cat":[2300,2301,3309],"product_tag":[3314,3315,3316,3112,3317,3113,3318,3319,3320,3321,2721,2726],"yoast_head":"<!-- This site is optimized with the Yoast SEO plugin v18.6 - https:\/\/yoast.com\/wordpress\/plugins\/seo\/ -->\n<title>Stago HM6\/2BS, agrafeuse professionnelle \u00e0 deux t\u00eates - Albyco<\/title>\n<meta name=\"description\" content=\"Stago HM6\/2BS, agrafeuse professionnelle \u00e0 deux t\u00eates\" \/>\n<meta name=\"robots\" content=\"index, follow, max-snippet:-1, max-image-preview:large, max-video-preview:-1\" \/>\n<link rel=\"canonical\" href=\"https:\/\/www.albyco.com\/fr\/produit\/stago-hm6-2bs-agrafeuse-professionnelle-a-deux-tetes\/\" \/>\n<meta property=\"og:locale\" content=\"fr_FR\" \/>\n<meta property=\"og:type\" content=\"article\" \/>\n<meta property=\"og:title\" content=\"Stago HM6\/2BS, agrafeuse professionnelle \u00e0 deux t\u00eates - Albyco\" \/>\n<meta property=\"og:description\" content=\"Stago HM6\/2BS, agrafeuse professionnelle \u00e0 deux t\u00eates\" \/>\n<meta property=\"og:url\" content=\"https:\/\/www.albyco.com\/fr\/produit\/stago-hm6-2bs-agrafeuse-professionnelle-a-deux-tetes\/\" \/>\n<meta property=\"og:site_name\" content=\"Albyco\" \/>\n<meta property=\"article:modified_time\" content=\"2022-01-05T05:44:37+00:00\" \/>\n<meta property=\"og:image\" content=\"https:\/\/www.albyco.com\/wp-content\/uploads\/2017\/07\/Stago-HM6-met-vloerstandaard.jpg\" \/>\n\t<meta property=\"og:image:width\" content=\"461\" \/>\n\t<meta property=\"og:image:height\" content=\"600\" \/>\n\t<meta property=\"og:image:type\" content=\"image\/jpeg\" \/>\n<meta name=\"twitter:card\" content=\"summary\" \/>\n<meta name=\"twitter:site\" content=\"@AlbycoNederland\" \/>\n<script type=\"application\/ld+json\" class=\"yoast-schema-graph\">{\"@context\":\"https:\/\/schema.org\",\"@graph\":[{\"@type\":\"Organization\",\"@id\":\"https:\/\/www.albyco.com\/#organization\",\"name\":\"Albyco Nederland B.V.\",\"url\":\"https:\/\/www.albyco.com\/\",\"sameAs\":[\"https:\/\/www.linkedin.com\/company\/18015670\/\",\"https:\/\/www.youtube.com\/user\/AlbycoNederland\",\"https:\/\/nl.pinterest.com\/albyco\",\"https:\/\/twitter.com\/AlbycoNederland\"],\"logo\":{\"@type\":\"ImageObject\",\"@id\":\"https:\/\/www.albyco.com\/#logo\",\"inLanguage\":\"fr-FR\",\"url\":\"https:\/\/www.albyco.com\/wp-content\/uploads\/2017\/07\/albyco_logo_hd.png\",\"contentUrl\":\"https:\/\/www.albyco.com\/wp-content\/uploads\/2017\/07\/albyco_logo_hd.png\",\"width\":300,\"height\":300,\"caption\":\"Albyco Nederland B.V.\"},\"image\":{\"@id\":\"https:\/\/www.albyco.com\/#logo\"}},{\"@type\":\"WebSite\",\"@id\":\"https:\/\/www.albyco.com\/#website\",\"url\":\"https:\/\/www.albyco.com\/\",\"name\":\"Albyco\",\"description\":\"Leverancier voor nabewerking van geprinte media\",\"publisher\":{\"@id\":\"https:\/\/www.albyco.com\/#organization\"},\"potentialAction\":[{\"@type\":\"SearchAction\",\"target\":{\"@type\":\"EntryPoint\",\"urlTemplate\":\"https:\/\/www.albyco.com\/?s={search_term_string}\"},\"query-input\":\"required name=search_term_string\"}],\"inLanguage\":\"fr-FR\"},{\"@type\":\"ImageObject\",\"@id\":\"https:\/\/www.albyco.com\/fr\/produit\/stago-hm6-2bs-agrafeuse-professionnelle-a-deux-tetes\/#primaryimage\",\"inLanguage\":\"fr-FR\",\"url\":\"https:\/\/www.albyco.com\/wp-content\/uploads\/2017\/07\/Stago-HM6-met-vloerstandaard.jpg\",\"contentUrl\":\"https:\/\/www.albyco.com\/wp-content\/uploads\/2017\/07\/Stago-HM6-met-vloerstandaard.jpg\",\"width\":461,\"height\":600,\"caption\":\"Stago HM6\/2BS, agrafeuse professionnelle \u00e0 deux t\u00eates\"},{\"@type\":\"WebPage\",\"@id\":\"https:\/\/www.albyco.com\/fr\/produit\/stago-hm6-2bs-agrafeuse-professionnelle-a-deux-tetes\/#webpage\",\"url\":\"https:\/\/www.albyco.com\/fr\/produit\/stago-hm6-2bs-agrafeuse-professionnelle-a-deux-tetes\/\",\"name\":\"Stago HM6\/2BS, agrafeuse professionnelle \u00e0 deux t\u00eates - Albyco\",\"isPartOf\":{\"@id\":\"https:\/\/www.albyco.com\/#website\"},\"primaryImageOfPage\":{\"@id\":\"https:\/\/www.albyco.com\/fr\/produit\/stago-hm6-2bs-agrafeuse-professionnelle-a-deux-tetes\/#primaryimage\"},\"datePublished\":\"2017-07-06T13:44:39+00:00\",\"dateModified\":\"2022-01-05T05:44:37+00:00\",\"description\":\"Stago HM6\/2BS, agrafeuse professionnelle \u00e0 deux t\u00eates\",\"breadcrumb\":{\"@id\":\"https:\/\/www.albyco.com\/fr\/produit\/stago-hm6-2bs-agrafeuse-professionnelle-a-deux-tetes\/#breadcrumb\"},\"inLanguage\":\"fr-FR\",\"potentialAction\":[{\"@type\":\"ReadAction\",\"target\":[\"https:\/\/www.albyco.com\/fr\/produit\/stago-hm6-2bs-agrafeuse-professionnelle-a-deux-tetes\/\"]}]},{\"@type\":\"BreadcrumbList\",\"@id\":\"https:\/\/www.albyco.com\/fr\/produit\/stago-hm6-2bs-agrafeuse-professionnelle-a-deux-tetes\/#breadcrumb\",\"itemListElement\":[{\"@type\":\"ListItem\",\"position\":1,\"name\":\"Home\",\"item\":\"https:\/\/www.albyco.com\/fr\/\"},{\"@type\":\"ListItem\",\"position\":2,\"name\":\"Les produits\",\"item\":\"https:\/\/www.albyco.com\/fr\/producten\/\"},{\"@type\":\"ListItem\",\"position\":3,\"name\":\"Stago HM6\/2BS, agrafeuse professionnelle \u00e0 deux t\u00eates\"}]}]}<\/script>\n<!-- \/ Yoast SEO plugin. -->","yoast_head_json":{"title":"Stago HM6\/2BS, agrafeuse professionnelle \u00e0 deux t\u00eates - Albyco","description":"Stago HM6\/2BS, agrafeuse professionnelle \u00e0 deux t\u00eates","robots":{"index":"index","follow":"follow","max-snippet":"max-snippet:-1","max-image-preview":"max-image-preview:large","max-video-preview":"max-video-preview:-1"},"canonical":"https:\/\/www.albyco.com\/fr\/produit\/stago-hm6-2bs-agrafeuse-professionnelle-a-deux-tetes\/","og_locale":"fr_FR","og_type":"article","og_title":"Stago HM6\/2BS, agrafeuse professionnelle \u00e0 deux t\u00eates - Albyco","og_description":"Stago HM6\/2BS, agrafeuse professionnelle \u00e0 deux t\u00eates","og_url":"https:\/\/www.albyco.com\/fr\/produit\/stago-hm6-2bs-agrafeuse-professionnelle-a-deux-tetes\/","og_site_name":"Albyco","article_modified_time":"2022-01-05T05:44:37+00:00","og_image":[{"width":461,"height":600,"url":"https:\/\/www.albyco.com\/wp-content\/uploads\/2017\/07\/Stago-HM6-met-vloerstandaard.jpg","type":"image\/jpeg"}],"twitter_card":"summary","twitter_site":"@AlbycoNederland","schema":{"@context":"https:\/\/schema.org","@graph":[{"@type":"Organization","@id":"https:\/\/www.albyco.com\/#organization","name":"Albyco Nederland B.V.","url":"https:\/\/www.albyco.com\/","sameAs":["https:\/\/www.linkedin.com\/company\/18015670\/","https:\/\/www.youtube.com\/user\/AlbycoNederland","https:\/\/nl.pinterest.com\/albyco","https:\/\/twitter.com\/AlbycoNederland"],"logo":{"@type":"ImageObject","@id":"https:\/\/www.albyco.com\/#logo","inLanguage":"fr-FR","url":"https:\/\/www.albyco.com\/wp-content\/uploads\/2017\/07\/albyco_logo_hd.png","contentUrl":"https:\/\/www.albyco.com\/wp-content\/uploads\/2017\/07\/albyco_logo_hd.png","width":300,"height":300,"caption":"Albyco Nederland B.V."},"image":{"@id":"https:\/\/www.albyco.com\/#logo"}},{"@type":"WebSite","@id":"https:\/\/www.albyco.com\/#website","url":"https:\/\/www.albyco.com\/","name":"Albyco","description":"Leverancier voor nabewerking van geprinte media","publisher":{"@id":"https:\/\/www.albyco.com\/#organization"},"potentialAction":[{"@type":"SearchAction","target":{"@type":"EntryPoint","urlTemplate":"https:\/\/www.albyco.com\/?s={search_term_string}"},"query-input":"required name=search_term_string"}],"inLanguage":"fr-FR"},{"@type":"ImageObject","@id":"https:\/\/www.albyco.com\/fr\/produit\/stago-hm6-2bs-agrafeuse-professionnelle-a-deux-tetes\/#primaryimage","inLanguage":"fr-FR","url":"https:\/\/www.albyco.com\/wp-content\/uploads\/2017\/07\/Stago-HM6-met-vloerstandaard.jpg","contentUrl":"https:\/\/www.albyco.com\/wp-content\/uploads\/2017\/07\/Stago-HM6-met-vloerstandaard.jpg","width":461,"height":600,"caption":"Stago HM6\/2BS, agrafeuse professionnelle \u00e0 deux t\u00eates"},{"@type":"WebPage","@id":"https:\/\/www.albyco.com\/fr\/produit\/stago-hm6-2bs-agrafeuse-professionnelle-a-deux-tetes\/#webpage","url":"https:\/\/www.albyco.com\/fr\/produit\/stago-hm6-2bs-agrafeuse-professionnelle-a-deux-tetes\/","name":"Stago HM6\/2BS, agrafeuse professionnelle \u00e0 deux t\u00eates - Albyco","isPartOf":{"@id":"https:\/\/www.albyco.com\/#website"},"primaryImageOfPage":{"@id":"https:\/\/www.albyco.com\/fr\/produit\/stago-hm6-2bs-agrafeuse-professionnelle-a-deux-tetes\/#primaryimage"},"datePublished":"2017-07-06T13:44:39+00:00","dateModified":"2022-01-05T05:44:37+00:00","description":"Stago HM6\/2BS, agrafeuse professionnelle \u00e0 deux t\u00eates","breadcrumb":{"@id":"https:\/\/www.albyco.com\/fr\/produit\/stago-hm6-2bs-agrafeuse-professionnelle-a-deux-tetes\/#breadcrumb"},"inLanguage":"fr-FR","potentialAction":[{"@type":"ReadAction","target":["https:\/\/www.albyco.com\/fr\/produit\/stago-hm6-2bs-agrafeuse-professionnelle-a-deux-tetes\/"]}]},{"@type":"BreadcrumbList","@id":"https:\/\/www.albyco.com\/fr\/produit\/stago-hm6-2bs-agrafeuse-professionnelle-a-deux-tetes\/#breadcrumb","itemListElement":[{"@type":"ListItem","position":1,"name":"Home","item":"https:\/\/www.albyco.com\/fr\/"},{"@type":"ListItem","position":2,"name":"Les produits","item":"https:\/\/www.albyco.com\/fr\/producten\/"},{"@type":"ListItem","position":3,"name":"Stago HM6\/2BS, agrafeuse professionnelle \u00e0 deux t\u00eates"}]}]}},"_links":{"self":[{"href":"https:\/\/www.albyco.com\/fr\/wp-json\/wp\/v2\/product\/10109"}],"collection":[{"href":"https:\/\/www.albyco.com\/fr\/wp-json\/wp\/v2\/product"}],"about":[{"href":"https:\/\/www.albyco.com\/fr\/wp-json\/wp\/v2\/types\/product"}],"replies":[{"embeddable":true,"href":"https:\/\/www.albyco.com\/fr\/wp-json\/wp\/v2\/comments?post=10109"}],"wp:featuredmedia":[{"embeddable":true,"href":"https:\/\/www.albyco.com\/fr\/wp-json\/wp\/v2\/media\/8030"}],"wp:attachment":[{"href":"https:\/\/www.albyco.com\/fr\/wp-json\/wp\/v2\/media?parent=10109"}],"wp:term":[{"taxonomy":"product_cat","embeddable":true,"href":"https:\/\/www.albyco.com\/fr\/wp-json\/wp\/v2\/product_cat?post=10109"},{"taxonomy":"product_tag","embeddable":true,"href":"https:\/\/www.albyco.com\/fr\/wp-json\/wp\/v2\/product_tag?post=10109"}],"curies":[{"name":"wp","href":"https:\/\/api.w.org\/{rel}","templated":true}]}}