{"id":10107,"date":"2017-07-06T14:16:22","date_gmt":"2017-07-06T12:16:22","guid":{"rendered":"https:\/\/www.albyco.com\/product\/stago-hm15-agrafeuse-professionnelle-forte-capacite\/"},"modified":"2021-07-09T13:30:35","modified_gmt":"2021-07-09T11:30:35","slug":"stago-hm15-agrafeuse-professionnelle-forte-capacite","status":"publish","type":"product","link":"https:\/\/www.albyco.com\/fr\/produit\/stago-hm15-agrafeuse-professionnelle-forte-capacite\/","title":{"rendered":"Stago HM15, agrafeuse professionnelle forte capacit\u00e9"},"content":{"rendered":"<table style=\"width: 100%; border-collapse: collapse;\" border=\"0\">\r\n<tbody>\r\n<tr>\r\n<td style=\"width: 50%;\">\r\n<p class=\"p1\"><strong>Stago HM15, agrafeuse professionnelle forte capacit\u00e9<\/strong><\/p>\r\n<p class=\"p1\">La HM 15 (et HM 15\/2, la version \u00e0 deux t\u00eates) est une agrafeuse professionnelle appartenant de Stago. Convient aux agrafes jusqu\u2019\u00e0 17 mm, avec un ou deux t\u00eates de couture. La puissance de r\u00e9glage automatique et le dispositif de direction d`enclenchement est facile pour fixer une agrafe plate sur le papier. La possibilit\u00e9 de traiter les agrafes \u00e0 oeillets<span class=\"Apple-converted-space\">\u00a0 <\/span>rend cette machine tr\u00e8s interessante.<\/p>\r\n<\/td>\r\n<td style=\"width: 50%;\"><div class=\"epyt-video-wrapper\"><iframe  id=\"_ytid_10833\"  width=\"800\" height=\"450\"  data-origwidth=\"800\" data-origheight=\"450\"  data-relstop=\"1\" src=\"https:\/\/www.youtube.com\/embed\/T2i-yfCr1Xg?enablejsapi=1&autoplay=0&cc_load_policy=0&iv_load_policy=1&loop=0&modestbranding=0&fs=1&playsinline=1&controls=1&color=red&cc_lang_pref=&rel=0&autohide=2&theme=dark&\" class=\"__youtube_prefs__  no-lazyload\" title=\"YouTube player\"  allow=\"accelerometer; autoplay; clipboard-write; encrypted-media; gyroscope; picture-in-picture\" allowfullscreen data-no-lazy=\"1\" data-skipgform_ajax_framebjll=\"\"><\/iframe><\/div><\/td>\r\n<\/tr>\r\n<\/tbody>\r\n<\/table>\r\n<p class=\"p1\">\u2022 Pour les grandes s\u00e9ries de production, la Stago HM\/15\/2 est tr\u00e8s adapt\u00e9e.<\/p>\r\n<p class=\"p1\">\u2022 Capacit\u00e9 d`agrafage 2-170 feuilles, 17 mm (80g\/m2)<\/p>\r\n<p class=\"p1\">\u2022 Nombre de t\u00eate d`agrafe 1 (HM15\/2 2 t\u00eates)<\/p>\r\n<p class=\"p1\">\u2022 Dimension du plateau A3<\/p>\r\n<p class=\"p1\">\u2022 Agrafes de brochure Oui<\/p>\r\n<p class=\"p1\">\u2022 Types d`agrafes 64\/6-20, 36\/6-8, 24\/6-8, R24\/6-8, R26\/6<\/p>\r\n<p class=\"p1\">\u2022 Table de bord mobile en option<\/p>\r\n<p class=\"p1\">\u2022 Socle en option<\/p>\r\n<a href=\"https:\/\/www.albyco.com\/fr\/contactez-nous\/\"><img loading=\"lazy\" class=\"size-full wp-image-11223 alignleft\" src=\"https:\/\/www.albyco.com\/wp-content\/uploads\/2018\/02\/CTA-Albyco-fr-2.jpg\" alt=\"\" width=\"225\" height=\"141\" srcset=\"https:\/\/www.albyco.com\/wp-content\/uploads\/2018\/02\/CTA-Albyco-fr-2.jpg 225w, https:\/\/www.albyco.com\/wp-content\/uploads\/2018\/02\/CTA-Albyco-fr-2-100x63.jpg 100w, https:\/\/www.albyco.com\/wp-content\/uploads\/2018\/02\/CTA-Albyco-fr-2-24x15.jpg 24w, https:\/\/www.albyco.com\/wp-content\/uploads\/2018\/02\/CTA-Albyco-fr-2-36x23.jpg 36w, https:\/\/www.albyco.com\/wp-content\/uploads\/2018\/02\/CTA-Albyco-fr-2-48x30.jpg 48w\" sizes=\"(max-width: 225px) 100vw, 225px\" \/><\/a>","protected":false},"excerpt":{"rendered":"<p>La HM 15 (et HM 15\/2, la version \u00e0 deux t\u00eates) est une agrafeuse professionnelle appartenant de Stago.<\/p>\n","protected":false},"featured_media":7931,"comment_status":"open","ping_status":"closed","template":"","meta":[],"product_cat":[2300,2301,3309],"product_tag":[3314,3315,3316,3112,3317,3113,3318,3319,3320,3321,2721,2726],"yoast_head":"<!-- This site is optimized with the Yoast SEO plugin v18.6 - https:\/\/yoast.com\/wordpress\/plugins\/seo\/ -->\n<title>Stago HM15, agrafeuse professionnelle forte capacit\u00e9 - Albyco<\/title>\n<meta name=\"description\" content=\"La HM 15 (et HM 15\/2, la version \u00e0 deux t\u00eates) est une agrafeuse professionnelle appartenant de Stago.\" \/>\n<meta name=\"robots\" content=\"index, follow, max-snippet:-1, max-image-preview:large, max-video-preview:-1\" \/>\n<link rel=\"canonical\" href=\"https:\/\/www.albyco.com\/fr\/produit\/stago-hm15-agrafeuse-professionnelle-forte-capacite\/\" \/>\n<meta property=\"og:locale\" content=\"fr_FR\" \/>\n<meta property=\"og:type\" content=\"article\" \/>\n<meta property=\"og:title\" content=\"Stago HM15, agrafeuse professionnelle forte capacit\u00e9 - Albyco\" \/>\n<meta property=\"og:description\" content=\"La HM 15 (et HM 15\/2, la version \u00e0 deux t\u00eates) est une agrafeuse professionnelle appartenant de Stago.\" \/>\n<meta property=\"og:url\" content=\"https:\/\/www.albyco.com\/fr\/produit\/stago-hm15-agrafeuse-professionnelle-forte-capacite\/\" \/>\n<meta property=\"og:site_name\" content=\"Albyco\" \/>\n<meta property=\"article:modified_time\" content=\"2021-07-09T11:30:35+00:00\" \/>\n<meta property=\"og:image\" content=\"https:\/\/www.albyco.com\/wp-content\/uploads\/2017\/06\/stago-stago-hm15-blok-en-brochurehechter_STAGOHM15.jpg\" \/>\n\t<meta property=\"og:image:width\" content=\"800\" \/>\n\t<meta property=\"og:image:height\" content=\"800\" \/>\n\t<meta property=\"og:image:type\" content=\"image\/jpeg\" \/>\n<meta name=\"twitter:card\" content=\"summary\" \/>\n<meta name=\"twitter:site\" content=\"@AlbycoNederland\" \/>\n<meta name=\"twitter:label1\" content=\"Dur\u00e9e de lecture estim\u00e9e\" \/>\n\t<meta name=\"twitter:data1\" content=\"1 minute\" \/>\n<script type=\"application\/ld+json\" class=\"yoast-schema-graph\">{\"@context\":\"https:\/\/schema.org\",\"@graph\":[{\"@type\":\"Organization\",\"@id\":\"https:\/\/www.albyco.com\/#organization\",\"name\":\"Albyco Nederland B.V.\",\"url\":\"https:\/\/www.albyco.com\/\",\"sameAs\":[\"https:\/\/www.linkedin.com\/company\/18015670\/\",\"https:\/\/www.youtube.com\/user\/AlbycoNederland\",\"https:\/\/nl.pinterest.com\/albyco\",\"https:\/\/twitter.com\/AlbycoNederland\"],\"logo\":{\"@type\":\"ImageObject\",\"@id\":\"https:\/\/www.albyco.com\/#logo\",\"inLanguage\":\"fr-FR\",\"url\":\"https:\/\/www.albyco.com\/wp-content\/uploads\/2017\/07\/albyco_logo_hd.png\",\"contentUrl\":\"https:\/\/www.albyco.com\/wp-content\/uploads\/2017\/07\/albyco_logo_hd.png\",\"width\":300,\"height\":300,\"caption\":\"Albyco Nederland B.V.\"},\"image\":{\"@id\":\"https:\/\/www.albyco.com\/#logo\"}},{\"@type\":\"WebSite\",\"@id\":\"https:\/\/www.albyco.com\/#website\",\"url\":\"https:\/\/www.albyco.com\/\",\"name\":\"Albyco\",\"description\":\"Leverancier voor nabewerking van geprinte media\",\"publisher\":{\"@id\":\"https:\/\/www.albyco.com\/#organization\"},\"potentialAction\":[{\"@type\":\"SearchAction\",\"target\":{\"@type\":\"EntryPoint\",\"urlTemplate\":\"https:\/\/www.albyco.com\/?s={search_term_string}\"},\"query-input\":\"required name=search_term_string\"}],\"inLanguage\":\"fr-FR\"},{\"@type\":\"ImageObject\",\"@id\":\"https:\/\/www.albyco.com\/fr\/produit\/stago-hm15-agrafeuse-professionnelle-forte-capacite\/#primaryimage\",\"inLanguage\":\"fr-FR\",\"url\":\"https:\/\/www.albyco.com\/wp-content\/uploads\/2017\/06\/stago-stago-hm15-blok-en-brochurehechter_STAGOHM15.jpg\",\"contentUrl\":\"https:\/\/www.albyco.com\/wp-content\/uploads\/2017\/06\/stago-stago-hm15-blok-en-brochurehechter_STAGOHM15.jpg\",\"width\":800,\"height\":800,\"caption\":\"Stago HM15, agrafeuse professionnelle forte capacit\u00e9\"},{\"@type\":\"WebPage\",\"@id\":\"https:\/\/www.albyco.com\/fr\/produit\/stago-hm15-agrafeuse-professionnelle-forte-capacite\/#webpage\",\"url\":\"https:\/\/www.albyco.com\/fr\/produit\/stago-hm15-agrafeuse-professionnelle-forte-capacite\/\",\"name\":\"Stago HM15, agrafeuse professionnelle forte capacit\u00e9 - Albyco\",\"isPartOf\":{\"@id\":\"https:\/\/www.albyco.com\/#website\"},\"primaryImageOfPage\":{\"@id\":\"https:\/\/www.albyco.com\/fr\/produit\/stago-hm15-agrafeuse-professionnelle-forte-capacite\/#primaryimage\"},\"datePublished\":\"2017-07-06T12:16:22+00:00\",\"dateModified\":\"2021-07-09T11:30:35+00:00\",\"description\":\"La HM 15 (et HM 15\/2, la version \u00e0 deux t\u00eates) est une agrafeuse professionnelle appartenant de Stago.\",\"breadcrumb\":{\"@id\":\"https:\/\/www.albyco.com\/fr\/produit\/stago-hm15-agrafeuse-professionnelle-forte-capacite\/#breadcrumb\"},\"inLanguage\":\"fr-FR\",\"potentialAction\":[{\"@type\":\"ReadAction\",\"target\":[\"https:\/\/www.albyco.com\/fr\/produit\/stago-hm15-agrafeuse-professionnelle-forte-capacite\/\"]}]},{\"@type\":\"BreadcrumbList\",\"@id\":\"https:\/\/www.albyco.com\/fr\/produit\/stago-hm15-agrafeuse-professionnelle-forte-capacite\/#breadcrumb\",\"itemListElement\":[{\"@type\":\"ListItem\",\"position\":1,\"name\":\"Home\",\"item\":\"https:\/\/www.albyco.com\/fr\/\"},{\"@type\":\"ListItem\",\"position\":2,\"name\":\"Les produits\",\"item\":\"https:\/\/www.albyco.com\/fr\/producten\/\"},{\"@type\":\"ListItem\",\"position\":3,\"name\":\"Stago HM15, agrafeuse professionnelle forte capacit\u00e9\"}]}]}<\/script>\n<!-- \/ Yoast SEO plugin. -->","yoast_head_json":{"title":"Stago HM15, agrafeuse professionnelle forte capacit\u00e9 - Albyco","description":"La HM 15 (et HM 15\/2, la version \u00e0 deux t\u00eates) est une agrafeuse professionnelle appartenant de Stago.","robots":{"index":"index","follow":"follow","max-snippet":"max-snippet:-1","max-image-preview":"max-image-preview:large","max-video-preview":"max-video-preview:-1"},"canonical":"https:\/\/www.albyco.com\/fr\/produit\/stago-hm15-agrafeuse-professionnelle-forte-capacite\/","og_locale":"fr_FR","og_type":"article","og_title":"Stago HM15, agrafeuse professionnelle forte capacit\u00e9 - Albyco","og_description":"La HM 15 (et HM 15\/2, la version \u00e0 deux t\u00eates) est une agrafeuse professionnelle appartenant de Stago.","og_url":"https:\/\/www.albyco.com\/fr\/produit\/stago-hm15-agrafeuse-professionnelle-forte-capacite\/","og_site_name":"Albyco","article_modified_time":"2021-07-09T11:30:35+00:00","og_image":[{"width":800,"height":800,"url":"https:\/\/www.albyco.com\/wp-content\/uploads\/2017\/06\/stago-stago-hm15-blok-en-brochurehechter_STAGOHM15.jpg","type":"image\/jpeg"}],"twitter_card":"summary","twitter_site":"@AlbycoNederland","twitter_misc":{"Dur\u00e9e de lecture estim\u00e9e":"1 minute"},"schema":{"@context":"https:\/\/schema.org","@graph":[{"@type":"Organization","@id":"https:\/\/www.albyco.com\/#organization","name":"Albyco Nederland B.V.","url":"https:\/\/www.albyco.com\/","sameAs":["https:\/\/www.linkedin.com\/company\/18015670\/","https:\/\/www.youtube.com\/user\/AlbycoNederland","https:\/\/nl.pinterest.com\/albyco","https:\/\/twitter.com\/AlbycoNederland"],"logo":{"@type":"ImageObject","@id":"https:\/\/www.albyco.com\/#logo","inLanguage":"fr-FR","url":"https:\/\/www.albyco.com\/wp-content\/uploads\/2017\/07\/albyco_logo_hd.png","contentUrl":"https:\/\/www.albyco.com\/wp-content\/uploads\/2017\/07\/albyco_logo_hd.png","width":300,"height":300,"caption":"Albyco Nederland B.V."},"image":{"@id":"https:\/\/www.albyco.com\/#logo"}},{"@type":"WebSite","@id":"https:\/\/www.albyco.com\/#website","url":"https:\/\/www.albyco.com\/","name":"Albyco","description":"Leverancier voor nabewerking van geprinte media","publisher":{"@id":"https:\/\/www.albyco.com\/#organization"},"potentialAction":[{"@type":"SearchAction","target":{"@type":"EntryPoint","urlTemplate":"https:\/\/www.albyco.com\/?s={search_term_string}"},"query-input":"required name=search_term_string"}],"inLanguage":"fr-FR"},{"@type":"ImageObject","@id":"https:\/\/www.albyco.com\/fr\/produit\/stago-hm15-agrafeuse-professionnelle-forte-capacite\/#primaryimage","inLanguage":"fr-FR","url":"https:\/\/www.albyco.com\/wp-content\/uploads\/2017\/06\/stago-stago-hm15-blok-en-brochurehechter_STAGOHM15.jpg","contentUrl":"https:\/\/www.albyco.com\/wp-content\/uploads\/2017\/06\/stago-stago-hm15-blok-en-brochurehechter_STAGOHM15.jpg","width":800,"height":800,"caption":"Stago HM15, agrafeuse professionnelle forte capacit\u00e9"},{"@type":"WebPage","@id":"https:\/\/www.albyco.com\/fr\/produit\/stago-hm15-agrafeuse-professionnelle-forte-capacite\/#webpage","url":"https:\/\/www.albyco.com\/fr\/produit\/stago-hm15-agrafeuse-professionnelle-forte-capacite\/","name":"Stago HM15, agrafeuse professionnelle forte capacit\u00e9 - Albyco","isPartOf":{"@id":"https:\/\/www.albyco.com\/#website"},"primaryImageOfPage":{"@id":"https:\/\/www.albyco.com\/fr\/produit\/stago-hm15-agrafeuse-professionnelle-forte-capacite\/#primaryimage"},"datePublished":"2017-07-06T12:16:22+00:00","dateModified":"2021-07-09T11:30:35+00:00","description":"La HM 15 (et HM 15\/2, la version \u00e0 deux t\u00eates) est une agrafeuse professionnelle appartenant de Stago.","breadcrumb":{"@id":"https:\/\/www.albyco.com\/fr\/produit\/stago-hm15-agrafeuse-professionnelle-forte-capacite\/#breadcrumb"},"inLanguage":"fr-FR","potentialAction":[{"@type":"ReadAction","target":["https:\/\/www.albyco.com\/fr\/produit\/stago-hm15-agrafeuse-professionnelle-forte-capacite\/"]}]},{"@type":"BreadcrumbList","@id":"https:\/\/www.albyco.com\/fr\/produit\/stago-hm15-agrafeuse-professionnelle-forte-capacite\/#breadcrumb","itemListElement":[{"@type":"ListItem","position":1,"name":"Home","item":"https:\/\/www.albyco.com\/fr\/"},{"@type":"ListItem","position":2,"name":"Les produits","item":"https:\/\/www.albyco.com\/fr\/producten\/"},{"@type":"ListItem","position":3,"name":"Stago HM15, agrafeuse professionnelle forte capacit\u00e9"}]}]}},"_links":{"self":[{"href":"https:\/\/www.albyco.com\/fr\/wp-json\/wp\/v2\/product\/10107"}],"collection":[{"href":"https:\/\/www.albyco.com\/fr\/wp-json\/wp\/v2\/product"}],"about":[{"href":"https:\/\/www.albyco.com\/fr\/wp-json\/wp\/v2\/types\/product"}],"replies":[{"embeddable":true,"href":"https:\/\/www.albyco.com\/fr\/wp-json\/wp\/v2\/comments?post=10107"}],"wp:featuredmedia":[{"embeddable":true,"href":"https:\/\/www.albyco.com\/fr\/wp-json\/wp\/v2\/media\/7931"}],"wp:attachment":[{"href":"https:\/\/www.albyco.com\/fr\/wp-json\/wp\/v2\/media?parent=10107"}],"wp:term":[{"taxonomy":"product_cat","embeddable":true,"href":"https:\/\/www.albyco.com\/fr\/wp-json\/wp\/v2\/product_cat?post=10107"},{"taxonomy":"product_tag","embeddable":true,"href":"https:\/\/www.albyco.com\/fr\/wp-json\/wp\/v2\/product_tag?post=10107"}],"curies":[{"name":"wp","href":"https:\/\/api.w.org\/{rel}","templated":true}]}}