{"id":10106,"date":"2017-07-06T20:54:03","date_gmt":"2017-07-06T18:54:03","guid":{"rendered":"https:\/\/www.albyco.com\/product\/stago-h18t-agrafeuse-manuelle-forte-capacite\/"},"modified":"2021-07-09T12:04:55","modified_gmt":"2021-07-09T10:04:55","slug":"stago-h18t-agrafeuse-manuelle-forte-capacite","status":"publish","type":"product","link":"https:\/\/www.albyco.com\/fr\/produit\/stago-h18t-agrafeuse-manuelle-forte-capacite\/","title":{"rendered":"Stago H18T, agrafeuse manuelle forte capacit\u00e9"},"content":{"rendered":"<table style=\"width: 100%; border-collapse: collapse;\" border=\"0\">\r\n<tbody>\r\n<tr>\r\n<td style=\"width: 50%;\">\r\n<p class=\"p1\"><strong>Stago H18T<\/strong>, agrafeuse manuelle forte capacit\u00e9<\/p>\r\n<p class=\"p1\">Robuste agrafeuse manuelle, pour des petites s\u00e9ries ou des missions sp\u00e9ciales.<\/p>\r\n<p class=\"p1\">Pour un usage quotidien, agrafe jusqu\u2019\u00e0 180 feuilles, 80 g\/m2. La table d`agrafeuse avec r\u00e9glage lat\u00e9ral gauche droit de positionnement. Des r\u00e9sultats professionnels en utilisant des agrafes professionnelles.<\/p>\r\n<\/td>\r\n<td style=\"width: 50%;\"><div class=\"epyt-video-wrapper\"><iframe  id=\"_ytid_32904\"  width=\"800\" height=\"450\"  data-origwidth=\"800\" data-origheight=\"450\"  data-relstop=\"1\" src=\"https:\/\/www.youtube.com\/embed\/dlDUUjgUC5I?enablejsapi=1&autoplay=0&cc_load_policy=0&iv_load_policy=1&loop=0&modestbranding=0&fs=1&playsinline=1&controls=1&color=red&cc_lang_pref=&rel=0&autohide=2&theme=dark&\" class=\"__youtube_prefs__  no-lazyload\" title=\"YouTube player\"  allow=\"accelerometer; autoplay; clipboard-write; encrypted-media; gyroscope; picture-in-picture\" allowfullscreen data-no-lazy=\"1\" data-skipgform_ajax_framebjll=\"\"><\/iframe><\/div><\/td>\r\n<\/tr>\r\n<\/tbody>\r\n<\/table>\r\n<p class=\"p1\">\u2022 Agrafeuse manuelle 1 t\u00eate<\/p>\r\n<p class=\"p1\">\u2022 Agrafage de blocs ou dossiers tr\u00e8s volumineux<\/p>\r\n<p class=\"p1\">\u2022 Large plateau de travail<\/p>\r\n<p class=\"p1\">\u2022 3 but\u00e9es r\u00e9glables sur le plateau<\/p>\r\n<p class=\"p1\">\u2022 Format de table jusqu`au A3<\/p>\r\n<p class=\"p1\">\u2022 Agrafes 69\/8-22, 70 6-22<\/p>\r\n<p class=\"p1\">\u2022 Magasin 150 agrafes<\/p>\r\n<p class=\"p1\">\u2022 Mod\u00e9le de table standard<\/p>\r\n<p class=\"p1\">\u2022 Dimensions 530 x 450 x 350 mm<\/p>\r\n<p class=\"p1\">\u2022 Poids 13 kg<\/p>\r\n<a href=\"https:\/\/www.albyco.com\/fr\/contactez-nous\/\"><img loading=\"lazy\" class=\"size-full wp-image-11223 alignleft\" src=\"https:\/\/www.albyco.com\/wp-content\/uploads\/2018\/02\/CTA-Albyco-fr-2.jpg\" alt=\"\" width=\"225\" height=\"141\" srcset=\"https:\/\/www.albyco.com\/wp-content\/uploads\/2018\/02\/CTA-Albyco-fr-2.jpg 225w, https:\/\/www.albyco.com\/wp-content\/uploads\/2018\/02\/CTA-Albyco-fr-2-100x63.jpg 100w, https:\/\/www.albyco.com\/wp-content\/uploads\/2018\/02\/CTA-Albyco-fr-2-24x15.jpg 24w, https:\/\/www.albyco.com\/wp-content\/uploads\/2018\/02\/CTA-Albyco-fr-2-36x23.jpg 36w, https:\/\/www.albyco.com\/wp-content\/uploads\/2018\/02\/CTA-Albyco-fr-2-48x30.jpg 48w\" sizes=\"(max-width: 225px) 100vw, 225px\" \/><\/a>","protected":false},"excerpt":{"rendered":"<p><strong>Stago H18T<\/strong>, agrafeuse manuelle forte capacit\u00e9<\/p>\n","protected":false},"featured_media":7856,"comment_status":"open","ping_status":"closed","template":"","meta":[],"product_cat":[2300,2301,3309],"product_tag":[3314,3315,3316,3112,3317,3113,3318,3319,3320,3321,2721,2726],"yoast_head":"<!-- This site is optimized with the Yoast SEO plugin v18.6 - https:\/\/yoast.com\/wordpress\/plugins\/seo\/ -->\n<title>Stago H18T, agrafeuse manuelle forte capacit\u00e9 - Albyco<\/title>\n<meta name=\"description\" content=\"Stago H18T, agrafeuse manuelle forte capacit\u00e9\" \/>\n<meta name=\"robots\" content=\"index, follow, max-snippet:-1, max-image-preview:large, max-video-preview:-1\" \/>\n<link rel=\"canonical\" href=\"https:\/\/www.albyco.com\/fr\/produit\/stago-h18t-agrafeuse-manuelle-forte-capacite\/\" \/>\n<meta property=\"og:locale\" content=\"fr_FR\" \/>\n<meta property=\"og:type\" content=\"article\" \/>\n<meta property=\"og:title\" content=\"Stago H18T, agrafeuse manuelle forte capacit\u00e9 - Albyco\" \/>\n<meta property=\"og:description\" content=\"Stago H18T, agrafeuse manuelle forte capacit\u00e9\" \/>\n<meta property=\"og:url\" content=\"https:\/\/www.albyco.com\/fr\/produit\/stago-h18t-agrafeuse-manuelle-forte-capacite\/\" \/>\n<meta property=\"og:site_name\" content=\"Albyco\" \/>\n<meta property=\"article:modified_time\" content=\"2021-07-09T10:04:55+00:00\" \/>\n<meta property=\"og:image\" content=\"https:\/\/www.albyco.com\/wp-content\/uploads\/2017\/06\/stago-stago-h18t-handmatige-blokhechter_STAGOH18T.jpg\" \/>\n\t<meta property=\"og:image:width\" content=\"1024\" \/>\n\t<meta property=\"og:image:height\" content=\"818\" \/>\n\t<meta property=\"og:image:type\" content=\"image\/jpeg\" \/>\n<meta name=\"twitter:card\" content=\"summary\" \/>\n<meta name=\"twitter:site\" content=\"@AlbycoNederland\" \/>\n<meta name=\"twitter:label1\" content=\"Dur\u00e9e de lecture estim\u00e9e\" \/>\n\t<meta name=\"twitter:data1\" content=\"1 minute\" \/>\n<script type=\"application\/ld+json\" class=\"yoast-schema-graph\">{\"@context\":\"https:\/\/schema.org\",\"@graph\":[{\"@type\":\"Organization\",\"@id\":\"https:\/\/www.albyco.com\/#organization\",\"name\":\"Albyco Nederland B.V.\",\"url\":\"https:\/\/www.albyco.com\/\",\"sameAs\":[\"https:\/\/www.linkedin.com\/company\/18015670\/\",\"https:\/\/www.youtube.com\/user\/AlbycoNederland\",\"https:\/\/nl.pinterest.com\/albyco\",\"https:\/\/twitter.com\/AlbycoNederland\"],\"logo\":{\"@type\":\"ImageObject\",\"@id\":\"https:\/\/www.albyco.com\/#logo\",\"inLanguage\":\"fr-FR\",\"url\":\"https:\/\/www.albyco.com\/wp-content\/uploads\/2017\/07\/albyco_logo_hd.png\",\"contentUrl\":\"https:\/\/www.albyco.com\/wp-content\/uploads\/2017\/07\/albyco_logo_hd.png\",\"width\":300,\"height\":300,\"caption\":\"Albyco Nederland B.V.\"},\"image\":{\"@id\":\"https:\/\/www.albyco.com\/#logo\"}},{\"@type\":\"WebSite\",\"@id\":\"https:\/\/www.albyco.com\/#website\",\"url\":\"https:\/\/www.albyco.com\/\",\"name\":\"Albyco\",\"description\":\"Leverancier voor nabewerking van geprinte media\",\"publisher\":{\"@id\":\"https:\/\/www.albyco.com\/#organization\"},\"potentialAction\":[{\"@type\":\"SearchAction\",\"target\":{\"@type\":\"EntryPoint\",\"urlTemplate\":\"https:\/\/www.albyco.com\/?s={search_term_string}\"},\"query-input\":\"required name=search_term_string\"}],\"inLanguage\":\"fr-FR\"},{\"@type\":\"ImageObject\",\"@id\":\"https:\/\/www.albyco.com\/fr\/produit\/stago-h18t-agrafeuse-manuelle-forte-capacite\/#primaryimage\",\"inLanguage\":\"fr-FR\",\"url\":\"https:\/\/www.albyco.com\/wp-content\/uploads\/2017\/06\/stago-stago-h18t-handmatige-blokhechter_STAGOH18T.jpg\",\"contentUrl\":\"https:\/\/www.albyco.com\/wp-content\/uploads\/2017\/06\/stago-stago-h18t-handmatige-blokhechter_STAGOH18T.jpg\",\"width\":1024,\"height\":818,\"caption\":\"Stago H18T\"},{\"@type\":\"WebPage\",\"@id\":\"https:\/\/www.albyco.com\/fr\/produit\/stago-h18t-agrafeuse-manuelle-forte-capacite\/#webpage\",\"url\":\"https:\/\/www.albyco.com\/fr\/produit\/stago-h18t-agrafeuse-manuelle-forte-capacite\/\",\"name\":\"Stago H18T, agrafeuse manuelle forte capacit\u00e9 - Albyco\",\"isPartOf\":{\"@id\":\"https:\/\/www.albyco.com\/#website\"},\"primaryImageOfPage\":{\"@id\":\"https:\/\/www.albyco.com\/fr\/produit\/stago-h18t-agrafeuse-manuelle-forte-capacite\/#primaryimage\"},\"datePublished\":\"2017-07-06T18:54:03+00:00\",\"dateModified\":\"2021-07-09T10:04:55+00:00\",\"description\":\"Stago H18T, agrafeuse manuelle forte capacit\u00e9\",\"breadcrumb\":{\"@id\":\"https:\/\/www.albyco.com\/fr\/produit\/stago-h18t-agrafeuse-manuelle-forte-capacite\/#breadcrumb\"},\"inLanguage\":\"fr-FR\",\"potentialAction\":[{\"@type\":\"ReadAction\",\"target\":[\"https:\/\/www.albyco.com\/fr\/produit\/stago-h18t-agrafeuse-manuelle-forte-capacite\/\"]}]},{\"@type\":\"BreadcrumbList\",\"@id\":\"https:\/\/www.albyco.com\/fr\/produit\/stago-h18t-agrafeuse-manuelle-forte-capacite\/#breadcrumb\",\"itemListElement\":[{\"@type\":\"ListItem\",\"position\":1,\"name\":\"Home\",\"item\":\"https:\/\/www.albyco.com\/fr\/\"},{\"@type\":\"ListItem\",\"position\":2,\"name\":\"Les produits\",\"item\":\"https:\/\/www.albyco.com\/fr\/producten\/\"},{\"@type\":\"ListItem\",\"position\":3,\"name\":\"Stago H18T, agrafeuse manuelle forte capacit\u00e9\"}]}]}<\/script>\n<!-- \/ Yoast SEO plugin. -->","yoast_head_json":{"title":"Stago H18T, agrafeuse manuelle forte capacit\u00e9 - Albyco","description":"Stago H18T, agrafeuse manuelle forte capacit\u00e9","robots":{"index":"index","follow":"follow","max-snippet":"max-snippet:-1","max-image-preview":"max-image-preview:large","max-video-preview":"max-video-preview:-1"},"canonical":"https:\/\/www.albyco.com\/fr\/produit\/stago-h18t-agrafeuse-manuelle-forte-capacite\/","og_locale":"fr_FR","og_type":"article","og_title":"Stago H18T, agrafeuse manuelle forte capacit\u00e9 - Albyco","og_description":"Stago H18T, agrafeuse manuelle forte capacit\u00e9","og_url":"https:\/\/www.albyco.com\/fr\/produit\/stago-h18t-agrafeuse-manuelle-forte-capacite\/","og_site_name":"Albyco","article_modified_time":"2021-07-09T10:04:55+00:00","og_image":[{"width":1024,"height":818,"url":"https:\/\/www.albyco.com\/wp-content\/uploads\/2017\/06\/stago-stago-h18t-handmatige-blokhechter_STAGOH18T.jpg","type":"image\/jpeg"}],"twitter_card":"summary","twitter_site":"@AlbycoNederland","twitter_misc":{"Dur\u00e9e de lecture estim\u00e9e":"1 minute"},"schema":{"@context":"https:\/\/schema.org","@graph":[{"@type":"Organization","@id":"https:\/\/www.albyco.com\/#organization","name":"Albyco Nederland B.V.","url":"https:\/\/www.albyco.com\/","sameAs":["https:\/\/www.linkedin.com\/company\/18015670\/","https:\/\/www.youtube.com\/user\/AlbycoNederland","https:\/\/nl.pinterest.com\/albyco","https:\/\/twitter.com\/AlbycoNederland"],"logo":{"@type":"ImageObject","@id":"https:\/\/www.albyco.com\/#logo","inLanguage":"fr-FR","url":"https:\/\/www.albyco.com\/wp-content\/uploads\/2017\/07\/albyco_logo_hd.png","contentUrl":"https:\/\/www.albyco.com\/wp-content\/uploads\/2017\/07\/albyco_logo_hd.png","width":300,"height":300,"caption":"Albyco Nederland B.V."},"image":{"@id":"https:\/\/www.albyco.com\/#logo"}},{"@type":"WebSite","@id":"https:\/\/www.albyco.com\/#website","url":"https:\/\/www.albyco.com\/","name":"Albyco","description":"Leverancier voor nabewerking van geprinte media","publisher":{"@id":"https:\/\/www.albyco.com\/#organization"},"potentialAction":[{"@type":"SearchAction","target":{"@type":"EntryPoint","urlTemplate":"https:\/\/www.albyco.com\/?s={search_term_string}"},"query-input":"required name=search_term_string"}],"inLanguage":"fr-FR"},{"@type":"ImageObject","@id":"https:\/\/www.albyco.com\/fr\/produit\/stago-h18t-agrafeuse-manuelle-forte-capacite\/#primaryimage","inLanguage":"fr-FR","url":"https:\/\/www.albyco.com\/wp-content\/uploads\/2017\/06\/stago-stago-h18t-handmatige-blokhechter_STAGOH18T.jpg","contentUrl":"https:\/\/www.albyco.com\/wp-content\/uploads\/2017\/06\/stago-stago-h18t-handmatige-blokhechter_STAGOH18T.jpg","width":1024,"height":818,"caption":"Stago H18T"},{"@type":"WebPage","@id":"https:\/\/www.albyco.com\/fr\/produit\/stago-h18t-agrafeuse-manuelle-forte-capacite\/#webpage","url":"https:\/\/www.albyco.com\/fr\/produit\/stago-h18t-agrafeuse-manuelle-forte-capacite\/","name":"Stago H18T, agrafeuse manuelle forte capacit\u00e9 - Albyco","isPartOf":{"@id":"https:\/\/www.albyco.com\/#website"},"primaryImageOfPage":{"@id":"https:\/\/www.albyco.com\/fr\/produit\/stago-h18t-agrafeuse-manuelle-forte-capacite\/#primaryimage"},"datePublished":"2017-07-06T18:54:03+00:00","dateModified":"2021-07-09T10:04:55+00:00","description":"Stago H18T, agrafeuse manuelle forte capacit\u00e9","breadcrumb":{"@id":"https:\/\/www.albyco.com\/fr\/produit\/stago-h18t-agrafeuse-manuelle-forte-capacite\/#breadcrumb"},"inLanguage":"fr-FR","potentialAction":[{"@type":"ReadAction","target":["https:\/\/www.albyco.com\/fr\/produit\/stago-h18t-agrafeuse-manuelle-forte-capacite\/"]}]},{"@type":"BreadcrumbList","@id":"https:\/\/www.albyco.com\/fr\/produit\/stago-h18t-agrafeuse-manuelle-forte-capacite\/#breadcrumb","itemListElement":[{"@type":"ListItem","position":1,"name":"Home","item":"https:\/\/www.albyco.com\/fr\/"},{"@type":"ListItem","position":2,"name":"Les produits","item":"https:\/\/www.albyco.com\/fr\/producten\/"},{"@type":"ListItem","position":3,"name":"Stago H18T, agrafeuse manuelle forte capacit\u00e9"}]}]}},"_links":{"self":[{"href":"https:\/\/www.albyco.com\/fr\/wp-json\/wp\/v2\/product\/10106"}],"collection":[{"href":"https:\/\/www.albyco.com\/fr\/wp-json\/wp\/v2\/product"}],"about":[{"href":"https:\/\/www.albyco.com\/fr\/wp-json\/wp\/v2\/types\/product"}],"replies":[{"embeddable":true,"href":"https:\/\/www.albyco.com\/fr\/wp-json\/wp\/v2\/comments?post=10106"}],"wp:featuredmedia":[{"embeddable":true,"href":"https:\/\/www.albyco.com\/fr\/wp-json\/wp\/v2\/media\/7856"}],"wp:attachment":[{"href":"https:\/\/www.albyco.com\/fr\/wp-json\/wp\/v2\/media?parent=10106"}],"wp:term":[{"taxonomy":"product_cat","embeddable":true,"href":"https:\/\/www.albyco.com\/fr\/wp-json\/wp\/v2\/product_cat?post=10106"},{"taxonomy":"product_tag","embeddable":true,"href":"https:\/\/www.albyco.com\/fr\/wp-json\/wp\/v2\/product_tag?post=10106"}],"curies":[{"name":"wp","href":"https:\/\/api.w.org\/{rel}","templated":true}]}}