{"id":10097,"date":"2017-07-06T11:22:14","date_gmt":"2017-07-06T09:22:14","guid":{"rendered":"https:\/\/www.albyco.com\/product\/stago-usm-serie-agrafeuse-electrique-pro-jusqua-6-tetes\/"},"modified":"2022-10-29T06:05:19","modified_gmt":"2022-10-29T04:05:19","slug":"stago-usm-serie-agrafeuse-electrique-pro-jusqua-6-tetes","status":"publish","type":"product","link":"https:\/\/www.albyco.com\/fr\/produit\/stago-usm-serie-agrafeuse-electrique-pro-jusqua-6-tetes\/","title":{"rendered":"Stago USM-s\u00e9rie, agrafeuse \u00e9lectrique Pro &#8211; jusqu\u2019\u00e0 6 t\u00eates"},"content":{"rendered":"<strong>Stago USM-s\u00e9rie, agrafeuse \u00e9lectrique Pro &#8211; jusqu\u2019\u00e0 6 t\u00eates<\/strong>\r\n\r\nEn fonction du type jusqu\u2019\u00e0 six t\u00eates d`agrafes disponibles simultan\u00e9ment. Les distances de liaison sont r\u00e9glables entre 40 et 360 mm. Les syst\u00e8mes sont \u00e9quip\u00e9s d\u2019un dispositif d\u2019accrochage automatique. Temps court de changement entre les diff\u00e9rentes op\u00e9rations de liaison (par blocs, piq\u00fbre \u00e0 cheval, agrafage \u00e0 plat, agrafes \u00e0 oeillet, diff\u00e9rentes tailles), le Stago USM fonctionne \u00e9conomiquement\u00a0 pour des courtes \u00e9ditions. Pour des plus grandes\u00a0 \u00e9ditions, la Stago BMK 1800 est recommand\u00e9e (option pour l\u2019USM 240).\r\n<table border=\"0\">\r\n<tbody>\r\n<tr>\r\n<td><strong>Stago USM-serie<\/strong><\/td>\r\n<td><strong>USM 140<\/strong><\/td>\r\n<td><strong>USM 240<\/strong><\/td>\r\n<td><strong>USM 360<\/strong><\/td>\r\n<\/tr>\r\n<tr>\r\n<td>T\u00eates d`agrafes<\/td>\r\n<td>1 &#8211; 2<\/td>\r\n<td>1 &#8211; 4<\/td>\r\n<td>1 &#8211; 6<\/td>\r\n<\/tr>\r\n<tr>\r\n<td>Distance en mm<\/td>\r\n<td>40-140<\/td>\r\n<td>40-240<\/td>\r\n<td>40-360<\/td>\r\n<\/tr>\r\n<\/tbody>\r\n<\/table>\r\n<p class=\"p1\">Agrafes<span class=\"Apple-tab-span\">\u00a0<\/span>K24 (6-22), K50 (20-27), KRi 24 (6-8)<\/p>\r\n<p class=\"p1\"><\/p>\r\n<a href=\"https:\/\/www.albyco.com\/fr\/contactez-nous\/\"><img loading=\"lazy\" class=\"size-full wp-image-11223 alignleft\" src=\"https:\/\/www.albyco.com\/wp-content\/uploads\/2018\/02\/CTA-Albyco-fr-2.jpg\" alt=\"\" width=\"225\" height=\"141\" srcset=\"https:\/\/www.albyco.com\/wp-content\/uploads\/2018\/02\/CTA-Albyco-fr-2.jpg 225w, https:\/\/www.albyco.com\/wp-content\/uploads\/2018\/02\/CTA-Albyco-fr-2-100x63.jpg 100w, https:\/\/www.albyco.com\/wp-content\/uploads\/2018\/02\/CTA-Albyco-fr-2-24x15.jpg 24w, https:\/\/www.albyco.com\/wp-content\/uploads\/2018\/02\/CTA-Albyco-fr-2-36x23.jpg 36w, https:\/\/www.albyco.com\/wp-content\/uploads\/2018\/02\/CTA-Albyco-fr-2-48x30.jpg 48w\" sizes=\"(max-width: 225px) 100vw, 225px\" \/><\/a>","protected":false},"excerpt":{"rendered":"<p class=\"p1\">Stago USM-s\u00e9rie, agrafeuse \u00e9lectrique Pro &#8211; jusqu\u2019\u00e0 6 t\u00eates<\/p>\n","protected":false},"featured_media":7959,"comment_status":"open","ping_status":"closed","template":"","meta":[],"product_cat":[2300,2301,3309],"product_tag":[3314,3315,3316,3112,3317,3113,3318,3319,3320,3321,2721,2726],"yoast_head":"<!-- This site is optimized with the Yoast SEO plugin v18.6 - https:\/\/yoast.com\/wordpress\/plugins\/seo\/ -->\n<title>Stago USM-s\u00e9rie, agrafeuse \u00e9lectrique Pro - jusqu\u2019\u00e0 6 t\u00eates - Albyco<\/title>\n<meta name=\"description\" content=\"Stago USM-s\u00e9rie, agrafeuse \u00e9lectrique Pro - jusqu\u2019\u00e0 6 t\u00eates\" \/>\n<meta name=\"robots\" content=\"index, follow, max-snippet:-1, max-image-preview:large, max-video-preview:-1\" \/>\n<link rel=\"canonical\" href=\"https:\/\/www.albyco.com\/fr\/produit\/stago-usm-serie-agrafeuse-electrique-pro-jusqua-6-tetes\/\" \/>\n<meta property=\"og:locale\" content=\"fr_FR\" \/>\n<meta property=\"og:type\" content=\"article\" \/>\n<meta property=\"og:title\" content=\"Stago USM-s\u00e9rie, agrafeuse \u00e9lectrique Pro - jusqu\u2019\u00e0 6 t\u00eates - Albyco\" \/>\n<meta property=\"og:description\" content=\"Stago USM-s\u00e9rie, agrafeuse \u00e9lectrique Pro - jusqu\u2019\u00e0 6 t\u00eates\" \/>\n<meta property=\"og:url\" content=\"https:\/\/www.albyco.com\/fr\/produit\/stago-usm-serie-agrafeuse-electrique-pro-jusqua-6-tetes\/\" \/>\n<meta property=\"og:site_name\" content=\"Albyco\" \/>\n<meta property=\"article:modified_time\" content=\"2022-10-29T04:05:19+00:00\" \/>\n<meta property=\"og:image\" content=\"https:\/\/www.albyco.com\/wp-content\/uploads\/2017\/06\/stago-stago-usm-serie-zware-blok-en-brochurehechter_STAGOUSM140.jpg\" \/>\n\t<meta property=\"og:image:width\" content=\"678\" \/>\n\t<meta property=\"og:image:height\" content=\"1024\" \/>\n\t<meta property=\"og:image:type\" content=\"image\/jpeg\" \/>\n<meta name=\"twitter:card\" content=\"summary\" \/>\n<meta name=\"twitter:site\" content=\"@AlbycoNederland\" \/>\n<meta name=\"twitter:label1\" content=\"Dur\u00e9e de lecture estim\u00e9e\" \/>\n\t<meta name=\"twitter:data1\" content=\"1 minute\" \/>\n<script type=\"application\/ld+json\" class=\"yoast-schema-graph\">{\"@context\":\"https:\/\/schema.org\",\"@graph\":[{\"@type\":\"Organization\",\"@id\":\"https:\/\/www.albyco.com\/#organization\",\"name\":\"Albyco Nederland B.V.\",\"url\":\"https:\/\/www.albyco.com\/\",\"sameAs\":[\"https:\/\/www.linkedin.com\/company\/18015670\/\",\"https:\/\/www.youtube.com\/user\/AlbycoNederland\",\"https:\/\/nl.pinterest.com\/albyco\",\"https:\/\/twitter.com\/AlbycoNederland\"],\"logo\":{\"@type\":\"ImageObject\",\"@id\":\"https:\/\/www.albyco.com\/#logo\",\"inLanguage\":\"fr-FR\",\"url\":\"https:\/\/www.albyco.com\/wp-content\/uploads\/2017\/07\/albyco_logo_hd.png\",\"contentUrl\":\"https:\/\/www.albyco.com\/wp-content\/uploads\/2017\/07\/albyco_logo_hd.png\",\"width\":300,\"height\":300,\"caption\":\"Albyco Nederland B.V.\"},\"image\":{\"@id\":\"https:\/\/www.albyco.com\/#logo\"}},{\"@type\":\"WebSite\",\"@id\":\"https:\/\/www.albyco.com\/#website\",\"url\":\"https:\/\/www.albyco.com\/\",\"name\":\"Albyco\",\"description\":\"Leverancier voor nabewerking van geprinte media\",\"publisher\":{\"@id\":\"https:\/\/www.albyco.com\/#organization\"},\"potentialAction\":[{\"@type\":\"SearchAction\",\"target\":{\"@type\":\"EntryPoint\",\"urlTemplate\":\"https:\/\/www.albyco.com\/?s={search_term_string}\"},\"query-input\":\"required name=search_term_string\"}],\"inLanguage\":\"fr-FR\"},{\"@type\":\"ImageObject\",\"@id\":\"https:\/\/www.albyco.com\/fr\/produit\/stago-usm-serie-agrafeuse-electrique-pro-jusqua-6-tetes\/#primaryimage\",\"inLanguage\":\"fr-FR\",\"url\":\"https:\/\/www.albyco.com\/wp-content\/uploads\/2017\/06\/stago-stago-usm-serie-zware-blok-en-brochurehechter_STAGOUSM140.jpg\",\"contentUrl\":\"https:\/\/www.albyco.com\/wp-content\/uploads\/2017\/06\/stago-stago-usm-serie-zware-blok-en-brochurehechter_STAGOUSM140.jpg\",\"width\":678,\"height\":1024,\"caption\":\"Stago USM-s\u00e9rie, agrafeuse \u00e9lectrique Pro - jusqu\u2019\u00e0 6 t\u00eates\"},{\"@type\":\"WebPage\",\"@id\":\"https:\/\/www.albyco.com\/fr\/produit\/stago-usm-serie-agrafeuse-electrique-pro-jusqua-6-tetes\/#webpage\",\"url\":\"https:\/\/www.albyco.com\/fr\/produit\/stago-usm-serie-agrafeuse-electrique-pro-jusqua-6-tetes\/\",\"name\":\"Stago USM-s\u00e9rie, agrafeuse \u00e9lectrique Pro - jusqu\u2019\u00e0 6 t\u00eates - Albyco\",\"isPartOf\":{\"@id\":\"https:\/\/www.albyco.com\/#website\"},\"primaryImageOfPage\":{\"@id\":\"https:\/\/www.albyco.com\/fr\/produit\/stago-usm-serie-agrafeuse-electrique-pro-jusqua-6-tetes\/#primaryimage\"},\"datePublished\":\"2017-07-06T09:22:14+00:00\",\"dateModified\":\"2022-10-29T04:05:19+00:00\",\"description\":\"Stago USM-s\u00e9rie, agrafeuse \u00e9lectrique Pro - jusqu\u2019\u00e0 6 t\u00eates\",\"breadcrumb\":{\"@id\":\"https:\/\/www.albyco.com\/fr\/produit\/stago-usm-serie-agrafeuse-electrique-pro-jusqua-6-tetes\/#breadcrumb\"},\"inLanguage\":\"fr-FR\",\"potentialAction\":[{\"@type\":\"ReadAction\",\"target\":[\"https:\/\/www.albyco.com\/fr\/produit\/stago-usm-serie-agrafeuse-electrique-pro-jusqua-6-tetes\/\"]}]},{\"@type\":\"BreadcrumbList\",\"@id\":\"https:\/\/www.albyco.com\/fr\/produit\/stago-usm-serie-agrafeuse-electrique-pro-jusqua-6-tetes\/#breadcrumb\",\"itemListElement\":[{\"@type\":\"ListItem\",\"position\":1,\"name\":\"Home\",\"item\":\"https:\/\/www.albyco.com\/fr\/\"},{\"@type\":\"ListItem\",\"position\":2,\"name\":\"Les produits\",\"item\":\"https:\/\/www.albyco.com\/fr\/producten\/\"},{\"@type\":\"ListItem\",\"position\":3,\"name\":\"Stago USM-s\u00e9rie, agrafeuse \u00e9lectrique Pro &#8211; jusqu\u2019\u00e0 6 t\u00eates\"}]}]}<\/script>\n<!-- \/ Yoast SEO plugin. -->","yoast_head_json":{"title":"Stago USM-s\u00e9rie, agrafeuse \u00e9lectrique Pro - jusqu\u2019\u00e0 6 t\u00eates - Albyco","description":"Stago USM-s\u00e9rie, agrafeuse \u00e9lectrique Pro - jusqu\u2019\u00e0 6 t\u00eates","robots":{"index":"index","follow":"follow","max-snippet":"max-snippet:-1","max-image-preview":"max-image-preview:large","max-video-preview":"max-video-preview:-1"},"canonical":"https:\/\/www.albyco.com\/fr\/produit\/stago-usm-serie-agrafeuse-electrique-pro-jusqua-6-tetes\/","og_locale":"fr_FR","og_type":"article","og_title":"Stago USM-s\u00e9rie, agrafeuse \u00e9lectrique Pro - jusqu\u2019\u00e0 6 t\u00eates - Albyco","og_description":"Stago USM-s\u00e9rie, agrafeuse \u00e9lectrique Pro - jusqu\u2019\u00e0 6 t\u00eates","og_url":"https:\/\/www.albyco.com\/fr\/produit\/stago-usm-serie-agrafeuse-electrique-pro-jusqua-6-tetes\/","og_site_name":"Albyco","article_modified_time":"2022-10-29T04:05:19+00:00","og_image":[{"width":678,"height":1024,"url":"https:\/\/www.albyco.com\/wp-content\/uploads\/2017\/06\/stago-stago-usm-serie-zware-blok-en-brochurehechter_STAGOUSM140.jpg","type":"image\/jpeg"}],"twitter_card":"summary","twitter_site":"@AlbycoNederland","twitter_misc":{"Dur\u00e9e de lecture estim\u00e9e":"1 minute"},"schema":{"@context":"https:\/\/schema.org","@graph":[{"@type":"Organization","@id":"https:\/\/www.albyco.com\/#organization","name":"Albyco Nederland B.V.","url":"https:\/\/www.albyco.com\/","sameAs":["https:\/\/www.linkedin.com\/company\/18015670\/","https:\/\/www.youtube.com\/user\/AlbycoNederland","https:\/\/nl.pinterest.com\/albyco","https:\/\/twitter.com\/AlbycoNederland"],"logo":{"@type":"ImageObject","@id":"https:\/\/www.albyco.com\/#logo","inLanguage":"fr-FR","url":"https:\/\/www.albyco.com\/wp-content\/uploads\/2017\/07\/albyco_logo_hd.png","contentUrl":"https:\/\/www.albyco.com\/wp-content\/uploads\/2017\/07\/albyco_logo_hd.png","width":300,"height":300,"caption":"Albyco Nederland B.V."},"image":{"@id":"https:\/\/www.albyco.com\/#logo"}},{"@type":"WebSite","@id":"https:\/\/www.albyco.com\/#website","url":"https:\/\/www.albyco.com\/","name":"Albyco","description":"Leverancier voor nabewerking van geprinte media","publisher":{"@id":"https:\/\/www.albyco.com\/#organization"},"potentialAction":[{"@type":"SearchAction","target":{"@type":"EntryPoint","urlTemplate":"https:\/\/www.albyco.com\/?s={search_term_string}"},"query-input":"required name=search_term_string"}],"inLanguage":"fr-FR"},{"@type":"ImageObject","@id":"https:\/\/www.albyco.com\/fr\/produit\/stago-usm-serie-agrafeuse-electrique-pro-jusqua-6-tetes\/#primaryimage","inLanguage":"fr-FR","url":"https:\/\/www.albyco.com\/wp-content\/uploads\/2017\/06\/stago-stago-usm-serie-zware-blok-en-brochurehechter_STAGOUSM140.jpg","contentUrl":"https:\/\/www.albyco.com\/wp-content\/uploads\/2017\/06\/stago-stago-usm-serie-zware-blok-en-brochurehechter_STAGOUSM140.jpg","width":678,"height":1024,"caption":"Stago USM-s\u00e9rie, agrafeuse \u00e9lectrique Pro - jusqu\u2019\u00e0 6 t\u00eates"},{"@type":"WebPage","@id":"https:\/\/www.albyco.com\/fr\/produit\/stago-usm-serie-agrafeuse-electrique-pro-jusqua-6-tetes\/#webpage","url":"https:\/\/www.albyco.com\/fr\/produit\/stago-usm-serie-agrafeuse-electrique-pro-jusqua-6-tetes\/","name":"Stago USM-s\u00e9rie, agrafeuse \u00e9lectrique Pro - jusqu\u2019\u00e0 6 t\u00eates - Albyco","isPartOf":{"@id":"https:\/\/www.albyco.com\/#website"},"primaryImageOfPage":{"@id":"https:\/\/www.albyco.com\/fr\/produit\/stago-usm-serie-agrafeuse-electrique-pro-jusqua-6-tetes\/#primaryimage"},"datePublished":"2017-07-06T09:22:14+00:00","dateModified":"2022-10-29T04:05:19+00:00","description":"Stago USM-s\u00e9rie, agrafeuse \u00e9lectrique Pro - jusqu\u2019\u00e0 6 t\u00eates","breadcrumb":{"@id":"https:\/\/www.albyco.com\/fr\/produit\/stago-usm-serie-agrafeuse-electrique-pro-jusqua-6-tetes\/#breadcrumb"},"inLanguage":"fr-FR","potentialAction":[{"@type":"ReadAction","target":["https:\/\/www.albyco.com\/fr\/produit\/stago-usm-serie-agrafeuse-electrique-pro-jusqua-6-tetes\/"]}]},{"@type":"BreadcrumbList","@id":"https:\/\/www.albyco.com\/fr\/produit\/stago-usm-serie-agrafeuse-electrique-pro-jusqua-6-tetes\/#breadcrumb","itemListElement":[{"@type":"ListItem","position":1,"name":"Home","item":"https:\/\/www.albyco.com\/fr\/"},{"@type":"ListItem","position":2,"name":"Les produits","item":"https:\/\/www.albyco.com\/fr\/producten\/"},{"@type":"ListItem","position":3,"name":"Stago USM-s\u00e9rie, agrafeuse \u00e9lectrique Pro &#8211; jusqu\u2019\u00e0 6 t\u00eates"}]}]}},"_links":{"self":[{"href":"https:\/\/www.albyco.com\/fr\/wp-json\/wp\/v2\/product\/10097"}],"collection":[{"href":"https:\/\/www.albyco.com\/fr\/wp-json\/wp\/v2\/product"}],"about":[{"href":"https:\/\/www.albyco.com\/fr\/wp-json\/wp\/v2\/types\/product"}],"replies":[{"embeddable":true,"href":"https:\/\/www.albyco.com\/fr\/wp-json\/wp\/v2\/comments?post=10097"}],"wp:featuredmedia":[{"embeddable":true,"href":"https:\/\/www.albyco.com\/fr\/wp-json\/wp\/v2\/media\/7959"}],"wp:attachment":[{"href":"https:\/\/www.albyco.com\/fr\/wp-json\/wp\/v2\/media?parent=10097"}],"wp:term":[{"taxonomy":"product_cat","embeddable":true,"href":"https:\/\/www.albyco.com\/fr\/wp-json\/wp\/v2\/product_cat?post=10097"},{"taxonomy":"product_tag","embeddable":true,"href":"https:\/\/www.albyco.com\/fr\/wp-json\/wp\/v2\/product_tag?post=10097"}],"curies":[{"name":"wp","href":"https:\/\/api.w.org\/{rel}","templated":true}]}}