{"id":10096,"date":"2017-07-10T15:04:38","date_gmt":"2017-07-10T13:04:38","guid":{"rendered":"https:\/\/www.albyco.com\/product\/papier-de-paraffine-stago\/"},"modified":"2022-04-21T16:53:01","modified_gmt":"2022-04-21T14:53:01","slug":"papier-de-paraffine-stago","status":"publish","type":"product","link":"https:\/\/www.albyco.com\/fr\/produit\/papier-de-paraffine-stago\/","title":{"rendered":"Papier de paraffine Stago"},"content":{"rendered":"<p class=\"p1\">Le papier de paraffine Stago prot\u00e8ge la foreuse \u00e0 papier au moyen d`une<span class=\"Apple-converted-space\">\u00a0<\/span>l\u00e9g\u00e8re lubrification alors que le trou de forage reste propre. Le papier de paraffine Stago est fourni au format A4 par 10 feuilles. Le papier de paraffine est \u00e9galement une solution pratique pour l`entretien<span class=\"Apple-converted-space\">\u00a0 <\/span>des for\u00eats<span class=\"Apple-converted-space\">\u00a0<\/span>pour maintenir la capacit\u00e9 de perforation de la foreuse.<\/p>\r\n<a href=\"https:\/\/www.albyco.com\/fr\/contactez-nous\/\"><img loading=\"lazy\" class=\"size-full wp-image-11223 alignleft\" src=\"https:\/\/www.albyco.com\/wp-content\/uploads\/2018\/02\/CTA-Albyco-fr-2.jpg\" alt=\"\" width=\"225\" height=\"141\" srcset=\"https:\/\/www.albyco.com\/wp-content\/uploads\/2018\/02\/CTA-Albyco-fr-2.jpg 225w, https:\/\/www.albyco.com\/wp-content\/uploads\/2018\/02\/CTA-Albyco-fr-2-100x63.jpg 100w, https:\/\/www.albyco.com\/wp-content\/uploads\/2018\/02\/CTA-Albyco-fr-2-24x15.jpg 24w, https:\/\/www.albyco.com\/wp-content\/uploads\/2018\/02\/CTA-Albyco-fr-2-36x23.jpg 36w, https:\/\/www.albyco.com\/wp-content\/uploads\/2018\/02\/CTA-Albyco-fr-2-48x30.jpg 48w\" sizes=\"(max-width: 225px) 100vw, 225px\" \/><\/a>","protected":false},"excerpt":{"rendered":"<p>Le papier de paraffine Stago prot\u00e8ge la foreuse \u00e0 papier au moyen d`une l\u00e9g\u00e8re lubrification alors que le trou de forage reste propre.<\/p>\n","protected":false},"featured_media":7656,"comment_status":"open","ping_status":"closed","template":"","meta":[],"product_cat":[2808,2884,3274],"product_tag":[3306,3307,3308],"yoast_head":"<!-- This site is optimized with the Yoast SEO plugin v18.6 - https:\/\/yoast.com\/wordpress\/plugins\/seo\/ -->\n<title>Papier de paraffine Stago - Albyco<\/title>\n<meta name=\"description\" content=\"Le papier de paraffine Stago prot\u00e8ge la foreuse \u00e0 papier au moyen d`une l\u00e9g\u00e8re lubrification alors que le trou de forage reste propre.\" \/>\n<meta name=\"robots\" content=\"index, follow, max-snippet:-1, max-image-preview:large, max-video-preview:-1\" \/>\n<link rel=\"canonical\" href=\"https:\/\/www.albyco.com\/fr\/produit\/papier-de-paraffine-stago\/\" \/>\n<meta property=\"og:locale\" content=\"fr_FR\" \/>\n<meta property=\"og:type\" content=\"article\" \/>\n<meta property=\"og:title\" content=\"Papier de paraffine Stago - Albyco\" \/>\n<meta property=\"og:description\" content=\"Le papier de paraffine Stago prot\u00e8ge la foreuse \u00e0 papier au moyen d`une l\u00e9g\u00e8re lubrification alors que le trou de forage reste propre.\" \/>\n<meta property=\"og:url\" content=\"https:\/\/www.albyco.com\/fr\/produit\/papier-de-paraffine-stago\/\" \/>\n<meta property=\"og:site_name\" content=\"Albyco\" \/>\n<meta property=\"article:modified_time\" content=\"2022-04-21T14:53:01+00:00\" \/>\n<meta property=\"og:image\" content=\"https:\/\/www.albyco.com\/wp-content\/uploads\/2017\/06\/stago-stago-paraffinepapier-a4-10-vel_STAGOA4PARA10.jpg\" \/>\n\t<meta property=\"og:image:width\" content=\"400\" \/>\n\t<meta property=\"og:image:height\" content=\"300\" \/>\n\t<meta property=\"og:image:type\" content=\"image\/jpeg\" \/>\n<meta name=\"twitter:card\" content=\"summary\" \/>\n<meta name=\"twitter:site\" content=\"@AlbycoNederland\" \/>\n<script type=\"application\/ld+json\" class=\"yoast-schema-graph\">{\"@context\":\"https:\/\/schema.org\",\"@graph\":[{\"@type\":\"Organization\",\"@id\":\"https:\/\/www.albyco.com\/#organization\",\"name\":\"Albyco Nederland B.V.\",\"url\":\"https:\/\/www.albyco.com\/\",\"sameAs\":[\"https:\/\/www.linkedin.com\/company\/18015670\/\",\"https:\/\/www.youtube.com\/user\/AlbycoNederland\",\"https:\/\/nl.pinterest.com\/albyco\",\"https:\/\/twitter.com\/AlbycoNederland\"],\"logo\":{\"@type\":\"ImageObject\",\"@id\":\"https:\/\/www.albyco.com\/#logo\",\"inLanguage\":\"fr-FR\",\"url\":\"https:\/\/www.albyco.com\/wp-content\/uploads\/2017\/07\/albyco_logo_hd.png\",\"contentUrl\":\"https:\/\/www.albyco.com\/wp-content\/uploads\/2017\/07\/albyco_logo_hd.png\",\"width\":300,\"height\":300,\"caption\":\"Albyco Nederland B.V.\"},\"image\":{\"@id\":\"https:\/\/www.albyco.com\/#logo\"}},{\"@type\":\"WebSite\",\"@id\":\"https:\/\/www.albyco.com\/#website\",\"url\":\"https:\/\/www.albyco.com\/\",\"name\":\"Albyco\",\"description\":\"Leverancier voor nabewerking van geprinte media\",\"publisher\":{\"@id\":\"https:\/\/www.albyco.com\/#organization\"},\"potentialAction\":[{\"@type\":\"SearchAction\",\"target\":{\"@type\":\"EntryPoint\",\"urlTemplate\":\"https:\/\/www.albyco.com\/?s={search_term_string}\"},\"query-input\":\"required name=search_term_string\"}],\"inLanguage\":\"fr-FR\"},{\"@type\":\"ImageObject\",\"@id\":\"https:\/\/www.albyco.com\/fr\/produit\/papier-de-paraffine-stago\/#primaryimage\",\"inLanguage\":\"fr-FR\",\"url\":\"https:\/\/www.albyco.com\/wp-content\/uploads\/2017\/06\/stago-stago-paraffinepapier-a4-10-vel_STAGOA4PARA10.jpg\",\"contentUrl\":\"https:\/\/www.albyco.com\/wp-content\/uploads\/2017\/06\/stago-stago-paraffinepapier-a4-10-vel_STAGOA4PARA10.jpg\",\"width\":400,\"height\":300,\"caption\":\"Papier de paraffine Stago\"},{\"@type\":\"WebPage\",\"@id\":\"https:\/\/www.albyco.com\/fr\/produit\/papier-de-paraffine-stago\/#webpage\",\"url\":\"https:\/\/www.albyco.com\/fr\/produit\/papier-de-paraffine-stago\/\",\"name\":\"Papier de paraffine Stago - Albyco\",\"isPartOf\":{\"@id\":\"https:\/\/www.albyco.com\/#website\"},\"primaryImageOfPage\":{\"@id\":\"https:\/\/www.albyco.com\/fr\/produit\/papier-de-paraffine-stago\/#primaryimage\"},\"datePublished\":\"2017-07-10T13:04:38+00:00\",\"dateModified\":\"2022-04-21T14:53:01+00:00\",\"description\":\"Le papier de paraffine Stago prot\u00e8ge la foreuse \u00e0 papier au moyen d`une l\u00e9g\u00e8re lubrification alors que le trou de forage reste propre.\",\"breadcrumb\":{\"@id\":\"https:\/\/www.albyco.com\/fr\/produit\/papier-de-paraffine-stago\/#breadcrumb\"},\"inLanguage\":\"fr-FR\",\"potentialAction\":[{\"@type\":\"ReadAction\",\"target\":[\"https:\/\/www.albyco.com\/fr\/produit\/papier-de-paraffine-stago\/\"]}]},{\"@type\":\"BreadcrumbList\",\"@id\":\"https:\/\/www.albyco.com\/fr\/produit\/papier-de-paraffine-stago\/#breadcrumb\",\"itemListElement\":[{\"@type\":\"ListItem\",\"position\":1,\"name\":\"Home\",\"item\":\"https:\/\/www.albyco.com\/fr\/\"},{\"@type\":\"ListItem\",\"position\":2,\"name\":\"Les produits\",\"item\":\"https:\/\/www.albyco.com\/fr\/producten\/\"},{\"@type\":\"ListItem\",\"position\":3,\"name\":\"Papier de paraffine Stago\"}]}]}<\/script>\n<!-- \/ Yoast SEO plugin. -->","yoast_head_json":{"title":"Papier de paraffine Stago - Albyco","description":"Le papier de paraffine Stago prot\u00e8ge la foreuse \u00e0 papier au moyen d`une l\u00e9g\u00e8re lubrification alors que le trou de forage reste propre.","robots":{"index":"index","follow":"follow","max-snippet":"max-snippet:-1","max-image-preview":"max-image-preview:large","max-video-preview":"max-video-preview:-1"},"canonical":"https:\/\/www.albyco.com\/fr\/produit\/papier-de-paraffine-stago\/","og_locale":"fr_FR","og_type":"article","og_title":"Papier de paraffine Stago - Albyco","og_description":"Le papier de paraffine Stago prot\u00e8ge la foreuse \u00e0 papier au moyen d`une l\u00e9g\u00e8re lubrification alors que le trou de forage reste propre.","og_url":"https:\/\/www.albyco.com\/fr\/produit\/papier-de-paraffine-stago\/","og_site_name":"Albyco","article_modified_time":"2022-04-21T14:53:01+00:00","og_image":[{"width":400,"height":300,"url":"https:\/\/www.albyco.com\/wp-content\/uploads\/2017\/06\/stago-stago-paraffinepapier-a4-10-vel_STAGOA4PARA10.jpg","type":"image\/jpeg"}],"twitter_card":"summary","twitter_site":"@AlbycoNederland","schema":{"@context":"https:\/\/schema.org","@graph":[{"@type":"Organization","@id":"https:\/\/www.albyco.com\/#organization","name":"Albyco Nederland B.V.","url":"https:\/\/www.albyco.com\/","sameAs":["https:\/\/www.linkedin.com\/company\/18015670\/","https:\/\/www.youtube.com\/user\/AlbycoNederland","https:\/\/nl.pinterest.com\/albyco","https:\/\/twitter.com\/AlbycoNederland"],"logo":{"@type":"ImageObject","@id":"https:\/\/www.albyco.com\/#logo","inLanguage":"fr-FR","url":"https:\/\/www.albyco.com\/wp-content\/uploads\/2017\/07\/albyco_logo_hd.png","contentUrl":"https:\/\/www.albyco.com\/wp-content\/uploads\/2017\/07\/albyco_logo_hd.png","width":300,"height":300,"caption":"Albyco Nederland B.V."},"image":{"@id":"https:\/\/www.albyco.com\/#logo"}},{"@type":"WebSite","@id":"https:\/\/www.albyco.com\/#website","url":"https:\/\/www.albyco.com\/","name":"Albyco","description":"Leverancier voor nabewerking van geprinte media","publisher":{"@id":"https:\/\/www.albyco.com\/#organization"},"potentialAction":[{"@type":"SearchAction","target":{"@type":"EntryPoint","urlTemplate":"https:\/\/www.albyco.com\/?s={search_term_string}"},"query-input":"required name=search_term_string"}],"inLanguage":"fr-FR"},{"@type":"ImageObject","@id":"https:\/\/www.albyco.com\/fr\/produit\/papier-de-paraffine-stago\/#primaryimage","inLanguage":"fr-FR","url":"https:\/\/www.albyco.com\/wp-content\/uploads\/2017\/06\/stago-stago-paraffinepapier-a4-10-vel_STAGOA4PARA10.jpg","contentUrl":"https:\/\/www.albyco.com\/wp-content\/uploads\/2017\/06\/stago-stago-paraffinepapier-a4-10-vel_STAGOA4PARA10.jpg","width":400,"height":300,"caption":"Papier de paraffine Stago"},{"@type":"WebPage","@id":"https:\/\/www.albyco.com\/fr\/produit\/papier-de-paraffine-stago\/#webpage","url":"https:\/\/www.albyco.com\/fr\/produit\/papier-de-paraffine-stago\/","name":"Papier de paraffine Stago - Albyco","isPartOf":{"@id":"https:\/\/www.albyco.com\/#website"},"primaryImageOfPage":{"@id":"https:\/\/www.albyco.com\/fr\/produit\/papier-de-paraffine-stago\/#primaryimage"},"datePublished":"2017-07-10T13:04:38+00:00","dateModified":"2022-04-21T14:53:01+00:00","description":"Le papier de paraffine Stago prot\u00e8ge la foreuse \u00e0 papier au moyen d`une l\u00e9g\u00e8re lubrification alors que le trou de forage reste propre.","breadcrumb":{"@id":"https:\/\/www.albyco.com\/fr\/produit\/papier-de-paraffine-stago\/#breadcrumb"},"inLanguage":"fr-FR","potentialAction":[{"@type":"ReadAction","target":["https:\/\/www.albyco.com\/fr\/produit\/papier-de-paraffine-stago\/"]}]},{"@type":"BreadcrumbList","@id":"https:\/\/www.albyco.com\/fr\/produit\/papier-de-paraffine-stago\/#breadcrumb","itemListElement":[{"@type":"ListItem","position":1,"name":"Home","item":"https:\/\/www.albyco.com\/fr\/"},{"@type":"ListItem","position":2,"name":"Les produits","item":"https:\/\/www.albyco.com\/fr\/producten\/"},{"@type":"ListItem","position":3,"name":"Papier de paraffine Stago"}]}]}},"_links":{"self":[{"href":"https:\/\/www.albyco.com\/fr\/wp-json\/wp\/v2\/product\/10096"}],"collection":[{"href":"https:\/\/www.albyco.com\/fr\/wp-json\/wp\/v2\/product"}],"about":[{"href":"https:\/\/www.albyco.com\/fr\/wp-json\/wp\/v2\/types\/product"}],"replies":[{"embeddable":true,"href":"https:\/\/www.albyco.com\/fr\/wp-json\/wp\/v2\/comments?post=10096"}],"wp:featuredmedia":[{"embeddable":true,"href":"https:\/\/www.albyco.com\/fr\/wp-json\/wp\/v2\/media\/7656"}],"wp:attachment":[{"href":"https:\/\/www.albyco.com\/fr\/wp-json\/wp\/v2\/media?parent=10096"}],"wp:term":[{"taxonomy":"product_cat","embeddable":true,"href":"https:\/\/www.albyco.com\/fr\/wp-json\/wp\/v2\/product_cat?post=10096"},{"taxonomy":"product_tag","embeddable":true,"href":"https:\/\/www.albyco.com\/fr\/wp-json\/wp\/v2\/product_tag?post=10096"}],"curies":[{"name":"wp","href":"https:\/\/api.w.org\/{rel}","templated":true}]}}