{"id":10091,"date":"2017-07-06T09:48:33","date_gmt":"2017-07-06T07:48:33","guid":{"rendered":"https:\/\/www.albyco.com\/product\/stago-pb-5010-serie-foreuses-a-papier-a-2-5-tetes\/"},"modified":"2022-04-22T16:05:59","modified_gmt":"2022-04-22T14:05:59","slug":"stago-pb-5010-serie-foreuses-a-papier-a-2-5-tetes","status":"publish","type":"product","link":"https:\/\/www.albyco.com\/fr\/produit\/stago-pb-5010-serie-foreuses-a-papier-a-2-5-tetes\/","title":{"rendered":"Stago PB 5010-s\u00e9rie, foreuses \u00e0 papier \u00e0 2- 5 t\u00eates"},"content":{"rendered":"<p class=\"p1\"><strong>Stago PB 5010-s\u00e9rie, foreuses \u00e0 papier \u00e0 2- 5 t\u00eates<\/strong><\/p>\r\n\r\n<table style=\"width: 100%; border-collapse: collapse;\" border=\"0\">\r\n<tbody>\r\n<tr>\r\n<td style=\"width: 50%;\">Les foreuses de papier STAGO PB 5010 sont disponibles en plusieurs variantes : distance entre les t\u00eates fixe ou ajustable (40 \u00e0 250 mm), mod\u00e8les de table avec descente manuelle ou \u00e9lectrique des m\u00e8ches, sur socle avec descente par p\u00e9dale ou \u00e9lectrique des m\u00e8ches, 2 vitesses fixes ou variateur, table fixe ou coulissante (6 programmes).<\/td>\r\n<td style=\"width: 50%;\"><div class=\"epyt-video-wrapper\"><iframe  id=\"_ytid_82673\"  width=\"800\" height=\"450\"  data-origwidth=\"800\" data-origheight=\"450\"  data-relstop=\"1\" src=\"https:\/\/www.youtube.com\/embed\/g6ZQZkNhBLY?enablejsapi=1&autoplay=0&cc_load_policy=0&iv_load_policy=1&loop=0&modestbranding=0&fs=1&playsinline=1&controls=1&color=red&cc_lang_pref=&rel=0&autohide=2&theme=dark&\" class=\"__youtube_prefs__  no-lazyload\" title=\"YouTube player\"  allow=\"accelerometer; autoplay; clipboard-write; encrypted-media; gyroscope; picture-in-picture\" allowfullscreen data-no-lazy=\"1\" data-skipgform_ajax_framebjll=\"\"><\/iframe><\/div><\/td>\r\n<\/tr>\r\n<\/tbody>\r\n<\/table>\r\n<p class=\"p1\">Diam\u00e8tre max. des m\u00e8ches<span class=\"Apple-tab-span\">\u00a0<\/span>10 mm\r\nProfondeur max. de forage<span class=\"Apple-tab-span\">\u00a0<\/span>60 mm.\r\nDimensions de la table<span class=\"Apple-tab-span\">\u00a0<\/span>800 x 415 mm\r\nD\u00e9placement max. de la table mobile<span class=\"Apple-tab-span\">\u00a0<\/span>450 mm\r\nDistance ajustable des trous par rapport au bord du papier : 2 \u00e0 75 mm<\/p>\r\n<a href=\"https:\/\/www.albyco.com\/fr\/contactez-nous\/\"><img loading=\"lazy\" class=\"size-full wp-image-11223 alignleft\" src=\"https:\/\/www.albyco.com\/wp-content\/uploads\/2018\/02\/CTA-Albyco-fr-2.jpg\" alt=\"\" width=\"225\" height=\"141\" srcset=\"https:\/\/www.albyco.com\/wp-content\/uploads\/2018\/02\/CTA-Albyco-fr-2.jpg 225w, https:\/\/www.albyco.com\/wp-content\/uploads\/2018\/02\/CTA-Albyco-fr-2-100x63.jpg 100w, https:\/\/www.albyco.com\/wp-content\/uploads\/2018\/02\/CTA-Albyco-fr-2-24x15.jpg 24w, https:\/\/www.albyco.com\/wp-content\/uploads\/2018\/02\/CTA-Albyco-fr-2-36x23.jpg 36w, https:\/\/www.albyco.com\/wp-content\/uploads\/2018\/02\/CTA-Albyco-fr-2-48x30.jpg 48w\" sizes=\"(max-width: 225px) 100vw, 225px\" \/><\/a>","protected":false},"excerpt":{"rendered":"<p class=\"p1\">Les foreuses<span class=\"Apple-converted-space\">\u00a0 <\/span>\u00e0 papier STAGO PB 5010 sont disponibles en plusieurs variantes : distance entre les t\u00eates fixe ou ajustable (40 \u00e0 250 mm), mod\u00e8les de table avec descente manuelle ou \u00e9lectrique des m\u00e8ches, sur socle avec descente par p\u00e9dale ou \u00e9lectrique des m\u00e8ches, 2 vitesses fixes ou variateur, table fixe ou coulissante (6 programmes).<\/p>\n","protected":false},"featured_media":7976,"comment_status":"open","ping_status":"closed","template":"","meta":[],"product_cat":[2300,2301,3286],"product_tag":[3287,3112,3228,3288,3229,3289,3114,3290,3291,3292,3293,3294,3295,3296,3297],"yoast_head":"<!-- This site is optimized with the Yoast SEO plugin v18.6 - https:\/\/yoast.com\/wordpress\/plugins\/seo\/ -->\n<title>Stago PB 5010-s\u00e9rie, foreuses \u00e0 papier \u00e0 2- 5 t\u00eates - Albyco<\/title>\n<meta name=\"description\" content=\"Les foreuses\u00a0 \u00e0 papier STAGO PB 5010 sont disponibles en plusieurs variantes : distance entre les t\u00eates fixe ou ajustable (40 \u00e0 250 mm), mod\u00e8les de table avec descente manuelle ou \u00e9lectrique des m\u00e8ches, sur socle avec descente par p\u00e9dale ou \u00e9lectrique des m\u00e8ches, 2 vitesses fixes ou variateur, table fixe ou coulissante (6 programmes).\" \/>\n<meta name=\"robots\" content=\"index, follow, max-snippet:-1, max-image-preview:large, max-video-preview:-1\" \/>\n<link rel=\"canonical\" href=\"https:\/\/www.albyco.com\/fr\/produit\/stago-pb-5010-serie-foreuses-a-papier-a-2-5-tetes\/\" \/>\n<meta property=\"og:locale\" content=\"fr_FR\" \/>\n<meta property=\"og:type\" content=\"article\" \/>\n<meta property=\"og:title\" content=\"Stago PB 5010-s\u00e9rie, foreuses \u00e0 papier \u00e0 2- 5 t\u00eates - Albyco\" \/>\n<meta property=\"og:description\" content=\"Les foreuses\u00a0 \u00e0 papier STAGO PB 5010 sont disponibles en plusieurs variantes : distance entre les t\u00eates fixe ou ajustable (40 \u00e0 250 mm), mod\u00e8les de table avec descente manuelle ou \u00e9lectrique des m\u00e8ches, sur socle avec descente par p\u00e9dale ou \u00e9lectrique des m\u00e8ches, 2 vitesses fixes ou variateur, table fixe ou coulissante (6 programmes).\" \/>\n<meta property=\"og:url\" content=\"https:\/\/www.albyco.com\/fr\/produit\/stago-pb-5010-serie-foreuses-a-papier-a-2-5-tetes\/\" \/>\n<meta property=\"og:site_name\" content=\"Albyco\" \/>\n<meta property=\"article:modified_time\" content=\"2022-04-22T14:05:59+00:00\" \/>\n<meta property=\"og:image\" content=\"https:\/\/www.albyco.com\/wp-content\/uploads\/2017\/06\/stago-stago-pb-5010-serie-papierboren-met-2-5-koppen_STAGO5010-4FF.jpg\" \/>\n\t<meta property=\"og:image:width\" content=\"682\" \/>\n\t<meta property=\"og:image:height\" content=\"1024\" \/>\n\t<meta property=\"og:image:type\" content=\"image\/jpeg\" \/>\n<meta name=\"twitter:card\" content=\"summary\" \/>\n<meta name=\"twitter:site\" content=\"@AlbycoNederland\" \/>\n<meta name=\"twitter:label1\" content=\"Dur\u00e9e de lecture estim\u00e9e\" \/>\n\t<meta name=\"twitter:data1\" content=\"1 minute\" \/>\n<script type=\"application\/ld+json\" class=\"yoast-schema-graph\">{\"@context\":\"https:\/\/schema.org\",\"@graph\":[{\"@type\":\"Organization\",\"@id\":\"https:\/\/www.albyco.com\/#organization\",\"name\":\"Albyco Nederland B.V.\",\"url\":\"https:\/\/www.albyco.com\/\",\"sameAs\":[\"https:\/\/www.linkedin.com\/company\/18015670\/\",\"https:\/\/www.youtube.com\/user\/AlbycoNederland\",\"https:\/\/nl.pinterest.com\/albyco\",\"https:\/\/twitter.com\/AlbycoNederland\"],\"logo\":{\"@type\":\"ImageObject\",\"@id\":\"https:\/\/www.albyco.com\/#logo\",\"inLanguage\":\"fr-FR\",\"url\":\"https:\/\/www.albyco.com\/wp-content\/uploads\/2017\/07\/albyco_logo_hd.png\",\"contentUrl\":\"https:\/\/www.albyco.com\/wp-content\/uploads\/2017\/07\/albyco_logo_hd.png\",\"width\":300,\"height\":300,\"caption\":\"Albyco Nederland B.V.\"},\"image\":{\"@id\":\"https:\/\/www.albyco.com\/#logo\"}},{\"@type\":\"WebSite\",\"@id\":\"https:\/\/www.albyco.com\/#website\",\"url\":\"https:\/\/www.albyco.com\/\",\"name\":\"Albyco\",\"description\":\"Leverancier voor nabewerking van geprinte media\",\"publisher\":{\"@id\":\"https:\/\/www.albyco.com\/#organization\"},\"potentialAction\":[{\"@type\":\"SearchAction\",\"target\":{\"@type\":\"EntryPoint\",\"urlTemplate\":\"https:\/\/www.albyco.com\/?s={search_term_string}\"},\"query-input\":\"required name=search_term_string\"}],\"inLanguage\":\"fr-FR\"},{\"@type\":\"ImageObject\",\"@id\":\"https:\/\/www.albyco.com\/fr\/produit\/stago-pb-5010-serie-foreuses-a-papier-a-2-5-tetes\/#primaryimage\",\"inLanguage\":\"fr-FR\",\"url\":\"https:\/\/www.albyco.com\/wp-content\/uploads\/2017\/06\/stago-stago-pb-5010-serie-papierboren-met-2-5-koppen_STAGO5010-4FF.jpg\",\"contentUrl\":\"https:\/\/www.albyco.com\/wp-content\/uploads\/2017\/06\/stago-stago-pb-5010-serie-papierboren-met-2-5-koppen_STAGO5010-4FF.jpg\",\"width\":682,\"height\":1024,\"caption\":\"Stago PB 5010-s\u00e9rie, foreuses \u00e0 papier \u00e0 2- 5 t\u00eates\"},{\"@type\":\"WebPage\",\"@id\":\"https:\/\/www.albyco.com\/fr\/produit\/stago-pb-5010-serie-foreuses-a-papier-a-2-5-tetes\/#webpage\",\"url\":\"https:\/\/www.albyco.com\/fr\/produit\/stago-pb-5010-serie-foreuses-a-papier-a-2-5-tetes\/\",\"name\":\"Stago PB 5010-s\u00e9rie, foreuses \u00e0 papier \u00e0 2- 5 t\u00eates - Albyco\",\"isPartOf\":{\"@id\":\"https:\/\/www.albyco.com\/#website\"},\"primaryImageOfPage\":{\"@id\":\"https:\/\/www.albyco.com\/fr\/produit\/stago-pb-5010-serie-foreuses-a-papier-a-2-5-tetes\/#primaryimage\"},\"datePublished\":\"2017-07-06T07:48:33+00:00\",\"dateModified\":\"2022-04-22T14:05:59+00:00\",\"description\":\"Les foreuses\u00a0 \u00e0 papier STAGO PB 5010 sont disponibles en plusieurs variantes : distance entre les t\u00eates fixe ou ajustable (40 \u00e0 250 mm), mod\u00e8les de table avec descente manuelle ou \u00e9lectrique des m\u00e8ches, sur socle avec descente par p\u00e9dale ou \u00e9lectrique des m\u00e8ches, 2 vitesses fixes ou variateur, table fixe ou coulissante (6 programmes).\",\"breadcrumb\":{\"@id\":\"https:\/\/www.albyco.com\/fr\/produit\/stago-pb-5010-serie-foreuses-a-papier-a-2-5-tetes\/#breadcrumb\"},\"inLanguage\":\"fr-FR\",\"potentialAction\":[{\"@type\":\"ReadAction\",\"target\":[\"https:\/\/www.albyco.com\/fr\/produit\/stago-pb-5010-serie-foreuses-a-papier-a-2-5-tetes\/\"]}]},{\"@type\":\"BreadcrumbList\",\"@id\":\"https:\/\/www.albyco.com\/fr\/produit\/stago-pb-5010-serie-foreuses-a-papier-a-2-5-tetes\/#breadcrumb\",\"itemListElement\":[{\"@type\":\"ListItem\",\"position\":1,\"name\":\"Home\",\"item\":\"https:\/\/www.albyco.com\/fr\/\"},{\"@type\":\"ListItem\",\"position\":2,\"name\":\"Les produits\",\"item\":\"https:\/\/www.albyco.com\/fr\/producten\/\"},{\"@type\":\"ListItem\",\"position\":3,\"name\":\"Stago PB 5010-s\u00e9rie, foreuses \u00e0 papier \u00e0 2- 5 t\u00eates\"}]}]}<\/script>\n<!-- \/ Yoast SEO plugin. -->","yoast_head_json":{"title":"Stago PB 5010-s\u00e9rie, foreuses \u00e0 papier \u00e0 2- 5 t\u00eates - Albyco","description":"Les foreuses\u00a0 \u00e0 papier STAGO PB 5010 sont disponibles en plusieurs variantes : distance entre les t\u00eates fixe ou ajustable (40 \u00e0 250 mm), mod\u00e8les de table avec descente manuelle ou \u00e9lectrique des m\u00e8ches, sur socle avec descente par p\u00e9dale ou \u00e9lectrique des m\u00e8ches, 2 vitesses fixes ou variateur, table fixe ou coulissante (6 programmes).","robots":{"index":"index","follow":"follow","max-snippet":"max-snippet:-1","max-image-preview":"max-image-preview:large","max-video-preview":"max-video-preview:-1"},"canonical":"https:\/\/www.albyco.com\/fr\/produit\/stago-pb-5010-serie-foreuses-a-papier-a-2-5-tetes\/","og_locale":"fr_FR","og_type":"article","og_title":"Stago PB 5010-s\u00e9rie, foreuses \u00e0 papier \u00e0 2- 5 t\u00eates - Albyco","og_description":"Les foreuses\u00a0 \u00e0 papier STAGO PB 5010 sont disponibles en plusieurs variantes : distance entre les t\u00eates fixe ou ajustable (40 \u00e0 250 mm), mod\u00e8les de table avec descente manuelle ou \u00e9lectrique des m\u00e8ches, sur socle avec descente par p\u00e9dale ou \u00e9lectrique des m\u00e8ches, 2 vitesses fixes ou variateur, table fixe ou coulissante (6 programmes).","og_url":"https:\/\/www.albyco.com\/fr\/produit\/stago-pb-5010-serie-foreuses-a-papier-a-2-5-tetes\/","og_site_name":"Albyco","article_modified_time":"2022-04-22T14:05:59+00:00","og_image":[{"width":682,"height":1024,"url":"https:\/\/www.albyco.com\/wp-content\/uploads\/2017\/06\/stago-stago-pb-5010-serie-papierboren-met-2-5-koppen_STAGO5010-4FF.jpg","type":"image\/jpeg"}],"twitter_card":"summary","twitter_site":"@AlbycoNederland","twitter_misc":{"Dur\u00e9e de lecture estim\u00e9e":"1 minute"},"schema":{"@context":"https:\/\/schema.org","@graph":[{"@type":"Organization","@id":"https:\/\/www.albyco.com\/#organization","name":"Albyco Nederland B.V.","url":"https:\/\/www.albyco.com\/","sameAs":["https:\/\/www.linkedin.com\/company\/18015670\/","https:\/\/www.youtube.com\/user\/AlbycoNederland","https:\/\/nl.pinterest.com\/albyco","https:\/\/twitter.com\/AlbycoNederland"],"logo":{"@type":"ImageObject","@id":"https:\/\/www.albyco.com\/#logo","inLanguage":"fr-FR","url":"https:\/\/www.albyco.com\/wp-content\/uploads\/2017\/07\/albyco_logo_hd.png","contentUrl":"https:\/\/www.albyco.com\/wp-content\/uploads\/2017\/07\/albyco_logo_hd.png","width":300,"height":300,"caption":"Albyco Nederland B.V."},"image":{"@id":"https:\/\/www.albyco.com\/#logo"}},{"@type":"WebSite","@id":"https:\/\/www.albyco.com\/#website","url":"https:\/\/www.albyco.com\/","name":"Albyco","description":"Leverancier voor nabewerking van geprinte media","publisher":{"@id":"https:\/\/www.albyco.com\/#organization"},"potentialAction":[{"@type":"SearchAction","target":{"@type":"EntryPoint","urlTemplate":"https:\/\/www.albyco.com\/?s={search_term_string}"},"query-input":"required name=search_term_string"}],"inLanguage":"fr-FR"},{"@type":"ImageObject","@id":"https:\/\/www.albyco.com\/fr\/produit\/stago-pb-5010-serie-foreuses-a-papier-a-2-5-tetes\/#primaryimage","inLanguage":"fr-FR","url":"https:\/\/www.albyco.com\/wp-content\/uploads\/2017\/06\/stago-stago-pb-5010-serie-papierboren-met-2-5-koppen_STAGO5010-4FF.jpg","contentUrl":"https:\/\/www.albyco.com\/wp-content\/uploads\/2017\/06\/stago-stago-pb-5010-serie-papierboren-met-2-5-koppen_STAGO5010-4FF.jpg","width":682,"height":1024,"caption":"Stago PB 5010-s\u00e9rie, foreuses \u00e0 papier \u00e0 2- 5 t\u00eates"},{"@type":"WebPage","@id":"https:\/\/www.albyco.com\/fr\/produit\/stago-pb-5010-serie-foreuses-a-papier-a-2-5-tetes\/#webpage","url":"https:\/\/www.albyco.com\/fr\/produit\/stago-pb-5010-serie-foreuses-a-papier-a-2-5-tetes\/","name":"Stago PB 5010-s\u00e9rie, foreuses \u00e0 papier \u00e0 2- 5 t\u00eates - Albyco","isPartOf":{"@id":"https:\/\/www.albyco.com\/#website"},"primaryImageOfPage":{"@id":"https:\/\/www.albyco.com\/fr\/produit\/stago-pb-5010-serie-foreuses-a-papier-a-2-5-tetes\/#primaryimage"},"datePublished":"2017-07-06T07:48:33+00:00","dateModified":"2022-04-22T14:05:59+00:00","description":"Les foreuses\u00a0 \u00e0 papier STAGO PB 5010 sont disponibles en plusieurs variantes : distance entre les t\u00eates fixe ou ajustable (40 \u00e0 250 mm), mod\u00e8les de table avec descente manuelle ou \u00e9lectrique des m\u00e8ches, sur socle avec descente par p\u00e9dale ou \u00e9lectrique des m\u00e8ches, 2 vitesses fixes ou variateur, table fixe ou coulissante (6 programmes).","breadcrumb":{"@id":"https:\/\/www.albyco.com\/fr\/produit\/stago-pb-5010-serie-foreuses-a-papier-a-2-5-tetes\/#breadcrumb"},"inLanguage":"fr-FR","potentialAction":[{"@type":"ReadAction","target":["https:\/\/www.albyco.com\/fr\/produit\/stago-pb-5010-serie-foreuses-a-papier-a-2-5-tetes\/"]}]},{"@type":"BreadcrumbList","@id":"https:\/\/www.albyco.com\/fr\/produit\/stago-pb-5010-serie-foreuses-a-papier-a-2-5-tetes\/#breadcrumb","itemListElement":[{"@type":"ListItem","position":1,"name":"Home","item":"https:\/\/www.albyco.com\/fr\/"},{"@type":"ListItem","position":2,"name":"Les produits","item":"https:\/\/www.albyco.com\/fr\/producten\/"},{"@type":"ListItem","position":3,"name":"Stago PB 5010-s\u00e9rie, foreuses \u00e0 papier \u00e0 2- 5 t\u00eates"}]}]}},"_links":{"self":[{"href":"https:\/\/www.albyco.com\/fr\/wp-json\/wp\/v2\/product\/10091"}],"collection":[{"href":"https:\/\/www.albyco.com\/fr\/wp-json\/wp\/v2\/product"}],"about":[{"href":"https:\/\/www.albyco.com\/fr\/wp-json\/wp\/v2\/types\/product"}],"replies":[{"embeddable":true,"href":"https:\/\/www.albyco.com\/fr\/wp-json\/wp\/v2\/comments?post=10091"}],"wp:featuredmedia":[{"embeddable":true,"href":"https:\/\/www.albyco.com\/fr\/wp-json\/wp\/v2\/media\/7976"}],"wp:attachment":[{"href":"https:\/\/www.albyco.com\/fr\/wp-json\/wp\/v2\/media?parent=10091"}],"wp:term":[{"taxonomy":"product_cat","embeddable":true,"href":"https:\/\/www.albyco.com\/fr\/wp-json\/wp\/v2\/product_cat?post=10091"},{"taxonomy":"product_tag","embeddable":true,"href":"https:\/\/www.albyco.com\/fr\/wp-json\/wp\/v2\/product_tag?post=10091"}],"curies":[{"name":"wp","href":"https:\/\/api.w.org\/{rel}","templated":true}]}}