{"id":10086,"date":"2017-07-06T14:10:45","date_gmt":"2017-07-06T12:10:45","guid":{"rendered":"https:\/\/www.albyco.com\/product\/stago-2000-serie-foreuses-a-papier-pour-moyennes-et-grandes-productions\/"},"modified":"2022-04-22T16:07:14","modified_gmt":"2022-04-22T14:07:14","slug":"stago-2000-serie-foreuses-a-papier-pour-moyennes-et-grandes-productions","status":"publish","type":"product","link":"https:\/\/www.albyco.com\/fr\/produit\/stago-2000-serie-foreuses-a-papier-pour-moyennes-et-grandes-productions\/","title":{"rendered":"Stago 2000-s\u00e9rie foreuses \u00e0 papier"},"content":{"rendered":"<table style=\"width: 100%; border-collapse: collapse;\" border=\"0\">\r\n<tbody>\r\n<tr>\r\n<td style=\"width: 50%;\"><strong>Les foreuses \u00e0 papier de la s\u00e9rie Stago 2000<\/strong> sont de v\u00e9ritables performantes machines<span class=\"Apple-converted-space\">\u00a0 <\/span>pour moyennes et grandes productions. Elles<span class=\"Apple-converted-space\">\u00a0 <\/span>sont con\u00e7ues pour un usage quotidien continu dans les ateliers<span class=\"Apple-converted-space\">\u00a0 <\/span>d&#8217;impression, les imprimeries,<span class=\"Apple-converted-space\">\u00a0 <\/span>les \u00e9coles, etc. Les diff\u00e9rences entre les diff\u00e9rentes versions sont cit\u00e9es dans le tableau ci-dessous.<\/td>\r\n<td style=\"width: 50%;\"><div class=\"epyt-video-wrapper\"><iframe  id=\"_ytid_98602\"  width=\"800\" height=\"450\"  data-origwidth=\"800\" data-origheight=\"450\"  data-relstop=\"1\" src=\"https:\/\/www.youtube.com\/embed\/g6ZQZkNhBLY?enablejsapi=1&autoplay=0&cc_load_policy=0&iv_load_policy=1&loop=0&modestbranding=0&fs=1&playsinline=1&controls=1&color=red&cc_lang_pref=&rel=0&autohide=2&theme=dark&\" class=\"__youtube_prefs__  no-lazyload\" title=\"YouTube player\"  allow=\"accelerometer; autoplay; clipboard-write; encrypted-media; gyroscope; picture-in-picture\" allowfullscreen data-no-lazy=\"1\" data-skipgform_ajax_framebjll=\"\"><\/iframe><\/div><\/td>\r\n<\/tr>\r\n<\/tbody>\r\n<\/table>\r\n<p class=\"p1\"><strong>Stago 2000 s\u00e9rie\u00a0 \u00a0<\/strong>\u00a0 \u00a0 \u00a0 \u00a0 \u00a0 \u00a0 \u00a0 \u00a0 \u00a0 \u00a0 \u00a0 \u00a0 \u00a0S1 + S2\u00a0 \u00a0 \u00a0 \u00a0 \u00a0 \u00a0 \u00a0 \u00a0 \u00a0 \u00a0 \u00a0 \u00a0S4\u00a0 \u00a0 \u00a0 \u00a0 \u00a0 \u00a0 \u00a0 \u00a0 \u00a0 \u00a0 S6\r\nT\u00eates de perforation\u00a0 \u00a0 \u00a0 \u00a0 \u00a0 \u00a0 \u00a0 \u00a0 \u00a0 \u00a0 \u00a0 \u00a0 \u00a0 \u00a0 \u00a0 \u00a0 2\u00a0 \u00a0 \u00a0 \u00a0 \u00a0 \u00a0 \u00a0 \u00a0 \u00a0 \u00a0 \u00a0 \u00a0 \u00a0 \u00a0 \u00a0 \u00a02\u00a0 \u00a0 \u00a0 \u00a0 \u00a0 \u00a0 \u00a0 \u00a0 \u00a0 \u00a0 \u00a0 2\r\nDistance de forage\u00a0 \u00a0 \u00a0 \u00a0 \u00a0 \u00a0 \u00a0 80mm(S1) 60-120mm(S2) 60-120mm(S4) 60-120mm(S6)\r\nDiam\u00e8tre de forage\u00a0 \u00a0 \u00a0 \u00a0 \u00a0 \u00a0 \u00a0 \u00a0 \u00a0 \u00a0 \u00a0 \u00a0 \u00a0 \u00a0 \u00a02- 15mm\u00a0 \u00a0 \u00a0 \u00a0 \u00a0 \u00a0 \u00a0 \u00a0 \u00a0 \u00a02- 15mm\u00a0 \u00a0 \u00a0 \u00a0 \u00a0 \u00a02- 15mm\r\nMax \u00e9paisseur de forage\/\r\nhauteur d`empilement\u00a0 \u00a0 \u00a0 \u00a0 \u00a0 \u00a0 \u00a0 \u00a0 \u00a0 \u00a0 \u00a0 \u00a060 mm\u00a0 \u00a0 \u00a0 \u00a0 \u00a0 \u00a0 \u00a0 \u00a0 \u00a0 \u00a0 \u00a060 mm\u00a0 \u00a0 \u00a0 \u00a0 \u00a0 \u00a0 \u00a0 \u00a060 mm\r\nManipulation de forage\u00a0 \u00a0 \u00a0 \u00a0Manuelle\/Levier \u00e0 p\u00e9dale P\u00e9dale (m\u00e9cani) Automatique\r\nMax distance de marge\u00a0 \u00a0 \u00a0 \u00a0 \u00a0 \u00a0 \u00a0 \u00a0 \u00a0 \u00a0 \u00a0 \u00a0110 mm\u00a0 \u00a0 \u00a0 \u00a0 \u00a0 \u00a0 \u00a0 \u00a0 \u00a0 \u00a0110 mm\u00a0 \u00a0 \u00a0 \u00a0 \u00a0 \u00a0 \u00a0 \u00a0 110 mm\r\nMat\u00e9riaux\u00a0 \u00a0 \u00a0 \u00a0 \u00a0 \u00a0 \u00a0 \u00a0 \u00a0 \u00a0 \u00a0 \u00a0 \u00a0 \u00a0 \u00a0 \u00a0 \u00a0 \u00a0 \u00a0 \u00a0 \u00a0 \u00a0 \u00a0 \u00a0 \u00a0 \u00a0 \u00a0Papier, textile, cuir, plastique\r\nAlimentation\u00a0 \u00a0 \u00a0 \u00a0 \u00a0 \u00a0 \u00a0 \u00a0 \u00a0 \u00a0 \u00a0 \u00a0 \u00a0 \u00a0 \u00a0 \u00a0 \u00a0 \u00a0 \u00a0 \u00a0 \u00a0 \u00a0 \u00a0230V\/ 50 Hz, 400V\/ 50 Hz (option)\r\nChassis en option<\/p>\r\n<a href=\"https:\/\/www.albyco.com\/fr\/contactez-nous\/\"><img loading=\"lazy\" class=\"size-full wp-image-11223 alignleft\" src=\"https:\/\/www.albyco.com\/wp-content\/uploads\/2018\/02\/CTA-Albyco-fr-2.jpg\" alt=\"\" width=\"225\" height=\"141\" srcset=\"https:\/\/www.albyco.com\/wp-content\/uploads\/2018\/02\/CTA-Albyco-fr-2.jpg 225w, https:\/\/www.albyco.com\/wp-content\/uploads\/2018\/02\/CTA-Albyco-fr-2-100x63.jpg 100w, https:\/\/www.albyco.com\/wp-content\/uploads\/2018\/02\/CTA-Albyco-fr-2-24x15.jpg 24w, https:\/\/www.albyco.com\/wp-content\/uploads\/2018\/02\/CTA-Albyco-fr-2-36x23.jpg 36w, https:\/\/www.albyco.com\/wp-content\/uploads\/2018\/02\/CTA-Albyco-fr-2-48x30.jpg 48w\" sizes=\"(max-width: 225px) 100vw, 225px\" \/><\/a>","protected":false},"excerpt":{"rendered":"<p><strong>Les foreuses \u00e0 papier de la s\u00e9rie Stago 2000<\/strong> sont de v\u00e9ritables performantes machines<span class=\"Apple-converted-space\">\u00a0 <\/span>pour moyennes et grandes productions.<\/p>\n","protected":false},"featured_media":7937,"comment_status":"open","ping_status":"closed","template":"","meta":[],"product_cat":[2300,2301,3286],"product_tag":[3287,3112,3228,3288,3229,3289,3114,3290,3291,3292,3293,3294,3295,3296,3297],"yoast_head":"<!-- This site is optimized with the Yoast SEO plugin v18.6 - https:\/\/yoast.com\/wordpress\/plugins\/seo\/ -->\n<title>Stago 2000-s\u00e9rie foreuses \u00e0 papier - Albyco<\/title>\n<meta name=\"description\" content=\"Les foreuses \u00e0 papier de la s\u00e9rie Stago 2000 sont de v\u00e9ritables performantes machines\u00a0 pour moyennes et grandes productions.\" \/>\n<meta name=\"robots\" content=\"index, follow, max-snippet:-1, max-image-preview:large, max-video-preview:-1\" \/>\n<link rel=\"canonical\" href=\"https:\/\/www.albyco.com\/fr\/produit\/stago-2000-serie-foreuses-a-papier-pour-moyennes-et-grandes-productions\/\" \/>\n<meta property=\"og:locale\" content=\"fr_FR\" \/>\n<meta property=\"og:type\" content=\"article\" \/>\n<meta property=\"og:title\" content=\"Stago 2000-s\u00e9rie foreuses \u00e0 papier - Albyco\" \/>\n<meta property=\"og:description\" content=\"Les foreuses \u00e0 papier de la s\u00e9rie Stago 2000 sont de v\u00e9ritables performantes machines\u00a0 pour moyennes et grandes productions.\" \/>\n<meta property=\"og:url\" content=\"https:\/\/www.albyco.com\/fr\/produit\/stago-2000-serie-foreuses-a-papier-pour-moyennes-et-grandes-productions\/\" \/>\n<meta property=\"og:site_name\" content=\"Albyco\" \/>\n<meta property=\"article:modified_time\" content=\"2022-04-22T14:07:14+00:00\" \/>\n<meta property=\"og:image\" content=\"https:\/\/www.albyco.com\/wp-content\/uploads\/2017\/06\/stago-stago-2000-serie-papierboormachine_STAGO2015S1.jpg\" \/>\n\t<meta property=\"og:image:width\" content=\"450\" \/>\n\t<meta property=\"og:image:height\" content=\"596\" \/>\n\t<meta property=\"og:image:type\" content=\"image\/jpeg\" \/>\n<meta name=\"twitter:card\" content=\"summary\" \/>\n<meta name=\"twitter:site\" content=\"@AlbycoNederland\" \/>\n<meta name=\"twitter:label1\" content=\"Dur\u00e9e de lecture estim\u00e9e\" \/>\n\t<meta name=\"twitter:data1\" content=\"1 minute\" \/>\n<script type=\"application\/ld+json\" class=\"yoast-schema-graph\">{\"@context\":\"https:\/\/schema.org\",\"@graph\":[{\"@type\":\"Organization\",\"@id\":\"https:\/\/www.albyco.com\/#organization\",\"name\":\"Albyco Nederland B.V.\",\"url\":\"https:\/\/www.albyco.com\/\",\"sameAs\":[\"https:\/\/www.linkedin.com\/company\/18015670\/\",\"https:\/\/www.youtube.com\/user\/AlbycoNederland\",\"https:\/\/nl.pinterest.com\/albyco\",\"https:\/\/twitter.com\/AlbycoNederland\"],\"logo\":{\"@type\":\"ImageObject\",\"@id\":\"https:\/\/www.albyco.com\/#logo\",\"inLanguage\":\"fr-FR\",\"url\":\"https:\/\/www.albyco.com\/wp-content\/uploads\/2017\/07\/albyco_logo_hd.png\",\"contentUrl\":\"https:\/\/www.albyco.com\/wp-content\/uploads\/2017\/07\/albyco_logo_hd.png\",\"width\":300,\"height\":300,\"caption\":\"Albyco Nederland B.V.\"},\"image\":{\"@id\":\"https:\/\/www.albyco.com\/#logo\"}},{\"@type\":\"WebSite\",\"@id\":\"https:\/\/www.albyco.com\/#website\",\"url\":\"https:\/\/www.albyco.com\/\",\"name\":\"Albyco\",\"description\":\"Leverancier voor nabewerking van geprinte media\",\"publisher\":{\"@id\":\"https:\/\/www.albyco.com\/#organization\"},\"potentialAction\":[{\"@type\":\"SearchAction\",\"target\":{\"@type\":\"EntryPoint\",\"urlTemplate\":\"https:\/\/www.albyco.com\/?s={search_term_string}\"},\"query-input\":\"required name=search_term_string\"}],\"inLanguage\":\"fr-FR\"},{\"@type\":\"ImageObject\",\"@id\":\"https:\/\/www.albyco.com\/fr\/produit\/stago-2000-serie-foreuses-a-papier-pour-moyennes-et-grandes-productions\/#primaryimage\",\"inLanguage\":\"fr-FR\",\"url\":\"https:\/\/www.albyco.com\/wp-content\/uploads\/2017\/06\/stago-stago-2000-serie-papierboormachine_STAGO2015S1.jpg\",\"contentUrl\":\"https:\/\/www.albyco.com\/wp-content\/uploads\/2017\/06\/stago-stago-2000-serie-papierboormachine_STAGO2015S1.jpg\",\"width\":450,\"height\":596,\"caption\":\"Stago 2000-s\u00e9rie foreuses \u00e0 papier pour moyennes et grandes productions\"},{\"@type\":\"WebPage\",\"@id\":\"https:\/\/www.albyco.com\/fr\/produit\/stago-2000-serie-foreuses-a-papier-pour-moyennes-et-grandes-productions\/#webpage\",\"url\":\"https:\/\/www.albyco.com\/fr\/produit\/stago-2000-serie-foreuses-a-papier-pour-moyennes-et-grandes-productions\/\",\"name\":\"Stago 2000-s\u00e9rie foreuses \u00e0 papier - Albyco\",\"isPartOf\":{\"@id\":\"https:\/\/www.albyco.com\/#website\"},\"primaryImageOfPage\":{\"@id\":\"https:\/\/www.albyco.com\/fr\/produit\/stago-2000-serie-foreuses-a-papier-pour-moyennes-et-grandes-productions\/#primaryimage\"},\"datePublished\":\"2017-07-06T12:10:45+00:00\",\"dateModified\":\"2022-04-22T14:07:14+00:00\",\"description\":\"Les foreuses \u00e0 papier de la s\u00e9rie Stago 2000 sont de v\u00e9ritables performantes machines\u00a0 pour moyennes et grandes productions.\",\"breadcrumb\":{\"@id\":\"https:\/\/www.albyco.com\/fr\/produit\/stago-2000-serie-foreuses-a-papier-pour-moyennes-et-grandes-productions\/#breadcrumb\"},\"inLanguage\":\"fr-FR\",\"potentialAction\":[{\"@type\":\"ReadAction\",\"target\":[\"https:\/\/www.albyco.com\/fr\/produit\/stago-2000-serie-foreuses-a-papier-pour-moyennes-et-grandes-productions\/\"]}]},{\"@type\":\"BreadcrumbList\",\"@id\":\"https:\/\/www.albyco.com\/fr\/produit\/stago-2000-serie-foreuses-a-papier-pour-moyennes-et-grandes-productions\/#breadcrumb\",\"itemListElement\":[{\"@type\":\"ListItem\",\"position\":1,\"name\":\"Home\",\"item\":\"https:\/\/www.albyco.com\/fr\/\"},{\"@type\":\"ListItem\",\"position\":2,\"name\":\"Les produits\",\"item\":\"https:\/\/www.albyco.com\/fr\/producten\/\"},{\"@type\":\"ListItem\",\"position\":3,\"name\":\"Stago 2000-s\u00e9rie foreuses \u00e0 papier\"}]}]}<\/script>\n<!-- \/ Yoast SEO plugin. -->","yoast_head_json":{"title":"Stago 2000-s\u00e9rie foreuses \u00e0 papier - Albyco","description":"Les foreuses \u00e0 papier de la s\u00e9rie Stago 2000 sont de v\u00e9ritables performantes machines\u00a0 pour moyennes et grandes productions.","robots":{"index":"index","follow":"follow","max-snippet":"max-snippet:-1","max-image-preview":"max-image-preview:large","max-video-preview":"max-video-preview:-1"},"canonical":"https:\/\/www.albyco.com\/fr\/produit\/stago-2000-serie-foreuses-a-papier-pour-moyennes-et-grandes-productions\/","og_locale":"fr_FR","og_type":"article","og_title":"Stago 2000-s\u00e9rie foreuses \u00e0 papier - Albyco","og_description":"Les foreuses \u00e0 papier de la s\u00e9rie Stago 2000 sont de v\u00e9ritables performantes machines\u00a0 pour moyennes et grandes productions.","og_url":"https:\/\/www.albyco.com\/fr\/produit\/stago-2000-serie-foreuses-a-papier-pour-moyennes-et-grandes-productions\/","og_site_name":"Albyco","article_modified_time":"2022-04-22T14:07:14+00:00","og_image":[{"width":450,"height":596,"url":"https:\/\/www.albyco.com\/wp-content\/uploads\/2017\/06\/stago-stago-2000-serie-papierboormachine_STAGO2015S1.jpg","type":"image\/jpeg"}],"twitter_card":"summary","twitter_site":"@AlbycoNederland","twitter_misc":{"Dur\u00e9e de lecture estim\u00e9e":"1 minute"},"schema":{"@context":"https:\/\/schema.org","@graph":[{"@type":"Organization","@id":"https:\/\/www.albyco.com\/#organization","name":"Albyco Nederland B.V.","url":"https:\/\/www.albyco.com\/","sameAs":["https:\/\/www.linkedin.com\/company\/18015670\/","https:\/\/www.youtube.com\/user\/AlbycoNederland","https:\/\/nl.pinterest.com\/albyco","https:\/\/twitter.com\/AlbycoNederland"],"logo":{"@type":"ImageObject","@id":"https:\/\/www.albyco.com\/#logo","inLanguage":"fr-FR","url":"https:\/\/www.albyco.com\/wp-content\/uploads\/2017\/07\/albyco_logo_hd.png","contentUrl":"https:\/\/www.albyco.com\/wp-content\/uploads\/2017\/07\/albyco_logo_hd.png","width":300,"height":300,"caption":"Albyco Nederland B.V."},"image":{"@id":"https:\/\/www.albyco.com\/#logo"}},{"@type":"WebSite","@id":"https:\/\/www.albyco.com\/#website","url":"https:\/\/www.albyco.com\/","name":"Albyco","description":"Leverancier voor nabewerking van geprinte media","publisher":{"@id":"https:\/\/www.albyco.com\/#organization"},"potentialAction":[{"@type":"SearchAction","target":{"@type":"EntryPoint","urlTemplate":"https:\/\/www.albyco.com\/?s={search_term_string}"},"query-input":"required name=search_term_string"}],"inLanguage":"fr-FR"},{"@type":"ImageObject","@id":"https:\/\/www.albyco.com\/fr\/produit\/stago-2000-serie-foreuses-a-papier-pour-moyennes-et-grandes-productions\/#primaryimage","inLanguage":"fr-FR","url":"https:\/\/www.albyco.com\/wp-content\/uploads\/2017\/06\/stago-stago-2000-serie-papierboormachine_STAGO2015S1.jpg","contentUrl":"https:\/\/www.albyco.com\/wp-content\/uploads\/2017\/06\/stago-stago-2000-serie-papierboormachine_STAGO2015S1.jpg","width":450,"height":596,"caption":"Stago 2000-s\u00e9rie foreuses \u00e0 papier pour moyennes et grandes productions"},{"@type":"WebPage","@id":"https:\/\/www.albyco.com\/fr\/produit\/stago-2000-serie-foreuses-a-papier-pour-moyennes-et-grandes-productions\/#webpage","url":"https:\/\/www.albyco.com\/fr\/produit\/stago-2000-serie-foreuses-a-papier-pour-moyennes-et-grandes-productions\/","name":"Stago 2000-s\u00e9rie foreuses \u00e0 papier - Albyco","isPartOf":{"@id":"https:\/\/www.albyco.com\/#website"},"primaryImageOfPage":{"@id":"https:\/\/www.albyco.com\/fr\/produit\/stago-2000-serie-foreuses-a-papier-pour-moyennes-et-grandes-productions\/#primaryimage"},"datePublished":"2017-07-06T12:10:45+00:00","dateModified":"2022-04-22T14:07:14+00:00","description":"Les foreuses \u00e0 papier de la s\u00e9rie Stago 2000 sont de v\u00e9ritables performantes machines\u00a0 pour moyennes et grandes productions.","breadcrumb":{"@id":"https:\/\/www.albyco.com\/fr\/produit\/stago-2000-serie-foreuses-a-papier-pour-moyennes-et-grandes-productions\/#breadcrumb"},"inLanguage":"fr-FR","potentialAction":[{"@type":"ReadAction","target":["https:\/\/www.albyco.com\/fr\/produit\/stago-2000-serie-foreuses-a-papier-pour-moyennes-et-grandes-productions\/"]}]},{"@type":"BreadcrumbList","@id":"https:\/\/www.albyco.com\/fr\/produit\/stago-2000-serie-foreuses-a-papier-pour-moyennes-et-grandes-productions\/#breadcrumb","itemListElement":[{"@type":"ListItem","position":1,"name":"Home","item":"https:\/\/www.albyco.com\/fr\/"},{"@type":"ListItem","position":2,"name":"Les produits","item":"https:\/\/www.albyco.com\/fr\/producten\/"},{"@type":"ListItem","position":3,"name":"Stago 2000-s\u00e9rie foreuses \u00e0 papier"}]}]}},"_links":{"self":[{"href":"https:\/\/www.albyco.com\/fr\/wp-json\/wp\/v2\/product\/10086"}],"collection":[{"href":"https:\/\/www.albyco.com\/fr\/wp-json\/wp\/v2\/product"}],"about":[{"href":"https:\/\/www.albyco.com\/fr\/wp-json\/wp\/v2\/types\/product"}],"replies":[{"embeddable":true,"href":"https:\/\/www.albyco.com\/fr\/wp-json\/wp\/v2\/comments?post=10086"}],"wp:featuredmedia":[{"embeddable":true,"href":"https:\/\/www.albyco.com\/fr\/wp-json\/wp\/v2\/media\/7937"}],"wp:attachment":[{"href":"https:\/\/www.albyco.com\/fr\/wp-json\/wp\/v2\/media?parent=10086"}],"wp:term":[{"taxonomy":"product_cat","embeddable":true,"href":"https:\/\/www.albyco.com\/fr\/wp-json\/wp\/v2\/product_cat?post=10086"},{"taxonomy":"product_tag","embeddable":true,"href":"https:\/\/www.albyco.com\/fr\/wp-json\/wp\/v2\/product_tag?post=10086"}],"curies":[{"name":"wp","href":"https:\/\/api.w.org\/{rel}","templated":true}]}}