{"id":10083,"date":"2017-07-06T16:51:06","date_gmt":"2017-07-06T14:51:06","guid":{"rendered":"https:\/\/www.albyco.com\/product\/stago-1006-perforeuse-foret-a-papier\/"},"modified":"2025-10-18T17:08:41","modified_gmt":"2025-10-18T15:08:41","slug":"stago-1006-perforeuse-foret-a-papier","status":"publish","type":"product","link":"https:\/\/www.albyco.com\/fr\/produit\/stago-1006-perforeuse-foret-a-papier\/","title":{"rendered":"Stago 1006 perforeuse foret \u00e0 papier"},"content":{"rendered":"<table style=\"width: 100%; border-collapse: collapse;\" border=\"0\">\r\n<tbody>\r\n<tr>\r\n<td style=\"width: 50%;\"><strong>La Stago 1006, perforeuse foret \u00e0 papier<\/strong>, mod\u00e8le ergonomique basic, particuli\u00e8rement adapt\u00e9e<span class=\"Apple-converted-space\">\u00a0 <\/span>pour les petites imprimeries, les ateliers<span class=\"Apple-converted-space\">\u00a0 <\/span>d&#8217;impression et les r\u00e9pros. 1 t\u00eate de perforation fonctionnement manuel et bac \u00e0 d\u00e9chets. Table mobile et arr\u00eat tabulateur pour 2 et 4 trous. Convient \u00e9galement pour<span class=\"Apple-converted-space\">\u00a0 <\/span>carton, le cuir et le plastique.<\/td>\r\n<td style=\"width: 50%; text-align: center;\"><div class=\"epyt-video-wrapper\"><iframe  id=\"_ytid_82809\"  width=\"800\" height=\"450\"  data-origwidth=\"800\" data-origheight=\"450\"  data-relstop=\"1\" src=\"https:\/\/www.youtube.com\/embed\/g6ZQZkNhBLY?enablejsapi=1&autoplay=0&cc_load_policy=0&iv_load_policy=1&loop=0&modestbranding=0&fs=1&playsinline=1&controls=1&color=red&cc_lang_pref=&rel=0&autohide=2&theme=dark&\" class=\"__youtube_prefs__  no-lazyload\" title=\"YouTube player\"  allow=\"accelerometer; autoplay; clipboard-write; encrypted-media; gyroscope; picture-in-picture\" allowfullscreen data-no-lazy=\"1\" data-skipgform_ajax_framebjll=\"\"><\/iframe><\/div><\/td>\r\n<\/tr>\r\n<\/tbody>\r\n<\/table>\r\n<p class=\"p1\">Nombre de broches 1\r\nDiam\u00e8tre de forage 2 &#8211; 8 mm\r\nMax. profondeur de forage \/ hauteur d`empilement<span class=\"Apple-converted-space\">\u00a0 <\/span>jusqu&#8217;\u00e0 40 mm\r\nNombre de tours 2,400 \/ min.\r\nMax. distance de marge 48 mm\r\nMat\u00e9riaux Papier, textile, cuir, plastique\r\nDimensions (L xl x H) 510 x 450 x 360 mm\r\nPoids 21 kg\r\nDistance tabulateur (1) 80 mm, (2) 80 mm-80 mm, (3) 45 mm-65 mm-45 mm<\/p>\r\n&nbsp;\r\n\r\n<a href=\"https:\/\/www.albyco.com\/fr\/contactez-nous\/\"><img loading=\"lazy\" class=\"size-full wp-image-11223 alignleft\" src=\"https:\/\/www.albyco.com\/wp-content\/uploads\/2018\/02\/CTA-Albyco-fr-2.jpg\" alt=\"\" width=\"225\" height=\"141\" srcset=\"https:\/\/www.albyco.com\/wp-content\/uploads\/2018\/02\/CTA-Albyco-fr-2.jpg 225w, https:\/\/www.albyco.com\/wp-content\/uploads\/2018\/02\/CTA-Albyco-fr-2-100x63.jpg 100w, https:\/\/www.albyco.com\/wp-content\/uploads\/2018\/02\/CTA-Albyco-fr-2-24x15.jpg 24w, https:\/\/www.albyco.com\/wp-content\/uploads\/2018\/02\/CTA-Albyco-fr-2-36x23.jpg 36w, https:\/\/www.albyco.com\/wp-content\/uploads\/2018\/02\/CTA-Albyco-fr-2-48x30.jpg 48w\" sizes=\"(max-width: 225px) 100vw, 225px\" \/><\/a>","protected":false},"excerpt":{"rendered":"<p><strong>La Stago 1006, perforeuse foret \u00e0 papier<\/strong>, mod\u00e8le ergonomique basic, particuli\u00e8rement adapt\u00e9e<span class=\"Apple-converted-space\">\u00a0 <\/span>pour les petites imprimeries, les ateliers<span class=\"Apple-converted-space\">\u00a0 <\/span>d&#8217;impression et les r\u00e9pros.<\/p>\n","protected":false},"featured_media":7890,"comment_status":"open","ping_status":"closed","template":"","meta":[],"product_cat":[2300,2301,3286],"product_tag":[3287,3112,3228,3288,3229,3289,3114,3290,3291,3292,3293,3294,3295,3296,3297],"yoast_head":"<!-- This site is optimized with the Yoast SEO plugin v18.6 - https:\/\/yoast.com\/wordpress\/plugins\/seo\/ -->\n<title>Stago 1006 perforeuse foret \u00e0 papier - Albyco<\/title>\n<meta name=\"description\" content=\"La Stago 1006, perforeuse foret \u00e0 papier, mod\u00e8le ergonomique basic, particuli\u00e8rement adapt\u00e9e\u00a0 pour les petites imprimeries, les ateliers\u00a0 d&#039;impression et les r\u00e9pros.\" \/>\n<meta name=\"robots\" content=\"index, follow, max-snippet:-1, max-image-preview:large, max-video-preview:-1\" \/>\n<link rel=\"canonical\" href=\"https:\/\/www.albyco.com\/fr\/produit\/stago-1006-perforeuse-foret-a-papier\/\" \/>\n<meta property=\"og:locale\" content=\"fr_FR\" \/>\n<meta property=\"og:type\" content=\"article\" \/>\n<meta property=\"og:title\" content=\"Stago 1006 perforeuse foret \u00e0 papier - Albyco\" \/>\n<meta property=\"og:description\" content=\"La Stago 1006, perforeuse foret \u00e0 papier, mod\u00e8le ergonomique basic, particuli\u00e8rement adapt\u00e9e\u00a0 pour les petites imprimeries, les ateliers\u00a0 d&#039;impression et les r\u00e9pros.\" \/>\n<meta property=\"og:url\" content=\"https:\/\/www.albyco.com\/fr\/produit\/stago-1006-perforeuse-foret-a-papier\/\" \/>\n<meta property=\"og:site_name\" content=\"Albyco\" \/>\n<meta property=\"article:modified_time\" content=\"2025-10-18T15:08:41+00:00\" \/>\n<meta property=\"og:image\" content=\"https:\/\/www.albyco.com\/wp-content\/uploads\/2017\/06\/stago-stago-1006-papierboormachine_STAGO1006S.jpg\" \/>\n\t<meta property=\"og:image:width\" content=\"800\" \/>\n\t<meta property=\"og:image:height\" content=\"800\" \/>\n\t<meta property=\"og:image:type\" content=\"image\/jpeg\" \/>\n<meta name=\"twitter:card\" content=\"summary\" \/>\n<meta name=\"twitter:site\" content=\"@AlbycoNederland\" \/>\n<meta name=\"twitter:label1\" content=\"Dur\u00e9e de lecture estim\u00e9e\" \/>\n\t<meta name=\"twitter:data1\" content=\"1 minute\" \/>\n<script type=\"application\/ld+json\" class=\"yoast-schema-graph\">{\"@context\":\"https:\/\/schema.org\",\"@graph\":[{\"@type\":\"Organization\",\"@id\":\"https:\/\/www.albyco.com\/#organization\",\"name\":\"Albyco Nederland B.V.\",\"url\":\"https:\/\/www.albyco.com\/\",\"sameAs\":[\"https:\/\/www.linkedin.com\/company\/18015670\/\",\"https:\/\/www.youtube.com\/user\/AlbycoNederland\",\"https:\/\/nl.pinterest.com\/albyco\",\"https:\/\/twitter.com\/AlbycoNederland\"],\"logo\":{\"@type\":\"ImageObject\",\"@id\":\"https:\/\/www.albyco.com\/#logo\",\"inLanguage\":\"fr-FR\",\"url\":\"https:\/\/www.albyco.com\/wp-content\/uploads\/2017\/07\/albyco_logo_hd.png\",\"contentUrl\":\"https:\/\/www.albyco.com\/wp-content\/uploads\/2017\/07\/albyco_logo_hd.png\",\"width\":300,\"height\":300,\"caption\":\"Albyco Nederland B.V.\"},\"image\":{\"@id\":\"https:\/\/www.albyco.com\/#logo\"}},{\"@type\":\"WebSite\",\"@id\":\"https:\/\/www.albyco.com\/#website\",\"url\":\"https:\/\/www.albyco.com\/\",\"name\":\"Albyco\",\"description\":\"Leverancier voor nabewerking van geprinte media\",\"publisher\":{\"@id\":\"https:\/\/www.albyco.com\/#organization\"},\"potentialAction\":[{\"@type\":\"SearchAction\",\"target\":{\"@type\":\"EntryPoint\",\"urlTemplate\":\"https:\/\/www.albyco.com\/?s={search_term_string}\"},\"query-input\":\"required name=search_term_string\"}],\"inLanguage\":\"fr-FR\"},{\"@type\":\"ImageObject\",\"@id\":\"https:\/\/www.albyco.com\/fr\/produit\/stago-1006-perforeuse-foret-a-papier\/#primaryimage\",\"inLanguage\":\"fr-FR\",\"url\":\"https:\/\/www.albyco.com\/wp-content\/uploads\/2017\/06\/stago-stago-1006-papierboormachine_STAGO1006S.jpg\",\"contentUrl\":\"https:\/\/www.albyco.com\/wp-content\/uploads\/2017\/06\/stago-stago-1006-papierboormachine_STAGO1006S.jpg\",\"width\":800,\"height\":800,\"caption\":\"Stago 1006 perforeuse foret \u00e0 papier\"},{\"@type\":\"WebPage\",\"@id\":\"https:\/\/www.albyco.com\/fr\/produit\/stago-1006-perforeuse-foret-a-papier\/#webpage\",\"url\":\"https:\/\/www.albyco.com\/fr\/produit\/stago-1006-perforeuse-foret-a-papier\/\",\"name\":\"Stago 1006 perforeuse foret \u00e0 papier - Albyco\",\"isPartOf\":{\"@id\":\"https:\/\/www.albyco.com\/#website\"},\"primaryImageOfPage\":{\"@id\":\"https:\/\/www.albyco.com\/fr\/produit\/stago-1006-perforeuse-foret-a-papier\/#primaryimage\"},\"datePublished\":\"2017-07-06T14:51:06+00:00\",\"dateModified\":\"2025-10-18T15:08:41+00:00\",\"description\":\"La Stago 1006, perforeuse foret \u00e0 papier, mod\u00e8le ergonomique basic, particuli\u00e8rement adapt\u00e9e\u00a0 pour les petites imprimeries, les ateliers\u00a0 d'impression et les r\u00e9pros.\",\"breadcrumb\":{\"@id\":\"https:\/\/www.albyco.com\/fr\/produit\/stago-1006-perforeuse-foret-a-papier\/#breadcrumb\"},\"inLanguage\":\"fr-FR\",\"potentialAction\":[{\"@type\":\"ReadAction\",\"target\":[\"https:\/\/www.albyco.com\/fr\/produit\/stago-1006-perforeuse-foret-a-papier\/\"]}]},{\"@type\":\"BreadcrumbList\",\"@id\":\"https:\/\/www.albyco.com\/fr\/produit\/stago-1006-perforeuse-foret-a-papier\/#breadcrumb\",\"itemListElement\":[{\"@type\":\"ListItem\",\"position\":1,\"name\":\"Home\",\"item\":\"https:\/\/www.albyco.com\/fr\/\"},{\"@type\":\"ListItem\",\"position\":2,\"name\":\"Les produits\",\"item\":\"https:\/\/www.albyco.com\/fr\/producten\/\"},{\"@type\":\"ListItem\",\"position\":3,\"name\":\"Stago 1006 perforeuse foret \u00e0 papier\"}]}]}<\/script>\n<!-- \/ Yoast SEO plugin. -->","yoast_head_json":{"title":"Stago 1006 perforeuse foret \u00e0 papier - Albyco","description":"La Stago 1006, perforeuse foret \u00e0 papier, mod\u00e8le ergonomique basic, particuli\u00e8rement adapt\u00e9e\u00a0 pour les petites imprimeries, les ateliers\u00a0 d'impression et les r\u00e9pros.","robots":{"index":"index","follow":"follow","max-snippet":"max-snippet:-1","max-image-preview":"max-image-preview:large","max-video-preview":"max-video-preview:-1"},"canonical":"https:\/\/www.albyco.com\/fr\/produit\/stago-1006-perforeuse-foret-a-papier\/","og_locale":"fr_FR","og_type":"article","og_title":"Stago 1006 perforeuse foret \u00e0 papier - Albyco","og_description":"La Stago 1006, perforeuse foret \u00e0 papier, mod\u00e8le ergonomique basic, particuli\u00e8rement adapt\u00e9e\u00a0 pour les petites imprimeries, les ateliers\u00a0 d'impression et les r\u00e9pros.","og_url":"https:\/\/www.albyco.com\/fr\/produit\/stago-1006-perforeuse-foret-a-papier\/","og_site_name":"Albyco","article_modified_time":"2025-10-18T15:08:41+00:00","og_image":[{"width":800,"height":800,"url":"https:\/\/www.albyco.com\/wp-content\/uploads\/2017\/06\/stago-stago-1006-papierboormachine_STAGO1006S.jpg","type":"image\/jpeg"}],"twitter_card":"summary","twitter_site":"@AlbycoNederland","twitter_misc":{"Dur\u00e9e de lecture estim\u00e9e":"1 minute"},"schema":{"@context":"https:\/\/schema.org","@graph":[{"@type":"Organization","@id":"https:\/\/www.albyco.com\/#organization","name":"Albyco Nederland B.V.","url":"https:\/\/www.albyco.com\/","sameAs":["https:\/\/www.linkedin.com\/company\/18015670\/","https:\/\/www.youtube.com\/user\/AlbycoNederland","https:\/\/nl.pinterest.com\/albyco","https:\/\/twitter.com\/AlbycoNederland"],"logo":{"@type":"ImageObject","@id":"https:\/\/www.albyco.com\/#logo","inLanguage":"fr-FR","url":"https:\/\/www.albyco.com\/wp-content\/uploads\/2017\/07\/albyco_logo_hd.png","contentUrl":"https:\/\/www.albyco.com\/wp-content\/uploads\/2017\/07\/albyco_logo_hd.png","width":300,"height":300,"caption":"Albyco Nederland B.V."},"image":{"@id":"https:\/\/www.albyco.com\/#logo"}},{"@type":"WebSite","@id":"https:\/\/www.albyco.com\/#website","url":"https:\/\/www.albyco.com\/","name":"Albyco","description":"Leverancier voor nabewerking van geprinte media","publisher":{"@id":"https:\/\/www.albyco.com\/#organization"},"potentialAction":[{"@type":"SearchAction","target":{"@type":"EntryPoint","urlTemplate":"https:\/\/www.albyco.com\/?s={search_term_string}"},"query-input":"required name=search_term_string"}],"inLanguage":"fr-FR"},{"@type":"ImageObject","@id":"https:\/\/www.albyco.com\/fr\/produit\/stago-1006-perforeuse-foret-a-papier\/#primaryimage","inLanguage":"fr-FR","url":"https:\/\/www.albyco.com\/wp-content\/uploads\/2017\/06\/stago-stago-1006-papierboormachine_STAGO1006S.jpg","contentUrl":"https:\/\/www.albyco.com\/wp-content\/uploads\/2017\/06\/stago-stago-1006-papierboormachine_STAGO1006S.jpg","width":800,"height":800,"caption":"Stago 1006 perforeuse foret \u00e0 papier"},{"@type":"WebPage","@id":"https:\/\/www.albyco.com\/fr\/produit\/stago-1006-perforeuse-foret-a-papier\/#webpage","url":"https:\/\/www.albyco.com\/fr\/produit\/stago-1006-perforeuse-foret-a-papier\/","name":"Stago 1006 perforeuse foret \u00e0 papier - Albyco","isPartOf":{"@id":"https:\/\/www.albyco.com\/#website"},"primaryImageOfPage":{"@id":"https:\/\/www.albyco.com\/fr\/produit\/stago-1006-perforeuse-foret-a-papier\/#primaryimage"},"datePublished":"2017-07-06T14:51:06+00:00","dateModified":"2025-10-18T15:08:41+00:00","description":"La Stago 1006, perforeuse foret \u00e0 papier, mod\u00e8le ergonomique basic, particuli\u00e8rement adapt\u00e9e\u00a0 pour les petites imprimeries, les ateliers\u00a0 d'impression et les r\u00e9pros.","breadcrumb":{"@id":"https:\/\/www.albyco.com\/fr\/produit\/stago-1006-perforeuse-foret-a-papier\/#breadcrumb"},"inLanguage":"fr-FR","potentialAction":[{"@type":"ReadAction","target":["https:\/\/www.albyco.com\/fr\/produit\/stago-1006-perforeuse-foret-a-papier\/"]}]},{"@type":"BreadcrumbList","@id":"https:\/\/www.albyco.com\/fr\/produit\/stago-1006-perforeuse-foret-a-papier\/#breadcrumb","itemListElement":[{"@type":"ListItem","position":1,"name":"Home","item":"https:\/\/www.albyco.com\/fr\/"},{"@type":"ListItem","position":2,"name":"Les produits","item":"https:\/\/www.albyco.com\/fr\/producten\/"},{"@type":"ListItem","position":3,"name":"Stago 1006 perforeuse foret \u00e0 papier"}]}]}},"_links":{"self":[{"href":"https:\/\/www.albyco.com\/fr\/wp-json\/wp\/v2\/product\/10083"}],"collection":[{"href":"https:\/\/www.albyco.com\/fr\/wp-json\/wp\/v2\/product"}],"about":[{"href":"https:\/\/www.albyco.com\/fr\/wp-json\/wp\/v2\/types\/product"}],"replies":[{"embeddable":true,"href":"https:\/\/www.albyco.com\/fr\/wp-json\/wp\/v2\/comments?post=10083"}],"wp:featuredmedia":[{"embeddable":true,"href":"https:\/\/www.albyco.com\/fr\/wp-json\/wp\/v2\/media\/7890"}],"wp:attachment":[{"href":"https:\/\/www.albyco.com\/fr\/wp-json\/wp\/v2\/media?parent=10083"}],"wp:term":[{"taxonomy":"product_cat","embeddable":true,"href":"https:\/\/www.albyco.com\/fr\/wp-json\/wp\/v2\/product_cat?post=10083"},{"taxonomy":"product_tag","embeddable":true,"href":"https:\/\/www.albyco.com\/fr\/wp-json\/wp\/v2\/product_tag?post=10083"}],"curies":[{"name":"wp","href":"https:\/\/api.w.org\/{rel}","templated":true}]}}