{"id":10064,"date":"2017-07-10T15:20:48","date_gmt":"2017-07-10T13:20:48","guid":{"rendered":"https:\/\/www.albyco.com\/product\/chemise-de-presentation-a-lamelles\/"},"modified":"2018-02-23T16:04:43","modified_gmt":"2018-02-23T15:04:43","slug":"chemise-de-presentation-a-lamelles","status":"publish","type":"product","link":"https:\/\/www.albyco.com\/fr\/produit\/chemise-de-presentation-a-lamelles\/","title":{"rendered":"Chemise de pr\u00e9sentation \u00e0 lamelles"},"content":{"rendered":"<p class=\"p1\"><strong>Chemise de pr\u00e9sentation \u00e0 lamelles<\/strong>, les couvertures d`attache rapide Albyco solution standard pour la liaison de documents rapide et rentable. Tous les dossiers sont de format A4 et emball\u00e9s par 100 pi\u00e8ces. Les dossiers de lib\u00e9ration rapide sont disponibles en sept couleurs diff\u00e9rentes: blanc, noir, rouge, bleu, gris, vert et jaune. des dossiers sont transparents tandis que le dos et le dos sont color\u00e9s. L&#8217;int\u00e9rieur de la pince m\u00e9tallique convient \u00e0 la distance standard de 2 trous de 80 mm. En outre, porte-\u00e9tiquette lat\u00e9ral.<\/p>\r\n<p class=\"p1\"><\/p>\r\n<a href=\"https:\/\/www.albyco.com\/fr\/contactez-nous\/\"><img loading=\"lazy\" class=\"size-full wp-image-11223 alignleft\" src=\"https:\/\/www.albyco.com\/wp-content\/uploads\/2018\/02\/CTA-Albyco-fr-2.jpg\" alt=\"\" width=\"225\" height=\"141\" srcset=\"https:\/\/www.albyco.com\/wp-content\/uploads\/2018\/02\/CTA-Albyco-fr-2.jpg 225w, https:\/\/www.albyco.com\/wp-content\/uploads\/2018\/02\/CTA-Albyco-fr-2-100x63.jpg 100w, https:\/\/www.albyco.com\/wp-content\/uploads\/2018\/02\/CTA-Albyco-fr-2-24x15.jpg 24w, https:\/\/www.albyco.com\/wp-content\/uploads\/2018\/02\/CTA-Albyco-fr-2-36x23.jpg 36w, https:\/\/www.albyco.com\/wp-content\/uploads\/2018\/02\/CTA-Albyco-fr-2-48x30.jpg 48w\" sizes=\"(max-width: 225px) 100vw, 225px\" \/><\/a>","protected":false},"excerpt":{"rendered":"<p><strong>Chemise de pr\u00e9sentation \u00e0 lamelles<\/strong>, les couvertures d`attache rapide Albyco solution standard pour la liaison de documents rapide et rentable.<\/p>\n","protected":false},"featured_media":7686,"comment_status":"open","ping_status":"closed","template":"","meta":[],"product_cat":[2808,2838],"product_tag":[2318,2324],"yoast_head":"<!-- This site is optimized with the Yoast SEO plugin v18.6 - https:\/\/yoast.com\/wordpress\/plugins\/seo\/ -->\n<title>Chemise de pr\u00e9sentation \u00e0 lamelles - Albyco<\/title>\n<meta name=\"description\" content=\"Chemise de pr\u00e9sentation \u00e0 lamelles, les couvertures d`attache rapide Albyco solution standard pour la liaison de documents rapide et rentable.\" \/>\n<meta name=\"robots\" content=\"index, follow, max-snippet:-1, max-image-preview:large, max-video-preview:-1\" \/>\n<link rel=\"canonical\" href=\"https:\/\/www.albyco.com\/fr\/produit\/chemise-de-presentation-a-lamelles\/\" \/>\n<meta property=\"og:locale\" content=\"fr_FR\" \/>\n<meta property=\"og:type\" content=\"article\" \/>\n<meta property=\"og:title\" content=\"Chemise de pr\u00e9sentation \u00e0 lamelles - Albyco\" \/>\n<meta property=\"og:description\" content=\"Chemise de pr\u00e9sentation \u00e0 lamelles, les couvertures d`attache rapide Albyco solution standard pour la liaison de documents rapide et rentable.\" \/>\n<meta property=\"og:url\" content=\"https:\/\/www.albyco.com\/fr\/produit\/chemise-de-presentation-a-lamelles\/\" \/>\n<meta property=\"og:site_name\" content=\"Albyco\" \/>\n<meta property=\"article:modified_time\" content=\"2018-02-23T15:04:43+00:00\" \/>\n<meta property=\"og:image\" content=\"https:\/\/www.albyco.com\/wp-content\/uploads\/2017\/06\/albyco-albyco-snelhechtmappen_SHMZW100.jpg\" \/>\n\t<meta property=\"og:image:width\" content=\"400\" \/>\n\t<meta property=\"og:image:height\" content=\"400\" \/>\n\t<meta property=\"og:image:type\" content=\"image\/jpeg\" \/>\n<meta name=\"twitter:card\" content=\"summary\" \/>\n<meta name=\"twitter:site\" content=\"@AlbycoNederland\" \/>\n<script type=\"application\/ld+json\" class=\"yoast-schema-graph\">{\"@context\":\"https:\/\/schema.org\",\"@graph\":[{\"@type\":\"Organization\",\"@id\":\"https:\/\/www.albyco.com\/#organization\",\"name\":\"Albyco Nederland B.V.\",\"url\":\"https:\/\/www.albyco.com\/\",\"sameAs\":[\"https:\/\/www.linkedin.com\/company\/18015670\/\",\"https:\/\/www.youtube.com\/user\/AlbycoNederland\",\"https:\/\/nl.pinterest.com\/albyco\",\"https:\/\/twitter.com\/AlbycoNederland\"],\"logo\":{\"@type\":\"ImageObject\",\"@id\":\"https:\/\/www.albyco.com\/#logo\",\"inLanguage\":\"fr-FR\",\"url\":\"https:\/\/www.albyco.com\/wp-content\/uploads\/2017\/07\/albyco_logo_hd.png\",\"contentUrl\":\"https:\/\/www.albyco.com\/wp-content\/uploads\/2017\/07\/albyco_logo_hd.png\",\"width\":300,\"height\":300,\"caption\":\"Albyco Nederland B.V.\"},\"image\":{\"@id\":\"https:\/\/www.albyco.com\/#logo\"}},{\"@type\":\"WebSite\",\"@id\":\"https:\/\/www.albyco.com\/#website\",\"url\":\"https:\/\/www.albyco.com\/\",\"name\":\"Albyco\",\"description\":\"Leverancier voor nabewerking van geprinte media\",\"publisher\":{\"@id\":\"https:\/\/www.albyco.com\/#organization\"},\"potentialAction\":[{\"@type\":\"SearchAction\",\"target\":{\"@type\":\"EntryPoint\",\"urlTemplate\":\"https:\/\/www.albyco.com\/?s={search_term_string}\"},\"query-input\":\"required name=search_term_string\"}],\"inLanguage\":\"fr-FR\"},{\"@type\":\"ImageObject\",\"@id\":\"https:\/\/www.albyco.com\/fr\/produit\/chemise-de-presentation-a-lamelles\/#primaryimage\",\"inLanguage\":\"fr-FR\",\"url\":\"https:\/\/www.albyco.com\/wp-content\/uploads\/2017\/06\/albyco-albyco-snelhechtmappen_SHMZW100.jpg\",\"contentUrl\":\"https:\/\/www.albyco.com\/wp-content\/uploads\/2017\/06\/albyco-albyco-snelhechtmappen_SHMZW100.jpg\",\"width\":400,\"height\":400,\"caption\":\"Chemise de pr\u00e9sentation \u00e0 lamelles\"},{\"@type\":\"WebPage\",\"@id\":\"https:\/\/www.albyco.com\/fr\/produit\/chemise-de-presentation-a-lamelles\/#webpage\",\"url\":\"https:\/\/www.albyco.com\/fr\/produit\/chemise-de-presentation-a-lamelles\/\",\"name\":\"Chemise de pr\u00e9sentation \u00e0 lamelles - Albyco\",\"isPartOf\":{\"@id\":\"https:\/\/www.albyco.com\/#website\"},\"primaryImageOfPage\":{\"@id\":\"https:\/\/www.albyco.com\/fr\/produit\/chemise-de-presentation-a-lamelles\/#primaryimage\"},\"datePublished\":\"2017-07-10T13:20:48+00:00\",\"dateModified\":\"2018-02-23T15:04:43+00:00\",\"description\":\"Chemise de pr\u00e9sentation \u00e0 lamelles, les couvertures d`attache rapide Albyco solution standard pour la liaison de documents rapide et rentable.\",\"breadcrumb\":{\"@id\":\"https:\/\/www.albyco.com\/fr\/produit\/chemise-de-presentation-a-lamelles\/#breadcrumb\"},\"inLanguage\":\"fr-FR\",\"potentialAction\":[{\"@type\":\"ReadAction\",\"target\":[\"https:\/\/www.albyco.com\/fr\/produit\/chemise-de-presentation-a-lamelles\/\"]}]},{\"@type\":\"BreadcrumbList\",\"@id\":\"https:\/\/www.albyco.com\/fr\/produit\/chemise-de-presentation-a-lamelles\/#breadcrumb\",\"itemListElement\":[{\"@type\":\"ListItem\",\"position\":1,\"name\":\"Home\",\"item\":\"https:\/\/www.albyco.com\/fr\/\"},{\"@type\":\"ListItem\",\"position\":2,\"name\":\"Les produits\",\"item\":\"https:\/\/www.albyco.com\/fr\/producten\/\"},{\"@type\":\"ListItem\",\"position\":3,\"name\":\"Chemise de pr\u00e9sentation \u00e0 lamelles\"}]}]}<\/script>\n<!-- \/ Yoast SEO plugin. -->","yoast_head_json":{"title":"Chemise de pr\u00e9sentation \u00e0 lamelles - Albyco","description":"Chemise de pr\u00e9sentation \u00e0 lamelles, les couvertures d`attache rapide Albyco solution standard pour la liaison de documents rapide et rentable.","robots":{"index":"index","follow":"follow","max-snippet":"max-snippet:-1","max-image-preview":"max-image-preview:large","max-video-preview":"max-video-preview:-1"},"canonical":"https:\/\/www.albyco.com\/fr\/produit\/chemise-de-presentation-a-lamelles\/","og_locale":"fr_FR","og_type":"article","og_title":"Chemise de pr\u00e9sentation \u00e0 lamelles - Albyco","og_description":"Chemise de pr\u00e9sentation \u00e0 lamelles, les couvertures d`attache rapide Albyco solution standard pour la liaison de documents rapide et rentable.","og_url":"https:\/\/www.albyco.com\/fr\/produit\/chemise-de-presentation-a-lamelles\/","og_site_name":"Albyco","article_modified_time":"2018-02-23T15:04:43+00:00","og_image":[{"width":400,"height":400,"url":"https:\/\/www.albyco.com\/wp-content\/uploads\/2017\/06\/albyco-albyco-snelhechtmappen_SHMZW100.jpg","type":"image\/jpeg"}],"twitter_card":"summary","twitter_site":"@AlbycoNederland","schema":{"@context":"https:\/\/schema.org","@graph":[{"@type":"Organization","@id":"https:\/\/www.albyco.com\/#organization","name":"Albyco Nederland B.V.","url":"https:\/\/www.albyco.com\/","sameAs":["https:\/\/www.linkedin.com\/company\/18015670\/","https:\/\/www.youtube.com\/user\/AlbycoNederland","https:\/\/nl.pinterest.com\/albyco","https:\/\/twitter.com\/AlbycoNederland"],"logo":{"@type":"ImageObject","@id":"https:\/\/www.albyco.com\/#logo","inLanguage":"fr-FR","url":"https:\/\/www.albyco.com\/wp-content\/uploads\/2017\/07\/albyco_logo_hd.png","contentUrl":"https:\/\/www.albyco.com\/wp-content\/uploads\/2017\/07\/albyco_logo_hd.png","width":300,"height":300,"caption":"Albyco Nederland B.V."},"image":{"@id":"https:\/\/www.albyco.com\/#logo"}},{"@type":"WebSite","@id":"https:\/\/www.albyco.com\/#website","url":"https:\/\/www.albyco.com\/","name":"Albyco","description":"Leverancier voor nabewerking van geprinte media","publisher":{"@id":"https:\/\/www.albyco.com\/#organization"},"potentialAction":[{"@type":"SearchAction","target":{"@type":"EntryPoint","urlTemplate":"https:\/\/www.albyco.com\/?s={search_term_string}"},"query-input":"required name=search_term_string"}],"inLanguage":"fr-FR"},{"@type":"ImageObject","@id":"https:\/\/www.albyco.com\/fr\/produit\/chemise-de-presentation-a-lamelles\/#primaryimage","inLanguage":"fr-FR","url":"https:\/\/www.albyco.com\/wp-content\/uploads\/2017\/06\/albyco-albyco-snelhechtmappen_SHMZW100.jpg","contentUrl":"https:\/\/www.albyco.com\/wp-content\/uploads\/2017\/06\/albyco-albyco-snelhechtmappen_SHMZW100.jpg","width":400,"height":400,"caption":"Chemise de pr\u00e9sentation \u00e0 lamelles"},{"@type":"WebPage","@id":"https:\/\/www.albyco.com\/fr\/produit\/chemise-de-presentation-a-lamelles\/#webpage","url":"https:\/\/www.albyco.com\/fr\/produit\/chemise-de-presentation-a-lamelles\/","name":"Chemise de pr\u00e9sentation \u00e0 lamelles - Albyco","isPartOf":{"@id":"https:\/\/www.albyco.com\/#website"},"primaryImageOfPage":{"@id":"https:\/\/www.albyco.com\/fr\/produit\/chemise-de-presentation-a-lamelles\/#primaryimage"},"datePublished":"2017-07-10T13:20:48+00:00","dateModified":"2018-02-23T15:04:43+00:00","description":"Chemise de pr\u00e9sentation \u00e0 lamelles, les couvertures d`attache rapide Albyco solution standard pour la liaison de documents rapide et rentable.","breadcrumb":{"@id":"https:\/\/www.albyco.com\/fr\/produit\/chemise-de-presentation-a-lamelles\/#breadcrumb"},"inLanguage":"fr-FR","potentialAction":[{"@type":"ReadAction","target":["https:\/\/www.albyco.com\/fr\/produit\/chemise-de-presentation-a-lamelles\/"]}]},{"@type":"BreadcrumbList","@id":"https:\/\/www.albyco.com\/fr\/produit\/chemise-de-presentation-a-lamelles\/#breadcrumb","itemListElement":[{"@type":"ListItem","position":1,"name":"Home","item":"https:\/\/www.albyco.com\/fr\/"},{"@type":"ListItem","position":2,"name":"Les produits","item":"https:\/\/www.albyco.com\/fr\/producten\/"},{"@type":"ListItem","position":3,"name":"Chemise de pr\u00e9sentation \u00e0 lamelles"}]}]}},"_links":{"self":[{"href":"https:\/\/www.albyco.com\/fr\/wp-json\/wp\/v2\/product\/10064"}],"collection":[{"href":"https:\/\/www.albyco.com\/fr\/wp-json\/wp\/v2\/product"}],"about":[{"href":"https:\/\/www.albyco.com\/fr\/wp-json\/wp\/v2\/types\/product"}],"replies":[{"embeddable":true,"href":"https:\/\/www.albyco.com\/fr\/wp-json\/wp\/v2\/comments?post=10064"}],"wp:featuredmedia":[{"embeddable":true,"href":"https:\/\/www.albyco.com\/fr\/wp-json\/wp\/v2\/media\/7686"}],"wp:attachment":[{"href":"https:\/\/www.albyco.com\/fr\/wp-json\/wp\/v2\/media?parent=10064"}],"wp:term":[{"taxonomy":"product_cat","embeddable":true,"href":"https:\/\/www.albyco.com\/fr\/wp-json\/wp\/v2\/product_cat?post=10064"},{"taxonomy":"product_tag","embeddable":true,"href":"https:\/\/www.albyco.com\/fr\/wp-json\/wp\/v2\/product_tag?post=10064"}],"curies":[{"name":"wp","href":"https:\/\/api.w.org\/{rel}","templated":true}]}}