{"id":10056,"date":"2017-07-10T15:14:05","date_gmt":"2017-07-10T13:14:05","guid":{"rendered":"https:\/\/www.albyco.com\/product\/les-couvertures-transparentes-resistant-a-la-chaleur\/"},"modified":"2018-02-23T16:24:43","modified_gmt":"2018-02-23T15:24:43","slug":"les-couvertures-transparentes-resistant-a-la-chaleur","status":"publish","type":"product","link":"https:\/\/www.albyco.com\/fr\/produit\/les-couvertures-transparentes-resistant-a-la-chaleur\/","title":{"rendered":"Les couvertures transparentes r\u00e9sistant \u00e0 la chaleur"},"content":{"rendered":"<p class=\"p1\"><strong>Les couvertures<span class=\"Apple-converted-space\">\u00a0<\/span>transparentes Albyco PET<\/strong><span class=\"Apple-converted-space\">\u00a0<\/span>disponibles en A4 et A3. Les couvertures transparentes<span class=\"Apple-converted-space\">\u00a0 <\/span>en PET<span class=\"Apple-converted-space\">\u00a0 <\/span>sont de nature r\u00e9sistant \u00e0 la chaleur. Cela les rend id\u00e9ales pour les syst\u00e8mes de reliure thermique tels que Powis (Parker) et Planax Copybinder. Le PET est cristallin, beaucoup plus brillant que le PVC standard. Les reliures transparentes en<span class=\"Apple-converted-space\">\u00a0 <\/span>PVC ne conviennent pas aux syst\u00e8mes de reliure<span class=\"Apple-converted-space\">\u00a0 <\/span>thermique \/ chauff\u00e9e. Le PVC a un point de fusion d&#8217;environ 80 \u00b0 C. Cela fond le bord de la feuille de PVC. Le PET a un point de fusion beaucoup plus \u00e9lev\u00e9 et est le mat\u00e9riau de reliure standard pour les syst\u00e8mes de reliure thermique. Les<span class=\"Apple-converted-space\">\u00a0 <\/span>transparents en PET sont disponibles pour 100 pi\u00e8ces, en A4 et A3 brillant, dans une \u00e9paisseur de 0,18 mm.<\/p>\r\n<p class=\"p1\"><\/p>\r\n<a href=\"https:\/\/www.albyco.com\/fr\/contactez-nous\/\"><img loading=\"lazy\" class=\"size-full wp-image-11223 alignleft\" src=\"https:\/\/www.albyco.com\/wp-content\/uploads\/2018\/02\/CTA-Albyco-fr-2.jpg\" alt=\"\" width=\"225\" height=\"141\" srcset=\"https:\/\/www.albyco.com\/wp-content\/uploads\/2018\/02\/CTA-Albyco-fr-2.jpg 225w, https:\/\/www.albyco.com\/wp-content\/uploads\/2018\/02\/CTA-Albyco-fr-2-100x63.jpg 100w, https:\/\/www.albyco.com\/wp-content\/uploads\/2018\/02\/CTA-Albyco-fr-2-24x15.jpg 24w, https:\/\/www.albyco.com\/wp-content\/uploads\/2018\/02\/CTA-Albyco-fr-2-36x23.jpg 36w, https:\/\/www.albyco.com\/wp-content\/uploads\/2018\/02\/CTA-Albyco-fr-2-48x30.jpg 48w\" sizes=\"(max-width: 225px) 100vw, 225px\" \/><\/a>","protected":false},"excerpt":{"rendered":"<p class=\"p1\">Les couvertures transparentes,<span class=\"Apple-converted-space\">\u00a0<\/span>brillant, PET, r\u00e9sistant \u00e0 la chaleur, id\u00e9al pour les syst\u00e8mes de reliure Powis.<\/p>\n","protected":false},"featured_media":7605,"comment_status":"open","ping_status":"closed","template":"","meta":[],"product_cat":[2808,2831,3201,2833,3096],"product_tag":[2814,2734,2318,2739,2324,2924,3024,3208],"yoast_head":"<!-- This site is optimized with the Yoast SEO plugin v18.6 - https:\/\/yoast.com\/wordpress\/plugins\/seo\/ -->\n<title>Les couvertures transparentes r\u00e9sistant \u00e0 la chaleur - Albyco<\/title>\n<meta name=\"description\" content=\"Les couvertures transparentes,\u00a0brillant, PET, r\u00e9sistant \u00e0 la chaleur, id\u00e9al pour les syst\u00e8mes de reliure Powis.\" \/>\n<meta name=\"robots\" content=\"index, follow, max-snippet:-1, max-image-preview:large, max-video-preview:-1\" \/>\n<link rel=\"canonical\" href=\"https:\/\/www.albyco.com\/fr\/produit\/les-couvertures-transparentes-resistant-a-la-chaleur\/\" \/>\n<meta property=\"og:locale\" content=\"fr_FR\" \/>\n<meta property=\"og:type\" content=\"article\" \/>\n<meta property=\"og:title\" content=\"Les couvertures transparentes r\u00e9sistant \u00e0 la chaleur - Albyco\" \/>\n<meta property=\"og:description\" content=\"Les couvertures transparentes,\u00a0brillant, PET, r\u00e9sistant \u00e0 la chaleur, id\u00e9al pour les syst\u00e8mes de reliure Powis.\" \/>\n<meta property=\"og:url\" content=\"https:\/\/www.albyco.com\/fr\/produit\/les-couvertures-transparentes-resistant-a-la-chaleur\/\" \/>\n<meta property=\"og:site_name\" content=\"Albyco\" \/>\n<meta property=\"article:modified_time\" content=\"2018-02-23T15:24:43+00:00\" \/>\n<meta property=\"og:image\" content=\"https:\/\/www.albyco.com\/wp-content\/uploads\/2017\/06\/albyco-albyco-kunststof-inbind-transparanten_SBTR15A4100.jpg\" \/>\n\t<meta property=\"og:image:width\" content=\"1024\" \/>\n\t<meta property=\"og:image:height\" content=\"1024\" \/>\n\t<meta property=\"og:image:type\" content=\"image\/jpeg\" \/>\n<meta name=\"twitter:card\" content=\"summary\" \/>\n<meta name=\"twitter:site\" content=\"@AlbycoNederland\" \/>\n<meta name=\"twitter:label1\" content=\"Dur\u00e9e de lecture estim\u00e9e\" \/>\n\t<meta name=\"twitter:data1\" content=\"1 minute\" \/>\n<script type=\"application\/ld+json\" class=\"yoast-schema-graph\">{\"@context\":\"https:\/\/schema.org\",\"@graph\":[{\"@type\":\"Organization\",\"@id\":\"https:\/\/www.albyco.com\/#organization\",\"name\":\"Albyco Nederland B.V.\",\"url\":\"https:\/\/www.albyco.com\/\",\"sameAs\":[\"https:\/\/www.linkedin.com\/company\/18015670\/\",\"https:\/\/www.youtube.com\/user\/AlbycoNederland\",\"https:\/\/nl.pinterest.com\/albyco\",\"https:\/\/twitter.com\/AlbycoNederland\"],\"logo\":{\"@type\":\"ImageObject\",\"@id\":\"https:\/\/www.albyco.com\/#logo\",\"inLanguage\":\"fr-FR\",\"url\":\"https:\/\/www.albyco.com\/wp-content\/uploads\/2017\/07\/albyco_logo_hd.png\",\"contentUrl\":\"https:\/\/www.albyco.com\/wp-content\/uploads\/2017\/07\/albyco_logo_hd.png\",\"width\":300,\"height\":300,\"caption\":\"Albyco Nederland B.V.\"},\"image\":{\"@id\":\"https:\/\/www.albyco.com\/#logo\"}},{\"@type\":\"WebSite\",\"@id\":\"https:\/\/www.albyco.com\/#website\",\"url\":\"https:\/\/www.albyco.com\/\",\"name\":\"Albyco\",\"description\":\"Leverancier voor nabewerking van geprinte media\",\"publisher\":{\"@id\":\"https:\/\/www.albyco.com\/#organization\"},\"potentialAction\":[{\"@type\":\"SearchAction\",\"target\":{\"@type\":\"EntryPoint\",\"urlTemplate\":\"https:\/\/www.albyco.com\/?s={search_term_string}\"},\"query-input\":\"required name=search_term_string\"}],\"inLanguage\":\"fr-FR\"},{\"@type\":\"ImageObject\",\"@id\":\"https:\/\/www.albyco.com\/fr\/produit\/les-couvertures-transparentes-resistant-a-la-chaleur\/#primaryimage\",\"inLanguage\":\"fr-FR\",\"url\":\"https:\/\/www.albyco.com\/wp-content\/uploads\/2017\/06\/albyco-albyco-kunststof-inbind-transparanten_SBTR15A4100.jpg\",\"contentUrl\":\"https:\/\/www.albyco.com\/wp-content\/uploads\/2017\/06\/albyco-albyco-kunststof-inbind-transparanten_SBTR15A4100.jpg\",\"width\":1024,\"height\":1024,\"caption\":\"Les couvertures transparentes r\u00e9sistant \u00e0 la chaleur\"},{\"@type\":\"WebPage\",\"@id\":\"https:\/\/www.albyco.com\/fr\/produit\/les-couvertures-transparentes-resistant-a-la-chaleur\/#webpage\",\"url\":\"https:\/\/www.albyco.com\/fr\/produit\/les-couvertures-transparentes-resistant-a-la-chaleur\/\",\"name\":\"Les couvertures transparentes r\u00e9sistant \u00e0 la chaleur - Albyco\",\"isPartOf\":{\"@id\":\"https:\/\/www.albyco.com\/#website\"},\"primaryImageOfPage\":{\"@id\":\"https:\/\/www.albyco.com\/fr\/produit\/les-couvertures-transparentes-resistant-a-la-chaleur\/#primaryimage\"},\"datePublished\":\"2017-07-10T13:14:05+00:00\",\"dateModified\":\"2018-02-23T15:24:43+00:00\",\"description\":\"Les couvertures transparentes,\u00a0brillant, PET, r\u00e9sistant \u00e0 la chaleur, id\u00e9al pour les syst\u00e8mes de reliure Powis.\",\"breadcrumb\":{\"@id\":\"https:\/\/www.albyco.com\/fr\/produit\/les-couvertures-transparentes-resistant-a-la-chaleur\/#breadcrumb\"},\"inLanguage\":\"fr-FR\",\"potentialAction\":[{\"@type\":\"ReadAction\",\"target\":[\"https:\/\/www.albyco.com\/fr\/produit\/les-couvertures-transparentes-resistant-a-la-chaleur\/\"]}]},{\"@type\":\"BreadcrumbList\",\"@id\":\"https:\/\/www.albyco.com\/fr\/produit\/les-couvertures-transparentes-resistant-a-la-chaleur\/#breadcrumb\",\"itemListElement\":[{\"@type\":\"ListItem\",\"position\":1,\"name\":\"Home\",\"item\":\"https:\/\/www.albyco.com\/fr\/\"},{\"@type\":\"ListItem\",\"position\":2,\"name\":\"Les produits\",\"item\":\"https:\/\/www.albyco.com\/fr\/producten\/\"},{\"@type\":\"ListItem\",\"position\":3,\"name\":\"Les couvertures transparentes r\u00e9sistant \u00e0 la chaleur\"}]}]}<\/script>\n<!-- \/ Yoast SEO plugin. -->","yoast_head_json":{"title":"Les couvertures transparentes r\u00e9sistant \u00e0 la chaleur - Albyco","description":"Les couvertures transparentes,\u00a0brillant, PET, r\u00e9sistant \u00e0 la chaleur, id\u00e9al pour les syst\u00e8mes de reliure Powis.","robots":{"index":"index","follow":"follow","max-snippet":"max-snippet:-1","max-image-preview":"max-image-preview:large","max-video-preview":"max-video-preview:-1"},"canonical":"https:\/\/www.albyco.com\/fr\/produit\/les-couvertures-transparentes-resistant-a-la-chaleur\/","og_locale":"fr_FR","og_type":"article","og_title":"Les couvertures transparentes r\u00e9sistant \u00e0 la chaleur - Albyco","og_description":"Les couvertures transparentes,\u00a0brillant, PET, r\u00e9sistant \u00e0 la chaleur, id\u00e9al pour les syst\u00e8mes de reliure Powis.","og_url":"https:\/\/www.albyco.com\/fr\/produit\/les-couvertures-transparentes-resistant-a-la-chaleur\/","og_site_name":"Albyco","article_modified_time":"2018-02-23T15:24:43+00:00","og_image":[{"width":1024,"height":1024,"url":"https:\/\/www.albyco.com\/wp-content\/uploads\/2017\/06\/albyco-albyco-kunststof-inbind-transparanten_SBTR15A4100.jpg","type":"image\/jpeg"}],"twitter_card":"summary","twitter_site":"@AlbycoNederland","twitter_misc":{"Dur\u00e9e de lecture estim\u00e9e":"1 minute"},"schema":{"@context":"https:\/\/schema.org","@graph":[{"@type":"Organization","@id":"https:\/\/www.albyco.com\/#organization","name":"Albyco Nederland B.V.","url":"https:\/\/www.albyco.com\/","sameAs":["https:\/\/www.linkedin.com\/company\/18015670\/","https:\/\/www.youtube.com\/user\/AlbycoNederland","https:\/\/nl.pinterest.com\/albyco","https:\/\/twitter.com\/AlbycoNederland"],"logo":{"@type":"ImageObject","@id":"https:\/\/www.albyco.com\/#logo","inLanguage":"fr-FR","url":"https:\/\/www.albyco.com\/wp-content\/uploads\/2017\/07\/albyco_logo_hd.png","contentUrl":"https:\/\/www.albyco.com\/wp-content\/uploads\/2017\/07\/albyco_logo_hd.png","width":300,"height":300,"caption":"Albyco Nederland B.V."},"image":{"@id":"https:\/\/www.albyco.com\/#logo"}},{"@type":"WebSite","@id":"https:\/\/www.albyco.com\/#website","url":"https:\/\/www.albyco.com\/","name":"Albyco","description":"Leverancier voor nabewerking van geprinte media","publisher":{"@id":"https:\/\/www.albyco.com\/#organization"},"potentialAction":[{"@type":"SearchAction","target":{"@type":"EntryPoint","urlTemplate":"https:\/\/www.albyco.com\/?s={search_term_string}"},"query-input":"required name=search_term_string"}],"inLanguage":"fr-FR"},{"@type":"ImageObject","@id":"https:\/\/www.albyco.com\/fr\/produit\/les-couvertures-transparentes-resistant-a-la-chaleur\/#primaryimage","inLanguage":"fr-FR","url":"https:\/\/www.albyco.com\/wp-content\/uploads\/2017\/06\/albyco-albyco-kunststof-inbind-transparanten_SBTR15A4100.jpg","contentUrl":"https:\/\/www.albyco.com\/wp-content\/uploads\/2017\/06\/albyco-albyco-kunststof-inbind-transparanten_SBTR15A4100.jpg","width":1024,"height":1024,"caption":"Les couvertures transparentes r\u00e9sistant \u00e0 la chaleur"},{"@type":"WebPage","@id":"https:\/\/www.albyco.com\/fr\/produit\/les-couvertures-transparentes-resistant-a-la-chaleur\/#webpage","url":"https:\/\/www.albyco.com\/fr\/produit\/les-couvertures-transparentes-resistant-a-la-chaleur\/","name":"Les couvertures transparentes r\u00e9sistant \u00e0 la chaleur - Albyco","isPartOf":{"@id":"https:\/\/www.albyco.com\/#website"},"primaryImageOfPage":{"@id":"https:\/\/www.albyco.com\/fr\/produit\/les-couvertures-transparentes-resistant-a-la-chaleur\/#primaryimage"},"datePublished":"2017-07-10T13:14:05+00:00","dateModified":"2018-02-23T15:24:43+00:00","description":"Les couvertures transparentes,\u00a0brillant, PET, r\u00e9sistant \u00e0 la chaleur, id\u00e9al pour les syst\u00e8mes de reliure Powis.","breadcrumb":{"@id":"https:\/\/www.albyco.com\/fr\/produit\/les-couvertures-transparentes-resistant-a-la-chaleur\/#breadcrumb"},"inLanguage":"fr-FR","potentialAction":[{"@type":"ReadAction","target":["https:\/\/www.albyco.com\/fr\/produit\/les-couvertures-transparentes-resistant-a-la-chaleur\/"]}]},{"@type":"BreadcrumbList","@id":"https:\/\/www.albyco.com\/fr\/produit\/les-couvertures-transparentes-resistant-a-la-chaleur\/#breadcrumb","itemListElement":[{"@type":"ListItem","position":1,"name":"Home","item":"https:\/\/www.albyco.com\/fr\/"},{"@type":"ListItem","position":2,"name":"Les produits","item":"https:\/\/www.albyco.com\/fr\/producten\/"},{"@type":"ListItem","position":3,"name":"Les couvertures transparentes r\u00e9sistant \u00e0 la chaleur"}]}]}},"_links":{"self":[{"href":"https:\/\/www.albyco.com\/fr\/wp-json\/wp\/v2\/product\/10056"}],"collection":[{"href":"https:\/\/www.albyco.com\/fr\/wp-json\/wp\/v2\/product"}],"about":[{"href":"https:\/\/www.albyco.com\/fr\/wp-json\/wp\/v2\/types\/product"}],"replies":[{"embeddable":true,"href":"https:\/\/www.albyco.com\/fr\/wp-json\/wp\/v2\/comments?post=10056"}],"wp:featuredmedia":[{"embeddable":true,"href":"https:\/\/www.albyco.com\/fr\/wp-json\/wp\/v2\/media\/7605"}],"wp:attachment":[{"href":"https:\/\/www.albyco.com\/fr\/wp-json\/wp\/v2\/media?parent=10056"}],"wp:term":[{"taxonomy":"product_cat","embeddable":true,"href":"https:\/\/www.albyco.com\/fr\/wp-json\/wp\/v2\/product_cat?post=10056"},{"taxonomy":"product_tag","embeddable":true,"href":"https:\/\/www.albyco.com\/fr\/wp-json\/wp\/v2\/product_tag?post=10056"}],"curies":[{"name":"wp","href":"https:\/\/api.w.org\/{rel}","templated":true}]}}