{"id":10036,"date":"2017-07-07T15:43:29","date_gmt":"2017-07-07T13:43:29","guid":{"rendered":"https:\/\/www.albyco.com\/product\/cyklos-ksl-320-raineuse-manuellement\/"},"modified":"2021-06-24T15:29:31","modified_gmt":"2021-06-24T13:29:31","slug":"cyklos-ksl-320-raineuse-manuellement","status":"publish","type":"product","link":"https:\/\/www.albyco.com\/fr\/produit\/cyklos-ksl-320-raineuse-manuellement\/","title":{"rendered":"Cyklos KSL-320, raineuse manuellement"},"content":{"rendered":"<table style=\"width: 100%; border-collapse: collapse;\" border=\"0\">\r\n<tbody>\r\n<tr>\r\n<td style=\"width: 50%;\">\r\n<p class=\"p1\">La <strong>Cyklos KSL 320<\/strong>, raineuse con\u00e7ue pour le traitement final des documents graphiques au format SRA3. Permet un pliage facile des cartes de mariage, invitations, menus, rapports annuels, documents promotionnels, etc. Positionnement des documents rapide et ais\u00e9 gr\u00e2ce \u00e0 2 guides mobiles qui se soul\u00e8vent automatiquement pour permettre le passage du papier. Barre ergonomique. Construction m\u00e9tallique. Positionnement des documents rapide et ais\u00e9 gr\u00e2ce \u00e0 2 guides mobiles qui se soul\u00e8vent automatiquement pour permettre le passage du papier.<span class=\"Apple-converted-space\">\r\n<\/span><\/p>\r\n<p class=\"p1\"><\/p>\r\n<\/td>\r\n<td style=\"width: 50%;\"><div class=\"epyt-video-wrapper\"><iframe  id=\"_ytid_32284\"  width=\"800\" height=\"450\"  data-origwidth=\"800\" data-origheight=\"450\"  data-relstop=\"1\" src=\"https:\/\/www.youtube.com\/embed\/msdAHLxz8Wc?enablejsapi=1&autoplay=0&cc_load_policy=0&iv_load_policy=1&loop=0&modestbranding=0&fs=1&playsinline=1&controls=1&color=red&cc_lang_pref=&rel=0&autohide=2&theme=dark&\" class=\"__youtube_prefs__  no-lazyload\" title=\"YouTube player\"  allow=\"accelerometer; autoplay; clipboard-write; encrypted-media; gyroscope; picture-in-picture\" allowfullscreen data-no-lazy=\"1\" data-skipgform_ajax_framebjll=\"\"><\/iframe><\/div><\/td>\r\n<\/tr>\r\n<\/tbody>\r\n<\/table>\r\n<p class=\"p1\">Largueur de travail : 320 mm\r\nDimensions : L = 525 mm, w = 375 mm, h = 120 mm\r\nPoids du papier maximum : 400 gr\/m\u00b2\r\nTaille papier : max. SRA 3\r\nTaille de l&#8217;emballage : L = 550 mm, w = 440 mm, h = 160 mm\r\nLargeur du pli : 1,0\/1,5 mm\r\nPoids : net 8 kg; brut 9,5 kg<\/p>\r\n&nbsp;\r\n\r\n<a href=\"https:\/\/www.albyco.com\/fr\/contactez-nous\/\"><img loading=\"lazy\" class=\"size-full wp-image-11223 alignleft\" src=\"https:\/\/www.albyco.com\/wp-content\/uploads\/2018\/02\/CTA-Albyco-fr-2.jpg\" alt=\"\" width=\"225\" height=\"141\" srcset=\"https:\/\/www.albyco.com\/wp-content\/uploads\/2018\/02\/CTA-Albyco-fr-2.jpg 225w, https:\/\/www.albyco.com\/wp-content\/uploads\/2018\/02\/CTA-Albyco-fr-2-100x63.jpg 100w, https:\/\/www.albyco.com\/wp-content\/uploads\/2018\/02\/CTA-Albyco-fr-2-24x15.jpg 24w, https:\/\/www.albyco.com\/wp-content\/uploads\/2018\/02\/CTA-Albyco-fr-2-36x23.jpg 36w, https:\/\/www.albyco.com\/wp-content\/uploads\/2018\/02\/CTA-Albyco-fr-2-48x30.jpg 48w\" sizes=\"(max-width: 225px) 100vw, 225px\" \/><\/a>","protected":false},"excerpt":{"rendered":"<p>La <strong>Cyklos KSL 320<\/strong>, raineuse con\u00e7ue pour le traitement final des documents graphiques au format SRA3.<\/p>\n","protected":false},"featured_media":7782,"comment_status":"open","ping_status":"closed","template":"","meta":[],"product_cat":[2300,2301,2333],"product_tag":[2334,2335,2336,2337,2338,2339,2830],"yoast_head":"<!-- This site is optimized with the Yoast SEO plugin v18.6 - https:\/\/yoast.com\/wordpress\/plugins\/seo\/ -->\n<title>Cyklos KSL-320, raineuse manuellement - Albyco<\/title>\n<meta name=\"description\" content=\"La Cyklos KSL 320, raineuse con\u00e7ue pour le traitement final des documents graphiques au format SRA3.\" \/>\n<meta name=\"robots\" content=\"index, follow, max-snippet:-1, max-image-preview:large, max-video-preview:-1\" \/>\n<link rel=\"canonical\" href=\"https:\/\/www.albyco.com\/fr\/produit\/cyklos-ksl-320-raineuse-manuellement\/\" \/>\n<meta property=\"og:locale\" content=\"fr_FR\" \/>\n<meta property=\"og:type\" content=\"article\" \/>\n<meta property=\"og:title\" content=\"Cyklos KSL-320, raineuse manuellement - Albyco\" \/>\n<meta property=\"og:description\" content=\"La Cyklos KSL 320, raineuse con\u00e7ue pour le traitement final des documents graphiques au format SRA3.\" \/>\n<meta property=\"og:url\" content=\"https:\/\/www.albyco.com\/fr\/produit\/cyklos-ksl-320-raineuse-manuellement\/\" \/>\n<meta property=\"og:site_name\" content=\"Albyco\" \/>\n<meta property=\"article:modified_time\" content=\"2021-06-24T13:29:31+00:00\" \/>\n<meta property=\"og:image\" content=\"https:\/\/www.albyco.com\/wp-content\/uploads\/2017\/06\/cyklos-cyklos-ksl-320_RILKSL320.jpg\" \/>\n\t<meta property=\"og:image:width\" content=\"1024\" \/>\n\t<meta property=\"og:image:height\" content=\"972\" \/>\n\t<meta property=\"og:image:type\" content=\"image\/jpeg\" \/>\n<meta name=\"twitter:card\" content=\"summary\" \/>\n<meta name=\"twitter:site\" content=\"@AlbycoNederland\" \/>\n<meta name=\"twitter:label1\" content=\"Dur\u00e9e de lecture estim\u00e9e\" \/>\n\t<meta name=\"twitter:data1\" content=\"1 minute\" \/>\n<script type=\"application\/ld+json\" class=\"yoast-schema-graph\">{\"@context\":\"https:\/\/schema.org\",\"@graph\":[{\"@type\":\"Organization\",\"@id\":\"https:\/\/www.albyco.com\/#organization\",\"name\":\"Albyco Nederland B.V.\",\"url\":\"https:\/\/www.albyco.com\/\",\"sameAs\":[\"https:\/\/www.linkedin.com\/company\/18015670\/\",\"https:\/\/www.youtube.com\/user\/AlbycoNederland\",\"https:\/\/nl.pinterest.com\/albyco\",\"https:\/\/twitter.com\/AlbycoNederland\"],\"logo\":{\"@type\":\"ImageObject\",\"@id\":\"https:\/\/www.albyco.com\/#logo\",\"inLanguage\":\"fr-FR\",\"url\":\"https:\/\/www.albyco.com\/wp-content\/uploads\/2017\/07\/albyco_logo_hd.png\",\"contentUrl\":\"https:\/\/www.albyco.com\/wp-content\/uploads\/2017\/07\/albyco_logo_hd.png\",\"width\":300,\"height\":300,\"caption\":\"Albyco Nederland B.V.\"},\"image\":{\"@id\":\"https:\/\/www.albyco.com\/#logo\"}},{\"@type\":\"WebSite\",\"@id\":\"https:\/\/www.albyco.com\/#website\",\"url\":\"https:\/\/www.albyco.com\/\",\"name\":\"Albyco\",\"description\":\"Leverancier voor nabewerking van geprinte media\",\"publisher\":{\"@id\":\"https:\/\/www.albyco.com\/#organization\"},\"potentialAction\":[{\"@type\":\"SearchAction\",\"target\":{\"@type\":\"EntryPoint\",\"urlTemplate\":\"https:\/\/www.albyco.com\/?s={search_term_string}\"},\"query-input\":\"required name=search_term_string\"}],\"inLanguage\":\"fr-FR\"},{\"@type\":\"ImageObject\",\"@id\":\"https:\/\/www.albyco.com\/fr\/produit\/cyklos-ksl-320-raineuse-manuellement\/#primaryimage\",\"inLanguage\":\"fr-FR\",\"url\":\"https:\/\/www.albyco.com\/wp-content\/uploads\/2017\/06\/cyklos-cyklos-ksl-320_RILKSL320.jpg\",\"contentUrl\":\"https:\/\/www.albyco.com\/wp-content\/uploads\/2017\/06\/cyklos-cyklos-ksl-320_RILKSL320.jpg\",\"width\":1024,\"height\":972,\"caption\":\"Cyklos KSL-320, raineuse manuellement\"},{\"@type\":\"WebPage\",\"@id\":\"https:\/\/www.albyco.com\/fr\/produit\/cyklos-ksl-320-raineuse-manuellement\/#webpage\",\"url\":\"https:\/\/www.albyco.com\/fr\/produit\/cyklos-ksl-320-raineuse-manuellement\/\",\"name\":\"Cyklos KSL-320, raineuse manuellement - Albyco\",\"isPartOf\":{\"@id\":\"https:\/\/www.albyco.com\/#website\"},\"primaryImageOfPage\":{\"@id\":\"https:\/\/www.albyco.com\/fr\/produit\/cyklos-ksl-320-raineuse-manuellement\/#primaryimage\"},\"datePublished\":\"2017-07-07T13:43:29+00:00\",\"dateModified\":\"2021-06-24T13:29:31+00:00\",\"description\":\"La Cyklos KSL 320, raineuse con\u00e7ue pour le traitement final des documents graphiques au format SRA3.\",\"breadcrumb\":{\"@id\":\"https:\/\/www.albyco.com\/fr\/produit\/cyklos-ksl-320-raineuse-manuellement\/#breadcrumb\"},\"inLanguage\":\"fr-FR\",\"potentialAction\":[{\"@type\":\"ReadAction\",\"target\":[\"https:\/\/www.albyco.com\/fr\/produit\/cyklos-ksl-320-raineuse-manuellement\/\"]}]},{\"@type\":\"BreadcrumbList\",\"@id\":\"https:\/\/www.albyco.com\/fr\/produit\/cyklos-ksl-320-raineuse-manuellement\/#breadcrumb\",\"itemListElement\":[{\"@type\":\"ListItem\",\"position\":1,\"name\":\"Home\",\"item\":\"https:\/\/www.albyco.com\/fr\/\"},{\"@type\":\"ListItem\",\"position\":2,\"name\":\"Les produits\",\"item\":\"https:\/\/www.albyco.com\/fr\/producten\/\"},{\"@type\":\"ListItem\",\"position\":3,\"name\":\"Cyklos KSL-320, raineuse manuellement\"}]}]}<\/script>\n<!-- \/ Yoast SEO plugin. -->","yoast_head_json":{"title":"Cyklos KSL-320, raineuse manuellement - Albyco","description":"La Cyklos KSL 320, raineuse con\u00e7ue pour le traitement final des documents graphiques au format SRA3.","robots":{"index":"index","follow":"follow","max-snippet":"max-snippet:-1","max-image-preview":"max-image-preview:large","max-video-preview":"max-video-preview:-1"},"canonical":"https:\/\/www.albyco.com\/fr\/produit\/cyklos-ksl-320-raineuse-manuellement\/","og_locale":"fr_FR","og_type":"article","og_title":"Cyklos KSL-320, raineuse manuellement - Albyco","og_description":"La Cyklos KSL 320, raineuse con\u00e7ue pour le traitement final des documents graphiques au format SRA3.","og_url":"https:\/\/www.albyco.com\/fr\/produit\/cyklos-ksl-320-raineuse-manuellement\/","og_site_name":"Albyco","article_modified_time":"2021-06-24T13:29:31+00:00","og_image":[{"width":1024,"height":972,"url":"https:\/\/www.albyco.com\/wp-content\/uploads\/2017\/06\/cyklos-cyklos-ksl-320_RILKSL320.jpg","type":"image\/jpeg"}],"twitter_card":"summary","twitter_site":"@AlbycoNederland","twitter_misc":{"Dur\u00e9e de lecture estim\u00e9e":"1 minute"},"schema":{"@context":"https:\/\/schema.org","@graph":[{"@type":"Organization","@id":"https:\/\/www.albyco.com\/#organization","name":"Albyco Nederland B.V.","url":"https:\/\/www.albyco.com\/","sameAs":["https:\/\/www.linkedin.com\/company\/18015670\/","https:\/\/www.youtube.com\/user\/AlbycoNederland","https:\/\/nl.pinterest.com\/albyco","https:\/\/twitter.com\/AlbycoNederland"],"logo":{"@type":"ImageObject","@id":"https:\/\/www.albyco.com\/#logo","inLanguage":"fr-FR","url":"https:\/\/www.albyco.com\/wp-content\/uploads\/2017\/07\/albyco_logo_hd.png","contentUrl":"https:\/\/www.albyco.com\/wp-content\/uploads\/2017\/07\/albyco_logo_hd.png","width":300,"height":300,"caption":"Albyco Nederland B.V."},"image":{"@id":"https:\/\/www.albyco.com\/#logo"}},{"@type":"WebSite","@id":"https:\/\/www.albyco.com\/#website","url":"https:\/\/www.albyco.com\/","name":"Albyco","description":"Leverancier voor nabewerking van geprinte media","publisher":{"@id":"https:\/\/www.albyco.com\/#organization"},"potentialAction":[{"@type":"SearchAction","target":{"@type":"EntryPoint","urlTemplate":"https:\/\/www.albyco.com\/?s={search_term_string}"},"query-input":"required name=search_term_string"}],"inLanguage":"fr-FR"},{"@type":"ImageObject","@id":"https:\/\/www.albyco.com\/fr\/produit\/cyklos-ksl-320-raineuse-manuellement\/#primaryimage","inLanguage":"fr-FR","url":"https:\/\/www.albyco.com\/wp-content\/uploads\/2017\/06\/cyklos-cyklos-ksl-320_RILKSL320.jpg","contentUrl":"https:\/\/www.albyco.com\/wp-content\/uploads\/2017\/06\/cyklos-cyklos-ksl-320_RILKSL320.jpg","width":1024,"height":972,"caption":"Cyklos KSL-320, raineuse manuellement"},{"@type":"WebPage","@id":"https:\/\/www.albyco.com\/fr\/produit\/cyklos-ksl-320-raineuse-manuellement\/#webpage","url":"https:\/\/www.albyco.com\/fr\/produit\/cyklos-ksl-320-raineuse-manuellement\/","name":"Cyklos KSL-320, raineuse manuellement - Albyco","isPartOf":{"@id":"https:\/\/www.albyco.com\/#website"},"primaryImageOfPage":{"@id":"https:\/\/www.albyco.com\/fr\/produit\/cyklos-ksl-320-raineuse-manuellement\/#primaryimage"},"datePublished":"2017-07-07T13:43:29+00:00","dateModified":"2021-06-24T13:29:31+00:00","description":"La Cyklos KSL 320, raineuse con\u00e7ue pour le traitement final des documents graphiques au format SRA3.","breadcrumb":{"@id":"https:\/\/www.albyco.com\/fr\/produit\/cyklos-ksl-320-raineuse-manuellement\/#breadcrumb"},"inLanguage":"fr-FR","potentialAction":[{"@type":"ReadAction","target":["https:\/\/www.albyco.com\/fr\/produit\/cyklos-ksl-320-raineuse-manuellement\/"]}]},{"@type":"BreadcrumbList","@id":"https:\/\/www.albyco.com\/fr\/produit\/cyklos-ksl-320-raineuse-manuellement\/#breadcrumb","itemListElement":[{"@type":"ListItem","position":1,"name":"Home","item":"https:\/\/www.albyco.com\/fr\/"},{"@type":"ListItem","position":2,"name":"Les produits","item":"https:\/\/www.albyco.com\/fr\/producten\/"},{"@type":"ListItem","position":3,"name":"Cyklos KSL-320, raineuse manuellement"}]}]}},"_links":{"self":[{"href":"https:\/\/www.albyco.com\/fr\/wp-json\/wp\/v2\/product\/10036"}],"collection":[{"href":"https:\/\/www.albyco.com\/fr\/wp-json\/wp\/v2\/product"}],"about":[{"href":"https:\/\/www.albyco.com\/fr\/wp-json\/wp\/v2\/types\/product"}],"replies":[{"embeddable":true,"href":"https:\/\/www.albyco.com\/fr\/wp-json\/wp\/v2\/comments?post=10036"}],"wp:featuredmedia":[{"embeddable":true,"href":"https:\/\/www.albyco.com\/fr\/wp-json\/wp\/v2\/media\/7782"}],"wp:attachment":[{"href":"https:\/\/www.albyco.com\/fr\/wp-json\/wp\/v2\/media?parent=10036"}],"wp:term":[{"taxonomy":"product_cat","embeddable":true,"href":"https:\/\/www.albyco.com\/fr\/wp-json\/wp\/v2\/product_cat?post=10036"},{"taxonomy":"product_tag","embeddable":true,"href":"https:\/\/www.albyco.com\/fr\/wp-json\/wp\/v2\/product_tag?post=10036"}],"curies":[{"name":"wp","href":"https:\/\/api.w.org\/{rel}","templated":true}]}}