{"id":10035,"date":"2017-07-07T15:15:17","date_gmt":"2017-07-07T13:15:17","guid":{"rendered":"https:\/\/www.albyco.com\/product\/cyklos-gpm-315-b-machine-de-rainage\/"},"modified":"2021-06-28T09:37:36","modified_gmt":"2021-06-28T07:37:36","slug":"cyklos-gpm-315-b-machine-de-rainage","status":"publish","type":"product","link":"https:\/\/www.albyco.com\/fr\/produit\/cyklos-gpm-315-b-machine-de-rainage\/","title":{"rendered":"Cyklos GPM 315 B machine de rainage et perforation"},"content":{"rendered":"<table style=\"width: 100%; border-collapse: collapse;\" border=\"0\">\r\n<tbody>\r\n<tr>\r\n<td style=\"width: 50%;\">La machine de rainage GPM 315B est une machine simple de rainage et qui permet de micro-perforer sur une longueur de 315 mm pour des documents carton et plastifi\u00e9s. Solide construction m\u00e9tallique, adapt\u00e9e aux march\u00e9s des petites et moyennes entreprises. Deux largeurs de rainage, deux vis pour un r\u00e9glage pr\u00e9cis. Epaisseur optimale de carton<span class=\"Apple-converted-space\">\u00a0 <\/span>400 g\/m\u00b2. Peut aussi \u00eatre utilis\u00e9e comme une perforeuse, perforation \u00e0 fente.<\/td>\r\n<td style=\"width: 50%;\"><div class=\"epyt-video-wrapper\"><iframe  id=\"_ytid_85475\"  width=\"800\" height=\"450\"  data-origwidth=\"800\" data-origheight=\"450\"  data-relstop=\"1\" src=\"https:\/\/www.youtube.com\/embed\/msdAHLxz8Wc?enablejsapi=1&autoplay=0&cc_load_policy=0&iv_load_policy=1&loop=0&modestbranding=0&fs=1&playsinline=1&controls=1&color=red&cc_lang_pref=&rel=0&autohide=2&theme=dark&\" class=\"__youtube_prefs__  no-lazyload\" title=\"YouTube player\"  allow=\"accelerometer; autoplay; clipboard-write; encrypted-media; gyroscope; picture-in-picture\" allowfullscreen data-no-lazy=\"1\" data-skipgform_ajax_framebjll=\"\"><\/iframe><\/div><\/td>\r\n<\/tr>\r\n<\/tbody>\r\n<\/table>\r\n<a href=\"https:\/\/www.albyco.com\/fr\/contactez-nous\/\"><img loading=\"lazy\" class=\"size-full wp-image-11223 alignleft\" src=\"https:\/\/www.albyco.com\/wp-content\/uploads\/2018\/02\/CTA-Albyco-fr-2.jpg\" alt=\"\" width=\"225\" height=\"141\" srcset=\"https:\/\/www.albyco.com\/wp-content\/uploads\/2018\/02\/CTA-Albyco-fr-2.jpg 225w, https:\/\/www.albyco.com\/wp-content\/uploads\/2018\/02\/CTA-Albyco-fr-2-100x63.jpg 100w, https:\/\/www.albyco.com\/wp-content\/uploads\/2018\/02\/CTA-Albyco-fr-2-24x15.jpg 24w, https:\/\/www.albyco.com\/wp-content\/uploads\/2018\/02\/CTA-Albyco-fr-2-36x23.jpg 36w, https:\/\/www.albyco.com\/wp-content\/uploads\/2018\/02\/CTA-Albyco-fr-2-48x30.jpg 48w\" sizes=\"(max-width: 225px) 100vw, 225px\" \/><\/a>","protected":false},"excerpt":{"rendered":"<p>La machine de rainage GPM 315B est une machine simple de rainage et qui permet de micro-perforer sur une longueur de 315 mm pour des documents carton et plastifi\u00e9s.<\/p>\n","protected":false},"featured_media":7799,"comment_status":"open","ping_status":"closed","template":"","meta":[],"product_cat":[2300,2301,2333],"product_tag":[2334,2335,2336,2337,2338,2339,2830],"yoast_head":"<!-- This site is optimized with the Yoast SEO plugin v18.6 - https:\/\/yoast.com\/wordpress\/plugins\/seo\/ -->\n<title>Cyklos GPM 315 B machine de rainage et perforation<\/title>\n<meta name=\"description\" content=\"La machine de rainage GPM 315B est une machine simple de rainage et qui permet de micro-perforer sur une longueur de 315 mm pour des documents carton et plastifi\u00e9s.\" \/>\n<meta name=\"robots\" content=\"index, follow, max-snippet:-1, max-image-preview:large, max-video-preview:-1\" \/>\n<link rel=\"canonical\" href=\"https:\/\/www.albyco.com\/fr\/produit\/cyklos-gpm-315-b-machine-de-rainage\/\" \/>\n<meta property=\"og:locale\" content=\"fr_FR\" \/>\n<meta property=\"og:type\" content=\"article\" \/>\n<meta property=\"og:title\" content=\"Cyklos GPM 315 B machine de rainage et perforation\" \/>\n<meta property=\"og:description\" content=\"La machine de rainage GPM 315B est une machine simple de rainage et qui permet de micro-perforer sur une longueur de 315 mm pour des documents carton et plastifi\u00e9s.\" \/>\n<meta property=\"og:url\" content=\"https:\/\/www.albyco.com\/fr\/produit\/cyklos-gpm-315-b-machine-de-rainage\/\" \/>\n<meta property=\"og:site_name\" content=\"Albyco\" \/>\n<meta property=\"article:modified_time\" content=\"2021-06-28T07:37:36+00:00\" \/>\n<meta property=\"og:image\" content=\"https:\/\/www.albyco.com\/wp-content\/uploads\/2017\/06\/cyklos-cyklos-gpm-315-b_RILGPM315.jpg\" \/>\n\t<meta property=\"og:image:width\" content=\"500\" \/>\n\t<meta property=\"og:image:height\" content=\"374\" \/>\n\t<meta property=\"og:image:type\" content=\"image\/jpeg\" \/>\n<meta name=\"twitter:card\" content=\"summary\" \/>\n<meta name=\"twitter:site\" content=\"@AlbycoNederland\" \/>\n<script type=\"application\/ld+json\" class=\"yoast-schema-graph\">{\"@context\":\"https:\/\/schema.org\",\"@graph\":[{\"@type\":\"Organization\",\"@id\":\"https:\/\/www.albyco.com\/#organization\",\"name\":\"Albyco Nederland B.V.\",\"url\":\"https:\/\/www.albyco.com\/\",\"sameAs\":[\"https:\/\/www.linkedin.com\/company\/18015670\/\",\"https:\/\/www.youtube.com\/user\/AlbycoNederland\",\"https:\/\/nl.pinterest.com\/albyco\",\"https:\/\/twitter.com\/AlbycoNederland\"],\"logo\":{\"@type\":\"ImageObject\",\"@id\":\"https:\/\/www.albyco.com\/#logo\",\"inLanguage\":\"fr-FR\",\"url\":\"https:\/\/www.albyco.com\/wp-content\/uploads\/2017\/07\/albyco_logo_hd.png\",\"contentUrl\":\"https:\/\/www.albyco.com\/wp-content\/uploads\/2017\/07\/albyco_logo_hd.png\",\"width\":300,\"height\":300,\"caption\":\"Albyco Nederland B.V.\"},\"image\":{\"@id\":\"https:\/\/www.albyco.com\/#logo\"}},{\"@type\":\"WebSite\",\"@id\":\"https:\/\/www.albyco.com\/#website\",\"url\":\"https:\/\/www.albyco.com\/\",\"name\":\"Albyco\",\"description\":\"Leverancier voor nabewerking van geprinte media\",\"publisher\":{\"@id\":\"https:\/\/www.albyco.com\/#organization\"},\"potentialAction\":[{\"@type\":\"SearchAction\",\"target\":{\"@type\":\"EntryPoint\",\"urlTemplate\":\"https:\/\/www.albyco.com\/?s={search_term_string}\"},\"query-input\":\"required name=search_term_string\"}],\"inLanguage\":\"fr-FR\"},{\"@type\":\"ImageObject\",\"@id\":\"https:\/\/www.albyco.com\/fr\/produit\/cyklos-gpm-315-b-machine-de-rainage\/#primaryimage\",\"inLanguage\":\"fr-FR\",\"url\":\"https:\/\/www.albyco.com\/wp-content\/uploads\/2017\/06\/cyklos-cyklos-gpm-315-b_RILGPM315.jpg\",\"contentUrl\":\"https:\/\/www.albyco.com\/wp-content\/uploads\/2017\/06\/cyklos-cyklos-gpm-315-b_RILGPM315.jpg\",\"width\":500,\"height\":374,\"caption\":\"Cyklos GPM 315 B machine de rainage et perforation\"},{\"@type\":\"WebPage\",\"@id\":\"https:\/\/www.albyco.com\/fr\/produit\/cyklos-gpm-315-b-machine-de-rainage\/#webpage\",\"url\":\"https:\/\/www.albyco.com\/fr\/produit\/cyklos-gpm-315-b-machine-de-rainage\/\",\"name\":\"Cyklos GPM 315 B machine de rainage et perforation\",\"isPartOf\":{\"@id\":\"https:\/\/www.albyco.com\/#website\"},\"primaryImageOfPage\":{\"@id\":\"https:\/\/www.albyco.com\/fr\/produit\/cyklos-gpm-315-b-machine-de-rainage\/#primaryimage\"},\"datePublished\":\"2017-07-07T13:15:17+00:00\",\"dateModified\":\"2021-06-28T07:37:36+00:00\",\"description\":\"La machine de rainage GPM 315B est une machine simple de rainage et qui permet de micro-perforer sur une longueur de 315 mm pour des documents carton et plastifi\u00e9s.\",\"breadcrumb\":{\"@id\":\"https:\/\/www.albyco.com\/fr\/produit\/cyklos-gpm-315-b-machine-de-rainage\/#breadcrumb\"},\"inLanguage\":\"fr-FR\",\"potentialAction\":[{\"@type\":\"ReadAction\",\"target\":[\"https:\/\/www.albyco.com\/fr\/produit\/cyklos-gpm-315-b-machine-de-rainage\/\"]}]},{\"@type\":\"BreadcrumbList\",\"@id\":\"https:\/\/www.albyco.com\/fr\/produit\/cyklos-gpm-315-b-machine-de-rainage\/#breadcrumb\",\"itemListElement\":[{\"@type\":\"ListItem\",\"position\":1,\"name\":\"Home\",\"item\":\"https:\/\/www.albyco.com\/fr\/\"},{\"@type\":\"ListItem\",\"position\":2,\"name\":\"Les produits\",\"item\":\"https:\/\/www.albyco.com\/fr\/producten\/\"},{\"@type\":\"ListItem\",\"position\":3,\"name\":\"Cyklos GPM 315 B machine de rainage et perforation\"}]}]}<\/script>\n<!-- \/ Yoast SEO plugin. -->","yoast_head_json":{"title":"Cyklos GPM 315 B machine de rainage et perforation","description":"La machine de rainage GPM 315B est une machine simple de rainage et qui permet de micro-perforer sur une longueur de 315 mm pour des documents carton et plastifi\u00e9s.","robots":{"index":"index","follow":"follow","max-snippet":"max-snippet:-1","max-image-preview":"max-image-preview:large","max-video-preview":"max-video-preview:-1"},"canonical":"https:\/\/www.albyco.com\/fr\/produit\/cyklos-gpm-315-b-machine-de-rainage\/","og_locale":"fr_FR","og_type":"article","og_title":"Cyklos GPM 315 B machine de rainage et perforation","og_description":"La machine de rainage GPM 315B est une machine simple de rainage et qui permet de micro-perforer sur une longueur de 315 mm pour des documents carton et plastifi\u00e9s.","og_url":"https:\/\/www.albyco.com\/fr\/produit\/cyklos-gpm-315-b-machine-de-rainage\/","og_site_name":"Albyco","article_modified_time":"2021-06-28T07:37:36+00:00","og_image":[{"width":500,"height":374,"url":"https:\/\/www.albyco.com\/wp-content\/uploads\/2017\/06\/cyklos-cyklos-gpm-315-b_RILGPM315.jpg","type":"image\/jpeg"}],"twitter_card":"summary","twitter_site":"@AlbycoNederland","schema":{"@context":"https:\/\/schema.org","@graph":[{"@type":"Organization","@id":"https:\/\/www.albyco.com\/#organization","name":"Albyco Nederland B.V.","url":"https:\/\/www.albyco.com\/","sameAs":["https:\/\/www.linkedin.com\/company\/18015670\/","https:\/\/www.youtube.com\/user\/AlbycoNederland","https:\/\/nl.pinterest.com\/albyco","https:\/\/twitter.com\/AlbycoNederland"],"logo":{"@type":"ImageObject","@id":"https:\/\/www.albyco.com\/#logo","inLanguage":"fr-FR","url":"https:\/\/www.albyco.com\/wp-content\/uploads\/2017\/07\/albyco_logo_hd.png","contentUrl":"https:\/\/www.albyco.com\/wp-content\/uploads\/2017\/07\/albyco_logo_hd.png","width":300,"height":300,"caption":"Albyco Nederland B.V."},"image":{"@id":"https:\/\/www.albyco.com\/#logo"}},{"@type":"WebSite","@id":"https:\/\/www.albyco.com\/#website","url":"https:\/\/www.albyco.com\/","name":"Albyco","description":"Leverancier voor nabewerking van geprinte media","publisher":{"@id":"https:\/\/www.albyco.com\/#organization"},"potentialAction":[{"@type":"SearchAction","target":{"@type":"EntryPoint","urlTemplate":"https:\/\/www.albyco.com\/?s={search_term_string}"},"query-input":"required name=search_term_string"}],"inLanguage":"fr-FR"},{"@type":"ImageObject","@id":"https:\/\/www.albyco.com\/fr\/produit\/cyklos-gpm-315-b-machine-de-rainage\/#primaryimage","inLanguage":"fr-FR","url":"https:\/\/www.albyco.com\/wp-content\/uploads\/2017\/06\/cyklos-cyklos-gpm-315-b_RILGPM315.jpg","contentUrl":"https:\/\/www.albyco.com\/wp-content\/uploads\/2017\/06\/cyklos-cyklos-gpm-315-b_RILGPM315.jpg","width":500,"height":374,"caption":"Cyklos GPM 315 B machine de rainage et perforation"},{"@type":"WebPage","@id":"https:\/\/www.albyco.com\/fr\/produit\/cyklos-gpm-315-b-machine-de-rainage\/#webpage","url":"https:\/\/www.albyco.com\/fr\/produit\/cyklos-gpm-315-b-machine-de-rainage\/","name":"Cyklos GPM 315 B machine de rainage et perforation","isPartOf":{"@id":"https:\/\/www.albyco.com\/#website"},"primaryImageOfPage":{"@id":"https:\/\/www.albyco.com\/fr\/produit\/cyklos-gpm-315-b-machine-de-rainage\/#primaryimage"},"datePublished":"2017-07-07T13:15:17+00:00","dateModified":"2021-06-28T07:37:36+00:00","description":"La machine de rainage GPM 315B est une machine simple de rainage et qui permet de micro-perforer sur une longueur de 315 mm pour des documents carton et plastifi\u00e9s.","breadcrumb":{"@id":"https:\/\/www.albyco.com\/fr\/produit\/cyklos-gpm-315-b-machine-de-rainage\/#breadcrumb"},"inLanguage":"fr-FR","potentialAction":[{"@type":"ReadAction","target":["https:\/\/www.albyco.com\/fr\/produit\/cyklos-gpm-315-b-machine-de-rainage\/"]}]},{"@type":"BreadcrumbList","@id":"https:\/\/www.albyco.com\/fr\/produit\/cyklos-gpm-315-b-machine-de-rainage\/#breadcrumb","itemListElement":[{"@type":"ListItem","position":1,"name":"Home","item":"https:\/\/www.albyco.com\/fr\/"},{"@type":"ListItem","position":2,"name":"Les produits","item":"https:\/\/www.albyco.com\/fr\/producten\/"},{"@type":"ListItem","position":3,"name":"Cyklos GPM 315 B machine de rainage et perforation"}]}]}},"_links":{"self":[{"href":"https:\/\/www.albyco.com\/fr\/wp-json\/wp\/v2\/product\/10035"}],"collection":[{"href":"https:\/\/www.albyco.com\/fr\/wp-json\/wp\/v2\/product"}],"about":[{"href":"https:\/\/www.albyco.com\/fr\/wp-json\/wp\/v2\/types\/product"}],"replies":[{"embeddable":true,"href":"https:\/\/www.albyco.com\/fr\/wp-json\/wp\/v2\/comments?post=10035"}],"wp:featuredmedia":[{"embeddable":true,"href":"https:\/\/www.albyco.com\/fr\/wp-json\/wp\/v2\/media\/7799"}],"wp:attachment":[{"href":"https:\/\/www.albyco.com\/fr\/wp-json\/wp\/v2\/media?parent=10035"}],"wp:term":[{"taxonomy":"product_cat","embeddable":true,"href":"https:\/\/www.albyco.com\/fr\/wp-json\/wp\/v2\/product_cat?post=10035"},{"taxonomy":"product_tag","embeddable":true,"href":"https:\/\/www.albyco.com\/fr\/wp-json\/wp\/v2\/product_tag?post=10035"}],"curies":[{"name":"wp","href":"https:\/\/api.w.org\/{rel}","templated":true}]}}