{"id":10033,"date":"2017-07-07T15:37:15","date_gmt":"2017-07-07T13:37:15","guid":{"rendered":"https:\/\/www.albyco.com\/product\/adaptateur-de-papier-pour-classeurs\/"},"modified":"2022-01-14T14:25:10","modified_gmt":"2022-01-14T13:25:10","slug":"adaptateur-de-papier-pour-classeurs","status":"publish","type":"product","link":"https:\/\/www.albyco.com\/fr\/produit\/adaptateur-de-papier-pour-classeurs\/","title":{"rendered":"Adaptateur de papier pour classeurs"},"content":{"rendered":"<strong>Adaptateur de papier pour classeurs \/ Pince serre-feuilles<\/strong>\r\n\r\nPour utilisation en combinaison avec des classeurs \u00e0 anneaux.\r\n\r\nFormat 100 mm\r\nPar 100 pcs\r\n<p class=\"p1\">Les pince-serre feuilles<span class=\"Apple-converted-space\">\u00a0 <\/span>pour classeur \u00e0 anneaux 4D au format 100 mm. \u00a0Appelez-nous ou envoyez-nous un courriel pour plus d&#8217;informations. Les pince -serre feuilles<span class=\"Apple-converted-space\">\u00a0<\/span>sont utilis\u00e9s pour serrer de mani\u00e8re s\u00e9curis\u00e9e les feuilles de papier dans un classeur ou un dossier.<\/p>\r\n&nbsp;\r\n\r\n<a href=\"https:\/\/www.albyco.com\/fr\/contactez-nous\/\"><img loading=\"lazy\" class=\"size-full wp-image-11223 alignleft\" src=\"https:\/\/www.albyco.com\/wp-content\/uploads\/2018\/02\/CTA-Albyco-fr-2.jpg\" alt=\"\" width=\"225\" height=\"141\" srcset=\"https:\/\/www.albyco.com\/wp-content\/uploads\/2018\/02\/CTA-Albyco-fr-2.jpg 225w, https:\/\/www.albyco.com\/wp-content\/uploads\/2018\/02\/CTA-Albyco-fr-2-100x63.jpg 100w, https:\/\/www.albyco.com\/wp-content\/uploads\/2018\/02\/CTA-Albyco-fr-2-24x15.jpg 24w, https:\/\/www.albyco.com\/wp-content\/uploads\/2018\/02\/CTA-Albyco-fr-2-36x23.jpg 36w, https:\/\/www.albyco.com\/wp-content\/uploads\/2018\/02\/CTA-Albyco-fr-2-48x30.jpg 48w\" sizes=\"(max-width: 225px) 100vw, 225px\" \/><\/a>","protected":false},"excerpt":{"rendered":"<p><strong>Adaptateur de papier pour classeurs \/ Pince serre-feuilles<\/strong><\/p>\n<p>Pour utilisation en combinaison avec des classeurs \u00e0 anneaux.<\/p>\n<p>Format 100 mm<br \/>\nPar 100 pcs<\/p>\n","protected":false},"featured_media":7794,"comment_status":"open","ping_status":"closed","template":"","meta":[],"product_cat":[2808,2838],"product_tag":[2318,2995,2839],"yoast_head":"<!-- This site is optimized with the Yoast SEO plugin v18.6 - https:\/\/yoast.com\/wordpress\/plugins\/seo\/ -->\n<title>Adaptateur de papier pour classeurs - Albyco<\/title>\n<meta name=\"description\" content=\"Adaptateur de papier pour classeurs \/ Pince serre-feuilles  Pour utilisation en combinaison avec des classeurs \u00e0 anneaux.  Format 100 mm Par 100 pcs\" \/>\n<meta name=\"robots\" content=\"index, follow, max-snippet:-1, max-image-preview:large, max-video-preview:-1\" \/>\n<link rel=\"canonical\" href=\"https:\/\/www.albyco.com\/fr\/produit\/adaptateur-de-papier-pour-classeurs\/\" \/>\n<meta property=\"og:locale\" content=\"fr_FR\" \/>\n<meta property=\"og:type\" content=\"article\" \/>\n<meta property=\"og:title\" content=\"Adaptateur de papier pour classeurs - Albyco\" \/>\n<meta property=\"og:description\" content=\"Adaptateur de papier pour classeurs \/ Pince serre-feuilles  Pour utilisation en combinaison avec des classeurs \u00e0 anneaux.  Format 100 mm Par 100 pcs\" \/>\n<meta property=\"og:url\" content=\"https:\/\/www.albyco.com\/fr\/produit\/adaptateur-de-papier-pour-classeurs\/\" \/>\n<meta property=\"og:site_name\" content=\"Albyco\" \/>\n<meta property=\"article:modified_time\" content=\"2022-01-14T13:25:10+00:00\" \/>\n<meta property=\"og:image\" content=\"https:\/\/www.albyco.com\/wp-content\/uploads\/2017\/06\/albyco-albyco-papierklem-voor-ringbandmap_RBMPPKLEM2000.jpg\" \/>\n\t<meta property=\"og:image:width\" content=\"400\" \/>\n\t<meta property=\"og:image:height\" content=\"400\" \/>\n\t<meta property=\"og:image:type\" content=\"image\/jpeg\" \/>\n<meta name=\"twitter:card\" content=\"summary\" \/>\n<meta name=\"twitter:site\" content=\"@AlbycoNederland\" \/>\n<script type=\"application\/ld+json\" class=\"yoast-schema-graph\">{\"@context\":\"https:\/\/schema.org\",\"@graph\":[{\"@type\":\"Organization\",\"@id\":\"https:\/\/www.albyco.com\/#organization\",\"name\":\"Albyco Nederland B.V.\",\"url\":\"https:\/\/www.albyco.com\/\",\"sameAs\":[\"https:\/\/www.linkedin.com\/company\/18015670\/\",\"https:\/\/www.youtube.com\/user\/AlbycoNederland\",\"https:\/\/nl.pinterest.com\/albyco\",\"https:\/\/twitter.com\/AlbycoNederland\"],\"logo\":{\"@type\":\"ImageObject\",\"@id\":\"https:\/\/www.albyco.com\/#logo\",\"inLanguage\":\"fr-FR\",\"url\":\"https:\/\/www.albyco.com\/wp-content\/uploads\/2017\/07\/albyco_logo_hd.png\",\"contentUrl\":\"https:\/\/www.albyco.com\/wp-content\/uploads\/2017\/07\/albyco_logo_hd.png\",\"width\":300,\"height\":300,\"caption\":\"Albyco Nederland B.V.\"},\"image\":{\"@id\":\"https:\/\/www.albyco.com\/#logo\"}},{\"@type\":\"WebSite\",\"@id\":\"https:\/\/www.albyco.com\/#website\",\"url\":\"https:\/\/www.albyco.com\/\",\"name\":\"Albyco\",\"description\":\"Leverancier voor nabewerking van geprinte media\",\"publisher\":{\"@id\":\"https:\/\/www.albyco.com\/#organization\"},\"potentialAction\":[{\"@type\":\"SearchAction\",\"target\":{\"@type\":\"EntryPoint\",\"urlTemplate\":\"https:\/\/www.albyco.com\/?s={search_term_string}\"},\"query-input\":\"required name=search_term_string\"}],\"inLanguage\":\"fr-FR\"},{\"@type\":\"ImageObject\",\"@id\":\"https:\/\/www.albyco.com\/fr\/produit\/adaptateur-de-papier-pour-classeurs\/#primaryimage\",\"inLanguage\":\"fr-FR\",\"url\":\"https:\/\/www.albyco.com\/wp-content\/uploads\/2017\/06\/albyco-albyco-papierklem-voor-ringbandmap_RBMPPKLEM2000.jpg\",\"contentUrl\":\"https:\/\/www.albyco.com\/wp-content\/uploads\/2017\/06\/albyco-albyco-papierklem-voor-ringbandmap_RBMPPKLEM2000.jpg\",\"width\":400,\"height\":400,\"caption\":\"Adaptateur de papier pour classeurs\"},{\"@type\":\"WebPage\",\"@id\":\"https:\/\/www.albyco.com\/fr\/produit\/adaptateur-de-papier-pour-classeurs\/#webpage\",\"url\":\"https:\/\/www.albyco.com\/fr\/produit\/adaptateur-de-papier-pour-classeurs\/\",\"name\":\"Adaptateur de papier pour classeurs - Albyco\",\"isPartOf\":{\"@id\":\"https:\/\/www.albyco.com\/#website\"},\"primaryImageOfPage\":{\"@id\":\"https:\/\/www.albyco.com\/fr\/produit\/adaptateur-de-papier-pour-classeurs\/#primaryimage\"},\"datePublished\":\"2017-07-07T13:37:15+00:00\",\"dateModified\":\"2022-01-14T13:25:10+00:00\",\"description\":\"Adaptateur de papier pour classeurs \/ Pince serre-feuilles Pour utilisation en combinaison avec des classeurs \u00e0 anneaux. Format 100 mm Par 100 pcs\",\"breadcrumb\":{\"@id\":\"https:\/\/www.albyco.com\/fr\/produit\/adaptateur-de-papier-pour-classeurs\/#breadcrumb\"},\"inLanguage\":\"fr-FR\",\"potentialAction\":[{\"@type\":\"ReadAction\",\"target\":[\"https:\/\/www.albyco.com\/fr\/produit\/adaptateur-de-papier-pour-classeurs\/\"]}]},{\"@type\":\"BreadcrumbList\",\"@id\":\"https:\/\/www.albyco.com\/fr\/produit\/adaptateur-de-papier-pour-classeurs\/#breadcrumb\",\"itemListElement\":[{\"@type\":\"ListItem\",\"position\":1,\"name\":\"Home\",\"item\":\"https:\/\/www.albyco.com\/fr\/\"},{\"@type\":\"ListItem\",\"position\":2,\"name\":\"Les produits\",\"item\":\"https:\/\/www.albyco.com\/fr\/producten\/\"},{\"@type\":\"ListItem\",\"position\":3,\"name\":\"Adaptateur de papier pour classeurs\"}]}]}<\/script>\n<!-- \/ Yoast SEO plugin. -->","yoast_head_json":{"title":"Adaptateur de papier pour classeurs - Albyco","description":"Adaptateur de papier pour classeurs \/ Pince serre-feuilles  Pour utilisation en combinaison avec des classeurs \u00e0 anneaux.  Format 100 mm Par 100 pcs","robots":{"index":"index","follow":"follow","max-snippet":"max-snippet:-1","max-image-preview":"max-image-preview:large","max-video-preview":"max-video-preview:-1"},"canonical":"https:\/\/www.albyco.com\/fr\/produit\/adaptateur-de-papier-pour-classeurs\/","og_locale":"fr_FR","og_type":"article","og_title":"Adaptateur de papier pour classeurs - Albyco","og_description":"Adaptateur de papier pour classeurs \/ Pince serre-feuilles  Pour utilisation en combinaison avec des classeurs \u00e0 anneaux.  Format 100 mm Par 100 pcs","og_url":"https:\/\/www.albyco.com\/fr\/produit\/adaptateur-de-papier-pour-classeurs\/","og_site_name":"Albyco","article_modified_time":"2022-01-14T13:25:10+00:00","og_image":[{"width":400,"height":400,"url":"https:\/\/www.albyco.com\/wp-content\/uploads\/2017\/06\/albyco-albyco-papierklem-voor-ringbandmap_RBMPPKLEM2000.jpg","type":"image\/jpeg"}],"twitter_card":"summary","twitter_site":"@AlbycoNederland","schema":{"@context":"https:\/\/schema.org","@graph":[{"@type":"Organization","@id":"https:\/\/www.albyco.com\/#organization","name":"Albyco Nederland B.V.","url":"https:\/\/www.albyco.com\/","sameAs":["https:\/\/www.linkedin.com\/company\/18015670\/","https:\/\/www.youtube.com\/user\/AlbycoNederland","https:\/\/nl.pinterest.com\/albyco","https:\/\/twitter.com\/AlbycoNederland"],"logo":{"@type":"ImageObject","@id":"https:\/\/www.albyco.com\/#logo","inLanguage":"fr-FR","url":"https:\/\/www.albyco.com\/wp-content\/uploads\/2017\/07\/albyco_logo_hd.png","contentUrl":"https:\/\/www.albyco.com\/wp-content\/uploads\/2017\/07\/albyco_logo_hd.png","width":300,"height":300,"caption":"Albyco Nederland B.V."},"image":{"@id":"https:\/\/www.albyco.com\/#logo"}},{"@type":"WebSite","@id":"https:\/\/www.albyco.com\/#website","url":"https:\/\/www.albyco.com\/","name":"Albyco","description":"Leverancier voor nabewerking van geprinte media","publisher":{"@id":"https:\/\/www.albyco.com\/#organization"},"potentialAction":[{"@type":"SearchAction","target":{"@type":"EntryPoint","urlTemplate":"https:\/\/www.albyco.com\/?s={search_term_string}"},"query-input":"required name=search_term_string"}],"inLanguage":"fr-FR"},{"@type":"ImageObject","@id":"https:\/\/www.albyco.com\/fr\/produit\/adaptateur-de-papier-pour-classeurs\/#primaryimage","inLanguage":"fr-FR","url":"https:\/\/www.albyco.com\/wp-content\/uploads\/2017\/06\/albyco-albyco-papierklem-voor-ringbandmap_RBMPPKLEM2000.jpg","contentUrl":"https:\/\/www.albyco.com\/wp-content\/uploads\/2017\/06\/albyco-albyco-papierklem-voor-ringbandmap_RBMPPKLEM2000.jpg","width":400,"height":400,"caption":"Adaptateur de papier pour classeurs"},{"@type":"WebPage","@id":"https:\/\/www.albyco.com\/fr\/produit\/adaptateur-de-papier-pour-classeurs\/#webpage","url":"https:\/\/www.albyco.com\/fr\/produit\/adaptateur-de-papier-pour-classeurs\/","name":"Adaptateur de papier pour classeurs - Albyco","isPartOf":{"@id":"https:\/\/www.albyco.com\/#website"},"primaryImageOfPage":{"@id":"https:\/\/www.albyco.com\/fr\/produit\/adaptateur-de-papier-pour-classeurs\/#primaryimage"},"datePublished":"2017-07-07T13:37:15+00:00","dateModified":"2022-01-14T13:25:10+00:00","description":"Adaptateur de papier pour classeurs \/ Pince serre-feuilles Pour utilisation en combinaison avec des classeurs \u00e0 anneaux. Format 100 mm Par 100 pcs","breadcrumb":{"@id":"https:\/\/www.albyco.com\/fr\/produit\/adaptateur-de-papier-pour-classeurs\/#breadcrumb"},"inLanguage":"fr-FR","potentialAction":[{"@type":"ReadAction","target":["https:\/\/www.albyco.com\/fr\/produit\/adaptateur-de-papier-pour-classeurs\/"]}]},{"@type":"BreadcrumbList","@id":"https:\/\/www.albyco.com\/fr\/produit\/adaptateur-de-papier-pour-classeurs\/#breadcrumb","itemListElement":[{"@type":"ListItem","position":1,"name":"Home","item":"https:\/\/www.albyco.com\/fr\/"},{"@type":"ListItem","position":2,"name":"Les produits","item":"https:\/\/www.albyco.com\/fr\/producten\/"},{"@type":"ListItem","position":3,"name":"Adaptateur de papier pour classeurs"}]}]}},"_links":{"self":[{"href":"https:\/\/www.albyco.com\/fr\/wp-json\/wp\/v2\/product\/10033"}],"collection":[{"href":"https:\/\/www.albyco.com\/fr\/wp-json\/wp\/v2\/product"}],"about":[{"href":"https:\/\/www.albyco.com\/fr\/wp-json\/wp\/v2\/types\/product"}],"replies":[{"embeddable":true,"href":"https:\/\/www.albyco.com\/fr\/wp-json\/wp\/v2\/comments?post=10033"}],"wp:featuredmedia":[{"embeddable":true,"href":"https:\/\/www.albyco.com\/fr\/wp-json\/wp\/v2\/media\/7794"}],"wp:attachment":[{"href":"https:\/\/www.albyco.com\/fr\/wp-json\/wp\/v2\/media?parent=10033"}],"wp:term":[{"taxonomy":"product_cat","embeddable":true,"href":"https:\/\/www.albyco.com\/fr\/wp-json\/wp\/v2\/product_cat?post=10033"},{"taxonomy":"product_tag","embeddable":true,"href":"https:\/\/www.albyco.com\/fr\/wp-json\/wp\/v2\/product_tag?post=10033"}],"curies":[{"name":"wp","href":"https:\/\/api.w.org\/{rel}","templated":true}]}}