{"id":35913,"date":"2022-01-27T16:04:56","date_gmt":"2022-01-27T15:04:56","guid":{"rendered":"https:\/\/www.albyco.com\/?page_id=35913"},"modified":"2024-06-24T10:48:24","modified_gmt":"2024-06-24T08:48:24","slug":"declaration-de-confidentialite","status":"publish","type":"page","link":"https:\/\/www.albyco.com\/fr\/declaration-de-confidentialite\/","title":{"rendered":"D\u00e9claration de confidentialit\u00e9"},"content":{"rendered":"[vc_row][vc_column]\n<div class=\"lom-title align-left \">\n\t<h1>\n\t\tD\u00e9claration de confidentialit\u00e9\t<\/h1>\n\t<\/div>[vc_column_text]<em>Cette d\u00e9claration de confidentialit\u00e9 a \u00e9t\u00e9 mise \u00e0 jour le 25 janvier 2022 et s&#8217;applique aux citoyens et aux r\u00e9sidents permanents de l&#8217;Espace \u00e9conomique europ\u00e9en.<\/em>\r\n\r\nDans la pr\u00e9sente d\u00e9claration de confidentialit\u00e9, nous expliquons ce que nous faisons des informations que nous obtenons \u00e0 votre sujet sur https:\/\/www.albyco.com. Nous vous encourageons \u00e0 lire attentivement cette d\u00e9claration. Dans notre traitement, nous nous conformons aux exigences de la l\u00e9gislation sur la protection de la vie priv\u00e9e. Cela signifie, entre autres, que :\r\n\r\n\u2022 Nous indiquons clairement les raisons pour lesquelles nous traitons les donn\u00e9es personnelles. Nous le faisons par le biais de la pr\u00e9sente d\u00e9claration de confidentialit\u00e9 ;\r\n\u2022 Nous nous effor\u00e7ons de limiter notre collecte de donn\u00e9es personnelles aux seules donn\u00e9es personnelles qui sont n\u00e9cessaires \u00e0 des fins l\u00e9gitimes ;\r\n\u2022 Nous vous demandons d&#8217;abord votre autorisation expresse pour traiter vos donn\u00e9es personnelles dans les cas o\u00f9 votre autorisation est requise ;\r\n\u2022 Nous prenons des mesures de s\u00e9curit\u00e9 appropri\u00e9es pour prot\u00e9ger vos donn\u00e9es personnelles et nous exigeons \u00e9galement cela des parties qui traitent les donn\u00e9es personnelles en notre nom ;\r\n\u2022 Nous respectons votre droit de fournir vos donn\u00e9es personnelles pour inspection, correction ou suppression \u00e0 votre demande.\r\n\u2022 Si vous avez des questions ou si vous souhaitez savoir exactement quelles donn\u00e9es nous d\u00e9tenons \u00e0 votre sujet, veuillez nous contacter.\r\n\r\n<strong>1. Objectif, donn\u00e9es et p\u00e9riode de conservation<\/strong>\r\n\r\nNous pouvons recevoir ou collecter des donn\u00e9es personnelles pour un certain nombre de raisons li\u00e9es \u00e0 notre activit\u00e9, notamment les suivantes :\r\n\r\n1.1 Contact &#8211; par t\u00e9l\u00e9phone, courrier, e-mail et\/ou formulaires web\r\n\r\n<em>\u00c0 cette fin, nous utilisons les donn\u00e9es personnelles suivantes :<\/em>\r\n\r\n<em>Adresse \u00e9lectronique<\/em>\r\n<em>Num\u00e9ro de t\u00e9l\u00e9phone<\/em>\r\n\r\nLa base sur laquelle nous pouvons traiter ces donn\u00e9es est la suivante :\r\n\r\n<a href=\"https:\/\/cookiedatabase.org\/legal-bases\/#agreement\" target=\"_blank\" rel=\"noopener noreferrer nofollow\">Elle est n\u00e9cessaire pour l&#8217;ex\u00e9cution d&#8217;un contrat ou pour des proc\u00e9dures pr\u00e9paratoires en rapport avec un contrat auquel la personne concern\u00e9e est partie. <\/a>\r\n\r\n<strong>P\u00e9riode de stockage\r\n<\/strong>Nous ne conservons ces donn\u00e9es que jusqu&#8217;\u00e0 ce que le service soit termin\u00e9.\r\n\r\n<strong>1.2 Paiements\r\n<\/strong>\r\n\r\n<em>\u00c0 cette fin, nous utilisons les donn\u00e9es personnelles suivantes :<\/em>\r\n\r\n<em>Nom, adresse et ville<\/em>\r\n<em>Adresse \u00e9lectronique<\/em>\r\n<em>Num\u00e9ro de t\u00e9l\u00e9phone<\/em>\r\n\r\nLa base sur laquelle nous pouvons traiter ces donn\u00e9es est la suivante :\r\n<a href=\"https:\/\/cookiedatabase.org\/legal-bases\/#agreement\" target=\"_blank\" rel=\"noopener noreferrer nofollow\">Elle est n\u00e9cessaire \u00e0 l&#8217;ex\u00e9cution d&#8217;un contrat ou \u00e0 des proc\u00e9dures pr\u00e9paratoires en rapport avec un contrat auquel la personne concern\u00e9e est partie.\u00a0<\/a>\r\n\r\n<strong>P\u00e9riode de stockage<\/strong>\r\nNous ne conservons ces donn\u00e9es que jusqu&#8217;\u00e0 ce que le service soit termin\u00e9.\r\n\r\n<strong>1.3 Enregistrement d&#8217;un compte\r\n<\/strong>\r\n\r\n<em>Nous utilisons les donn\u00e9es personnelles suivantes \u00e0 cette fin :<\/em>\r\n\r\n<em>Nom, adresse et ville<\/em>\r\n<em>Adresse \u00e9lectronique<\/em>\r\n<em>Num\u00e9ro de t\u00e9l\u00e9phone<\/em>\r\n\r\nLa base sur laquelle nous pouvons traiter ces donn\u00e9es est :\r\n<a href=\"https:\/\/cookiedatabase.org\/legal-bases\/#agreement\" target=\"_blank\" rel=\"noopener noreferrer nofollow\">Elle est n\u00e9cessaire pour l&#8217;ex\u00e9cution d&#8217;un contrat ou pour des proc\u00e9dures pr\u00e9paratoires en rapport avec un contrat auquel la personne concern\u00e9e est partie.<\/a>\r\n\r\n<strong>P\u00e9riode de stockage\r\n<\/strong>Nous ne conservons ces donn\u00e9es que jusqu&#8217;\u00e0 ce que le service soit termin\u00e9.\r\n\r\n<strong>1.4 Bulletins d&#8217;information\r\n<\/strong>\r\n\r\n<em>\u00c0 cette fin, nous utilisons les donn\u00e9es personnelles suivantes :<\/em>\r\n\r\n<em>Nom, adresse et ville<\/em>\r\n<em>Adresse \u00e9lectronique<\/em>\r\n\r\nLa base sur laquelle nous pouvons traiter ces donn\u00e9es est :\r\n<a href=\"https:\/\/cookiedatabase.org\/legal-bases\/#agreement\" target=\"_blank\" rel=\"noopener noreferrer nofollow\">Elle est n\u00e9cessaire \u00e0 l&#8217;ex\u00e9cution d&#8217;un contrat ou \u00e0 des proc\u00e9dures pr\u00e9paratoires en rapport avec un contrat auquel la personne concern\u00e9e est partie.<\/a>\r\n\r\n<strong>P\u00e9riode de stockage\r\n<\/strong>Nous ne conservons ces donn\u00e9es que jusqu&#8217;\u00e0 ce que le service soit termin\u00e9.\r\n\r\n<strong>1.5 Fournir un service pour des services ou des produits qu&#8217;un client a l&#8217;intention d&#8217;acheter ou a achet<\/strong>\r\n\r\n<em>\u00c0 cette fin, nous utilisons les donn\u00e9es personnelles suivantes :<\/em>\r\n\r\n<em>Nom, adresse et ville<\/em>\r\n<em>Adresse \u00e9lectronique<\/em>\r\n<em>Num\u00e9ro de t\u00e9l\u00e9phone<\/em>\r\n\r\nLa base sur laquelle nous pouvons traiter ces donn\u00e9es est :\r\n<a href=\"https:\/\/cookiedatabase.org\/legal-bases\/#agreement\" target=\"_blank\" rel=\"noopener noreferrer nofollow\">Elle est n\u00e9cessaire pour l&#8217;ex\u00e9cution d&#8217;un contrat ou pour des proc\u00e9dures pr\u00e9paratoires en rapport avec un contrat auquel la personne concern\u00e9e est partie.<\/a>\r\n\r\n<strong>P\u00e9riode de stockage\r\n<\/strong>Nous ne conservons ces donn\u00e9es que jusqu&#8217;\u00e0 ce que le service soit termin\u00e9.\r\n\r\n<strong>1.6 Afin de se conformer aux obligations l\u00e9gales\r\n<\/strong>\r\n\r\n<em>\u00c0 cette fin, nous utilisons les donn\u00e9es personnelles suivantes :<\/em>\r\n\r\n<em>Nom, adresse et ville<\/em>\r\n<em>Adresse \u00e9lectronique<\/em>\r\n<em>Num\u00e9ro de t\u00e9l\u00e9phone<\/em>\r\n\r\nLa base sur laquelle nous pouvons traiter ces donn\u00e9es est :\r\n<a href=\"https:\/\/cookiedatabase.org\/legal-bases\/#agreement\" target=\"_blank\" rel=\"noopener noreferrer nofollow\">Elle est n\u00e9cessaire pour l&#8217;ex\u00e9cution d&#8217;un contrat ou pour des proc\u00e9dures pr\u00e9paratoires en rapport avec un contrat auquel la personne concern\u00e9e est partie.<\/a>\r\n\r\n<strong>P\u00e9riode de stockage\r\n<\/strong>Nous ne conservons ces donn\u00e9es que jusqu&#8217;\u00e0 ce que le service soit termin\u00e9.\r\n\r\n<strong>1.7. Collecte et analyse de statistiques pour l&#8217;am\u00e9lioration du site web<\/strong>\r\n\r\n<em>\u00c0 cette fin, nous utilisons les donn\u00e9es personnelles suivantes :<\/em>\r\n\r\n<em>Adresse \u00e9lectronique<\/em>\r\n\r\nLa base sur laquelle nous pouvons traiter ces donn\u00e9es est :\r\n<a href=\"https:\/\/cookiedatabase.org\/legal-bases\/#consent\" target=\"_blank\" rel=\"noopener noreferrer nofollow\">Apr\u00e8s avoir accord\u00e9 le consentement.<\/a>\r\n\r\n<strong>P\u00e9riode de stockage\r\n<\/strong>Nous ne conservons ces donn\u00e9es que jusqu&#8217;\u00e0 ce que le service soit termin\u00e9.\r\n\r\n<strong>1.8 Livraisons\r\n<\/strong>\r\n\r\n<em>\u00c0 cette fin, nous utilisons les donn\u00e9es personnelles suivantes :<\/em>\r\n\r\n<em>Adresse \u00e9lectronique\r\n<\/em>\r\nLa base sur laquelle nous pouvons traiter ces donn\u00e9es est :\r\n<a href=\"https:\/\/cookiedatabase.org\/legal-bases\/#consent\" target=\"_blank\" rel=\"noopener noreferrer nofollow\">Apr\u00e8s avoir accord\u00e9 le consentement.<\/a><em>\r\n<\/em>\r\n\r\n<strong>P\u00e9riode de stockage\r\n<\/strong>Nous ne conservons ces donn\u00e9es que jusqu&#8217;\u00e0 ce que le service soit termin\u00e9.\r\n\r\n<strong>2. Partage avec d&#8217;autres parties<\/strong>\r\nNous partageons ou donnons ces donn\u00e9es \u00e0 des sous-traitants uniquement aux fins suivantes :\r\n\r\n<em>Processeurs<\/em>\r\n\r\n<strong>3. Cookies\r\n<\/strong>Notre site web utilise des cookies. Pour plus d&#8217;informations sur les cookies, veuillez consulter notre politique en mati\u00e8re de cookies. Nous avons conclu un accord de traitement avec Google.\r\n\r\n<strong>\r\n4. S\u00e9curit\u00e9\r\n<\/strong>La s\u00e9curit\u00e9 des donn\u00e9es personnelles est d&#8217;une grande importance pour nous. Nous prenons des mesures de s\u00e9curit\u00e9 appropri\u00e9es pour limiter l&#8217;utilisation abusive et l&#8217;acc\u00e8s non autoris\u00e9 aux donn\u00e9es personnelles. Par exemple, nous veillons \u00e0 ce que seules les personnes n\u00e9cessaires aient acc\u00e8s \u00e0 vos donn\u00e9es, que l&#8217;acc\u00e8s aux donn\u00e9es soit prot\u00e9g\u00e9 et que nos mesures de s\u00e9curit\u00e9 soient r\u00e9guli\u00e8rement v\u00e9rifi\u00e9es.<strong>\r\n<\/strong>\r\n\r\n<strong>5. Sites web de tiers<\/strong>\r\nLa pr\u00e9sente d\u00e9claration de confidentialit\u00e9 ne s&#8217;applique pas aux sites web de tiers auxquels renvoient les liens figurant sur ces sites web. Nous ne garantissons pas que ces sites web traiteront vos donn\u00e9es personnelles de mani\u00e8re fiable et s\u00fbre. Nous vous encourageons \u00e0 lire les d\u00e9clarations de confidentialit\u00e9 de ces sites web avant de les utiliser.\r\n\r\n<strong>6. Modifications de la pr\u00e9sente d\u00e9claration de confidentialit\u00e9<\/strong>\r\nNous nous r\u00e9servons le droit d&#8217;apporter des modifications \u00e0 cette d\u00e9claration de confidentialit\u00e9. Il est recommand\u00e9 de consulter r\u00e9guli\u00e8rement cette d\u00e9claration de confidentialit\u00e9, afin de prendre connaissance de ces changements. En outre, dans la mesure du possible, nous vous informerons activement.\r\n\r\n<strong>7. Acc\u00e9der et modifier vos donn\u00e9es<\/strong>\r\nSi vous avez des questions ou si vous souhaitez savoir quelles donn\u00e9es personnelles nous d\u00e9tenons \u00e0 votre sujet, veuillez nous contacter. Vous pouvez nous contacter en utilisant les coordonn\u00e9es ci-dessous. Vous avez les droits suivants :\r\n\r\n\u2022 Vous avez le droit de savoir pourquoi vos donn\u00e9es personnelles sont n\u00e9cessaires, ce qu&#8217;il en advient et combien de temps elles sont conserv\u00e9es.\r\n\u2022 Droit d&#8217;acc\u00e8s : Vous pouvez demander \u00e0 voir les donn\u00e9es que nous traitons \u00e0 votre sujet.\r\n\u2022 Droit de rectification et d&#8217;ajout : vous avez le droit de compl\u00e9ter, de corriger, de supprimer ou de bloquer vos donn\u00e9es personnelles quand vous le souhaitez.\r\n\u2022 Si vous nous donnez l&#8217;autorisation de traiter vos donn\u00e9es, vous avez le droit de retirer cette autorisation et de faire supprimer vos donn\u00e9es personnelles.\r\n\u2022 Droit \u00e0 la portabilit\u00e9 des donn\u00e9es : vous avez le droit de demander au responsable du traitement toutes vos donn\u00e9es personnelles et de les transf\u00e9rer dans leur int\u00e9gralit\u00e9 \u00e0 un autre responsable du traitement.\r\n\u2022 Droit d&#8217;opposition : vous pouvez vous opposer au traitement de vos donn\u00e9es.\r\n\r\nNous nous y conformerons, sauf s&#8217;il existe des motifs l\u00e9gitimes de traitement.\r\nVeillez \u00e0 toujours indiquer clairement qui vous \u00eates, afin que nous puissions \u00eatre s\u00fbrs de ne pas modifier ou supprimer des donn\u00e9es concernant la mauvaise personne.\r\n\r\n<strong>8. D\u00e9p\u00f4t d&#8217;une plainte<\/strong>\r\nSi vous n&#8217;\u00eates pas satisfait de la mani\u00e8re dont nous traitons (une plainte concernant) le traitement de vos donn\u00e9es personnelles, vous avez le droit de d\u00e9poser une plainte aupr\u00e8s de l&#8217;autorit\u00e9 charg\u00e9e des donn\u00e9es personnelles.\r\n\r\n<strong>9. Informations de contact<\/strong>\r\nAlbyco Nederland B.V.\r\nElschot 2\r\n4905 AZ Oosterhout\r\nPays-Bas\r\nSite web : https:\/\/www.albyco.com\r\nCourriel : s&#97;&#x6c;&#x65;&#x73;&#64;&#97;&#108;&#x62;&#x79;c&#111;&#46;&#x63;&#x6f;m\r\nNum\u00e9ro de t\u00e9l\u00e9phone : +31 (0)162-486 286[\/vc_column_text][vc_column_text][\/vc_column_text][\/vc_column][\/vc_row]","protected":false},"excerpt":{"rendered":"<p>[vc_row][vc_column][vc_column_text]Cette d\u00e9claration de confidentialit\u00e9 a \u00e9t\u00e9 mise \u00e0 jour le 25 janvier 2022 et s&#8217;applique aux citoyens et aux r\u00e9sidents permanents de l&#8217;Espace \u00e9conomique europ\u00e9en. Dans la pr\u00e9sente d\u00e9claration de confidentialit\u00e9, nous expliquons ce que nous faisons des informations que nous obtenons \u00e0 votre sujet sur https:\/\/www.albyco.com. Nous vous encourageons \u00e0 lire attentivement cette d\u00e9claration. [&hellip;]<\/p>\n","protected":false},"author":4,"featured_media":0,"parent":0,"menu_order":31,"comment_status":"closed","ping_status":"closed","template":"","meta":[],"yoast_head":"<!-- This site is optimized with the Yoast SEO plugin v18.6 - https:\/\/yoast.com\/wordpress\/plugins\/seo\/ -->\n<title>D\u00e9claration de confidentialit\u00e9 - Albyco<\/title>\n<meta name=\"description\" content=\"D\u00e9couvrez notre D\u00e9claration de confidentialit\u00e9 chez Albyco, d\u00e9taillant comment nous prot\u00e9geons et utilisons vos informations personnelles de mani\u00e8re s\u00e9curis\u00e9e et transparente.\" \/>\n<meta name=\"robots\" content=\"index, follow, max-snippet:-1, max-image-preview:large, max-video-preview:-1\" \/>\n<link rel=\"canonical\" href=\"https:\/\/www.albyco.com\/fr\/declaration-de-confidentialite\/\" \/>\n<meta property=\"og:locale\" content=\"fr_FR\" \/>\n<meta property=\"og:type\" content=\"article\" \/>\n<meta property=\"og:title\" content=\"D\u00e9claration de confidentialit\u00e9 - Albyco\" \/>\n<meta property=\"og:description\" content=\"D\u00e9couvrez notre D\u00e9claration de confidentialit\u00e9 chez Albyco, d\u00e9taillant comment nous prot\u00e9geons et utilisons vos informations personnelles de mani\u00e8re s\u00e9curis\u00e9e et transparente.\" \/>\n<meta property=\"og:url\" content=\"https:\/\/www.albyco.com\/fr\/declaration-de-confidentialite\/\" \/>\n<meta property=\"og:site_name\" content=\"Albyco\" \/>\n<meta property=\"article:modified_time\" content=\"2024-06-24T08:48:24+00:00\" \/>\n<meta name=\"twitter:card\" content=\"summary\" \/>\n<meta name=\"twitter:site\" content=\"@AlbycoNederland\" \/>\n<meta name=\"twitter:label1\" content=\"Dur\u00e9e de lecture estim\u00e9e\" \/>\n\t<meta name=\"twitter:data1\" content=\"6 minutes\" \/>\n<script type=\"application\/ld+json\" class=\"yoast-schema-graph\">{\"@context\":\"https:\/\/schema.org\",\"@graph\":[{\"@type\":\"Organization\",\"@id\":\"https:\/\/www.albyco.com\/#organization\",\"name\":\"Albyco Nederland B.V.\",\"url\":\"https:\/\/www.albyco.com\/\",\"sameAs\":[\"https:\/\/www.linkedin.com\/company\/18015670\/\",\"https:\/\/www.youtube.com\/user\/AlbycoNederland\",\"https:\/\/nl.pinterest.com\/albyco\",\"https:\/\/twitter.com\/AlbycoNederland\"],\"logo\":{\"@type\":\"ImageObject\",\"@id\":\"https:\/\/www.albyco.com\/#logo\",\"inLanguage\":\"fr-FR\",\"url\":\"https:\/\/www.albyco.com\/wp-content\/uploads\/2017\/07\/albyco_logo_hd.png\",\"contentUrl\":\"https:\/\/www.albyco.com\/wp-content\/uploads\/2017\/07\/albyco_logo_hd.png\",\"width\":300,\"height\":300,\"caption\":\"Albyco Nederland B.V.\"},\"image\":{\"@id\":\"https:\/\/www.albyco.com\/#logo\"}},{\"@type\":\"WebSite\",\"@id\":\"https:\/\/www.albyco.com\/#website\",\"url\":\"https:\/\/www.albyco.com\/\",\"name\":\"Albyco\",\"description\":\"Leverancier voor nabewerking van geprinte media\",\"publisher\":{\"@id\":\"https:\/\/www.albyco.com\/#organization\"},\"potentialAction\":[{\"@type\":\"SearchAction\",\"target\":{\"@type\":\"EntryPoint\",\"urlTemplate\":\"https:\/\/www.albyco.com\/?s={search_term_string}\"},\"query-input\":\"required name=search_term_string\"}],\"inLanguage\":\"fr-FR\"},{\"@type\":\"WebPage\",\"@id\":\"https:\/\/www.albyco.com\/fr\/declaration-de-confidentialite\/#webpage\",\"url\":\"https:\/\/www.albyco.com\/fr\/declaration-de-confidentialite\/\",\"name\":\"D\u00e9claration de confidentialit\u00e9 - Albyco\",\"isPartOf\":{\"@id\":\"https:\/\/www.albyco.com\/#website\"},\"datePublished\":\"2022-01-27T15:04:56+00:00\",\"dateModified\":\"2024-06-24T08:48:24+00:00\",\"description\":\"D\u00e9couvrez notre D\u00e9claration de confidentialit\u00e9 chez Albyco, d\u00e9taillant comment nous prot\u00e9geons et utilisons vos informations personnelles de mani\u00e8re s\u00e9curis\u00e9e et transparente.\",\"breadcrumb\":{\"@id\":\"https:\/\/www.albyco.com\/fr\/declaration-de-confidentialite\/#breadcrumb\"},\"inLanguage\":\"fr-FR\",\"potentialAction\":[{\"@type\":\"ReadAction\",\"target\":[\"https:\/\/www.albyco.com\/fr\/declaration-de-confidentialite\/\"]}]},{\"@type\":\"BreadcrumbList\",\"@id\":\"https:\/\/www.albyco.com\/fr\/declaration-de-confidentialite\/#breadcrumb\",\"itemListElement\":[{\"@type\":\"ListItem\",\"position\":1,\"name\":\"Home\",\"item\":\"https:\/\/www.albyco.com\/fr\/\"},{\"@type\":\"ListItem\",\"position\":2,\"name\":\"D\u00e9claration de confidentialit\u00e9\"}]}]}<\/script>\n<!-- \/ Yoast SEO plugin. -->","yoast_head_json":{"title":"D\u00e9claration de confidentialit\u00e9 - Albyco","description":"D\u00e9couvrez notre D\u00e9claration de confidentialit\u00e9 chez Albyco, d\u00e9taillant comment nous prot\u00e9geons et utilisons vos informations personnelles de mani\u00e8re s\u00e9curis\u00e9e et transparente.","robots":{"index":"index","follow":"follow","max-snippet":"max-snippet:-1","max-image-preview":"max-image-preview:large","max-video-preview":"max-video-preview:-1"},"canonical":"https:\/\/www.albyco.com\/fr\/declaration-de-confidentialite\/","og_locale":"fr_FR","og_type":"article","og_title":"D\u00e9claration de confidentialit\u00e9 - Albyco","og_description":"D\u00e9couvrez notre D\u00e9claration de confidentialit\u00e9 chez Albyco, d\u00e9taillant comment nous prot\u00e9geons et utilisons vos informations personnelles de mani\u00e8re s\u00e9curis\u00e9e et transparente.","og_url":"https:\/\/www.albyco.com\/fr\/declaration-de-confidentialite\/","og_site_name":"Albyco","article_modified_time":"2024-06-24T08:48:24+00:00","twitter_card":"summary","twitter_site":"@AlbycoNederland","twitter_misc":{"Dur\u00e9e de lecture estim\u00e9e":"6 minutes"},"schema":{"@context":"https:\/\/schema.org","@graph":[{"@type":"Organization","@id":"https:\/\/www.albyco.com\/#organization","name":"Albyco Nederland B.V.","url":"https:\/\/www.albyco.com\/","sameAs":["https:\/\/www.linkedin.com\/company\/18015670\/","https:\/\/www.youtube.com\/user\/AlbycoNederland","https:\/\/nl.pinterest.com\/albyco","https:\/\/twitter.com\/AlbycoNederland"],"logo":{"@type":"ImageObject","@id":"https:\/\/www.albyco.com\/#logo","inLanguage":"fr-FR","url":"https:\/\/www.albyco.com\/wp-content\/uploads\/2017\/07\/albyco_logo_hd.png","contentUrl":"https:\/\/www.albyco.com\/wp-content\/uploads\/2017\/07\/albyco_logo_hd.png","width":300,"height":300,"caption":"Albyco Nederland B.V."},"image":{"@id":"https:\/\/www.albyco.com\/#logo"}},{"@type":"WebSite","@id":"https:\/\/www.albyco.com\/#website","url":"https:\/\/www.albyco.com\/","name":"Albyco","description":"Leverancier voor nabewerking van geprinte media","publisher":{"@id":"https:\/\/www.albyco.com\/#organization"},"potentialAction":[{"@type":"SearchAction","target":{"@type":"EntryPoint","urlTemplate":"https:\/\/www.albyco.com\/?s={search_term_string}"},"query-input":"required name=search_term_string"}],"inLanguage":"fr-FR"},{"@type":"WebPage","@id":"https:\/\/www.albyco.com\/fr\/declaration-de-confidentialite\/#webpage","url":"https:\/\/www.albyco.com\/fr\/declaration-de-confidentialite\/","name":"D\u00e9claration de confidentialit\u00e9 - Albyco","isPartOf":{"@id":"https:\/\/www.albyco.com\/#website"},"datePublished":"2022-01-27T15:04:56+00:00","dateModified":"2024-06-24T08:48:24+00:00","description":"D\u00e9couvrez notre D\u00e9claration de confidentialit\u00e9 chez Albyco, d\u00e9taillant comment nous prot\u00e9geons et utilisons vos informations personnelles de mani\u00e8re s\u00e9curis\u00e9e et transparente.","breadcrumb":{"@id":"https:\/\/www.albyco.com\/fr\/declaration-de-confidentialite\/#breadcrumb"},"inLanguage":"fr-FR","potentialAction":[{"@type":"ReadAction","target":["https:\/\/www.albyco.com\/fr\/declaration-de-confidentialite\/"]}]},{"@type":"BreadcrumbList","@id":"https:\/\/www.albyco.com\/fr\/declaration-de-confidentialite\/#breadcrumb","itemListElement":[{"@type":"ListItem","position":1,"name":"Home","item":"https:\/\/www.albyco.com\/fr\/"},{"@type":"ListItem","position":2,"name":"D\u00e9claration de confidentialit\u00e9"}]}]}},"_links":{"self":[{"href":"https:\/\/www.albyco.com\/fr\/wp-json\/wp\/v2\/pages\/35913"}],"collection":[{"href":"https:\/\/www.albyco.com\/fr\/wp-json\/wp\/v2\/pages"}],"about":[{"href":"https:\/\/www.albyco.com\/fr\/wp-json\/wp\/v2\/types\/page"}],"author":[{"embeddable":true,"href":"https:\/\/www.albyco.com\/fr\/wp-json\/wp\/v2\/users\/4"}],"replies":[{"embeddable":true,"href":"https:\/\/www.albyco.com\/fr\/wp-json\/wp\/v2\/comments?post=35913"}],"version-history":[{"count":3,"href":"https:\/\/www.albyco.com\/fr\/wp-json\/wp\/v2\/pages\/35913\/revisions"}],"predecessor-version":[{"id":40002,"href":"https:\/\/www.albyco.com\/fr\/wp-json\/wp\/v2\/pages\/35913\/revisions\/40002"}],"wp:attachment":[{"href":"https:\/\/www.albyco.com\/fr\/wp-json\/wp\/v2\/media?parent=35913"}],"curies":[{"name":"wp","href":"https:\/\/api.w.org\/{rel}","templated":true}]}}