{"id":11826,"date":"2018-05-17T12:41:48","date_gmt":"2018-05-17T10:41:48","guid":{"rendered":"https:\/\/www.albyco.com\/?page_id=11826"},"modified":"2018-10-23T13:56:25","modified_gmt":"2018-10-23T11:56:25","slug":"politique-de-confidentialite","status":"publish","type":"page","link":"https:\/\/www.albyco.com\/fr\/politique-de-confidentialite\/","title":{"rendered":"Politique de confidentialit\u00e9"},"content":{"rendered":"[vc_row][vc_column][vc_column_text]<strong>Albyco Nederland BV, ci-apr\u00e8s d\u00e9nomm\u00e9 Albyco, met tout en \u0153uvre pour garantir la s\u00e9curit\u00e9 de votre vie priv\u00e9e et de vos donn\u00e9es.<\/strong>\r\n\r\nVous pouvez visiter la plupart des pages de notre site sans avoir \u00e0 saisir de donn\u00e9es personnelles. Certaines pages n\u00e9cessitent n\u00e9anmoins des informations. Cette d\u00e9claration explique comment Albyco traite ces donn\u00e9es et \u00e0 quoi elles servent. Cette d\u00e9claration de confidentialit\u00e9 s&#8217;applique \u00e0 tous les sites web d&#8217;Albyco.\r\n\r\nPour cette raison, lisez l&#8217;int\u00e9gralit\u00e9 de la d\u00e9claration d&#8217;Albyco :\r\n\r\n<strong>Collecte de donn\u00e9es personnelles<\/strong>\r\n\r\nDans certaines parties du site web, il vous sera demand\u00e9 de saisir des informations personnelles. Ces donn\u00e9es peuvent servir, par exemple, \u00e0 vous inscrire pour un produit ou \u00e0 vous abonner \u00e0 la newsletter. Habituellement, seule une adresse e-mail est n\u00e9cessaire, mais parfois nous avons besoin de plus d&#8217;informations.\r\n\r\nAlbyco recueille \u00e9galement des informations sur les pages que vous visitez sur notre site. Ces informations ne sont pas li\u00e9es \u00e0 des donn\u00e9es personnelles.\r\n\r\n<strong>Utilisation des donn\u00e9es personnelles<\/strong>\r\n\r\nLes \u00e9ventuelles donn\u00e9es personnelles que vous saisissez sont utilis\u00e9es aux fins suivantes :\r\n* Pour s&#8217;assurer qu&#8217;Albyco puisse traiter correctement les commandes\r\n* Pour vous permettre de r\u00e9agir aux produits\r\n* Pour que vous puissiez vous tenir au courant des derni\u00e8res nouveaut\u00e9s de ce site web\r\n\r\nLes donn\u00e9es sur les visites de ce site sont fusionn\u00e9es avec des donn\u00e9es d\u00e9mographiques anonymes \u00e0 des fins de recherche. De plus, ces informations peuvent \u00eatre utilis\u00e9es pour mieux adapter le site \u00e0 vos besoins. Dans certaines parties d&#8217;un site Albyco &#8211; si vous l&#8217;acceptez &#8211; les donn\u00e9es relatives aux visites sur ce site seront combin\u00e9es avec vos informations personnelles pour nous permettre de vous proposer un contenu adapt\u00e9 \u00e0 vos besoins.\r\n\r\nDans certains cas, Albyco transmettra vos donn\u00e9es personnelles \u00e0 des tiers si la loi l&#8217;exige ou si Albyco croit en toute bonne foi que cela est n\u00e9cessaire pour :\r\n(a) Satisfaire aux r\u00e9glementations l\u00e9gales ou aux proc\u00e9dures juridiques concernant Albyco ou le site web ;\r\n(b) Prot\u00e9ger les droits et les propri\u00e9t\u00e9s d&#8217;Albyco et d&#8217;\u00e9ventuels sites web connexes ;\r\n(c) \u00catre en mesure de r\u00e9agir en cas d&#8217;urgence relative \u00e0 la protection de la s\u00e9curit\u00e9 personnelle des employ\u00e9s d&#8217;Albyco, des utilisateurs des produits et services d&#8217;Albyco et d&#8217;autres personnes.\r\n(d) Traiter correctement votre commande en collaboration avec, par exemple, un importateur\/distributeur.\r\n\r\n<strong>Gestion de vos donn\u00e9es personnelles<\/strong>\r\n\r\nSi vous vous inscrivez ou si vous fournissez de quelque mani\u00e8re que ce soit vos informations personnelles \u00e0 Albyco, Albyco ne partagera pas ces donn\u00e9es avec des tiers sans votre permission, \u00e0 l&#8217;exception des exceptions limit\u00e9es mentionn\u00e9es pr\u00e9c\u00e9demment. Vos donn\u00e9es ne seront utilis\u00e9es qu&#8217;aux fins susmentionn\u00e9es.<strong>\u00a0<\/strong>\r\n\r\n<strong>Utilisation des cookies<\/strong>\r\n\r\nLes cookies sont de petits fichiers texte simples que votre ordinateur ou appareil mobile stocke lorsque vous utilisez notre site web.\r\n\r\nSur notre site, nous utilisons diff\u00e9rents types de cookies, \u00e0 savoir :\r\n<ul>\r\n \t<li>Cookies fonctionnels<\/li>\r\n \t<li>Cookies analytiques<\/li>\r\n \t<li>Cookies publicitaires<\/li>\r\n<\/ul>\r\nLes cookies fonctionnels garantissent que www.albyco.com fonctionne de mani\u00e8re optimale. Conform\u00e9ment \u00e0 la loi sur les cookies, aucune autorisation n&#8217;est requise pour cette cat\u00e9gorie de cookies.\r\n\r\n<strong>Cookies analytiques<\/strong>\r\nNous utilisons le programme de statistiques Google Analytics. Gr\u00e2ec \u00e0 ce programme, nous mesurons le temps que les utilisateurs passent sur notre site web et quelles pages sont visit\u00e9es. Sur la base de ces donn\u00e9es, nous pouvons optimiser le site et le rendre plus convivial. Ces donn\u00e9es sont trait\u00e9es anonymement. Google peut fournir ces informations \u00e0 des tiers si Google est l\u00e9galement tenu de le faire ou si des tiers traitent ces informations pour le compte de Google. Nous n&#8217;avons aucune influence sur cela.\r\n\r\n<strong>Cookies publicitaires<\/strong>\r\nAvec votre consentement, nos annonceurs placent des cookies de suivi sur votre appareil. Les cookies publicitaires permettent de proposer des publicit\u00e9s personnalis\u00e9es.[\/vc_column_text][\/vc_column][\/vc_row]","protected":false},"excerpt":{"rendered":"<p>[vc_row][vc_column][vc_column_text]Albyco Nederland BV, ci-apr\u00e8s d\u00e9nomm\u00e9 Albyco, met tout en \u0153uvre pour garantir la s\u00e9curit\u00e9 de votre vie priv\u00e9e et de vos donn\u00e9es. Vous pouvez visiter la plupart des pages de notre site sans avoir \u00e0 saisir de donn\u00e9es personnelles. Certaines pages n\u00e9cessitent n\u00e9anmoins des informations. Cette d\u00e9claration explique comment Albyco traite ces donn\u00e9es et \u00e0 [&hellip;]<\/p>\n","protected":false},"author":4,"featured_media":0,"parent":0,"menu_order":60,"comment_status":"closed","ping_status":"closed","template":"","meta":[],"yoast_head":"<!-- This site is optimized with the Yoast SEO plugin v18.6 - https:\/\/yoast.com\/wordpress\/plugins\/seo\/ -->\n<title>Politique de confidentialit\u00e9<\/title>\n<meta name=\"description\" content=\"Albyco Nederland BV, ci-apr\u00e8s d\u00e9nomm\u00e9 Albyco, met tout en \u0153uvre pour garantir la s\u00e9curit\u00e9 de votre vie priv\u00e9e et de vos donn\u00e9es.\" \/>\n<meta name=\"robots\" content=\"index, follow, max-snippet:-1, max-image-preview:large, max-video-preview:-1\" \/>\n<link rel=\"canonical\" href=\"https:\/\/www.albyco.com\/fr\/politique-de-confidentialite\/\" \/>\n<meta property=\"og:locale\" content=\"fr_FR\" \/>\n<meta property=\"og:type\" content=\"article\" \/>\n<meta property=\"og:title\" content=\"Politique de confidentialit\u00e9\" \/>\n<meta property=\"og:description\" content=\"Albyco Nederland BV, ci-apr\u00e8s d\u00e9nomm\u00e9 Albyco, met tout en \u0153uvre pour garantir la s\u00e9curit\u00e9 de votre vie priv\u00e9e et de vos donn\u00e9es.\" \/>\n<meta property=\"og:url\" content=\"https:\/\/www.albyco.com\/fr\/politique-de-confidentialite\/\" \/>\n<meta property=\"og:site_name\" content=\"Albyco\" \/>\n<meta property=\"article:modified_time\" content=\"2018-10-23T11:56:25+00:00\" \/>\n<meta name=\"twitter:card\" content=\"summary\" \/>\n<meta name=\"twitter:site\" content=\"@AlbycoNederland\" \/>\n<meta name=\"twitter:label1\" content=\"Dur\u00e9e de lecture estim\u00e9e\" \/>\n\t<meta name=\"twitter:data1\" content=\"3 minutes\" \/>\n<script type=\"application\/ld+json\" class=\"yoast-schema-graph\">{\"@context\":\"https:\/\/schema.org\",\"@graph\":[{\"@type\":\"Organization\",\"@id\":\"https:\/\/www.albyco.com\/#organization\",\"name\":\"Albyco Nederland B.V.\",\"url\":\"https:\/\/www.albyco.com\/\",\"sameAs\":[\"https:\/\/www.linkedin.com\/company\/18015670\/\",\"https:\/\/www.youtube.com\/user\/AlbycoNederland\",\"https:\/\/nl.pinterest.com\/albyco\",\"https:\/\/twitter.com\/AlbycoNederland\"],\"logo\":{\"@type\":\"ImageObject\",\"@id\":\"https:\/\/www.albyco.com\/#logo\",\"inLanguage\":\"fr-FR\",\"url\":\"https:\/\/www.albyco.com\/wp-content\/uploads\/2017\/07\/albyco_logo_hd.png\",\"contentUrl\":\"https:\/\/www.albyco.com\/wp-content\/uploads\/2017\/07\/albyco_logo_hd.png\",\"width\":300,\"height\":300,\"caption\":\"Albyco Nederland B.V.\"},\"image\":{\"@id\":\"https:\/\/www.albyco.com\/#logo\"}},{\"@type\":\"WebSite\",\"@id\":\"https:\/\/www.albyco.com\/#website\",\"url\":\"https:\/\/www.albyco.com\/\",\"name\":\"Albyco\",\"description\":\"Leverancier voor nabewerking van geprinte media\",\"publisher\":{\"@id\":\"https:\/\/www.albyco.com\/#organization\"},\"potentialAction\":[{\"@type\":\"SearchAction\",\"target\":{\"@type\":\"EntryPoint\",\"urlTemplate\":\"https:\/\/www.albyco.com\/?s={search_term_string}\"},\"query-input\":\"required name=search_term_string\"}],\"inLanguage\":\"fr-FR\"},{\"@type\":\"WebPage\",\"@id\":\"https:\/\/www.albyco.com\/fr\/politique-de-confidentialite\/#webpage\",\"url\":\"https:\/\/www.albyco.com\/fr\/politique-de-confidentialite\/\",\"name\":\"Politique de confidentialit\u00e9\",\"isPartOf\":{\"@id\":\"https:\/\/www.albyco.com\/#website\"},\"datePublished\":\"2018-05-17T10:41:48+00:00\",\"dateModified\":\"2018-10-23T11:56:25+00:00\",\"description\":\"Albyco Nederland BV, ci-apr\u00e8s d\u00e9nomm\u00e9 Albyco, met tout en \u0153uvre pour garantir la s\u00e9curit\u00e9 de votre vie priv\u00e9e et de vos donn\u00e9es.\",\"breadcrumb\":{\"@id\":\"https:\/\/www.albyco.com\/fr\/politique-de-confidentialite\/#breadcrumb\"},\"inLanguage\":\"fr-FR\",\"potentialAction\":[{\"@type\":\"ReadAction\",\"target\":[\"https:\/\/www.albyco.com\/fr\/politique-de-confidentialite\/\"]}]},{\"@type\":\"BreadcrumbList\",\"@id\":\"https:\/\/www.albyco.com\/fr\/politique-de-confidentialite\/#breadcrumb\",\"itemListElement\":[{\"@type\":\"ListItem\",\"position\":1,\"name\":\"Home\",\"item\":\"https:\/\/www.albyco.com\/fr\/\"},{\"@type\":\"ListItem\",\"position\":2,\"name\":\"Politique de confidentialit\u00e9\"}]}]}<\/script>\n<!-- \/ Yoast SEO plugin. -->","yoast_head_json":{"title":"Politique de confidentialit\u00e9","description":"Albyco Nederland BV, ci-apr\u00e8s d\u00e9nomm\u00e9 Albyco, met tout en \u0153uvre pour garantir la s\u00e9curit\u00e9 de votre vie priv\u00e9e et de vos donn\u00e9es.","robots":{"index":"index","follow":"follow","max-snippet":"max-snippet:-1","max-image-preview":"max-image-preview:large","max-video-preview":"max-video-preview:-1"},"canonical":"https:\/\/www.albyco.com\/fr\/politique-de-confidentialite\/","og_locale":"fr_FR","og_type":"article","og_title":"Politique de confidentialit\u00e9","og_description":"Albyco Nederland BV, ci-apr\u00e8s d\u00e9nomm\u00e9 Albyco, met tout en \u0153uvre pour garantir la s\u00e9curit\u00e9 de votre vie priv\u00e9e et de vos donn\u00e9es.","og_url":"https:\/\/www.albyco.com\/fr\/politique-de-confidentialite\/","og_site_name":"Albyco","article_modified_time":"2018-10-23T11:56:25+00:00","twitter_card":"summary","twitter_site":"@AlbycoNederland","twitter_misc":{"Dur\u00e9e de lecture estim\u00e9e":"3 minutes"},"schema":{"@context":"https:\/\/schema.org","@graph":[{"@type":"Organization","@id":"https:\/\/www.albyco.com\/#organization","name":"Albyco Nederland B.V.","url":"https:\/\/www.albyco.com\/","sameAs":["https:\/\/www.linkedin.com\/company\/18015670\/","https:\/\/www.youtube.com\/user\/AlbycoNederland","https:\/\/nl.pinterest.com\/albyco","https:\/\/twitter.com\/AlbycoNederland"],"logo":{"@type":"ImageObject","@id":"https:\/\/www.albyco.com\/#logo","inLanguage":"fr-FR","url":"https:\/\/www.albyco.com\/wp-content\/uploads\/2017\/07\/albyco_logo_hd.png","contentUrl":"https:\/\/www.albyco.com\/wp-content\/uploads\/2017\/07\/albyco_logo_hd.png","width":300,"height":300,"caption":"Albyco Nederland B.V."},"image":{"@id":"https:\/\/www.albyco.com\/#logo"}},{"@type":"WebSite","@id":"https:\/\/www.albyco.com\/#website","url":"https:\/\/www.albyco.com\/","name":"Albyco","description":"Leverancier voor nabewerking van geprinte media","publisher":{"@id":"https:\/\/www.albyco.com\/#organization"},"potentialAction":[{"@type":"SearchAction","target":{"@type":"EntryPoint","urlTemplate":"https:\/\/www.albyco.com\/?s={search_term_string}"},"query-input":"required name=search_term_string"}],"inLanguage":"fr-FR"},{"@type":"WebPage","@id":"https:\/\/www.albyco.com\/fr\/politique-de-confidentialite\/#webpage","url":"https:\/\/www.albyco.com\/fr\/politique-de-confidentialite\/","name":"Politique de confidentialit\u00e9","isPartOf":{"@id":"https:\/\/www.albyco.com\/#website"},"datePublished":"2018-05-17T10:41:48+00:00","dateModified":"2018-10-23T11:56:25+00:00","description":"Albyco Nederland BV, ci-apr\u00e8s d\u00e9nomm\u00e9 Albyco, met tout en \u0153uvre pour garantir la s\u00e9curit\u00e9 de votre vie priv\u00e9e et de vos donn\u00e9es.","breadcrumb":{"@id":"https:\/\/www.albyco.com\/fr\/politique-de-confidentialite\/#breadcrumb"},"inLanguage":"fr-FR","potentialAction":[{"@type":"ReadAction","target":["https:\/\/www.albyco.com\/fr\/politique-de-confidentialite\/"]}]},{"@type":"BreadcrumbList","@id":"https:\/\/www.albyco.com\/fr\/politique-de-confidentialite\/#breadcrumb","itemListElement":[{"@type":"ListItem","position":1,"name":"Home","item":"https:\/\/www.albyco.com\/fr\/"},{"@type":"ListItem","position":2,"name":"Politique de confidentialit\u00e9"}]}]}},"_links":{"self":[{"href":"https:\/\/www.albyco.com\/fr\/wp-json\/wp\/v2\/pages\/11826"}],"collection":[{"href":"https:\/\/www.albyco.com\/fr\/wp-json\/wp\/v2\/pages"}],"about":[{"href":"https:\/\/www.albyco.com\/fr\/wp-json\/wp\/v2\/types\/page"}],"author":[{"embeddable":true,"href":"https:\/\/www.albyco.com\/fr\/wp-json\/wp\/v2\/users\/4"}],"replies":[{"embeddable":true,"href":"https:\/\/www.albyco.com\/fr\/wp-json\/wp\/v2\/comments?post=11826"}],"version-history":[{"count":3,"href":"https:\/\/www.albyco.com\/fr\/wp-json\/wp\/v2\/pages\/11826\/revisions"}],"predecessor-version":[{"id":18620,"href":"https:\/\/www.albyco.com\/fr\/wp-json\/wp\/v2\/pages\/11826\/revisions\/18620"}],"wp:attachment":[{"href":"https:\/\/www.albyco.com\/fr\/wp-json\/wp\/v2\/media?parent=11826"}],"curies":[{"name":"wp","href":"https:\/\/api.w.org\/{rel}","templated":true}]}}